{"id":5248,"date":"2021-06-09T07:55:15","date_gmt":"2021-06-09T07:55:15","guid":{"rendered":"https:\/\/dibenedettoproductions.com\/?page_id=5248"},"modified":"2021-08-05T14:56:55","modified_gmt":"2021-08-05T14:56:55","slug":"ambiente","status":"publish","type":"page","link":"https:\/\/dibenedettoproductions.com\/?page_id=5248","title":{"rendered":"Ambiente"},"content":{"rendered":"\t\t<div data-elementor-type=\"wp-page\" data-elementor-id=\"5248\" class=\"elementor elementor-5248\" data-elementor-settings=\"[]\">\n\t\t\t\t\t\t<div class=\"elementor-inner\">\n\t\t\t\t\t\t\t<div class=\"elementor-section-wrap\">\n\t\t\t\t\t\t\t<section class=\"elementor-section elementor-top-section elementor-element elementor-element-5e7e741 elementor-section-stretched elementor-section-boxed elementor-section-height-default elementor-section-height-default\" data-id=\"5e7e741\" data-element_type=\"section\" data-settings=\"{&quot;stretch_section&quot;:&quot;section-stretched&quot;,&quot;background_background&quot;:&quot;classic&quot;}\">\n\t\t\t\t\t\t<div class=\"elementor-container elementor-column-gap-default\">\n\t\t\t\t\t\t\t<div class=\"elementor-row\">\n\t\t\t\t\t<div class=\"elementor-column elementor-col-25 elementor-top-column elementor-element elementor-element-90c8004\" data-id=\"90c8004\" data-element_type=\"column\">\n\t\t\t<div class=\"elementor-column-wrap elementor-element-populated\">\n\t\t\t\t\t\t\t<div class=\"elementor-widget-wrap\">\n\t\t\t\t\t\t<div class=\"elementor-element elementor-element-316df1f elementor-align-center elementor-widget elementor-widget-button\" data-id=\"316df1f\" data-element_type=\"widget\" data-widget_type=\"button.default\">\n\t\t\t\t<div class=\"elementor-widget-container\">\n\t\t\t\t\t<div class=\"elementor-button-wrapper\">\n\t\t\t<a href=\"https:\/\/spoti.fi\/2ToI87r%20\" class=\"elementor-button-link elementor-button elementor-size-sm\" role=\"button\">\n\t\t\t\t\t\t<span class=\"elementor-button-content-wrapper\">\n\t\t\t\t\t\t<span class=\"elementor-button-text\">SPOTIFY<\/span>\n\t\t<\/span>\n\t\t\t\t\t<\/a>\n\t\t<\/div>\n\t\t\t\t<\/div>\n\t\t\t\t<\/div>\n\t\t\t\t\t\t<\/div>\n\t\t\t\t\t<\/div>\n\t\t<\/div>\n\t\t\t\t<div class=\"elementor-column elementor-col-25 elementor-top-column elementor-element elementor-element-8c91d25\" data-id=\"8c91d25\" data-element_type=\"column\">\n\t\t\t<div class=\"elementor-column-wrap elementor-element-populated\">\n\t\t\t\t\t\t\t<div class=\"elementor-widget-wrap\">\n\t\t\t\t\t\t<div class=\"elementor-element elementor-element-cca0c8e elementor-align-center elementor-widget elementor-widget-button\" data-id=\"cca0c8e\" data-element_type=\"widget\" data-widget_type=\"button.default\">\n\t\t\t\t<div class=\"elementor-widget-container\">\n\t\t\t\t\t<div class=\"elementor-button-wrapper\">\n\t\t\t<a href=\"https:\/\/apple.co\/3ySB9Eb%20\" class=\"elementor-button-link elementor-button elementor-size-sm\" role=\"button\">\n\t\t\t\t\t\t<span class=\"elementor-button-content-wrapper\">\n\t\t\t\t\t\t<span class=\"elementor-button-text\">APPLE MUSIC<\/span>\n\t\t<\/span>\n\t\t\t\t\t<\/a>\n\t\t<\/div>\n\t\t\t\t<\/div>\n\t\t\t\t<\/div>\n\t\t\t\t\t\t<\/div>\n\t\t\t\t\t<\/div>\n\t\t<\/div>\n\t\t\t\t<div class=\"elementor-column elementor-col-25 elementor-top-column elementor-element elementor-element-b94581f\" data-id=\"b94581f\" data-element_type=\"column\">\n\t\t\t<div class=\"elementor-column-wrap elementor-element-populated\">\n\t\t\t\t\t\t\t<div class=\"elementor-widget-wrap\">\n\t\t\t\t\t\t<div class=\"elementor-element elementor-element-667c7e2 elementor-align-center elementor-widget elementor-widget-button\" data-id=\"667c7e2\" data-element_type=\"widget\" data-widget_type=\"button.default\">\n\t\t\t\t<div class=\"elementor-widget-container\">\n\t\t\t\t\t<div class=\"elementor-button-wrapper\">\n\t\t\t<a href=\"https:\/\/bit.ly\/2RPrIo0%20\" class=\"elementor-button-link elementor-button elementor-size-sm\" role=\"button\">\n\t\t\t\t\t\t<span class=\"elementor-button-content-wrapper\">\n\t\t\t\t\t\t<span class=\"elementor-button-text\">DEEZER<\/span>\n\t\t<\/span>\n\t\t\t\t\t<\/a>\n\t\t<\/div>\n\t\t\t\t<\/div>\n\t\t\t\t<\/div>\n\t\t\t\t\t\t<\/div>\n\t\t\t\t\t<\/div>\n\t\t<\/div>\n\t\t\t\t<div class=\"elementor-column elementor-col-25 elementor-top-column elementor-element elementor-element-41847d3\" data-id=\"41847d3\" data-element_type=\"column\">\n\t\t\t<div class=\"elementor-column-wrap elementor-element-populated\">\n\t\t\t\t\t\t\t<div class=\"elementor-widget-wrap\">\n\t\t\t\t\t\t<div class=\"elementor-element elementor-element-0815c25 elementor-align-center elementor-widget elementor-widget-button\" data-id=\"0815c25\" data-element_type=\"widget\" data-widget_type=\"button.default\">\n\t\t\t\t<div class=\"elementor-widget-container\">\n\t\t\t\t\t<div class=\"elementor-button-wrapper\">\n\t\t\t<a href=\"https:\/\/amzn.to\/3vzpPKU%20\" class=\"elementor-button-link elementor-button elementor-size-sm\" role=\"button\">\n\t\t\t\t\t\t<span class=\"elementor-button-content-wrapper\">\n\t\t\t\t\t\t<span class=\"elementor-button-text\">AMAZON MUSIC<\/span>\n\t\t<\/span>\n\t\t\t\t\t<\/a>\n\t\t<\/div>\n\t\t\t\t<\/div>\n\t\t\t\t<\/div>\n\t\t\t\t\t\t<\/div>\n\t\t\t\t\t<\/div>\n\t\t<\/div>\n\t\t\t\t\t\t\t\t<\/div>\n\t\t\t\t\t<\/div>\n\t\t<\/section>\n\t\t\t\t<section class=\"elementor-section elementor-top-section elementor-element elementor-element-b0b9fdd elementor-section-stretched elementor-section-boxed elementor-section-height-default elementor-section-height-default\" data-id=\"b0b9fdd\" data-element_type=\"section\" data-settings=\"{&quot;stretch_section&quot;:&quot;section-stretched&quot;,&quot;background_background&quot;:&quot;classic&quot;}\">\n\t\t\t\t\t\t<div class=\"elementor-container elementor-column-gap-default\">\n\t\t\t\t\t\t\t<div class=\"elementor-row\">\n\t\t\t\t\t<div class=\"elementor-column elementor-col-100 elementor-top-column elementor-element elementor-element-edc5c01\" data-id=\"edc5c01\" data-element_type=\"column\">\n\t\t\t<div class=\"elementor-column-wrap elementor-element-populated\">\n\t\t\t\t\t\t\t<div class=\"elementor-widget-wrap\">\n\t\t\t\t\t\t<div class=\"elementor-element elementor-element-3269e6d elementor-widget elementor-widget-text-editor\" data-id=\"3269e6d\" data-element_type=\"widget\" data-widget_type=\"text-editor.default\">\n\t\t\t\t<div class=\"elementor-widget-container\">\n\t\t\t\t\t\t\t\t<div class=\"elementor-text-editor elementor-clearfix\">\n\t\t\t\t<div><p style=\"text-align: center;\"><span style=\"color: #ffffff;\">En los ojos se te ve<\/span><\/p><p style=\"text-align: center;\"><span style=\"color: #ffffff;\">Las ganas de perrear<\/span><\/p><p style=\"text-align: center;\"><span style=\"color: #ffffff;\">Y que te peguen pa la pared<\/span><\/p><p style=\"text-align: center;\"><span style=\"color: #ffffff;\">No te limites su\u00e9ltate<\/span><\/p><p style=\"text-align: center;\"><span style=\"color: #ffffff;\">Demu\u00e9stralo todo Fl\u00f8w los domi<\/span><\/p><p style=\"text-align: center;\"><span style=\"color: #ffffff;\">Que lo que fue<\/span><\/p><p style=\"text-align: center;\"><span style=\"color: #ffffff;\">Vamos metele<\/span><\/p><p style=\"text-align: center;\">\u00a0<\/p><p style=\"text-align: center;\"><span style=\"color: #ffffff;\">El booty grande bien pegado pa la pared<\/span><\/p><p style=\"text-align: center;\"><span style=\"color: #ffffff;\">Y no le pare y vamos m\u00e9tele<\/span><\/p><p style=\"text-align: center;\"><span style=\"color: #ffffff;\">Dale mami vamo M\u00e9tele<\/span><\/p><p style=\"text-align: center;\">\u00a0<\/p><p style=\"text-align: center;\"><span style=\"color: #ffffff;\">El perreo hasta el suelo suave lento, el movimiento<\/span><\/p><p style=\"text-align: center;\"><span style=\"color: #ffffff;\">Un botty grande haciendo twerk<\/span><\/p><p style=\"text-align: center;\"><span style=\"color: #ffffff;\">Mucho conocimiento<\/span><\/p><p style=\"text-align: center;\"><span style=\"color: #ffffff;\">MALDAD en piel<\/span><\/p><p style=\"text-align: center;\"><span style=\"color: #ffffff;\">Y pelo negro<\/span><\/p><p style=\"text-align: center;\"><span style=\"color: #ffffff;\">Pa q no haya invento<\/span><\/p><p style=\"text-align: center;\"><span style=\"color: #ffffff;\">Meneo rico y sensual<\/span><\/p><p style=\"text-align: center;\"><span style=\"color: #ffffff;\">Si la ves no podr\u00e1s parar<\/span><\/p><p style=\"text-align: center;\"><span style=\"color: #ffffff;\">Dopada de la mente y no lleva Aderall no<\/span><\/p><p style=\"text-align: center;\"><span style=\"color: #ffffff;\">The bitch is crazy<\/span><\/p><p style=\"text-align: center;\"><span style=\"color: #ffffff;\">Always unfriendly<\/span><\/p><p style=\"text-align: center;\"><span style=\"color: #ffffff;\">Ni con un banco t\u00fa la logras cautivar<\/span><\/p><p style=\"text-align: center;\"><span style=\"color: #ffffff;\">Flow Nastya Nass anda rompiendo<\/span><\/p><p style=\"text-align: center;\"><span style=\"color: #ffffff;\">La discoteca ya cerrada todos sonriendo<\/span><\/p><p style=\"text-align: center;\"><span style=\"color: #ffffff;\">Bien relajada en las noches<\/span><\/p><p style=\"text-align: center;\"><span style=\"color: #ffffff;\">Las nalgas bien paradas<\/span><\/p><p style=\"text-align: center;\"><span style=\"color: #ffffff;\">Ella sigue batiendo<\/span><\/p><p style=\"text-align: center;\">\u00a0<\/p><p style=\"text-align: center;\"><span style=\"color: #ffffff;\">Dachay dile a Vittorio que las traiga pa ver si ellas saben perrear de verdad<\/span><\/p><p style=\"text-align: center;\">\u00a0<\/p><p style=\"text-align: center;\"><span style=\"color: #ffffff;\">P\u00e9gate p\u00e9gate p\u00e9gate p\u00e9gate mami<\/span><\/p><p style=\"text-align: center;\"><span style=\"color: #ffffff;\">P\u00e9gate p\u00e9gate p\u00e9gate p\u00e9gate mami<\/span><\/p><p style=\"text-align: center;\"><span style=\"color: #ffffff;\">El perreo hasta el suelo<\/span><\/p><p style=\"text-align: center;\"><span style=\"color: #ffffff;\">Suave lento el movimiento<\/span><\/p><p style=\"text-align: center;\"><span style=\"color: #ffffff;\">Todo d\u00e1melo a mi<\/span><\/p><p style=\"text-align: center;\"><span style=\"color: #ffffff;\">P\u00e9gate p\u00e9gate p\u00e9gate p\u00e9gate mami<\/span><\/p><p style=\"text-align: center;\"><span style=\"color: #ffffff;\">P\u00e9gate p\u00e9gate p\u00e9gate p\u00e9gate mami<\/span><\/p><p style=\"text-align: center;\"><span style=\"color: #ffffff;\">El perreo hasta el suelo<\/span><\/p><p style=\"text-align: center;\"><span style=\"color: #ffffff;\">Suave lento el movimiento<\/span><\/p><p style=\"text-align: center;\"><span style=\"color: #ffffff;\">Todo d\u00e1melo a mi<\/span><\/p><p style=\"text-align: center;\">\u00a0<\/p><p style=\"text-align: center;\"><span style=\"color: #ffffff;\">Y donde est\u00e1n las chicas que les gusta bailar<\/span><\/p><p style=\"text-align: center;\"><span style=\"color: #ffffff;\">Todas las yales que les encanta fumar<\/span><\/p><p style=\"text-align: center;\"><span style=\"color: #ffffff;\">Mu\u00e9velo ah\u00ed que sea rico y sin parar<\/span><\/p><p style=\"text-align: center;\"><span style=\"color: #ffffff;\">P\u00e9guense ah\u00ed<\/span><\/p><p style=\"text-align: center;\"><span style=\"color: #ffffff;\">Pa Jamaica vamos a volar<\/span><\/p><p style=\"text-align: center;\"><span style=\"color: #ffffff;\">Y dale p\u00e9gate, bien rico ac\u00e9rcate<\/span><\/p><p style=\"text-align: center;\"><span style=\"color: #ffffff;\">Vamos a frontearle a todos ellos lo que t\u00fa me haces a mi<\/span><\/p><p style=\"text-align: center;\"><span style=\"color: #ffffff;\">Y dale p\u00e9gate, bien rico ac\u00e9rcate<\/span><\/p><p style=\"text-align: center;\"><span style=\"color: #ffffff;\">Mueve ese booty dale ban ban Rico ban ban<\/span><\/p><p style=\"text-align: center;\"><span style=\"color: #ffffff;\">Y dale p\u00e9gate, bien rico ac\u00e9rcate<\/span><\/p><p style=\"text-align: center;\"><span style=\"color: #ffffff;\">Vamos a frontearle a todos ellos lo que t\u00fa me haces a mi<\/span><\/p><p style=\"text-align: center;\"><span style=\"color: #ffffff;\">Y dale p\u00e9gate, bien rico ac\u00e9rcate<\/span><\/p><p style=\"text-align: center;\"><span style=\"color: #ffffff;\">Mueve ese booty dale ban ban Rico ban ban<\/span><\/p><p style=\"text-align: center;\">\u00a0<\/p><p style=\"text-align: center;\">\u00a0<\/p><p style=\"text-align: center;\"><span style=\"color: #ffffff;\">P\u00e9gate p\u00e9gate p\u00e9gate p\u00e9gate mami<\/span><\/p><p style=\"text-align: center;\"><span style=\"color: #ffffff;\">P\u00e9gate p\u00e9gate p\u00e9gate p\u00e9gate mami<\/span><\/p><p style=\"text-align: center;\"><span style=\"color: #ffffff;\">El perreo hasta el suelo<\/span><\/p><p style=\"text-align: center;\"><span style=\"color: #ffffff;\">Suave lento<\/span><\/p><p style=\"text-align: center;\"><span style=\"color: #ffffff;\">el movimiento<\/span><\/p><p style=\"text-align: center;\"><span style=\"color: #ffffff;\">Todo d\u00e1melo a mi<\/span><\/p><p style=\"text-align: center;\"><span style=\"color: #ffffff;\">P\u00e9gate p\u00e9gate p\u00e9gate p\u00e9gate mami<\/span><\/p><p style=\"text-align: center;\"><span style=\"color: #ffffff;\">P\u00e9gate p\u00e9gate p\u00e9gate p\u00e9gate mami<\/span><\/p><p style=\"text-align: center;\"><span style=\"color: #ffffff;\">El perreo hasta el suelo<\/span><\/p><p style=\"text-align: center;\"><span style=\"color: #ffffff;\">Suave lento<\/span><\/p><p style=\"text-align: center;\"><span style=\"color: #ffffff;\">el movimiento<\/span><\/p><p style=\"text-align: center;\"><span style=\"color: #ffffff;\">Todo d\u00e1melo a mi<\/span><\/p><p style=\"text-align: center;\">\u00a0<\/p><p style=\"text-align: center;\"><span style=\"color: #ffffff;\">D\u00e1melo a mi<\/span><\/p><p style=\"text-align: center;\"><span style=\"color: #ffffff;\">D\u00e1melo a mi<\/span><\/p><p style=\"text-align: center;\"><span style=\"color: #ffffff;\">Demu\u00e9stralo todo flow los domi que lo que fue<\/span><\/p><p style=\"text-align: center;\"><span style=\"color: #ffffff;\">Vamos M\u00e9tele<\/span><\/p><p style=\"text-align: center;\">\u00a0<\/p><p style=\"text-align: center;\"><span style=\"color: #ffffff;\">El booty grande bien pegado pa la pared<\/span><\/p><p style=\"text-align: center;\"><span style=\"color: #ffffff;\">Y no le pare y vamos m\u00e9tele<\/span><\/p><p style=\"text-align: center;\"><span style=\"color: #ffffff;\">Dale mami vamo M\u00e9tele<\/span><\/p><\/div>\t\t\t\t\t<\/div>\n\t\t\t\t\t\t<\/div>\n\t\t\t\t<\/div>\n\t\t\t\t\t\t<\/div>\n\t\t\t\t\t<\/div>\n\t\t<\/div>\n\t\t\t\t\t\t\t\t<\/div>\n\t\t\t\t\t<\/div>\n\t\t<\/section>\n\t\t\t\t\t\t<\/div>\n\t\t\t\t\t\t<\/div>\n\t\t\t\t\t<\/div>\n\t\t","protected":false},"excerpt":{"rendered":"<p>SPOTIFY APPLE MUSIC DEEZER AMAZON MUSIC En los ojos se te ve Las ganas de perrear Y que te peguen pa la pared No te limites su\u00e9ltate Demu\u00e9stralo todo Fl\u00f8w los domi Que lo que fue Vamos metele \u00a0 El booty grande bien pegado pa la pared Y no le pare y vamos m\u00e9tele Dale.<\/p>\n","protected":false},"author":1,"featured_media":0,"parent":0,"menu_order":0,"comment_status":"closed","ping_status":"closed","template":"","meta":{"footnotes":""},"categories":[42],"tags":[],"class_list":["post-5248","page","type-page","status-publish","hentry","category-testi"],"yoast_head":"<!-- This site is optimized with the Yoast SEO plugin v19.6.1 - https:\/\/yoast.com\/wordpress\/plugins\/seo\/ -->\n<title>Ambiente - Di Benedetto Productions<\/title>\n<meta name=\"robots\" content=\"index, follow, max-snippet:-1, max-image-preview:large, max-video-preview:-1\" \/>\n<link rel=\"canonical\" href=\"https:\/\/dibenedettoproductions.com\/?page_id=5248\" \/>\n<meta property=\"og:locale\" content=\"it_IT\" \/>\n<meta property=\"og:type\" content=\"article\" \/>\n<meta property=\"og:title\" content=\"Ambiente - Di Benedetto Productions\" \/>\n<meta property=\"og:description\" content=\"SPOTIFY APPLE MUSIC DEEZER AMAZON MUSIC En los ojos se te ve Las ganas de perrear Y que te peguen pa la pared No te limites su\u00e9ltate Demu\u00e9stralo todo Fl\u00f8w los domi Que lo que fue Vamos metele \u00a0 El booty grande bien pegado pa la pared Y no le pare y vamos m\u00e9tele Dale.\" \/>\n<meta property=\"og:url\" content=\"https:\/\/dibenedettoproductions.com\/?page_id=5248\" \/>\n<meta property=\"og:site_name\" content=\"Di Benedetto Productions\" \/>\n<meta property=\"article:modified_time\" content=\"2021-08-05T14:56:55+00:00\" \/>\n<meta name=\"twitter:card\" content=\"summary_large_image\" \/>\n<meta name=\"twitter:label1\" content=\"Tempo di lettura stimato\" \/>\n\t<meta name=\"twitter:data1\" content=\"2 minuti\" \/>\n<script type=\"application\/ld+json\" class=\"yoast-schema-graph\">{\"@context\":\"https:\/\/schema.org\",\"@graph\":[{\"@type\":\"WebPage\",\"@id\":\"https:\/\/dibenedettoproductions.com\/?page_id=5248\",\"url\":\"https:\/\/dibenedettoproductions.com\/?page_id=5248\",\"name\":\"Ambiente - Di Benedetto Productions\",\"isPartOf\":{\"@id\":\"https:\/\/dibenedettoproductions.com\/#website\"},\"datePublished\":\"2021-06-09T07:55:15+00:00\",\"dateModified\":\"2021-08-05T14:56:55+00:00\",\"breadcrumb\":{\"@id\":\"https:\/\/dibenedettoproductions.com\/?page_id=5248#breadcrumb\"},\"inLanguage\":\"it-IT\",\"potentialAction\":[{\"@type\":\"ReadAction\",\"target\":[\"https:\/\/dibenedettoproductions.com\/?page_id=5248\"]}]},{\"@type\":\"BreadcrumbList\",\"@id\":\"https:\/\/dibenedettoproductions.com\/?page_id=5248#breadcrumb\",\"itemListElement\":[{\"@type\":\"ListItem\",\"position\":1,\"name\":\"Home\",\"item\":\"https:\/\/dibenedettoproductions.com\/\"},{\"@type\":\"ListItem\",\"position\":2,\"name\":\"Ambiente\"}]},{\"@type\":\"WebSite\",\"@id\":\"https:\/\/dibenedettoproductions.com\/#website\",\"url\":\"https:\/\/dibenedettoproductions.com\/\",\"name\":\"Di Benedetto Productions\",\"description\":\"\",\"publisher\":{\"@id\":\"https:\/\/dibenedettoproductions.com\/#organization\"},\"potentialAction\":[{\"@type\":\"SearchAction\",\"target\":{\"@type\":\"EntryPoint\",\"urlTemplate\":\"https:\/\/dibenedettoproductions.com\/?s={search_term_string}\"},\"query-input\":\"required name=search_term_string\"}],\"inLanguage\":\"it-IT\"},{\"@type\":\"Organization\",\"@id\":\"https:\/\/dibenedettoproductions.com\/#organization\",\"name\":\"DI BENEDETTO PRODUCTIONS\",\"url\":\"https:\/\/dibenedettoproductions.com\/\",\"sameAs\":[],\"logo\":{\"@type\":\"ImageObject\",\"inLanguage\":\"it-IT\",\"@id\":\"https:\/\/dibenedettoproductions.com\/#\/schema\/logo\/image\/\",\"url\":\"https:\/\/dibenedettoproductions.com\/wp-content\/uploads\/2021\/09\/logo_di_benedetto_productions.jpg\",\"contentUrl\":\"https:\/\/dibenedettoproductions.com\/wp-content\/uploads\/2021\/09\/logo_di_benedetto_productions.jpg\",\"width\":225,\"height\":225,\"caption\":\"DI BENEDETTO PRODUCTIONS\"},\"image\":{\"@id\":\"https:\/\/dibenedettoproductions.com\/#\/schema\/logo\/image\/\"}}]}<\/script>\n<!-- \/ Yoast SEO plugin. -->","yoast_head_json":{"title":"Ambiente - Di Benedetto Productions","robots":{"index":"index","follow":"follow","max-snippet":"max-snippet:-1","max-image-preview":"max-image-preview:large","max-video-preview":"max-video-preview:-1"},"canonical":"https:\/\/dibenedettoproductions.com\/?page_id=5248","og_locale":"it_IT","og_type":"article","og_title":"Ambiente - Di Benedetto Productions","og_description":"SPOTIFY APPLE MUSIC DEEZER AMAZON MUSIC En los ojos se te ve Las ganas de perrear Y que te peguen pa la pared No te limites su\u00e9ltate Demu\u00e9stralo todo Fl\u00f8w los domi Que lo que fue Vamos metele \u00a0 El booty grande bien pegado pa la pared Y no le pare y vamos m\u00e9tele Dale.","og_url":"https:\/\/dibenedettoproductions.com\/?page_id=5248","og_site_name":"Di Benedetto Productions","article_modified_time":"2021-08-05T14:56:55+00:00","twitter_card":"summary_large_image","twitter_misc":{"Tempo di lettura stimato":"2 minuti"},"schema":{"@context":"https:\/\/schema.org","@graph":[{"@type":"WebPage","@id":"https:\/\/dibenedettoproductions.com\/?page_id=5248","url":"https:\/\/dibenedettoproductions.com\/?page_id=5248","name":"Ambiente - Di Benedetto Productions","isPartOf":{"@id":"https:\/\/dibenedettoproductions.com\/#website"},"datePublished":"2021-06-09T07:55:15+00:00","dateModified":"2021-08-05T14:56:55+00:00","breadcrumb":{"@id":"https:\/\/dibenedettoproductions.com\/?page_id=5248#breadcrumb"},"inLanguage":"it-IT","potentialAction":[{"@type":"ReadAction","target":["https:\/\/dibenedettoproductions.com\/?page_id=5248"]}]},{"@type":"BreadcrumbList","@id":"https:\/\/dibenedettoproductions.com\/?page_id=5248#breadcrumb","itemListElement":[{"@type":"ListItem","position":1,"name":"Home","item":"https:\/\/dibenedettoproductions.com\/"},{"@type":"ListItem","position":2,"name":"Ambiente"}]},{"@type":"WebSite","@id":"https:\/\/dibenedettoproductions.com\/#website","url":"https:\/\/dibenedettoproductions.com\/","name":"Di Benedetto Productions","description":"","publisher":{"@id":"https:\/\/dibenedettoproductions.com\/#organization"},"potentialAction":[{"@type":"SearchAction","target":{"@type":"EntryPoint","urlTemplate":"https:\/\/dibenedettoproductions.com\/?s={search_term_string}"},"query-input":"required name=search_term_string"}],"inLanguage":"it-IT"},{"@type":"Organization","@id":"https:\/\/dibenedettoproductions.com\/#organization","name":"DI BENEDETTO PRODUCTIONS","url":"https:\/\/dibenedettoproductions.com\/","sameAs":[],"logo":{"@type":"ImageObject","inLanguage":"it-IT","@id":"https:\/\/dibenedettoproductions.com\/#\/schema\/logo\/image\/","url":"https:\/\/dibenedettoproductions.com\/wp-content\/uploads\/2021\/09\/logo_di_benedetto_productions.jpg","contentUrl":"https:\/\/dibenedettoproductions.com\/wp-content\/uploads\/2021\/09\/logo_di_benedetto_productions.jpg","width":225,"height":225,"caption":"DI BENEDETTO PRODUCTIONS"},"image":{"@id":"https:\/\/dibenedettoproductions.com\/#\/schema\/logo\/image\/"}}]}},"_links":{"self":[{"href":"https:\/\/dibenedettoproductions.com\/index.php?rest_route=\/wp\/v2\/pages\/5248","targetHints":{"allow":["GET"]}}],"collection":[{"href":"https:\/\/dibenedettoproductions.com\/index.php?rest_route=\/wp\/v2\/pages"}],"about":[{"href":"https:\/\/dibenedettoproductions.com\/index.php?rest_route=\/wp\/v2\/types\/page"}],"author":[{"embeddable":true,"href":"https:\/\/dibenedettoproductions.com\/index.php?rest_route=\/wp\/v2\/users\/1"}],"replies":[{"embeddable":true,"href":"https:\/\/dibenedettoproductions.com\/index.php?rest_route=%2Fwp%2Fv2%2Fcomments&post=5248"}],"version-history":[{"count":7,"href":"https:\/\/dibenedettoproductions.com\/index.php?rest_route=\/wp\/v2\/pages\/5248\/revisions"}],"predecessor-version":[{"id":5593,"href":"https:\/\/dibenedettoproductions.com\/index.php?rest_route=\/wp\/v2\/pages\/5248\/revisions\/5593"}],"wp:attachment":[{"href":"https:\/\/dibenedettoproductions.com\/index.php?rest_route=%2Fwp%2Fv2%2Fmedia&parent=5248"}],"wp:term":[{"taxonomy":"category","embeddable":true,"href":"https:\/\/dibenedettoproductions.com\/index.php?rest_route=%2Fwp%2Fv2%2Fcategories&post=5248"},{"taxonomy":"post_tag","embeddable":true,"href":"https:\/\/dibenedettoproductions.com\/index.php?rest_route=%2Fwp%2Fv2%2Ftags&post=5248"}],"curies":[{"name":"wp","href":"https:\/\/api.w.org\/{rel}","templated":true}]}}