{"id":5220,"date":"2021-05-26T08:52:46","date_gmt":"2021-05-26T08:52:46","guid":{"rendered":"https:\/\/dibenedettoproductions.com\/?page_id=5220"},"modified":"2021-08-05T12:40:03","modified_gmt":"2021-08-05T12:40:03","slug":"reynier-marino","status":"publish","type":"page","link":"https:\/\/dibenedettoproductions.com\/?page_id=5220","title":{"rendered":"Reynier Mari\u00f1o"},"content":{"rendered":"\t\t<div data-elementor-type=\"wp-page\" data-elementor-id=\"5220\" class=\"elementor elementor-5220\" data-elementor-settings=\"[]\">\n\t\t\t\t\t\t<div class=\"elementor-inner\">\n\t\t\t\t\t\t\t<div class=\"elementor-section-wrap\">\n\t\t\t\t\t\t\t<section class=\"elementor-section elementor-top-section elementor-element elementor-element-3e0fd23 elementor-section-stretched elementor-section-boxed elementor-section-height-default elementor-section-height-default\" data-id=\"3e0fd23\" data-element_type=\"section\" data-settings=\"{&quot;stretch_section&quot;:&quot;section-stretched&quot;,&quot;background_background&quot;:&quot;classic&quot;}\">\n\t\t\t\t\t\t<div class=\"elementor-container elementor-column-gap-default\">\n\t\t\t\t\t\t\t<div class=\"elementor-row\">\n\t\t\t\t\t<div class=\"elementor-column elementor-col-50 elementor-top-column elementor-element elementor-element-8221dee\" data-id=\"8221dee\" data-element_type=\"column\">\n\t\t\t<div class=\"elementor-column-wrap elementor-element-populated\">\n\t\t\t\t\t\t\t<div class=\"elementor-widget-wrap\">\n\t\t\t\t\t\t<div class=\"elementor-element elementor-element-fc94e68 elementor-align-center elementor-widget elementor-widget-button\" data-id=\"fc94e68\" data-element_type=\"widget\" data-widget_type=\"button.default\">\n\t\t\t\t<div class=\"elementor-widget-container\">\n\t\t\t\t\t<div class=\"elementor-button-wrapper\">\n\t\t\t<a class=\"elementor-button elementor-size-sm\" role=\"button\">\n\t\t\t\t\t\t<span class=\"elementor-button-content-wrapper\">\n\t\t\t\t\t\t<span class=\"elementor-button-icon elementor-align-icon-left\">\n\t\t\t\t<i aria-hidden=\"true\" class=\"fas fa-video\"><\/i>\t\t\t<\/span>\n\t\t\t\t\t\t<span class=\"elementor-button-text\">VIDEO MUSICALI<\/span>\n\t\t<\/span>\n\t\t\t\t\t<\/a>\n\t\t<\/div>\n\t\t\t\t<\/div>\n\t\t\t\t<\/div>\n\t\t\t\t\t\t<\/div>\n\t\t\t\t\t<\/div>\n\t\t<\/div>\n\t\t\t\t<div class=\"elementor-column elementor-col-50 elementor-top-column elementor-element elementor-element-657a9c3\" data-id=\"657a9c3\" data-element_type=\"column\">\n\t\t\t<div class=\"elementor-column-wrap elementor-element-populated\">\n\t\t\t\t\t\t\t<div class=\"elementor-widget-wrap\">\n\t\t\t\t\t\t<div class=\"elementor-element elementor-element-cf91dca elementor-align-center elementor-widget elementor-widget-button\" data-id=\"cf91dca\" data-element_type=\"widget\" data-widget_type=\"button.default\">\n\t\t\t\t<div class=\"elementor-widget-container\">\n\t\t\t\t\t<div class=\"elementor-button-wrapper\">\n\t\t\t<a class=\"elementor-button elementor-size-sm\" role=\"button\">\n\t\t\t\t\t\t<span class=\"elementor-button-content-wrapper\">\n\t\t\t\t\t\t<span class=\"elementor-button-icon elementor-align-icon-left\">\n\t\t\t\t<i aria-hidden=\"true\" class=\"far fa-list-alt\"><\/i>\t\t\t<\/span>\n\t\t\t\t\t\t<span class=\"elementor-button-text\">BRANI<\/span>\n\t\t<\/span>\n\t\t\t\t\t<\/a>\n\t\t<\/div>\n\t\t\t\t<\/div>\n\t\t\t\t<\/div>\n\t\t\t\t\t\t<\/div>\n\t\t\t\t\t<\/div>\n\t\t<\/div>\n\t\t\t\t\t\t\t\t<\/div>\n\t\t\t\t\t<\/div>\n\t\t<\/section>\n\t\t\t\t<section class=\"elementor-section elementor-top-section elementor-element elementor-element-544d69b elementor-section-stretched elementor-section-boxed elementor-section-height-default elementor-section-height-default\" data-id=\"544d69b\" data-element_type=\"section\" data-settings=\"{&quot;stretch_section&quot;:&quot;section-stretched&quot;,&quot;background_background&quot;:&quot;classic&quot;}\">\n\t\t\t\t\t\t<div class=\"elementor-container elementor-column-gap-default\">\n\t\t\t\t\t\t\t<div class=\"elementor-row\">\n\t\t\t\t\t<div class=\"elementor-column elementor-col-100 elementor-top-column elementor-element elementor-element-b9e8c21\" data-id=\"b9e8c21\" data-element_type=\"column\">\n\t\t\t<div class=\"elementor-column-wrap elementor-element-populated\">\n\t\t\t\t\t\t\t<div class=\"elementor-widget-wrap\">\n\t\t\t\t\t\t<div class=\"elementor-element elementor-element-e880780 elementor-widget elementor-widget-image\" data-id=\"e880780\" data-element_type=\"widget\" data-widget_type=\"image.default\">\n\t\t\t\t<div class=\"elementor-widget-container\">\n\t\t\t\t\t\t\t\t<div class=\"elementor-image\">\n\t\t\t\t\t\t\t\t\t\t\t\t<img loading=\"lazy\" decoding=\"async\" width=\"300\" height=\"300\" src=\"https:\/\/dibenedettoproductions.com\/wp-content\/uploads\/2021\/05\/art-1-min-300x300.png\" class=\"attachment-medium size-medium\" alt=\"\" srcset=\"https:\/\/dibenedettoproductions.com\/wp-content\/uploads\/2021\/05\/art-1-min-300x301.png 300w, https:\/\/dibenedettoproductions.com\/wp-content\/uploads\/2021\/05\/art-1-min-150x150.png 150w, https:\/\/dibenedettoproductions.com\/wp-content\/uploads\/2021\/05\/art-1-min-768x770.png 768w, https:\/\/dibenedettoproductions.com\/wp-content\/uploads\/2021\/05\/art-1-min-390x390.png 390w, https:\/\/dibenedettoproductions.com\/wp-content\/uploads\/2021\/05\/art-1-min-262x262.png 262w, https:\/\/dibenedettoproductions.com\/wp-content\/uploads\/2021\/05\/art-1-min-340x341.png 340w, https:\/\/dibenedettoproductions.com\/wp-content\/uploads\/2021\/05\/art-1-min.png 927w\" sizes=\"auto, (max-width: 300px) 100vw, 300px\" \/>\t\t\t\t\t\t\t\t\t\t\t\t\t\t<\/div>\n\t\t\t\t\t\t<\/div>\n\t\t\t\t<\/div>\n\t\t\t\t<div class=\"elementor-element elementor-element-501c440 elementor-widget elementor-widget-text-editor\" data-id=\"501c440\" data-element_type=\"widget\" data-widget_type=\"text-editor.default\">\n\t\t\t\t<div class=\"elementor-widget-container\">\n\t\t\t\t\t\t\t\t<div class=\"elementor-text-editor elementor-clearfix\">\n\t\t\t\t<div><p><span style=\"color: #ffffff;\">\u00c8 nato a L&#8217;Avana, Cuba, il 20 settembre 1979. Ha iniziato i suoi studi alla Scuola di Musica Manuel Saumell, li ha proseguiti al Conservatorio Amadeo Rold\u00e1n e li ha conclusi al Centro di Sviluppo Professionale F\u00e9lix Varela. Ha ricevuto corsi di perfezionamento da Leo Brouwer e Manolo San L\u00facar. Ha una laurea in chitarra e musica presso l&#8217;Istituto superiore d&#8217;arte dell&#8217;Avana e un diploma presso l&#8217;Accademia reale di musica di Madrid. Laureato in oro, inizia ad esibirsi con il Balletto cubano, con il quale gira in vari paesi. In uno di quei tour conosce Manolo San Lucar dal quale riceve lezioni di flamenco, allo stesso modo in cui anni dopo viene consigliato dal grande chitarrista Tomatito. Mari\u00f1o, che ha pubblicato la sua targa Alma Gitana nel 2003, considerata la prima del suo genere registrata a Cuba, ha consolidato le sue capacit\u00e0 ed esperienza come strumentista nel Balletto spagnolo dell&#8217;Avana e nella compagnia Lizt Alfonso, fino a fondare il suo gruppo nel 2000 . Reynier \u00e8 considerato uno dei migliori esponenti della musica flamenca a Cuba ed \u00e8 tra i dieci chitarristi pi\u00f9 eccezionali del paese. Il suo lavoro gi\u00e0 registrato da negozi di dischi nazionali e internazionali sta guadagnando sempre pi\u00f9 consensi nel gusto popolare e fa anche parte di quella somma sostanziale di suoni che compone il panorama della musica cubana. Il flamenco fuso con il figlio, il jazz e la musica classica, danno ai loro concerti il \u200b\u200btocco della componente ispanica che scorre nelle vene dei cubani. Con il suo lavoro, a Cuba ha iniziato una nuova fase nella coltivazione e nell&#8217;espansione del flamenco, un genere conosciuto e praticato sull&#8217;isola dall&#8217;inizio del XX secolo ma a cui un record non era mai stato dedicato fino all&#8217;arrivo di Reynier Mari\u00f1o con il suo disco &#8220;Alma Gitana&#8221; 2001, lo stesso che un anno dopo vinse il National Concert Music Award.<\/span><\/p><\/div><div><h3><span style=\"color: #ffffff;\">Carriera artistica<\/span><\/h3><p><span style=\"color: #ffffff;\">Ha iniziato la sua carriera artistica nel 1995; Nel 1997 ha lavorato come seconda chitarra nel Balletto spagnolo dell&#8217;Avana, successivamente \u00e8 entrato a far parte del Lizt Alfonso Ballet come prima chitarra, con il quale si \u00e8 esibito al Gran Teatro de La Habana, oltre che ai Teatri Nazionali di Cuba, Teatro La Caridad de Santa Clara, Eddy Su\u00f1ol de Holgu\u00edn, e nel 1998 ha fatto un lungo tour di ventiquattro citt\u00e0 in Spagna e nel Principato di Andorra, in Francia.<\/span><\/p><div><h3><span style=\"color: #ffffff;\">Spettacoli<\/span><\/h3><p><span style=\"color: #ffffff;\">Come solista si \u00e8 esibito nei teatri Amadeo Rold\u00e1n, Nacional, Teatro Tom\u00e1s Terry de Cienfuegos e La Caridad de Santa Clara. Nel 2000 ha partecipato al Guitar Festival. Organizzato dall&#8217;Ufficio dello storico, ha diretto lo spazio El Jard\u00edn de la Palabra, a cui hanno partecipato le pi\u00f9 importanti figure di chitarra del paese. Ha condiviso il palco con Diego Mora, Italia, e con i cubani Luis Manuel Molina, Jorge Luis Zamora, Jos\u00e9 \u00c1ngel Navarro, Jos\u00e9 Antonio Rojas (\u00d1ico) e Sergio Vitier. Fonde flamenco con musica cubana, araba, andina e jazz.<\/span><\/p><\/div><\/div>\t\t\t\t\t<\/div>\n\t\t\t\t\t\t<\/div>\n\t\t\t\t<\/div>\n\t\t\t\t\t\t<\/div>\n\t\t\t\t\t<\/div>\n\t\t<\/div>\n\t\t\t\t\t\t\t\t<\/div>\n\t\t\t\t\t<\/div>\n\t\t<\/section>\n\t\t\t\t\t\t<\/div>\n\t\t\t\t\t\t<\/div>\n\t\t\t\t\t<\/div>\n\t\t","protected":false},"excerpt":{"rendered":"<p>VIDEO MUSICALI BRANI \u00c8 nato a L&#8217;Avana, Cuba, il 20 settembre 1979. Ha iniziato i suoi studi alla Scuola di Musica Manuel Saumell, li ha proseguiti al Conservatorio Amadeo Rold\u00e1n e li ha conclusi al Centro di Sviluppo Professionale F\u00e9lix Varela. Ha ricevuto corsi di perfezionamento da Leo Brouwer e Manolo San L\u00facar. Ha una.<\/p>\n","protected":false},"author":1,"featured_media":0,"parent":0,"menu_order":0,"comment_status":"closed","ping_status":"closed","template":"","meta":{"footnotes":""},"categories":[16],"tags":[],"class_list":["post-5220","page","type-page","status-publish","hentry","category-artisti"],"yoast_head":"<!-- This site is optimized with the Yoast SEO plugin v19.6.1 - https:\/\/yoast.com\/wordpress\/plugins\/seo\/ -->\n<title>Reynier Mari\u00f1o - Di Benedetto Productions<\/title>\n<meta name=\"robots\" content=\"index, follow, max-snippet:-1, max-image-preview:large, max-video-preview:-1\" \/>\n<link rel=\"canonical\" href=\"https:\/\/dibenedettoproductions.com\/?page_id=5220\" \/>\n<meta property=\"og:locale\" content=\"it_IT\" \/>\n<meta property=\"og:type\" content=\"article\" \/>\n<meta property=\"og:title\" content=\"Reynier Mari\u00f1o - Di Benedetto Productions\" \/>\n<meta property=\"og:description\" content=\"VIDEO MUSICALI BRANI \u00c8 nato a L&#8217;Avana, Cuba, il 20 settembre 1979. Ha iniziato i suoi studi alla Scuola di Musica Manuel Saumell, li ha proseguiti al Conservatorio Amadeo Rold\u00e1n e li ha conclusi al Centro di Sviluppo Professionale F\u00e9lix Varela. Ha ricevuto corsi di perfezionamento da Leo Brouwer e Manolo San L\u00facar. Ha una.\" \/>\n<meta property=\"og:url\" content=\"https:\/\/dibenedettoproductions.com\/?page_id=5220\" \/>\n<meta property=\"og:site_name\" content=\"Di Benedetto Productions\" \/>\n<meta property=\"article:modified_time\" content=\"2021-08-05T12:40:03+00:00\" \/>\n<meta property=\"og:image\" content=\"https:\/\/dibenedettoproductions.com\/wp-content\/uploads\/2021\/05\/art-1-min-300x300.png\" \/>\n<meta name=\"twitter:card\" content=\"summary_large_image\" \/>\n<meta name=\"twitter:label1\" content=\"Tempo di lettura stimato\" \/>\n\t<meta name=\"twitter:data1\" content=\"2 minuti\" \/>\n<script type=\"application\/ld+json\" class=\"yoast-schema-graph\">{\"@context\":\"https:\/\/schema.org\",\"@graph\":[{\"@type\":\"WebPage\",\"@id\":\"https:\/\/dibenedettoproductions.com\/?page_id=5220\",\"url\":\"https:\/\/dibenedettoproductions.com\/?page_id=5220\",\"name\":\"Reynier Mari\u00f1o - Di Benedetto Productions\",\"isPartOf\":{\"@id\":\"https:\/\/dibenedettoproductions.com\/#website\"},\"datePublished\":\"2021-05-26T08:52:46+00:00\",\"dateModified\":\"2021-08-05T12:40:03+00:00\",\"breadcrumb\":{\"@id\":\"https:\/\/dibenedettoproductions.com\/?page_id=5220#breadcrumb\"},\"inLanguage\":\"it-IT\",\"potentialAction\":[{\"@type\":\"ReadAction\",\"target\":[\"https:\/\/dibenedettoproductions.com\/?page_id=5220\"]}]},{\"@type\":\"BreadcrumbList\",\"@id\":\"https:\/\/dibenedettoproductions.com\/?page_id=5220#breadcrumb\",\"itemListElement\":[{\"@type\":\"ListItem\",\"position\":1,\"name\":\"Home\",\"item\":\"https:\/\/dibenedettoproductions.com\/\"},{\"@type\":\"ListItem\",\"position\":2,\"name\":\"Reynier Mari\u00f1o\"}]},{\"@type\":\"WebSite\",\"@id\":\"https:\/\/dibenedettoproductions.com\/#website\",\"url\":\"https:\/\/dibenedettoproductions.com\/\",\"name\":\"Di Benedetto Productions\",\"description\":\"\",\"publisher\":{\"@id\":\"https:\/\/dibenedettoproductions.com\/#organization\"},\"potentialAction\":[{\"@type\":\"SearchAction\",\"target\":{\"@type\":\"EntryPoint\",\"urlTemplate\":\"https:\/\/dibenedettoproductions.com\/?s={search_term_string}\"},\"query-input\":\"required name=search_term_string\"}],\"inLanguage\":\"it-IT\"},{\"@type\":\"Organization\",\"@id\":\"https:\/\/dibenedettoproductions.com\/#organization\",\"name\":\"DI BENEDETTO PRODUCTIONS\",\"url\":\"https:\/\/dibenedettoproductions.com\/\",\"sameAs\":[],\"logo\":{\"@type\":\"ImageObject\",\"inLanguage\":\"it-IT\",\"@id\":\"https:\/\/dibenedettoproductions.com\/#\/schema\/logo\/image\/\",\"url\":\"https:\/\/dibenedettoproductions.com\/wp-content\/uploads\/2021\/09\/logo_di_benedetto_productions.jpg\",\"contentUrl\":\"https:\/\/dibenedettoproductions.com\/wp-content\/uploads\/2021\/09\/logo_di_benedetto_productions.jpg\",\"width\":225,\"height\":225,\"caption\":\"DI BENEDETTO PRODUCTIONS\"},\"image\":{\"@id\":\"https:\/\/dibenedettoproductions.com\/#\/schema\/logo\/image\/\"}}]}<\/script>\n<!-- \/ Yoast SEO plugin. -->","yoast_head_json":{"title":"Reynier Mari\u00f1o - Di Benedetto Productions","robots":{"index":"index","follow":"follow","max-snippet":"max-snippet:-1","max-image-preview":"max-image-preview:large","max-video-preview":"max-video-preview:-1"},"canonical":"https:\/\/dibenedettoproductions.com\/?page_id=5220","og_locale":"it_IT","og_type":"article","og_title":"Reynier Mari\u00f1o - Di Benedetto Productions","og_description":"VIDEO MUSICALI BRANI \u00c8 nato a L&#8217;Avana, Cuba, il 20 settembre 1979. Ha iniziato i suoi studi alla Scuola di Musica Manuel Saumell, li ha proseguiti al Conservatorio Amadeo Rold\u00e1n e li ha conclusi al Centro di Sviluppo Professionale F\u00e9lix Varela. Ha ricevuto corsi di perfezionamento da Leo Brouwer e Manolo San L\u00facar. Ha una.","og_url":"https:\/\/dibenedettoproductions.com\/?page_id=5220","og_site_name":"Di Benedetto Productions","article_modified_time":"2021-08-05T12:40:03+00:00","og_image":[{"url":"https:\/\/dibenedettoproductions.com\/wp-content\/uploads\/2021\/05\/art-1-min-300x300.png"}],"twitter_card":"summary_large_image","twitter_misc":{"Tempo di lettura stimato":"2 minuti"},"schema":{"@context":"https:\/\/schema.org","@graph":[{"@type":"WebPage","@id":"https:\/\/dibenedettoproductions.com\/?page_id=5220","url":"https:\/\/dibenedettoproductions.com\/?page_id=5220","name":"Reynier Mari\u00f1o - Di Benedetto Productions","isPartOf":{"@id":"https:\/\/dibenedettoproductions.com\/#website"},"datePublished":"2021-05-26T08:52:46+00:00","dateModified":"2021-08-05T12:40:03+00:00","breadcrumb":{"@id":"https:\/\/dibenedettoproductions.com\/?page_id=5220#breadcrumb"},"inLanguage":"it-IT","potentialAction":[{"@type":"ReadAction","target":["https:\/\/dibenedettoproductions.com\/?page_id=5220"]}]},{"@type":"BreadcrumbList","@id":"https:\/\/dibenedettoproductions.com\/?page_id=5220#breadcrumb","itemListElement":[{"@type":"ListItem","position":1,"name":"Home","item":"https:\/\/dibenedettoproductions.com\/"},{"@type":"ListItem","position":2,"name":"Reynier Mari\u00f1o"}]},{"@type":"WebSite","@id":"https:\/\/dibenedettoproductions.com\/#website","url":"https:\/\/dibenedettoproductions.com\/","name":"Di Benedetto Productions","description":"","publisher":{"@id":"https:\/\/dibenedettoproductions.com\/#organization"},"potentialAction":[{"@type":"SearchAction","target":{"@type":"EntryPoint","urlTemplate":"https:\/\/dibenedettoproductions.com\/?s={search_term_string}"},"query-input":"required name=search_term_string"}],"inLanguage":"it-IT"},{"@type":"Organization","@id":"https:\/\/dibenedettoproductions.com\/#organization","name":"DI BENEDETTO PRODUCTIONS","url":"https:\/\/dibenedettoproductions.com\/","sameAs":[],"logo":{"@type":"ImageObject","inLanguage":"it-IT","@id":"https:\/\/dibenedettoproductions.com\/#\/schema\/logo\/image\/","url":"https:\/\/dibenedettoproductions.com\/wp-content\/uploads\/2021\/09\/logo_di_benedetto_productions.jpg","contentUrl":"https:\/\/dibenedettoproductions.com\/wp-content\/uploads\/2021\/09\/logo_di_benedetto_productions.jpg","width":225,"height":225,"caption":"DI BENEDETTO PRODUCTIONS"},"image":{"@id":"https:\/\/dibenedettoproductions.com\/#\/schema\/logo\/image\/"}}]}},"_links":{"self":[{"href":"https:\/\/dibenedettoproductions.com\/index.php?rest_route=\/wp\/v2\/pages\/5220","targetHints":{"allow":["GET"]}}],"collection":[{"href":"https:\/\/dibenedettoproductions.com\/index.php?rest_route=\/wp\/v2\/pages"}],"about":[{"href":"https:\/\/dibenedettoproductions.com\/index.php?rest_route=\/wp\/v2\/types\/page"}],"author":[{"embeddable":true,"href":"https:\/\/dibenedettoproductions.com\/index.php?rest_route=\/wp\/v2\/users\/1"}],"replies":[{"embeddable":true,"href":"https:\/\/dibenedettoproductions.com\/index.php?rest_route=%2Fwp%2Fv2%2Fcomments&post=5220"}],"version-history":[{"count":7,"href":"https:\/\/dibenedettoproductions.com\/index.php?rest_route=\/wp\/v2\/pages\/5220\/revisions"}],"predecessor-version":[{"id":5558,"href":"https:\/\/dibenedettoproductions.com\/index.php?rest_route=\/wp\/v2\/pages\/5220\/revisions\/5558"}],"wp:attachment":[{"href":"https:\/\/dibenedettoproductions.com\/index.php?rest_route=%2Fwp%2Fv2%2Fmedia&parent=5220"}],"wp:term":[{"taxonomy":"category","embeddable":true,"href":"https:\/\/dibenedettoproductions.com\/index.php?rest_route=%2Fwp%2Fv2%2Fcategories&post=5220"},{"taxonomy":"post_tag","embeddable":true,"href":"https:\/\/dibenedettoproductions.com\/index.php?rest_route=%2Fwp%2Fv2%2Ftags&post=5220"}],"curies":[{"name":"wp","href":"https:\/\/api.w.org\/{rel}","templated":true}]}}