{"id":5183,"date":"2021-05-18T10:28:12","date_gmt":"2021-05-18T10:28:12","guid":{"rendered":"https:\/\/dibenedettoproductions.com\/?page_id=5183"},"modified":"2021-08-06T07:21:14","modified_gmt":"2021-08-06T07:21:14","slug":"ticket-contar","status":"publish","type":"page","link":"https:\/\/dibenedettoproductions.com\/?page_id=5183","title":{"rendered":"Ticket &#038; Contar"},"content":{"rendered":"\t\t<div data-elementor-type=\"wp-page\" data-elementor-id=\"5183\" class=\"elementor elementor-5183\" data-elementor-settings=\"[]\">\n\t\t\t\t\t\t<div class=\"elementor-inner\">\n\t\t\t\t\t\t\t<div class=\"elementor-section-wrap\">\n\t\t\t\t\t\t\t<section class=\"elementor-section elementor-top-section elementor-element elementor-element-0b0b6c7 elementor-section-stretched elementor-section-boxed elementor-section-height-default elementor-section-height-default\" data-id=\"0b0b6c7\" data-element_type=\"section\" data-settings=\"{&quot;stretch_section&quot;:&quot;section-stretched&quot;,&quot;background_background&quot;:&quot;classic&quot;}\">\n\t\t\t\t\t\t<div class=\"elementor-container elementor-column-gap-default\">\n\t\t\t\t\t\t\t<div class=\"elementor-row\">\n\t\t\t\t\t<div class=\"elementor-column elementor-col-25 elementor-top-column elementor-element elementor-element-aae2956\" data-id=\"aae2956\" data-element_type=\"column\">\n\t\t\t<div class=\"elementor-column-wrap elementor-element-populated\">\n\t\t\t\t\t\t\t<div class=\"elementor-widget-wrap\">\n\t\t\t\t\t\t<div class=\"elementor-element elementor-element-dd0be6f elementor-align-center elementor-widget elementor-widget-button\" data-id=\"dd0be6f\" data-element_type=\"widget\" data-widget_type=\"button.default\">\n\t\t\t\t<div class=\"elementor-widget-container\">\n\t\t\t\t\t<div class=\"elementor-button-wrapper\">\n\t\t\t<a href=\"https:\/\/spoti.fi\/3xOcwYJ%20\" class=\"elementor-button-link elementor-button elementor-size-sm\" role=\"button\">\n\t\t\t\t\t\t<span class=\"elementor-button-content-wrapper\">\n\t\t\t\t\t\t<span class=\"elementor-button-text\">SPOTIFY<\/span>\n\t\t<\/span>\n\t\t\t\t\t<\/a>\n\t\t<\/div>\n\t\t\t\t<\/div>\n\t\t\t\t<\/div>\n\t\t\t\t\t\t<\/div>\n\t\t\t\t\t<\/div>\n\t\t<\/div>\n\t\t\t\t<div class=\"elementor-column elementor-col-25 elementor-top-column elementor-element elementor-element-28ae9cb\" data-id=\"28ae9cb\" data-element_type=\"column\">\n\t\t\t<div class=\"elementor-column-wrap elementor-element-populated\">\n\t\t\t\t\t\t\t<div class=\"elementor-widget-wrap\">\n\t\t\t\t\t\t<div class=\"elementor-element elementor-element-61e22f2 elementor-align-center elementor-widget elementor-widget-button\" data-id=\"61e22f2\" data-element_type=\"widget\" data-widget_type=\"button.default\">\n\t\t\t\t<div class=\"elementor-widget-container\">\n\t\t\t\t\t<div class=\"elementor-button-wrapper\">\n\t\t\t<a href=\"https:\/\/apple.co\/3xPL50u%20\" class=\"elementor-button-link elementor-button elementor-size-sm\" role=\"button\">\n\t\t\t\t\t\t<span class=\"elementor-button-content-wrapper\">\n\t\t\t\t\t\t<span class=\"elementor-button-text\">APPLE MUSIC<\/span>\n\t\t<\/span>\n\t\t\t\t\t<\/a>\n\t\t<\/div>\n\t\t\t\t<\/div>\n\t\t\t\t<\/div>\n\t\t\t\t\t\t<\/div>\n\t\t\t\t\t<\/div>\n\t\t<\/div>\n\t\t\t\t<div class=\"elementor-column elementor-col-25 elementor-top-column elementor-element elementor-element-80a3639\" data-id=\"80a3639\" data-element_type=\"column\">\n\t\t\t<div class=\"elementor-column-wrap elementor-element-populated\">\n\t\t\t\t\t\t\t<div class=\"elementor-widget-wrap\">\n\t\t\t\t\t\t<div class=\"elementor-element elementor-element-3f20c5b elementor-align-center elementor-widget elementor-widget-button\" data-id=\"3f20c5b\" data-element_type=\"widget\" data-widget_type=\"button.default\">\n\t\t\t\t<div class=\"elementor-widget-container\">\n\t\t\t\t\t<div class=\"elementor-button-wrapper\">\n\t\t\t<a href=\"https:\/\/bit.ly\/3ttsUKF\" class=\"elementor-button-link elementor-button elementor-size-sm\" role=\"button\">\n\t\t\t\t\t\t<span class=\"elementor-button-content-wrapper\">\n\t\t\t\t\t\t<span class=\"elementor-button-text\">DEEZER<\/span>\n\t\t<\/span>\n\t\t\t\t\t<\/a>\n\t\t<\/div>\n\t\t\t\t<\/div>\n\t\t\t\t<\/div>\n\t\t\t\t\t\t<\/div>\n\t\t\t\t\t<\/div>\n\t\t<\/div>\n\t\t\t\t<div class=\"elementor-column elementor-col-25 elementor-top-column elementor-element elementor-element-afa4142\" data-id=\"afa4142\" data-element_type=\"column\">\n\t\t\t<div class=\"elementor-column-wrap elementor-element-populated\">\n\t\t\t\t\t\t\t<div class=\"elementor-widget-wrap\">\n\t\t\t\t\t\t<div class=\"elementor-element elementor-element-ae0fb27 elementor-align-center elementor-widget elementor-widget-button\" data-id=\"ae0fb27\" data-element_type=\"widget\" data-widget_type=\"button.default\">\n\t\t\t\t<div class=\"elementor-widget-container\">\n\t\t\t\t\t<div class=\"elementor-button-wrapper\">\n\t\t\t<a href=\"https:\/\/amzn.to\/2RBjPSD%20\" class=\"elementor-button-link elementor-button elementor-size-sm\" role=\"button\">\n\t\t\t\t\t\t<span class=\"elementor-button-content-wrapper\">\n\t\t\t\t\t\t<span class=\"elementor-button-text\">AMAZON MUSIC<\/span>\n\t\t<\/span>\n\t\t\t\t\t<\/a>\n\t\t<\/div>\n\t\t\t\t<\/div>\n\t\t\t\t<\/div>\n\t\t\t\t\t\t<\/div>\n\t\t\t\t\t<\/div>\n\t\t<\/div>\n\t\t\t\t\t\t\t\t<\/div>\n\t\t\t\t\t<\/div>\n\t\t<\/section>\n\t\t\t\t<section class=\"elementor-section elementor-top-section elementor-element elementor-element-b301fc5 elementor-section-stretched elementor-section-boxed elementor-section-height-default elementor-section-height-default\" data-id=\"b301fc5\" data-element_type=\"section\" data-settings=\"{&quot;stretch_section&quot;:&quot;section-stretched&quot;,&quot;background_background&quot;:&quot;classic&quot;}\">\n\t\t\t\t\t\t<div class=\"elementor-container elementor-column-gap-default\">\n\t\t\t\t\t\t\t<div class=\"elementor-row\">\n\t\t\t\t\t<div class=\"elementor-column elementor-col-100 elementor-top-column elementor-element elementor-element-a2b8f04\" data-id=\"a2b8f04\" data-element_type=\"column\">\n\t\t\t<div class=\"elementor-column-wrap elementor-element-populated\">\n\t\t\t\t\t\t\t<div class=\"elementor-widget-wrap\">\n\t\t\t\t\t\t<div class=\"elementor-element elementor-element-85c36d2 elementor-widget elementor-widget-text-editor\" data-id=\"85c36d2\" data-element_type=\"widget\" data-widget_type=\"text-editor.default\">\n\t\t\t\t<div class=\"elementor-widget-container\">\n\t\t\t\t\t\t\t\t<div class=\"elementor-text-editor elementor-clearfix\">\n\t\t\t\t<div><p style=\"text-align: center;\"><span style=\"color: #ffffff;\">No hay m\u00e1s na\u2019 que decir<\/span><\/p><p style=\"text-align: center;\">\u00a0<\/p><p style=\"text-align: center;\"><span style=\"color: #ffffff;\">Ahora es haciendo Ticket y a contar<\/span><\/p><p style=\"text-align: center;\"><span style=\"color: #ffffff;\">Na ma\u2019 grab\u00e9 el primer tema<\/span><\/p><p style=\"text-align: center;\"><span style=\"color: #ffffff;\">Y me llamaron pa\u2019 firmar<\/span><\/p><p style=\"text-align: center;\"><span style=\"color: #ffffff;\">Capsulita de 420 pa\u2019 quemar<\/span><\/p><p style=\"text-align: center;\"><span style=\"color: #ffffff;\">La m\u00fasica es quien me viste<\/span><\/p><p style=\"text-align: center;\"><span style=\"color: #ffffff;\">Sin tener que aparentar<\/span><\/p><p style=\"text-align: center;\"><span style=\"color: #ffffff;\">Ahora es haciendo Ticket y a contar<\/span><\/p><p style=\"text-align: center;\"><span style=\"color: #ffffff;\">Na ma\u2019 grab\u00e9 el primer tema<\/span><\/p><p style=\"text-align: center;\"><span style=\"color: #ffffff;\">Y me llamaron pa\u2019 firmar<\/span><\/p><p style=\"text-align: center;\"><span style=\"color: #ffffff;\">Capsulita de 420 pa\u2019 quemar<\/span><\/p><p style=\"text-align: center;\"><span style=\"color: #ffffff;\">La m\u00fasica es quien me viste<\/span><\/p><p style=\"text-align: center;\"><span style=\"color: #ffffff;\">Sin tener que aparentar<\/span><\/p><p style=\"text-align: center;\">\u00a0<\/p><p style=\"text-align: center;\"><span style=\"color: #ffffff;\">Tantos que traicionaron<\/span><\/p><p style=\"text-align: center;\"><span style=\"color: #ffffff;\">Como Judas por blasfemia<\/span><\/p><p style=\"text-align: center;\"><span style=\"color: #ffffff;\">Yo sigo siendo el mismo<\/span><\/p><p style=\"text-align: center;\"><span style=\"color: #ffffff;\">Por eso es que Dios me premia<\/span><\/p><p style=\"text-align: center;\"><span style=\"color: #ffffff;\">Los tengo tosiendo seco<\/span><\/p><p style=\"text-align: center;\"><span style=\"color: #ffffff;\">Se mueren de asfixia<\/span><\/p><p style=\"text-align: center;\"><span style=\"color: #ffffff;\">Soy la pandemia<\/span><\/p><p style=\"text-align: center;\"><span style=\"color: #ffffff;\">Ustedes no son calle na\u2019<\/span><\/p><p style=\"text-align: center;\"><span style=\"color: #ffffff;\">Son cantantes de academia<\/span><\/p><p style=\"text-align: center;\"><span style=\"color: #ffffff;\">Y ahora d\u00edmelo d\u00edmelo d\u00edmelo d\u00edmelo d\u00edmelo d\u00edmelo d\u00edmelo d\u00edmelo d\u00edmelo d\u00edmelo d\u00edmelo d\u00edmelo d\u00edmelo d\u00edmelo d\u00edmelo<\/span><\/p><p style=\"text-align: center;\"><span style=\"color: #ffffff;\">Y ahora d\u00edmelo d\u00edmelo d\u00edmelo d\u00edmelo d\u00edmelo d\u00edmelo d\u00edmelo d\u00edmelo d\u00edmelo d\u00edmelo d\u00edmelo d\u00edmelo d\u00edmelo d\u00edmelo d\u00edmelo<\/span><\/p><p style=\"text-align: center;\"><span style=\"color: #ffffff;\">Firm\u00e9 con 19 y ustedes como a los 30<\/span><\/p><p style=\"text-align: center;\"><span style=\"color: #ffffff;\">El Yonka La Eme, pero el M6 por la 40<\/span><\/p><p style=\"text-align: center;\"><span style=\"color: #ffffff;\">Y sacamos la cuenta y hacemos en cuenta<\/span><\/p><p style=\"text-align: center;\"><span style=\"color: #ffffff;\">Que yo compon\u00eda y mi Flow paga renta<\/span><\/p><p style=\"text-align: center;\"><span style=\"color: #ffffff;\">No te miento aqu\u00ed no son 70 son 80<\/span><\/p><p style=\"text-align: center;\"><span style=\"color: #ffffff;\">Y coron\u00e9, quiebren punto y los mat\u00e9<\/span><\/p><p style=\"text-align: center;\"><span style=\"color: #ffffff;\">Ahora fue que yo empec\u00e9<\/span><\/p><p style=\"text-align: center;\"><span style=\"color: #ffffff;\">Y llegu\u00e9, me qued\u00e9, le pusimos el casete<\/span><\/p><p style=\"text-align: center;\"><span style=\"color: #ffffff;\">Como Curry encesto tres, a nadie se lo mam\u00e9, que t\u00fa que, que fue<\/span><\/p><p style=\"text-align: center;\"><span style=\"color: #ffffff;\">Happy Gucci, antes eran pie ahora es Sushi<\/span><\/p><p style=\"text-align: center;\"><span style=\"color: #ffffff;\">Pasando los kilos como Luci, llegu\u00e9 de chamaquito como Mosey<\/span><\/p><p style=\"text-align: center;\">\u00a0<\/p><p style=\"text-align: center;\"><span style=\"color: #ffffff;\">Ahora es haciendo Ticket y a contar<\/span><\/p><p style=\"text-align: center;\"><span style=\"color: #ffffff;\">Na ma\u2019 grab\u00e9 el primer tema<\/span><\/p><p style=\"text-align: center;\"><span style=\"color: #ffffff;\">Y me llamaron pa\u2019 firmar<\/span><\/p><p style=\"text-align: center;\"><span style=\"color: #ffffff;\">Capsulita de 420 pa\u2019 quemar<\/span><\/p><p style=\"text-align: center;\"><span style=\"color: #ffffff;\">La m\u00fasica es quien me viste<\/span><\/p><p style=\"text-align: center;\"><span style=\"color: #ffffff;\">Sin tener que aparentar<\/span><\/p><p style=\"text-align: center;\"><span style=\"color: #ffffff;\">Ahora es haciendo Ticket y a contar<\/span><\/p><p style=\"text-align: center;\"><span style=\"color: #ffffff;\">Na ma\u2019 grab\u00e9 el primer tema<\/span><\/p><p style=\"text-align: center;\"><span style=\"color: #ffffff;\">Y me llamaron pa\u2019 firmar<\/span><\/p><p style=\"text-align: center;\"><span style=\"color: #ffffff;\">Capsulita de 420 pa\u2019 quemar<\/span><\/p><p style=\"text-align: center;\"><span style=\"color: #ffffff;\">La m\u00fasica es quien me viste<\/span><\/p><p style=\"text-align: center;\"><span style=\"color: #ffffff;\">Sin tener que aparentar<\/span><\/p><p style=\"text-align: center;\">\u00a0<\/p><p style=\"text-align: center;\"><span style=\"color: #ffffff;\">Yo no aparento, el problema es que soy el m\u00e1s duro de este movimiento<\/span><\/p><p style=\"text-align: center;\"><span style=\"color: #ffffff;\">Aqu\u00ed no hay tiempo para perder el tiempo<\/span><\/p><p style=\"text-align: center;\"><span style=\"color: #ffffff;\">Frontenan con joyas de 500, Vitto dividiendo por ciento<\/span><\/p><p style=\"text-align: center;\"><span style=\"color: #ffffff;\">Que te pasa que te noto lento<\/span><\/p><p style=\"text-align: center;\"><span style=\"color: #ffffff;\">El tiempo de Dios es perfecto, no existe metr\u00f3nomo para mi tiempo<\/span><\/p><p style=\"text-align: center;\"><span style=\"color: #ffffff;\">No estamos en ley estamos aqu\u00ed, de la esquina al VIP<\/span><\/p><p style=\"text-align: center;\"><span style=\"color: #ffffff;\">Putas como Riley Reep, cl\u00e1sico como ABC<\/span><\/p><p style=\"text-align: center;\"><span style=\"color: #ffffff;\">Las Joyas brillan tanto, que no te veo, pa hablar conmigo t\u00edrale al manejo por correo<\/span><\/p><p style=\"text-align: center;\"><span style=\"color: #ffffff;\">Yo ten\u00eda un talento especial desde ni\u00f1o, como Ronaldinho,<\/span><\/p><p style=\"text-align: center;\"><span style=\"color: #ffffff;\">Me los desayuno uno a uno y me enqui\u00f1o,<\/span><\/p><p style=\"text-align: center;\"><span style=\"color: #ffffff;\">Como joya nunca me desti\u00f1o, pa este c\u00e1ncer yo soy la quimio,<\/span><\/p><p style=\"text-align: center;\"><span style=\"color: #ffffff;\">Como astro siempre que me alineo les tiro la roja para el exterminio<\/span><\/p><p style=\"text-align: center;\"><span style=\"color: #ffffff;\">Ratatata, las strippers en la disco tir\u00e1ndote el culo pa atr\u00e1s,<\/span><\/p><p style=\"text-align: center;\"><span style=\"color: #ffffff;\">suenan clap clap clap, sube a bordo y pla pla pla,<\/span><\/p><p style=\"text-align: center;\"><span style=\"color: #ffffff;\">como no ten\u00eda na, ahora que tengo de to y me toc\u00f3,<\/span><\/p><p style=\"text-align: center;\"><span style=\"color: #ffffff;\">hacen conferencia adjunta y me tiran t\u00f3, si uno por uno es uno,<\/span><\/p><p style=\"text-align: center;\"><span style=\"color: #ffffff;\">y dos por uno es dos, por ley Siempre fu\u00ed yo,<\/span><\/p><p style=\"text-align: center;\"><span style=\"color: #ffffff;\">el que te lo escribi\u00f3, haz memoria que el Yonka el que se cay\u00f3<\/span><\/p><p style=\"text-align: center;\"><span style=\"color: #ffffff;\">na m\u00e1 que grab\u00f3 el primer tema y coron\u00f3<\/span><\/p><p style=\"text-align: center;\">\u00a0<\/p><p style=\"text-align: center;\"><span style=\"color: #ffffff;\">Ahora es haciendo Ticket y a contar<\/span><\/p><p style=\"text-align: center;\"><span style=\"color: #ffffff;\">Na ma\u2019 grab\u00e9 el primer tema<\/span><\/p><p style=\"text-align: center;\"><span style=\"color: #ffffff;\">Y me llamaron pa\u2019 firmar<\/span><\/p><p style=\"text-align: center;\"><span style=\"color: #ffffff;\">Capsulita de 420 pa\u2019 quemar<\/span><\/p><p style=\"text-align: center;\"><span style=\"color: #ffffff;\">La m\u00fasica es quien me viste<\/span><\/p><p style=\"text-align: center;\"><span style=\"color: #ffffff;\">Sin tener que aparentar<\/span><\/p><p style=\"text-align: center;\"><span style=\"color: #ffffff;\">Ahora es haciendo Ticket y a contar<\/span><\/p><p style=\"text-align: center;\"><span style=\"color: #ffffff;\">Na ma\u2019 grab\u00e9 el primer tema<\/span><\/p><p style=\"text-align: center;\"><span style=\"color: #ffffff;\">Y me llamaron pa\u2019 firmar<\/span><\/p><p style=\"text-align: center;\"><span style=\"color: #ffffff;\">Capsulita de 420 pa\u2019 quemar<\/span><\/p><p style=\"text-align: center;\"><span style=\"color: #ffffff;\">La m\u00fasica es quien me viste<\/span><\/p><p style=\"text-align: center;\"><span style=\"color: #ffffff;\">Sin tener que aparentar<\/span><\/p><\/div>\t\t\t\t\t<\/div>\n\t\t\t\t\t\t<\/div>\n\t\t\t\t<\/div>\n\t\t\t\t\t\t<\/div>\n\t\t\t\t\t<\/div>\n\t\t<\/div>\n\t\t\t\t\t\t\t\t<\/div>\n\t\t\t\t\t<\/div>\n\t\t<\/section>\n\t\t\t\t\t\t<\/div>\n\t\t\t\t\t\t<\/div>\n\t\t\t\t\t<\/div>\n\t\t","protected":false},"excerpt":{"rendered":"<p>SPOTIFY APPLE MUSIC DEEZER AMAZON MUSIC No hay m\u00e1s na\u2019 que decir \u00a0 Ahora es haciendo Ticket y a contar Na ma\u2019 grab\u00e9 el primer tema Y me llamaron pa\u2019 firmar Capsulita de 420 pa\u2019 quemar La m\u00fasica es quien me viste Sin tener que aparentar Ahora es haciendo Ticket y a contar Na ma\u2019.<\/p>\n","protected":false},"author":1,"featured_media":0,"parent":0,"menu_order":0,"comment_status":"closed","ping_status":"closed","template":"","meta":{"footnotes":""},"categories":[42],"tags":[],"class_list":["post-5183","page","type-page","status-publish","hentry","category-testi"],"yoast_head":"<!-- This site is optimized with the Yoast SEO plugin v19.6.1 - https:\/\/yoast.com\/wordpress\/plugins\/seo\/ -->\n<title>Ticket &amp; Contar - Di Benedetto Productions<\/title>\n<meta name=\"robots\" content=\"index, follow, max-snippet:-1, max-image-preview:large, max-video-preview:-1\" \/>\n<link rel=\"canonical\" href=\"https:\/\/dibenedettoproductions.com\/?page_id=5183\" \/>\n<meta property=\"og:locale\" content=\"it_IT\" \/>\n<meta property=\"og:type\" content=\"article\" \/>\n<meta property=\"og:title\" content=\"Ticket &amp; Contar - Di Benedetto Productions\" \/>\n<meta property=\"og:description\" content=\"SPOTIFY APPLE MUSIC DEEZER AMAZON MUSIC No hay m\u00e1s na\u2019 que decir \u00a0 Ahora es haciendo Ticket y a contar Na ma\u2019 grab\u00e9 el primer tema Y me llamaron pa\u2019 firmar Capsulita de 420 pa\u2019 quemar La m\u00fasica es quien me viste Sin tener que aparentar Ahora es haciendo Ticket y a contar Na ma\u2019.\" \/>\n<meta property=\"og:url\" content=\"https:\/\/dibenedettoproductions.com\/?page_id=5183\" \/>\n<meta property=\"og:site_name\" content=\"Di Benedetto Productions\" \/>\n<meta property=\"article:modified_time\" content=\"2021-08-06T07:21:14+00:00\" \/>\n<meta name=\"twitter:card\" content=\"summary_large_image\" \/>\n<meta name=\"twitter:label1\" content=\"Tempo di lettura stimato\" \/>\n\t<meta name=\"twitter:data1\" content=\"3 minuti\" \/>\n<script type=\"application\/ld+json\" class=\"yoast-schema-graph\">{\"@context\":\"https:\/\/schema.org\",\"@graph\":[{\"@type\":\"WebPage\",\"@id\":\"https:\/\/dibenedettoproductions.com\/?page_id=5183\",\"url\":\"https:\/\/dibenedettoproductions.com\/?page_id=5183\",\"name\":\"Ticket & Contar - Di Benedetto Productions\",\"isPartOf\":{\"@id\":\"https:\/\/dibenedettoproductions.com\/#website\"},\"datePublished\":\"2021-05-18T10:28:12+00:00\",\"dateModified\":\"2021-08-06T07:21:14+00:00\",\"breadcrumb\":{\"@id\":\"https:\/\/dibenedettoproductions.com\/?page_id=5183#breadcrumb\"},\"inLanguage\":\"it-IT\",\"potentialAction\":[{\"@type\":\"ReadAction\",\"target\":[\"https:\/\/dibenedettoproductions.com\/?page_id=5183\"]}]},{\"@type\":\"BreadcrumbList\",\"@id\":\"https:\/\/dibenedettoproductions.com\/?page_id=5183#breadcrumb\",\"itemListElement\":[{\"@type\":\"ListItem\",\"position\":1,\"name\":\"Home\",\"item\":\"https:\/\/dibenedettoproductions.com\/\"},{\"@type\":\"ListItem\",\"position\":2,\"name\":\"Ticket &#038; Contar\"}]},{\"@type\":\"WebSite\",\"@id\":\"https:\/\/dibenedettoproductions.com\/#website\",\"url\":\"https:\/\/dibenedettoproductions.com\/\",\"name\":\"Di Benedetto Productions\",\"description\":\"\",\"publisher\":{\"@id\":\"https:\/\/dibenedettoproductions.com\/#organization\"},\"potentialAction\":[{\"@type\":\"SearchAction\",\"target\":{\"@type\":\"EntryPoint\",\"urlTemplate\":\"https:\/\/dibenedettoproductions.com\/?s={search_term_string}\"},\"query-input\":\"required name=search_term_string\"}],\"inLanguage\":\"it-IT\"},{\"@type\":\"Organization\",\"@id\":\"https:\/\/dibenedettoproductions.com\/#organization\",\"name\":\"DI BENEDETTO PRODUCTIONS\",\"url\":\"https:\/\/dibenedettoproductions.com\/\",\"sameAs\":[],\"logo\":{\"@type\":\"ImageObject\",\"inLanguage\":\"it-IT\",\"@id\":\"https:\/\/dibenedettoproductions.com\/#\/schema\/logo\/image\/\",\"url\":\"https:\/\/dibenedettoproductions.com\/wp-content\/uploads\/2021\/09\/logo_di_benedetto_productions.jpg\",\"contentUrl\":\"https:\/\/dibenedettoproductions.com\/wp-content\/uploads\/2021\/09\/logo_di_benedetto_productions.jpg\",\"width\":225,\"height\":225,\"caption\":\"DI BENEDETTO PRODUCTIONS\"},\"image\":{\"@id\":\"https:\/\/dibenedettoproductions.com\/#\/schema\/logo\/image\/\"}}]}<\/script>\n<!-- \/ Yoast SEO plugin. -->","yoast_head_json":{"title":"Ticket & Contar - Di Benedetto Productions","robots":{"index":"index","follow":"follow","max-snippet":"max-snippet:-1","max-image-preview":"max-image-preview:large","max-video-preview":"max-video-preview:-1"},"canonical":"https:\/\/dibenedettoproductions.com\/?page_id=5183","og_locale":"it_IT","og_type":"article","og_title":"Ticket & Contar - Di Benedetto Productions","og_description":"SPOTIFY APPLE MUSIC DEEZER AMAZON MUSIC No hay m\u00e1s na\u2019 que decir \u00a0 Ahora es haciendo Ticket y a contar Na ma\u2019 grab\u00e9 el primer tema Y me llamaron pa\u2019 firmar Capsulita de 420 pa\u2019 quemar La m\u00fasica es quien me viste Sin tener que aparentar Ahora es haciendo Ticket y a contar Na ma\u2019.","og_url":"https:\/\/dibenedettoproductions.com\/?page_id=5183","og_site_name":"Di Benedetto Productions","article_modified_time":"2021-08-06T07:21:14+00:00","twitter_card":"summary_large_image","twitter_misc":{"Tempo di lettura stimato":"3 minuti"},"schema":{"@context":"https:\/\/schema.org","@graph":[{"@type":"WebPage","@id":"https:\/\/dibenedettoproductions.com\/?page_id=5183","url":"https:\/\/dibenedettoproductions.com\/?page_id=5183","name":"Ticket & Contar - Di Benedetto Productions","isPartOf":{"@id":"https:\/\/dibenedettoproductions.com\/#website"},"datePublished":"2021-05-18T10:28:12+00:00","dateModified":"2021-08-06T07:21:14+00:00","breadcrumb":{"@id":"https:\/\/dibenedettoproductions.com\/?page_id=5183#breadcrumb"},"inLanguage":"it-IT","potentialAction":[{"@type":"ReadAction","target":["https:\/\/dibenedettoproductions.com\/?page_id=5183"]}]},{"@type":"BreadcrumbList","@id":"https:\/\/dibenedettoproductions.com\/?page_id=5183#breadcrumb","itemListElement":[{"@type":"ListItem","position":1,"name":"Home","item":"https:\/\/dibenedettoproductions.com\/"},{"@type":"ListItem","position":2,"name":"Ticket &#038; Contar"}]},{"@type":"WebSite","@id":"https:\/\/dibenedettoproductions.com\/#website","url":"https:\/\/dibenedettoproductions.com\/","name":"Di Benedetto Productions","description":"","publisher":{"@id":"https:\/\/dibenedettoproductions.com\/#organization"},"potentialAction":[{"@type":"SearchAction","target":{"@type":"EntryPoint","urlTemplate":"https:\/\/dibenedettoproductions.com\/?s={search_term_string}"},"query-input":"required name=search_term_string"}],"inLanguage":"it-IT"},{"@type":"Organization","@id":"https:\/\/dibenedettoproductions.com\/#organization","name":"DI BENEDETTO PRODUCTIONS","url":"https:\/\/dibenedettoproductions.com\/","sameAs":[],"logo":{"@type":"ImageObject","inLanguage":"it-IT","@id":"https:\/\/dibenedettoproductions.com\/#\/schema\/logo\/image\/","url":"https:\/\/dibenedettoproductions.com\/wp-content\/uploads\/2021\/09\/logo_di_benedetto_productions.jpg","contentUrl":"https:\/\/dibenedettoproductions.com\/wp-content\/uploads\/2021\/09\/logo_di_benedetto_productions.jpg","width":225,"height":225,"caption":"DI BENEDETTO PRODUCTIONS"},"image":{"@id":"https:\/\/dibenedettoproductions.com\/#\/schema\/logo\/image\/"}}]}},"_links":{"self":[{"href":"https:\/\/dibenedettoproductions.com\/index.php?rest_route=\/wp\/v2\/pages\/5183","targetHints":{"allow":["GET"]}}],"collection":[{"href":"https:\/\/dibenedettoproductions.com\/index.php?rest_route=\/wp\/v2\/pages"}],"about":[{"href":"https:\/\/dibenedettoproductions.com\/index.php?rest_route=\/wp\/v2\/types\/page"}],"author":[{"embeddable":true,"href":"https:\/\/dibenedettoproductions.com\/index.php?rest_route=\/wp\/v2\/users\/1"}],"replies":[{"embeddable":true,"href":"https:\/\/dibenedettoproductions.com\/index.php?rest_route=%2Fwp%2Fv2%2Fcomments&post=5183"}],"version-history":[{"count":7,"href":"https:\/\/dibenedettoproductions.com\/index.php?rest_route=\/wp\/v2\/pages\/5183\/revisions"}],"predecessor-version":[{"id":5989,"href":"https:\/\/dibenedettoproductions.com\/index.php?rest_route=\/wp\/v2\/pages\/5183\/revisions\/5989"}],"wp:attachment":[{"href":"https:\/\/dibenedettoproductions.com\/index.php?rest_route=%2Fwp%2Fv2%2Fmedia&parent=5183"}],"wp:term":[{"taxonomy":"category","embeddable":true,"href":"https:\/\/dibenedettoproductions.com\/index.php?rest_route=%2Fwp%2Fv2%2Fcategories&post=5183"},{"taxonomy":"post_tag","embeddable":true,"href":"https:\/\/dibenedettoproductions.com\/index.php?rest_route=%2Fwp%2Fv2%2Ftags&post=5183"}],"curies":[{"name":"wp","href":"https:\/\/api.w.org\/{rel}","templated":true}]}}