{"id":4958,"date":"2021-04-16T11:12:12","date_gmt":"2021-04-16T11:12:12","guid":{"rendered":"https:\/\/dibenedettoproductions.com\/?page_id=4958"},"modified":"2021-08-05T15:19:21","modified_gmt":"2021-08-05T15:19:21","slug":"mentirosa","status":"publish","type":"page","link":"https:\/\/dibenedettoproductions.com\/?page_id=4958","title":{"rendered":"Mentirosa"},"content":{"rendered":"\t\t<div data-elementor-type=\"wp-page\" data-elementor-id=\"4958\" class=\"elementor elementor-4958\" data-elementor-settings=\"[]\">\n\t\t\t\t\t\t<div class=\"elementor-inner\">\n\t\t\t\t\t\t\t<div class=\"elementor-section-wrap\">\n\t\t\t\t\t\t\t<section class=\"elementor-section elementor-top-section elementor-element elementor-element-6406044 elementor-section-stretched elementor-section-boxed elementor-section-height-default elementor-section-height-default\" data-id=\"6406044\" data-element_type=\"section\" data-settings=\"{&quot;stretch_section&quot;:&quot;section-stretched&quot;,&quot;background_background&quot;:&quot;classic&quot;}\">\n\t\t\t\t\t\t<div class=\"elementor-container elementor-column-gap-default\">\n\t\t\t\t\t\t\t<div class=\"elementor-row\">\n\t\t\t\t\t<div class=\"elementor-column elementor-col-25 elementor-top-column elementor-element elementor-element-2368a80\" data-id=\"2368a80\" data-element_type=\"column\">\n\t\t\t<div class=\"elementor-column-wrap elementor-element-populated\">\n\t\t\t\t\t\t\t<div class=\"elementor-widget-wrap\">\n\t\t\t\t\t\t<div class=\"elementor-element elementor-element-6245344 elementor-align-center elementor-widget elementor-widget-button\" data-id=\"6245344\" data-element_type=\"widget\" data-widget_type=\"button.default\">\n\t\t\t\t<div class=\"elementor-widget-container\">\n\t\t\t\t\t<div class=\"elementor-button-wrapper\">\n\t\t\t<a href=\"https:\/\/open.spotify.com\/track\/6Fc0dEUgBwOHC9IbH7ZJqj?si=3906981df10a4b68%20\" class=\"elementor-button-link elementor-button elementor-size-sm\" role=\"button\">\n\t\t\t\t\t\t<span class=\"elementor-button-content-wrapper\">\n\t\t\t\t\t\t<span class=\"elementor-button-text\">SPOTIFY<\/span>\n\t\t<\/span>\n\t\t\t\t\t<\/a>\n\t\t<\/div>\n\t\t\t\t<\/div>\n\t\t\t\t<\/div>\n\t\t\t\t\t\t<\/div>\n\t\t\t\t\t<\/div>\n\t\t<\/div>\n\t\t\t\t<div class=\"elementor-column elementor-col-25 elementor-top-column elementor-element elementor-element-eb80955\" data-id=\"eb80955\" data-element_type=\"column\">\n\t\t\t<div class=\"elementor-column-wrap elementor-element-populated\">\n\t\t\t\t\t\t\t<div class=\"elementor-widget-wrap\">\n\t\t\t\t\t\t<div class=\"elementor-element elementor-element-caf3548 elementor-align-center elementor-widget elementor-widget-button\" data-id=\"caf3548\" data-element_type=\"widget\" data-widget_type=\"button.default\">\n\t\t\t\t<div class=\"elementor-widget-container\">\n\t\t\t\t\t<div class=\"elementor-button-wrapper\">\n\t\t\t<a href=\"https:\/\/music.apple.com\/it\/album\/mentirosa\/1560115681?i=1560115682%20\" class=\"elementor-button-link elementor-button elementor-size-sm\" role=\"button\">\n\t\t\t\t\t\t<span class=\"elementor-button-content-wrapper\">\n\t\t\t\t\t\t<span class=\"elementor-button-text\">APPLE MUSIC<\/span>\n\t\t<\/span>\n\t\t\t\t\t<\/a>\n\t\t<\/div>\n\t\t\t\t<\/div>\n\t\t\t\t<\/div>\n\t\t\t\t\t\t<\/div>\n\t\t\t\t\t<\/div>\n\t\t<\/div>\n\t\t\t\t<div class=\"elementor-column elementor-col-25 elementor-top-column elementor-element elementor-element-a11bf50\" data-id=\"a11bf50\" data-element_type=\"column\">\n\t\t\t<div class=\"elementor-column-wrap elementor-element-populated\">\n\t\t\t\t\t\t\t<div class=\"elementor-widget-wrap\">\n\t\t\t\t\t\t<div class=\"elementor-element elementor-element-cc62e94 elementor-align-center elementor-widget elementor-widget-button\" data-id=\"cc62e94\" data-element_type=\"widget\" data-widget_type=\"button.default\">\n\t\t\t\t<div class=\"elementor-widget-container\">\n\t\t\t\t\t<div class=\"elementor-button-wrapper\">\n\t\t\t<a href=\"https:\/\/deezer.page.link\/dfscBDBiqZVSN66a6%20\" class=\"elementor-button-link elementor-button elementor-size-sm\" role=\"button\">\n\t\t\t\t\t\t<span class=\"elementor-button-content-wrapper\">\n\t\t\t\t\t\t<span class=\"elementor-button-text\">DEEZER<\/span>\n\t\t<\/span>\n\t\t\t\t\t<\/a>\n\t\t<\/div>\n\t\t\t\t<\/div>\n\t\t\t\t<\/div>\n\t\t\t\t\t\t<\/div>\n\t\t\t\t\t<\/div>\n\t\t<\/div>\n\t\t\t\t<div class=\"elementor-column elementor-col-25 elementor-top-column elementor-element elementor-element-360adeb\" data-id=\"360adeb\" data-element_type=\"column\">\n\t\t\t<div class=\"elementor-column-wrap elementor-element-populated\">\n\t\t\t\t\t\t\t<div class=\"elementor-widget-wrap\">\n\t\t\t\t\t\t<div class=\"elementor-element elementor-element-ca31286 elementor-align-center elementor-widget elementor-widget-button\" data-id=\"ca31286\" data-element_type=\"widget\" data-widget_type=\"button.default\">\n\t\t\t\t<div class=\"elementor-widget-container\">\n\t\t\t\t\t<div class=\"elementor-button-wrapper\">\n\t\t\t<a href=\"https:\/\/music.amazon.it\/albums\/B08ZSR6VYG?trackAsin=B08ZSKJJND&#038;ref=dm_sh_9f0b-3394-90d2-cf07-78d1f%20\" class=\"elementor-button-link elementor-button elementor-size-sm\" role=\"button\">\n\t\t\t\t\t\t<span class=\"elementor-button-content-wrapper\">\n\t\t\t\t\t\t<span class=\"elementor-button-text\">AMAZON MUSIC<\/span>\n\t\t<\/span>\n\t\t\t\t\t<\/a>\n\t\t<\/div>\n\t\t\t\t<\/div>\n\t\t\t\t<\/div>\n\t\t\t\t\t\t<\/div>\n\t\t\t\t\t<\/div>\n\t\t<\/div>\n\t\t\t\t\t\t\t\t<\/div>\n\t\t\t\t\t<\/div>\n\t\t<\/section>\n\t\t\t\t<section class=\"elementor-section elementor-top-section elementor-element elementor-element-a4f2e44 elementor-section-stretched elementor-section-boxed elementor-section-height-default elementor-section-height-default\" data-id=\"a4f2e44\" data-element_type=\"section\" data-settings=\"{&quot;stretch_section&quot;:&quot;section-stretched&quot;,&quot;background_background&quot;:&quot;classic&quot;}\">\n\t\t\t\t\t\t<div class=\"elementor-container elementor-column-gap-default\">\n\t\t\t\t\t\t\t<div class=\"elementor-row\">\n\t\t\t\t\t<div class=\"elementor-column elementor-col-100 elementor-top-column elementor-element elementor-element-dd76146\" data-id=\"dd76146\" data-element_type=\"column\">\n\t\t\t<div class=\"elementor-column-wrap elementor-element-populated\">\n\t\t\t\t\t\t\t<div class=\"elementor-widget-wrap\">\n\t\t\t\t\t\t<div class=\"elementor-element elementor-element-8e5533e elementor-widget elementor-widget-text-editor\" data-id=\"8e5533e\" data-element_type=\"widget\" data-widget_type=\"text-editor.default\">\n\t\t\t\t<div class=\"elementor-widget-container\">\n\t\t\t\t\t\t\t\t<div class=\"elementor-text-editor elementor-clearfix\">\n\t\t\t\t<p style=\"text-align: center;\"><span style=\"color: #ffffff;\">T\u00fa dices que ahora fui yooo no oooo<\/span><\/p><p style=\"text-align: center;\"><span style=\"color: #ffffff;\">No dices que fuistes t\u00fa no no<\/span><\/p><p style=\"text-align: center;\"><span style=\"color: #ffffff;\">La que traicion\u00f3<\/span><\/p><p style=\"text-align: center;\"><span style=\"color: #ffffff;\">todo lo rompi\u00f3<\/span><\/p><p style=\"text-align: center;\"><span style=\"color: #ffffff;\">Y ahora me vienes diciendo que el fallo es m\u00edo<\/span><\/p><p style=\"text-align: center;\"><span style=\"color: #ffffff;\">Y que el error fui yo<\/span><\/p><p style=\"text-align: center;\">\u00a0<\/p><p style=\"text-align: center;\"><span style=\"color: #ffffff;\">Mentirosa<\/span><\/p><p style=\"text-align: center;\"><span style=\"color: #ffffff;\">T\u00fa eres doble cara y otras cosas<\/span><\/p><p style=\"text-align: center;\"><span style=\"color: #ffffff;\">Hoy saliste pa la calle peligrosa<\/span><\/p><p style=\"text-align: center;\"><span style=\"color: #ffffff;\">T\u00fa no eres novia<\/span><\/p><p style=\"text-align: center;\"><span style=\"color: #ffffff;\">Tampoco esposa<\/span><\/p><p style=\"text-align: center;\"><span style=\"color: #ffffff;\">T\u00fa andas en tus cosas<\/span><\/p><p style=\"text-align: center;\">\u00a0<\/p><p style=\"text-align: center;\"><span style=\"color: #ffffff;\">Mentirosa<\/span><\/p><p style=\"text-align: center;\"><span style=\"color: #ffffff;\">T\u00fa eres doble cara y otras cosas<\/span><\/p><p style=\"text-align: center;\"><span style=\"color: #ffffff;\">Hoy saliste pa la calle peligrosa<\/span><\/p><p style=\"text-align: center;\"><span style=\"color: #ffffff;\">T\u00fa no eres novia<\/span><\/p><p style=\"text-align: center;\"><span style=\"color: #ffffff;\">Tampoco esposa<\/span><\/p><p style=\"text-align: center;\"><span style=\"color: #ffffff;\">T\u00fa andas en tus cosas<\/span><\/p><p style=\"text-align: center;\">\u00a0<\/p><p style=\"text-align: center;\"><span style=\"color: #ffffff;\">Diabla<\/span><\/p><p style=\"text-align: center;\"><span style=\"color: #ffffff;\">Mamita que t\u00fa eres una Diabla<\/span><\/p><p style=\"text-align: center;\"><span style=\"color: #ffffff;\">Mira que he intentado yo dejarla<\/span><\/p><p style=\"text-align: center;\"><span style=\"color: #ffffff;\">Pero siempre tengo que llamarla pa ir a buscarla<\/span><\/p><p style=\"text-align: center;\">\u00a0<\/p><p style=\"text-align: center;\"><span style=\"color: #ffffff;\">Me he chingado a muchas<\/span><\/p><p style=\"text-align: center;\"><span style=\"color: #ffffff;\">Pero ninguna sabe igualarla<\/span><\/p><p style=\"text-align: center;\"><span style=\"color: #ffffff;\">Mira que he tratado de olvidarla<\/span><\/p><p style=\"text-align: center;\"><span style=\"color: #ffffff;\">Pero siempre tengo que llamarla pa ir a buscarla<\/span><\/p><p style=\"text-align: center;\">\u00a0<\/p><p style=\"text-align: center;\"><span style=\"color: #ffffff;\">Tiene el booty grande se le ve<\/span><\/p><p style=\"text-align: center;\"><span style=\"color: #ffffff;\">Est\u00e1 pa perreo est\u00e1 pa d\u00f3lares<\/span><\/p><p style=\"text-align: center;\"><span style=\"color: #ffffff;\">Mira que me dije que me lo jur\u00e9<\/span><\/p><p style=\"text-align: center;\"><span style=\"color: #ffffff;\">Que m\u00e1s nunca me la tirar\u00eda otra ves pero falle<\/span><\/p><p style=\"text-align: center;\">\u00a0<\/p><p style=\"text-align: center;\"><span style=\"color: #ffffff;\">Mentirosa<\/span><\/p><p style=\"text-align: center;\"><span style=\"color: #ffffff;\">T\u00fa eres doble cara y otras cosas<\/span><\/p><p style=\"text-align: center;\"><span style=\"color: #ffffff;\">Hoy saliste pa la calle peligrosa<\/span><\/p><p style=\"text-align: center;\"><span style=\"color: #ffffff;\">T\u00fa no eres novia ni esposa<\/span><\/p><p style=\"text-align: center;\"><span style=\"color: #ffffff;\">T\u00fa andas en tus cosas<\/span><\/p><p style=\"text-align: center;\">\u00a0<\/p><p style=\"text-align: center;\"><span style=\"color: #ffffff;\">Mentirosa<\/span><\/p><p style=\"text-align: center;\"><span style=\"color: #ffffff;\">T\u00fa eres doble cara y otras cosas<\/span><\/p><p style=\"text-align: center;\"><span style=\"color: #ffffff;\">Hoy saliste pa la calle peligrosa<\/span><\/p><p style=\"text-align: center;\"><span style=\"color: #ffffff;\">T\u00fa no eres ni novia ni esposa<\/span><\/p><p style=\"text-align: center;\"><span style=\"color: #ffffff;\">T\u00fa andas en tus cosas<\/span><\/p><p style=\"text-align: center;\">\u00a0<\/p><p style=\"text-align: center;\"><span style=\"color: #ffffff;\">You are pretty Liar<\/span><\/p><p style=\"text-align: center;\"><span style=\"color: #ffffff;\">Las mentiras adornadas pa que falle<\/span><\/p><p style=\"text-align: center;\"><span style=\"color: #ffffff;\">tranquilita hace falta que te calles<\/span><\/p><p style=\"text-align: center;\"><span style=\"color: #ffffff;\">Pa no volverme loco<\/span><\/p><p style=\"text-align: center;\"><span style=\"color: #ffffff;\">Un poco m\u00e1s loco y no votarme pa la Calle<\/span><\/p><p style=\"text-align: center;\">\u00a0<\/p><p style=\"text-align: center;\"><span style=\"color: #ffffff;\">T\u00fa te llenas de odio desde que me ve<\/span><\/p><p style=\"text-align: center;\"><span style=\"color: #ffffff;\">Eres una cara dura llena de interes<\/span><\/p><p style=\"text-align: center;\"><span style=\"color: #ffffff;\">Pero pa que<\/span><\/p><p style=\"text-align: center;\"><span style=\"color: #ffffff;\">Dime por qu\u00e9<\/span><\/p><p style=\"text-align: center;\"><span style=\"color: #ffffff;\">Eres una mazoquista<\/span><\/p><p style=\"text-align: center;\"><span style=\"color: #ffffff;\">Una y otra ves una y otra ves<\/span><\/p><p style=\"text-align: center;\">\u00a0<\/p><p style=\"text-align: center;\"><span style=\"color: #ffffff;\">Peor cuando cae la noche<\/span><\/p><p style=\"text-align: center;\"><span style=\"color: #ffffff;\">me cuelo en tu cama<\/span><\/p><p style=\"text-align: center;\"><span style=\"color: #ffffff;\">Aqui nadie te conoce<\/span><\/p><p style=\"text-align: center;\"><span style=\"color: #ffffff;\">por ser una dama por ser una dama<\/span><\/p><p style=\"text-align: center;\">\u00a0<\/p><p style=\"text-align: center;\"><span style=\"color: #ffffff;\">Mentirosa<\/span><\/p><p style=\"text-align: center;\"><span style=\"color: #ffffff;\">T\u00fa eres doble cara y otras cosas<\/span><\/p><p style=\"text-align: center;\"><span style=\"color: #ffffff;\">Hoy saliste pa la calle peligrosa<\/span><\/p><p style=\"text-align: center;\"><span style=\"color: #ffffff;\">T\u00fa no eres novia ni esposa<\/span><\/p><p style=\"text-align: center;\"><span style=\"color: #ffffff;\">T\u00fa andas en tus cosas<\/span><\/p><p style=\"text-align: center;\">\u00a0<\/p><p style=\"text-align: center;\"><span style=\"color: #ffffff;\">Mentirosa<\/span><\/p><p style=\"text-align: center;\"><span style=\"color: #ffffff;\">T\u00fa eres doble cara y otras cosas<\/span><\/p><p style=\"text-align: center;\"><span style=\"color: #ffffff;\">Hoy saliste pa la calle peligrosa<\/span><\/p><p style=\"text-align: center;\"><span style=\"color: #ffffff;\">T\u00fa no eres novia tampoco esposa<\/span><\/p><p style=\"text-align: center;\"><span style=\"color: #ffffff;\">T\u00fa andas en tus cosas<\/span><\/p>\t\t\t\t\t<\/div>\n\t\t\t\t\t\t<\/div>\n\t\t\t\t<\/div>\n\t\t\t\t\t\t<\/div>\n\t\t\t\t\t<\/div>\n\t\t<\/div>\n\t\t\t\t\t\t\t\t<\/div>\n\t\t\t\t\t<\/div>\n\t\t<\/section>\n\t\t\t\t\t\t<\/div>\n\t\t\t\t\t\t<\/div>\n\t\t\t\t\t<\/div>\n\t\t","protected":false},"excerpt":{"rendered":"<p>SPOTIFY APPLE MUSIC DEEZER AMAZON MUSIC T\u00fa dices que ahora fui yooo no oooo No dices que fuistes t\u00fa no no La que traicion\u00f3 todo lo rompi\u00f3 Y ahora me vienes diciendo que el fallo es m\u00edo Y que el error fui yo \u00a0 Mentirosa T\u00fa eres doble cara y otras cosas Hoy saliste pa.<\/p>\n","protected":false},"author":1,"featured_media":0,"parent":0,"menu_order":0,"comment_status":"closed","ping_status":"closed","template":"","meta":{"footnotes":""},"categories":[42],"tags":[],"class_list":["post-4958","page","type-page","status-publish","hentry","category-testi"],"yoast_head":"<!-- This site is optimized with the Yoast SEO plugin v19.6.1 - https:\/\/yoast.com\/wordpress\/plugins\/seo\/ -->\n<title>Mentirosa - Di Benedetto Productions<\/title>\n<meta name=\"robots\" content=\"index, follow, max-snippet:-1, max-image-preview:large, max-video-preview:-1\" \/>\n<link rel=\"canonical\" href=\"https:\/\/dibenedettoproductions.com\/?page_id=4958\" \/>\n<meta property=\"og:locale\" content=\"it_IT\" \/>\n<meta property=\"og:type\" content=\"article\" \/>\n<meta property=\"og:title\" content=\"Mentirosa - Di Benedetto Productions\" \/>\n<meta property=\"og:description\" content=\"SPOTIFY APPLE MUSIC DEEZER AMAZON MUSIC T\u00fa dices que ahora fui yooo no oooo No dices que fuistes t\u00fa no no La que traicion\u00f3 todo lo rompi\u00f3 Y ahora me vienes diciendo que el fallo es m\u00edo Y que el error fui yo \u00a0 Mentirosa T\u00fa eres doble cara y otras cosas Hoy saliste pa.\" \/>\n<meta property=\"og:url\" content=\"https:\/\/dibenedettoproductions.com\/?page_id=4958\" \/>\n<meta property=\"og:site_name\" content=\"Di Benedetto Productions\" \/>\n<meta property=\"article:modified_time\" content=\"2021-08-05T15:19:21+00:00\" \/>\n<meta name=\"twitter:card\" content=\"summary_large_image\" \/>\n<meta name=\"twitter:label1\" content=\"Tempo di lettura stimato\" \/>\n\t<meta name=\"twitter:data1\" content=\"2 minuti\" \/>\n<script type=\"application\/ld+json\" class=\"yoast-schema-graph\">{\"@context\":\"https:\/\/schema.org\",\"@graph\":[{\"@type\":\"WebPage\",\"@id\":\"https:\/\/dibenedettoproductions.com\/?page_id=4958\",\"url\":\"https:\/\/dibenedettoproductions.com\/?page_id=4958\",\"name\":\"Mentirosa - Di Benedetto Productions\",\"isPartOf\":{\"@id\":\"https:\/\/dibenedettoproductions.com\/#website\"},\"datePublished\":\"2021-04-16T11:12:12+00:00\",\"dateModified\":\"2021-08-05T15:19:21+00:00\",\"breadcrumb\":{\"@id\":\"https:\/\/dibenedettoproductions.com\/?page_id=4958#breadcrumb\"},\"inLanguage\":\"it-IT\",\"potentialAction\":[{\"@type\":\"ReadAction\",\"target\":[\"https:\/\/dibenedettoproductions.com\/?page_id=4958\"]}]},{\"@type\":\"BreadcrumbList\",\"@id\":\"https:\/\/dibenedettoproductions.com\/?page_id=4958#breadcrumb\",\"itemListElement\":[{\"@type\":\"ListItem\",\"position\":1,\"name\":\"Home\",\"item\":\"https:\/\/dibenedettoproductions.com\/\"},{\"@type\":\"ListItem\",\"position\":2,\"name\":\"Mentirosa\"}]},{\"@type\":\"WebSite\",\"@id\":\"https:\/\/dibenedettoproductions.com\/#website\",\"url\":\"https:\/\/dibenedettoproductions.com\/\",\"name\":\"Di Benedetto Productions\",\"description\":\"\",\"publisher\":{\"@id\":\"https:\/\/dibenedettoproductions.com\/#organization\"},\"potentialAction\":[{\"@type\":\"SearchAction\",\"target\":{\"@type\":\"EntryPoint\",\"urlTemplate\":\"https:\/\/dibenedettoproductions.com\/?s={search_term_string}\"},\"query-input\":\"required name=search_term_string\"}],\"inLanguage\":\"it-IT\"},{\"@type\":\"Organization\",\"@id\":\"https:\/\/dibenedettoproductions.com\/#organization\",\"name\":\"DI BENEDETTO PRODUCTIONS\",\"url\":\"https:\/\/dibenedettoproductions.com\/\",\"sameAs\":[],\"logo\":{\"@type\":\"ImageObject\",\"inLanguage\":\"it-IT\",\"@id\":\"https:\/\/dibenedettoproductions.com\/#\/schema\/logo\/image\/\",\"url\":\"https:\/\/dibenedettoproductions.com\/wp-content\/uploads\/2021\/09\/logo_di_benedetto_productions.jpg\",\"contentUrl\":\"https:\/\/dibenedettoproductions.com\/wp-content\/uploads\/2021\/09\/logo_di_benedetto_productions.jpg\",\"width\":225,\"height\":225,\"caption\":\"DI BENEDETTO PRODUCTIONS\"},\"image\":{\"@id\":\"https:\/\/dibenedettoproductions.com\/#\/schema\/logo\/image\/\"}}]}<\/script>\n<!-- \/ Yoast SEO plugin. -->","yoast_head_json":{"title":"Mentirosa - Di Benedetto Productions","robots":{"index":"index","follow":"follow","max-snippet":"max-snippet:-1","max-image-preview":"max-image-preview:large","max-video-preview":"max-video-preview:-1"},"canonical":"https:\/\/dibenedettoproductions.com\/?page_id=4958","og_locale":"it_IT","og_type":"article","og_title":"Mentirosa - Di Benedetto Productions","og_description":"SPOTIFY APPLE MUSIC DEEZER AMAZON MUSIC T\u00fa dices que ahora fui yooo no oooo No dices que fuistes t\u00fa no no La que traicion\u00f3 todo lo rompi\u00f3 Y ahora me vienes diciendo que el fallo es m\u00edo Y que el error fui yo \u00a0 Mentirosa T\u00fa eres doble cara y otras cosas Hoy saliste pa.","og_url":"https:\/\/dibenedettoproductions.com\/?page_id=4958","og_site_name":"Di Benedetto Productions","article_modified_time":"2021-08-05T15:19:21+00:00","twitter_card":"summary_large_image","twitter_misc":{"Tempo di lettura stimato":"2 minuti"},"schema":{"@context":"https:\/\/schema.org","@graph":[{"@type":"WebPage","@id":"https:\/\/dibenedettoproductions.com\/?page_id=4958","url":"https:\/\/dibenedettoproductions.com\/?page_id=4958","name":"Mentirosa - Di Benedetto Productions","isPartOf":{"@id":"https:\/\/dibenedettoproductions.com\/#website"},"datePublished":"2021-04-16T11:12:12+00:00","dateModified":"2021-08-05T15:19:21+00:00","breadcrumb":{"@id":"https:\/\/dibenedettoproductions.com\/?page_id=4958#breadcrumb"},"inLanguage":"it-IT","potentialAction":[{"@type":"ReadAction","target":["https:\/\/dibenedettoproductions.com\/?page_id=4958"]}]},{"@type":"BreadcrumbList","@id":"https:\/\/dibenedettoproductions.com\/?page_id=4958#breadcrumb","itemListElement":[{"@type":"ListItem","position":1,"name":"Home","item":"https:\/\/dibenedettoproductions.com\/"},{"@type":"ListItem","position":2,"name":"Mentirosa"}]},{"@type":"WebSite","@id":"https:\/\/dibenedettoproductions.com\/#website","url":"https:\/\/dibenedettoproductions.com\/","name":"Di Benedetto Productions","description":"","publisher":{"@id":"https:\/\/dibenedettoproductions.com\/#organization"},"potentialAction":[{"@type":"SearchAction","target":{"@type":"EntryPoint","urlTemplate":"https:\/\/dibenedettoproductions.com\/?s={search_term_string}"},"query-input":"required name=search_term_string"}],"inLanguage":"it-IT"},{"@type":"Organization","@id":"https:\/\/dibenedettoproductions.com\/#organization","name":"DI BENEDETTO PRODUCTIONS","url":"https:\/\/dibenedettoproductions.com\/","sameAs":[],"logo":{"@type":"ImageObject","inLanguage":"it-IT","@id":"https:\/\/dibenedettoproductions.com\/#\/schema\/logo\/image\/","url":"https:\/\/dibenedettoproductions.com\/wp-content\/uploads\/2021\/09\/logo_di_benedetto_productions.jpg","contentUrl":"https:\/\/dibenedettoproductions.com\/wp-content\/uploads\/2021\/09\/logo_di_benedetto_productions.jpg","width":225,"height":225,"caption":"DI BENEDETTO PRODUCTIONS"},"image":{"@id":"https:\/\/dibenedettoproductions.com\/#\/schema\/logo\/image\/"}}]}},"_links":{"self":[{"href":"https:\/\/dibenedettoproductions.com\/index.php?rest_route=\/wp\/v2\/pages\/4958","targetHints":{"allow":["GET"]}}],"collection":[{"href":"https:\/\/dibenedettoproductions.com\/index.php?rest_route=\/wp\/v2\/pages"}],"about":[{"href":"https:\/\/dibenedettoproductions.com\/index.php?rest_route=\/wp\/v2\/types\/page"}],"author":[{"embeddable":true,"href":"https:\/\/dibenedettoproductions.com\/index.php?rest_route=\/wp\/v2\/users\/1"}],"replies":[{"embeddable":true,"href":"https:\/\/dibenedettoproductions.com\/index.php?rest_route=%2Fwp%2Fv2%2Fcomments&post=4958"}],"version-history":[{"count":7,"href":"https:\/\/dibenedettoproductions.com\/index.php?rest_route=\/wp\/v2\/pages\/4958\/revisions"}],"predecessor-version":[{"id":5785,"href":"https:\/\/dibenedettoproductions.com\/index.php?rest_route=\/wp\/v2\/pages\/4958\/revisions\/5785"}],"wp:attachment":[{"href":"https:\/\/dibenedettoproductions.com\/index.php?rest_route=%2Fwp%2Fv2%2Fmedia&parent=4958"}],"wp:term":[{"taxonomy":"category","embeddable":true,"href":"https:\/\/dibenedettoproductions.com\/index.php?rest_route=%2Fwp%2Fv2%2Fcategories&post=4958"},{"taxonomy":"post_tag","embeddable":true,"href":"https:\/\/dibenedettoproductions.com\/index.php?rest_route=%2Fwp%2Fv2%2Ftags&post=4958"}],"curies":[{"name":"wp","href":"https:\/\/api.w.org\/{rel}","templated":true}]}}