{"id":4920,"date":"2021-04-14T09:34:25","date_gmt":"2021-04-14T09:34:25","guid":{"rendered":"https:\/\/dibenedettoproductions.com\/?page_id=4920"},"modified":"2021-08-06T07:01:09","modified_gmt":"2021-08-06T07:01:09","slug":"nos-volveremos-a-ver","status":"publish","type":"page","link":"https:\/\/dibenedettoproductions.com\/?page_id=4920","title":{"rendered":"Nos Volveremos a Ver"},"content":{"rendered":"\t\t<div data-elementor-type=\"wp-page\" data-elementor-id=\"4920\" class=\"elementor elementor-4920\" data-elementor-settings=\"[]\">\n\t\t\t\t\t\t<div class=\"elementor-inner\">\n\t\t\t\t\t\t\t<div class=\"elementor-section-wrap\">\n\t\t\t\t\t\t\t<section class=\"elementor-section elementor-top-section elementor-element elementor-element-f293cf0 elementor-section-stretched elementor-section-boxed elementor-section-height-default elementor-section-height-default\" data-id=\"f293cf0\" data-element_type=\"section\" data-settings=\"{&quot;stretch_section&quot;:&quot;section-stretched&quot;,&quot;background_background&quot;:&quot;classic&quot;}\">\n\t\t\t\t\t\t<div class=\"elementor-container elementor-column-gap-default\">\n\t\t\t\t\t\t\t<div class=\"elementor-row\">\n\t\t\t\t\t<div class=\"elementor-column elementor-col-25 elementor-top-column elementor-element elementor-element-711a741\" data-id=\"711a741\" data-element_type=\"column\">\n\t\t\t<div class=\"elementor-column-wrap elementor-element-populated\">\n\t\t\t\t\t\t\t<div class=\"elementor-widget-wrap\">\n\t\t\t\t\t\t<div class=\"elementor-element elementor-element-9d20ca3 elementor-align-center elementor-widget elementor-widget-button\" data-id=\"9d20ca3\" data-element_type=\"widget\" data-widget_type=\"button.default\">\n\t\t\t\t<div class=\"elementor-widget-container\">\n\t\t\t\t\t<div class=\"elementor-button-wrapper\">\n\t\t\t<a href=\"https:\/\/open.spotify.com\/track\/5lXrnkOMupKs8fWWCeSyPC?si=64bce49df0bf4d58%20\" class=\"elementor-button-link elementor-button elementor-size-sm\" role=\"button\">\n\t\t\t\t\t\t<span class=\"elementor-button-content-wrapper\">\n\t\t\t\t\t\t<span class=\"elementor-button-text\">SPOTIFY<\/span>\n\t\t<\/span>\n\t\t\t\t\t<\/a>\n\t\t<\/div>\n\t\t\t\t<\/div>\n\t\t\t\t<\/div>\n\t\t\t\t\t\t<\/div>\n\t\t\t\t\t<\/div>\n\t\t<\/div>\n\t\t\t\t<div class=\"elementor-column elementor-col-25 elementor-top-column elementor-element elementor-element-2b14f78\" data-id=\"2b14f78\" data-element_type=\"column\">\n\t\t\t<div class=\"elementor-column-wrap elementor-element-populated\">\n\t\t\t\t\t\t\t<div class=\"elementor-widget-wrap\">\n\t\t\t\t\t\t<div class=\"elementor-element elementor-element-57e49fc elementor-align-center elementor-widget elementor-widget-button\" data-id=\"57e49fc\" data-element_type=\"widget\" data-widget_type=\"button.default\">\n\t\t\t\t<div class=\"elementor-widget-container\">\n\t\t\t\t\t<div class=\"elementor-button-wrapper\">\n\t\t\t<a href=\"https:\/\/music.apple.com\/it\/album\/nos-volveremos-a-ver\/1560679299?i=1560679300%20\" class=\"elementor-button-link elementor-button elementor-size-sm\" role=\"button\">\n\t\t\t\t\t\t<span class=\"elementor-button-content-wrapper\">\n\t\t\t\t\t\t<span class=\"elementor-button-text\">APPLE MUSIC<\/span>\n\t\t<\/span>\n\t\t\t\t\t<\/a>\n\t\t<\/div>\n\t\t\t\t<\/div>\n\t\t\t\t<\/div>\n\t\t\t\t\t\t<\/div>\n\t\t\t\t\t<\/div>\n\t\t<\/div>\n\t\t\t\t<div class=\"elementor-column elementor-col-25 elementor-top-column elementor-element elementor-element-e8850b2\" data-id=\"e8850b2\" data-element_type=\"column\">\n\t\t\t<div class=\"elementor-column-wrap elementor-element-populated\">\n\t\t\t\t\t\t\t<div class=\"elementor-widget-wrap\">\n\t\t\t\t\t\t<div class=\"elementor-element elementor-element-b891960 elementor-align-center elementor-widget elementor-widget-button\" data-id=\"b891960\" data-element_type=\"widget\" data-widget_type=\"button.default\">\n\t\t\t\t<div class=\"elementor-widget-container\">\n\t\t\t\t\t<div class=\"elementor-button-wrapper\">\n\t\t\t<a href=\"https:\/\/deezer.page.link\/yGcM7Me8uSYqRgdp8%20\" class=\"elementor-button-link elementor-button elementor-size-sm\" role=\"button\">\n\t\t\t\t\t\t<span class=\"elementor-button-content-wrapper\">\n\t\t\t\t\t\t<span class=\"elementor-button-text\">DEEZER<\/span>\n\t\t<\/span>\n\t\t\t\t\t<\/a>\n\t\t<\/div>\n\t\t\t\t<\/div>\n\t\t\t\t<\/div>\n\t\t\t\t\t\t<\/div>\n\t\t\t\t\t<\/div>\n\t\t<\/div>\n\t\t\t\t<div class=\"elementor-column elementor-col-25 elementor-top-column elementor-element elementor-element-ec99477\" data-id=\"ec99477\" data-element_type=\"column\">\n\t\t\t<div class=\"elementor-column-wrap elementor-element-populated\">\n\t\t\t\t\t\t\t<div class=\"elementor-widget-wrap\">\n\t\t\t\t\t\t<div class=\"elementor-element elementor-element-395c6ed elementor-align-center elementor-widget elementor-widget-button\" data-id=\"395c6ed\" data-element_type=\"widget\" data-widget_type=\"button.default\">\n\t\t\t\t<div class=\"elementor-widget-container\">\n\t\t\t\t\t<div class=\"elementor-button-wrapper\">\n\t\t\t<a href=\"https:\/\/music.amazon.it\/albums\/B091BHKQG4?trackAsin=B091BDZJ97&#038;ref=dm_sh_446b-9621-c3e9-14a5-38fc8%20\" class=\"elementor-button-link elementor-button elementor-size-sm\" role=\"button\">\n\t\t\t\t\t\t<span class=\"elementor-button-content-wrapper\">\n\t\t\t\t\t\t<span class=\"elementor-button-text\">AMAZON MUSIC<\/span>\n\t\t<\/span>\n\t\t\t\t\t<\/a>\n\t\t<\/div>\n\t\t\t\t<\/div>\n\t\t\t\t<\/div>\n\t\t\t\t\t\t<\/div>\n\t\t\t\t\t<\/div>\n\t\t<\/div>\n\t\t\t\t\t\t\t\t<\/div>\n\t\t\t\t\t<\/div>\n\t\t<\/section>\n\t\t\t\t<section class=\"elementor-section elementor-top-section elementor-element elementor-element-a308ba3 elementor-section-stretched elementor-section-boxed elementor-section-height-default elementor-section-height-default\" data-id=\"a308ba3\" data-element_type=\"section\" data-settings=\"{&quot;stretch_section&quot;:&quot;section-stretched&quot;,&quot;background_background&quot;:&quot;classic&quot;}\">\n\t\t\t\t\t\t<div class=\"elementor-container elementor-column-gap-default\">\n\t\t\t\t\t\t\t<div class=\"elementor-row\">\n\t\t\t\t\t<div class=\"elementor-column elementor-col-100 elementor-top-column elementor-element elementor-element-f70d7fa\" data-id=\"f70d7fa\" data-element_type=\"column\">\n\t\t\t<div class=\"elementor-column-wrap elementor-element-populated\">\n\t\t\t\t\t\t\t<div class=\"elementor-widget-wrap\">\n\t\t\t\t\t\t<div class=\"elementor-element elementor-element-266e74e elementor-widget elementor-widget-text-editor\" data-id=\"266e74e\" data-element_type=\"widget\" data-widget_type=\"text-editor.default\">\n\t\t\t\t<div class=\"elementor-widget-container\">\n\t\t\t\t\t\t\t\t<div class=\"elementor-text-editor elementor-clearfix\">\n\t\t\t\t<p style=\"text-align: center;\"><span style=\"color: #ffffff;\">Ya no hay vuelta atr\u00e1s<\/span><\/p><p style=\"text-align: center;\"><span style=\"color: #ffffff;\">La vida me ense\u00f1\u00f3 quien eras t\u00fa<\/span><\/p><p style=\"text-align: center;\"><span style=\"color: #ffffff;\">Me ca\u00ed y me levant\u00e9<\/span><\/p><p style=\"text-align: center;\"><span style=\"color: #ffffff;\">Yo soy fuerte ya lo demostr\u00e9<\/span><\/p><p style=\"text-align: center;\">\u00a0<\/p><p style=\"text-align: center;\"><span style=\"color: #ffffff;\">Nos volveremo a ver<\/span><\/p><p style=\"text-align: center;\"><span style=\"color: #ffffff;\">Ese d\u00eda ni me vas a conocer<\/span><\/p><p style=\"text-align: center;\"><span style=\"color: #ffffff;\">La vida todo te lo va a devolver<\/span><\/p><p style=\"text-align: center;\"><span style=\"color: #ffffff;\">Fallaste, t\u00fa mentiste, fuiste infiel<\/span><\/p><p style=\"text-align: center;\"><span style=\"color: #ffffff;\">Nos volveremo a ver<\/span><\/p><p style=\"text-align: center;\"><span style=\"color: #ffffff;\">Ese d\u00eda ni me vas a conocer<\/span><\/p><p style=\"text-align: center;\"><span style=\"color: #ffffff;\">La vida todo te lo va a devolver<\/span><\/p><p style=\"text-align: center;\"><span style=\"color: #ffffff;\">Fallaste, t\u00fa mentiste, fuiste infiel<\/span><\/p><p style=\"text-align: center;\">\u00a0<\/p><p style=\"text-align: center;\"><span style=\"color: #ffffff;\">Ya no me importa nada aqu\u00ed todo cambi\u00f3<\/span><\/p><p style=\"text-align: center;\"><span style=\"color: #ffffff;\">Ahora esta historia quien la narra soy yo<\/span><\/p><p style=\"text-align: center;\"><span style=\"color: #ffffff;\">T\u00fa en mi pizarra solo fuiste un borr\u00f3n<\/span><\/p><p style=\"text-align: center;\"><span style=\"color: #ffffff;\">Ahora en mi vida solo quiero acci\u00f3n<\/span><\/p><p style=\"text-align: center;\"><span style=\"color: #ffffff;\">As\u00ed que deja el drama que no te creo<\/span><\/p><p style=\"text-align: center;\"><span style=\"color: #ffffff;\">No me escribas tanto que ya no te leo<\/span><\/p><p style=\"text-align: center;\"><span style=\"color: #ffffff;\">T\u00fa te equivocaste y me fallaste feo<\/span><\/p><p style=\"text-align: center;\"><span style=\"color: #ffffff;\">Ahora lo que a ti te toca es el bloqueo<\/span><\/p><p style=\"text-align: center;\">\u00a0<\/p><p style=\"text-align: center;\"><span style=\"color: #ffffff;\">Ahora la que no va a llamar soy yo<\/span><\/p><p style=\"text-align: center;\"><span style=\"color: #ffffff;\">Ahora la que no te va a escuchar soy yo<\/span><\/p><p style=\"text-align: center;\"><span style=\"color: #ffffff;\">Ahora la que no te va a buscar soy yo<\/span><\/p><p style=\"text-align: center;\"><span style=\"color: #ffffff;\">Ahora no me llames que todo cambi\u00f3<\/span><\/p><p style=\"text-align: center;\"><span style=\"color: #ffffff;\">Ahora la que no va a llamar soy yo<\/span><\/p><p style=\"text-align: center;\"><span style=\"color: #ffffff;\">Ahora la que no te va a escuchar soy yo<\/span><\/p><p style=\"text-align: center;\"><span style=\"color: #ffffff;\">Ahora la que no te va a buscar soy yo<\/span><\/p><p style=\"text-align: center;\"><span style=\"color: #ffffff;\">Ahora no me llames que todo cambi\u00f3<\/span><\/p><p style=\"text-align: center;\"><span style=\"color: #ffffff;\">Nos volveremo a ver<\/span><\/p><p style=\"text-align: center;\"><span style=\"color: #ffffff;\">Ese d\u00eda ni me vas a conocer<\/span><\/p><p style=\"text-align: center;\"><span style=\"color: #ffffff;\">La vida todo te lo va a devolver<\/span><\/p><p style=\"text-align: center;\"><span style=\"color: #ffffff;\">Fallaste, t\u00fa mentiste, fuiste infiel<\/span><\/p><p style=\"text-align: center;\"><span style=\"color: #ffffff;\">Nos volveremo a ver<\/span><\/p><p style=\"text-align: center;\"><span style=\"color: #ffffff;\">Ese d\u00eda ni me vas a conocer<\/span><\/p><p style=\"text-align: center;\"><span style=\"color: #ffffff;\">La vida todo te lo va a devolver<\/span><\/p><p style=\"text-align: center;\"><span style=\"color: #ffffff;\">Fallaste, t\u00fa mentiste, fuiste infiel<\/span><\/p><p style=\"text-align: center;\">\u00a0<\/p><p style=\"text-align: center;\"><span style=\"color: #ffffff;\">Ahora la que no va a llamar soy yo<\/span><\/p><p style=\"text-align: center;\"><span style=\"color: #ffffff;\">Ahora la que no te va a escuchar soy yo<\/span><\/p><p style=\"text-align: center;\"><span style=\"color: #ffffff;\">Ahora la que no te va a buscar soy yo<\/span><\/p><p style=\"text-align: center;\"><span style=\"color: #ffffff;\">Ahora no me llames que todo cambi\u00f3<\/span><\/p><p style=\"text-align: center;\"><span style=\"color: #ffffff;\">Ahora la que no va a llamar soy yo<\/span><\/p><p style=\"text-align: center;\"><span style=\"color: #ffffff;\">Ahora la que no te va a escuchar soy yo<\/span><\/p><p style=\"text-align: center;\"><span style=\"color: #ffffff;\">Ahora la que no te va a buscar soy yo<\/span><\/p><p style=\"text-align: center;\"><span style=\"color: #ffffff;\">Ahora no me llames que todo cambi\u00f3<\/span><\/p><p style=\"text-align: center;\">\u00a0<\/p><p style=\"text-align: center;\"><span style=\"color: #ffffff;\">Nos volveremo a ver<\/span><\/p><p style=\"text-align: center;\"><span style=\"color: #ffffff;\">Ese d\u00eda ni me vas a conocer<\/span><\/p><p style=\"text-align: center;\"><span style=\"color: #ffffff;\">La vida todo te lo va a devolver<\/span><\/p><p style=\"text-align: center;\"><span style=\"color: #ffffff;\">Fallaste, t\u00fa mentiste, fuiste infiel<\/span><\/p><p style=\"text-align: center;\"><span style=\"color: #ffffff;\">Nos volveremo a ver<\/span><\/p><p style=\"text-align: center;\"><span style=\"color: #ffffff;\">Ese d\u00eda ni me vas a conocer<\/span><\/p><p style=\"text-align: center;\"><span style=\"color: #ffffff;\">La vida todo te lo va a devolver<\/span><\/p><p style=\"text-align: center;\"><span style=\"color: #ffffff;\">Fallaste, t\u00fa mentiste, fuiste infiel<\/span><\/p>\t\t\t\t\t<\/div>\n\t\t\t\t\t\t<\/div>\n\t\t\t\t<\/div>\n\t\t\t\t\t\t<\/div>\n\t\t\t\t\t<\/div>\n\t\t<\/div>\n\t\t\t\t\t\t\t\t<\/div>\n\t\t\t\t\t<\/div>\n\t\t<\/section>\n\t\t\t\t\t\t<\/div>\n\t\t\t\t\t\t<\/div>\n\t\t\t\t\t<\/div>\n\t\t","protected":false},"excerpt":{"rendered":"<p>SPOTIFY APPLE MUSIC DEEZER AMAZON MUSIC Ya no hay vuelta atr\u00e1s La vida me ense\u00f1\u00f3 quien eras t\u00fa Me ca\u00ed y me levant\u00e9 Yo soy fuerte ya lo demostr\u00e9 \u00a0 Nos volveremo a ver Ese d\u00eda ni me vas a conocer La vida todo te lo va a devolver Fallaste, t\u00fa mentiste, fuiste infiel Nos.<\/p>\n","protected":false},"author":1,"featured_media":0,"parent":0,"menu_order":0,"comment_status":"closed","ping_status":"closed","template":"","meta":{"footnotes":""},"categories":[42],"tags":[],"class_list":["post-4920","page","type-page","status-publish","hentry","category-testi"],"yoast_head":"<!-- This site is optimized with the Yoast SEO plugin v19.6.1 - https:\/\/yoast.com\/wordpress\/plugins\/seo\/ -->\n<title>Nos Volveremos a Ver - Di Benedetto Productions<\/title>\n<meta name=\"robots\" content=\"index, follow, max-snippet:-1, max-image-preview:large, max-video-preview:-1\" \/>\n<link rel=\"canonical\" href=\"https:\/\/dibenedettoproductions.com\/?page_id=4920\" \/>\n<meta property=\"og:locale\" content=\"it_IT\" \/>\n<meta property=\"og:type\" content=\"article\" \/>\n<meta property=\"og:title\" content=\"Nos Volveremos a Ver - Di Benedetto Productions\" \/>\n<meta property=\"og:description\" content=\"SPOTIFY APPLE MUSIC DEEZER AMAZON MUSIC Ya no hay vuelta atr\u00e1s La vida me ense\u00f1\u00f3 quien eras t\u00fa Me ca\u00ed y me levant\u00e9 Yo soy fuerte ya lo demostr\u00e9 \u00a0 Nos volveremo a ver Ese d\u00eda ni me vas a conocer La vida todo te lo va a devolver Fallaste, t\u00fa mentiste, fuiste infiel Nos.\" \/>\n<meta property=\"og:url\" content=\"https:\/\/dibenedettoproductions.com\/?page_id=4920\" \/>\n<meta property=\"og:site_name\" content=\"Di Benedetto Productions\" \/>\n<meta property=\"article:modified_time\" content=\"2021-08-06T07:01:09+00:00\" \/>\n<meta name=\"twitter:card\" content=\"summary_large_image\" \/>\n<meta name=\"twitter:label1\" content=\"Tempo di lettura stimato\" \/>\n\t<meta name=\"twitter:data1\" content=\"2 minuti\" \/>\n<script type=\"application\/ld+json\" class=\"yoast-schema-graph\">{\"@context\":\"https:\/\/schema.org\",\"@graph\":[{\"@type\":\"WebPage\",\"@id\":\"https:\/\/dibenedettoproductions.com\/?page_id=4920\",\"url\":\"https:\/\/dibenedettoproductions.com\/?page_id=4920\",\"name\":\"Nos Volveremos a Ver - Di Benedetto Productions\",\"isPartOf\":{\"@id\":\"https:\/\/dibenedettoproductions.com\/#website\"},\"datePublished\":\"2021-04-14T09:34:25+00:00\",\"dateModified\":\"2021-08-06T07:01:09+00:00\",\"breadcrumb\":{\"@id\":\"https:\/\/dibenedettoproductions.com\/?page_id=4920#breadcrumb\"},\"inLanguage\":\"it-IT\",\"potentialAction\":[{\"@type\":\"ReadAction\",\"target\":[\"https:\/\/dibenedettoproductions.com\/?page_id=4920\"]}]},{\"@type\":\"BreadcrumbList\",\"@id\":\"https:\/\/dibenedettoproductions.com\/?page_id=4920#breadcrumb\",\"itemListElement\":[{\"@type\":\"ListItem\",\"position\":1,\"name\":\"Home\",\"item\":\"https:\/\/dibenedettoproductions.com\/\"},{\"@type\":\"ListItem\",\"position\":2,\"name\":\"Nos Volveremos a Ver\"}]},{\"@type\":\"WebSite\",\"@id\":\"https:\/\/dibenedettoproductions.com\/#website\",\"url\":\"https:\/\/dibenedettoproductions.com\/\",\"name\":\"Di Benedetto Productions\",\"description\":\"\",\"publisher\":{\"@id\":\"https:\/\/dibenedettoproductions.com\/#organization\"},\"potentialAction\":[{\"@type\":\"SearchAction\",\"target\":{\"@type\":\"EntryPoint\",\"urlTemplate\":\"https:\/\/dibenedettoproductions.com\/?s={search_term_string}\"},\"query-input\":\"required name=search_term_string\"}],\"inLanguage\":\"it-IT\"},{\"@type\":\"Organization\",\"@id\":\"https:\/\/dibenedettoproductions.com\/#organization\",\"name\":\"DI BENEDETTO PRODUCTIONS\",\"url\":\"https:\/\/dibenedettoproductions.com\/\",\"sameAs\":[],\"logo\":{\"@type\":\"ImageObject\",\"inLanguage\":\"it-IT\",\"@id\":\"https:\/\/dibenedettoproductions.com\/#\/schema\/logo\/image\/\",\"url\":\"https:\/\/dibenedettoproductions.com\/wp-content\/uploads\/2021\/09\/logo_di_benedetto_productions.jpg\",\"contentUrl\":\"https:\/\/dibenedettoproductions.com\/wp-content\/uploads\/2021\/09\/logo_di_benedetto_productions.jpg\",\"width\":225,\"height\":225,\"caption\":\"DI BENEDETTO PRODUCTIONS\"},\"image\":{\"@id\":\"https:\/\/dibenedettoproductions.com\/#\/schema\/logo\/image\/\"}}]}<\/script>\n<!-- \/ Yoast SEO plugin. -->","yoast_head_json":{"title":"Nos Volveremos a Ver - Di Benedetto Productions","robots":{"index":"index","follow":"follow","max-snippet":"max-snippet:-1","max-image-preview":"max-image-preview:large","max-video-preview":"max-video-preview:-1"},"canonical":"https:\/\/dibenedettoproductions.com\/?page_id=4920","og_locale":"it_IT","og_type":"article","og_title":"Nos Volveremos a Ver - Di Benedetto Productions","og_description":"SPOTIFY APPLE MUSIC DEEZER AMAZON MUSIC Ya no hay vuelta atr\u00e1s La vida me ense\u00f1\u00f3 quien eras t\u00fa Me ca\u00ed y me levant\u00e9 Yo soy fuerte ya lo demostr\u00e9 \u00a0 Nos volveremo a ver Ese d\u00eda ni me vas a conocer La vida todo te lo va a devolver Fallaste, t\u00fa mentiste, fuiste infiel Nos.","og_url":"https:\/\/dibenedettoproductions.com\/?page_id=4920","og_site_name":"Di Benedetto Productions","article_modified_time":"2021-08-06T07:01:09+00:00","twitter_card":"summary_large_image","twitter_misc":{"Tempo di lettura stimato":"2 minuti"},"schema":{"@context":"https:\/\/schema.org","@graph":[{"@type":"WebPage","@id":"https:\/\/dibenedettoproductions.com\/?page_id=4920","url":"https:\/\/dibenedettoproductions.com\/?page_id=4920","name":"Nos Volveremos a Ver - Di Benedetto Productions","isPartOf":{"@id":"https:\/\/dibenedettoproductions.com\/#website"},"datePublished":"2021-04-14T09:34:25+00:00","dateModified":"2021-08-06T07:01:09+00:00","breadcrumb":{"@id":"https:\/\/dibenedettoproductions.com\/?page_id=4920#breadcrumb"},"inLanguage":"it-IT","potentialAction":[{"@type":"ReadAction","target":["https:\/\/dibenedettoproductions.com\/?page_id=4920"]}]},{"@type":"BreadcrumbList","@id":"https:\/\/dibenedettoproductions.com\/?page_id=4920#breadcrumb","itemListElement":[{"@type":"ListItem","position":1,"name":"Home","item":"https:\/\/dibenedettoproductions.com\/"},{"@type":"ListItem","position":2,"name":"Nos Volveremos a Ver"}]},{"@type":"WebSite","@id":"https:\/\/dibenedettoproductions.com\/#website","url":"https:\/\/dibenedettoproductions.com\/","name":"Di Benedetto Productions","description":"","publisher":{"@id":"https:\/\/dibenedettoproductions.com\/#organization"},"potentialAction":[{"@type":"SearchAction","target":{"@type":"EntryPoint","urlTemplate":"https:\/\/dibenedettoproductions.com\/?s={search_term_string}"},"query-input":"required name=search_term_string"}],"inLanguage":"it-IT"},{"@type":"Organization","@id":"https:\/\/dibenedettoproductions.com\/#organization","name":"DI BENEDETTO PRODUCTIONS","url":"https:\/\/dibenedettoproductions.com\/","sameAs":[],"logo":{"@type":"ImageObject","inLanguage":"it-IT","@id":"https:\/\/dibenedettoproductions.com\/#\/schema\/logo\/image\/","url":"https:\/\/dibenedettoproductions.com\/wp-content\/uploads\/2021\/09\/logo_di_benedetto_productions.jpg","contentUrl":"https:\/\/dibenedettoproductions.com\/wp-content\/uploads\/2021\/09\/logo_di_benedetto_productions.jpg","width":225,"height":225,"caption":"DI BENEDETTO PRODUCTIONS"},"image":{"@id":"https:\/\/dibenedettoproductions.com\/#\/schema\/logo\/image\/"}}]}},"_links":{"self":[{"href":"https:\/\/dibenedettoproductions.com\/index.php?rest_route=\/wp\/v2\/pages\/4920","targetHints":{"allow":["GET"]}}],"collection":[{"href":"https:\/\/dibenedettoproductions.com\/index.php?rest_route=\/wp\/v2\/pages"}],"about":[{"href":"https:\/\/dibenedettoproductions.com\/index.php?rest_route=\/wp\/v2\/types\/page"}],"author":[{"embeddable":true,"href":"https:\/\/dibenedettoproductions.com\/index.php?rest_route=\/wp\/v2\/users\/1"}],"replies":[{"embeddable":true,"href":"https:\/\/dibenedettoproductions.com\/index.php?rest_route=%2Fwp%2Fv2%2Fcomments&post=4920"}],"version-history":[{"count":7,"href":"https:\/\/dibenedettoproductions.com\/index.php?rest_route=\/wp\/v2\/pages\/4920\/revisions"}],"predecessor-version":[{"id":5824,"href":"https:\/\/dibenedettoproductions.com\/index.php?rest_route=\/wp\/v2\/pages\/4920\/revisions\/5824"}],"wp:attachment":[{"href":"https:\/\/dibenedettoproductions.com\/index.php?rest_route=%2Fwp%2Fv2%2Fmedia&parent=4920"}],"wp:term":[{"taxonomy":"category","embeddable":true,"href":"https:\/\/dibenedettoproductions.com\/index.php?rest_route=%2Fwp%2Fv2%2Fcategories&post=4920"},{"taxonomy":"post_tag","embeddable":true,"href":"https:\/\/dibenedettoproductions.com\/index.php?rest_route=%2Fwp%2Fv2%2Ftags&post=4920"}],"curies":[{"name":"wp","href":"https:\/\/api.w.org\/{rel}","templated":true}]}}