{"id":4901,"date":"2021-04-14T09:22:49","date_gmt":"2021-04-14T09:22:49","guid":{"rendered":"https:\/\/dibenedettoproductions.com\/?page_id=4901"},"modified":"2021-08-06T07:02:06","modified_gmt":"2021-08-06T07:02:06","slug":"pa-que-te-enamores","status":"publish","type":"page","link":"https:\/\/dibenedettoproductions.com\/?page_id=4901","title":{"rendered":"Pa que te enamores"},"content":{"rendered":"\t\t<div data-elementor-type=\"wp-page\" data-elementor-id=\"4901\" class=\"elementor elementor-4901\" data-elementor-settings=\"[]\">\n\t\t\t\t\t\t<div class=\"elementor-inner\">\n\t\t\t\t\t\t\t<div class=\"elementor-section-wrap\">\n\t\t\t\t\t\t\t<section class=\"elementor-section elementor-top-section elementor-element elementor-element-82e7d25 elementor-section-stretched elementor-section-boxed elementor-section-height-default elementor-section-height-default\" data-id=\"82e7d25\" data-element_type=\"section\" data-settings=\"{&quot;stretch_section&quot;:&quot;section-stretched&quot;,&quot;background_background&quot;:&quot;classic&quot;}\">\n\t\t\t\t\t\t<div class=\"elementor-container elementor-column-gap-default\">\n\t\t\t\t\t\t\t<div class=\"elementor-row\">\n\t\t\t\t\t<div class=\"elementor-column elementor-col-25 elementor-top-column elementor-element elementor-element-08106e2\" data-id=\"08106e2\" data-element_type=\"column\">\n\t\t\t<div class=\"elementor-column-wrap elementor-element-populated\">\n\t\t\t\t\t\t\t<div class=\"elementor-widget-wrap\">\n\t\t\t\t\t\t<div class=\"elementor-element elementor-element-7450ddf elementor-align-center elementor-widget elementor-widget-button\" data-id=\"7450ddf\" data-element_type=\"widget\" data-widget_type=\"button.default\">\n\t\t\t\t<div class=\"elementor-widget-container\">\n\t\t\t\t\t<div class=\"elementor-button-wrapper\">\n\t\t\t<a href=\"https:\/\/open.spotify.com\/track\/4oFV6p4pGzWC6pWhswIgpB?si=jh7fjkIsT9Szl8n1g4ldwQ%20\" class=\"elementor-button-link elementor-button elementor-size-sm\" role=\"button\">\n\t\t\t\t\t\t<span class=\"elementor-button-content-wrapper\">\n\t\t\t\t\t\t<span class=\"elementor-button-text\">SPOTIFY<\/span>\n\t\t<\/span>\n\t\t\t\t\t<\/a>\n\t\t<\/div>\n\t\t\t\t<\/div>\n\t\t\t\t<\/div>\n\t\t\t\t\t\t<\/div>\n\t\t\t\t\t<\/div>\n\t\t<\/div>\n\t\t\t\t<div class=\"elementor-column elementor-col-25 elementor-top-column elementor-element elementor-element-44ce5a7\" data-id=\"44ce5a7\" data-element_type=\"column\">\n\t\t\t<div class=\"elementor-column-wrap elementor-element-populated\">\n\t\t\t\t\t\t\t<div class=\"elementor-widget-wrap\">\n\t\t\t\t\t\t<div class=\"elementor-element elementor-element-8adb537 elementor-align-center elementor-widget elementor-widget-button\" data-id=\"8adb537\" data-element_type=\"widget\" data-widget_type=\"button.default\">\n\t\t\t\t<div class=\"elementor-widget-container\">\n\t\t\t\t\t<div class=\"elementor-button-wrapper\">\n\t\t\t<a href=\"https:\/\/music.apple.com\/it\/album\/pa-que-te-enamores-single\/1556732841\" class=\"elementor-button-link elementor-button elementor-size-sm\" role=\"button\">\n\t\t\t\t\t\t<span class=\"elementor-button-content-wrapper\">\n\t\t\t\t\t\t<span class=\"elementor-button-text\">APPLE MUSIC<\/span>\n\t\t<\/span>\n\t\t\t\t\t<\/a>\n\t\t<\/div>\n\t\t\t\t<\/div>\n\t\t\t\t<\/div>\n\t\t\t\t\t\t<\/div>\n\t\t\t\t\t<\/div>\n\t\t<\/div>\n\t\t\t\t<div class=\"elementor-column elementor-col-25 elementor-top-column elementor-element elementor-element-c3d2541\" data-id=\"c3d2541\" data-element_type=\"column\">\n\t\t\t<div class=\"elementor-column-wrap elementor-element-populated\">\n\t\t\t\t\t\t\t<div class=\"elementor-widget-wrap\">\n\t\t\t\t\t\t<div class=\"elementor-element elementor-element-c14de91 elementor-align-center elementor-widget elementor-widget-button\" data-id=\"c14de91\" data-element_type=\"widget\" data-widget_type=\"button.default\">\n\t\t\t\t<div class=\"elementor-widget-container\">\n\t\t\t\t\t<div class=\"elementor-button-wrapper\">\n\t\t\t<a href=\"https:\/\/deezer.page.link\/JTkN8n42XxjHYCv69%20\" class=\"elementor-button-link elementor-button elementor-size-sm\" role=\"button\">\n\t\t\t\t\t\t<span class=\"elementor-button-content-wrapper\">\n\t\t\t\t\t\t<span class=\"elementor-button-text\">DEEZER<\/span>\n\t\t<\/span>\n\t\t\t\t\t<\/a>\n\t\t<\/div>\n\t\t\t\t<\/div>\n\t\t\t\t<\/div>\n\t\t\t\t\t\t<\/div>\n\t\t\t\t\t<\/div>\n\t\t<\/div>\n\t\t\t\t<div class=\"elementor-column elementor-col-25 elementor-top-column elementor-element elementor-element-467e2c8\" data-id=\"467e2c8\" data-element_type=\"column\">\n\t\t\t<div class=\"elementor-column-wrap elementor-element-populated\">\n\t\t\t\t\t\t\t<div class=\"elementor-widget-wrap\">\n\t\t\t\t\t\t<div class=\"elementor-element elementor-element-7eb21df elementor-align-center elementor-widget elementor-widget-button\" data-id=\"7eb21df\" data-element_type=\"widget\" data-widget_type=\"button.default\">\n\t\t\t\t<div class=\"elementor-widget-container\">\n\t\t\t\t\t<div class=\"elementor-button-wrapper\">\n\t\t\t<a href=\"https:\/\/music.amazon.it\/albums\/B08Y128S1Q?do=play&#038;trackAsin=B08Y5QNCXV&#038;ref=dm_sh_yVk9rwgDS5OUWBl8mHsgirElX\" class=\"elementor-button-link elementor-button elementor-size-sm\" role=\"button\">\n\t\t\t\t\t\t<span class=\"elementor-button-content-wrapper\">\n\t\t\t\t\t\t<span class=\"elementor-button-text\">AMAZON MUSIC<\/span>\n\t\t<\/span>\n\t\t\t\t\t<\/a>\n\t\t<\/div>\n\t\t\t\t<\/div>\n\t\t\t\t<\/div>\n\t\t\t\t\t\t<\/div>\n\t\t\t\t\t<\/div>\n\t\t<\/div>\n\t\t\t\t\t\t\t\t<\/div>\n\t\t\t\t\t<\/div>\n\t\t<\/section>\n\t\t\t\t<section class=\"elementor-section elementor-top-section elementor-element elementor-element-0ce453e elementor-section-stretched elementor-section-boxed elementor-section-height-default elementor-section-height-default\" data-id=\"0ce453e\" data-element_type=\"section\" data-settings=\"{&quot;stretch_section&quot;:&quot;section-stretched&quot;,&quot;background_background&quot;:&quot;classic&quot;}\">\n\t\t\t\t\t\t<div class=\"elementor-container elementor-column-gap-default\">\n\t\t\t\t\t\t\t<div class=\"elementor-row\">\n\t\t\t\t\t<div class=\"elementor-column elementor-col-100 elementor-top-column elementor-element elementor-element-a0c14a5\" data-id=\"a0c14a5\" data-element_type=\"column\">\n\t\t\t<div class=\"elementor-column-wrap elementor-element-populated\">\n\t\t\t\t\t\t\t<div class=\"elementor-widget-wrap\">\n\t\t\t\t\t\t<div class=\"elementor-element elementor-element-53b829f elementor-widget elementor-widget-text-editor\" data-id=\"53b829f\" data-element_type=\"widget\" data-widget_type=\"text-editor.default\">\n\t\t\t\t<div class=\"elementor-widget-container\">\n\t\t\t\t\t\t\t\t<div class=\"elementor-text-editor elementor-clearfix\">\n\t\t\t\t<div><p style=\"text-align: center;\"><span style=\"color: #ffffff;\">Pa que te enamores<\/span><\/p><p style=\"text-align: center;\"><span style=\"color: #ffffff;\">Jam Ft Jhon Menez<\/span><\/p><p style=\"text-align: center;\"><span style=\"color: #ffffff;\">Intro<\/span><\/p><p style=\"text-align: center;\"><span style=\"color: #ffffff;\">Espero que de tiempo para amar<\/span><\/p><p style=\"text-align: center;\"><span style=\"color: #ffffff;\">Se que est\u00e1 pa m\u00ed, pero quiero m\u00e1s<\/span><\/p><p style=\"text-align: center;\"><span style=\"color: #ffffff;\">Todo el mundo merece un perd\u00f3n<\/span><\/p><p style=\"text-align: center;\"><span style=\"color: #ffffff;\">Mas el arrepentimiento es el coraz\u00f3n<\/span><\/p><p style=\"text-align: center;\"><span style=\"color: #ffffff;\">Yo s\u00e9 que en comienzo herr\u00e9<\/span><\/p><p style=\"text-align: center;\"><span style=\"color: #ffffff;\">Pero quiero volverla a ver<\/span><\/p><p style=\"text-align: center;\"><span style=\"color: #ffffff;\">En eso de amar tengo un 20 de 10<\/span><\/p><p style=\"text-align: center;\"><span style=\"color: #ffffff;\">De tu reino soy el rey<\/span><\/p><p style=\"text-align: center;\"><span style=\"color: #ffffff;\">Y esto es pa que te enamores<\/span><\/p><p style=\"text-align: center;\"><span style=\"color: #ffffff;\">Te sobran las razones baby<\/span><\/p><p style=\"text-align: center;\"><span style=\"color: #ffffff;\">Pa que te enamores<\/span><\/p><p style=\"text-align: center;\"><span style=\"color: #ffffff;\">Desde el colegio mami yo te pille<\/span><\/p><p style=\"text-align: center;\"><span style=\"color: #ffffff;\">Pa que te enamores<\/span><\/p><p style=\"text-align: center;\"><span style=\"color: #ffffff;\">Te texteo todita esa frase<\/span><\/p><p style=\"text-align: center;\"><span style=\"color: #ffffff;\">Pa que te enamores<\/span><\/p><p style=\"text-align: center;\"><span style=\"color: #ffffff;\">Pa que te enamores beb\u00e9<\/span><\/p><p style=\"text-align: center;\">\u00a0<\/p><p style=\"text-align: center;\"><span style=\"color: #ffffff;\">Tu a\u00fan me extra\u00f1as y me busca<\/span><\/p><p style=\"text-align: center;\"><span style=\"color: #ffffff;\">En tu cama entre tragos de Rose<\/span><\/p><p style=\"text-align: center;\"><span style=\"color: #ffffff;\">Yo te bes\u00e9<\/span><\/p><p style=\"text-align: center;\">\u00a0<\/p><p style=\"text-align: center;\">\u00a0<\/p><p style=\"text-align: center;\"><span style=\"color: #ffffff;\">Que por mi t\u00fa est\u00e1s bien loca<\/span><\/p><p style=\"text-align: center;\"><span style=\"color: #ffffff;\">No digas que no<\/span><\/p><p style=\"text-align: center;\"><span style=\"color: #ffffff;\">porqu\u00e9 eso se te nota<\/span><\/p><p style=\"text-align: center;\"><span style=\"color: #ffffff;\">Lo sabe tu boca que no quiero a otra<\/span><\/p><p style=\"text-align: center;\"><span style=\"color: #ffffff;\">Diosito nos uni\u00f3 para juntos hacer historia<\/span><\/p><p style=\"text-align: center;\">\u00a0<\/p><p style=\"text-align: center;\"><span style=\"color: #ffffff;\">Todo el mundo merece un perd\u00f3n<\/span><\/p><p style=\"text-align: center;\"><span style=\"color: #ffffff;\">Mas el arrepentimiento es el coraz\u00f3n<\/span><\/p><p style=\"text-align: center;\"><span style=\"color: #ffffff;\">Yo s\u00e9 que en comienzo herr\u00e9<\/span><\/p><p style=\"text-align: center;\"><span style=\"color: #ffffff;\">Pero quiero volverla a ver<\/span><\/p><p style=\"text-align: center;\"><span style=\"color: #ffffff;\">En eso de amar tengo un 20 de 10<\/span><\/p><p style=\"text-align: center;\"><span style=\"color: #ffffff;\">De tu reino soy el rey<\/span><\/p><p style=\"text-align: center;\"><span style=\"color: #ffffff;\">Y esto es pa que te enamores<\/span><\/p><p style=\"text-align: center;\"><span style=\"color: #ffffff;\">Te sobran las razones baby<\/span><\/p><p style=\"text-align: center;\"><span style=\"color: #ffffff;\">Pa que te enamores<\/span><\/p><p style=\"text-align: center;\"><span style=\"color: #ffffff;\">Desde el colegio mami yo te pille<\/span><\/p><p style=\"text-align: center;\"><span style=\"color: #ffffff;\">Pa que te enamores<\/span><\/p><p style=\"text-align: center;\"><span style=\"color: #ffffff;\">Te texteo todita esa frase<\/span><\/p><p style=\"text-align: center;\"><span style=\"color: #ffffff;\">Pa que te enamores<\/span><\/p><p style=\"text-align: center;\"><span style=\"color: #ffffff;\">Pa que te enamores beb\u00e9<\/span><\/p><p style=\"text-align: center;\">\u00a0<\/p><p style=\"text-align: center;\"><span style=\"color: #ffffff;\">Y esto es pa que te enamores<\/span><\/p><p style=\"text-align: center;\"><span style=\"color: #ffffff;\">Te sobran las razones baby<\/span><\/p><p style=\"text-align: center;\"><span style=\"color: #ffffff;\">Pa que te enamores<\/span><\/p><p style=\"text-align: center;\"><span style=\"color: #ffffff;\">Desde el colegio mami yo te pille<\/span><\/p><p style=\"text-align: center;\"><span style=\"color: #ffffff;\">Pa que te enamores<\/span><\/p><p style=\"text-align: center;\"><span style=\"color: #ffffff;\">Te texteo todita esa frase<\/span><\/p><p style=\"text-align: center;\"><span style=\"color: #ffffff;\">Pa que te enamores<\/span><\/p><p style=\"text-align: center;\"><span style=\"color: #ffffff;\">Pa que te enamores beb\u00e9<\/span><\/p><\/div>\t\t\t\t\t<\/div>\n\t\t\t\t\t\t<\/div>\n\t\t\t\t<\/div>\n\t\t\t\t\t\t<\/div>\n\t\t\t\t\t<\/div>\n\t\t<\/div>\n\t\t\t\t\t\t\t\t<\/div>\n\t\t\t\t\t<\/div>\n\t\t<\/section>\n\t\t\t\t\t\t<\/div>\n\t\t\t\t\t\t<\/div>\n\t\t\t\t\t<\/div>\n\t\t","protected":false},"excerpt":{"rendered":"<p>SPOTIFY APPLE MUSIC DEEZER AMAZON MUSIC Pa que te enamores Jam Ft Jhon Menez Intro Espero que de tiempo para amar Se que est\u00e1 pa m\u00ed, pero quiero m\u00e1s Todo el mundo merece un perd\u00f3n Mas el arrepentimiento es el coraz\u00f3n Yo s\u00e9 que en comienzo herr\u00e9 Pero quiero volverla a ver En eso de.<\/p>\n","protected":false},"author":1,"featured_media":0,"parent":0,"menu_order":0,"comment_status":"closed","ping_status":"closed","template":"","meta":{"footnotes":""},"categories":[42],"tags":[],"class_list":["post-4901","page","type-page","status-publish","hentry","category-testi"],"yoast_head":"<!-- This site is optimized with the Yoast SEO plugin v19.6.1 - https:\/\/yoast.com\/wordpress\/plugins\/seo\/ -->\n<title>Pa que te enamores - Di Benedetto Productions<\/title>\n<meta name=\"robots\" content=\"index, follow, max-snippet:-1, max-image-preview:large, max-video-preview:-1\" \/>\n<link rel=\"canonical\" href=\"https:\/\/dibenedettoproductions.com\/?page_id=4901\" \/>\n<meta property=\"og:locale\" content=\"it_IT\" \/>\n<meta property=\"og:type\" content=\"article\" \/>\n<meta property=\"og:title\" content=\"Pa que te enamores - Di Benedetto Productions\" \/>\n<meta property=\"og:description\" content=\"SPOTIFY APPLE MUSIC DEEZER AMAZON MUSIC Pa que te enamores Jam Ft Jhon Menez Intro Espero que de tiempo para amar Se que est\u00e1 pa m\u00ed, pero quiero m\u00e1s Todo el mundo merece un perd\u00f3n Mas el arrepentimiento es el coraz\u00f3n Yo s\u00e9 que en comienzo herr\u00e9 Pero quiero volverla a ver En eso de.\" \/>\n<meta property=\"og:url\" content=\"https:\/\/dibenedettoproductions.com\/?page_id=4901\" \/>\n<meta property=\"og:site_name\" content=\"Di Benedetto Productions\" \/>\n<meta property=\"article:modified_time\" content=\"2021-08-06T07:02:06+00:00\" \/>\n<meta name=\"twitter:card\" content=\"summary_large_image\" \/>\n<meta name=\"twitter:label1\" content=\"Tempo di lettura stimato\" \/>\n\t<meta name=\"twitter:data1\" content=\"1 minuto\" \/>\n<script type=\"application\/ld+json\" class=\"yoast-schema-graph\">{\"@context\":\"https:\/\/schema.org\",\"@graph\":[{\"@type\":\"WebPage\",\"@id\":\"https:\/\/dibenedettoproductions.com\/?page_id=4901\",\"url\":\"https:\/\/dibenedettoproductions.com\/?page_id=4901\",\"name\":\"Pa que te enamores - Di Benedetto Productions\",\"isPartOf\":{\"@id\":\"https:\/\/dibenedettoproductions.com\/#website\"},\"datePublished\":\"2021-04-14T09:22:49+00:00\",\"dateModified\":\"2021-08-06T07:02:06+00:00\",\"breadcrumb\":{\"@id\":\"https:\/\/dibenedettoproductions.com\/?page_id=4901#breadcrumb\"},\"inLanguage\":\"it-IT\",\"potentialAction\":[{\"@type\":\"ReadAction\",\"target\":[\"https:\/\/dibenedettoproductions.com\/?page_id=4901\"]}]},{\"@type\":\"BreadcrumbList\",\"@id\":\"https:\/\/dibenedettoproductions.com\/?page_id=4901#breadcrumb\",\"itemListElement\":[{\"@type\":\"ListItem\",\"position\":1,\"name\":\"Home\",\"item\":\"https:\/\/dibenedettoproductions.com\/\"},{\"@type\":\"ListItem\",\"position\":2,\"name\":\"Pa que te enamores\"}]},{\"@type\":\"WebSite\",\"@id\":\"https:\/\/dibenedettoproductions.com\/#website\",\"url\":\"https:\/\/dibenedettoproductions.com\/\",\"name\":\"Di Benedetto Productions\",\"description\":\"\",\"publisher\":{\"@id\":\"https:\/\/dibenedettoproductions.com\/#organization\"},\"potentialAction\":[{\"@type\":\"SearchAction\",\"target\":{\"@type\":\"EntryPoint\",\"urlTemplate\":\"https:\/\/dibenedettoproductions.com\/?s={search_term_string}\"},\"query-input\":\"required name=search_term_string\"}],\"inLanguage\":\"it-IT\"},{\"@type\":\"Organization\",\"@id\":\"https:\/\/dibenedettoproductions.com\/#organization\",\"name\":\"DI BENEDETTO PRODUCTIONS\",\"url\":\"https:\/\/dibenedettoproductions.com\/\",\"sameAs\":[],\"logo\":{\"@type\":\"ImageObject\",\"inLanguage\":\"it-IT\",\"@id\":\"https:\/\/dibenedettoproductions.com\/#\/schema\/logo\/image\/\",\"url\":\"https:\/\/dibenedettoproductions.com\/wp-content\/uploads\/2021\/09\/logo_di_benedetto_productions.jpg\",\"contentUrl\":\"https:\/\/dibenedettoproductions.com\/wp-content\/uploads\/2021\/09\/logo_di_benedetto_productions.jpg\",\"width\":225,\"height\":225,\"caption\":\"DI BENEDETTO PRODUCTIONS\"},\"image\":{\"@id\":\"https:\/\/dibenedettoproductions.com\/#\/schema\/logo\/image\/\"}}]}<\/script>\n<!-- \/ Yoast SEO plugin. -->","yoast_head_json":{"title":"Pa que te enamores - Di Benedetto Productions","robots":{"index":"index","follow":"follow","max-snippet":"max-snippet:-1","max-image-preview":"max-image-preview:large","max-video-preview":"max-video-preview:-1"},"canonical":"https:\/\/dibenedettoproductions.com\/?page_id=4901","og_locale":"it_IT","og_type":"article","og_title":"Pa que te enamores - Di Benedetto Productions","og_description":"SPOTIFY APPLE MUSIC DEEZER AMAZON MUSIC Pa que te enamores Jam Ft Jhon Menez Intro Espero que de tiempo para amar Se que est\u00e1 pa m\u00ed, pero quiero m\u00e1s Todo el mundo merece un perd\u00f3n Mas el arrepentimiento es el coraz\u00f3n Yo s\u00e9 que en comienzo herr\u00e9 Pero quiero volverla a ver En eso de.","og_url":"https:\/\/dibenedettoproductions.com\/?page_id=4901","og_site_name":"Di Benedetto Productions","article_modified_time":"2021-08-06T07:02:06+00:00","twitter_card":"summary_large_image","twitter_misc":{"Tempo di lettura stimato":"1 minuto"},"schema":{"@context":"https:\/\/schema.org","@graph":[{"@type":"WebPage","@id":"https:\/\/dibenedettoproductions.com\/?page_id=4901","url":"https:\/\/dibenedettoproductions.com\/?page_id=4901","name":"Pa que te enamores - Di Benedetto Productions","isPartOf":{"@id":"https:\/\/dibenedettoproductions.com\/#website"},"datePublished":"2021-04-14T09:22:49+00:00","dateModified":"2021-08-06T07:02:06+00:00","breadcrumb":{"@id":"https:\/\/dibenedettoproductions.com\/?page_id=4901#breadcrumb"},"inLanguage":"it-IT","potentialAction":[{"@type":"ReadAction","target":["https:\/\/dibenedettoproductions.com\/?page_id=4901"]}]},{"@type":"BreadcrumbList","@id":"https:\/\/dibenedettoproductions.com\/?page_id=4901#breadcrumb","itemListElement":[{"@type":"ListItem","position":1,"name":"Home","item":"https:\/\/dibenedettoproductions.com\/"},{"@type":"ListItem","position":2,"name":"Pa que te enamores"}]},{"@type":"WebSite","@id":"https:\/\/dibenedettoproductions.com\/#website","url":"https:\/\/dibenedettoproductions.com\/","name":"Di Benedetto Productions","description":"","publisher":{"@id":"https:\/\/dibenedettoproductions.com\/#organization"},"potentialAction":[{"@type":"SearchAction","target":{"@type":"EntryPoint","urlTemplate":"https:\/\/dibenedettoproductions.com\/?s={search_term_string}"},"query-input":"required name=search_term_string"}],"inLanguage":"it-IT"},{"@type":"Organization","@id":"https:\/\/dibenedettoproductions.com\/#organization","name":"DI BENEDETTO PRODUCTIONS","url":"https:\/\/dibenedettoproductions.com\/","sameAs":[],"logo":{"@type":"ImageObject","inLanguage":"it-IT","@id":"https:\/\/dibenedettoproductions.com\/#\/schema\/logo\/image\/","url":"https:\/\/dibenedettoproductions.com\/wp-content\/uploads\/2021\/09\/logo_di_benedetto_productions.jpg","contentUrl":"https:\/\/dibenedettoproductions.com\/wp-content\/uploads\/2021\/09\/logo_di_benedetto_productions.jpg","width":225,"height":225,"caption":"DI BENEDETTO PRODUCTIONS"},"image":{"@id":"https:\/\/dibenedettoproductions.com\/#\/schema\/logo\/image\/"}}]}},"_links":{"self":[{"href":"https:\/\/dibenedettoproductions.com\/index.php?rest_route=\/wp\/v2\/pages\/4901","targetHints":{"allow":["GET"]}}],"collection":[{"href":"https:\/\/dibenedettoproductions.com\/index.php?rest_route=\/wp\/v2\/pages"}],"about":[{"href":"https:\/\/dibenedettoproductions.com\/index.php?rest_route=\/wp\/v2\/types\/page"}],"author":[{"embeddable":true,"href":"https:\/\/dibenedettoproductions.com\/index.php?rest_route=\/wp\/v2\/users\/1"}],"replies":[{"embeddable":true,"href":"https:\/\/dibenedettoproductions.com\/index.php?rest_route=%2Fwp%2Fv2%2Fcomments&post=4901"}],"version-history":[{"count":6,"href":"https:\/\/dibenedettoproductions.com\/index.php?rest_route=\/wp\/v2\/pages\/4901\/revisions"}],"predecessor-version":[{"id":5833,"href":"https:\/\/dibenedettoproductions.com\/index.php?rest_route=\/wp\/v2\/pages\/4901\/revisions\/5833"}],"wp:attachment":[{"href":"https:\/\/dibenedettoproductions.com\/index.php?rest_route=%2Fwp%2Fv2%2Fmedia&parent=4901"}],"wp:term":[{"taxonomy":"category","embeddable":true,"href":"https:\/\/dibenedettoproductions.com\/index.php?rest_route=%2Fwp%2Fv2%2Fcategories&post=4901"},{"taxonomy":"post_tag","embeddable":true,"href":"https:\/\/dibenedettoproductions.com\/index.php?rest_route=%2Fwp%2Fv2%2Ftags&post=4901"}],"curies":[{"name":"wp","href":"https:\/\/api.w.org\/{rel}","templated":true}]}}