{"id":4881,"date":"2021-04-14T09:07:05","date_gmt":"2021-04-14T09:07:05","guid":{"rendered":"https:\/\/dibenedettoproductions.com\/?page_id=4881"},"modified":"2021-08-05T15:02:01","modified_gmt":"2021-08-05T15:02:01","slug":"dame-un-noche","status":"publish","type":"page","link":"https:\/\/dibenedettoproductions.com\/?page_id=4881","title":{"rendered":"Dame un noche"},"content":{"rendered":"\t\t<div data-elementor-type=\"wp-page\" data-elementor-id=\"4881\" class=\"elementor elementor-4881\" data-elementor-settings=\"[]\">\n\t\t\t\t\t\t<div class=\"elementor-inner\">\n\t\t\t\t\t\t\t<div class=\"elementor-section-wrap\">\n\t\t\t\t\t\t\t<section class=\"elementor-section elementor-top-section elementor-element elementor-element-7a245bd elementor-section-stretched elementor-section-boxed elementor-section-height-default elementor-section-height-default\" data-id=\"7a245bd\" data-element_type=\"section\" data-settings=\"{&quot;stretch_section&quot;:&quot;section-stretched&quot;,&quot;background_background&quot;:&quot;classic&quot;}\">\n\t\t\t\t\t\t<div class=\"elementor-container elementor-column-gap-default\">\n\t\t\t\t\t\t\t<div class=\"elementor-row\">\n\t\t\t\t\t<div class=\"elementor-column elementor-col-25 elementor-top-column elementor-element elementor-element-04a9d27\" data-id=\"04a9d27\" data-element_type=\"column\">\n\t\t\t<div class=\"elementor-column-wrap elementor-element-populated\">\n\t\t\t\t\t\t\t<div class=\"elementor-widget-wrap\">\n\t\t\t\t\t\t<div class=\"elementor-element elementor-element-bdb2758 elementor-align-center elementor-widget elementor-widget-button\" data-id=\"bdb2758\" data-element_type=\"widget\" data-widget_type=\"button.default\">\n\t\t\t\t<div class=\"elementor-widget-container\">\n\t\t\t\t\t<div class=\"elementor-button-wrapper\">\n\t\t\t<a href=\"https:\/\/open.spotify.com\/track\/7FQzZFvm9fWit6fBdJAKkQ?si=d7q-qWqpT-m5Ckvl6jxsIg%20\" class=\"elementor-button-link elementor-button elementor-size-sm\" role=\"button\">\n\t\t\t\t\t\t<span class=\"elementor-button-content-wrapper\">\n\t\t\t\t\t\t<span class=\"elementor-button-text\">SPOTIFY<\/span>\n\t\t<\/span>\n\t\t\t\t\t<\/a>\n\t\t<\/div>\n\t\t\t\t<\/div>\n\t\t\t\t<\/div>\n\t\t\t\t\t\t<\/div>\n\t\t\t\t\t<\/div>\n\t\t<\/div>\n\t\t\t\t<div class=\"elementor-column elementor-col-25 elementor-top-column elementor-element elementor-element-47792ff\" data-id=\"47792ff\" data-element_type=\"column\">\n\t\t\t<div class=\"elementor-column-wrap elementor-element-populated\">\n\t\t\t\t\t\t\t<div class=\"elementor-widget-wrap\">\n\t\t\t\t\t\t<div class=\"elementor-element elementor-element-bfb6d68 elementor-align-center elementor-widget elementor-widget-button\" data-id=\"bfb6d68\" data-element_type=\"widget\" data-widget_type=\"button.default\">\n\t\t\t\t<div class=\"elementor-widget-container\">\n\t\t\t\t\t<div class=\"elementor-button-wrapper\">\n\t\t\t<a href=\"https:\/\/music.apple.com\/us\/album\/dame-una-noche-single\/1557992058\" class=\"elementor-button-link elementor-button elementor-size-sm\" role=\"button\">\n\t\t\t\t\t\t<span class=\"elementor-button-content-wrapper\">\n\t\t\t\t\t\t<span class=\"elementor-button-text\">APPLE MUSIC<\/span>\n\t\t<\/span>\n\t\t\t\t\t<\/a>\n\t\t<\/div>\n\t\t\t\t<\/div>\n\t\t\t\t<\/div>\n\t\t\t\t\t\t<\/div>\n\t\t\t\t\t<\/div>\n\t\t<\/div>\n\t\t\t\t<div class=\"elementor-column elementor-col-25 elementor-top-column elementor-element elementor-element-582ef54\" data-id=\"582ef54\" data-element_type=\"column\">\n\t\t\t<div class=\"elementor-column-wrap elementor-element-populated\">\n\t\t\t\t\t\t\t<div class=\"elementor-widget-wrap\">\n\t\t\t\t\t\t<div class=\"elementor-element elementor-element-65b00b0 elementor-align-center elementor-widget elementor-widget-button\" data-id=\"65b00b0\" data-element_type=\"widget\" data-widget_type=\"button.default\">\n\t\t\t\t<div class=\"elementor-widget-container\">\n\t\t\t\t\t<div class=\"elementor-button-wrapper\">\n\t\t\t<a href=\"https:\/\/deezer.page.link\/zE3HVgqkjeizZYqdA%20\" class=\"elementor-button-link elementor-button elementor-size-sm\" role=\"button\">\n\t\t\t\t\t\t<span class=\"elementor-button-content-wrapper\">\n\t\t\t\t\t\t<span class=\"elementor-button-text\">DEEZER<\/span>\n\t\t<\/span>\n\t\t\t\t\t<\/a>\n\t\t<\/div>\n\t\t\t\t<\/div>\n\t\t\t\t<\/div>\n\t\t\t\t\t\t<\/div>\n\t\t\t\t\t<\/div>\n\t\t<\/div>\n\t\t\t\t<div class=\"elementor-column elementor-col-25 elementor-top-column elementor-element elementor-element-0093ae7\" data-id=\"0093ae7\" data-element_type=\"column\">\n\t\t\t<div class=\"elementor-column-wrap elementor-element-populated\">\n\t\t\t\t\t\t\t<div class=\"elementor-widget-wrap\">\n\t\t\t\t\t\t<div class=\"elementor-element elementor-element-7f990c3 elementor-align-center elementor-widget elementor-widget-button\" data-id=\"7f990c3\" data-element_type=\"widget\" data-widget_type=\"button.default\">\n\t\t\t\t<div class=\"elementor-widget-container\">\n\t\t\t\t\t<div class=\"elementor-button-wrapper\">\n\t\t\t<a href=\"https:\/\/music.amazon.it\/albums\/B0916NHL2J?marketplaceId=APJ6JRA9NG5V4&#038;musicTerritory=IT&#038;trackAsin=B0916NT437\" class=\"elementor-button-link elementor-button elementor-size-sm\" role=\"button\">\n\t\t\t\t\t\t<span class=\"elementor-button-content-wrapper\">\n\t\t\t\t\t\t<span class=\"elementor-button-text\">AMAZON MUSIC<\/span>\n\t\t<\/span>\n\t\t\t\t\t<\/a>\n\t\t<\/div>\n\t\t\t\t<\/div>\n\t\t\t\t<\/div>\n\t\t\t\t\t\t<\/div>\n\t\t\t\t\t<\/div>\n\t\t<\/div>\n\t\t\t\t\t\t\t\t<\/div>\n\t\t\t\t\t<\/div>\n\t\t<\/section>\n\t\t\t\t<section class=\"elementor-section elementor-top-section elementor-element elementor-element-ba54c76 elementor-section-stretched elementor-section-boxed elementor-section-height-default elementor-section-height-default\" data-id=\"ba54c76\" data-element_type=\"section\" data-settings=\"{&quot;stretch_section&quot;:&quot;section-stretched&quot;,&quot;background_background&quot;:&quot;classic&quot;}\">\n\t\t\t\t\t\t<div class=\"elementor-container elementor-column-gap-default\">\n\t\t\t\t\t\t\t<div class=\"elementor-row\">\n\t\t\t\t\t<div class=\"elementor-column elementor-col-100 elementor-top-column elementor-element elementor-element-c534141\" data-id=\"c534141\" data-element_type=\"column\">\n\t\t\t<div class=\"elementor-column-wrap elementor-element-populated\">\n\t\t\t\t\t\t\t<div class=\"elementor-widget-wrap\">\n\t\t\t\t\t\t<div class=\"elementor-element elementor-element-b08be99 elementor-widget elementor-widget-text-editor\" data-id=\"b08be99\" data-element_type=\"widget\" data-widget_type=\"text-editor.default\">\n\t\t\t\t<div class=\"elementor-widget-container\">\n\t\t\t\t\t\t\t\t<div class=\"elementor-text-editor elementor-clearfix\">\n\t\t\t\t<div><p style=\"text-align: center;\"><span style=\"color: #ffffff;\">Es algo raro lo que me pasa contigo<\/span><\/p><p style=\"text-align: center;\"><span style=\"color: #ffffff;\">Ay t\u00fa me gusta y no s\u00e9 c\u00f3mo te lo digo<\/span><\/p><p style=\"text-align: center;\"><span style=\"color: #ffffff;\">Que yo dar\u00eda todo solo por estar contigo<\/span><\/p><p style=\"text-align: center;\"><span style=\"color: #ffffff;\">Yo s\u00e9 que es dif\u00edcil porque me ves como tu amigo<\/span><\/p><p style=\"text-align: center;\"><span style=\"color: #ffffff;\">Pero tengo que confesarte<\/span><\/p><p style=\"text-align: center;\"><span style=\"color: #ffffff;\">Que en mi cama yo no paro de extra\u00f1arte<\/span><\/p><p style=\"text-align: center;\"><span style=\"color: #ffffff;\">Que en mis noches yo no paro de extra\u00f1arte<\/span><\/p><p style=\"text-align: center;\"><span style=\"color: #ffffff;\">Te metiste en mi pecho y no tengo como sacarte<\/span><\/p><p style=\"text-align: center;\"><span style=\"color: #ffffff;\">Ens\u00e9\u00f1ame a olvidarte<\/span><\/p><p style=\"text-align: center;\">\u00a0<\/p><p style=\"text-align: center;\"><span style=\"color: #ffffff;\">Dame una noche, solo eso pido<\/span><\/p><p style=\"text-align: center;\"><span style=\"color: #ffffff;\">Despu\u00e9s si t\u00fa quieres<\/span><\/p><p style=\"text-align: center;\"><span style=\"color: #ffffff;\">Yo me voy y te olvido<\/span><\/p><p style=\"text-align: center;\"><span style=\"color: #ffffff;\">Dame una noche, solo eso pido<\/span><\/p><p style=\"text-align: center;\"><span style=\"color: #ffffff;\">Ser\u00e1 como t\u00fa quieras<\/span><\/p><p style=\"text-align: center;\"><span style=\"color: #ffffff;\">Pero d\u00e9jame estar contigo<\/span><\/p><p style=\"text-align: center;\">\u00a0<\/p><p style=\"text-align: center;\"><span style=\"color: #ffffff;\">Solo dame una noche, pa\u2019 demostrartelo<\/span><\/p><p style=\"text-align: center;\"><span style=\"color: #ffffff;\">Solo dame una noche, solitos t\u00fa y yo<\/span><\/p><p style=\"text-align: center;\"><span style=\"color: #ffffff;\">Entiende que me gustas t\u00fa<\/span><\/p><p style=\"text-align: center;\"><span style=\"color: #ffffff;\">Mamita cambia esa actitud<\/span><\/p><p style=\"text-align: center;\"><span style=\"color: #ffffff;\">No s\u00e9 si te has dado cuenta<\/span><\/p><p style=\"text-align: center;\"><span style=\"color: #ffffff;\">Pero mi matadora eres t\u00fa<\/span><\/p><p style=\"text-align: center;\">\u00a0<\/p><p style=\"text-align: center;\"><span style=\"color: #ffffff;\">Dame una noche, solo eso pido<\/span><\/p><p style=\"text-align: center;\"><span style=\"color: #ffffff;\">Despu\u00e9s si t\u00fa quieres<\/span><\/p><p style=\"text-align: center;\"><span style=\"color: #ffffff;\">Yo me voy y te olvido<\/span><\/p><p style=\"text-align: center;\"><span style=\"color: #ffffff;\">Dame una noche, solo eso pido<\/span><\/p><p style=\"text-align: center;\"><span style=\"color: #ffffff;\">Ser\u00e1 como t\u00fa quieras<\/span><\/p><p style=\"text-align: center;\"><span style=\"color: #ffffff;\">Pero d\u00e9jame estar contigo<\/span><\/p><p style=\"text-align: center;\">\u00a0<\/p><p style=\"text-align: center;\">\u00a0<\/p><p style=\"text-align: center;\"><span style=\"color: #ffffff;\">Dame una noche pa\u2019 botarme<\/span><\/p><p style=\"text-align: center;\"><span style=\"color: #ffffff;\">Dame una noche pa\u2019 apretarte<\/span><\/p><p style=\"text-align: center;\"><span style=\"color: #ffffff;\">Dame una noche pa\u2019 quererte<\/span><\/p><p style=\"text-align: center;\"><span style=\"color: #ffffff;\">A ver si puedo enamorarte<\/span><\/p><p style=\"text-align: center;\"><span style=\"color: #ffffff;\">Y tenerte como yo te imagin\u00e9<\/span><\/p><p style=\"text-align: center;\"><span style=\"color: #ffffff;\">Arriba de m\u00ed haci\u00e9ndome<\/span><\/p><p style=\"text-align: center;\"><span style=\"color: #ffffff;\">Lo que yo te diga, hacerte la mujer de mi vida<\/span><\/p><p style=\"text-align: center;\">\u00a0<\/p><p style=\"text-align: center;\"><span style=\"color: #ffffff;\">El estudio Wanted Music<\/span><\/p><p style=\"text-align: center;\"><span style=\"color: #ffffff;\">La m\u00e1quina la comanda El Bandolero<\/span><\/p><p style=\"text-align: center;\"><span style=\"color: #ffffff;\">Y nunca te conf\u00edes porque los \u00faltimos pueden ser los primeros<\/span><\/p><p style=\"text-align: center;\"><span style=\"color: #ffffff;\">Que yo estoy frito lo dejariba<\/span><\/p><p style=\"text-align: center;\"><span style=\"color: #ffffff;\">Por eso te lo digo y soy sincero<\/span><\/p><p style=\"text-align: center;\"><span style=\"color: #ffffff;\">De que te amo te amo<\/span><\/p><p style=\"text-align: center;\"><span style=\"color: #ffffff;\">De que te quiero te quiero<\/span><\/p><p style=\"text-align: center;\">\u00a0<\/p><p style=\"text-align: center;\"><span style=\"color: #ffffff;\">Dame una noche, solo eso pido<\/span><\/p><p style=\"text-align: center;\"><span style=\"color: #ffffff;\">Despu\u00e9s si t\u00fa quieres<\/span><\/p><p style=\"text-align: center;\"><span style=\"color: #ffffff;\">Yo me voy y te olvido<\/span><\/p><p style=\"text-align: center;\"><span style=\"color: #ffffff;\">Dame una noche, solo eso pido<\/span><\/p><p style=\"text-align: center;\"><span style=\"color: #ffffff;\">Ser\u00e1 como t\u00fa quieras<\/span><\/p><p style=\"text-align: center;\"><span style=\"color: #ffffff;\">Pero d\u00e9jame estar contigo<\/span><\/p><p style=\"text-align: center;\">\u00a0<\/p><p style=\"text-align: center;\"><span style=\"color: #ffffff;\">Acaba de entender, m\u00e9tetelo en la cabeza<\/span><\/p><p style=\"text-align: center;\"><span style=\"color: #ffffff;\">T\u00fa eres mi diabla t\u00fa eres mi diabla<\/span><\/p><p style=\"text-align: center;\"><span style=\"color: #ffffff;\">Yo soy tu pieza yo soy tu pieza<\/span><\/p><p style=\"text-align: center;\">\u00a0<\/p><p style=\"text-align: center;\"><span style=\"color: #ffffff;\">Dame una noche, solo eso pido<\/span><\/p><p style=\"text-align: center;\"><span style=\"color: #ffffff;\">Despu\u00e9s si t\u00fa quieres<\/span><\/p><p style=\"text-align: center;\"><span style=\"color: #ffffff;\">Yo me voy y te olvido<\/span><\/p><p style=\"text-align: center;\"><span style=\"color: #ffffff;\">Dame una noche, solo eso pido<\/span><\/p><p style=\"text-align: center;\"><span style=\"color: #ffffff;\">Ser\u00e1 como t\u00fa quieras<\/span><\/p><p style=\"text-align: center;\"><span style=\"color: #ffffff;\">Pero d\u00e9jame estar contigo<\/span><\/p><p style=\"text-align: center;\">\u00a0<\/p><p style=\"text-align: center;\"><span style=\"color: #ffffff;\">Wanted Music<\/span><\/p><p style=\"text-align: center;\"><span style=\"color: #ffffff;\">Bandolero<\/span><\/p><p style=\"text-align: center;\"><span style=\"color: #ffffff;\">T\u00fa sabes ma\u2019 Enzo La Melod\u00eda Secreta<\/span><\/p><p style=\"text-align: center;\"><span style=\"color: #ffffff;\">Di Benedetto Production<\/span><\/p><p style=\"text-align: center;\">\u00a0<\/p><\/div>\t\t\t\t\t<\/div>\n\t\t\t\t\t\t<\/div>\n\t\t\t\t<\/div>\n\t\t\t\t\t\t<\/div>\n\t\t\t\t\t<\/div>\n\t\t<\/div>\n\t\t\t\t\t\t\t\t<\/div>\n\t\t\t\t\t<\/div>\n\t\t<\/section>\n\t\t\t\t\t\t<\/div>\n\t\t\t\t\t\t<\/div>\n\t\t\t\t\t<\/div>\n\t\t","protected":false},"excerpt":{"rendered":"<p>SPOTIFY APPLE MUSIC DEEZER AMAZON MUSIC Es algo raro lo que me pasa contigo Ay t\u00fa me gusta y no s\u00e9 c\u00f3mo te lo digo Que yo dar\u00eda todo solo por estar contigo Yo s\u00e9 que es dif\u00edcil porque me ves como tu amigo Pero tengo que confesarte Que en mi cama yo no paro.<\/p>\n","protected":false},"author":1,"featured_media":0,"parent":0,"menu_order":0,"comment_status":"closed","ping_status":"closed","template":"","meta":{"footnotes":""},"categories":[42],"tags":[],"class_list":["post-4881","page","type-page","status-publish","hentry","category-testi"],"yoast_head":"<!-- This site is optimized with the Yoast SEO plugin v19.6.1 - https:\/\/yoast.com\/wordpress\/plugins\/seo\/ -->\n<title>Dame un noche - Di Benedetto Productions<\/title>\n<meta name=\"robots\" content=\"index, follow, max-snippet:-1, max-image-preview:large, max-video-preview:-1\" \/>\n<link rel=\"canonical\" href=\"https:\/\/dibenedettoproductions.com\/?page_id=4881\" \/>\n<meta property=\"og:locale\" content=\"it_IT\" \/>\n<meta property=\"og:type\" content=\"article\" \/>\n<meta property=\"og:title\" content=\"Dame un noche - Di Benedetto Productions\" \/>\n<meta property=\"og:description\" content=\"SPOTIFY APPLE MUSIC DEEZER AMAZON MUSIC Es algo raro lo que me pasa contigo Ay t\u00fa me gusta y no s\u00e9 c\u00f3mo te lo digo Que yo dar\u00eda todo solo por estar contigo Yo s\u00e9 que es dif\u00edcil porque me ves como tu amigo Pero tengo que confesarte Que en mi cama yo no paro.\" \/>\n<meta property=\"og:url\" content=\"https:\/\/dibenedettoproductions.com\/?page_id=4881\" \/>\n<meta property=\"og:site_name\" content=\"Di Benedetto Productions\" \/>\n<meta property=\"article:modified_time\" content=\"2021-08-05T15:02:01+00:00\" \/>\n<meta name=\"twitter:card\" content=\"summary_large_image\" \/>\n<meta name=\"twitter:label1\" content=\"Tempo di lettura stimato\" \/>\n\t<meta name=\"twitter:data1\" content=\"2 minuti\" \/>\n<script type=\"application\/ld+json\" class=\"yoast-schema-graph\">{\"@context\":\"https:\/\/schema.org\",\"@graph\":[{\"@type\":\"WebPage\",\"@id\":\"https:\/\/dibenedettoproductions.com\/?page_id=4881\",\"url\":\"https:\/\/dibenedettoproductions.com\/?page_id=4881\",\"name\":\"Dame un noche - Di Benedetto Productions\",\"isPartOf\":{\"@id\":\"https:\/\/dibenedettoproductions.com\/#website\"},\"datePublished\":\"2021-04-14T09:07:05+00:00\",\"dateModified\":\"2021-08-05T15:02:01+00:00\",\"breadcrumb\":{\"@id\":\"https:\/\/dibenedettoproductions.com\/?page_id=4881#breadcrumb\"},\"inLanguage\":\"it-IT\",\"potentialAction\":[{\"@type\":\"ReadAction\",\"target\":[\"https:\/\/dibenedettoproductions.com\/?page_id=4881\"]}]},{\"@type\":\"BreadcrumbList\",\"@id\":\"https:\/\/dibenedettoproductions.com\/?page_id=4881#breadcrumb\",\"itemListElement\":[{\"@type\":\"ListItem\",\"position\":1,\"name\":\"Home\",\"item\":\"https:\/\/dibenedettoproductions.com\/\"},{\"@type\":\"ListItem\",\"position\":2,\"name\":\"Dame un noche\"}]},{\"@type\":\"WebSite\",\"@id\":\"https:\/\/dibenedettoproductions.com\/#website\",\"url\":\"https:\/\/dibenedettoproductions.com\/\",\"name\":\"Di Benedetto Productions\",\"description\":\"\",\"publisher\":{\"@id\":\"https:\/\/dibenedettoproductions.com\/#organization\"},\"potentialAction\":[{\"@type\":\"SearchAction\",\"target\":{\"@type\":\"EntryPoint\",\"urlTemplate\":\"https:\/\/dibenedettoproductions.com\/?s={search_term_string}\"},\"query-input\":\"required name=search_term_string\"}],\"inLanguage\":\"it-IT\"},{\"@type\":\"Organization\",\"@id\":\"https:\/\/dibenedettoproductions.com\/#organization\",\"name\":\"DI BENEDETTO PRODUCTIONS\",\"url\":\"https:\/\/dibenedettoproductions.com\/\",\"sameAs\":[],\"logo\":{\"@type\":\"ImageObject\",\"inLanguage\":\"it-IT\",\"@id\":\"https:\/\/dibenedettoproductions.com\/#\/schema\/logo\/image\/\",\"url\":\"https:\/\/dibenedettoproductions.com\/wp-content\/uploads\/2021\/09\/logo_di_benedetto_productions.jpg\",\"contentUrl\":\"https:\/\/dibenedettoproductions.com\/wp-content\/uploads\/2021\/09\/logo_di_benedetto_productions.jpg\",\"width\":225,\"height\":225,\"caption\":\"DI BENEDETTO PRODUCTIONS\"},\"image\":{\"@id\":\"https:\/\/dibenedettoproductions.com\/#\/schema\/logo\/image\/\"}}]}<\/script>\n<!-- \/ Yoast SEO plugin. -->","yoast_head_json":{"title":"Dame un noche - Di Benedetto Productions","robots":{"index":"index","follow":"follow","max-snippet":"max-snippet:-1","max-image-preview":"max-image-preview:large","max-video-preview":"max-video-preview:-1"},"canonical":"https:\/\/dibenedettoproductions.com\/?page_id=4881","og_locale":"it_IT","og_type":"article","og_title":"Dame un noche - Di Benedetto Productions","og_description":"SPOTIFY APPLE MUSIC DEEZER AMAZON MUSIC Es algo raro lo que me pasa contigo Ay t\u00fa me gusta y no s\u00e9 c\u00f3mo te lo digo Que yo dar\u00eda todo solo por estar contigo Yo s\u00e9 que es dif\u00edcil porque me ves como tu amigo Pero tengo que confesarte Que en mi cama yo no paro.","og_url":"https:\/\/dibenedettoproductions.com\/?page_id=4881","og_site_name":"Di Benedetto Productions","article_modified_time":"2021-08-05T15:02:01+00:00","twitter_card":"summary_large_image","twitter_misc":{"Tempo di lettura stimato":"2 minuti"},"schema":{"@context":"https:\/\/schema.org","@graph":[{"@type":"WebPage","@id":"https:\/\/dibenedettoproductions.com\/?page_id=4881","url":"https:\/\/dibenedettoproductions.com\/?page_id=4881","name":"Dame un noche - Di Benedetto Productions","isPartOf":{"@id":"https:\/\/dibenedettoproductions.com\/#website"},"datePublished":"2021-04-14T09:07:05+00:00","dateModified":"2021-08-05T15:02:01+00:00","breadcrumb":{"@id":"https:\/\/dibenedettoproductions.com\/?page_id=4881#breadcrumb"},"inLanguage":"it-IT","potentialAction":[{"@type":"ReadAction","target":["https:\/\/dibenedettoproductions.com\/?page_id=4881"]}]},{"@type":"BreadcrumbList","@id":"https:\/\/dibenedettoproductions.com\/?page_id=4881#breadcrumb","itemListElement":[{"@type":"ListItem","position":1,"name":"Home","item":"https:\/\/dibenedettoproductions.com\/"},{"@type":"ListItem","position":2,"name":"Dame un noche"}]},{"@type":"WebSite","@id":"https:\/\/dibenedettoproductions.com\/#website","url":"https:\/\/dibenedettoproductions.com\/","name":"Di Benedetto Productions","description":"","publisher":{"@id":"https:\/\/dibenedettoproductions.com\/#organization"},"potentialAction":[{"@type":"SearchAction","target":{"@type":"EntryPoint","urlTemplate":"https:\/\/dibenedettoproductions.com\/?s={search_term_string}"},"query-input":"required name=search_term_string"}],"inLanguage":"it-IT"},{"@type":"Organization","@id":"https:\/\/dibenedettoproductions.com\/#organization","name":"DI BENEDETTO PRODUCTIONS","url":"https:\/\/dibenedettoproductions.com\/","sameAs":[],"logo":{"@type":"ImageObject","inLanguage":"it-IT","@id":"https:\/\/dibenedettoproductions.com\/#\/schema\/logo\/image\/","url":"https:\/\/dibenedettoproductions.com\/wp-content\/uploads\/2021\/09\/logo_di_benedetto_productions.jpg","contentUrl":"https:\/\/dibenedettoproductions.com\/wp-content\/uploads\/2021\/09\/logo_di_benedetto_productions.jpg","width":225,"height":225,"caption":"DI BENEDETTO PRODUCTIONS"},"image":{"@id":"https:\/\/dibenedettoproductions.com\/#\/schema\/logo\/image\/"}}]}},"_links":{"self":[{"href":"https:\/\/dibenedettoproductions.com\/index.php?rest_route=\/wp\/v2\/pages\/4881","targetHints":{"allow":["GET"]}}],"collection":[{"href":"https:\/\/dibenedettoproductions.com\/index.php?rest_route=\/wp\/v2\/pages"}],"about":[{"href":"https:\/\/dibenedettoproductions.com\/index.php?rest_route=\/wp\/v2\/types\/page"}],"author":[{"embeddable":true,"href":"https:\/\/dibenedettoproductions.com\/index.php?rest_route=\/wp\/v2\/users\/1"}],"replies":[{"embeddable":true,"href":"https:\/\/dibenedettoproductions.com\/index.php?rest_route=%2Fwp%2Fv2%2Fcomments&post=4881"}],"version-history":[{"count":10,"href":"https:\/\/dibenedettoproductions.com\/index.php?rest_route=\/wp\/v2\/pages\/4881\/revisions"}],"predecessor-version":[{"id":5656,"href":"https:\/\/dibenedettoproductions.com\/index.php?rest_route=\/wp\/v2\/pages\/4881\/revisions\/5656"}],"wp:attachment":[{"href":"https:\/\/dibenedettoproductions.com\/index.php?rest_route=%2Fwp%2Fv2%2Fmedia&parent=4881"}],"wp:term":[{"taxonomy":"category","embeddable":true,"href":"https:\/\/dibenedettoproductions.com\/index.php?rest_route=%2Fwp%2Fv2%2Fcategories&post=4881"},{"taxonomy":"post_tag","embeddable":true,"href":"https:\/\/dibenedettoproductions.com\/index.php?rest_route=%2Fwp%2Fv2%2Ftags&post=4881"}],"curies":[{"name":"wp","href":"https:\/\/api.w.org\/{rel}","templated":true}]}}