{"id":4842,"date":"2021-03-30T09:27:12","date_gmt":"2021-03-30T09:27:12","guid":{"rendered":"https:\/\/dibenedettoproductions.com\/?page_id=4842"},"modified":"2021-08-06T07:05:25","modified_gmt":"2021-08-06T07:05:25","slug":"rie-y-llora","status":"publish","type":"page","link":"https:\/\/dibenedettoproductions.com\/?page_id=4842","title":{"rendered":"Rie y llora"},"content":{"rendered":"\t\t<div data-elementor-type=\"wp-page\" data-elementor-id=\"4842\" class=\"elementor elementor-4842\" data-elementor-settings=\"[]\">\n\t\t\t\t\t\t<div class=\"elementor-inner\">\n\t\t\t\t\t\t\t<div class=\"elementor-section-wrap\">\n\t\t\t\t\t\t\t<section class=\"elementor-section elementor-top-section elementor-element elementor-element-5464521 elementor-section-stretched elementor-section-boxed elementor-section-height-default elementor-section-height-default\" data-id=\"5464521\" data-element_type=\"section\" data-settings=\"{&quot;stretch_section&quot;:&quot;section-stretched&quot;,&quot;background_background&quot;:&quot;classic&quot;}\">\n\t\t\t\t\t\t<div class=\"elementor-container elementor-column-gap-default\">\n\t\t\t\t\t\t\t<div class=\"elementor-row\">\n\t\t\t\t\t<div class=\"elementor-column elementor-col-25 elementor-top-column elementor-element elementor-element-1ba9c25\" data-id=\"1ba9c25\" data-element_type=\"column\">\n\t\t\t<div class=\"elementor-column-wrap elementor-element-populated\">\n\t\t\t\t\t\t\t<div class=\"elementor-widget-wrap\">\n\t\t\t\t\t\t<div class=\"elementor-element elementor-element-e3a0f95 elementor-align-center elementor-widget elementor-widget-button\" data-id=\"e3a0f95\" data-element_type=\"widget\" data-widget_type=\"button.default\">\n\t\t\t\t<div class=\"elementor-widget-container\">\n\t\t\t\t\t<div class=\"elementor-button-wrapper\">\n\t\t\t<a href=\"https:\/\/open.spotify.com\/track\/27XbQrYC6CkNAODZSISBsP?si=qDq_93BjRdiQlozPDnSXdw\" class=\"elementor-button-link elementor-button elementor-size-sm\" role=\"button\">\n\t\t\t\t\t\t<span class=\"elementor-button-content-wrapper\">\n\t\t\t\t\t\t<span class=\"elementor-button-text\">SPOTIFY<\/span>\n\t\t<\/span>\n\t\t\t\t\t<\/a>\n\t\t<\/div>\n\t\t\t\t<\/div>\n\t\t\t\t<\/div>\n\t\t\t\t\t\t<\/div>\n\t\t\t\t\t<\/div>\n\t\t<\/div>\n\t\t\t\t<div class=\"elementor-column elementor-col-25 elementor-top-column elementor-element elementor-element-107aa7d\" data-id=\"107aa7d\" data-element_type=\"column\">\n\t\t\t<div class=\"elementor-column-wrap elementor-element-populated\">\n\t\t\t\t\t\t\t<div class=\"elementor-widget-wrap\">\n\t\t\t\t\t\t<div class=\"elementor-element elementor-element-1087c5c elementor-align-center elementor-widget elementor-widget-button\" data-id=\"1087c5c\" data-element_type=\"widget\" data-widget_type=\"button.default\">\n\t\t\t\t<div class=\"elementor-widget-container\">\n\t\t\t\t\t<div class=\"elementor-button-wrapper\">\n\t\t\t<a href=\"https:\/\/music.apple.com\/us\/album\/r%C3%ADe-y-llora\/1554305825?i=1554306216%20\" class=\"elementor-button-link elementor-button elementor-size-sm\" role=\"button\">\n\t\t\t\t\t\t<span class=\"elementor-button-content-wrapper\">\n\t\t\t\t\t\t<span class=\"elementor-button-text\">APPLE MUSIC<\/span>\n\t\t<\/span>\n\t\t\t\t\t<\/a>\n\t\t<\/div>\n\t\t\t\t<\/div>\n\t\t\t\t<\/div>\n\t\t\t\t\t\t<\/div>\n\t\t\t\t\t<\/div>\n\t\t<\/div>\n\t\t\t\t<div class=\"elementor-column elementor-col-25 elementor-top-column elementor-element elementor-element-d43883a\" data-id=\"d43883a\" data-element_type=\"column\">\n\t\t\t<div class=\"elementor-column-wrap elementor-element-populated\">\n\t\t\t\t\t\t\t<div class=\"elementor-widget-wrap\">\n\t\t\t\t\t\t<div class=\"elementor-element elementor-element-f813767 elementor-align-center elementor-widget elementor-widget-button\" data-id=\"f813767\" data-element_type=\"widget\" data-widget_type=\"button.default\">\n\t\t\t\t<div class=\"elementor-widget-container\">\n\t\t\t\t\t<div class=\"elementor-button-wrapper\">\n\t\t\t<a href=\"https:\/\/deezer.page.link\/ERkYHmDUdiqrsnSU9%20\" class=\"elementor-button-link elementor-button elementor-size-sm\" role=\"button\">\n\t\t\t\t\t\t<span class=\"elementor-button-content-wrapper\">\n\t\t\t\t\t\t<span class=\"elementor-button-text\">DEEZER<\/span>\n\t\t<\/span>\n\t\t\t\t\t<\/a>\n\t\t<\/div>\n\t\t\t\t<\/div>\n\t\t\t\t<\/div>\n\t\t\t\t\t\t<\/div>\n\t\t\t\t\t<\/div>\n\t\t<\/div>\n\t\t\t\t<div class=\"elementor-column elementor-col-25 elementor-top-column elementor-element elementor-element-0e3c404\" data-id=\"0e3c404\" data-element_type=\"column\">\n\t\t\t<div class=\"elementor-column-wrap elementor-element-populated\">\n\t\t\t\t\t\t\t<div class=\"elementor-widget-wrap\">\n\t\t\t\t\t\t<div class=\"elementor-element elementor-element-acf0beb elementor-align-center elementor-widget elementor-widget-button\" data-id=\"acf0beb\" data-element_type=\"widget\" data-widget_type=\"button.default\">\n\t\t\t\t<div class=\"elementor-widget-container\">\n\t\t\t\t\t<div class=\"elementor-button-wrapper\">\n\t\t\t<a href=\"https:\/\/music.amazon.it\/albums\/B08WZ5GQKC?marketplaceId=APJ6JRA9NG5V4&#038;musicTerritory=IT&#038;trackAsin=B08WYCN69Y%20\" class=\"elementor-button-link elementor-button elementor-size-sm\" role=\"button\">\n\t\t\t\t\t\t<span class=\"elementor-button-content-wrapper\">\n\t\t\t\t\t\t<span class=\"elementor-button-text\">AMAZON MUSIC<\/span>\n\t\t<\/span>\n\t\t\t\t\t<\/a>\n\t\t<\/div>\n\t\t\t\t<\/div>\n\t\t\t\t<\/div>\n\t\t\t\t\t\t<\/div>\n\t\t\t\t\t<\/div>\n\t\t<\/div>\n\t\t\t\t\t\t\t\t<\/div>\n\t\t\t\t\t<\/div>\n\t\t<\/section>\n\t\t\t\t<section class=\"elementor-section elementor-top-section elementor-element elementor-element-3e75291 elementor-section-stretched elementor-section-boxed elementor-section-height-default elementor-section-height-default\" data-id=\"3e75291\" data-element_type=\"section\" data-settings=\"{&quot;stretch_section&quot;:&quot;section-stretched&quot;,&quot;background_background&quot;:&quot;classic&quot;}\">\n\t\t\t\t\t\t<div class=\"elementor-container elementor-column-gap-default\">\n\t\t\t\t\t\t\t<div class=\"elementor-row\">\n\t\t\t\t\t<div class=\"elementor-column elementor-col-100 elementor-top-column elementor-element elementor-element-d6dd41e\" data-id=\"d6dd41e\" data-element_type=\"column\">\n\t\t\t<div class=\"elementor-column-wrap elementor-element-populated\">\n\t\t\t\t\t\t\t<div class=\"elementor-widget-wrap\">\n\t\t\t\t\t\t<div class=\"elementor-element elementor-element-0eb8e7c elementor-widget elementor-widget-text-editor\" data-id=\"0eb8e7c\" data-element_type=\"widget\" data-widget_type=\"text-editor.default\">\n\t\t\t\t<div class=\"elementor-widget-container\">\n\t\t\t\t\t\t\t\t<div class=\"elementor-text-editor elementor-clearfix\">\n\t\t\t\t<div><p style=\"text-align: center;\"><span style=\"color: #ffffff;\">No hay m\u00e1s nada que decir<\/span><\/p><p style=\"text-align: center;\"><span style=\"color: #ffffff;\">Chamaquito que crece escuchando Don y Elvis Manuel<\/span><\/p><p style=\"text-align: center;\"><span style=\"color: #ffffff;\">Un saludo pa\u2019 las fr\u00edas, las calientes<\/span><\/p><p style=\"text-align: center;\"><span style=\"color: #ffffff;\">Y pa\u2019 las tibias tambi\u00e9n<\/span><\/p><p style=\"text-align: center;\"><span style=\"color: #ffffff;\">No me olvido de mi gente<\/span><\/p><p style=\"text-align: center;\"><span style=\"color: #ffffff;\">Desde Hornos hasta San Miguel<\/span><\/p><p style=\"text-align: center;\"><span style=\"color: #ffffff;\">Que me vieron coronar<\/span><\/p><p style=\"text-align: center;\"><span style=\"color: #ffffff;\">Desde pollito hasta corona Michael Felp<\/span><\/p><p style=\"text-align: center;\"><span style=\"color: #ffffff;\">Ya no me dejo ver<\/span><\/p><p style=\"text-align: center;\"><span style=\"color: #ffffff;\">Como Martino, dej\u00e1ndola caer<\/span><\/p><p style=\"text-align: center;\"><span style=\"color: #ffffff;\">Vivo mi vida, con locura si al final<\/span><\/p><p style=\"text-align: center;\"><span style=\"color: #ffffff;\">Nada me llevo cuando la pelona me venga a buscar<\/span><\/p><p style=\"text-align: center;\"><span style=\"color: #ffffff;\">Por eso<\/span><\/p><p style=\"text-align: center;\">\u00a0<\/p><p style=\"text-align: center;\"><span style=\"color: #ffffff;\">R\u00ede, llora<\/span><\/p><p style=\"text-align: center;\"><span style=\"color: #ffffff;\">Vive la vida, porque la vida es una sola sola<\/span><\/p><p style=\"text-align: center;\"><span style=\"color: #ffffff;\">R\u00ede, llora<\/span><\/p><p style=\"text-align: center;\"><span style=\"color: #ffffff;\">Goza la vida, que a cada uno le llega su hora<\/span><\/p><p style=\"text-align: center;\"><span style=\"color: #ffffff;\">R\u00ede, llora<\/span><\/p><p style=\"text-align: center;\"><span style=\"color: #ffffff;\">Vive la vida, porque la vida es una sola sola<\/span><\/p><p style=\"text-align: center;\"><span style=\"color: #ffffff;\">R\u00ede, llora<\/span><\/p><p style=\"text-align: center;\"><span style=\"color: #ffffff;\">Goza la vida, que a cada uno le llega su hora<\/span><\/p><p style=\"text-align: center;\">\u00a0<\/p><p style=\"text-align: center;\"><span style=\"color: #ffffff;\">Havana Club y Habano<\/span><\/p><p style=\"text-align: center;\"><span style=\"color: #ffffff;\">Esto suena cubano<\/span><\/p><p style=\"text-align: center;\"><span style=\"color: #ffffff;\">Bongo, guitarra y piano<\/span><\/p><p style=\"text-align: center;\"><span style=\"color: #ffffff;\">Dime qu\u00e9 bol\u00e1 mi hermano<\/span><\/p><p style=\"text-align: center;\"><span style=\"color: #ffffff;\">Esto es Cuba al 100 por 100<\/span><\/p><p style=\"text-align: center;\"><span style=\"color: #ffffff;\">Sigue la lucha y to\u2019 est\u00e1 bien<\/span><\/p><p style=\"text-align: center;\"><span style=\"color: #ffffff;\">Mulatonas, blancas, chinas<\/span><\/p><p style=\"text-align: center;\"><span style=\"color: #ffffff;\">Y las negronas tambi\u00e9n<\/span><\/p><p style=\"text-align: center;\"><span style=\"color: #ffffff;\">Esta es la tierra del az\u00facar<\/span><\/p><p style=\"text-align: center;\"><span style=\"color: #ffffff;\">P\u00e1same la hooka<\/span><\/p><p style=\"text-align: center;\"><span style=\"color: #ffffff;\">Representando la sangre y no tengo premios Lucas<\/span><\/p><p style=\"text-align: center;\"><span style=\"color: #ffffff;\">En Cuba yo soy Elvis<\/span><\/p><p style=\"text-align: center;\"><span style=\"color: #ffffff;\">Pa los gringos yo soy 2Pac<\/span><\/p><p style=\"text-align: center;\"><span style=\"color: #ffffff;\">No escupas pa\u2019 arriba pa\u2019 que en la cara no te escupas<\/span><\/p><p style=\"text-align: center;\"><span style=\"color: #ffffff;\">Positiva, seguimos matando la Liga<\/span><\/p><p style=\"text-align: center;\"><span style=\"color: #ffffff;\">To\u2019 el que Dios bendiga<\/span><\/p><p style=\"text-align: center;\"><span style=\"color: #ffffff;\">Los Orishas me bendicen desde arriba<\/span><\/p><p style=\"text-align: center;\"><span style=\"color: #ffffff;\">Tirarme a mi es gastar saliva<\/span><\/p><p style=\"text-align: center;\"><span style=\"color: #ffffff;\">Mi cuadro espiritual que me ilumina y que me cuida<\/span><\/p><p style=\"text-align: center;\"><span style=\"color: #ffffff;\">En Marianao fue que crec\u00ed<\/span><\/p><p style=\"text-align: center;\"><span style=\"color: #ffffff;\">Me lo propuse y lo cumpl\u00ed<\/span><\/p><p style=\"text-align: center;\"><span style=\"color: #ffffff;\">De la esquina pa\u2019 el VIP<\/span><\/p><p style=\"text-align: center;\"><span style=\"color: #ffffff;\">Qu\u00e9 pas\u00f3, tamo aqu\u00ed<\/span><\/p><p style=\"text-align: center;\"><span style=\"color: #ffffff;\">En l\u00ednea, pero nunca en ley<\/span><\/p><p style=\"text-align: center;\"><span style=\"color: #ffffff;\">Voy prendiendo una haze<\/span><\/p><p style=\"text-align: center;\"><span style=\"color: #ffffff;\">Les cambiamos el Taze<\/span><\/p><p style=\"text-align: center;\"><span style=\"color: #ffffff;\">Los de homicidio les dieron yellow tape<\/span><\/p><p style=\"text-align: center;\">\u00a0<\/p><p style=\"text-align: center;\"><span style=\"color: #ffffff;\">R\u00ede, llora<\/span><\/p><p style=\"text-align: center;\"><span style=\"color: #ffffff;\">Vive la vida, porque la vida es una sola sola<\/span><\/p><p style=\"text-align: center;\"><span style=\"color: #ffffff;\">R\u00ede, llora<\/span><\/p><p style=\"text-align: center;\"><span style=\"color: #ffffff;\">Goza la vida, que a cada uno le llega su hora<\/span><\/p><p style=\"text-align: center;\"><span style=\"color: #ffffff;\">R\u00ede, llora<\/span><\/p><p style=\"text-align: center;\"><span style=\"color: #ffffff;\">Vive la vida, porque la vida es una sola sola<\/span><\/p><p style=\"text-align: center;\"><span style=\"color: #ffffff;\">R\u00ede, llora<\/span><\/p><p style=\"text-align: center;\"><span style=\"color: #ffffff;\">Goza la vida, que a cada uno le llega su hora<\/span><\/p><p style=\"text-align: center;\">\u00a0<\/p><p style=\"text-align: center;\"><span style=\"color: #ffffff;\">Yonka cabr\u00f3n<\/span><\/p><p style=\"text-align: center;\"><span style=\"color: #ffffff;\">La Eme<\/span><\/p><p style=\"text-align: center;\"><span style=\"color: #ffffff;\">Dachay en las m\u00e1quinas<\/span><\/p><p style=\"text-align: center;\"><span style=\"color: #ffffff;\">No hay m\u00e1s na\u2019 que decir<\/span><\/p><p style=\"text-align: center;\"><span style=\"color: #ffffff;\">R\u00ede, llora<\/span><\/p><p style=\"text-align: center;\"><span style=\"color: #ffffff;\">Di Benedetto Production<\/span><\/p><p style=\"text-align: center;\"><span style=\"color: #ffffff;\">T\u00fa est\u00e1 apendejao<\/span><\/p><p style=\"text-align: center;\"><span style=\"color: #ffffff;\">R\u00ede<\/span><\/p><p style=\"text-align: center;\"><span style=\"color: #ffffff;\">Han botao como un mill\u00f3n de pesos en la fuente del Rinc\u00f3n y\u2026<\/span><\/p><p style=\"text-align: center;\"><span style=\"color: #ffffff;\">no les sale papi, sencillamente no les sale<\/span><\/p><p style=\"text-align: center;\"><span style=\"color: #ffffff;\">R\u00ede, llora<\/span><\/p><p style=\"text-align: center;\"><span style=\"color: #ffffff;\">R\u00ede, r\u00ede, r\u00ede, llora, llora, llora<\/span><\/p><p style=\"text-align: center;\"><span style=\"color: #ffffff;\">R\u00ede, llora<\/span><\/p><p style=\"text-align: center;\"><span style=\"color: #ffffff;\">Y si quieres saber la p\u00f3cima papi, ve y preg\u00fantale a Dachay<\/span><\/p><p style=\"text-align: center;\"><span style=\"color: #ffffff;\">R\u00ede.<\/span><\/p><\/div>\t\t\t\t\t<\/div>\n\t\t\t\t\t\t<\/div>\n\t\t\t\t<\/div>\n\t\t\t\t\t\t<\/div>\n\t\t\t\t\t<\/div>\n\t\t<\/div>\n\t\t\t\t\t\t\t\t<\/div>\n\t\t\t\t\t<\/div>\n\t\t<\/section>\n\t\t\t\t\t\t<\/div>\n\t\t\t\t\t\t<\/div>\n\t\t\t\t\t<\/div>\n\t\t","protected":false},"excerpt":{"rendered":"<p>SPOTIFY APPLE MUSIC DEEZER AMAZON MUSIC No hay m\u00e1s nada que decir Chamaquito que crece escuchando Don y Elvis Manuel Un saludo pa\u2019 las fr\u00edas, las calientes Y pa\u2019 las tibias tambi\u00e9n No me olvido de mi gente Desde Hornos hasta San Miguel Que me vieron coronar Desde pollito hasta corona Michael Felp Ya no.<\/p>\n","protected":false},"author":1,"featured_media":0,"parent":0,"menu_order":0,"comment_status":"closed","ping_status":"closed","template":"","meta":{"footnotes":""},"categories":[42],"tags":[],"class_list":["post-4842","page","type-page","status-publish","hentry","category-testi"],"yoast_head":"<!-- This site is optimized with the Yoast SEO plugin v19.6.1 - https:\/\/yoast.com\/wordpress\/plugins\/seo\/ -->\n<title>Rie y llora - Di Benedetto Productions<\/title>\n<meta name=\"robots\" content=\"index, follow, max-snippet:-1, max-image-preview:large, max-video-preview:-1\" \/>\n<link rel=\"canonical\" href=\"https:\/\/dibenedettoproductions.com\/?page_id=4842\" \/>\n<meta property=\"og:locale\" content=\"it_IT\" \/>\n<meta property=\"og:type\" content=\"article\" \/>\n<meta property=\"og:title\" content=\"Rie y llora - Di Benedetto Productions\" \/>\n<meta property=\"og:description\" content=\"SPOTIFY APPLE MUSIC DEEZER AMAZON MUSIC No hay m\u00e1s nada que decir Chamaquito que crece escuchando Don y Elvis Manuel Un saludo pa\u2019 las fr\u00edas, las calientes Y pa\u2019 las tibias tambi\u00e9n No me olvido de mi gente Desde Hornos hasta San Miguel Que me vieron coronar Desde pollito hasta corona Michael Felp Ya no.\" \/>\n<meta property=\"og:url\" content=\"https:\/\/dibenedettoproductions.com\/?page_id=4842\" \/>\n<meta property=\"og:site_name\" content=\"Di Benedetto Productions\" \/>\n<meta property=\"article:modified_time\" content=\"2021-08-06T07:05:25+00:00\" \/>\n<meta name=\"twitter:card\" content=\"summary_large_image\" \/>\n<meta name=\"twitter:label1\" content=\"Tempo di lettura stimato\" \/>\n\t<meta name=\"twitter:data1\" content=\"2 minuti\" \/>\n<script type=\"application\/ld+json\" class=\"yoast-schema-graph\">{\"@context\":\"https:\/\/schema.org\",\"@graph\":[{\"@type\":\"WebPage\",\"@id\":\"https:\/\/dibenedettoproductions.com\/?page_id=4842\",\"url\":\"https:\/\/dibenedettoproductions.com\/?page_id=4842\",\"name\":\"Rie y llora - Di Benedetto Productions\",\"isPartOf\":{\"@id\":\"https:\/\/dibenedettoproductions.com\/#website\"},\"datePublished\":\"2021-03-30T09:27:12+00:00\",\"dateModified\":\"2021-08-06T07:05:25+00:00\",\"breadcrumb\":{\"@id\":\"https:\/\/dibenedettoproductions.com\/?page_id=4842#breadcrumb\"},\"inLanguage\":\"it-IT\",\"potentialAction\":[{\"@type\":\"ReadAction\",\"target\":[\"https:\/\/dibenedettoproductions.com\/?page_id=4842\"]}]},{\"@type\":\"BreadcrumbList\",\"@id\":\"https:\/\/dibenedettoproductions.com\/?page_id=4842#breadcrumb\",\"itemListElement\":[{\"@type\":\"ListItem\",\"position\":1,\"name\":\"Home\",\"item\":\"https:\/\/dibenedettoproductions.com\/\"},{\"@type\":\"ListItem\",\"position\":2,\"name\":\"Rie y llora\"}]},{\"@type\":\"WebSite\",\"@id\":\"https:\/\/dibenedettoproductions.com\/#website\",\"url\":\"https:\/\/dibenedettoproductions.com\/\",\"name\":\"Di Benedetto Productions\",\"description\":\"\",\"publisher\":{\"@id\":\"https:\/\/dibenedettoproductions.com\/#organization\"},\"potentialAction\":[{\"@type\":\"SearchAction\",\"target\":{\"@type\":\"EntryPoint\",\"urlTemplate\":\"https:\/\/dibenedettoproductions.com\/?s={search_term_string}\"},\"query-input\":\"required name=search_term_string\"}],\"inLanguage\":\"it-IT\"},{\"@type\":\"Organization\",\"@id\":\"https:\/\/dibenedettoproductions.com\/#organization\",\"name\":\"DI BENEDETTO PRODUCTIONS\",\"url\":\"https:\/\/dibenedettoproductions.com\/\",\"sameAs\":[],\"logo\":{\"@type\":\"ImageObject\",\"inLanguage\":\"it-IT\",\"@id\":\"https:\/\/dibenedettoproductions.com\/#\/schema\/logo\/image\/\",\"url\":\"https:\/\/dibenedettoproductions.com\/wp-content\/uploads\/2021\/09\/logo_di_benedetto_productions.jpg\",\"contentUrl\":\"https:\/\/dibenedettoproductions.com\/wp-content\/uploads\/2021\/09\/logo_di_benedetto_productions.jpg\",\"width\":225,\"height\":225,\"caption\":\"DI BENEDETTO PRODUCTIONS\"},\"image\":{\"@id\":\"https:\/\/dibenedettoproductions.com\/#\/schema\/logo\/image\/\"}}]}<\/script>\n<!-- \/ Yoast SEO plugin. -->","yoast_head_json":{"title":"Rie y llora - Di Benedetto Productions","robots":{"index":"index","follow":"follow","max-snippet":"max-snippet:-1","max-image-preview":"max-image-preview:large","max-video-preview":"max-video-preview:-1"},"canonical":"https:\/\/dibenedettoproductions.com\/?page_id=4842","og_locale":"it_IT","og_type":"article","og_title":"Rie y llora - Di Benedetto Productions","og_description":"SPOTIFY APPLE MUSIC DEEZER AMAZON MUSIC No hay m\u00e1s nada que decir Chamaquito que crece escuchando Don y Elvis Manuel Un saludo pa\u2019 las fr\u00edas, las calientes Y pa\u2019 las tibias tambi\u00e9n No me olvido de mi gente Desde Hornos hasta San Miguel Que me vieron coronar Desde pollito hasta corona Michael Felp Ya no.","og_url":"https:\/\/dibenedettoproductions.com\/?page_id=4842","og_site_name":"Di Benedetto Productions","article_modified_time":"2021-08-06T07:05:25+00:00","twitter_card":"summary_large_image","twitter_misc":{"Tempo di lettura stimato":"2 minuti"},"schema":{"@context":"https:\/\/schema.org","@graph":[{"@type":"WebPage","@id":"https:\/\/dibenedettoproductions.com\/?page_id=4842","url":"https:\/\/dibenedettoproductions.com\/?page_id=4842","name":"Rie y llora - Di Benedetto Productions","isPartOf":{"@id":"https:\/\/dibenedettoproductions.com\/#website"},"datePublished":"2021-03-30T09:27:12+00:00","dateModified":"2021-08-06T07:05:25+00:00","breadcrumb":{"@id":"https:\/\/dibenedettoproductions.com\/?page_id=4842#breadcrumb"},"inLanguage":"it-IT","potentialAction":[{"@type":"ReadAction","target":["https:\/\/dibenedettoproductions.com\/?page_id=4842"]}]},{"@type":"BreadcrumbList","@id":"https:\/\/dibenedettoproductions.com\/?page_id=4842#breadcrumb","itemListElement":[{"@type":"ListItem","position":1,"name":"Home","item":"https:\/\/dibenedettoproductions.com\/"},{"@type":"ListItem","position":2,"name":"Rie y llora"}]},{"@type":"WebSite","@id":"https:\/\/dibenedettoproductions.com\/#website","url":"https:\/\/dibenedettoproductions.com\/","name":"Di Benedetto Productions","description":"","publisher":{"@id":"https:\/\/dibenedettoproductions.com\/#organization"},"potentialAction":[{"@type":"SearchAction","target":{"@type":"EntryPoint","urlTemplate":"https:\/\/dibenedettoproductions.com\/?s={search_term_string}"},"query-input":"required name=search_term_string"}],"inLanguage":"it-IT"},{"@type":"Organization","@id":"https:\/\/dibenedettoproductions.com\/#organization","name":"DI BENEDETTO PRODUCTIONS","url":"https:\/\/dibenedettoproductions.com\/","sameAs":[],"logo":{"@type":"ImageObject","inLanguage":"it-IT","@id":"https:\/\/dibenedettoproductions.com\/#\/schema\/logo\/image\/","url":"https:\/\/dibenedettoproductions.com\/wp-content\/uploads\/2021\/09\/logo_di_benedetto_productions.jpg","contentUrl":"https:\/\/dibenedettoproductions.com\/wp-content\/uploads\/2021\/09\/logo_di_benedetto_productions.jpg","width":225,"height":225,"caption":"DI BENEDETTO PRODUCTIONS"},"image":{"@id":"https:\/\/dibenedettoproductions.com\/#\/schema\/logo\/image\/"}}]}},"_links":{"self":[{"href":"https:\/\/dibenedettoproductions.com\/index.php?rest_route=\/wp\/v2\/pages\/4842","targetHints":{"allow":["GET"]}}],"collection":[{"href":"https:\/\/dibenedettoproductions.com\/index.php?rest_route=\/wp\/v2\/pages"}],"about":[{"href":"https:\/\/dibenedettoproductions.com\/index.php?rest_route=\/wp\/v2\/types\/page"}],"author":[{"embeddable":true,"href":"https:\/\/dibenedettoproductions.com\/index.php?rest_route=\/wp\/v2\/users\/1"}],"replies":[{"embeddable":true,"href":"https:\/\/dibenedettoproductions.com\/index.php?rest_route=%2Fwp%2Fv2%2Fcomments&post=4842"}],"version-history":[{"count":7,"href":"https:\/\/dibenedettoproductions.com\/index.php?rest_route=\/wp\/v2\/pages\/4842\/revisions"}],"predecessor-version":[{"id":5890,"href":"https:\/\/dibenedettoproductions.com\/index.php?rest_route=\/wp\/v2\/pages\/4842\/revisions\/5890"}],"wp:attachment":[{"href":"https:\/\/dibenedettoproductions.com\/index.php?rest_route=%2Fwp%2Fv2%2Fmedia&parent=4842"}],"wp:term":[{"taxonomy":"category","embeddable":true,"href":"https:\/\/dibenedettoproductions.com\/index.php?rest_route=%2Fwp%2Fv2%2Fcategories&post=4842"},{"taxonomy":"post_tag","embeddable":true,"href":"https:\/\/dibenedettoproductions.com\/index.php?rest_route=%2Fwp%2Fv2%2Ftags&post=4842"}],"curies":[{"name":"wp","href":"https:\/\/api.w.org\/{rel}","templated":true}]}}