{"id":4827,"date":"2021-03-30T09:14:16","date_gmt":"2021-03-30T09:14:16","guid":{"rendered":"https:\/\/dibenedettoproductions.com\/?page_id=4827"},"modified":"2021-08-06T07:04:54","modified_gmt":"2021-08-06T07:04:54","slug":"racatata","status":"publish","type":"page","link":"https:\/\/dibenedettoproductions.com\/?page_id=4827","title":{"rendered":"Racatata"},"content":{"rendered":"\t\t<div data-elementor-type=\"wp-page\" data-elementor-id=\"4827\" class=\"elementor elementor-4827\" data-elementor-settings=\"[]\">\n\t\t\t\t\t\t<div class=\"elementor-inner\">\n\t\t\t\t\t\t\t<div class=\"elementor-section-wrap\">\n\t\t\t\t\t\t\t<section class=\"elementor-section elementor-top-section elementor-element elementor-element-f0db85c elementor-section-stretched elementor-section-boxed elementor-section-height-default elementor-section-height-default\" data-id=\"f0db85c\" data-element_type=\"section\" data-settings=\"{&quot;stretch_section&quot;:&quot;section-stretched&quot;,&quot;background_background&quot;:&quot;classic&quot;}\">\n\t\t\t\t\t\t<div class=\"elementor-container elementor-column-gap-default\">\n\t\t\t\t\t\t\t<div class=\"elementor-row\">\n\t\t\t\t\t<div class=\"elementor-column elementor-col-25 elementor-top-column elementor-element elementor-element-3f57ace\" data-id=\"3f57ace\" data-element_type=\"column\">\n\t\t\t<div class=\"elementor-column-wrap elementor-element-populated\">\n\t\t\t\t\t\t\t<div class=\"elementor-widget-wrap\">\n\t\t\t\t\t\t<div class=\"elementor-element elementor-element-90e604b elementor-align-center elementor-widget elementor-widget-button\" data-id=\"90e604b\" data-element_type=\"widget\" data-widget_type=\"button.default\">\n\t\t\t\t<div class=\"elementor-widget-container\">\n\t\t\t\t\t<div class=\"elementor-button-wrapper\">\n\t\t\t<a href=\"https:\/\/open.spotify.com\/track\/3DJDPbmysf4avdEHiNcU4e?si=BAHV5Ek1QsaS9lmueXamLA\" class=\"elementor-button-link elementor-button elementor-size-sm\" role=\"button\">\n\t\t\t\t\t\t<span class=\"elementor-button-content-wrapper\">\n\t\t\t\t\t\t<span class=\"elementor-button-text\">SPOTIFY<\/span>\n\t\t<\/span>\n\t\t\t\t\t<\/a>\n\t\t<\/div>\n\t\t\t\t<\/div>\n\t\t\t\t<\/div>\n\t\t\t\t\t\t<\/div>\n\t\t\t\t\t<\/div>\n\t\t<\/div>\n\t\t\t\t<div class=\"elementor-column elementor-col-25 elementor-top-column elementor-element elementor-element-25e9571\" data-id=\"25e9571\" data-element_type=\"column\">\n\t\t\t<div class=\"elementor-column-wrap elementor-element-populated\">\n\t\t\t\t\t\t\t<div class=\"elementor-widget-wrap\">\n\t\t\t\t\t\t<div class=\"elementor-element elementor-element-b344880 elementor-align-center elementor-widget elementor-widget-button\" data-id=\"b344880\" data-element_type=\"widget\" data-widget_type=\"button.default\">\n\t\t\t\t<div class=\"elementor-widget-container\">\n\t\t\t\t\t<div class=\"elementor-button-wrapper\">\n\t\t\t<a href=\"https:\/\/music.apple.com\/us\/album\/ra-ca-ta-ta\/1556071160?i=1556071161%20\" class=\"elementor-button-link elementor-button elementor-size-sm\" role=\"button\">\n\t\t\t\t\t\t<span class=\"elementor-button-content-wrapper\">\n\t\t\t\t\t\t<span class=\"elementor-button-text\">APPLE MUSIC<\/span>\n\t\t<\/span>\n\t\t\t\t\t<\/a>\n\t\t<\/div>\n\t\t\t\t<\/div>\n\t\t\t\t<\/div>\n\t\t\t\t\t\t<\/div>\n\t\t\t\t\t<\/div>\n\t\t<\/div>\n\t\t\t\t<div class=\"elementor-column elementor-col-25 elementor-top-column elementor-element elementor-element-a8c3747\" data-id=\"a8c3747\" data-element_type=\"column\">\n\t\t\t<div class=\"elementor-column-wrap elementor-element-populated\">\n\t\t\t\t\t\t\t<div class=\"elementor-widget-wrap\">\n\t\t\t\t\t\t<div class=\"elementor-element elementor-element-3ba7584 elementor-align-center elementor-widget elementor-widget-button\" data-id=\"3ba7584\" data-element_type=\"widget\" data-widget_type=\"button.default\">\n\t\t\t\t<div class=\"elementor-widget-container\">\n\t\t\t\t\t<div class=\"elementor-button-wrapper\">\n\t\t\t<a href=\"https:\/\/deezer.page.link\/EMxck2HLAJPCteMK8%20\" class=\"elementor-button-link elementor-button elementor-size-sm\" role=\"button\">\n\t\t\t\t\t\t<span class=\"elementor-button-content-wrapper\">\n\t\t\t\t\t\t<span class=\"elementor-button-text\">DEEZER<\/span>\n\t\t<\/span>\n\t\t\t\t\t<\/a>\n\t\t<\/div>\n\t\t\t\t<\/div>\n\t\t\t\t<\/div>\n\t\t\t\t\t\t<\/div>\n\t\t\t\t\t<\/div>\n\t\t<\/div>\n\t\t\t\t<div class=\"elementor-column elementor-col-25 elementor-top-column elementor-element elementor-element-3c22a75\" data-id=\"3c22a75\" data-element_type=\"column\">\n\t\t\t<div class=\"elementor-column-wrap elementor-element-populated\">\n\t\t\t\t\t\t\t<div class=\"elementor-widget-wrap\">\n\t\t\t\t\t\t<div class=\"elementor-element elementor-element-ff3637f elementor-align-center elementor-widget elementor-widget-button\" data-id=\"ff3637f\" data-element_type=\"widget\" data-widget_type=\"button.default\">\n\t\t\t\t<div class=\"elementor-widget-container\">\n\t\t\t\t\t<div class=\"elementor-button-wrapper\">\n\t\t\t<a href=\"https:\/\/music.amazon.it\/albums\/B08XK7ZLB7?marketplaceId=APJ6JRA9NG5V4&#038;musicTerritory=IT&#038;trackAsin=B08XJWZ439%20\" class=\"elementor-button-link elementor-button elementor-size-sm\" role=\"button\">\n\t\t\t\t\t\t<span class=\"elementor-button-content-wrapper\">\n\t\t\t\t\t\t<span class=\"elementor-button-text\">AMAZON MUSIC<\/span>\n\t\t<\/span>\n\t\t\t\t\t<\/a>\n\t\t<\/div>\n\t\t\t\t<\/div>\n\t\t\t\t<\/div>\n\t\t\t\t\t\t<\/div>\n\t\t\t\t\t<\/div>\n\t\t<\/div>\n\t\t\t\t\t\t\t\t<\/div>\n\t\t\t\t\t<\/div>\n\t\t<\/section>\n\t\t\t\t<section class=\"elementor-section elementor-top-section elementor-element elementor-element-2c2306a elementor-section-stretched elementor-section-boxed elementor-section-height-default elementor-section-height-default\" data-id=\"2c2306a\" data-element_type=\"section\" data-settings=\"{&quot;stretch_section&quot;:&quot;section-stretched&quot;,&quot;background_background&quot;:&quot;classic&quot;}\">\n\t\t\t\t\t\t<div class=\"elementor-container elementor-column-gap-default\">\n\t\t\t\t\t\t\t<div class=\"elementor-row\">\n\t\t\t\t\t<div class=\"elementor-column elementor-col-100 elementor-top-column elementor-element elementor-element-3fdbe92\" data-id=\"3fdbe92\" data-element_type=\"column\">\n\t\t\t<div class=\"elementor-column-wrap elementor-element-populated\">\n\t\t\t\t\t\t\t<div class=\"elementor-widget-wrap\">\n\t\t\t\t\t\t<div class=\"elementor-element elementor-element-4c60b0b elementor-widget elementor-widget-text-editor\" data-id=\"4c60b0b\" data-element_type=\"widget\" data-widget_type=\"text-editor.default\">\n\t\t\t\t<div class=\"elementor-widget-container\">\n\t\t\t\t\t\t\t\t<div class=\"elementor-text-editor elementor-clearfix\">\n\t\t\t\t<div><p style=\"text-align: center;\"><span style=\"color: #ffffff;\">\u00bfQui\u00e9n te dijo que yo quiero tu atenci\u00f3n?<\/span><\/p><p style=\"text-align: center;\"><span style=\"color: #ffffff;\">Si la tengo y no la pido solamente por ser yo.<\/span><\/p><p style=\"text-align: center;\"><span style=\"color: #ffffff;\">Qui\u00e9n te dijo que los locos no perdemos el control<\/span><\/p><p style=\"text-align: center;\"><span style=\"color: #ffffff;\">si el jefe del manicomio<\/span><\/p><p style=\"text-align: center;\"><span style=\"color: #ffffff;\">ya por eso me vot\u00f3.<\/span><\/p><p style=\"text-align: center;\">\u00a0<\/p><p style=\"text-align: center;\"><span style=\"color: #ffffff;\">Qui\u00e9n te dijo que yo quiero pegarme por estar buena<\/span><\/p><p style=\"text-align: center;\"><span style=\"color: #ffffff;\">quiz\u00e1s no has visto mis fotos no tengo culo ni tetas.<\/span><\/p><p style=\"text-align: center;\">\u00a0<\/p><p style=\"text-align: center;\"><span style=\"color: #ffffff;\">No quiero ser la primera<\/span><\/p><p style=\"text-align: center;\"><span style=\"color: #ffffff;\">ni siquiera ser la \u00fanica<\/span><\/p><p style=\"text-align: center;\"><span style=\"color: #ffffff;\">pa&#8217; muchos la mejor sacando del tanga de la t\u00fanica.<\/span><\/p><p style=\"text-align: center;\">\u00a0<\/p><p style=\"text-align: center;\"><span style=\"color: #ffffff;\">Este es el flow de la barbie la barbie fue a Singapur<\/span><\/p><p style=\"text-align: center;\"><span style=\"color: #ffffff;\">te jode mucho que nadie tenga ganas de ser t\u00fa.<\/span><\/p><p style=\"text-align: center;\">\u00a0<\/p><p style=\"text-align: center;\"><span style=\"color: #ffffff;\">No me interesan las cubanas ni tener 40 Rolex<\/span><\/p><p style=\"text-align: center;\"><span style=\"color: #ffffff;\">no quiero hacer hacerme la lipo<\/span><\/p><p style=\"text-align: center;\"><span style=\"color: #ffffff;\">ni ponerme extensiones<\/span><\/p><p style=\"text-align: center;\"><span style=\"color: #ffffff;\">yo no quiero un monumento por pegar todas mis canciones<\/span><\/p><p style=\"text-align: center;\"><span style=\"color: #ffffff;\">ni posturear en un evento<\/span><\/p><p style=\"text-align: center;\"><span style=\"color: #ffffff;\">ni el respeto de cabrones.<\/span><\/p><p style=\"text-align: center;\">\u00a0<\/p><p style=\"text-align: center;\"><span style=\"color: #ffffff;\">Yo no quiero decir que soy la m\u00e1s peg\u00e1 de Cuba<\/span><\/p><p style=\"text-align: center;\"><span style=\"color: #ffffff;\">ni que ahora me caen atr\u00e1s por tener par de millones<\/span><\/p><p style=\"text-align: center;\"><span style=\"color: #ffffff;\">que me tocan los cojones los artistas del g\u00e9nero<\/span><\/p><p style=\"text-align: center;\"><span style=\"color: #ffffff;\">que no pago el Maserati usando tarjeta de cr\u00e9dito.<\/span><\/p><p style=\"text-align: center;\">\u00a0<\/p><p style=\"text-align: center;\"><span style=\"color: #ffffff;\">Que yo compro la botella m\u00e1s cara del lugar<\/span><\/p><p style=\"text-align: center;\"><span style=\"color: #ffffff;\">que en seguidores tengo partido el Instagram<\/span><\/p><p style=\"text-align: center;\"><span style=\"color: #ffffff;\">yo no quiero vestir Gucci<\/span><\/p><p style=\"text-align: center;\"><span style=\"color: #ffffff;\">ni zapatitos de Prada<\/span><\/p><p style=\"text-align: center;\"><span style=\"color: #ffffff;\">yo no quiero restregar que tengo una casa en la playa.<\/span><\/p><p style=\"text-align: center;\">\u00a0<\/p><p style=\"text-align: center;\"><span style=\"color: #ffffff;\">Si quieres saber lo que quiero es est\u00e1 muy complicado<\/span><\/p><p style=\"text-align: center;\"><span style=\"color: #ffffff;\">yo quiero o\u00edr mis temas en bucle en los estadios<\/span><\/p><p style=\"text-align: center;\"><span style=\"color: #ffffff;\">en los captions de tus fotos que haya frases de mis canciones<\/span><\/p><p style=\"text-align: center;\"><span style=\"color: #ffffff;\">que si una chamaca es linda no le toques los cojones<\/span><\/p><p style=\"text-align: center;\"><span style=\"color: #ffffff;\">que te sientas con confianza por ser yo una malakosa<\/span><\/p><p style=\"text-align: center;\"><span style=\"color: #ffffff;\">que de todos los colores no solo te interese el rosa<\/span><\/p><p style=\"text-align: center;\"><span style=\"color: #ffffff;\">que te expreses con libertad, pero sin cr\u00edticadera<\/span><\/p><p style=\"text-align: center;\"><span style=\"color: #ffffff;\">que te goces la vida sin ponerlo en la libreta<\/span><\/p><p style=\"text-align: center;\"><span style=\"color: #ffffff;\">que, aunque sea un poquito yo influya en tu vida<\/span><\/p><p style=\"text-align: center;\"><span style=\"color: #ffffff;\">que nunca te pasen desapercibidas mis rimas<\/span><\/p><p style=\"text-align: center;\"><span style=\"color: #ffffff;\">yo solo quiero querer<\/span><\/p><p style=\"text-align: center;\"><span style=\"color: #ffffff;\">porque nunca quiero nada solo suelto toda mi magia y<\/span><\/p><p style=\"text-align: center;\"><span style=\"color: #ffffff;\">te la convierto en barras<\/span><\/p><p style=\"text-align: center;\">\u00a0<\/p><p style=\"text-align: center;\"><span style=\"color: #ffffff;\">En la historia de mi vida<\/span><\/p><p style=\"text-align: center;\"><span style=\"color: #ffffff;\">hay mucho m\u00e1s que sonrisas<\/span><\/p><p style=\"text-align: center;\"><span style=\"color: #ffffff;\">t\u00fa crees que a m\u00ed me importa<\/span><\/p><p style=\"text-align: center;\"><span style=\"color: #ffffff;\">Ser la primera de tu lista<\/span><\/p><p style=\"text-align: center;\"><span style=\"color: #ffffff;\">s\u00f3lo piensa 3 segundos y respeta un poco el flow<\/span><\/p><p style=\"text-align: center;\"><span style=\"color: #ffffff;\">ser mujer es m\u00e1s que un culo<\/span><\/p><p style=\"text-align: center;\"><span style=\"color: #ffffff;\">ser mujer es m\u00e1s que un jevo<\/span><\/p><p style=\"text-align: center;\"><span style=\"color: #ffffff;\">ser mujer es luchar duro y jugar el mismo juego.<\/span><\/p><p style=\"text-align: center;\">\u00a0<\/p><p style=\"text-align: center;\"><span style=\"color: #ffffff;\">La diferencia que tenemos viene ya de chamaquitas<\/span><\/p><p style=\"text-align: center;\"><span style=\"color: #ffffff;\">t\u00fa jugabas a las casitas<\/span><\/p><p style=\"text-align: center;\"><span style=\"color: #ffffff;\">yo jugaba con canicas<\/span><\/p><p style=\"text-align: center;\"><span style=\"color: #ffffff;\">t\u00fa quieres que te respeten por tener un marido way<\/span><\/p><p style=\"text-align: center;\"><span style=\"color: #ffffff;\">yo quiero que me respeten en Cuba, en PR y en Paraguay<\/span><\/p><p style=\"text-align: center;\"><span style=\"color: #ffffff;\">y vamos a cerrar este culto a lo que no debes hacer<\/span><\/p><p style=\"text-align: center;\"><span style=\"color: #ffffff;\">ni, aunque tire 30 raps t\u00fa lo vas a entender<\/span><\/p><p style=\"text-align: center;\"><span style=\"color: #ffffff;\">porque tu mente no nada porque te gusta ser bruta<\/span><\/p><p style=\"text-align: center;\"><span style=\"color: #ffffff;\">yo lloro por la vida y t\u00fa por tus fucking u\u00f1as.<\/span><\/p><\/div>\t\t\t\t\t<\/div>\n\t\t\t\t\t\t<\/div>\n\t\t\t\t<\/div>\n\t\t\t\t\t\t<\/div>\n\t\t\t\t\t<\/div>\n\t\t<\/div>\n\t\t\t\t\t\t\t\t<\/div>\n\t\t\t\t\t<\/div>\n\t\t<\/section>\n\t\t\t\t\t\t<\/div>\n\t\t\t\t\t\t<\/div>\n\t\t\t\t\t<\/div>\n\t\t","protected":false},"excerpt":{"rendered":"<p>SPOTIFY APPLE MUSIC DEEZER AMAZON MUSIC \u00bfQui\u00e9n te dijo que yo quiero tu atenci\u00f3n? Si la tengo y no la pido solamente por ser yo. Qui\u00e9n te dijo que los locos no perdemos el control si el jefe del manicomio ya por eso me vot\u00f3. \u00a0 Qui\u00e9n te dijo que yo quiero pegarme por estar.<\/p>\n","protected":false},"author":1,"featured_media":0,"parent":0,"menu_order":0,"comment_status":"closed","ping_status":"closed","template":"","meta":{"footnotes":""},"categories":[42],"tags":[],"class_list":["post-4827","page","type-page","status-publish","hentry","category-testi"],"yoast_head":"<!-- This site is optimized with the Yoast SEO plugin v19.6.1 - https:\/\/yoast.com\/wordpress\/plugins\/seo\/ -->\n<title>Racatata - Di Benedetto Productions<\/title>\n<meta name=\"robots\" content=\"index, follow, max-snippet:-1, max-image-preview:large, max-video-preview:-1\" \/>\n<link rel=\"canonical\" href=\"https:\/\/dibenedettoproductions.com\/?page_id=4827\" \/>\n<meta property=\"og:locale\" content=\"it_IT\" \/>\n<meta property=\"og:type\" content=\"article\" \/>\n<meta property=\"og:title\" content=\"Racatata - Di Benedetto Productions\" \/>\n<meta property=\"og:description\" content=\"SPOTIFY APPLE MUSIC DEEZER AMAZON MUSIC \u00bfQui\u00e9n te dijo que yo quiero tu atenci\u00f3n? Si la tengo y no la pido solamente por ser yo. Qui\u00e9n te dijo que los locos no perdemos el control si el jefe del manicomio ya por eso me vot\u00f3. \u00a0 Qui\u00e9n te dijo que yo quiero pegarme por estar.\" \/>\n<meta property=\"og:url\" content=\"https:\/\/dibenedettoproductions.com\/?page_id=4827\" \/>\n<meta property=\"og:site_name\" content=\"Di Benedetto Productions\" \/>\n<meta property=\"article:modified_time\" content=\"2021-08-06T07:04:54+00:00\" \/>\n<meta name=\"twitter:card\" content=\"summary_large_image\" \/>\n<meta name=\"twitter:label1\" content=\"Tempo di lettura stimato\" \/>\n\t<meta name=\"twitter:data1\" content=\"2 minuti\" \/>\n<script type=\"application\/ld+json\" class=\"yoast-schema-graph\">{\"@context\":\"https:\/\/schema.org\",\"@graph\":[{\"@type\":\"WebPage\",\"@id\":\"https:\/\/dibenedettoproductions.com\/?page_id=4827\",\"url\":\"https:\/\/dibenedettoproductions.com\/?page_id=4827\",\"name\":\"Racatata - Di Benedetto Productions\",\"isPartOf\":{\"@id\":\"https:\/\/dibenedettoproductions.com\/#website\"},\"datePublished\":\"2021-03-30T09:14:16+00:00\",\"dateModified\":\"2021-08-06T07:04:54+00:00\",\"breadcrumb\":{\"@id\":\"https:\/\/dibenedettoproductions.com\/?page_id=4827#breadcrumb\"},\"inLanguage\":\"it-IT\",\"potentialAction\":[{\"@type\":\"ReadAction\",\"target\":[\"https:\/\/dibenedettoproductions.com\/?page_id=4827\"]}]},{\"@type\":\"BreadcrumbList\",\"@id\":\"https:\/\/dibenedettoproductions.com\/?page_id=4827#breadcrumb\",\"itemListElement\":[{\"@type\":\"ListItem\",\"position\":1,\"name\":\"Home\",\"item\":\"https:\/\/dibenedettoproductions.com\/\"},{\"@type\":\"ListItem\",\"position\":2,\"name\":\"Racatata\"}]},{\"@type\":\"WebSite\",\"@id\":\"https:\/\/dibenedettoproductions.com\/#website\",\"url\":\"https:\/\/dibenedettoproductions.com\/\",\"name\":\"Di Benedetto Productions\",\"description\":\"\",\"publisher\":{\"@id\":\"https:\/\/dibenedettoproductions.com\/#organization\"},\"potentialAction\":[{\"@type\":\"SearchAction\",\"target\":{\"@type\":\"EntryPoint\",\"urlTemplate\":\"https:\/\/dibenedettoproductions.com\/?s={search_term_string}\"},\"query-input\":\"required name=search_term_string\"}],\"inLanguage\":\"it-IT\"},{\"@type\":\"Organization\",\"@id\":\"https:\/\/dibenedettoproductions.com\/#organization\",\"name\":\"DI BENEDETTO PRODUCTIONS\",\"url\":\"https:\/\/dibenedettoproductions.com\/\",\"sameAs\":[],\"logo\":{\"@type\":\"ImageObject\",\"inLanguage\":\"it-IT\",\"@id\":\"https:\/\/dibenedettoproductions.com\/#\/schema\/logo\/image\/\",\"url\":\"https:\/\/dibenedettoproductions.com\/wp-content\/uploads\/2021\/09\/logo_di_benedetto_productions.jpg\",\"contentUrl\":\"https:\/\/dibenedettoproductions.com\/wp-content\/uploads\/2021\/09\/logo_di_benedetto_productions.jpg\",\"width\":225,\"height\":225,\"caption\":\"DI BENEDETTO PRODUCTIONS\"},\"image\":{\"@id\":\"https:\/\/dibenedettoproductions.com\/#\/schema\/logo\/image\/\"}}]}<\/script>\n<!-- \/ Yoast SEO plugin. -->","yoast_head_json":{"title":"Racatata - Di Benedetto Productions","robots":{"index":"index","follow":"follow","max-snippet":"max-snippet:-1","max-image-preview":"max-image-preview:large","max-video-preview":"max-video-preview:-1"},"canonical":"https:\/\/dibenedettoproductions.com\/?page_id=4827","og_locale":"it_IT","og_type":"article","og_title":"Racatata - Di Benedetto Productions","og_description":"SPOTIFY APPLE MUSIC DEEZER AMAZON MUSIC \u00bfQui\u00e9n te dijo que yo quiero tu atenci\u00f3n? Si la tengo y no la pido solamente por ser yo. Qui\u00e9n te dijo que los locos no perdemos el control si el jefe del manicomio ya por eso me vot\u00f3. \u00a0 Qui\u00e9n te dijo que yo quiero pegarme por estar.","og_url":"https:\/\/dibenedettoproductions.com\/?page_id=4827","og_site_name":"Di Benedetto Productions","article_modified_time":"2021-08-06T07:04:54+00:00","twitter_card":"summary_large_image","twitter_misc":{"Tempo di lettura stimato":"2 minuti"},"schema":{"@context":"https:\/\/schema.org","@graph":[{"@type":"WebPage","@id":"https:\/\/dibenedettoproductions.com\/?page_id=4827","url":"https:\/\/dibenedettoproductions.com\/?page_id=4827","name":"Racatata - Di Benedetto Productions","isPartOf":{"@id":"https:\/\/dibenedettoproductions.com\/#website"},"datePublished":"2021-03-30T09:14:16+00:00","dateModified":"2021-08-06T07:04:54+00:00","breadcrumb":{"@id":"https:\/\/dibenedettoproductions.com\/?page_id=4827#breadcrumb"},"inLanguage":"it-IT","potentialAction":[{"@type":"ReadAction","target":["https:\/\/dibenedettoproductions.com\/?page_id=4827"]}]},{"@type":"BreadcrumbList","@id":"https:\/\/dibenedettoproductions.com\/?page_id=4827#breadcrumb","itemListElement":[{"@type":"ListItem","position":1,"name":"Home","item":"https:\/\/dibenedettoproductions.com\/"},{"@type":"ListItem","position":2,"name":"Racatata"}]},{"@type":"WebSite","@id":"https:\/\/dibenedettoproductions.com\/#website","url":"https:\/\/dibenedettoproductions.com\/","name":"Di Benedetto Productions","description":"","publisher":{"@id":"https:\/\/dibenedettoproductions.com\/#organization"},"potentialAction":[{"@type":"SearchAction","target":{"@type":"EntryPoint","urlTemplate":"https:\/\/dibenedettoproductions.com\/?s={search_term_string}"},"query-input":"required name=search_term_string"}],"inLanguage":"it-IT"},{"@type":"Organization","@id":"https:\/\/dibenedettoproductions.com\/#organization","name":"DI BENEDETTO PRODUCTIONS","url":"https:\/\/dibenedettoproductions.com\/","sameAs":[],"logo":{"@type":"ImageObject","inLanguage":"it-IT","@id":"https:\/\/dibenedettoproductions.com\/#\/schema\/logo\/image\/","url":"https:\/\/dibenedettoproductions.com\/wp-content\/uploads\/2021\/09\/logo_di_benedetto_productions.jpg","contentUrl":"https:\/\/dibenedettoproductions.com\/wp-content\/uploads\/2021\/09\/logo_di_benedetto_productions.jpg","width":225,"height":225,"caption":"DI BENEDETTO PRODUCTIONS"},"image":{"@id":"https:\/\/dibenedettoproductions.com\/#\/schema\/logo\/image\/"}}]}},"_links":{"self":[{"href":"https:\/\/dibenedettoproductions.com\/index.php?rest_route=\/wp\/v2\/pages\/4827","targetHints":{"allow":["GET"]}}],"collection":[{"href":"https:\/\/dibenedettoproductions.com\/index.php?rest_route=\/wp\/v2\/pages"}],"about":[{"href":"https:\/\/dibenedettoproductions.com\/index.php?rest_route=\/wp\/v2\/types\/page"}],"author":[{"embeddable":true,"href":"https:\/\/dibenedettoproductions.com\/index.php?rest_route=\/wp\/v2\/users\/1"}],"replies":[{"embeddable":true,"href":"https:\/\/dibenedettoproductions.com\/index.php?rest_route=%2Fwp%2Fv2%2Fcomments&post=4827"}],"version-history":[{"count":7,"href":"https:\/\/dibenedettoproductions.com\/index.php?rest_route=\/wp\/v2\/pages\/4827\/revisions"}],"predecessor-version":[{"id":5878,"href":"https:\/\/dibenedettoproductions.com\/index.php?rest_route=\/wp\/v2\/pages\/4827\/revisions\/5878"}],"wp:attachment":[{"href":"https:\/\/dibenedettoproductions.com\/index.php?rest_route=%2Fwp%2Fv2%2Fmedia&parent=4827"}],"wp:term":[{"taxonomy":"category","embeddable":true,"href":"https:\/\/dibenedettoproductions.com\/index.php?rest_route=%2Fwp%2Fv2%2Fcategories&post=4827"},{"taxonomy":"post_tag","embeddable":true,"href":"https:\/\/dibenedettoproductions.com\/index.php?rest_route=%2Fwp%2Fv2%2Ftags&post=4827"}],"curies":[{"name":"wp","href":"https:\/\/api.w.org\/{rel}","templated":true}]}}