{"id":4782,"date":"2021-03-19T11:14:57","date_gmt":"2021-03-19T11:14:57","guid":{"rendered":"https:\/\/dibenedettoproductions.com\/?page_id=4782"},"modified":"2021-08-31T14:11:43","modified_gmt":"2021-08-31T14:11:43","slug":"la-nostra-storia","status":"publish","type":"page","link":"https:\/\/dibenedettoproductions.com\/?page_id=4782","title":{"rendered":"La nostra storia"},"content":{"rendered":"\t\t<div data-elementor-type=\"wp-page\" data-elementor-id=\"4782\" class=\"elementor elementor-4782\" data-elementor-settings=\"[]\">\n\t\t\t\t\t\t<div class=\"elementor-inner\">\n\t\t\t\t\t\t\t<div class=\"elementor-section-wrap\">\n\t\t\t\t\t\t\t<section class=\"elementor-section elementor-top-section elementor-element elementor-element-7c42c56 elementor-section-stretched elementor-section-boxed elementor-section-height-default elementor-section-height-default\" data-id=\"7c42c56\" data-element_type=\"section\" data-settings=\"{&quot;stretch_section&quot;:&quot;section-stretched&quot;,&quot;background_background&quot;:&quot;classic&quot;}\">\n\t\t\t\t\t\t<div class=\"elementor-container elementor-column-gap-default\">\n\t\t\t\t\t\t\t<div class=\"elementor-row\">\n\t\t\t\t\t<div class=\"elementor-column elementor-col-100 elementor-top-column elementor-element elementor-element-b6d194a\" data-id=\"b6d194a\" data-element_type=\"column\">\n\t\t\t<div class=\"elementor-column-wrap elementor-element-populated\">\n\t\t\t\t\t\t\t<div class=\"elementor-widget-wrap\">\n\t\t\t\t\t\t<div class=\"elementor-element elementor-element-e5d86c5 elementor-widget elementor-widget-text-editor\" data-id=\"e5d86c5\" data-element_type=\"widget\" data-widget_type=\"text-editor.default\">\n\t\t\t\t<div class=\"elementor-widget-container\">\n\t\t\t\t\t\t\t\t<div class=\"elementor-text-editor elementor-clearfix\">\n\t\t\t\t<div><p>DI BENEDETTO PRODUCTIONS \u00e8 una casa discografica con sedi e operatori a Bari (Italia), L&#8217;Avana (Cuba) di cui il Sig. Jorge Luis Suarez Vasquez (Pipo) \u00e8 il rappresentante, persona di estrema fiducia, determinante per le pubbliche relazioni e i rapporti diretti tra artisti, produttori e promotori. Miami (Florida) e una sede in Messico, precisamente a CANCUN, per la quale il responsabile su tutto il territorio \u00e8 il Sig. OMAR NAVARRETE. In continua espansione, la casa discografica utilizza una rete di distribuzione digitale mondiale. Vanta collaborazioni con i pi\u00f9 importanti produttori musicali del genere urbano cubano, nomi come: DJ UNIC, DJ CONDS, OSMANI ESPINOSA, ETC. Creato nel 2015 dal produttore VITTORIO DI BENEDETTO, \u00e8 diventato in breve tempo un punto di riferimento per molti artisti latinoamericani. Il produttore, appassionato di Cuba e della sua cultura, si avvicina al mondo della musica urbana cubana e nel 2015 crea la casa discografica, invitando artisti cubani di notevole spessore in Europa, organizzando concerti con ottimi risultati, creando tutta una rete di contatti utili per scopi futuri e facendo studi nel settore. Motivato dal primo artista ingaggiato, AMILKELE EL MINISTRO, (maggio 2017) decide di puntare sulla produzione, ottenendo un discreto successo, in particolare con il brano \u201cLa Pasi\u00f3n\u201d che in poco tempo ottiene un milione di visualizzazioni su YouTube. &#8220;La Pasi\u00f3n&#8221; \u00e8 una canzone interpretata e scritta da vari artisti e tra questi uno in particolare suscita l&#8217;interesse del produttore per le sue qualit\u00e0 vocali, CARLOS MANUEL BROCHE, nome d&#8217;arte &#8220;ENZO LA MELOD\u00cdA SECRETA&#8221;, che ha firmato con la DBP il 28\/08\/2107. La carriera di questo artista parte con il piede giusto, la sua prima canzone supera il milione di visualizzazioni su YouTube e attualmente si avvicina al secondo milione. Successivamente, diversi cantanti di genere in prima linea mostrano interesse a collaborare con lui, ad esempio il cantante di fama internazionale OSMANI GARCIA, con il quale la DBP pubblica il brano \u201cPor Tu Life Remix\u201d remix di una versione precedentemente pubblicata da ENZO con grande successo. Jacob Forever con cui ha realizzato \u201cPonte Remix\u201d. Lo Sciacallo con &#8220;Il Bugiardo&#8221;, ecc. Enzo ha attualmente pi\u00f9 di 100 produzioni audio e pi\u00f9 di 50 videoclip.<\/p><p>Vittorio, entusiasta del risultato, e vedendo che il lavoro continuava a crescere, inizi\u00f2 ad ampliare il proprio organico assumendo un Direttore (Nicola De Bari) responsabile di tutta la parte burocratica e delle pubbliche relazioni. Oggi il regista, Nicola De Bari, rappresenta un punto chiave della casa discografica oltre ad essere il braccio destro del produttore e una persona di estrema fiducia. A conferma di quanto detto, \u00e8 proprio il Sig. De Bari che presenta alla compagnia un nuovo artista, il Sig. LEDUAR RAUDEL, una delle voci pi\u00f9 belle del mondo della musica urbana cubana, che ha successi come: BANDOLERO e WE DO NON PARLARE PIU&#8217;. Ma la DBP non si ferma certo qui, il 5 giugno 2019 ingaggia un duo, anche lui dalle doti strepitose, The Yakuza che, con solo i primi 3 brani, superano il milione di visualizzazioni su YouTube e nel 2020 sono stati tra i selezionati i Lucas Awards. Pi\u00f9 recentemente, il DBP, facendo una ricerca nelle reti, ha trovato il talento eccezionale di LESLIE GUZM\u00e1N. Dopo diverse trattative, hanno firmato ufficialmente il 10 aprile 2020. La loro prima produzione, una collaborazione con Los Yakuza &#8220;Castigo&#8221;, \u00e8 stata selezionata da Spotify per la playlist editoriale &#8220;Salsa Cubana&#8221;. Nonostante tutte le difficolt\u00e0 che l&#8217;anno 2020 ha portato con s\u00e9, la DBP firma altri due artisti, Malaka, nome d&#8217;arte di Jennifer Gonz\u00e1lez (attrice, cantante e drammaturga) e Richdope, nome d&#8217;arte di Richar Feria (scrittore con lo pseudonimo di Richdope) . I due hanno avuto un sacco di accettazione. Recentemente hanno dato la notizia su tutti i loro social network di aver acquisito un nuovo talento, El Yonka, che presto si far\u00e0 sentire in grande stile. Inutile dire che ci sono nuovi progetti in cantiere.<\/p><\/div>\t\t\t\t\t<\/div>\n\t\t\t\t\t\t<\/div>\n\t\t\t\t<\/div>\n\t\t\t\t\t\t<\/div>\n\t\t\t\t\t<\/div>\n\t\t<\/div>\n\t\t\t\t\t\t\t\t<\/div>\n\t\t\t\t\t<\/div>\n\t\t<\/section>\n\t\t\t\t\t\t<\/div>\n\t\t\t\t\t\t<\/div>\n\t\t\t\t\t<\/div>\n\t\t","protected":false},"excerpt":{"rendered":"<p>DI BENEDETTO PRODUCTIONS \u00e8 una casa discografica con sedi e operatori a Bari (Italia), L&#8217;Avana (Cuba) di cui il Sig. Jorge Luis Suarez Vasquez (Pipo) \u00e8 il rappresentante, persona di estrema fiducia, determinante per le pubbliche relazioni e i rapporti diretti tra artisti, produttori e promotori. Miami (Florida) e una sede in Messico, precisamente a.<\/p>\n","protected":false},"author":1,"featured_media":0,"parent":0,"menu_order":0,"comment_status":"closed","ping_status":"closed","template":"","meta":{"footnotes":""},"categories":[1],"tags":[],"class_list":["post-4782","page","type-page","status-publish","hentry","category-generale"],"yoast_head":"<!-- This site is optimized with the Yoast SEO plugin v19.6.1 - https:\/\/yoast.com\/wordpress\/plugins\/seo\/ -->\n<title>La nostra storia - Di Benedetto Productions<\/title>\n<meta name=\"robots\" content=\"index, follow, max-snippet:-1, max-image-preview:large, max-video-preview:-1\" \/>\n<link rel=\"canonical\" href=\"https:\/\/dibenedettoproductions.com\/?page_id=4782\" \/>\n<meta property=\"og:locale\" content=\"it_IT\" \/>\n<meta property=\"og:type\" content=\"article\" \/>\n<meta property=\"og:title\" content=\"La nostra storia - Di Benedetto Productions\" \/>\n<meta property=\"og:description\" content=\"DI BENEDETTO PRODUCTIONS \u00e8 una casa discografica con sedi e operatori a Bari (Italia), L&#8217;Avana (Cuba) di cui il Sig. Jorge Luis Suarez Vasquez (Pipo) \u00e8 il rappresentante, persona di estrema fiducia, determinante per le pubbliche relazioni e i rapporti diretti tra artisti, produttori e promotori. Miami (Florida) e una sede in Messico, precisamente a.\" \/>\n<meta property=\"og:url\" content=\"https:\/\/dibenedettoproductions.com\/?page_id=4782\" \/>\n<meta property=\"og:site_name\" content=\"Di Benedetto Productions\" \/>\n<meta property=\"article:modified_time\" content=\"2021-08-31T14:11:43+00:00\" \/>\n<meta name=\"twitter:card\" content=\"summary_large_image\" \/>\n<meta name=\"twitter:label1\" content=\"Tempo di lettura stimato\" \/>\n\t<meta name=\"twitter:data1\" content=\"3 minuti\" \/>\n<script type=\"application\/ld+json\" class=\"yoast-schema-graph\">{\"@context\":\"https:\/\/schema.org\",\"@graph\":[{\"@type\":\"WebPage\",\"@id\":\"https:\/\/dibenedettoproductions.com\/?page_id=4782\",\"url\":\"https:\/\/dibenedettoproductions.com\/?page_id=4782\",\"name\":\"La nostra storia - Di Benedetto Productions\",\"isPartOf\":{\"@id\":\"https:\/\/dibenedettoproductions.com\/#website\"},\"datePublished\":\"2021-03-19T11:14:57+00:00\",\"dateModified\":\"2021-08-31T14:11:43+00:00\",\"breadcrumb\":{\"@id\":\"https:\/\/dibenedettoproductions.com\/?page_id=4782#breadcrumb\"},\"inLanguage\":\"it-IT\",\"potentialAction\":[{\"@type\":\"ReadAction\",\"target\":[\"https:\/\/dibenedettoproductions.com\/?page_id=4782\"]}]},{\"@type\":\"BreadcrumbList\",\"@id\":\"https:\/\/dibenedettoproductions.com\/?page_id=4782#breadcrumb\",\"itemListElement\":[{\"@type\":\"ListItem\",\"position\":1,\"name\":\"Home\",\"item\":\"https:\/\/dibenedettoproductions.com\/\"},{\"@type\":\"ListItem\",\"position\":2,\"name\":\"La nostra storia\"}]},{\"@type\":\"WebSite\",\"@id\":\"https:\/\/dibenedettoproductions.com\/#website\",\"url\":\"https:\/\/dibenedettoproductions.com\/\",\"name\":\"Di Benedetto Productions\",\"description\":\"\",\"publisher\":{\"@id\":\"https:\/\/dibenedettoproductions.com\/#organization\"},\"potentialAction\":[{\"@type\":\"SearchAction\",\"target\":{\"@type\":\"EntryPoint\",\"urlTemplate\":\"https:\/\/dibenedettoproductions.com\/?s={search_term_string}\"},\"query-input\":\"required name=search_term_string\"}],\"inLanguage\":\"it-IT\"},{\"@type\":\"Organization\",\"@id\":\"https:\/\/dibenedettoproductions.com\/#organization\",\"name\":\"DI BENEDETTO PRODUCTIONS\",\"url\":\"https:\/\/dibenedettoproductions.com\/\",\"sameAs\":[],\"logo\":{\"@type\":\"ImageObject\",\"inLanguage\":\"it-IT\",\"@id\":\"https:\/\/dibenedettoproductions.com\/#\/schema\/logo\/image\/\",\"url\":\"https:\/\/dibenedettoproductions.com\/wp-content\/uploads\/2021\/09\/logo_di_benedetto_productions.jpg\",\"contentUrl\":\"https:\/\/dibenedettoproductions.com\/wp-content\/uploads\/2021\/09\/logo_di_benedetto_productions.jpg\",\"width\":225,\"height\":225,\"caption\":\"DI BENEDETTO PRODUCTIONS\"},\"image\":{\"@id\":\"https:\/\/dibenedettoproductions.com\/#\/schema\/logo\/image\/\"}}]}<\/script>\n<!-- \/ Yoast SEO plugin. -->","yoast_head_json":{"title":"La nostra storia - Di Benedetto Productions","robots":{"index":"index","follow":"follow","max-snippet":"max-snippet:-1","max-image-preview":"max-image-preview:large","max-video-preview":"max-video-preview:-1"},"canonical":"https:\/\/dibenedettoproductions.com\/?page_id=4782","og_locale":"it_IT","og_type":"article","og_title":"La nostra storia - Di Benedetto Productions","og_description":"DI BENEDETTO PRODUCTIONS \u00e8 una casa discografica con sedi e operatori a Bari (Italia), L&#8217;Avana (Cuba) di cui il Sig. Jorge Luis Suarez Vasquez (Pipo) \u00e8 il rappresentante, persona di estrema fiducia, determinante per le pubbliche relazioni e i rapporti diretti tra artisti, produttori e promotori. Miami (Florida) e una sede in Messico, precisamente a.","og_url":"https:\/\/dibenedettoproductions.com\/?page_id=4782","og_site_name":"Di Benedetto Productions","article_modified_time":"2021-08-31T14:11:43+00:00","twitter_card":"summary_large_image","twitter_misc":{"Tempo di lettura stimato":"3 minuti"},"schema":{"@context":"https:\/\/schema.org","@graph":[{"@type":"WebPage","@id":"https:\/\/dibenedettoproductions.com\/?page_id=4782","url":"https:\/\/dibenedettoproductions.com\/?page_id=4782","name":"La nostra storia - Di Benedetto Productions","isPartOf":{"@id":"https:\/\/dibenedettoproductions.com\/#website"},"datePublished":"2021-03-19T11:14:57+00:00","dateModified":"2021-08-31T14:11:43+00:00","breadcrumb":{"@id":"https:\/\/dibenedettoproductions.com\/?page_id=4782#breadcrumb"},"inLanguage":"it-IT","potentialAction":[{"@type":"ReadAction","target":["https:\/\/dibenedettoproductions.com\/?page_id=4782"]}]},{"@type":"BreadcrumbList","@id":"https:\/\/dibenedettoproductions.com\/?page_id=4782#breadcrumb","itemListElement":[{"@type":"ListItem","position":1,"name":"Home","item":"https:\/\/dibenedettoproductions.com\/"},{"@type":"ListItem","position":2,"name":"La nostra storia"}]},{"@type":"WebSite","@id":"https:\/\/dibenedettoproductions.com\/#website","url":"https:\/\/dibenedettoproductions.com\/","name":"Di Benedetto Productions","description":"","publisher":{"@id":"https:\/\/dibenedettoproductions.com\/#organization"},"potentialAction":[{"@type":"SearchAction","target":{"@type":"EntryPoint","urlTemplate":"https:\/\/dibenedettoproductions.com\/?s={search_term_string}"},"query-input":"required name=search_term_string"}],"inLanguage":"it-IT"},{"@type":"Organization","@id":"https:\/\/dibenedettoproductions.com\/#organization","name":"DI BENEDETTO PRODUCTIONS","url":"https:\/\/dibenedettoproductions.com\/","sameAs":[],"logo":{"@type":"ImageObject","inLanguage":"it-IT","@id":"https:\/\/dibenedettoproductions.com\/#\/schema\/logo\/image\/","url":"https:\/\/dibenedettoproductions.com\/wp-content\/uploads\/2021\/09\/logo_di_benedetto_productions.jpg","contentUrl":"https:\/\/dibenedettoproductions.com\/wp-content\/uploads\/2021\/09\/logo_di_benedetto_productions.jpg","width":225,"height":225,"caption":"DI BENEDETTO PRODUCTIONS"},"image":{"@id":"https:\/\/dibenedettoproductions.com\/#\/schema\/logo\/image\/"}}]}},"_links":{"self":[{"href":"https:\/\/dibenedettoproductions.com\/index.php?rest_route=\/wp\/v2\/pages\/4782","targetHints":{"allow":["GET"]}}],"collection":[{"href":"https:\/\/dibenedettoproductions.com\/index.php?rest_route=\/wp\/v2\/pages"}],"about":[{"href":"https:\/\/dibenedettoproductions.com\/index.php?rest_route=\/wp\/v2\/types\/page"}],"author":[{"embeddable":true,"href":"https:\/\/dibenedettoproductions.com\/index.php?rest_route=\/wp\/v2\/users\/1"}],"replies":[{"embeddable":true,"href":"https:\/\/dibenedettoproductions.com\/index.php?rest_route=%2Fwp%2Fv2%2Fcomments&post=4782"}],"version-history":[{"count":33,"href":"https:\/\/dibenedettoproductions.com\/index.php?rest_route=\/wp\/v2\/pages\/4782\/revisions"}],"predecessor-version":[{"id":6360,"href":"https:\/\/dibenedettoproductions.com\/index.php?rest_route=\/wp\/v2\/pages\/4782\/revisions\/6360"}],"wp:attachment":[{"href":"https:\/\/dibenedettoproductions.com\/index.php?rest_route=%2Fwp%2Fv2%2Fmedia&parent=4782"}],"wp:term":[{"taxonomy":"category","embeddable":true,"href":"https:\/\/dibenedettoproductions.com\/index.php?rest_route=%2Fwp%2Fv2%2Fcategories&post=4782"},{"taxonomy":"post_tag","embeddable":true,"href":"https:\/\/dibenedettoproductions.com\/index.php?rest_route=%2Fwp%2Fv2%2Ftags&post=4782"}],"curies":[{"name":"wp","href":"https:\/\/api.w.org\/{rel}","templated":true}]}}