{"id":4746,"date":"2021-03-19T10:34:07","date_gmt":"2021-03-19T10:34:07","guid":{"rendered":"https:\/\/dibenedettoproductions.com\/?page_id=4746"},"modified":"2021-08-06T07:21:21","modified_gmt":"2021-08-06T07:21:21","slug":"tony-montana","status":"publish","type":"page","link":"https:\/\/dibenedettoproductions.com\/?page_id=4746","title":{"rendered":"Tony Montana"},"content":{"rendered":"\t\t<div data-elementor-type=\"wp-page\" data-elementor-id=\"4746\" class=\"elementor elementor-4746\" data-elementor-settings=\"[]\">\n\t\t\t\t\t\t<div class=\"elementor-inner\">\n\t\t\t\t\t\t\t<div class=\"elementor-section-wrap\">\n\t\t\t\t\t\t\t<section class=\"elementor-section elementor-top-section elementor-element elementor-element-d3eb7bf elementor-section-stretched elementor-section-boxed elementor-section-height-default elementor-section-height-default\" data-id=\"d3eb7bf\" data-element_type=\"section\" data-settings=\"{&quot;stretch_section&quot;:&quot;section-stretched&quot;,&quot;background_background&quot;:&quot;classic&quot;}\">\n\t\t\t\t\t\t<div class=\"elementor-container elementor-column-gap-default\">\n\t\t\t\t\t\t\t<div class=\"elementor-row\">\n\t\t\t\t\t<div class=\"elementor-column elementor-col-25 elementor-top-column elementor-element elementor-element-9fcd27a\" data-id=\"9fcd27a\" data-element_type=\"column\">\n\t\t\t<div class=\"elementor-column-wrap elementor-element-populated\">\n\t\t\t\t\t\t\t<div class=\"elementor-widget-wrap\">\n\t\t\t\t\t\t<div class=\"elementor-element elementor-element-4308ce1 elementor-align-center elementor-widget elementor-widget-button\" data-id=\"4308ce1\" data-element_type=\"widget\" data-widget_type=\"button.default\">\n\t\t\t\t<div class=\"elementor-widget-container\">\n\t\t\t\t\t<div class=\"elementor-button-wrapper\">\n\t\t\t<a href=\"https:\/\/open.spotify.com\/track\/74EksaaanWgTM6l6z1ofH9?si=59EpBPW-SXiKjP3GaXmrAA%20\" class=\"elementor-button-link elementor-button elementor-size-sm\" role=\"button\">\n\t\t\t\t\t\t<span class=\"elementor-button-content-wrapper\">\n\t\t\t\t\t\t<span class=\"elementor-button-text\">SPOTIFY<\/span>\n\t\t<\/span>\n\t\t\t\t\t<\/a>\n\t\t<\/div>\n\t\t\t\t<\/div>\n\t\t\t\t<\/div>\n\t\t\t\t\t\t<\/div>\n\t\t\t\t\t<\/div>\n\t\t<\/div>\n\t\t\t\t<div class=\"elementor-column elementor-col-25 elementor-top-column elementor-element elementor-element-f6e8ac5\" data-id=\"f6e8ac5\" data-element_type=\"column\">\n\t\t\t<div class=\"elementor-column-wrap elementor-element-populated\">\n\t\t\t\t\t\t\t<div class=\"elementor-widget-wrap\">\n\t\t\t\t\t\t<div class=\"elementor-element elementor-element-3296130 elementor-align-center elementor-widget elementor-widget-button\" data-id=\"3296130\" data-element_type=\"widget\" data-widget_type=\"button.default\">\n\t\t\t\t<div class=\"elementor-widget-container\">\n\t\t\t\t\t<div class=\"elementor-button-wrapper\">\n\t\t\t<a href=\"https:\/\/music.apple.com\/us\/album\/tony-monta%C3%B1a-single\/1551122446%20\" class=\"elementor-button-link elementor-button elementor-size-sm\" role=\"button\">\n\t\t\t\t\t\t<span class=\"elementor-button-content-wrapper\">\n\t\t\t\t\t\t<span class=\"elementor-button-text\">APPLE MUSIC<\/span>\n\t\t<\/span>\n\t\t\t\t\t<\/a>\n\t\t<\/div>\n\t\t\t\t<\/div>\n\t\t\t\t<\/div>\n\t\t\t\t\t\t<\/div>\n\t\t\t\t\t<\/div>\n\t\t<\/div>\n\t\t\t\t<div class=\"elementor-column elementor-col-25 elementor-top-column elementor-element elementor-element-670a454\" data-id=\"670a454\" data-element_type=\"column\">\n\t\t\t<div class=\"elementor-column-wrap elementor-element-populated\">\n\t\t\t\t\t\t\t<div class=\"elementor-widget-wrap\">\n\t\t\t\t\t\t<div class=\"elementor-element elementor-element-6255a06 elementor-align-center elementor-widget elementor-widget-button\" data-id=\"6255a06\" data-element_type=\"widget\" data-widget_type=\"button.default\">\n\t\t\t\t<div class=\"elementor-widget-container\">\n\t\t\t\t\t<div class=\"elementor-button-wrapper\">\n\t\t\t<a href=\"https:\/\/deezer.page.link\/mZY6z1HZqfB41Lig8%20\" class=\"elementor-button-link elementor-button elementor-size-sm\" role=\"button\">\n\t\t\t\t\t\t<span class=\"elementor-button-content-wrapper\">\n\t\t\t\t\t\t<span class=\"elementor-button-text\">DEEZER<\/span>\n\t\t<\/span>\n\t\t\t\t\t<\/a>\n\t\t<\/div>\n\t\t\t\t<\/div>\n\t\t\t\t<\/div>\n\t\t\t\t\t\t<\/div>\n\t\t\t\t\t<\/div>\n\t\t<\/div>\n\t\t\t\t<div class=\"elementor-column elementor-col-25 elementor-top-column elementor-element elementor-element-60d230c\" data-id=\"60d230c\" data-element_type=\"column\">\n\t\t\t<div class=\"elementor-column-wrap elementor-element-populated\">\n\t\t\t\t\t\t\t<div class=\"elementor-widget-wrap\">\n\t\t\t\t\t\t<div class=\"elementor-element elementor-element-cdb6639 elementor-align-center elementor-widget elementor-widget-button\" data-id=\"cdb6639\" data-element_type=\"widget\" data-widget_type=\"button.default\">\n\t\t\t\t<div class=\"elementor-widget-container\">\n\t\t\t\t\t<div class=\"elementor-button-wrapper\">\n\t\t\t<a href=\"https:\/\/music.amazon.com\/albums\/B08V95M28P?marketplaceId=ATVPDKIKX0DER&#038;musicTerritory=US&#038;trackAsin=B08V8RVJK2\" class=\"elementor-button-link elementor-button elementor-size-sm\" role=\"button\">\n\t\t\t\t\t\t<span class=\"elementor-button-content-wrapper\">\n\t\t\t\t\t\t<span class=\"elementor-button-text\">AMAZON MUSIC<\/span>\n\t\t<\/span>\n\t\t\t\t\t<\/a>\n\t\t<\/div>\n\t\t\t\t<\/div>\n\t\t\t\t<\/div>\n\t\t\t\t\t\t<\/div>\n\t\t\t\t\t<\/div>\n\t\t<\/div>\n\t\t\t\t\t\t\t\t<\/div>\n\t\t\t\t\t<\/div>\n\t\t<\/section>\n\t\t\t\t<section class=\"elementor-section elementor-top-section elementor-element elementor-element-eaf6ac8 elementor-section-stretched elementor-section-boxed elementor-section-height-default elementor-section-height-default\" data-id=\"eaf6ac8\" data-element_type=\"section\" data-settings=\"{&quot;stretch_section&quot;:&quot;section-stretched&quot;,&quot;background_background&quot;:&quot;classic&quot;}\">\n\t\t\t\t\t\t<div class=\"elementor-container elementor-column-gap-default\">\n\t\t\t\t\t\t\t<div class=\"elementor-row\">\n\t\t\t\t\t<div class=\"elementor-column elementor-col-100 elementor-top-column elementor-element elementor-element-b28da07\" data-id=\"b28da07\" data-element_type=\"column\">\n\t\t\t<div class=\"elementor-column-wrap elementor-element-populated\">\n\t\t\t\t\t\t\t<div class=\"elementor-widget-wrap\">\n\t\t\t\t\t\t<div class=\"elementor-element elementor-element-f0043f5 elementor-widget elementor-widget-text-editor\" data-id=\"f0043f5\" data-element_type=\"widget\" data-widget_type=\"text-editor.default\">\n\t\t\t\t<div class=\"elementor-widget-container\">\n\t\t\t\t\t\t\t\t<div class=\"elementor-text-editor elementor-clearfix\">\n\t\t\t\t<div><p style=\"text-align: center;\"><span style=\"color: #ffffff;\">Te cogieron<\/span><\/p><p style=\"text-align: center;\"><span style=\"color: #ffffff;\">Dachay<\/span><\/p><p style=\"text-align: center;\"><span style=\"color: #ffffff;\">Di Benedetto<\/span><\/p><p style=\"text-align: center;\"><span style=\"color: #ffffff;\">Los yakuza<\/span><\/p><p style=\"text-align: center;\"><span style=\"color: #ffffff;\">Jorge Junior<\/span><\/p><p style=\"text-align: center;\"><span style=\"color: #ffffff;\">Nosotros somos<\/span><\/p><p style=\"text-align: center;\"><span style=\"color: #ffffff;\">Unos maledeto<\/span><\/p><p style=\"text-align: center;\"><span style=\"color: #ffffff;\">Nosotros somos los yakuza<\/span><\/p><p style=\"text-align: center;\"><span style=\"color: #ffffff;\">Pensaron que est\u00e1bamos muertos y solamente estabamo herido<\/span><\/p><p style=\"text-align: center;\"><span style=\"color: #ffffff;\">Di Benedetto Production<\/span><\/p><p style=\"text-align: center;\"><span style=\"color: #ffffff;\">Oe d\u00edmelo Jorgito<\/span><\/p><p style=\"text-align: center;\"><span style=\"color: #ffffff;\">El jefe de los 4<\/span><\/p><p style=\"text-align: center;\"><span style=\"color: #ffffff;\">Esta es nuestra generaci\u00f3n<\/span><\/p><p style=\"text-align: center;\">\u00a0<\/p><p style=\"text-align: center;\"><span style=\"color: #ffffff;\">Ellos se creen Tony Montana<\/span><\/p><p style=\"text-align: center;\"><span style=\"color: #ffffff;\">Hablando siempre marihuana<\/span><\/p><p style=\"text-align: center;\"><span style=\"color: #ffffff;\">Que si el dinero que la fama<\/span><\/p><p style=\"text-align: center;\"><span style=\"color: #ffffff;\">Y eso no es real<\/span><\/p><p style=\"text-align: center;\"><span style=\"color: #ffffff;\">S\u00e1lganos a buscar<\/span><\/p><p style=\"text-align: center;\"><span style=\"color: #ffffff;\">Ellos se creen Tony Montana<\/span><\/p><p style=\"text-align: center;\"><span style=\"color: #ffffff;\">Hablando siempre marihuana<\/span><\/p><p style=\"text-align: center;\"><span style=\"color: #ffffff;\">Que si el dinero que la fama<\/span><\/p><p style=\"text-align: center;\"><span style=\"color: #ffffff;\">Y eso no es real<\/span><\/p><p style=\"text-align: center;\"><span style=\"color: #ffffff;\">S\u00e1lganos a buscar<\/span><\/p><p style=\"text-align: center;\">\u00a0<\/p><p style=\"text-align: center;\"><span style=\"color: #ffffff;\">Yo tengo un par de rapero que con par de temas los aniquil\u00e9<\/span><\/p><p style=\"text-align: center;\"><span style=\"color: #ffffff;\">Yo tengo en mi mente m\u00e1s mostro que el foking reloj de Vin Diesel<\/span><\/p><p style=\"text-align: center;\"><span style=\"color: #ffffff;\">Cada vez que rapeo todo el mundo me aplaude de pie<\/span><\/p><p style=\"text-align: center;\"><span style=\"color: #ffffff;\">Y me dicen que yo soy el jefe de toda la nueva en cuba Lucifer<\/span><\/p><p style=\"text-align: center;\"><span style=\"color: #ffffff;\">Camino sin prisa<\/span><\/p><p style=\"text-align: center;\"><span style=\"color: #ffffff;\">Porque nunca yo ando apurao<\/span><\/p><p style=\"text-align: center;\"><span style=\"color: #ffffff;\">Siempre por el sol porque por la sombra todo el mundo a pasao<\/span><\/p><p style=\"text-align: center;\"><span style=\"color: #ffffff;\">Yo vivo mi vida yo hago mi historia ma\u00f1ana ser\u00e9 consagrao<\/span><\/p><p style=\"text-align: center;\"><span style=\"color: #ffffff;\">Como el raper m\u00e1s duro que ha dado el pueblo Marianao<\/span><\/p><p style=\"text-align: center;\"><span style=\"color: #ffffff;\">Desde los 14 mi flow descubr\u00ed<\/span><\/p><p style=\"text-align: center;\"><span style=\"color: #ffffff;\">Me fui pal estudio y part\u00ed 4 beat<\/span><\/p><p style=\"text-align: center;\"><span style=\"color: #ffffff;\">Desde ese momento yo me lo cre\u00ed<\/span><\/p><p style=\"text-align: center;\"><span style=\"color: #ffffff;\">Y ahora en esta liga yo soy MVP<\/span><\/p><p style=\"text-align: center;\"><span style=\"color: #ffffff;\">Sin dinero sin prenda sin fama<\/span><\/p><p style=\"text-align: center;\"><span style=\"color: #ffffff;\">Ya yo asegure mi ma\u00f1ana<\/span><\/p><p style=\"text-align: center;\"><span style=\"color: #ffffff;\">Mis ideas siempre van volando<\/span><\/p><p style=\"text-align: center;\"><span style=\"color: #ffffff;\">Sin tener que fumar marihuana<\/span><\/p><p style=\"text-align: center;\"><span style=\"color: #ffffff;\">Tengo mucha rima toda encima<\/span><\/p><p style=\"text-align: center;\"><span style=\"color: #ffffff;\">Prenda fina un par de china biscochina se lastima<\/span><\/p><p style=\"text-align: center;\"><span style=\"color: #ffffff;\">Se lastima tengo el rifle en la cabina<\/span><\/p><p style=\"text-align: center;\"><span style=\"color: #ffffff;\">Tengo mucha adrenalina m\u00e1s huevo que una gallina<\/span><\/p><p style=\"text-align: center;\"><span style=\"color: #ffffff;\">La hierba ya hizo neblina tomando hasta gasolina<\/span><\/p><p style=\"text-align: center;\"><span style=\"color: #ffffff;\">Mis palabras te lastiman yo soy tony y tu mi prima<\/span><\/p><p style=\"text-align: center;\"><span style=\"color: #ffffff;\">Cocinando en la cabina sin tener cocina<\/span><\/p><p style=\"text-align: center;\"><span style=\"color: #ffffff;\">Ya vot\u00e9 la rima yo soy el maldito trap<\/span><\/p><p style=\"text-align: center;\"><span style=\"color: #ffffff;\">\u00bfUsted c\u00f3mo te llama?<\/span><\/p><p style=\"text-align: center;\"><span style=\"color: #ffffff;\">Antonio montana and you?<\/span><\/p><p style=\"text-align: center;\">\u00a0<\/p><p style=\"text-align: center;\"><span style=\"color: #ffffff;\">Ellos se creen Tony Montana<\/span><\/p><p style=\"text-align: center;\"><span style=\"color: #ffffff;\">Hablando siempre marihuana<\/span><\/p><p style=\"text-align: center;\"><span style=\"color: #ffffff;\">Que si el dinero que la fama<\/span><\/p><p style=\"text-align: center;\"><span style=\"color: #ffffff;\">Y eso no es real<\/span><\/p><p style=\"text-align: center;\"><span style=\"color: #ffffff;\">S\u00e1lganos a buscar<\/span><\/p><p style=\"text-align: center;\"><span style=\"color: #ffffff;\">Ellos se creen Tony Montana<\/span><\/p><p style=\"text-align: center;\"><span style=\"color: #ffffff;\">Hablando siempre marihuana<\/span><\/p><p style=\"text-align: center;\"><span style=\"color: #ffffff;\">Que si el dinero que la fama<\/span><\/p><p style=\"text-align: center;\"><span style=\"color: #ffffff;\">Y eso no es real<\/span><\/p><p style=\"text-align: center;\"><span style=\"color: #ffffff;\">S\u00e1lganos a buscar<\/span><\/p><p style=\"text-align: center;\">\u00a0<\/p><p style=\"text-align: center;\"><span style=\"color: #ffffff;\">A m\u00ed no me gusta fumar porque cuando lo hago me pone down<\/span><\/p><p style=\"text-align: center;\"><span style=\"color: #ffffff;\">Me decid\u00ed por la blanca es mucho mejor y me tiene activao<\/span><\/p><p style=\"text-align: center;\"><span style=\"color: #ffffff;\">Yo s\u00e9 no es perfecto<\/span><\/p><p style=\"text-align: center;\"><span style=\"color: #ffffff;\">Cualquiera aqu\u00ed peca<\/span><\/p><p style=\"text-align: center;\"><span style=\"color: #ffffff;\">Nunca yo me cayo<\/span><\/p><p style=\"text-align: center;\"><span style=\"color: #ffffff;\">Porque no soy feca<\/span><\/p><p style=\"text-align: center;\"><span style=\"color: #ffffff;\">Estoy muy cerquita del cielo<\/span><\/p><p style=\"text-align: center;\"><span style=\"color: #ffffff;\">T\u00fa estas consiente que yo soy la meta<\/span><\/p><p style=\"text-align: center;\"><span style=\"color: #ffffff;\">Digo lo que a m\u00ed me salga<\/span><\/p><p style=\"text-align: center;\"><span style=\"color: #ffffff;\">T\u00fa sabes que yo no juego no tiro con salva<\/span><\/p><p style=\"text-align: center;\"><span style=\"color: #ffffff;\">Muchos me evitan porque saben que no pueden con esta carga<\/span><\/p><p style=\"text-align: center;\"><span style=\"color: #ffffff;\">Tengo carga la escopeta<\/span><\/p><p style=\"text-align: center;\"><span style=\"color: #ffffff;\">El pelagatos cualquiera que salga<\/span><\/p><p style=\"text-align: center;\"><span style=\"color: #ffffff;\">Ando ya con los yakuza<\/span><\/p><p style=\"text-align: center;\"><span style=\"color: #ffffff;\">T\u00fa no conoces la larga<\/span><\/p><p style=\"text-align: center;\"><span style=\"color: #ffffff;\">Entonces cuando a mi me dicen de que los raperos se est\u00e1n acabando<\/span><\/p><p style=\"text-align: center;\"><span style=\"color: #ffffff;\">Te canto mi pueblo para que tu sepas que a ti yo te quiero y te sigo brindando flow<\/span><\/p><p style=\"text-align: center;\"><span style=\"color: #ffffff;\">S\u00e9 que escuchan mis canciones<\/span><\/p><p style=\"text-align: center;\"><span style=\"color: #ffffff;\">Y los tengo ya en tensiones<\/span><\/p><p style=\"text-align: center;\"><span style=\"color: #ffffff;\">Y por mucho que te esfuerces<\/span><\/p><p style=\"text-align: center;\"><span style=\"color: #ffffff;\">No logran que yo me impresione<\/span><\/p><p style=\"text-align: center;\"><span style=\"color: #ffffff;\">Adicto diab\u00f3lico<\/span><\/p><p style=\"text-align: center;\"><span style=\"color: #ffffff;\">Entiende mong\u00f3lico<\/span><\/p><p style=\"text-align: center;\"><span style=\"color: #ffffff;\">Esto de cantar para mi es algo cr\u00f3nico<\/span><\/p><p style=\"text-align: center;\"><span style=\"color: #ffffff;\">Y cuando me encierro en el cuartel y yo cojo ese micro soy un supers\u00f3nico<\/span><\/p><p style=\"text-align: center;\"><span style=\"color: #ffffff;\">Mucho lo practican, lo intentan<\/span><\/p><p style=\"text-align: center;\"><span style=\"color: #ffffff;\">Y cuando lo escucho me suena muy c\u00f3mico<\/span><\/p><p style=\"text-align: center;\"><span style=\"color: #ffffff;\">Ahora aqu\u00ed con los yakuza meti\u00e9ndole al trap esto es hist\u00f3rico<\/span><\/p><p style=\"text-align: center;\"><span style=\"color: #ffffff;\">Sencillo<\/span><\/p><p style=\"text-align: center;\"><span style=\"color: #ffffff;\">Jorge junior<\/span><\/p><p style=\"text-align: center;\"><span style=\"color: #ffffff;\">El l\u00edder de los 4 papi<\/span><\/p><p style=\"text-align: center;\"><span style=\"color: #ffffff;\">Con los yakuza<\/span><\/p><p style=\"text-align: center;\"><span style=\"color: #ffffff;\">T\u00fa sabe<\/span><\/p><p style=\"text-align: center;\"><span style=\"color: #ffffff;\">Pa que gocen un rato<\/span><\/p><p style=\"text-align: center;\"><span style=\"color: #ffffff;\">Abusando de tu o\u00eddo<\/span><\/p><p style=\"text-align: center;\"><span style=\"color: #ffffff;\">T\u00fa no sabes en que candela te has metido<\/span><\/p><p style=\"text-align: center;\"><span style=\"color: #ffffff;\">Nosotros somos lo yakuza di Benedetto Production<\/span><\/p><p style=\"text-align: center;\"><span style=\"color: #ffffff;\">El es Dachay<\/span><\/p><p style=\"text-align: center;\"><span style=\"color: #ffffff;\">Dile yonka oye leyan<\/span><\/p><p style=\"text-align: center;\"><span style=\"color: #ffffff;\">El flow es de pel\u00edcula el flow es de pel\u00edcula el flow es de pel\u00edcula<\/span><\/p><p style=\"text-align: center;\">\u00a0<\/p><\/div>\t\t\t\t\t<\/div>\n\t\t\t\t\t\t<\/div>\n\t\t\t\t<\/div>\n\t\t\t\t\t\t<\/div>\n\t\t\t\t\t<\/div>\n\t\t<\/div>\n\t\t\t\t\t\t\t\t<\/div>\n\t\t\t\t\t<\/div>\n\t\t<\/section>\n\t\t\t\t\t\t<\/div>\n\t\t\t\t\t\t<\/div>\n\t\t\t\t\t<\/div>\n\t\t","protected":false},"excerpt":{"rendered":"<p>SPOTIFY APPLE MUSIC DEEZER AMAZON MUSIC Te cogieron Dachay Di Benedetto Los yakuza Jorge Junior Nosotros somos Unos maledeto Nosotros somos los yakuza Pensaron que est\u00e1bamos muertos y solamente estabamo herido Di Benedetto Production Oe d\u00edmelo Jorgito El jefe de los 4 Esta es nuestra generaci\u00f3n \u00a0 Ellos se creen Tony Montana Hablando siempre marihuana.<\/p>\n","protected":false},"author":1,"featured_media":0,"parent":0,"menu_order":0,"comment_status":"closed","ping_status":"closed","template":"","meta":{"footnotes":""},"categories":[42],"tags":[],"class_list":["post-4746","page","type-page","status-publish","hentry","category-testi"],"yoast_head":"<!-- This site is optimized with the Yoast SEO plugin v19.6.1 - https:\/\/yoast.com\/wordpress\/plugins\/seo\/ -->\n<title>Tony Montana - Di Benedetto Productions<\/title>\n<meta name=\"robots\" content=\"index, follow, max-snippet:-1, max-image-preview:large, max-video-preview:-1\" \/>\n<link rel=\"canonical\" href=\"https:\/\/dibenedettoproductions.com\/?page_id=4746\" \/>\n<meta property=\"og:locale\" content=\"it_IT\" \/>\n<meta property=\"og:type\" content=\"article\" \/>\n<meta property=\"og:title\" content=\"Tony Montana - Di Benedetto Productions\" \/>\n<meta property=\"og:description\" content=\"SPOTIFY APPLE MUSIC DEEZER AMAZON MUSIC Te cogieron Dachay Di Benedetto Los yakuza Jorge Junior Nosotros somos Unos maledeto Nosotros somos los yakuza Pensaron que est\u00e1bamos muertos y solamente estabamo herido Di Benedetto Production Oe d\u00edmelo Jorgito El jefe de los 4 Esta es nuestra generaci\u00f3n \u00a0 Ellos se creen Tony Montana Hablando siempre marihuana.\" \/>\n<meta property=\"og:url\" content=\"https:\/\/dibenedettoproductions.com\/?page_id=4746\" \/>\n<meta property=\"og:site_name\" content=\"Di Benedetto Productions\" \/>\n<meta property=\"article:modified_time\" content=\"2021-08-06T07:21:21+00:00\" \/>\n<meta name=\"twitter:card\" content=\"summary_large_image\" \/>\n<meta name=\"twitter:label1\" content=\"Tempo di lettura stimato\" \/>\n\t<meta name=\"twitter:data1\" content=\"3 minuti\" \/>\n<script type=\"application\/ld+json\" class=\"yoast-schema-graph\">{\"@context\":\"https:\/\/schema.org\",\"@graph\":[{\"@type\":\"WebPage\",\"@id\":\"https:\/\/dibenedettoproductions.com\/?page_id=4746\",\"url\":\"https:\/\/dibenedettoproductions.com\/?page_id=4746\",\"name\":\"Tony Montana - Di Benedetto Productions\",\"isPartOf\":{\"@id\":\"https:\/\/dibenedettoproductions.com\/#website\"},\"datePublished\":\"2021-03-19T10:34:07+00:00\",\"dateModified\":\"2021-08-06T07:21:21+00:00\",\"breadcrumb\":{\"@id\":\"https:\/\/dibenedettoproductions.com\/?page_id=4746#breadcrumb\"},\"inLanguage\":\"it-IT\",\"potentialAction\":[{\"@type\":\"ReadAction\",\"target\":[\"https:\/\/dibenedettoproductions.com\/?page_id=4746\"]}]},{\"@type\":\"BreadcrumbList\",\"@id\":\"https:\/\/dibenedettoproductions.com\/?page_id=4746#breadcrumb\",\"itemListElement\":[{\"@type\":\"ListItem\",\"position\":1,\"name\":\"Home\",\"item\":\"https:\/\/dibenedettoproductions.com\/\"},{\"@type\":\"ListItem\",\"position\":2,\"name\":\"Tony Montana\"}]},{\"@type\":\"WebSite\",\"@id\":\"https:\/\/dibenedettoproductions.com\/#website\",\"url\":\"https:\/\/dibenedettoproductions.com\/\",\"name\":\"Di Benedetto Productions\",\"description\":\"\",\"publisher\":{\"@id\":\"https:\/\/dibenedettoproductions.com\/#organization\"},\"potentialAction\":[{\"@type\":\"SearchAction\",\"target\":{\"@type\":\"EntryPoint\",\"urlTemplate\":\"https:\/\/dibenedettoproductions.com\/?s={search_term_string}\"},\"query-input\":\"required name=search_term_string\"}],\"inLanguage\":\"it-IT\"},{\"@type\":\"Organization\",\"@id\":\"https:\/\/dibenedettoproductions.com\/#organization\",\"name\":\"DI BENEDETTO PRODUCTIONS\",\"url\":\"https:\/\/dibenedettoproductions.com\/\",\"sameAs\":[],\"logo\":{\"@type\":\"ImageObject\",\"inLanguage\":\"it-IT\",\"@id\":\"https:\/\/dibenedettoproductions.com\/#\/schema\/logo\/image\/\",\"url\":\"https:\/\/dibenedettoproductions.com\/wp-content\/uploads\/2021\/09\/logo_di_benedetto_productions.jpg\",\"contentUrl\":\"https:\/\/dibenedettoproductions.com\/wp-content\/uploads\/2021\/09\/logo_di_benedetto_productions.jpg\",\"width\":225,\"height\":225,\"caption\":\"DI BENEDETTO PRODUCTIONS\"},\"image\":{\"@id\":\"https:\/\/dibenedettoproductions.com\/#\/schema\/logo\/image\/\"}}]}<\/script>\n<!-- \/ Yoast SEO plugin. -->","yoast_head_json":{"title":"Tony Montana - Di Benedetto Productions","robots":{"index":"index","follow":"follow","max-snippet":"max-snippet:-1","max-image-preview":"max-image-preview:large","max-video-preview":"max-video-preview:-1"},"canonical":"https:\/\/dibenedettoproductions.com\/?page_id=4746","og_locale":"it_IT","og_type":"article","og_title":"Tony Montana - Di Benedetto Productions","og_description":"SPOTIFY APPLE MUSIC DEEZER AMAZON MUSIC Te cogieron Dachay Di Benedetto Los yakuza Jorge Junior Nosotros somos Unos maledeto Nosotros somos los yakuza Pensaron que est\u00e1bamos muertos y solamente estabamo herido Di Benedetto Production Oe d\u00edmelo Jorgito El jefe de los 4 Esta es nuestra generaci\u00f3n \u00a0 Ellos se creen Tony Montana Hablando siempre marihuana.","og_url":"https:\/\/dibenedettoproductions.com\/?page_id=4746","og_site_name":"Di Benedetto Productions","article_modified_time":"2021-08-06T07:21:21+00:00","twitter_card":"summary_large_image","twitter_misc":{"Tempo di lettura stimato":"3 minuti"},"schema":{"@context":"https:\/\/schema.org","@graph":[{"@type":"WebPage","@id":"https:\/\/dibenedettoproductions.com\/?page_id=4746","url":"https:\/\/dibenedettoproductions.com\/?page_id=4746","name":"Tony Montana - Di Benedetto Productions","isPartOf":{"@id":"https:\/\/dibenedettoproductions.com\/#website"},"datePublished":"2021-03-19T10:34:07+00:00","dateModified":"2021-08-06T07:21:21+00:00","breadcrumb":{"@id":"https:\/\/dibenedettoproductions.com\/?page_id=4746#breadcrumb"},"inLanguage":"it-IT","potentialAction":[{"@type":"ReadAction","target":["https:\/\/dibenedettoproductions.com\/?page_id=4746"]}]},{"@type":"BreadcrumbList","@id":"https:\/\/dibenedettoproductions.com\/?page_id=4746#breadcrumb","itemListElement":[{"@type":"ListItem","position":1,"name":"Home","item":"https:\/\/dibenedettoproductions.com\/"},{"@type":"ListItem","position":2,"name":"Tony Montana"}]},{"@type":"WebSite","@id":"https:\/\/dibenedettoproductions.com\/#website","url":"https:\/\/dibenedettoproductions.com\/","name":"Di Benedetto Productions","description":"","publisher":{"@id":"https:\/\/dibenedettoproductions.com\/#organization"},"potentialAction":[{"@type":"SearchAction","target":{"@type":"EntryPoint","urlTemplate":"https:\/\/dibenedettoproductions.com\/?s={search_term_string}"},"query-input":"required name=search_term_string"}],"inLanguage":"it-IT"},{"@type":"Organization","@id":"https:\/\/dibenedettoproductions.com\/#organization","name":"DI BENEDETTO PRODUCTIONS","url":"https:\/\/dibenedettoproductions.com\/","sameAs":[],"logo":{"@type":"ImageObject","inLanguage":"it-IT","@id":"https:\/\/dibenedettoproductions.com\/#\/schema\/logo\/image\/","url":"https:\/\/dibenedettoproductions.com\/wp-content\/uploads\/2021\/09\/logo_di_benedetto_productions.jpg","contentUrl":"https:\/\/dibenedettoproductions.com\/wp-content\/uploads\/2021\/09\/logo_di_benedetto_productions.jpg","width":225,"height":225,"caption":"DI BENEDETTO PRODUCTIONS"},"image":{"@id":"https:\/\/dibenedettoproductions.com\/#\/schema\/logo\/image\/"}}]}},"_links":{"self":[{"href":"https:\/\/dibenedettoproductions.com\/index.php?rest_route=\/wp\/v2\/pages\/4746","targetHints":{"allow":["GET"]}}],"collection":[{"href":"https:\/\/dibenedettoproductions.com\/index.php?rest_route=\/wp\/v2\/pages"}],"about":[{"href":"https:\/\/dibenedettoproductions.com\/index.php?rest_route=\/wp\/v2\/types\/page"}],"author":[{"embeddable":true,"href":"https:\/\/dibenedettoproductions.com\/index.php?rest_route=\/wp\/v2\/users\/1"}],"replies":[{"embeddable":true,"href":"https:\/\/dibenedettoproductions.com\/index.php?rest_route=%2Fwp%2Fv2%2Fcomments&post=4746"}],"version-history":[{"count":7,"href":"https:\/\/dibenedettoproductions.com\/index.php?rest_route=\/wp\/v2\/pages\/4746\/revisions"}],"predecessor-version":[{"id":5992,"href":"https:\/\/dibenedettoproductions.com\/index.php?rest_route=\/wp\/v2\/pages\/4746\/revisions\/5992"}],"wp:attachment":[{"href":"https:\/\/dibenedettoproductions.com\/index.php?rest_route=%2Fwp%2Fv2%2Fmedia&parent=4746"}],"wp:term":[{"taxonomy":"category","embeddable":true,"href":"https:\/\/dibenedettoproductions.com\/index.php?rest_route=%2Fwp%2Fv2%2Fcategories&post=4746"},{"taxonomy":"post_tag","embeddable":true,"href":"https:\/\/dibenedettoproductions.com\/index.php?rest_route=%2Fwp%2Fv2%2Ftags&post=4746"}],"curies":[{"name":"wp","href":"https:\/\/api.w.org\/{rel}","templated":true}]}}