{"id":4603,"date":"2021-02-25T17:29:21","date_gmt":"2021-02-25T17:29:21","guid":{"rendered":"https:\/\/dibenedettoproductions.com\/?page_id=4603"},"modified":"2021-08-05T15:18:26","modified_gmt":"2021-08-05T15:18:26","slug":"mala-2","status":"publish","type":"page","link":"https:\/\/dibenedettoproductions.com\/?page_id=4603","title":{"rendered":"Mala"},"content":{"rendered":"\t\t<div data-elementor-type=\"wp-page\" data-elementor-id=\"4603\" class=\"elementor elementor-4603\" data-elementor-settings=\"[]\">\n\t\t\t\t\t\t<div class=\"elementor-inner\">\n\t\t\t\t\t\t\t<div class=\"elementor-section-wrap\">\n\t\t\t\t\t\t\t<section class=\"elementor-section elementor-top-section elementor-element elementor-element-bc6c7a8 elementor-section-stretched elementor-section-boxed elementor-section-height-default elementor-section-height-default\" data-id=\"bc6c7a8\" data-element_type=\"section\" data-settings=\"{&quot;stretch_section&quot;:&quot;section-stretched&quot;,&quot;background_background&quot;:&quot;classic&quot;}\">\n\t\t\t\t\t\t<div class=\"elementor-container elementor-column-gap-default\">\n\t\t\t\t\t\t\t<div class=\"elementor-row\">\n\t\t\t\t\t<div class=\"elementor-column elementor-col-25 elementor-top-column elementor-element elementor-element-2fc72f9\" data-id=\"2fc72f9\" data-element_type=\"column\">\n\t\t\t<div class=\"elementor-column-wrap elementor-element-populated\">\n\t\t\t\t\t\t\t<div class=\"elementor-widget-wrap\">\n\t\t\t\t\t\t<div class=\"elementor-element elementor-element-629bf3e elementor-align-center elementor-widget elementor-widget-button\" data-id=\"629bf3e\" data-element_type=\"widget\" data-widget_type=\"button.default\">\n\t\t\t\t<div class=\"elementor-widget-container\">\n\t\t\t\t\t<div class=\"elementor-button-wrapper\">\n\t\t\t<a href=\"https:\/\/open.spotify.com\/track\/6jrrJGVk6YAn8sGyayfSwS?si=FIel6pRiTwahCdWWwptIQw%20\" class=\"elementor-button-link elementor-button elementor-size-sm\" role=\"button\">\n\t\t\t\t\t\t<span class=\"elementor-button-content-wrapper\">\n\t\t\t\t\t\t<span class=\"elementor-button-text\">SPOTIFY<\/span>\n\t\t<\/span>\n\t\t\t\t\t<\/a>\n\t\t<\/div>\n\t\t\t\t<\/div>\n\t\t\t\t<\/div>\n\t\t\t\t\t\t<\/div>\n\t\t\t\t\t<\/div>\n\t\t<\/div>\n\t\t\t\t<div class=\"elementor-column elementor-col-25 elementor-top-column elementor-element elementor-element-245c8cd\" data-id=\"245c8cd\" data-element_type=\"column\">\n\t\t\t<div class=\"elementor-column-wrap elementor-element-populated\">\n\t\t\t\t\t\t\t<div class=\"elementor-widget-wrap\">\n\t\t\t\t\t\t<div class=\"elementor-element elementor-element-6169024 elementor-align-center elementor-widget elementor-widget-button\" data-id=\"6169024\" data-element_type=\"widget\" data-widget_type=\"button.default\">\n\t\t\t\t<div class=\"elementor-widget-container\">\n\t\t\t\t\t<div class=\"elementor-button-wrapper\">\n\t\t\t<a href=\"https:\/\/music.apple.com\/us\/album\/mala\/1493982315?i=1493982316%20\" class=\"elementor-button-link elementor-button elementor-size-sm\" role=\"button\">\n\t\t\t\t\t\t<span class=\"elementor-button-content-wrapper\">\n\t\t\t\t\t\t<span class=\"elementor-button-text\">APPLE MUSIC<\/span>\n\t\t<\/span>\n\t\t\t\t\t<\/a>\n\t\t<\/div>\n\t\t\t\t<\/div>\n\t\t\t\t<\/div>\n\t\t\t\t\t\t<\/div>\n\t\t\t\t\t<\/div>\n\t\t<\/div>\n\t\t\t\t<div class=\"elementor-column elementor-col-25 elementor-top-column elementor-element elementor-element-9055a3a\" data-id=\"9055a3a\" data-element_type=\"column\">\n\t\t\t<div class=\"elementor-column-wrap elementor-element-populated\">\n\t\t\t\t\t\t\t<div class=\"elementor-widget-wrap\">\n\t\t\t\t\t\t<div class=\"elementor-element elementor-element-4884ab7 elementor-align-center elementor-widget elementor-widget-button\" data-id=\"4884ab7\" data-element_type=\"widget\" data-widget_type=\"button.default\">\n\t\t\t\t<div class=\"elementor-widget-container\">\n\t\t\t\t\t<div class=\"elementor-button-wrapper\">\n\t\t\t<a href=\"https:\/\/deezer.page.link\/SM7d5DZyNa21iGyt9%20\" class=\"elementor-button-link elementor-button elementor-size-sm\" role=\"button\">\n\t\t\t\t\t\t<span class=\"elementor-button-content-wrapper\">\n\t\t\t\t\t\t<span class=\"elementor-button-text\">DEEZER<\/span>\n\t\t<\/span>\n\t\t\t\t\t<\/a>\n\t\t<\/div>\n\t\t\t\t<\/div>\n\t\t\t\t<\/div>\n\t\t\t\t\t\t<\/div>\n\t\t\t\t\t<\/div>\n\t\t<\/div>\n\t\t\t\t<div class=\"elementor-column elementor-col-25 elementor-top-column elementor-element elementor-element-96c5649\" data-id=\"96c5649\" data-element_type=\"column\">\n\t\t\t<div class=\"elementor-column-wrap elementor-element-populated\">\n\t\t\t\t\t\t\t<div class=\"elementor-widget-wrap\">\n\t\t\t\t\t\t<div class=\"elementor-element elementor-element-ac69c4e elementor-align-center elementor-widget elementor-widget-button\" data-id=\"ac69c4e\" data-element_type=\"widget\" data-widget_type=\"button.default\">\n\t\t\t\t<div class=\"elementor-widget-container\">\n\t\t\t\t\t<div class=\"elementor-button-wrapper\">\n\t\t\t<a href=\"https:\/\/music.amazon.com\/albums\/B083KPXTBV?trackAsin=B083KR16ST&#038;ref=dm_sh_0c71-ae48-dmcp-ae11-c0130&#038;musicTerritory=US&#038;marketplaceId=ATVPDKIKX0DER%20\" class=\"elementor-button-link elementor-button elementor-size-sm\" role=\"button\">\n\t\t\t\t\t\t<span class=\"elementor-button-content-wrapper\">\n\t\t\t\t\t\t<span class=\"elementor-button-text\">AMAZON MUSIC<\/span>\n\t\t<\/span>\n\t\t\t\t\t<\/a>\n\t\t<\/div>\n\t\t\t\t<\/div>\n\t\t\t\t<\/div>\n\t\t\t\t\t\t<\/div>\n\t\t\t\t\t<\/div>\n\t\t<\/div>\n\t\t\t\t\t\t\t\t<\/div>\n\t\t\t\t\t<\/div>\n\t\t<\/section>\n\t\t\t\t<section class=\"elementor-section elementor-top-section elementor-element elementor-element-e5c1fa0 elementor-section-stretched elementor-section-boxed elementor-section-height-default elementor-section-height-default\" data-id=\"e5c1fa0\" data-element_type=\"section\" data-settings=\"{&quot;stretch_section&quot;:&quot;section-stretched&quot;,&quot;background_background&quot;:&quot;classic&quot;}\">\n\t\t\t\t\t\t<div class=\"elementor-container elementor-column-gap-default\">\n\t\t\t\t\t\t\t<div class=\"elementor-row\">\n\t\t\t\t\t<div class=\"elementor-column elementor-col-100 elementor-top-column elementor-element elementor-element-1faaa56\" data-id=\"1faaa56\" data-element_type=\"column\">\n\t\t\t<div class=\"elementor-column-wrap elementor-element-populated\">\n\t\t\t\t\t\t\t<div class=\"elementor-widget-wrap\">\n\t\t\t\t\t\t<div class=\"elementor-element elementor-element-87c5a6f elementor-widget elementor-widget-text-editor\" data-id=\"87c5a6f\" data-element_type=\"widget\" data-widget_type=\"text-editor.default\">\n\t\t\t\t<div class=\"elementor-widget-container\">\n\t\t\t\t\t\t\t\t<div class=\"elementor-text-editor elementor-clearfix\">\n\t\t\t\t<div><p style=\"text-align: center;\"><span style=\"color: #ffffff;\">Lleg\u00f3 la hora de empezar a la discoteca<\/span><\/p><p style=\"text-align: center;\"><span style=\"color: #ffffff;\">Di Benedetto Production la compa\u00f1\u00eda m\u00e1s cabrona<\/span><\/p><p style=\"text-align: center;\">\u00a0<\/p><p style=\"text-align: center;\"><span style=\"color: #ffffff;\">Sigue esta noche enr\u00e9dame en tu boca<\/span><\/p><p style=\"text-align: center;\"><span style=\"color: #ffffff;\">esa que me provoca esa que me vuelve loca<\/span><\/p><p style=\"text-align: center;\"><span style=\"color: #ffffff;\">yo no soy mala na yo lo que soy es loquita<\/span><\/p><p style=\"text-align: center;\"><span style=\"color: #ffffff;\">pero cuando t\u00fa me besas te juro que a m\u00ed se me quita<\/span><\/p><p style=\"text-align: center;\"><span style=\"color: #ffffff;\">papi yo no soy mala yo lo que soy maldita<\/span><\/p><p style=\"text-align: center;\"><span style=\"color: #ffffff;\">pero cuando t\u00fa me besas te juro que todo se me quita<\/span><\/p><p style=\"text-align: center;\"><span style=\"color: #ffffff;\">papi yo no soy mala papi lo que soy loquita<\/span><\/p><p style=\"text-align: center;\"><span style=\"color: #ffffff;\">pero cuando estamos en la cama me gusta<\/span><\/p><p style=\"text-align: center;\"><span style=\"color: #ffffff;\">que t\u00fa me hagas cosita me gusta como t\u00fa me haces<\/span><\/p><p style=\"text-align: center;\"><span style=\"color: #ffffff;\">me gusta me gusta yo no soy mala yo lo que soy loquita<\/span><\/p><p style=\"text-align: center;\"><span style=\"color: #ffffff;\">me gusta me gusta<\/span><\/p><p style=\"text-align: center;\">\u00a0<\/p><p style=\"text-align: center;\"><span style=\"color: #ffffff;\">T\u00fa eres mala que te compre quien no te conozca<\/span><\/p><p style=\"text-align: center;\"><span style=\"color: #ffffff;\">tu eres loca y en la cama te me pones tosca<\/span><\/p><p style=\"text-align: center;\"><span style=\"color: #ffffff;\">de tanto apretarme nena se me fue la rosca<\/span><\/p><p style=\"text-align: center;\"><span style=\"color: #ffffff;\">t\u00fa te crees az\u00facar porque est\u00e1s rodeada de mosca<\/span><\/p><p style=\"text-align: center;\"><span style=\"color: #ffffff;\">demuestra qui\u00e9n t\u00fa eres que yo quiero conocerte<\/span><\/p><p style=\"text-align: center;\"><span style=\"color: #ffffff;\">tengo en mi cabeza 20 poses para hacerte<\/span><\/p><p style=\"text-align: center;\"><span style=\"color: #ffffff;\">pide la velita que ya traje el aceite<\/span><\/p><p style=\"text-align: center;\"><span style=\"color: #ffffff;\">el gordo se peg\u00f3 y estoy loco por comerte<\/span><\/p><p style=\"text-align: center;\">\u00a0<\/p><p style=\"text-align: center;\"><span style=\"color: #ffffff;\">Yo no soy mala yo lo que soy maldita<\/span><\/p><p style=\"text-align: center;\"><span style=\"color: #ffffff;\">pero cuando t\u00fa me besas te juro que todo se me quita<\/span><\/p><p style=\"text-align: center;\"><span style=\"color: #ffffff;\">papi yo no soy mala papi lo que soy loquita<\/span><\/p><p style=\"text-align: center;\"><span style=\"color: #ffffff;\">pero cuando estamos en la cama me gusta que t\u00fa me hagas cositas<\/span><\/p><p style=\"text-align: center;\"><span style=\"color: #ffffff;\">me gusta como t\u00fa me haces<\/span><\/p><p style=\"text-align: center;\"><span style=\"color: #ffffff;\">me gusta me gusta<\/span><\/p><p style=\"text-align: center;\"><span style=\"color: #ffffff;\">yo no soy mala yo lo que soy loquita<\/span><\/p><p style=\"text-align: center;\"><span style=\"color: #ffffff;\">me gusta me gusta<\/span><\/p><p style=\"text-align: center;\">\u00a0<\/p><p style=\"text-align: center;\"><span style=\"color: #ffffff;\">Ella te engancha de cualquier manera<\/span><\/p><p style=\"text-align: center;\"><span style=\"color: #ffffff;\">tiene un truco que te seduce papi quieras o no quieras<\/span><\/p><p style=\"text-align: center;\"><span style=\"color: #ffffff;\">m\u00e1s de 1500 en la cartera<\/span><\/p><p style=\"text-align: center;\"><span style=\"color: #ffffff;\">y no quiere relaci\u00f3n si la moda es estar soltera<\/span><\/p><p style=\"text-align: center;\"><span style=\"color: #ffffff;\">movimiento de cadera no es cadera<\/span><\/p><p style=\"text-align: center;\"><span style=\"color: #ffffff;\">que yo s\u00e9 que t\u00fa eres mala dale s\u00e1calo pa fuera<\/span><\/p><p style=\"text-align: center;\"><span style=\"color: #ffffff;\">movimiento de cadera no es cadera<\/span><\/p><p style=\"text-align: center;\"><span style=\"color: #ffffff;\">que yo s\u00e9 que t\u00fa quieres estar con el m\u00e1s duro de la nueva<\/span><\/p><p style=\"text-align: center;\">\u00a0<\/p><p style=\"text-align: center;\"><span style=\"color: #ffffff;\">Papi t\u00fa me tocas bien loca<\/span><\/p><p style=\"text-align: center;\"><span style=\"color: #ffffff;\">cuando t\u00fa me muerdes todita la boca<\/span><\/p><p style=\"text-align: center;\"><span style=\"color: #ffffff;\">t\u00fa tienes algo ah\u00ed que choca<\/span><\/p><p style=\"text-align: center;\"><span style=\"color: #ffffff;\">d\u00e9jame averiguarlo si es yogur o compota<\/span><\/p><p style=\"text-align: center;\"><span style=\"color: #ffffff;\">y dame de esa con delicadeza<\/span><\/p><p style=\"text-align: center;\"><span style=\"color: #ffffff;\">hazme tu princesa t\u00fa sabes que estoy malita de la cabeza<\/span><\/p><p style=\"text-align: center;\"><span style=\"color: #ffffff;\">Dime si te gusta con dureza<\/span><\/p><p style=\"text-align: center;\"><span style=\"color: #ffffff;\">que t\u00fa prefieres fina o traviesa<\/span><\/p><p style=\"text-align: center;\">\u00a0<\/p><p style=\"text-align: center;\"><span style=\"color: #ffffff;\">me gusta como t\u00fa me haces<\/span><\/p><p style=\"text-align: center;\"><span style=\"color: #ffffff;\">me gusta me gusta<\/span><\/p><p style=\"text-align: center;\">\u00a0<\/p><p style=\"text-align: center;\"><span style=\"color: #ffffff;\">yo no soy mala yo lo que soy loquita<\/span><\/p><p style=\"text-align: center;\"><span style=\"color: #ffffff;\">me gusta me gusta<\/span><\/p><p style=\"text-align: center;\">\u00a0<\/p><p style=\"text-align: center;\"><span style=\"color: #ffffff;\">te gusta la boca te gusta la amiguita<\/span><\/p><p style=\"text-align: center;\"><span style=\"color: #ffffff;\">las dos buscando haber quien se le explica<\/span><\/p><p style=\"text-align: center;\"><span style=\"color: #ffffff;\">dime c\u00f3mo hacerte las maldades<\/span><\/p><p style=\"text-align: center;\"><span style=\"color: #ffffff;\">si me dejas llegar de esta t\u00fa no sale<\/span><\/p><p style=\"text-align: center;\"><span style=\"color: #ffffff;\">est\u00e1 tu locura cantidad y yo soy la mam\u00e1 de la maldad<\/span><\/p><p style=\"text-align: center;\"><span style=\"color: #ffffff;\">te explicar\u00e9 c\u00f3mo es que se hace<\/span><\/p><p style=\"text-align: center;\"><span style=\"color: #ffffff;\">Para que me demuestres papi tus tres fases<\/span><\/p><p style=\"text-align: center;\">\u00a0<\/p><p style=\"text-align: center;\"><span style=\"color: #ffffff;\">Qu\u00edtate la ropa nena que eso no se usa<\/span><\/p><p style=\"text-align: center;\"><span style=\"color: #ffffff;\">esta noche te cogieron los yakuza<\/span><\/p><p style=\"text-align: center;\"><span style=\"color: #ffffff;\">quiero medirte con mi regla para ver qu\u00e9 talla usas<\/span><\/p><p style=\"text-align: center;\"><span style=\"color: #ffffff;\">tu novio est\u00e1 atrasado yo soy lo que se usa<\/span><\/p><p style=\"text-align: center;\"><span style=\"color: #ffffff;\">que para el que tenga freno<\/span><\/p><p style=\"text-align: center;\"><span style=\"color: #ffffff;\">esta noche nos vamos fuego<\/span><\/p><p style=\"text-align: center;\"><span style=\"color: #ffffff;\">si te gusta c\u00f3mo te lo doy mami repetimos de nuevo<\/span><\/p><p style=\"text-align: center;\">\u00a0<\/p><p style=\"text-align: center;\"><span style=\"color: #ffffff;\">Que para que tenga freno<\/span><\/p><p style=\"text-align: center;\"><span style=\"color: #ffffff;\">esta noche nos vamos a fuego<\/span><\/p><p style=\"text-align: center;\"><span style=\"color: #ffffff;\">si te gusta c\u00f3mo te la doy papi repetimos de nuevo<\/span><\/p><p style=\"text-align: center;\">\u00a0<\/p><p style=\"text-align: center;\"><span style=\"color: #ffffff;\">Para ti beb\u00e9<\/span><\/p><p style=\"text-align: center;\"><span style=\"color: #ffffff;\">Nosotros somos los Yakuza Morfa Queen<\/span><\/p><p style=\"text-align: center;\"><span style=\"color: #ffffff;\">Pocahontas Lady D Bandolero<\/span><\/p><p style=\"text-align: center;\"><span style=\"color: #ffffff;\">D\u00edmelo Enzo Wanted Music<\/span><\/p><p style=\"text-align: center;\"><span style=\"color: #ffffff;\">Di Benedetto Production<\/span><\/p><p style=\"text-align: center;\"><span style=\"color: #ffffff;\">con esto nos disparamos hasta Italia no paramos<\/span><\/p><\/div>\t\t\t\t\t<\/div>\n\t\t\t\t\t\t<\/div>\n\t\t\t\t<\/div>\n\t\t\t\t\t\t<\/div>\n\t\t\t\t\t<\/div>\n\t\t<\/div>\n\t\t\t\t\t\t\t\t<\/div>\n\t\t\t\t\t<\/div>\n\t\t<\/section>\n\t\t\t\t\t\t<\/div>\n\t\t\t\t\t\t<\/div>\n\t\t\t\t\t<\/div>\n\t\t","protected":false},"excerpt":{"rendered":"<p>SPOTIFY APPLE MUSIC DEEZER AMAZON MUSIC Lleg\u00f3 la hora de empezar a la discoteca Di Benedetto Production la compa\u00f1\u00eda m\u00e1s cabrona \u00a0 Sigue esta noche enr\u00e9dame en tu boca esa que me provoca esa que me vuelve loca yo no soy mala na yo lo que soy es loquita pero cuando t\u00fa me besas te.<\/p>\n","protected":false},"author":1,"featured_media":0,"parent":0,"menu_order":0,"comment_status":"closed","ping_status":"closed","template":"","meta":{"footnotes":""},"categories":[42],"tags":[],"class_list":["post-4603","page","type-page","status-publish","hentry","category-testi"],"yoast_head":"<!-- This site is optimized with the Yoast SEO plugin v19.6.1 - https:\/\/yoast.com\/wordpress\/plugins\/seo\/ -->\n<title>Mala - Di Benedetto Productions<\/title>\n<meta name=\"robots\" content=\"index, follow, max-snippet:-1, max-image-preview:large, max-video-preview:-1\" \/>\n<link rel=\"canonical\" href=\"https:\/\/dibenedettoproductions.com\/?page_id=4603\" \/>\n<meta property=\"og:locale\" content=\"it_IT\" \/>\n<meta property=\"og:type\" content=\"article\" \/>\n<meta property=\"og:title\" content=\"Mala - Di Benedetto Productions\" \/>\n<meta property=\"og:description\" content=\"SPOTIFY APPLE MUSIC DEEZER AMAZON MUSIC Lleg\u00f3 la hora de empezar a la discoteca Di Benedetto Production la compa\u00f1\u00eda m\u00e1s cabrona \u00a0 Sigue esta noche enr\u00e9dame en tu boca esa que me provoca esa que me vuelve loca yo no soy mala na yo lo que soy es loquita pero cuando t\u00fa me besas te.\" \/>\n<meta property=\"og:url\" content=\"https:\/\/dibenedettoproductions.com\/?page_id=4603\" \/>\n<meta property=\"og:site_name\" content=\"Di Benedetto Productions\" \/>\n<meta property=\"article:modified_time\" content=\"2021-08-05T15:18:26+00:00\" \/>\n<meta name=\"twitter:card\" content=\"summary_large_image\" \/>\n<meta name=\"twitter:label1\" content=\"Tempo di lettura stimato\" \/>\n\t<meta name=\"twitter:data1\" content=\"3 minuti\" \/>\n<script type=\"application\/ld+json\" class=\"yoast-schema-graph\">{\"@context\":\"https:\/\/schema.org\",\"@graph\":[{\"@type\":\"WebPage\",\"@id\":\"https:\/\/dibenedettoproductions.com\/?page_id=4603\",\"url\":\"https:\/\/dibenedettoproductions.com\/?page_id=4603\",\"name\":\"Mala - Di Benedetto Productions\",\"isPartOf\":{\"@id\":\"https:\/\/dibenedettoproductions.com\/#website\"},\"datePublished\":\"2021-02-25T17:29:21+00:00\",\"dateModified\":\"2021-08-05T15:18:26+00:00\",\"breadcrumb\":{\"@id\":\"https:\/\/dibenedettoproductions.com\/?page_id=4603#breadcrumb\"},\"inLanguage\":\"it-IT\",\"potentialAction\":[{\"@type\":\"ReadAction\",\"target\":[\"https:\/\/dibenedettoproductions.com\/?page_id=4603\"]}]},{\"@type\":\"BreadcrumbList\",\"@id\":\"https:\/\/dibenedettoproductions.com\/?page_id=4603#breadcrumb\",\"itemListElement\":[{\"@type\":\"ListItem\",\"position\":1,\"name\":\"Home\",\"item\":\"https:\/\/dibenedettoproductions.com\/\"},{\"@type\":\"ListItem\",\"position\":2,\"name\":\"Mala\"}]},{\"@type\":\"WebSite\",\"@id\":\"https:\/\/dibenedettoproductions.com\/#website\",\"url\":\"https:\/\/dibenedettoproductions.com\/\",\"name\":\"Di Benedetto Productions\",\"description\":\"\",\"publisher\":{\"@id\":\"https:\/\/dibenedettoproductions.com\/#organization\"},\"potentialAction\":[{\"@type\":\"SearchAction\",\"target\":{\"@type\":\"EntryPoint\",\"urlTemplate\":\"https:\/\/dibenedettoproductions.com\/?s={search_term_string}\"},\"query-input\":\"required name=search_term_string\"}],\"inLanguage\":\"it-IT\"},{\"@type\":\"Organization\",\"@id\":\"https:\/\/dibenedettoproductions.com\/#organization\",\"name\":\"DI BENEDETTO PRODUCTIONS\",\"url\":\"https:\/\/dibenedettoproductions.com\/\",\"sameAs\":[],\"logo\":{\"@type\":\"ImageObject\",\"inLanguage\":\"it-IT\",\"@id\":\"https:\/\/dibenedettoproductions.com\/#\/schema\/logo\/image\/\",\"url\":\"https:\/\/dibenedettoproductions.com\/wp-content\/uploads\/2021\/09\/logo_di_benedetto_productions.jpg\",\"contentUrl\":\"https:\/\/dibenedettoproductions.com\/wp-content\/uploads\/2021\/09\/logo_di_benedetto_productions.jpg\",\"width\":225,\"height\":225,\"caption\":\"DI BENEDETTO PRODUCTIONS\"},\"image\":{\"@id\":\"https:\/\/dibenedettoproductions.com\/#\/schema\/logo\/image\/\"}}]}<\/script>\n<!-- \/ Yoast SEO plugin. -->","yoast_head_json":{"title":"Mala - Di Benedetto Productions","robots":{"index":"index","follow":"follow","max-snippet":"max-snippet:-1","max-image-preview":"max-image-preview:large","max-video-preview":"max-video-preview:-1"},"canonical":"https:\/\/dibenedettoproductions.com\/?page_id=4603","og_locale":"it_IT","og_type":"article","og_title":"Mala - Di Benedetto Productions","og_description":"SPOTIFY APPLE MUSIC DEEZER AMAZON MUSIC Lleg\u00f3 la hora de empezar a la discoteca Di Benedetto Production la compa\u00f1\u00eda m\u00e1s cabrona \u00a0 Sigue esta noche enr\u00e9dame en tu boca esa que me provoca esa que me vuelve loca yo no soy mala na yo lo que soy es loquita pero cuando t\u00fa me besas te.","og_url":"https:\/\/dibenedettoproductions.com\/?page_id=4603","og_site_name":"Di Benedetto Productions","article_modified_time":"2021-08-05T15:18:26+00:00","twitter_card":"summary_large_image","twitter_misc":{"Tempo di lettura stimato":"3 minuti"},"schema":{"@context":"https:\/\/schema.org","@graph":[{"@type":"WebPage","@id":"https:\/\/dibenedettoproductions.com\/?page_id=4603","url":"https:\/\/dibenedettoproductions.com\/?page_id=4603","name":"Mala - Di Benedetto Productions","isPartOf":{"@id":"https:\/\/dibenedettoproductions.com\/#website"},"datePublished":"2021-02-25T17:29:21+00:00","dateModified":"2021-08-05T15:18:26+00:00","breadcrumb":{"@id":"https:\/\/dibenedettoproductions.com\/?page_id=4603#breadcrumb"},"inLanguage":"it-IT","potentialAction":[{"@type":"ReadAction","target":["https:\/\/dibenedettoproductions.com\/?page_id=4603"]}]},{"@type":"BreadcrumbList","@id":"https:\/\/dibenedettoproductions.com\/?page_id=4603#breadcrumb","itemListElement":[{"@type":"ListItem","position":1,"name":"Home","item":"https:\/\/dibenedettoproductions.com\/"},{"@type":"ListItem","position":2,"name":"Mala"}]},{"@type":"WebSite","@id":"https:\/\/dibenedettoproductions.com\/#website","url":"https:\/\/dibenedettoproductions.com\/","name":"Di Benedetto Productions","description":"","publisher":{"@id":"https:\/\/dibenedettoproductions.com\/#organization"},"potentialAction":[{"@type":"SearchAction","target":{"@type":"EntryPoint","urlTemplate":"https:\/\/dibenedettoproductions.com\/?s={search_term_string}"},"query-input":"required name=search_term_string"}],"inLanguage":"it-IT"},{"@type":"Organization","@id":"https:\/\/dibenedettoproductions.com\/#organization","name":"DI BENEDETTO PRODUCTIONS","url":"https:\/\/dibenedettoproductions.com\/","sameAs":[],"logo":{"@type":"ImageObject","inLanguage":"it-IT","@id":"https:\/\/dibenedettoproductions.com\/#\/schema\/logo\/image\/","url":"https:\/\/dibenedettoproductions.com\/wp-content\/uploads\/2021\/09\/logo_di_benedetto_productions.jpg","contentUrl":"https:\/\/dibenedettoproductions.com\/wp-content\/uploads\/2021\/09\/logo_di_benedetto_productions.jpg","width":225,"height":225,"caption":"DI BENEDETTO PRODUCTIONS"},"image":{"@id":"https:\/\/dibenedettoproductions.com\/#\/schema\/logo\/image\/"}}]}},"_links":{"self":[{"href":"https:\/\/dibenedettoproductions.com\/index.php?rest_route=\/wp\/v2\/pages\/4603","targetHints":{"allow":["GET"]}}],"collection":[{"href":"https:\/\/dibenedettoproductions.com\/index.php?rest_route=\/wp\/v2\/pages"}],"about":[{"href":"https:\/\/dibenedettoproductions.com\/index.php?rest_route=\/wp\/v2\/types\/page"}],"author":[{"embeddable":true,"href":"https:\/\/dibenedettoproductions.com\/index.php?rest_route=\/wp\/v2\/users\/1"}],"replies":[{"embeddable":true,"href":"https:\/\/dibenedettoproductions.com\/index.php?rest_route=%2Fwp%2Fv2%2Fcomments&post=4603"}],"version-history":[{"count":7,"href":"https:\/\/dibenedettoproductions.com\/index.php?rest_route=\/wp\/v2\/pages\/4603\/revisions"}],"predecessor-version":[{"id":5767,"href":"https:\/\/dibenedettoproductions.com\/index.php?rest_route=\/wp\/v2\/pages\/4603\/revisions\/5767"}],"wp:attachment":[{"href":"https:\/\/dibenedettoproductions.com\/index.php?rest_route=%2Fwp%2Fv2%2Fmedia&parent=4603"}],"wp:term":[{"taxonomy":"category","embeddable":true,"href":"https:\/\/dibenedettoproductions.com\/index.php?rest_route=%2Fwp%2Fv2%2Fcategories&post=4603"},{"taxonomy":"post_tag","embeddable":true,"href":"https:\/\/dibenedettoproductions.com\/index.php?rest_route=%2Fwp%2Fv2%2Ftags&post=4603"}],"curies":[{"name":"wp","href":"https:\/\/api.w.org\/{rel}","templated":true}]}}