{"id":4587,"date":"2021-02-25T17:22:56","date_gmt":"2021-02-25T17:22:56","guid":{"rendered":"https:\/\/dibenedettoproductions.com\/?page_id=4587"},"modified":"2021-08-06T07:21:35","modified_gmt":"2021-08-06T07:21:35","slug":"tu-veneno","status":"publish","type":"page","link":"https:\/\/dibenedettoproductions.com\/?page_id=4587","title":{"rendered":"Tu Veneno"},"content":{"rendered":"\t\t<div data-elementor-type=\"wp-page\" data-elementor-id=\"4587\" class=\"elementor elementor-4587\" data-elementor-settings=\"[]\">\n\t\t\t\t\t\t<div class=\"elementor-inner\">\n\t\t\t\t\t\t\t<div class=\"elementor-section-wrap\">\n\t\t\t\t\t\t\t<section class=\"elementor-section elementor-top-section elementor-element elementor-element-e4648cc elementor-section-stretched elementor-section-boxed elementor-section-height-default elementor-section-height-default\" data-id=\"e4648cc\" data-element_type=\"section\" data-settings=\"{&quot;stretch_section&quot;:&quot;section-stretched&quot;,&quot;background_background&quot;:&quot;classic&quot;}\">\n\t\t\t\t\t\t<div class=\"elementor-container elementor-column-gap-default\">\n\t\t\t\t\t\t\t<div class=\"elementor-row\">\n\t\t\t\t\t<div class=\"elementor-column elementor-col-25 elementor-top-column elementor-element elementor-element-c64758b\" data-id=\"c64758b\" data-element_type=\"column\">\n\t\t\t<div class=\"elementor-column-wrap elementor-element-populated\">\n\t\t\t\t\t\t\t<div class=\"elementor-widget-wrap\">\n\t\t\t\t\t\t<div class=\"elementor-element elementor-element-7411a8a elementor-align-center elementor-widget elementor-widget-button\" data-id=\"7411a8a\" data-element_type=\"widget\" data-widget_type=\"button.default\">\n\t\t\t\t<div class=\"elementor-widget-container\">\n\t\t\t\t\t<div class=\"elementor-button-wrapper\">\n\t\t\t<a href=\"https:\/\/open.spotify.com\/track\/5RonwAJwAjKJbZNmzRSzci?si=bhVv_Y_DTc2W_9iwEBIP8g\" class=\"elementor-button-link elementor-button elementor-size-sm\" role=\"button\">\n\t\t\t\t\t\t<span class=\"elementor-button-content-wrapper\">\n\t\t\t\t\t\t<span class=\"elementor-button-text\">SPOTIFY<\/span>\n\t\t<\/span>\n\t\t\t\t\t<\/a>\n\t\t<\/div>\n\t\t\t\t<\/div>\n\t\t\t\t<\/div>\n\t\t\t\t\t\t<\/div>\n\t\t\t\t\t<\/div>\n\t\t<\/div>\n\t\t\t\t<div class=\"elementor-column elementor-col-25 elementor-top-column elementor-element elementor-element-fd11949\" data-id=\"fd11949\" data-element_type=\"column\">\n\t\t\t<div class=\"elementor-column-wrap elementor-element-populated\">\n\t\t\t\t\t\t\t<div class=\"elementor-widget-wrap\">\n\t\t\t\t\t\t<div class=\"elementor-element elementor-element-152f793 elementor-align-center elementor-widget elementor-widget-button\" data-id=\"152f793\" data-element_type=\"widget\" data-widget_type=\"button.default\">\n\t\t\t\t<div class=\"elementor-widget-container\">\n\t\t\t\t\t<div class=\"elementor-button-wrapper\">\n\t\t\t<a href=\"https:\/\/music.apple.com\/us\/album\/tu-veneno\/1348280000?i=1348280003%20\" class=\"elementor-button-link elementor-button elementor-size-sm\" role=\"button\">\n\t\t\t\t\t\t<span class=\"elementor-button-content-wrapper\">\n\t\t\t\t\t\t<span class=\"elementor-button-text\">APPLE MUSIC<\/span>\n\t\t<\/span>\n\t\t\t\t\t<\/a>\n\t\t<\/div>\n\t\t\t\t<\/div>\n\t\t\t\t<\/div>\n\t\t\t\t\t\t<\/div>\n\t\t\t\t\t<\/div>\n\t\t<\/div>\n\t\t\t\t<div class=\"elementor-column elementor-col-25 elementor-top-column elementor-element elementor-element-3fb825a\" data-id=\"3fb825a\" data-element_type=\"column\">\n\t\t\t<div class=\"elementor-column-wrap elementor-element-populated\">\n\t\t\t\t\t\t\t<div class=\"elementor-widget-wrap\">\n\t\t\t\t\t\t<div class=\"elementor-element elementor-element-29d3440 elementor-align-center elementor-widget elementor-widget-button\" data-id=\"29d3440\" data-element_type=\"widget\" data-widget_type=\"button.default\">\n\t\t\t\t<div class=\"elementor-widget-container\">\n\t\t\t\t\t<div class=\"elementor-button-wrapper\">\n\t\t\t<a href=\"https:\/\/deezer.page.link\/G4tvkiSe3YM7Sft16%20\" class=\"elementor-button-link elementor-button elementor-size-sm\" role=\"button\">\n\t\t\t\t\t\t<span class=\"elementor-button-content-wrapper\">\n\t\t\t\t\t\t<span class=\"elementor-button-text\">DEEZER<\/span>\n\t\t<\/span>\n\t\t\t\t\t<\/a>\n\t\t<\/div>\n\t\t\t\t<\/div>\n\t\t\t\t<\/div>\n\t\t\t\t\t\t<\/div>\n\t\t\t\t\t<\/div>\n\t\t<\/div>\n\t\t\t\t<div class=\"elementor-column elementor-col-25 elementor-top-column elementor-element elementor-element-369b564\" data-id=\"369b564\" data-element_type=\"column\">\n\t\t\t<div class=\"elementor-column-wrap elementor-element-populated\">\n\t\t\t\t\t\t\t<div class=\"elementor-widget-wrap\">\n\t\t\t\t\t\t<div class=\"elementor-element elementor-element-d524bd9 elementor-align-center elementor-widget elementor-widget-button\" data-id=\"d524bd9\" data-element_type=\"widget\" data-widget_type=\"button.default\">\n\t\t\t\t<div class=\"elementor-widget-container\">\n\t\t\t\t\t<div class=\"elementor-button-wrapper\">\n\t\t\t<a href=\"https:\/\/music.amazon.com\/albums\/B07TDMDMCM?trackAsin=B07TFJ64HT&#038;ref=dm_sh_a461-81a4-dmcp-c3d8-35ebb&#038;musicTerritory=US&#038;marketplaceId=ATVPDKIKX0DER%20\" class=\"elementor-button-link elementor-button elementor-size-sm\" role=\"button\">\n\t\t\t\t\t\t<span class=\"elementor-button-content-wrapper\">\n\t\t\t\t\t\t<span class=\"elementor-button-text\">AMAZON MUSIC<\/span>\n\t\t<\/span>\n\t\t\t\t\t<\/a>\n\t\t<\/div>\n\t\t\t\t<\/div>\n\t\t\t\t<\/div>\n\t\t\t\t\t\t<\/div>\n\t\t\t\t\t<\/div>\n\t\t<\/div>\n\t\t\t\t\t\t\t\t<\/div>\n\t\t\t\t\t<\/div>\n\t\t<\/section>\n\t\t\t\t<section class=\"elementor-section elementor-top-section elementor-element elementor-element-2673b4e elementor-section-stretched elementor-section-boxed elementor-section-height-default elementor-section-height-default\" data-id=\"2673b4e\" data-element_type=\"section\" data-settings=\"{&quot;stretch_section&quot;:&quot;section-stretched&quot;,&quot;background_background&quot;:&quot;classic&quot;}\">\n\t\t\t\t\t\t<div class=\"elementor-container elementor-column-gap-default\">\n\t\t\t\t\t\t\t<div class=\"elementor-row\">\n\t\t\t\t\t<div class=\"elementor-column elementor-col-100 elementor-top-column elementor-element elementor-element-9d06387\" data-id=\"9d06387\" data-element_type=\"column\">\n\t\t\t<div class=\"elementor-column-wrap elementor-element-populated\">\n\t\t\t\t\t\t\t<div class=\"elementor-widget-wrap\">\n\t\t\t\t\t\t<div class=\"elementor-element elementor-element-332b691 elementor-widget elementor-widget-text-editor\" data-id=\"332b691\" data-element_type=\"widget\" data-widget_type=\"text-editor.default\">\n\t\t\t\t<div class=\"elementor-widget-container\">\n\t\t\t\t\t\t\t\t<div class=\"elementor-text-editor elementor-clearfix\">\n\t\t\t\t<div><p style=\"text-align: center;\"><span style=\"color: #ffffff;\">Deja a tu novio que es un bobo<\/span><\/p><p style=\"text-align: center;\"><span style=\"color: #ffffff;\">Un iluso que se cree que sabe todo<\/span><\/p><p style=\"text-align: center;\"><span style=\"color: #ffffff;\">Dile que soy tu veneno, Quien te tiene sin freno<\/span><\/p><p style=\"text-align: center;\"><span style=\"color: #ffffff;\">Que en la cama nos fuimos hasta atr\u00e1s<\/span><\/p><p style=\"text-align: center;\"><span style=\"color: #ffffff;\">Y posiciones todas estrenos<\/span><\/p><p style=\"text-align: center;\"><span style=\"color: #ffffff;\">Y cuando estamos a sola, un filito en rola<\/span><\/p><p style=\"text-align: center;\"><span style=\"color: #ffffff;\">Lo hacemos como es<\/span><\/p><p style=\"text-align: center;\"><span style=\"color: #ffffff;\">Cuando estamos a solas, un filito en rola<\/span><\/p><p style=\"text-align: center;\"><span style=\"color: #ffffff;\">Y lo hacemos una y otra vez<\/span><\/p><p style=\"text-align: center;\">\u00a0<\/p><p style=\"text-align: center;\"><span style=\"color: #ffffff;\">Ponte, ponte, dale baby ponte as\u00ed<\/span><\/p><p style=\"text-align: center;\"><span style=\"color: #ffffff;\">Ponte, ponte, como te gusta a ti<\/span><\/p><p style=\"text-align: center;\"><span style=\"color: #ffffff;\">Ponte, ponte, ponte en todas las posiciones<\/span><\/p><p style=\"text-align: center;\"><span style=\"color: #ffffff;\">Vamos hacerlo sin condones, bienvenida a otro nivel<\/span><\/p><p style=\"text-align: center;\"><span style=\"color: #ffffff;\">Ponte, ponte, dale baby ponte as\u00ed<\/span><\/p><p style=\"text-align: center;\"><span style=\"color: #ffffff;\">Ponte, ponte, como te gusta a ti<\/span><\/p><p style=\"text-align: center;\"><span style=\"color: #ffffff;\">Ponte, ponte, ponte en todas las posiciones<\/span><\/p><p style=\"text-align: center;\"><span style=\"color: #ffffff;\">Vamos hacerlo sin condones, bienvenida a otro nivel<\/span><\/p><p style=\"text-align: center;\">\u00a0<\/p><p style=\"text-align: center;\"><span style=\"color: #ffffff;\">D\u00edselo ya que ahora t\u00fa est\u00e1s<\/span><\/p><p style=\"text-align: center;\"><span style=\"color: #ffffff;\">Con los m\u00e1s duros que suena en el Trap<\/span><\/p><p style=\"text-align: center;\"><span style=\"color: #ffffff;\">D\u00edselo ma\u00b4 no pasa na\u00b4<\/span><\/p><p style=\"text-align: center;\"><span style=\"color: #ffffff;\">Que ahora es cogiendo la cola y para atr\u00e1s<\/span><\/p><p style=\"text-align: center;\"><span style=\"color: #ffffff;\">Dile que fue por WhatsApp que hicimos relaciones<\/span><\/p><p style=\"text-align: center;\"><span style=\"color: #ffffff;\">Que ricote ma t\u00fa partes mami cuando oyes mis canciones<\/span><\/p><p style=\"text-align: center;\"><span style=\"color: #ffffff;\">A Veces que duele pero que no selen<\/span><\/p><p style=\"text-align: center;\"><span style=\"color: #ffffff;\">Conmigo baby son otros niveles<\/span><\/p><p style=\"text-align: center;\"><span style=\"color: #ffffff;\">Yo tengo el derecho de todo t\u00fa chales<\/span><\/p><p style=\"text-align: center;\"><span style=\"color: #ffffff;\">Y manda el contrato ll\u00e1malo Amilkele<\/span><\/p><p style=\"text-align: center;\"><span style=\"color: #ffffff;\">Dime que te gusta este morito con ganas<\/span><\/p><p style=\"text-align: center;\"><span style=\"color: #ffffff;\">Que siempre me llamas<\/span><\/p><p style=\"text-align: center;\"><span style=\"color: #ffffff;\">Para que yo te meta todo el fin de semana<\/span><\/p><p style=\"text-align: center;\"><span style=\"color: #ffffff;\">Si hablara tu cama ella confesara que a m\u00e1s nadie t\u00fa amas<\/span><\/p><p style=\"text-align: center;\">\u00a0<\/p><p style=\"text-align: center;\">\u00a0<\/p><p style=\"text-align: center;\"><span style=\"color: #ffffff;\">Y Cuando estamos a solas, un filito en rola<\/span><\/p><p style=\"text-align: center;\"><span style=\"color: #ffffff;\">Lo hacemos como es<\/span><\/p><p style=\"text-align: center;\"><span style=\"color: #ffffff;\">Cuando estamos a solas, un filito en rola<\/span><\/p><p style=\"text-align: center;\"><span style=\"color: #ffffff;\">Y Lo hacemos una y otra vez<\/span><\/p><p style=\"text-align: center;\">\u00a0<\/p><p style=\"text-align: center;\"><span style=\"color: #ffffff;\">Ponte, ponte, dale baby ponte as\u00ed<\/span><\/p><p style=\"text-align: center;\"><span style=\"color: #ffffff;\">Ponte, ponte, como te gusta a ti<\/span><\/p><p style=\"text-align: center;\"><span style=\"color: #ffffff;\">Ponte, ponte, ponte en todas las posiciones<\/span><\/p><p style=\"text-align: center;\"><span style=\"color: #ffffff;\">Vamos hacerlo sin condones, bienvenida a otro nivel<\/span><\/p><p style=\"text-align: center;\"><span style=\"color: #ffffff;\">Ponte, ponte, dale baby ponte as\u00ed<\/span><\/p><p style=\"text-align: center;\"><span style=\"color: #ffffff;\">Ponte, ponte, como te gusta a ti<\/span><\/p><p style=\"text-align: center;\"><span style=\"color: #ffffff;\">Ponte, ponte, ponte en todas las posiciones<\/span><\/p><p style=\"text-align: center;\"><span style=\"color: #ffffff;\">Vamos hacerlo sin condones, bienvenida a otro nivel<\/span><\/p><p style=\"text-align: center;\">\u00a0<\/p><p style=\"text-align: center;\"><span style=\"color: #ffffff;\">Dile que soy tu veneno<\/span><\/p><p style=\"text-align: center;\"><span style=\"color: #ffffff;\">Que toda la noche te mato con un arrebato del bueno<\/span><\/p><p style=\"text-align: center;\"><span style=\"color: #ffffff;\">Tu queroseno,<\/span><\/p><p style=\"text-align: center;\"><span style=\"color: #ffffff;\">Que cuando te toca te enciende ya no lo hacemos<\/span><\/p><p style=\"text-align: center;\"><span style=\"color: #ffffff;\">Y desprendemos, dile beb\u00e9 que nunca lo hace como es<\/span><\/p><p style=\"text-align: center;\"><span style=\"color: #ffffff;\">Que yo s\u00ed te quito el estr\u00e9s una y otra vez<\/span><\/p><p style=\"text-align: center;\"><span style=\"color: #ffffff;\">Que solo yo s\u00e9 c\u00f3mo llevarte a otro planeta<\/span><\/p><p style=\"text-align: center;\"><span style=\"color: #ffffff;\">En tu favorita pose<\/span><\/p><p style=\"text-align: center;\">\u00a0<\/p><p style=\"text-align: center;\"><span style=\"color: #ffffff;\">Y Cuando estamos a solas, un filito en rola<\/span><\/p><p style=\"text-align: center;\"><span style=\"color: #ffffff;\">Lo hacemos como es<\/span><\/p><p style=\"text-align: center;\"><span style=\"color: #ffffff;\">Cuando estamos a solas, un filito en rola<\/span><\/p><p style=\"text-align: center;\"><span style=\"color: #ffffff;\">Y Lo hacemos una y otra vez<\/span><\/p><p style=\"text-align: center;\">\u00a0<\/p><p style=\"text-align: center;\"><span style=\"color: #ffffff;\">Ponte, ponte, dale baby ponte as\u00ed<\/span><\/p><p style=\"text-align: center;\"><span style=\"color: #ffffff;\">Ponte, ponte, como te gusta a ti<\/span><\/p><p style=\"text-align: center;\"><span style=\"color: #ffffff;\">Ponte, ponte, ponte en todas las posiciones<\/span><\/p><p style=\"text-align: center;\"><span style=\"color: #ffffff;\">Vamos hacerlo sin condones, bienvenida a otro nivel<\/span><\/p><\/div>\t\t\t\t\t<\/div>\n\t\t\t\t\t\t<\/div>\n\t\t\t\t<\/div>\n\t\t\t\t\t\t<\/div>\n\t\t\t\t\t<\/div>\n\t\t<\/div>\n\t\t\t\t\t\t\t\t<\/div>\n\t\t\t\t\t<\/div>\n\t\t<\/section>\n\t\t\t\t\t\t<\/div>\n\t\t\t\t\t\t<\/div>\n\t\t\t\t\t<\/div>\n\t\t","protected":false},"excerpt":{"rendered":"<p>SPOTIFY APPLE MUSIC DEEZER AMAZON MUSIC Deja a tu novio que es un bobo Un iluso que se cree que sabe todo Dile que soy tu veneno, Quien te tiene sin freno Que en la cama nos fuimos hasta atr\u00e1s Y posiciones todas estrenos Y cuando estamos a sola, un filito en rola Lo hacemos.<\/p>\n","protected":false},"author":1,"featured_media":0,"parent":0,"menu_order":0,"comment_status":"closed","ping_status":"closed","template":"","meta":{"footnotes":""},"categories":[42],"tags":[],"class_list":["post-4587","page","type-page","status-publish","hentry","category-testi"],"yoast_head":"<!-- This site is optimized with the Yoast SEO plugin v19.6.1 - https:\/\/yoast.com\/wordpress\/plugins\/seo\/ -->\n<title>Tu Veneno - Di Benedetto Productions<\/title>\n<meta name=\"robots\" content=\"index, follow, max-snippet:-1, max-image-preview:large, max-video-preview:-1\" \/>\n<link rel=\"canonical\" href=\"https:\/\/dibenedettoproductions.com\/?page_id=4587\" \/>\n<meta property=\"og:locale\" content=\"it_IT\" \/>\n<meta property=\"og:type\" content=\"article\" \/>\n<meta property=\"og:title\" content=\"Tu Veneno - Di Benedetto Productions\" \/>\n<meta property=\"og:description\" content=\"SPOTIFY APPLE MUSIC DEEZER AMAZON MUSIC Deja a tu novio que es un bobo Un iluso que se cree que sabe todo Dile que soy tu veneno, Quien te tiene sin freno Que en la cama nos fuimos hasta atr\u00e1s Y posiciones todas estrenos Y cuando estamos a sola, un filito en rola Lo hacemos.\" \/>\n<meta property=\"og:url\" content=\"https:\/\/dibenedettoproductions.com\/?page_id=4587\" \/>\n<meta property=\"og:site_name\" content=\"Di Benedetto Productions\" \/>\n<meta property=\"article:modified_time\" content=\"2021-08-06T07:21:35+00:00\" \/>\n<meta name=\"twitter:card\" content=\"summary_large_image\" \/>\n<meta name=\"twitter:label1\" content=\"Tempo di lettura stimato\" \/>\n\t<meta name=\"twitter:data1\" content=\"2 minuti\" \/>\n<script type=\"application\/ld+json\" class=\"yoast-schema-graph\">{\"@context\":\"https:\/\/schema.org\",\"@graph\":[{\"@type\":\"WebPage\",\"@id\":\"https:\/\/dibenedettoproductions.com\/?page_id=4587\",\"url\":\"https:\/\/dibenedettoproductions.com\/?page_id=4587\",\"name\":\"Tu Veneno - Di Benedetto Productions\",\"isPartOf\":{\"@id\":\"https:\/\/dibenedettoproductions.com\/#website\"},\"datePublished\":\"2021-02-25T17:22:56+00:00\",\"dateModified\":\"2021-08-06T07:21:35+00:00\",\"breadcrumb\":{\"@id\":\"https:\/\/dibenedettoproductions.com\/?page_id=4587#breadcrumb\"},\"inLanguage\":\"it-IT\",\"potentialAction\":[{\"@type\":\"ReadAction\",\"target\":[\"https:\/\/dibenedettoproductions.com\/?page_id=4587\"]}]},{\"@type\":\"BreadcrumbList\",\"@id\":\"https:\/\/dibenedettoproductions.com\/?page_id=4587#breadcrumb\",\"itemListElement\":[{\"@type\":\"ListItem\",\"position\":1,\"name\":\"Home\",\"item\":\"https:\/\/dibenedettoproductions.com\/\"},{\"@type\":\"ListItem\",\"position\":2,\"name\":\"Tu Veneno\"}]},{\"@type\":\"WebSite\",\"@id\":\"https:\/\/dibenedettoproductions.com\/#website\",\"url\":\"https:\/\/dibenedettoproductions.com\/\",\"name\":\"Di Benedetto Productions\",\"description\":\"\",\"publisher\":{\"@id\":\"https:\/\/dibenedettoproductions.com\/#organization\"},\"potentialAction\":[{\"@type\":\"SearchAction\",\"target\":{\"@type\":\"EntryPoint\",\"urlTemplate\":\"https:\/\/dibenedettoproductions.com\/?s={search_term_string}\"},\"query-input\":\"required name=search_term_string\"}],\"inLanguage\":\"it-IT\"},{\"@type\":\"Organization\",\"@id\":\"https:\/\/dibenedettoproductions.com\/#organization\",\"name\":\"DI BENEDETTO PRODUCTIONS\",\"url\":\"https:\/\/dibenedettoproductions.com\/\",\"sameAs\":[],\"logo\":{\"@type\":\"ImageObject\",\"inLanguage\":\"it-IT\",\"@id\":\"https:\/\/dibenedettoproductions.com\/#\/schema\/logo\/image\/\",\"url\":\"https:\/\/dibenedettoproductions.com\/wp-content\/uploads\/2021\/09\/logo_di_benedetto_productions.jpg\",\"contentUrl\":\"https:\/\/dibenedettoproductions.com\/wp-content\/uploads\/2021\/09\/logo_di_benedetto_productions.jpg\",\"width\":225,\"height\":225,\"caption\":\"DI BENEDETTO PRODUCTIONS\"},\"image\":{\"@id\":\"https:\/\/dibenedettoproductions.com\/#\/schema\/logo\/image\/\"}}]}<\/script>\n<!-- \/ Yoast SEO plugin. -->","yoast_head_json":{"title":"Tu Veneno - Di Benedetto Productions","robots":{"index":"index","follow":"follow","max-snippet":"max-snippet:-1","max-image-preview":"max-image-preview:large","max-video-preview":"max-video-preview:-1"},"canonical":"https:\/\/dibenedettoproductions.com\/?page_id=4587","og_locale":"it_IT","og_type":"article","og_title":"Tu Veneno - Di Benedetto Productions","og_description":"SPOTIFY APPLE MUSIC DEEZER AMAZON MUSIC Deja a tu novio que es un bobo Un iluso que se cree que sabe todo Dile que soy tu veneno, Quien te tiene sin freno Que en la cama nos fuimos hasta atr\u00e1s Y posiciones todas estrenos Y cuando estamos a sola, un filito en rola Lo hacemos.","og_url":"https:\/\/dibenedettoproductions.com\/?page_id=4587","og_site_name":"Di Benedetto Productions","article_modified_time":"2021-08-06T07:21:35+00:00","twitter_card":"summary_large_image","twitter_misc":{"Tempo di lettura stimato":"2 minuti"},"schema":{"@context":"https:\/\/schema.org","@graph":[{"@type":"WebPage","@id":"https:\/\/dibenedettoproductions.com\/?page_id=4587","url":"https:\/\/dibenedettoproductions.com\/?page_id=4587","name":"Tu Veneno - Di Benedetto Productions","isPartOf":{"@id":"https:\/\/dibenedettoproductions.com\/#website"},"datePublished":"2021-02-25T17:22:56+00:00","dateModified":"2021-08-06T07:21:35+00:00","breadcrumb":{"@id":"https:\/\/dibenedettoproductions.com\/?page_id=4587#breadcrumb"},"inLanguage":"it-IT","potentialAction":[{"@type":"ReadAction","target":["https:\/\/dibenedettoproductions.com\/?page_id=4587"]}]},{"@type":"BreadcrumbList","@id":"https:\/\/dibenedettoproductions.com\/?page_id=4587#breadcrumb","itemListElement":[{"@type":"ListItem","position":1,"name":"Home","item":"https:\/\/dibenedettoproductions.com\/"},{"@type":"ListItem","position":2,"name":"Tu Veneno"}]},{"@type":"WebSite","@id":"https:\/\/dibenedettoproductions.com\/#website","url":"https:\/\/dibenedettoproductions.com\/","name":"Di Benedetto Productions","description":"","publisher":{"@id":"https:\/\/dibenedettoproductions.com\/#organization"},"potentialAction":[{"@type":"SearchAction","target":{"@type":"EntryPoint","urlTemplate":"https:\/\/dibenedettoproductions.com\/?s={search_term_string}"},"query-input":"required name=search_term_string"}],"inLanguage":"it-IT"},{"@type":"Organization","@id":"https:\/\/dibenedettoproductions.com\/#organization","name":"DI BENEDETTO PRODUCTIONS","url":"https:\/\/dibenedettoproductions.com\/","sameAs":[],"logo":{"@type":"ImageObject","inLanguage":"it-IT","@id":"https:\/\/dibenedettoproductions.com\/#\/schema\/logo\/image\/","url":"https:\/\/dibenedettoproductions.com\/wp-content\/uploads\/2021\/09\/logo_di_benedetto_productions.jpg","contentUrl":"https:\/\/dibenedettoproductions.com\/wp-content\/uploads\/2021\/09\/logo_di_benedetto_productions.jpg","width":225,"height":225,"caption":"DI BENEDETTO PRODUCTIONS"},"image":{"@id":"https:\/\/dibenedettoproductions.com\/#\/schema\/logo\/image\/"}}]}},"_links":{"self":[{"href":"https:\/\/dibenedettoproductions.com\/index.php?rest_route=\/wp\/v2\/pages\/4587","targetHints":{"allow":["GET"]}}],"collection":[{"href":"https:\/\/dibenedettoproductions.com\/index.php?rest_route=\/wp\/v2\/pages"}],"about":[{"href":"https:\/\/dibenedettoproductions.com\/index.php?rest_route=\/wp\/v2\/types\/page"}],"author":[{"embeddable":true,"href":"https:\/\/dibenedettoproductions.com\/index.php?rest_route=\/wp\/v2\/users\/1"}],"replies":[{"embeddable":true,"href":"https:\/\/dibenedettoproductions.com\/index.php?rest_route=%2Fwp%2Fv2%2Fcomments&post=4587"}],"version-history":[{"count":7,"href":"https:\/\/dibenedettoproductions.com\/index.php?rest_route=\/wp\/v2\/pages\/4587\/revisions"}],"predecessor-version":[{"id":5998,"href":"https:\/\/dibenedettoproductions.com\/index.php?rest_route=\/wp\/v2\/pages\/4587\/revisions\/5998"}],"wp:attachment":[{"href":"https:\/\/dibenedettoproductions.com\/index.php?rest_route=%2Fwp%2Fv2%2Fmedia&parent=4587"}],"wp:term":[{"taxonomy":"category","embeddable":true,"href":"https:\/\/dibenedettoproductions.com\/index.php?rest_route=%2Fwp%2Fv2%2Fcategories&post=4587"},{"taxonomy":"post_tag","embeddable":true,"href":"https:\/\/dibenedettoproductions.com\/index.php?rest_route=%2Fwp%2Fv2%2Ftags&post=4587"}],"curies":[{"name":"wp","href":"https:\/\/api.w.org\/{rel}","templated":true}]}}