{"id":4570,"date":"2021-02-25T17:16:00","date_gmt":"2021-02-25T17:16:00","guid":{"rendered":"https:\/\/dibenedettoproductions.com\/?page_id=4570"},"modified":"2021-08-06T07:05:01","modified_gmt":"2021-08-06T07:05:01","slug":"real-para-mi","status":"publish","type":"page","link":"https:\/\/dibenedettoproductions.com\/?page_id=4570","title":{"rendered":"Real Para M\u00ed"},"content":{"rendered":"\t\t<div data-elementor-type=\"wp-page\" data-elementor-id=\"4570\" class=\"elementor elementor-4570\" data-elementor-settings=\"[]\">\n\t\t\t\t\t\t<div class=\"elementor-inner\">\n\t\t\t\t\t\t\t<div class=\"elementor-section-wrap\">\n\t\t\t\t\t\t\t<section class=\"elementor-section elementor-top-section elementor-element elementor-element-b5b05f5 elementor-section-stretched elementor-section-boxed elementor-section-height-default elementor-section-height-default\" data-id=\"b5b05f5\" data-element_type=\"section\" data-settings=\"{&quot;stretch_section&quot;:&quot;section-stretched&quot;,&quot;background_background&quot;:&quot;classic&quot;}\">\n\t\t\t\t\t\t<div class=\"elementor-container elementor-column-gap-default\">\n\t\t\t\t\t\t\t<div class=\"elementor-row\">\n\t\t\t\t\t<div class=\"elementor-column elementor-col-25 elementor-top-column elementor-element elementor-element-6c9a1c3\" data-id=\"6c9a1c3\" data-element_type=\"column\">\n\t\t\t<div class=\"elementor-column-wrap elementor-element-populated\">\n\t\t\t\t\t\t\t<div class=\"elementor-widget-wrap\">\n\t\t\t\t\t\t<div class=\"elementor-element elementor-element-4960912 elementor-align-center elementor-widget elementor-widget-button\" data-id=\"4960912\" data-element_type=\"widget\" data-widget_type=\"button.default\">\n\t\t\t\t<div class=\"elementor-widget-container\">\n\t\t\t\t\t<div class=\"elementor-button-wrapper\">\n\t\t\t<a href=\"https:\/\/open.spotify.com\/track\/2ocowTFvGynuKdbNKBuQ8B?si=houogA2fRVS-yHh2Qxcunw\" class=\"elementor-button-link elementor-button elementor-size-sm\" role=\"button\">\n\t\t\t\t\t\t<span class=\"elementor-button-content-wrapper\">\n\t\t\t\t\t\t<span class=\"elementor-button-text\">SPOTIFY<\/span>\n\t\t<\/span>\n\t\t\t\t\t<\/a>\n\t\t<\/div>\n\t\t\t\t<\/div>\n\t\t\t\t<\/div>\n\t\t\t\t\t\t<\/div>\n\t\t\t\t\t<\/div>\n\t\t<\/div>\n\t\t\t\t<div class=\"elementor-column elementor-col-25 elementor-top-column elementor-element elementor-element-60b0ae8\" data-id=\"60b0ae8\" data-element_type=\"column\">\n\t\t\t<div class=\"elementor-column-wrap elementor-element-populated\">\n\t\t\t\t\t\t\t<div class=\"elementor-widget-wrap\">\n\t\t\t\t\t\t<div class=\"elementor-element elementor-element-f14867b elementor-align-center elementor-widget elementor-widget-button\" data-id=\"f14867b\" data-element_type=\"widget\" data-widget_type=\"button.default\">\n\t\t\t\t<div class=\"elementor-widget-container\">\n\t\t\t\t\t<div class=\"elementor-button-wrapper\">\n\t\t\t<a href=\"https:\/\/music.apple.com\/us\/album\/real-para-m%C3%AD\/1389072024?i=1389073999%20\" class=\"elementor-button-link elementor-button elementor-size-sm\" role=\"button\">\n\t\t\t\t\t\t<span class=\"elementor-button-content-wrapper\">\n\t\t\t\t\t\t<span class=\"elementor-button-text\">APPLE MUSIC<\/span>\n\t\t<\/span>\n\t\t\t\t\t<\/a>\n\t\t<\/div>\n\t\t\t\t<\/div>\n\t\t\t\t<\/div>\n\t\t\t\t\t\t<\/div>\n\t\t\t\t\t<\/div>\n\t\t<\/div>\n\t\t\t\t<div class=\"elementor-column elementor-col-25 elementor-top-column elementor-element elementor-element-ace34e7\" data-id=\"ace34e7\" data-element_type=\"column\">\n\t\t\t<div class=\"elementor-column-wrap elementor-element-populated\">\n\t\t\t\t\t\t\t<div class=\"elementor-widget-wrap\">\n\t\t\t\t\t\t<div class=\"elementor-element elementor-element-221b60f elementor-align-center elementor-widget elementor-widget-button\" data-id=\"221b60f\" data-element_type=\"widget\" data-widget_type=\"button.default\">\n\t\t\t\t<div class=\"elementor-widget-container\">\n\t\t\t\t\t<div class=\"elementor-button-wrapper\">\n\t\t\t<a href=\"https:\/\/deezer.page.link\/F8U17DDyYuj7TPi57%20\" class=\"elementor-button-link elementor-button elementor-size-sm\" role=\"button\">\n\t\t\t\t\t\t<span class=\"elementor-button-content-wrapper\">\n\t\t\t\t\t\t<span class=\"elementor-button-text\">DEEZER<\/span>\n\t\t<\/span>\n\t\t\t\t\t<\/a>\n\t\t<\/div>\n\t\t\t\t<\/div>\n\t\t\t\t<\/div>\n\t\t\t\t\t\t<\/div>\n\t\t\t\t\t<\/div>\n\t\t<\/div>\n\t\t\t\t<div class=\"elementor-column elementor-col-25 elementor-top-column elementor-element elementor-element-60fc51d\" data-id=\"60fc51d\" data-element_type=\"column\">\n\t\t\t<div class=\"elementor-column-wrap elementor-element-populated\">\n\t\t\t\t\t\t\t<div class=\"elementor-widget-wrap\">\n\t\t\t\t\t\t<div class=\"elementor-element elementor-element-932157a elementor-align-center elementor-widget elementor-widget-button\" data-id=\"932157a\" data-element_type=\"widget\" data-widget_type=\"button.default\">\n\t\t\t\t<div class=\"elementor-widget-container\">\n\t\t\t\t\t<div class=\"elementor-button-wrapper\">\n\t\t\t<a href=\"https:\/\/music.amazon.com\/albums\/B07TDM64L2?trackAsin=B07TDL1QGR&#038;ref=dm_sh_070a-a400-dmcp-5d60-0c02a&#038;musicTerritory=US&#038;marketplaceId=ATVPDKIKX0DER%20\" class=\"elementor-button-link elementor-button elementor-size-sm\" role=\"button\">\n\t\t\t\t\t\t<span class=\"elementor-button-content-wrapper\">\n\t\t\t\t\t\t<span class=\"elementor-button-text\">AMAZON MUSIC<\/span>\n\t\t<\/span>\n\t\t\t\t\t<\/a>\n\t\t<\/div>\n\t\t\t\t<\/div>\n\t\t\t\t<\/div>\n\t\t\t\t\t\t<\/div>\n\t\t\t\t\t<\/div>\n\t\t<\/div>\n\t\t\t\t\t\t\t\t<\/div>\n\t\t\t\t\t<\/div>\n\t\t<\/section>\n\t\t\t\t<section class=\"elementor-section elementor-top-section elementor-element elementor-element-e3ec76f elementor-section-stretched elementor-section-boxed elementor-section-height-default elementor-section-height-default\" data-id=\"e3ec76f\" data-element_type=\"section\" data-settings=\"{&quot;stretch_section&quot;:&quot;section-stretched&quot;,&quot;background_background&quot;:&quot;classic&quot;}\">\n\t\t\t\t\t\t<div class=\"elementor-container elementor-column-gap-default\">\n\t\t\t\t\t\t\t<div class=\"elementor-row\">\n\t\t\t\t\t<div class=\"elementor-column elementor-col-100 elementor-top-column elementor-element elementor-element-9136aef\" data-id=\"9136aef\" data-element_type=\"column\">\n\t\t\t<div class=\"elementor-column-wrap elementor-element-populated\">\n\t\t\t\t\t\t\t<div class=\"elementor-widget-wrap\">\n\t\t\t\t\t\t<div class=\"elementor-element elementor-element-1a5326d elementor-widget elementor-widget-text-editor\" data-id=\"1a5326d\" data-element_type=\"widget\" data-widget_type=\"text-editor.default\">\n\t\t\t\t<div class=\"elementor-widget-container\">\n\t\t\t\t\t\t\t\t<div class=\"elementor-text-editor elementor-clearfix\">\n\t\t\t\t<div><p style=\"text-align: center;\"><span style=\"color: #ffffff;\">He he<\/span><\/p><p style=\"text-align: center;\"><span style=\"color: #ffffff;\">Ah ah<\/span><\/p><p style=\"text-align: center;\"><span style=\"color: #ffffff;\">Uh oh<\/span><\/p><p style=\"text-align: center;\"><span style=\"color: #ffffff;\">Ahhhhhh<\/span><\/p><p style=\"text-align: center;\"><span style=\"color: #ffffff;\">Amilkele<\/span><\/p><p style=\"text-align: center;\"><span style=\"color: #ffffff;\">Hoy sal\u00ed en busca de un beso<\/span><\/p><p style=\"text-align: center;\"><span style=\"color: #ffffff;\">Para olvidar tu recuerdo<\/span><\/p><p style=\"text-align: center;\"><span style=\"color: #ffffff;\">Porque de ti ya me canse<\/span><\/p><p style=\"text-align: center;\"><span style=\"color: #ffffff;\">Ya no quiero amores<\/span><\/p><p style=\"text-align: center;\"><span style=\"color: #ffffff;\">Ni m\u00e1s desilusiones<\/span><\/p><p style=\"text-align: center;\"><span style=\"color: #ffffff;\">Ya tu amor lo borre<\/span><\/p><p style=\"text-align: center;\"><span style=\"color: #ffffff;\">Ya no quiero m\u00e1s nada<\/span><\/p><p style=\"text-align: center;\"><span style=\"color: #ffffff;\">Que me haga recordarte a ti<\/span><\/p><p style=\"text-align: center;\"><span style=\"color: #ffffff;\">Lo que para ti era un juego<\/span><\/p><p style=\"text-align: center;\"><span style=\"color: #ffffff;\">Era real para m\u00ed<\/span><\/p><p style=\"text-align: center;\"><span style=\"color: #ffffff;\">Eh eh eh eh eh<\/span><\/p><p style=\"text-align: center;\"><span style=\"color: #ffffff;\">Eh eh eh eh eh<\/span><\/p><p style=\"text-align: center;\"><span style=\"color: #ffffff;\">Eh eh<\/span><\/p><p style=\"text-align: center;\"><span style=\"color: #ffffff;\">Lo que para ti era un juego<\/span><\/p><p style=\"text-align: center;\"><span style=\"color: #ffffff;\">Era real para m\u00ed<\/span><\/p><p style=\"text-align: center;\"><span style=\"color: #ffffff;\">Eh eh eh eh eh<\/span><\/p><p style=\"text-align: center;\"><span style=\"color: #ffffff;\">Eh eh eh eh eh<\/span><\/p><p style=\"text-align: center;\"><span style=\"color: #ffffff;\">Eh eh<\/span><\/p><p style=\"text-align: center;\"><span style=\"color: #ffffff;\">Lo que para ti era un juego<\/span><\/p><p style=\"text-align: center;\"><span style=\"color: #ffffff;\">Era real para m\u00ed<\/span><\/p><p style=\"text-align: center;\"><span style=\"color: #ffffff;\">T\u00fa jugaste conmigo y lo sab\u00edas<\/span><\/p><p style=\"text-align: center;\"><span style=\"color: #ffffff;\">Poco a poco destruiste lo que hab\u00eda en m\u00ed<\/span><\/p><p style=\"text-align: center;\"><span style=\"color: #ffffff;\">Y ahora no quiero saber nada<\/span><\/p><p style=\"text-align: center;\"><span style=\"color: #ffffff;\">Nada nada de ti<\/span><\/p><p style=\"text-align: center;\"><span style=\"color: #ffffff;\">Ahora buscare el amor en otra boca<\/span><\/p><p style=\"text-align: center;\"><span style=\"color: #ffffff;\">Alguien te dar\u00e1 lo que a ti te toca<\/span><\/p><p style=\"text-align: center;\"><span style=\"color: #ffffff;\">Jugaran contigo como tu conmigo<\/span><\/p><p style=\"text-align: center;\"><span style=\"color: #ffffff;\">Ese ser\u00e1 tu castigo baby<\/span><\/p><p style=\"text-align: center;\"><span style=\"color: #ffffff;\">Ya no quiero m\u00e1s nada<\/span><\/p><p style=\"text-align: center;\"><span style=\"color: #ffffff;\">Que me haga recordarte a ti<\/span><\/p><p style=\"text-align: center;\"><span style=\"color: #ffffff;\">Lo que para ti era un juego<\/span><\/p><p style=\"text-align: center;\"><span style=\"color: #ffffff;\">Era real para m\u00ed<\/span><\/p><p style=\"text-align: center;\"><span style=\"color: #ffffff;\">Eh eh eh eh eh<\/span><\/p><p style=\"text-align: center;\"><span style=\"color: #ffffff;\">Eh eh eh eh eh<\/span><\/p><p style=\"text-align: center;\"><span style=\"color: #ffffff;\">Eh eh<\/span><\/p><p style=\"text-align: center;\"><span style=\"color: #ffffff;\">Lo que para ti era un juego<\/span><\/p><p style=\"text-align: center;\"><span style=\"color: #ffffff;\">Era real para m\u00ed<\/span><\/p><p style=\"text-align: center;\"><span style=\"color: #ffffff;\">Eh eh eh eh eh<\/span><\/p><p style=\"text-align: center;\"><span style=\"color: #ffffff;\">Eh eh eh eh eh<\/span><\/p><p style=\"text-align: center;\"><span style=\"color: #ffffff;\">Eh eh<\/span><\/p><p style=\"text-align: center;\"><span style=\"color: #ffffff;\">Lo que para ti era un juego<\/span><\/p><p style=\"text-align: center;\"><span style=\"color: #ffffff;\">Era real para m\u00ed<\/span><\/p><p style=\"text-align: center;\"><span style=\"color: #ffffff;\">Ahora me llamas diciendo que me extra\u00f1as<\/span><\/p><p style=\"text-align: center;\"><span style=\"color: #ffffff;\">Pero es tarde ya<\/span><\/p><p style=\"text-align: center;\"><span style=\"color: #ffffff;\">Ya no me enga\u00f1as<\/span><\/p><p style=\"text-align: center;\"><span style=\"color: #ffffff;\">Si llamas y me dices que tus d\u00edas son grises<\/span><\/p><p style=\"text-align: center;\"><span style=\"color: #ffffff;\">Que no tienes amaneceres felices<\/span><\/p><p style=\"text-align: center;\"><span style=\"color: #ffffff;\">Nadie te da caf\u00e9 en la ma\u00f1ana<\/span><\/p><p style=\"text-align: center;\"><span style=\"color: #ffffff;\">Nadie te dice al o\u00eddo baby que te ama<\/span><\/p><p style=\"text-align: center;\"><span style=\"color: #ffffff;\">Nadie hace lo que el amor tu cuerpo enciende<\/span><\/p><p style=\"text-align: center;\"><span style=\"color: #ffffff;\">Y ya yo me canse que juegues a quererme<\/span><\/p><p style=\"text-align: center;\"><span style=\"color: #ffffff;\">Nadie sabe lo que tiene<\/span><\/p><p style=\"text-align: center;\"><span style=\"color: #ffffff;\">Hasta que lo pierde<\/span><\/p><p style=\"text-align: center;\"><span style=\"color: #ffffff;\">Viste tu final<\/span><\/p><p style=\"text-align: center;\"><span style=\"color: #ffffff;\">Tu vida en un vac\u00edo<\/span><\/p><p style=\"text-align: center;\"><span style=\"color: #ffffff;\">Y ahora quieres volver conmigo<\/span><\/p><p style=\"text-align: center;\"><span style=\"color: #ffffff;\">Ya no quiero m\u00e1s nada<\/span><\/p><p style=\"text-align: center;\"><span style=\"color: #ffffff;\">Que me haga recordarte a ti<\/span><\/p><p style=\"text-align: center;\"><span style=\"color: #ffffff;\">Lo que para ti era un juego<\/span><\/p><p style=\"text-align: center;\"><span style=\"color: #ffffff;\">Era real para m\u00ed<\/span><\/p><p style=\"text-align: center;\"><span style=\"color: #ffffff;\">Eh eh eh eh eh<\/span><\/p><p style=\"text-align: center;\"><span style=\"color: #ffffff;\">Eh eh eh eh eh<\/span><\/p><p style=\"text-align: center;\"><span style=\"color: #ffffff;\">Eh eh<\/span><\/p><p style=\"text-align: center;\"><span style=\"color: #ffffff;\">Lo que para ti era un juego<\/span><\/p><p style=\"text-align: center;\"><span style=\"color: #ffffff;\">Era real para m\u00ed<\/span><\/p><p style=\"text-align: center;\"><span style=\"color: #ffffff;\">Baby<\/span><\/p><p style=\"text-align: center;\"><span style=\"color: #ffffff;\">Es Amilkele el ministro<\/span><\/p><p style=\"text-align: center;\"><span style=\"color: #ffffff;\">Yo sin ti me siento listo<\/span><\/p><p style=\"text-align: center;\"><span style=\"color: #ffffff;\">D\u00edselo Unic livan pro<\/span><\/p><p style=\"text-align: center;\"><span style=\"color: #ffffff;\">Di Benedetto production<\/span><\/p><p style=\"text-align: center;\"><span style=\"color: #ffffff;\">Eh eh eh eh eh<\/span><\/p><p style=\"text-align: center;\"><span style=\"color: #ffffff;\">Eh eh eh eh eh<\/span><\/p><p style=\"text-align: center;\"><span style=\"color: #ffffff;\">Eh eh eh eh eh<\/span><\/p><p style=\"text-align: center;\"><span style=\"color: #ffffff;\">C\u00e9lula music<\/span><\/p><p style=\"text-align: center;\"><span style=\"color: #ffffff;\">Eh eh eh eh eh<\/span><\/p><p style=\"text-align: center;\"><span style=\"color: #ffffff;\">Eh eh eh eh eh<\/span><\/p><p style=\"text-align: center;\"><span style=\"color: #ffffff;\">Eh eh eh eh eh<\/span><\/p><p style=\"text-align: center;\"><span style=\"color: #ffffff;\">Eh eh eh eh eh<\/span><\/p><\/div>\t\t\t\t\t<\/div>\n\t\t\t\t\t\t<\/div>\n\t\t\t\t<\/div>\n\t\t\t\t\t\t<\/div>\n\t\t\t\t\t<\/div>\n\t\t<\/div>\n\t\t\t\t\t\t\t\t<\/div>\n\t\t\t\t\t<\/div>\n\t\t<\/section>\n\t\t\t\t\t\t<\/div>\n\t\t\t\t\t\t<\/div>\n\t\t\t\t\t<\/div>\n\t\t","protected":false},"excerpt":{"rendered":"<p>SPOTIFY APPLE MUSIC DEEZER AMAZON MUSIC He he Ah ah Uh oh Ahhhhhh Amilkele Hoy sal\u00ed en busca de un beso Para olvidar tu recuerdo Porque de ti ya me canse Ya no quiero amores Ni m\u00e1s desilusiones Ya tu amor lo borre Ya no quiero m\u00e1s nada Que me haga recordarte a ti Lo.<\/p>\n","protected":false},"author":1,"featured_media":0,"parent":0,"menu_order":0,"comment_status":"closed","ping_status":"closed","template":"","meta":{"footnotes":""},"categories":[42],"tags":[],"class_list":["post-4570","page","type-page","status-publish","hentry","category-testi"],"yoast_head":"<!-- This site is optimized with the Yoast SEO plugin v19.6.1 - https:\/\/yoast.com\/wordpress\/plugins\/seo\/ -->\n<title>Real Para M\u00ed - Di Benedetto Productions<\/title>\n<meta name=\"robots\" content=\"index, follow, max-snippet:-1, max-image-preview:large, max-video-preview:-1\" \/>\n<link rel=\"canonical\" href=\"https:\/\/dibenedettoproductions.com\/?page_id=4570\" \/>\n<meta property=\"og:locale\" content=\"it_IT\" \/>\n<meta property=\"og:type\" content=\"article\" \/>\n<meta property=\"og:title\" content=\"Real Para M\u00ed - Di Benedetto Productions\" \/>\n<meta property=\"og:description\" content=\"SPOTIFY APPLE MUSIC DEEZER AMAZON MUSIC He he Ah ah Uh oh Ahhhhhh Amilkele Hoy sal\u00ed en busca de un beso Para olvidar tu recuerdo Porque de ti ya me canse Ya no quiero amores Ni m\u00e1s desilusiones Ya tu amor lo borre Ya no quiero m\u00e1s nada Que me haga recordarte a ti Lo.\" \/>\n<meta property=\"og:url\" content=\"https:\/\/dibenedettoproductions.com\/?page_id=4570\" \/>\n<meta property=\"og:site_name\" content=\"Di Benedetto Productions\" \/>\n<meta property=\"article:modified_time\" content=\"2021-08-06T07:05:01+00:00\" \/>\n<meta name=\"twitter:card\" content=\"summary_large_image\" \/>\n<meta name=\"twitter:label1\" content=\"Tempo di lettura stimato\" \/>\n\t<meta name=\"twitter:data1\" content=\"2 minuti\" \/>\n<script type=\"application\/ld+json\" class=\"yoast-schema-graph\">{\"@context\":\"https:\/\/schema.org\",\"@graph\":[{\"@type\":\"WebPage\",\"@id\":\"https:\/\/dibenedettoproductions.com\/?page_id=4570\",\"url\":\"https:\/\/dibenedettoproductions.com\/?page_id=4570\",\"name\":\"Real Para M\u00ed - Di Benedetto Productions\",\"isPartOf\":{\"@id\":\"https:\/\/dibenedettoproductions.com\/#website\"},\"datePublished\":\"2021-02-25T17:16:00+00:00\",\"dateModified\":\"2021-08-06T07:05:01+00:00\",\"breadcrumb\":{\"@id\":\"https:\/\/dibenedettoproductions.com\/?page_id=4570#breadcrumb\"},\"inLanguage\":\"it-IT\",\"potentialAction\":[{\"@type\":\"ReadAction\",\"target\":[\"https:\/\/dibenedettoproductions.com\/?page_id=4570\"]}]},{\"@type\":\"BreadcrumbList\",\"@id\":\"https:\/\/dibenedettoproductions.com\/?page_id=4570#breadcrumb\",\"itemListElement\":[{\"@type\":\"ListItem\",\"position\":1,\"name\":\"Home\",\"item\":\"https:\/\/dibenedettoproductions.com\/\"},{\"@type\":\"ListItem\",\"position\":2,\"name\":\"Real Para M\u00ed\"}]},{\"@type\":\"WebSite\",\"@id\":\"https:\/\/dibenedettoproductions.com\/#website\",\"url\":\"https:\/\/dibenedettoproductions.com\/\",\"name\":\"Di Benedetto Productions\",\"description\":\"\",\"publisher\":{\"@id\":\"https:\/\/dibenedettoproductions.com\/#organization\"},\"potentialAction\":[{\"@type\":\"SearchAction\",\"target\":{\"@type\":\"EntryPoint\",\"urlTemplate\":\"https:\/\/dibenedettoproductions.com\/?s={search_term_string}\"},\"query-input\":\"required name=search_term_string\"}],\"inLanguage\":\"it-IT\"},{\"@type\":\"Organization\",\"@id\":\"https:\/\/dibenedettoproductions.com\/#organization\",\"name\":\"DI BENEDETTO PRODUCTIONS\",\"url\":\"https:\/\/dibenedettoproductions.com\/\",\"sameAs\":[],\"logo\":{\"@type\":\"ImageObject\",\"inLanguage\":\"it-IT\",\"@id\":\"https:\/\/dibenedettoproductions.com\/#\/schema\/logo\/image\/\",\"url\":\"https:\/\/dibenedettoproductions.com\/wp-content\/uploads\/2021\/09\/logo_di_benedetto_productions.jpg\",\"contentUrl\":\"https:\/\/dibenedettoproductions.com\/wp-content\/uploads\/2021\/09\/logo_di_benedetto_productions.jpg\",\"width\":225,\"height\":225,\"caption\":\"DI BENEDETTO PRODUCTIONS\"},\"image\":{\"@id\":\"https:\/\/dibenedettoproductions.com\/#\/schema\/logo\/image\/\"}}]}<\/script>\n<!-- \/ Yoast SEO plugin. -->","yoast_head_json":{"title":"Real Para M\u00ed - Di Benedetto Productions","robots":{"index":"index","follow":"follow","max-snippet":"max-snippet:-1","max-image-preview":"max-image-preview:large","max-video-preview":"max-video-preview:-1"},"canonical":"https:\/\/dibenedettoproductions.com\/?page_id=4570","og_locale":"it_IT","og_type":"article","og_title":"Real Para M\u00ed - Di Benedetto Productions","og_description":"SPOTIFY APPLE MUSIC DEEZER AMAZON MUSIC He he Ah ah Uh oh Ahhhhhh Amilkele Hoy sal\u00ed en busca de un beso Para olvidar tu recuerdo Porque de ti ya me canse Ya no quiero amores Ni m\u00e1s desilusiones Ya tu amor lo borre Ya no quiero m\u00e1s nada Que me haga recordarte a ti Lo.","og_url":"https:\/\/dibenedettoproductions.com\/?page_id=4570","og_site_name":"Di Benedetto Productions","article_modified_time":"2021-08-06T07:05:01+00:00","twitter_card":"summary_large_image","twitter_misc":{"Tempo di lettura stimato":"2 minuti"},"schema":{"@context":"https:\/\/schema.org","@graph":[{"@type":"WebPage","@id":"https:\/\/dibenedettoproductions.com\/?page_id=4570","url":"https:\/\/dibenedettoproductions.com\/?page_id=4570","name":"Real Para M\u00ed - Di Benedetto Productions","isPartOf":{"@id":"https:\/\/dibenedettoproductions.com\/#website"},"datePublished":"2021-02-25T17:16:00+00:00","dateModified":"2021-08-06T07:05:01+00:00","breadcrumb":{"@id":"https:\/\/dibenedettoproductions.com\/?page_id=4570#breadcrumb"},"inLanguage":"it-IT","potentialAction":[{"@type":"ReadAction","target":["https:\/\/dibenedettoproductions.com\/?page_id=4570"]}]},{"@type":"BreadcrumbList","@id":"https:\/\/dibenedettoproductions.com\/?page_id=4570#breadcrumb","itemListElement":[{"@type":"ListItem","position":1,"name":"Home","item":"https:\/\/dibenedettoproductions.com\/"},{"@type":"ListItem","position":2,"name":"Real Para M\u00ed"}]},{"@type":"WebSite","@id":"https:\/\/dibenedettoproductions.com\/#website","url":"https:\/\/dibenedettoproductions.com\/","name":"Di Benedetto Productions","description":"","publisher":{"@id":"https:\/\/dibenedettoproductions.com\/#organization"},"potentialAction":[{"@type":"SearchAction","target":{"@type":"EntryPoint","urlTemplate":"https:\/\/dibenedettoproductions.com\/?s={search_term_string}"},"query-input":"required name=search_term_string"}],"inLanguage":"it-IT"},{"@type":"Organization","@id":"https:\/\/dibenedettoproductions.com\/#organization","name":"DI BENEDETTO PRODUCTIONS","url":"https:\/\/dibenedettoproductions.com\/","sameAs":[],"logo":{"@type":"ImageObject","inLanguage":"it-IT","@id":"https:\/\/dibenedettoproductions.com\/#\/schema\/logo\/image\/","url":"https:\/\/dibenedettoproductions.com\/wp-content\/uploads\/2021\/09\/logo_di_benedetto_productions.jpg","contentUrl":"https:\/\/dibenedettoproductions.com\/wp-content\/uploads\/2021\/09\/logo_di_benedetto_productions.jpg","width":225,"height":225,"caption":"DI BENEDETTO PRODUCTIONS"},"image":{"@id":"https:\/\/dibenedettoproductions.com\/#\/schema\/logo\/image\/"}}]}},"_links":{"self":[{"href":"https:\/\/dibenedettoproductions.com\/index.php?rest_route=\/wp\/v2\/pages\/4570","targetHints":{"allow":["GET"]}}],"collection":[{"href":"https:\/\/dibenedettoproductions.com\/index.php?rest_route=\/wp\/v2\/pages"}],"about":[{"href":"https:\/\/dibenedettoproductions.com\/index.php?rest_route=\/wp\/v2\/types\/page"}],"author":[{"embeddable":true,"href":"https:\/\/dibenedettoproductions.com\/index.php?rest_route=\/wp\/v2\/users\/1"}],"replies":[{"embeddable":true,"href":"https:\/\/dibenedettoproductions.com\/index.php?rest_route=%2Fwp%2Fv2%2Fcomments&post=4570"}],"version-history":[{"count":7,"href":"https:\/\/dibenedettoproductions.com\/index.php?rest_route=\/wp\/v2\/pages\/4570\/revisions"}],"predecessor-version":[{"id":5881,"href":"https:\/\/dibenedettoproductions.com\/index.php?rest_route=\/wp\/v2\/pages\/4570\/revisions\/5881"}],"wp:attachment":[{"href":"https:\/\/dibenedettoproductions.com\/index.php?rest_route=%2Fwp%2Fv2%2Fmedia&parent=4570"}],"wp:term":[{"taxonomy":"category","embeddable":true,"href":"https:\/\/dibenedettoproductions.com\/index.php?rest_route=%2Fwp%2Fv2%2Fcategories&post=4570"},{"taxonomy":"post_tag","embeddable":true,"href":"https:\/\/dibenedettoproductions.com\/index.php?rest_route=%2Fwp%2Fv2%2Ftags&post=4570"}],"curies":[{"name":"wp","href":"https:\/\/api.w.org\/{rel}","templated":true}]}}