{"id":4559,"date":"2021-02-25T17:12:25","date_gmt":"2021-02-25T17:12:25","guid":{"rendered":"https:\/\/dibenedettoproductions.com\/?page_id=4559"},"modified":"2021-08-05T15:18:13","modified_gmt":"2021-08-05T15:18:13","slug":"machuka","status":"publish","type":"page","link":"https:\/\/dibenedettoproductions.com\/?page_id=4559","title":{"rendered":"Machuka"},"content":{"rendered":"\t\t<div data-elementor-type=\"wp-page\" data-elementor-id=\"4559\" class=\"elementor elementor-4559\" data-elementor-settings=\"[]\">\n\t\t\t\t\t\t<div class=\"elementor-inner\">\n\t\t\t\t\t\t\t<div class=\"elementor-section-wrap\">\n\t\t\t\t\t\t\t<section class=\"elementor-section elementor-top-section elementor-element elementor-element-b664424 elementor-section-stretched elementor-section-boxed elementor-section-height-default elementor-section-height-default\" data-id=\"b664424\" data-element_type=\"section\" data-settings=\"{&quot;stretch_section&quot;:&quot;section-stretched&quot;,&quot;background_background&quot;:&quot;classic&quot;}\">\n\t\t\t\t\t\t<div class=\"elementor-container elementor-column-gap-default\">\n\t\t\t\t\t\t\t<div class=\"elementor-row\">\n\t\t\t\t\t<div class=\"elementor-column elementor-col-25 elementor-top-column elementor-element elementor-element-e269727\" data-id=\"e269727\" data-element_type=\"column\">\n\t\t\t<div class=\"elementor-column-wrap elementor-element-populated\">\n\t\t\t\t\t\t\t<div class=\"elementor-widget-wrap\">\n\t\t\t\t\t\t<div class=\"elementor-element elementor-element-c9a5813 elementor-align-center elementor-widget elementor-widget-button\" data-id=\"c9a5813\" data-element_type=\"widget\" data-widget_type=\"button.default\">\n\t\t\t\t<div class=\"elementor-widget-container\">\n\t\t\t\t\t<div class=\"elementor-button-wrapper\">\n\t\t\t<a href=\"https:\/\/open.spotify.com\/track\/5FPeFExicjgsVB5QNWJ6pf?si=5YBZEkf7SaO91nkgT-HWDg%20\" class=\"elementor-button-link elementor-button elementor-size-sm\" role=\"button\">\n\t\t\t\t\t\t<span class=\"elementor-button-content-wrapper\">\n\t\t\t\t\t\t<span class=\"elementor-button-text\">SPOTIFY<\/span>\n\t\t<\/span>\n\t\t\t\t\t<\/a>\n\t\t<\/div>\n\t\t\t\t<\/div>\n\t\t\t\t<\/div>\n\t\t\t\t\t\t<\/div>\n\t\t\t\t\t<\/div>\n\t\t<\/div>\n\t\t\t\t<div class=\"elementor-column elementor-col-25 elementor-top-column elementor-element elementor-element-fb9327a\" data-id=\"fb9327a\" data-element_type=\"column\">\n\t\t\t<div class=\"elementor-column-wrap elementor-element-populated\">\n\t\t\t\t\t\t\t<div class=\"elementor-widget-wrap\">\n\t\t\t\t\t\t<div class=\"elementor-element elementor-element-59b0eed elementor-align-center elementor-widget elementor-widget-button\" data-id=\"59b0eed\" data-element_type=\"widget\" data-widget_type=\"button.default\">\n\t\t\t\t<div class=\"elementor-widget-container\">\n\t\t\t\t\t<div class=\"elementor-button-wrapper\">\n\t\t\t<a href=\"https:\/\/music.apple.com\/us\/album\/machuka\/1448523372?i=1448523373%20\" class=\"elementor-button-link elementor-button elementor-size-sm\" role=\"button\">\n\t\t\t\t\t\t<span class=\"elementor-button-content-wrapper\">\n\t\t\t\t\t\t<span class=\"elementor-button-text\">APPLE MUSIC<\/span>\n\t\t<\/span>\n\t\t\t\t\t<\/a>\n\t\t<\/div>\n\t\t\t\t<\/div>\n\t\t\t\t<\/div>\n\t\t\t\t\t\t<\/div>\n\t\t\t\t\t<\/div>\n\t\t<\/div>\n\t\t\t\t<div class=\"elementor-column elementor-col-25 elementor-top-column elementor-element elementor-element-59a049f\" data-id=\"59a049f\" data-element_type=\"column\">\n\t\t\t<div class=\"elementor-column-wrap elementor-element-populated\">\n\t\t\t\t\t\t\t<div class=\"elementor-widget-wrap\">\n\t\t\t\t\t\t<div class=\"elementor-element elementor-element-b14fe16 elementor-align-center elementor-widget elementor-widget-button\" data-id=\"b14fe16\" data-element_type=\"widget\" data-widget_type=\"button.default\">\n\t\t\t\t<div class=\"elementor-widget-container\">\n\t\t\t\t\t<div class=\"elementor-button-wrapper\">\n\t\t\t<a href=\"https:\/\/deezer.page.link\/JiRsBCsK59WCn4SG7%20\" class=\"elementor-button-link elementor-button elementor-size-sm\" role=\"button\">\n\t\t\t\t\t\t<span class=\"elementor-button-content-wrapper\">\n\t\t\t\t\t\t<span class=\"elementor-button-text\">DEEZER<\/span>\n\t\t<\/span>\n\t\t\t\t\t<\/a>\n\t\t<\/div>\n\t\t\t\t<\/div>\n\t\t\t\t<\/div>\n\t\t\t\t\t\t<\/div>\n\t\t\t\t\t<\/div>\n\t\t<\/div>\n\t\t\t\t<div class=\"elementor-column elementor-col-25 elementor-top-column elementor-element elementor-element-b49d04b\" data-id=\"b49d04b\" data-element_type=\"column\">\n\t\t\t<div class=\"elementor-column-wrap elementor-element-populated\">\n\t\t\t\t\t\t\t<div class=\"elementor-widget-wrap\">\n\t\t\t\t\t\t<div class=\"elementor-element elementor-element-15929e2 elementor-align-center elementor-widget elementor-widget-button\" data-id=\"15929e2\" data-element_type=\"widget\" data-widget_type=\"button.default\">\n\t\t\t\t<div class=\"elementor-widget-container\">\n\t\t\t\t\t<div class=\"elementor-button-wrapper\">\n\t\t\t<a href=\"https:\/\/music.amazon.com\/albums\/B07PN5RYYH?trackAsin=B07PM86TS2&#038;ref=dm_sh_a2f8-0e62-dmcp-5219-00be3&#038;musicTerritory=US&#038;marketplaceId=ATVPDKIKX0DER%20\" class=\"elementor-button-link elementor-button elementor-size-sm\" role=\"button\">\n\t\t\t\t\t\t<span class=\"elementor-button-content-wrapper\">\n\t\t\t\t\t\t<span class=\"elementor-button-text\">AMAZON MUSIC<\/span>\n\t\t<\/span>\n\t\t\t\t\t<\/a>\n\t\t<\/div>\n\t\t\t\t<\/div>\n\t\t\t\t<\/div>\n\t\t\t\t\t\t<\/div>\n\t\t\t\t\t<\/div>\n\t\t<\/div>\n\t\t\t\t\t\t\t\t<\/div>\n\t\t\t\t\t<\/div>\n\t\t<\/section>\n\t\t\t\t<section class=\"elementor-section elementor-top-section elementor-element elementor-element-83a3aa4 elementor-section-stretched elementor-section-boxed elementor-section-height-default elementor-section-height-default\" data-id=\"83a3aa4\" data-element_type=\"section\" data-settings=\"{&quot;stretch_section&quot;:&quot;section-stretched&quot;,&quot;background_background&quot;:&quot;classic&quot;}\">\n\t\t\t\t\t\t<div class=\"elementor-container elementor-column-gap-default\">\n\t\t\t\t\t\t\t<div class=\"elementor-row\">\n\t\t\t\t\t<div class=\"elementor-column elementor-col-100 elementor-top-column elementor-element elementor-element-032a686\" data-id=\"032a686\" data-element_type=\"column\">\n\t\t\t<div class=\"elementor-column-wrap elementor-element-populated\">\n\t\t\t\t\t\t\t<div class=\"elementor-widget-wrap\">\n\t\t\t\t\t\t<div class=\"elementor-element elementor-element-b142e86 elementor-widget elementor-widget-text-editor\" data-id=\"b142e86\" data-element_type=\"widget\" data-widget_type=\"text-editor.default\">\n\t\t\t\t<div class=\"elementor-widget-container\">\n\t\t\t\t\t\t\t\t<div class=\"elementor-text-editor elementor-clearfix\">\n\t\t\t\t<div><p style=\"text-align: center;\"><span style=\"color: #ffffff;\">Que rico la pasamo anoche noche<\/span><\/p><p style=\"text-align: center;\"><span style=\"color: #ffffff;\">Oeo oeo o<\/span><\/p><p style=\"text-align: center;\"><span style=\"color: #ffffff;\">Que rico la pasamo anoche noche<\/span><\/p><p style=\"text-align: center;\"><span style=\"color: #ffffff;\">Na na na na na na na na<\/span><\/p><p style=\"text-align: center;\"><span style=\"color: #ffffff;\">Amilkele<\/span><\/p><p style=\"text-align: center;\"><span style=\"color: #ffffff;\">The minister<\/span><\/p><p style=\"text-align: center;\"><span style=\"color: #ffffff;\">Cambiando el juego ma<\/span><\/p><p style=\"text-align: center;\"><span style=\"color: #ffffff;\">Que rico la pasamo anoche noche<\/span><\/p><p style=\"text-align: center;\"><span style=\"color: #ffffff;\">Puro derroche<\/span><\/p><p style=\"text-align: center;\"><span style=\"color: #ffffff;\">Hasta el amanecer<\/span><\/p><p style=\"text-align: center;\"><span style=\"color: #ffffff;\">Que rico la pasamo anoche noche<\/span><\/p><p style=\"text-align: center;\"><span style=\"color: #ffffff;\">Puro derroche<\/span><\/p><p style=\"text-align: center;\"><span style=\"color: #ffffff;\">Hasta el amanecer<\/span><\/p><p style=\"text-align: center;\"><span style=\"color: #ffffff;\">Machuca machuca machuca<\/span><\/p><p style=\"text-align: center;\"><span style=\"color: #ffffff;\">Machuca machuca machuca<\/span><\/p><p style=\"text-align: center;\"><span style=\"color: #ffffff;\">Machuca machuca machuca<\/span><\/p><p style=\"text-align: center;\"><span style=\"color: #ffffff;\">Que hoy de nuevo se disfruta<\/span><\/p><p style=\"text-align: center;\"><span style=\"color: #ffffff;\">Machuca machuca machuca<\/span><\/p><p style=\"text-align: center;\"><span style=\"color: #ffffff;\">Machuca machuca machuca<\/span><\/p><p style=\"text-align: center;\"><span style=\"color: #ffffff;\">Machuca machuca machuca<\/span><\/p><p style=\"text-align: center;\"><span style=\"color: #ffffff;\">Que hoy de nuevo se disfruta<\/span><\/p><p style=\"text-align: center;\"><span style=\"color: #ffffff;\">Puro derroche<\/span><\/p><p style=\"text-align: center;\"><span style=\"color: #ffffff;\">La noche de anoche<\/span><\/p><p style=\"text-align: center;\"><span style=\"color: #ffffff;\">Pasamos el rato los cuatro en el coche<\/span><\/p><p style=\"text-align: center;\"><span style=\"color: #ffffff;\">No hubo reproche y cerramos de broche<\/span><\/p><p style=\"text-align: center;\"><span style=\"color: #ffffff;\">Dimos una vuelta por toda la habana<\/span><\/p><p style=\"text-align: center;\"><span style=\"color: #ffffff;\">Tu yo luego tu hermana<\/span><\/p><p style=\"text-align: center;\"><span style=\"color: #ffffff;\">Fuimos buscamos a mi pana<\/span><\/p><p style=\"text-align: center;\"><span style=\"color: #ffffff;\">Full party<\/span><\/p><p style=\"text-align: center;\"><span style=\"color: #ffffff;\">Pero a la ma\u00f1ana<\/span><\/p><p style=\"text-align: center;\"><span style=\"color: #ffffff;\">No no no<\/span><\/p><p style=\"text-align: center;\"><span style=\"color: #ffffff;\">No me digas que no<\/span><\/p><p style=\"text-align: center;\"><span style=\"color: #ffffff;\">No no no<\/span><\/p><p style=\"text-align: center;\"><span style=\"color: #ffffff;\">Yo se que te gusto<\/span><\/p><p style=\"text-align: center;\"><span style=\"color: #ffffff;\">No no no<\/span><\/p><p style=\"text-align: center;\"><span style=\"color: #ffffff;\">No me digas que no<\/span><\/p><p style=\"text-align: center;\"><span style=\"color: #ffffff;\">No no no<\/span><\/p><p style=\"text-align: center;\"><span style=\"color: #ffffff;\">Yo se que te gusto<\/span><\/p><p style=\"text-align: center;\"><span style=\"color: #ffffff;\">Machuca machuca machuca<\/span><\/p><p style=\"text-align: center;\"><span style=\"color: #ffffff;\">Machuca machuca machuca<\/span><\/p><p style=\"text-align: center;\"><span style=\"color: #ffffff;\">Machuca machuca machuca<\/span><\/p><p style=\"text-align: center;\"><span style=\"color: #ffffff;\">Que hoy de nuevo se disfruta<\/span><\/p><p style=\"text-align: center;\"><span style=\"color: #ffffff;\">Machuca machuca machuca<\/span><\/p><p style=\"text-align: center;\"><span style=\"color: #ffffff;\">Machuca machuca machuca<\/span><\/p><p style=\"text-align: center;\"><span style=\"color: #ffffff;\">Machuca machuca machuca<\/span><\/p><p style=\"text-align: center;\"><span style=\"color: #ffffff;\">Que hoy de nuevo se disfruta<\/span><\/p><p style=\"text-align: center;\"><span style=\"color: #ffffff;\">Dale que nos fuimos de fiesta<\/span><\/p><p style=\"text-align: center;\"><span style=\"color: #ffffff;\">Y si tus amigas se prestan<\/span><\/p><p style=\"text-align: center;\"><span style=\"color: #ffffff;\">Formamos un party llegamos hasta Bari hasta que amanezca<\/span><\/p><p style=\"text-align: center;\"><span style=\"color: #ffffff;\">Y vamo ha hacerlo as\u00ed<\/span><\/p><p style=\"text-align: center;\"><span style=\"color: #ffffff;\">T\u00fa conmigo te quieres venir as\u00ed as\u00ed<\/span><\/p><p style=\"text-align: center;\"><span style=\"color: #ffffff;\">Ven y saca lo mejor de m\u00ed<\/span><\/p><p style=\"text-align: center;\"><span style=\"color: #ffffff;\">Y vamo a hacerlo as\u00ed<\/span><\/p><p style=\"text-align: center;\"><span style=\"color: #ffffff;\">T\u00fa conmigo te quieres venir as\u00ed as\u00ed<\/span><\/p><p style=\"text-align: center;\"><span style=\"color: #ffffff;\">Ven y saca lo mejor de m\u00ed<\/span><\/p><p style=\"text-align: center;\"><span style=\"color: #ffffff;\">Que rico la pasamo anoche noche<\/span><\/p><p style=\"text-align: center;\"><span style=\"color: #ffffff;\">Puro derroche<\/span><\/p><p style=\"text-align: center;\"><span style=\"color: #ffffff;\">Hasta el amanecer<\/span><\/p><p style=\"text-align: center;\"><span style=\"color: #ffffff;\">Que rico la pasamo anoche noche<\/span><\/p><p style=\"text-align: center;\"><span style=\"color: #ffffff;\">Puro derroche<\/span><\/p><p style=\"text-align: center;\"><span style=\"color: #ffffff;\">Hasta el amanecer<\/span><\/p><p style=\"text-align: center;\"><span style=\"color: #ffffff;\">Machuca machuca machuca<\/span><\/p><p style=\"text-align: center;\"><span style=\"color: #ffffff;\">Machuca machuca machuca<\/span><\/p><p style=\"text-align: center;\"><span style=\"color: #ffffff;\">Machuca machuca machuca<\/span><\/p><p style=\"text-align: center;\"><span style=\"color: #ffffff;\">Que hoy de nuevo se disfruta<\/span><\/p><p style=\"text-align: center;\"><span style=\"color: #ffffff;\">Machuca machuca machuca<\/span><\/p><p style=\"text-align: center;\"><span style=\"color: #ffffff;\">Machuca machuca machuca<\/span><\/p><p style=\"text-align: center;\"><span style=\"color: #ffffff;\">Machuca machuca machuca<\/span><\/p><p style=\"text-align: center;\"><span style=\"color: #ffffff;\">Que hoy de nuevo se disfruta<\/span><\/p><p style=\"text-align: center;\"><span style=\"color: #ffffff;\">Machuca machuca machuca<\/span><\/p><p style=\"text-align: center;\"><span style=\"color: #ffffff;\">D\u00edselo killer<\/span><\/p><p style=\"text-align: center;\"><span style=\"color: #ffffff;\">C\u00e9lula music<\/span><\/p><p style=\"text-align: center;\"><span style=\"color: #ffffff;\">Que rico la pasamo<\/span><\/p><p style=\"text-align: center;\"><span style=\"color: #ffffff;\">Dj Unic Livan Pro<\/span><\/p><p style=\"text-align: center;\"><span style=\"color: #ffffff;\">Machuca machuca machuca<\/span><\/p><p style=\"text-align: center;\"><span style=\"color: #ffffff;\">Amilkele<\/span><\/p><p style=\"text-align: center;\"><span style=\"color: #ffffff;\">Hasta el amanecer<\/span><\/p><p style=\"text-align: center;\"><span style=\"color: #ffffff;\">Baby<\/span><\/p><p style=\"text-align: center;\"><span style=\"color: #ffffff;\">Sigue machuc\u00e1ndome<\/span><\/p><p style=\"text-align: center;\"><span style=\"color: #ffffff;\">Paradigma<\/span><\/p><p style=\"text-align: center;\"><span style=\"color: #ffffff;\">Esto es otro nivel de trap<\/span><\/p><p style=\"text-align: center;\"><span style=\"color: #ffffff;\">Amilkele the minister<\/span><\/p><p style=\"text-align: center;\"><span style=\"color: #ffffff;\">Di Benedetto production<\/span><\/p><p style=\"text-align: center;\"><span style=\"color: #ffffff;\">Nova music<\/span><\/p><p style=\"text-align: center;\"><span style=\"color: #ffffff;\">Franki boy<\/span><\/p><p style=\"text-align: center;\"><span style=\"color: #ffffff;\">Hasta el amanecer<\/span><\/p><\/div>\t\t\t\t\t<\/div>\n\t\t\t\t\t\t<\/div>\n\t\t\t\t<\/div>\n\t\t\t\t\t\t<\/div>\n\t\t\t\t\t<\/div>\n\t\t<\/div>\n\t\t\t\t\t\t\t\t<\/div>\n\t\t\t\t\t<\/div>\n\t\t<\/section>\n\t\t\t\t\t\t<\/div>\n\t\t\t\t\t\t<\/div>\n\t\t\t\t\t<\/div>\n\t\t","protected":false},"excerpt":{"rendered":"<p>SPOTIFY APPLE MUSIC DEEZER AMAZON MUSIC Que rico la pasamo anoche noche Oeo oeo o Que rico la pasamo anoche noche Na na na na na na na na Amilkele The minister Cambiando el juego ma Que rico la pasamo anoche noche Puro derroche Hasta el amanecer Que rico la pasamo anoche noche Puro derroche.<\/p>\n","protected":false},"author":1,"featured_media":0,"parent":0,"menu_order":0,"comment_status":"closed","ping_status":"closed","template":"","meta":{"footnotes":""},"categories":[42],"tags":[],"class_list":["post-4559","page","type-page","status-publish","hentry","category-testi"],"yoast_head":"<!-- This site is optimized with the Yoast SEO plugin v19.6.1 - https:\/\/yoast.com\/wordpress\/plugins\/seo\/ -->\n<title>Machuka - Di Benedetto Productions<\/title>\n<meta name=\"robots\" content=\"index, follow, max-snippet:-1, max-image-preview:large, max-video-preview:-1\" \/>\n<link rel=\"canonical\" href=\"https:\/\/dibenedettoproductions.com\/?page_id=4559\" \/>\n<meta property=\"og:locale\" content=\"it_IT\" \/>\n<meta property=\"og:type\" content=\"article\" \/>\n<meta property=\"og:title\" content=\"Machuka - Di Benedetto Productions\" \/>\n<meta property=\"og:description\" content=\"SPOTIFY APPLE MUSIC DEEZER AMAZON MUSIC Que rico la pasamo anoche noche Oeo oeo o Que rico la pasamo anoche noche Na na na na na na na na Amilkele The minister Cambiando el juego ma Que rico la pasamo anoche noche Puro derroche Hasta el amanecer Que rico la pasamo anoche noche Puro derroche.\" \/>\n<meta property=\"og:url\" content=\"https:\/\/dibenedettoproductions.com\/?page_id=4559\" \/>\n<meta property=\"og:site_name\" content=\"Di Benedetto Productions\" \/>\n<meta property=\"article:modified_time\" content=\"2021-08-05T15:18:13+00:00\" \/>\n<meta name=\"twitter:card\" content=\"summary_large_image\" \/>\n<meta name=\"twitter:label1\" content=\"Tempo di lettura stimato\" \/>\n\t<meta name=\"twitter:data1\" content=\"1 minuto\" \/>\n<script type=\"application\/ld+json\" class=\"yoast-schema-graph\">{\"@context\":\"https:\/\/schema.org\",\"@graph\":[{\"@type\":\"WebPage\",\"@id\":\"https:\/\/dibenedettoproductions.com\/?page_id=4559\",\"url\":\"https:\/\/dibenedettoproductions.com\/?page_id=4559\",\"name\":\"Machuka - Di Benedetto Productions\",\"isPartOf\":{\"@id\":\"https:\/\/dibenedettoproductions.com\/#website\"},\"datePublished\":\"2021-02-25T17:12:25+00:00\",\"dateModified\":\"2021-08-05T15:18:13+00:00\",\"breadcrumb\":{\"@id\":\"https:\/\/dibenedettoproductions.com\/?page_id=4559#breadcrumb\"},\"inLanguage\":\"it-IT\",\"potentialAction\":[{\"@type\":\"ReadAction\",\"target\":[\"https:\/\/dibenedettoproductions.com\/?page_id=4559\"]}]},{\"@type\":\"BreadcrumbList\",\"@id\":\"https:\/\/dibenedettoproductions.com\/?page_id=4559#breadcrumb\",\"itemListElement\":[{\"@type\":\"ListItem\",\"position\":1,\"name\":\"Home\",\"item\":\"https:\/\/dibenedettoproductions.com\/\"},{\"@type\":\"ListItem\",\"position\":2,\"name\":\"Machuka\"}]},{\"@type\":\"WebSite\",\"@id\":\"https:\/\/dibenedettoproductions.com\/#website\",\"url\":\"https:\/\/dibenedettoproductions.com\/\",\"name\":\"Di Benedetto Productions\",\"description\":\"\",\"publisher\":{\"@id\":\"https:\/\/dibenedettoproductions.com\/#organization\"},\"potentialAction\":[{\"@type\":\"SearchAction\",\"target\":{\"@type\":\"EntryPoint\",\"urlTemplate\":\"https:\/\/dibenedettoproductions.com\/?s={search_term_string}\"},\"query-input\":\"required name=search_term_string\"}],\"inLanguage\":\"it-IT\"},{\"@type\":\"Organization\",\"@id\":\"https:\/\/dibenedettoproductions.com\/#organization\",\"name\":\"DI BENEDETTO PRODUCTIONS\",\"url\":\"https:\/\/dibenedettoproductions.com\/\",\"sameAs\":[],\"logo\":{\"@type\":\"ImageObject\",\"inLanguage\":\"it-IT\",\"@id\":\"https:\/\/dibenedettoproductions.com\/#\/schema\/logo\/image\/\",\"url\":\"https:\/\/dibenedettoproductions.com\/wp-content\/uploads\/2021\/09\/logo_di_benedetto_productions.jpg\",\"contentUrl\":\"https:\/\/dibenedettoproductions.com\/wp-content\/uploads\/2021\/09\/logo_di_benedetto_productions.jpg\",\"width\":225,\"height\":225,\"caption\":\"DI BENEDETTO PRODUCTIONS\"},\"image\":{\"@id\":\"https:\/\/dibenedettoproductions.com\/#\/schema\/logo\/image\/\"}}]}<\/script>\n<!-- \/ Yoast SEO plugin. -->","yoast_head_json":{"title":"Machuka - Di Benedetto Productions","robots":{"index":"index","follow":"follow","max-snippet":"max-snippet:-1","max-image-preview":"max-image-preview:large","max-video-preview":"max-video-preview:-1"},"canonical":"https:\/\/dibenedettoproductions.com\/?page_id=4559","og_locale":"it_IT","og_type":"article","og_title":"Machuka - Di Benedetto Productions","og_description":"SPOTIFY APPLE MUSIC DEEZER AMAZON MUSIC Que rico la pasamo anoche noche Oeo oeo o Que rico la pasamo anoche noche Na na na na na na na na Amilkele The minister Cambiando el juego ma Que rico la pasamo anoche noche Puro derroche Hasta el amanecer Que rico la pasamo anoche noche Puro derroche.","og_url":"https:\/\/dibenedettoproductions.com\/?page_id=4559","og_site_name":"Di Benedetto Productions","article_modified_time":"2021-08-05T15:18:13+00:00","twitter_card":"summary_large_image","twitter_misc":{"Tempo di lettura stimato":"1 minuto"},"schema":{"@context":"https:\/\/schema.org","@graph":[{"@type":"WebPage","@id":"https:\/\/dibenedettoproductions.com\/?page_id=4559","url":"https:\/\/dibenedettoproductions.com\/?page_id=4559","name":"Machuka - Di Benedetto Productions","isPartOf":{"@id":"https:\/\/dibenedettoproductions.com\/#website"},"datePublished":"2021-02-25T17:12:25+00:00","dateModified":"2021-08-05T15:18:13+00:00","breadcrumb":{"@id":"https:\/\/dibenedettoproductions.com\/?page_id=4559#breadcrumb"},"inLanguage":"it-IT","potentialAction":[{"@type":"ReadAction","target":["https:\/\/dibenedettoproductions.com\/?page_id=4559"]}]},{"@type":"BreadcrumbList","@id":"https:\/\/dibenedettoproductions.com\/?page_id=4559#breadcrumb","itemListElement":[{"@type":"ListItem","position":1,"name":"Home","item":"https:\/\/dibenedettoproductions.com\/"},{"@type":"ListItem","position":2,"name":"Machuka"}]},{"@type":"WebSite","@id":"https:\/\/dibenedettoproductions.com\/#website","url":"https:\/\/dibenedettoproductions.com\/","name":"Di Benedetto Productions","description":"","publisher":{"@id":"https:\/\/dibenedettoproductions.com\/#organization"},"potentialAction":[{"@type":"SearchAction","target":{"@type":"EntryPoint","urlTemplate":"https:\/\/dibenedettoproductions.com\/?s={search_term_string}"},"query-input":"required name=search_term_string"}],"inLanguage":"it-IT"},{"@type":"Organization","@id":"https:\/\/dibenedettoproductions.com\/#organization","name":"DI BENEDETTO PRODUCTIONS","url":"https:\/\/dibenedettoproductions.com\/","sameAs":[],"logo":{"@type":"ImageObject","inLanguage":"it-IT","@id":"https:\/\/dibenedettoproductions.com\/#\/schema\/logo\/image\/","url":"https:\/\/dibenedettoproductions.com\/wp-content\/uploads\/2021\/09\/logo_di_benedetto_productions.jpg","contentUrl":"https:\/\/dibenedettoproductions.com\/wp-content\/uploads\/2021\/09\/logo_di_benedetto_productions.jpg","width":225,"height":225,"caption":"DI BENEDETTO PRODUCTIONS"},"image":{"@id":"https:\/\/dibenedettoproductions.com\/#\/schema\/logo\/image\/"}}]}},"_links":{"self":[{"href":"https:\/\/dibenedettoproductions.com\/index.php?rest_route=\/wp\/v2\/pages\/4559","targetHints":{"allow":["GET"]}}],"collection":[{"href":"https:\/\/dibenedettoproductions.com\/index.php?rest_route=\/wp\/v2\/pages"}],"about":[{"href":"https:\/\/dibenedettoproductions.com\/index.php?rest_route=\/wp\/v2\/types\/page"}],"author":[{"embeddable":true,"href":"https:\/\/dibenedettoproductions.com\/index.php?rest_route=\/wp\/v2\/users\/1"}],"replies":[{"embeddable":true,"href":"https:\/\/dibenedettoproductions.com\/index.php?rest_route=%2Fwp%2Fv2%2Fcomments&post=4559"}],"version-history":[{"count":7,"href":"https:\/\/dibenedettoproductions.com\/index.php?rest_route=\/wp\/v2\/pages\/4559\/revisions"}],"predecessor-version":[{"id":5761,"href":"https:\/\/dibenedettoproductions.com\/index.php?rest_route=\/wp\/v2\/pages\/4559\/revisions\/5761"}],"wp:attachment":[{"href":"https:\/\/dibenedettoproductions.com\/index.php?rest_route=%2Fwp%2Fv2%2Fmedia&parent=4559"}],"wp:term":[{"taxonomy":"category","embeddable":true,"href":"https:\/\/dibenedettoproductions.com\/index.php?rest_route=%2Fwp%2Fv2%2Fcategories&post=4559"},{"taxonomy":"post_tag","embeddable":true,"href":"https:\/\/dibenedettoproductions.com\/index.php?rest_route=%2Fwp%2Fv2%2Ftags&post=4559"}],"curies":[{"name":"wp","href":"https:\/\/api.w.org\/{rel}","templated":true}]}}