{"id":4478,"date":"2021-02-25T15:54:10","date_gmt":"2021-02-25T15:54:10","guid":{"rendered":"https:\/\/dibenedettoproductions.com\/?page_id=4478"},"modified":"2021-08-06T07:07:50","modified_gmt":"2021-08-06T07:07:50","slug":"solo-destate","status":"publish","type":"page","link":"https:\/\/dibenedettoproductions.com\/?page_id=4478","title":{"rendered":"Solo D&#8217;Estate"},"content":{"rendered":"\t\t<div data-elementor-type=\"wp-page\" data-elementor-id=\"4478\" class=\"elementor elementor-4478\" data-elementor-settings=\"[]\">\n\t\t\t\t\t\t<div class=\"elementor-inner\">\n\t\t\t\t\t\t\t<div class=\"elementor-section-wrap\">\n\t\t\t\t\t\t\t<section class=\"elementor-section elementor-top-section elementor-element elementor-element-cdf3682 elementor-section-stretched elementor-section-boxed elementor-section-height-default elementor-section-height-default\" data-id=\"cdf3682\" data-element_type=\"section\" data-settings=\"{&quot;stretch_section&quot;:&quot;section-stretched&quot;,&quot;background_background&quot;:&quot;classic&quot;}\">\n\t\t\t\t\t\t<div class=\"elementor-container elementor-column-gap-default\">\n\t\t\t\t\t\t\t<div class=\"elementor-row\">\n\t\t\t\t\t<div class=\"elementor-column elementor-col-25 elementor-top-column elementor-element elementor-element-ed99551\" data-id=\"ed99551\" data-element_type=\"column\">\n\t\t\t<div class=\"elementor-column-wrap elementor-element-populated\">\n\t\t\t\t\t\t\t<div class=\"elementor-widget-wrap\">\n\t\t\t\t\t\t<div class=\"elementor-element elementor-element-0242524 elementor-align-center elementor-widget elementor-widget-button\" data-id=\"0242524\" data-element_type=\"widget\" data-widget_type=\"button.default\">\n\t\t\t\t<div class=\"elementor-widget-container\">\n\t\t\t\t\t<div class=\"elementor-button-wrapper\">\n\t\t\t<a href=\"https:\/\/open.spotify.com\/track\/4OKK461UCXsZlD3GvrBFkz?si=nVoYXK2JQ7O9gIOk_vRQxg%20\" class=\"elementor-button-link elementor-button elementor-size-sm\" role=\"button\">\n\t\t\t\t\t\t<span class=\"elementor-button-content-wrapper\">\n\t\t\t\t\t\t<span class=\"elementor-button-text\">SPOTIFY<\/span>\n\t\t<\/span>\n\t\t\t\t\t<\/a>\n\t\t<\/div>\n\t\t\t\t<\/div>\n\t\t\t\t<\/div>\n\t\t\t\t\t\t<\/div>\n\t\t\t\t\t<\/div>\n\t\t<\/div>\n\t\t\t\t<div class=\"elementor-column elementor-col-25 elementor-top-column elementor-element elementor-element-2505739\" data-id=\"2505739\" data-element_type=\"column\">\n\t\t\t<div class=\"elementor-column-wrap elementor-element-populated\">\n\t\t\t\t\t\t\t<div class=\"elementor-widget-wrap\">\n\t\t\t\t\t\t<div class=\"elementor-element elementor-element-6e9f7e9 elementor-align-center elementor-widget elementor-widget-button\" data-id=\"6e9f7e9\" data-element_type=\"widget\" data-widget_type=\"button.default\">\n\t\t\t\t<div class=\"elementor-widget-container\">\n\t\t\t\t\t<div class=\"elementor-button-wrapper\">\n\t\t\t<a href=\"https:\/\/music.apple.com\/us\/album\/solo-destate\/1463184730?i=1463184733%20\" class=\"elementor-button-link elementor-button elementor-size-sm\" role=\"button\">\n\t\t\t\t\t\t<span class=\"elementor-button-content-wrapper\">\n\t\t\t\t\t\t<span class=\"elementor-button-text\">APPLE MUSIC<\/span>\n\t\t<\/span>\n\t\t\t\t\t<\/a>\n\t\t<\/div>\n\t\t\t\t<\/div>\n\t\t\t\t<\/div>\n\t\t\t\t\t\t<\/div>\n\t\t\t\t\t<\/div>\n\t\t<\/div>\n\t\t\t\t<div class=\"elementor-column elementor-col-25 elementor-top-column elementor-element elementor-element-3a0bfce\" data-id=\"3a0bfce\" data-element_type=\"column\">\n\t\t\t<div class=\"elementor-column-wrap elementor-element-populated\">\n\t\t\t\t\t\t\t<div class=\"elementor-widget-wrap\">\n\t\t\t\t\t\t<div class=\"elementor-element elementor-element-65b2826 elementor-align-center elementor-widget elementor-widget-button\" data-id=\"65b2826\" data-element_type=\"widget\" data-widget_type=\"button.default\">\n\t\t\t\t<div class=\"elementor-widget-container\">\n\t\t\t\t\t<div class=\"elementor-button-wrapper\">\n\t\t\t<a href=\"https:\/\/deezer.page.link\/npCZyzutTxjC6hzz6%20\" class=\"elementor-button-link elementor-button elementor-size-sm\" role=\"button\">\n\t\t\t\t\t\t<span class=\"elementor-button-content-wrapper\">\n\t\t\t\t\t\t<span class=\"elementor-button-text\">DEEZER<\/span>\n\t\t<\/span>\n\t\t\t\t\t<\/a>\n\t\t<\/div>\n\t\t\t\t<\/div>\n\t\t\t\t<\/div>\n\t\t\t\t\t\t<\/div>\n\t\t\t\t\t<\/div>\n\t\t<\/div>\n\t\t\t\t<div class=\"elementor-column elementor-col-25 elementor-top-column elementor-element elementor-element-7c7d2e4\" data-id=\"7c7d2e4\" data-element_type=\"column\">\n\t\t\t<div class=\"elementor-column-wrap elementor-element-populated\">\n\t\t\t\t\t\t\t<div class=\"elementor-widget-wrap\">\n\t\t\t\t\t\t<div class=\"elementor-element elementor-element-98d6670 elementor-align-center elementor-widget elementor-widget-button\" data-id=\"98d6670\" data-element_type=\"widget\" data-widget_type=\"button.default\">\n\t\t\t\t<div class=\"elementor-widget-container\">\n\t\t\t\t\t<div class=\"elementor-button-wrapper\">\n\t\t\t<a href=\"https:\/\/music.amazon.com\/albums\/B07RML7Z4H?trackAsin=B07RML7259&#038;ref=dm_sh_30c9-9576-dmcp-1c46-c24bf&#038;musicTerritory=US&#038;marketplaceId=ATVPDKIKX0DER%20\" class=\"elementor-button-link elementor-button elementor-size-sm\" role=\"button\">\n\t\t\t\t\t\t<span class=\"elementor-button-content-wrapper\">\n\t\t\t\t\t\t<span class=\"elementor-button-text\">AMAZON MUSIC<\/span>\n\t\t<\/span>\n\t\t\t\t\t<\/a>\n\t\t<\/div>\n\t\t\t\t<\/div>\n\t\t\t\t<\/div>\n\t\t\t\t\t\t<\/div>\n\t\t\t\t\t<\/div>\n\t\t<\/div>\n\t\t\t\t\t\t\t\t<\/div>\n\t\t\t\t\t<\/div>\n\t\t<\/section>\n\t\t\t\t<section class=\"elementor-section elementor-top-section elementor-element elementor-element-f79d419 elementor-section-stretched elementor-section-boxed elementor-section-height-default elementor-section-height-default\" data-id=\"f79d419\" data-element_type=\"section\" data-settings=\"{&quot;stretch_section&quot;:&quot;section-stretched&quot;,&quot;background_background&quot;:&quot;classic&quot;}\">\n\t\t\t\t\t\t<div class=\"elementor-container elementor-column-gap-default\">\n\t\t\t\t\t\t\t<div class=\"elementor-row\">\n\t\t\t\t\t<div class=\"elementor-column elementor-col-100 elementor-top-column elementor-element elementor-element-7e83c45\" data-id=\"7e83c45\" data-element_type=\"column\">\n\t\t\t<div class=\"elementor-column-wrap elementor-element-populated\">\n\t\t\t\t\t\t\t<div class=\"elementor-widget-wrap\">\n\t\t\t\t\t\t<div class=\"elementor-element elementor-element-9cb4ba2 elementor-widget elementor-widget-text-editor\" data-id=\"9cb4ba2\" data-element_type=\"widget\" data-widget_type=\"text-editor.default\">\n\t\t\t\t<div class=\"elementor-widget-container\">\n\t\t\t\t\t\t\t\t<div class=\"elementor-text-editor elementor-clearfix\">\n\t\t\t\t<div><p style=\"text-align: center;\"><span style=\"color: #ffffff;\">AMORE MIO IO A TE TI AMO MA QUESTA ESTATE FAR\u00d2 IL BAD BOY<\/span><\/p><p style=\"text-align: center;\"><span style=\"color: #ffffff;\">NO ME PREGUNTES NI TE MOLESTES QUE YO NO S\u00c9 PARA DONDE VOY<\/span><\/p><p style=\"text-align: center;\"><span style=\"color: #ffffff;\">PARA MIAMI O PA LA HABANA VOY PARA RICCIONE O PARA IBIZA VOY<\/span><\/p><p style=\"text-align: center;\"><span style=\"color: #ffffff;\">ME VOY A PONER EN FASE CON DOS MODELOS DE LA PLAYBOY<\/span><\/p><p style=\"text-align: center;\"><span style=\"color: #ffffff;\">TOY ESTRESAO Y ES POR ESO MAMA QUE VOY A HACER LO QUE ME DA LA GANA<\/span><\/p><p style=\"text-align: center;\"><span style=\"color: #ffffff;\">NO QUIERO QUE TE PONGAS BRAVA QUE DESPU\u00c9S REGRESO A TU CAMA<\/span><\/p><p style=\"text-align: center;\">\u00a0<\/p><p style=\"text-align: center;\"><span style=\"color: #ffffff;\">SOLO D\u2019ESTATE<\/span><\/p><p style=\"text-align: center;\"><span style=\"color: #ffffff;\">YO QUIERO CARRETERA YO QUIERO GOZADERA PA\u2019RRIBA DEL COMBATE<\/span><\/p><p style=\"text-align: center;\"><span style=\"color: #ffffff;\">SOLO D\u2019ESTATE<\/span><\/p><p style=\"text-align: center;\"><span style=\"color: #ffffff;\">D\u2019INVERNO FACCIO IL BRAVO PER\u00d2 ADESSO FACCIO LE MINCHIATE<\/span><\/p><p style=\"text-align: center;\"><span style=\"color: #ffffff;\">SOLO D\u2019ESTATE<\/span><\/p><p style=\"text-align: center;\"><span style=\"color: #ffffff;\">HIERBA L\u00cdMPIAME EL PICO QUE VOY CON T\u00cdO PERICO Y TOMA CHOCOLATE<\/span><\/p><p style=\"text-align: center;\"><span style=\"color: #ffffff;\">SOLO D\u2019ESTATE<\/span><\/p><p style=\"text-align: center;\"><span style=\"color: #ffffff;\">ME SIRVE CUALQUIERA PA\u2019 HACER DISPARATE PA\u2019 DAR JAQUE MATE<\/span><\/p><p style=\"text-align: center;\">\u00a0<\/p><p style=\"text-align: center;\"><span style=\"color: #ffffff;\">MAMI DAME UN DIEZ VOGLIO UN PO D\u2019ARIA<\/span><\/p><p style=\"text-align: center;\"><span style=\"color: #ffffff;\">QUE NO PUEDO CON LO STRESS VOGLIO UN PO D\u2019ARIA<\/span><\/p><p style=\"text-align: center;\"><span style=\"color: #ffffff;\">ME ESTOY VOLVIENDO LOCO VOGLIO UN PO D\u2019ARIA<\/span><\/p><p style=\"text-align: center;\"><span style=\"color: #ffffff;\">ESAURITO POCO A POCO<\/span><\/p><p style=\"text-align: center;\">\u00a0<\/p><p style=\"text-align: center;\"><span style=\"color: #ffffff;\">YO SE QUE LA TUA GATTA E ANCORA LI<\/span><\/p><p style=\"text-align: center;\"><span style=\"color: #ffffff;\">PERO VOY POR AH\u00cd A CAMINAR POR LA STREET<\/span><\/p><p style=\"text-align: center;\"><span style=\"color: #ffffff;\">DILE DI ASPETTARMI QUI CHE DOPO LE MANDO UN TWEET<\/span><\/p><p style=\"text-align: center;\"><span style=\"color: #ffffff;\">QUIERO SENTIRME UN POCO FREE LIBRE LIBERO<\/span><\/p><p style=\"text-align: center;\">\u00a0<\/p><p style=\"text-align: center;\"><span style=\"color: #ffffff;\">PO PO PO\u2026\u2026<\/span><\/p><p style=\"text-align: center;\">\u00a0<\/p><p style=\"text-align: center;\"><span style=\"color: #ffffff;\">SOLO D\u2019ESTATE<\/span><\/p><p style=\"text-align: center;\"><span style=\"color: #ffffff;\">YO QUIERO CARRETERA YO QUIERO GOZADERA PA\u2019RRIBA DEL COMBATE<\/span><\/p><p style=\"text-align: center;\"><span style=\"color: #ffffff;\">SOLO D\u2019ESTATE<\/span><\/p><p style=\"text-align: center;\"><span style=\"color: #ffffff;\">D\u2019INVERNO FACCIO IL BRAVO PER\u00d2 ADESSO FACCIO LE MINCHIATE<\/span><\/p><p style=\"text-align: center;\"><span style=\"color: #ffffff;\">SOLO D\u2019ESTATE<\/span><\/p><p style=\"text-align: center;\"><span style=\"color: #ffffff;\">YERBA L\u00cdMPIAME EL PICO QUE VOY CON T\u00cdO PERICO Y TOMA CHOCOLATE<\/span><\/p><p style=\"text-align: center;\"><span style=\"color: #ffffff;\">SOLO D\u2019ESTATE<\/span><\/p><p style=\"text-align: center;\"><span style=\"color: #ffffff;\">ME SIRVE CUALQUIERA PA\u2019 HACER DISPARATE PA\u2019 DAR JAQUE MATE<\/span><\/p><p style=\"text-align: center;\">\u00a0<\/p><p style=\"text-align: center;\"><span style=\"color: #ffffff;\">MAMI TU SABES QUE TE QUIERO<\/span><\/p><p style=\"text-align: center;\"><span style=\"color: #ffffff;\">MAMI TU SABES QUE POR TI YO MUERO<\/span><\/p><p style=\"text-align: center;\"><span style=\"color: #ffffff;\">Y ESTOY ENCERRADO TODO EL A\u00d1O TRANCAO<\/span><\/p><p style=\"text-align: center;\"><span style=\"color: #ffffff;\">ABURRIDO Y OBSTINADO TRABAJANDO COMO UN CONDENAO<\/span><\/p><p style=\"text-align: center;\">\u00a0<\/p><p style=\"text-align: center;\"><span style=\"color: #ffffff;\">QU\u00cdTATE D\u00c9JAME REL\u00c1JATE SACAME EL PIE<\/span><\/p><p style=\"text-align: center;\"><span style=\"color: #ffffff;\">SU\u00c9LTAME OLVIDAME CUENTA HASTA 3<\/span><\/p><p style=\"text-align: center;\"><span style=\"color: #ffffff;\">ESTE A\u00d1O ME VA A DAR LO QUE NUNCA ME HA DAO\u2019<\/span><\/p><p style=\"text-align: center;\"><span style=\"color: #ffffff;\">VOY A BAILAR Y BIEN PA\u2019 Q DESPUES ME QUITEN LO BAILAO\u2019<\/span><\/p><p style=\"text-align: center;\">\u00a0<\/p><p style=\"text-align: center;\"><span style=\"color: #ffffff;\">PO PO PO\u2026\u2026<\/span><\/p><p style=\"text-align: center;\">\u00a0<\/p><p style=\"text-align: center;\"><span style=\"color: #ffffff;\">SOLO D\u2019ESTATE<\/span><\/p><p style=\"text-align: center;\"><span style=\"color: #ffffff;\">YO QUIERO CARRETERA YO QUIERO GOZADERA PA\u2019RRIBA DEL COMBATE<\/span><\/p><p style=\"text-align: center;\"><span style=\"color: #ffffff;\">SOLO D\u2019ESTATE<\/span><\/p><p style=\"text-align: center;\"><span style=\"color: #ffffff;\">D\u2019INVERNO FACCIO IL BRAVO PER\u00d2 ADESSO FACCIO LE MINCHIATE<\/span><\/p><p style=\"text-align: center;\"><span style=\"color: #ffffff;\">SOLO D\u2019ESTATE<\/span><\/p><p style=\"text-align: center;\"><span style=\"color: #ffffff;\">YERBA L\u00cdMPIAME EL PICO QUE VOY CON T\u00cdO PERICO Y TOMA CHOCOLATE<\/span><\/p><p style=\"text-align: center;\"><span style=\"color: #ffffff;\">SOLO D\u2019ESTATE<\/span><\/p><p style=\"text-align: center;\"><span style=\"color: #ffffff;\">ME SIRVE CUALQUIERA PA HACER DISPARATE PA\u2019 DAR JAQUE MATE<\/span><\/p><p style=\"text-align: center;\">\u00a0<\/p><p style=\"text-align: center;\"><span style=\"color: #ffffff;\">SOLO D\u2019ESTATE<\/span><\/p><p style=\"text-align: center;\"><span style=\"color: #ffffff;\">YO QUIERO CARRETERA YO QUIERO GOZADERA PA\u2019RRIBA DEL COMBATE<\/span><\/p><p style=\"text-align: center;\"><span style=\"color: #ffffff;\">SOLO D\u2019ESTATE<\/span><\/p><p style=\"text-align: center;\"><span style=\"color: #ffffff;\">D\u2019INVERNO FACCIO IL BRAVO PER\u00d2 ADESSO FACCIO LE MINCHIATE<\/span><\/p><p style=\"text-align: center;\"><span style=\"color: #ffffff;\">SOLO D\u2019ESTATE<\/span><\/p><p style=\"text-align: center;\"><span style=\"color: #ffffff;\">YERBA L\u00cdMPIAME EL PICO QUE VOY CON T\u00cdO PERICO Y TOMA CHOCOLATE<\/span><\/p><p style=\"text-align: center;\"><span style=\"color: #ffffff;\">SOLO D\u2019ESTATE<\/span><\/p><p style=\"text-align: center;\"><span style=\"color: #ffffff;\">ME SIRVE CUALQUIERA PA\u2019 HACER DISPARATE PA\u2019 DAR JAQUE MATE<\/span><\/p><\/div>\t\t\t\t\t<\/div>\n\t\t\t\t\t\t<\/div>\n\t\t\t\t<\/div>\n\t\t\t\t\t\t<\/div>\n\t\t\t\t\t<\/div>\n\t\t<\/div>\n\t\t\t\t\t\t\t\t<\/div>\n\t\t\t\t\t<\/div>\n\t\t<\/section>\n\t\t\t\t\t\t<\/div>\n\t\t\t\t\t\t<\/div>\n\t\t\t\t\t<\/div>\n\t\t","protected":false},"excerpt":{"rendered":"<p>SPOTIFY APPLE MUSIC DEEZER AMAZON MUSIC AMORE MIO IO A TE TI AMO MA QUESTA ESTATE FAR\u00d2 IL BAD BOY NO ME PREGUNTES NI TE MOLESTES QUE YO NO S\u00c9 PARA DONDE VOY PARA MIAMI O PA LA HABANA VOY PARA RICCIONE O PARA IBIZA VOY ME VOY A PONER EN FASE CON DOS MODELOS.<\/p>\n","protected":false},"author":1,"featured_media":0,"parent":0,"menu_order":0,"comment_status":"closed","ping_status":"closed","template":"","meta":{"footnotes":""},"categories":[42],"tags":[],"class_list":["post-4478","page","type-page","status-publish","hentry","category-testi"],"yoast_head":"<!-- This site is optimized with the Yoast SEO plugin v19.6.1 - https:\/\/yoast.com\/wordpress\/plugins\/seo\/ -->\n<title>Solo D&#039;Estate - Di Benedetto Productions<\/title>\n<meta name=\"robots\" content=\"index, follow, max-snippet:-1, max-image-preview:large, max-video-preview:-1\" \/>\n<link rel=\"canonical\" href=\"https:\/\/dibenedettoproductions.com\/?page_id=4478\" \/>\n<meta property=\"og:locale\" content=\"it_IT\" \/>\n<meta property=\"og:type\" content=\"article\" \/>\n<meta property=\"og:title\" content=\"Solo D&#039;Estate - Di Benedetto Productions\" \/>\n<meta property=\"og:description\" content=\"SPOTIFY APPLE MUSIC DEEZER AMAZON MUSIC AMORE MIO IO A TE TI AMO MA QUESTA ESTATE FAR\u00d2 IL BAD BOY NO ME PREGUNTES NI TE MOLESTES QUE YO NO S\u00c9 PARA DONDE VOY PARA MIAMI O PA LA HABANA VOY PARA RICCIONE O PARA IBIZA VOY ME VOY A PONER EN FASE CON DOS MODELOS.\" \/>\n<meta property=\"og:url\" content=\"https:\/\/dibenedettoproductions.com\/?page_id=4478\" \/>\n<meta property=\"og:site_name\" content=\"Di Benedetto Productions\" \/>\n<meta property=\"article:modified_time\" content=\"2021-08-06T07:07:50+00:00\" \/>\n<meta name=\"twitter:card\" content=\"summary_large_image\" \/>\n<meta name=\"twitter:label1\" content=\"Tempo di lettura stimato\" \/>\n\t<meta name=\"twitter:data1\" content=\"2 minuti\" \/>\n<script type=\"application\/ld+json\" class=\"yoast-schema-graph\">{\"@context\":\"https:\/\/schema.org\",\"@graph\":[{\"@type\":\"WebPage\",\"@id\":\"https:\/\/dibenedettoproductions.com\/?page_id=4478\",\"url\":\"https:\/\/dibenedettoproductions.com\/?page_id=4478\",\"name\":\"Solo D'Estate - Di Benedetto Productions\",\"isPartOf\":{\"@id\":\"https:\/\/dibenedettoproductions.com\/#website\"},\"datePublished\":\"2021-02-25T15:54:10+00:00\",\"dateModified\":\"2021-08-06T07:07:50+00:00\",\"breadcrumb\":{\"@id\":\"https:\/\/dibenedettoproductions.com\/?page_id=4478#breadcrumb\"},\"inLanguage\":\"it-IT\",\"potentialAction\":[{\"@type\":\"ReadAction\",\"target\":[\"https:\/\/dibenedettoproductions.com\/?page_id=4478\"]}]},{\"@type\":\"BreadcrumbList\",\"@id\":\"https:\/\/dibenedettoproductions.com\/?page_id=4478#breadcrumb\",\"itemListElement\":[{\"@type\":\"ListItem\",\"position\":1,\"name\":\"Home\",\"item\":\"https:\/\/dibenedettoproductions.com\/\"},{\"@type\":\"ListItem\",\"position\":2,\"name\":\"Solo D&#8217;Estate\"}]},{\"@type\":\"WebSite\",\"@id\":\"https:\/\/dibenedettoproductions.com\/#website\",\"url\":\"https:\/\/dibenedettoproductions.com\/\",\"name\":\"Di Benedetto Productions\",\"description\":\"\",\"publisher\":{\"@id\":\"https:\/\/dibenedettoproductions.com\/#organization\"},\"potentialAction\":[{\"@type\":\"SearchAction\",\"target\":{\"@type\":\"EntryPoint\",\"urlTemplate\":\"https:\/\/dibenedettoproductions.com\/?s={search_term_string}\"},\"query-input\":\"required name=search_term_string\"}],\"inLanguage\":\"it-IT\"},{\"@type\":\"Organization\",\"@id\":\"https:\/\/dibenedettoproductions.com\/#organization\",\"name\":\"DI BENEDETTO PRODUCTIONS\",\"url\":\"https:\/\/dibenedettoproductions.com\/\",\"sameAs\":[],\"logo\":{\"@type\":\"ImageObject\",\"inLanguage\":\"it-IT\",\"@id\":\"https:\/\/dibenedettoproductions.com\/#\/schema\/logo\/image\/\",\"url\":\"https:\/\/dibenedettoproductions.com\/wp-content\/uploads\/2021\/09\/logo_di_benedetto_productions.jpg\",\"contentUrl\":\"https:\/\/dibenedettoproductions.com\/wp-content\/uploads\/2021\/09\/logo_di_benedetto_productions.jpg\",\"width\":225,\"height\":225,\"caption\":\"DI BENEDETTO PRODUCTIONS\"},\"image\":{\"@id\":\"https:\/\/dibenedettoproductions.com\/#\/schema\/logo\/image\/\"}}]}<\/script>\n<!-- \/ Yoast SEO plugin. -->","yoast_head_json":{"title":"Solo D'Estate - Di Benedetto Productions","robots":{"index":"index","follow":"follow","max-snippet":"max-snippet:-1","max-image-preview":"max-image-preview:large","max-video-preview":"max-video-preview:-1"},"canonical":"https:\/\/dibenedettoproductions.com\/?page_id=4478","og_locale":"it_IT","og_type":"article","og_title":"Solo D'Estate - Di Benedetto Productions","og_description":"SPOTIFY APPLE MUSIC DEEZER AMAZON MUSIC AMORE MIO IO A TE TI AMO MA QUESTA ESTATE FAR\u00d2 IL BAD BOY NO ME PREGUNTES NI TE MOLESTES QUE YO NO S\u00c9 PARA DONDE VOY PARA MIAMI O PA LA HABANA VOY PARA RICCIONE O PARA IBIZA VOY ME VOY A PONER EN FASE CON DOS MODELOS.","og_url":"https:\/\/dibenedettoproductions.com\/?page_id=4478","og_site_name":"Di Benedetto Productions","article_modified_time":"2021-08-06T07:07:50+00:00","twitter_card":"summary_large_image","twitter_misc":{"Tempo di lettura stimato":"2 minuti"},"schema":{"@context":"https:\/\/schema.org","@graph":[{"@type":"WebPage","@id":"https:\/\/dibenedettoproductions.com\/?page_id=4478","url":"https:\/\/dibenedettoproductions.com\/?page_id=4478","name":"Solo D'Estate - Di Benedetto Productions","isPartOf":{"@id":"https:\/\/dibenedettoproductions.com\/#website"},"datePublished":"2021-02-25T15:54:10+00:00","dateModified":"2021-08-06T07:07:50+00:00","breadcrumb":{"@id":"https:\/\/dibenedettoproductions.com\/?page_id=4478#breadcrumb"},"inLanguage":"it-IT","potentialAction":[{"@type":"ReadAction","target":["https:\/\/dibenedettoproductions.com\/?page_id=4478"]}]},{"@type":"BreadcrumbList","@id":"https:\/\/dibenedettoproductions.com\/?page_id=4478#breadcrumb","itemListElement":[{"@type":"ListItem","position":1,"name":"Home","item":"https:\/\/dibenedettoproductions.com\/"},{"@type":"ListItem","position":2,"name":"Solo D&#8217;Estate"}]},{"@type":"WebSite","@id":"https:\/\/dibenedettoproductions.com\/#website","url":"https:\/\/dibenedettoproductions.com\/","name":"Di Benedetto Productions","description":"","publisher":{"@id":"https:\/\/dibenedettoproductions.com\/#organization"},"potentialAction":[{"@type":"SearchAction","target":{"@type":"EntryPoint","urlTemplate":"https:\/\/dibenedettoproductions.com\/?s={search_term_string}"},"query-input":"required name=search_term_string"}],"inLanguage":"it-IT"},{"@type":"Organization","@id":"https:\/\/dibenedettoproductions.com\/#organization","name":"DI BENEDETTO PRODUCTIONS","url":"https:\/\/dibenedettoproductions.com\/","sameAs":[],"logo":{"@type":"ImageObject","inLanguage":"it-IT","@id":"https:\/\/dibenedettoproductions.com\/#\/schema\/logo\/image\/","url":"https:\/\/dibenedettoproductions.com\/wp-content\/uploads\/2021\/09\/logo_di_benedetto_productions.jpg","contentUrl":"https:\/\/dibenedettoproductions.com\/wp-content\/uploads\/2021\/09\/logo_di_benedetto_productions.jpg","width":225,"height":225,"caption":"DI BENEDETTO PRODUCTIONS"},"image":{"@id":"https:\/\/dibenedettoproductions.com\/#\/schema\/logo\/image\/"}}]}},"_links":{"self":[{"href":"https:\/\/dibenedettoproductions.com\/index.php?rest_route=\/wp\/v2\/pages\/4478","targetHints":{"allow":["GET"]}}],"collection":[{"href":"https:\/\/dibenedettoproductions.com\/index.php?rest_route=\/wp\/v2\/pages"}],"about":[{"href":"https:\/\/dibenedettoproductions.com\/index.php?rest_route=\/wp\/v2\/types\/page"}],"author":[{"embeddable":true,"href":"https:\/\/dibenedettoproductions.com\/index.php?rest_route=\/wp\/v2\/users\/1"}],"replies":[{"embeddable":true,"href":"https:\/\/dibenedettoproductions.com\/index.php?rest_route=%2Fwp%2Fv2%2Fcomments&post=4478"}],"version-history":[{"count":7,"href":"https:\/\/dibenedettoproductions.com\/index.php?rest_route=\/wp\/v2\/pages\/4478\/revisions"}],"predecessor-version":[{"id":5932,"href":"https:\/\/dibenedettoproductions.com\/index.php?rest_route=\/wp\/v2\/pages\/4478\/revisions\/5932"}],"wp:attachment":[{"href":"https:\/\/dibenedettoproductions.com\/index.php?rest_route=%2Fwp%2Fv2%2Fmedia&parent=4478"}],"wp:term":[{"taxonomy":"category","embeddable":true,"href":"https:\/\/dibenedettoproductions.com\/index.php?rest_route=%2Fwp%2Fv2%2Fcategories&post=4478"},{"taxonomy":"post_tag","embeddable":true,"href":"https:\/\/dibenedettoproductions.com\/index.php?rest_route=%2Fwp%2Fv2%2Ftags&post=4478"}],"curies":[{"name":"wp","href":"https:\/\/api.w.org\/{rel}","templated":true}]}}