{"id":4461,"date":"2021-02-25T15:44:38","date_gmt":"2021-02-25T15:44:38","guid":{"rendered":"https:\/\/dibenedettoproductions.com\/?page_id=4461"},"modified":"2021-08-05T15:06:28","modified_gmt":"2021-08-05T15:06:28","slug":"ellos-no-saben","status":"publish","type":"page","link":"https:\/\/dibenedettoproductions.com\/?page_id=4461","title":{"rendered":"Ellos No Saben"},"content":{"rendered":"\t\t<div data-elementor-type=\"wp-page\" data-elementor-id=\"4461\" class=\"elementor elementor-4461\" data-elementor-settings=\"[]\">\n\t\t\t\t\t\t<div class=\"elementor-inner\">\n\t\t\t\t\t\t\t<div class=\"elementor-section-wrap\">\n\t\t\t\t\t\t\t<section class=\"elementor-section elementor-top-section elementor-element elementor-element-d981675 elementor-section-stretched elementor-section-boxed elementor-section-height-default elementor-section-height-default\" data-id=\"d981675\" data-element_type=\"section\" data-settings=\"{&quot;stretch_section&quot;:&quot;section-stretched&quot;,&quot;background_background&quot;:&quot;classic&quot;}\">\n\t\t\t\t\t\t<div class=\"elementor-container elementor-column-gap-default\">\n\t\t\t\t\t\t\t<div class=\"elementor-row\">\n\t\t\t\t\t<div class=\"elementor-column elementor-col-25 elementor-top-column elementor-element elementor-element-dbaebee\" data-id=\"dbaebee\" data-element_type=\"column\">\n\t\t\t<div class=\"elementor-column-wrap elementor-element-populated\">\n\t\t\t\t\t\t\t<div class=\"elementor-widget-wrap\">\n\t\t\t\t\t\t<div class=\"elementor-element elementor-element-f65b71e elementor-align-center elementor-widget elementor-widget-button\" data-id=\"f65b71e\" data-element_type=\"widget\" data-widget_type=\"button.default\">\n\t\t\t\t<div class=\"elementor-widget-container\">\n\t\t\t\t\t<div class=\"elementor-button-wrapper\">\n\t\t\t<a href=\"https:\/\/open.spotify.com\/track\/2A3CJ7Sg3FdCcmUKE69DvP?si=DFn2ZELoSjiZd6mv7X0j0g\" class=\"elementor-button-link elementor-button elementor-size-sm\" role=\"button\">\n\t\t\t\t\t\t<span class=\"elementor-button-content-wrapper\">\n\t\t\t\t\t\t<span class=\"elementor-button-text\">SPOTIFY<\/span>\n\t\t<\/span>\n\t\t\t\t\t<\/a>\n\t\t<\/div>\n\t\t\t\t<\/div>\n\t\t\t\t<\/div>\n\t\t\t\t\t\t<\/div>\n\t\t\t\t\t<\/div>\n\t\t<\/div>\n\t\t\t\t<div class=\"elementor-column elementor-col-25 elementor-top-column elementor-element elementor-element-157a6a7\" data-id=\"157a6a7\" data-element_type=\"column\">\n\t\t\t<div class=\"elementor-column-wrap elementor-element-populated\">\n\t\t\t\t\t\t\t<div class=\"elementor-widget-wrap\">\n\t\t\t\t\t\t<div class=\"elementor-element elementor-element-a3cffe8 elementor-align-center elementor-widget elementor-widget-button\" data-id=\"a3cffe8\" data-element_type=\"widget\" data-widget_type=\"button.default\">\n\t\t\t\t<div class=\"elementor-widget-container\">\n\t\t\t\t\t<div class=\"elementor-button-wrapper\">\n\t\t\t<a href=\"https:\/\/music.apple.com\/us\/album\/ellos-no-saben\/1440320695?i=1440320696%20\" class=\"elementor-button-link elementor-button elementor-size-sm\" role=\"button\">\n\t\t\t\t\t\t<span class=\"elementor-button-content-wrapper\">\n\t\t\t\t\t\t<span class=\"elementor-button-text\">APPLE MUSIC<\/span>\n\t\t<\/span>\n\t\t\t\t\t<\/a>\n\t\t<\/div>\n\t\t\t\t<\/div>\n\t\t\t\t<\/div>\n\t\t\t\t\t\t<\/div>\n\t\t\t\t\t<\/div>\n\t\t<\/div>\n\t\t\t\t<div class=\"elementor-column elementor-col-25 elementor-top-column elementor-element elementor-element-5d3077d\" data-id=\"5d3077d\" data-element_type=\"column\">\n\t\t\t<div class=\"elementor-column-wrap elementor-element-populated\">\n\t\t\t\t\t\t\t<div class=\"elementor-widget-wrap\">\n\t\t\t\t\t\t<div class=\"elementor-element elementor-element-3c9a5b8 elementor-align-center elementor-widget elementor-widget-button\" data-id=\"3c9a5b8\" data-element_type=\"widget\" data-widget_type=\"button.default\">\n\t\t\t\t<div class=\"elementor-widget-container\">\n\t\t\t\t\t<div class=\"elementor-button-wrapper\">\n\t\t\t<a href=\"https:\/\/deezer.page.link\/4h1qN9Wg8sLJ86MK6%20\" class=\"elementor-button-link elementor-button elementor-size-sm\" role=\"button\">\n\t\t\t\t\t\t<span class=\"elementor-button-content-wrapper\">\n\t\t\t\t\t\t<span class=\"elementor-button-text\">DEEZER<\/span>\n\t\t<\/span>\n\t\t\t\t\t<\/a>\n\t\t<\/div>\n\t\t\t\t<\/div>\n\t\t\t\t<\/div>\n\t\t\t\t\t\t<\/div>\n\t\t\t\t\t<\/div>\n\t\t<\/div>\n\t\t\t\t<div class=\"elementor-column elementor-col-25 elementor-top-column elementor-element elementor-element-57b6606\" data-id=\"57b6606\" data-element_type=\"column\">\n\t\t\t<div class=\"elementor-column-wrap elementor-element-populated\">\n\t\t\t\t\t\t\t<div class=\"elementor-widget-wrap\">\n\t\t\t\t\t\t<div class=\"elementor-element elementor-element-94ffc9f elementor-align-center elementor-widget elementor-widget-button\" data-id=\"94ffc9f\" data-element_type=\"widget\" data-widget_type=\"button.default\">\n\t\t\t\t<div class=\"elementor-widget-container\">\n\t\t\t\t\t<div class=\"elementor-button-wrapper\">\n\t\t\t<a href=\"https:\/\/music.amazon.com\/albums\/B07TFGJK5J?trackAsin=B07TBGGHST&#038;ref=dm_sh_5885-3d3a-dmcp-cba1-8f08b&#038;musicTerritory=US&#038;marketplaceId=ATVPDKIKX0DER%20\" class=\"elementor-button-link elementor-button elementor-size-sm\" role=\"button\">\n\t\t\t\t\t\t<span class=\"elementor-button-content-wrapper\">\n\t\t\t\t\t\t<span class=\"elementor-button-text\">AMAZON MUSIC<\/span>\n\t\t<\/span>\n\t\t\t\t\t<\/a>\n\t\t<\/div>\n\t\t\t\t<\/div>\n\t\t\t\t<\/div>\n\t\t\t\t\t\t<\/div>\n\t\t\t\t\t<\/div>\n\t\t<\/div>\n\t\t\t\t\t\t\t\t<\/div>\n\t\t\t\t\t<\/div>\n\t\t<\/section>\n\t\t\t\t<section class=\"elementor-section elementor-top-section elementor-element elementor-element-4cbb10f elementor-section-stretched elementor-section-boxed elementor-section-height-default elementor-section-height-default\" data-id=\"4cbb10f\" data-element_type=\"section\" data-settings=\"{&quot;stretch_section&quot;:&quot;section-stretched&quot;,&quot;background_background&quot;:&quot;classic&quot;}\">\n\t\t\t\t\t\t<div class=\"elementor-container elementor-column-gap-default\">\n\t\t\t\t\t\t\t<div class=\"elementor-row\">\n\t\t\t\t\t<div class=\"elementor-column elementor-col-100 elementor-top-column elementor-element elementor-element-1a8169e\" data-id=\"1a8169e\" data-element_type=\"column\">\n\t\t\t<div class=\"elementor-column-wrap elementor-element-populated\">\n\t\t\t\t\t\t\t<div class=\"elementor-widget-wrap\">\n\t\t\t\t\t\t<div class=\"elementor-element elementor-element-253bb2e elementor-widget elementor-widget-text-editor\" data-id=\"253bb2e\" data-element_type=\"widget\" data-widget_type=\"text-editor.default\">\n\t\t\t\t<div class=\"elementor-widget-container\">\n\t\t\t\t\t\t\t\t<div class=\"elementor-text-editor elementor-clearfix\">\n\t\t\t\t<div><p style=\"text-align: center;\"><span style=\"color: #ffffff;\">Amilkele the minister<\/span><\/p><p style=\"text-align: center;\"><span style=\"color: #ffffff;\">Directamente de Miami<\/span><\/p><p style=\"text-align: center;\"><span style=\"color: #ffffff;\">Yeny la aut\u00e9ntica<\/span><\/p><p style=\"text-align: center;\"><span style=\"color: #ffffff;\">Ellos no saben<\/span><\/p><p style=\"text-align: center;\"><span style=\"color: #ffffff;\">Que de tu cuerpo yo tengo la llave<\/span><\/p><p style=\"text-align: center;\"><span style=\"color: #ffffff;\">Que descubr\u00ed cosas que nadie sabe<\/span><\/p><p style=\"text-align: center;\"><span style=\"color: #ffffff;\">Como llevarte a otro planeta sin pasaje<\/span><\/p><p style=\"text-align: center;\"><span style=\"color: #ffffff;\">Dile, dile que ellos no saben<\/span><\/p><p style=\"text-align: center;\"><span style=\"color: #ffffff;\">Ellos<\/span><\/p><p style=\"text-align: center;\"><span style=\"color: #ffffff;\">Ellos no saben c\u00f3mo t\u00fa y yo nos tocamos<\/span><\/p><p style=\"text-align: center;\"><span style=\"color: #ffffff;\">Cuantas caricias t\u00fa y yo experimentamos<\/span><\/p><p style=\"text-align: center;\"><span style=\"color: #ffffff;\">No se imaginan lo que t\u00fa me hace a m\u00ed<\/span><\/p><p style=\"text-align: center;\"><span style=\"color: #ffffff;\">Ellos<\/span><\/p><p style=\"text-align: center;\"><span style=\"color: #ffffff;\">Ellos no saben c\u00f3mo t\u00fa y yo nos tocamos<\/span><\/p><p style=\"text-align: center;\"><span style=\"color: #ffffff;\">Cuantas cosas t\u00fa y yo experimentamos<\/span><\/p><p style=\"text-align: center;\"><span style=\"color: #ffffff;\">No se imaginan lo que t\u00fa me hace a m\u00ed<\/span><\/p><p style=\"text-align: center;\"><span style=\"color: #ffffff;\">Baby baby<\/span><\/p><p style=\"text-align: center;\"><span style=\"color: #ffffff;\">Quiero que tapes mis ojos y me sientas al ladito tuyo de tu cama<\/span><\/p><p style=\"text-align: center;\"><span style=\"color: #ffffff;\">Yo quiero que t\u00fa me digas bebe<\/span><\/p><p style=\"text-align: center;\"><span style=\"color: #ffffff;\">Que soy tu primera dama<\/span><\/p><p style=\"text-align: center;\"><span style=\"color: #ffffff;\">Como shrek que quiere a su fiona<\/span><\/p><p style=\"text-align: center;\"><span style=\"color: #ffffff;\">El le\u00f3n quiere a su leona<\/span><\/p><p style=\"text-align: center;\"><span style=\"color: #ffffff;\">Yo quiero que t\u00fa te vengas conmigo<\/span><\/p><p style=\"text-align: center;\"><span style=\"color: #ffffff;\">No me gusta venirme sola<\/span><\/p><p style=\"text-align: center;\"><span style=\"color: #ffffff;\">Y apaga las luces dime cosas lindas pa hac\u00e9rtelo lento<\/span><\/p><p style=\"text-align: center;\"><span style=\"color: #ffffff;\">Tu cuerpo y el m\u00edo junticos pegao en su movimiento<\/span><\/p><p style=\"text-align: center;\"><span style=\"color: #ffffff;\">B\u00e9same t\u00f3came abr\u00e1zame hazme el amor<\/span><\/p><p style=\"text-align: center;\"><span style=\"color: #ffffff;\">H\u00e1lame el pelo<\/span><\/p><p style=\"text-align: center;\"><span style=\"color: #ffffff;\">Que yo soy tu beba<\/span><\/p><p style=\"text-align: center;\"><span style=\"color: #ffffff;\">Y t\u00fa eres mi bebo<\/span><\/p><p style=\"text-align: center;\"><span style=\"color: #ffffff;\">Ellos<\/span><\/p><p style=\"text-align: center;\"><span style=\"color: #ffffff;\">Ellos no saben c\u00f3mo t\u00fa y yo nos tocamos<\/span><\/p><p style=\"text-align: center;\"><span style=\"color: #ffffff;\">Cuantas cosas t\u00fa y yo experimentamos<\/span><\/p><p style=\"text-align: center;\"><span style=\"color: #ffffff;\">No se imaginan lo que t\u00fa me hace a m\u00ed<\/span><\/p><p style=\"text-align: center;\"><span style=\"color: #ffffff;\">Baby baby<\/span><\/p><p style=\"text-align: center;\"><span style=\"color: #ffffff;\">Ellos<\/span><\/p><p style=\"text-align: center;\"><span style=\"color: #ffffff;\">Ellos no saben c\u00f3mo t\u00fa y yo nos tocamos<\/span><\/p><p style=\"text-align: center;\"><span style=\"color: #ffffff;\">Cuantas caricias t\u00fa y yo experimentamos<\/span><\/p><p style=\"text-align: center;\"><span style=\"color: #ffffff;\">No se imaginan lo que t\u00fa me hace a m\u00ed<\/span><\/p><p style=\"text-align: center;\"><span style=\"color: #ffffff;\">Ellos se imaginan como te lo hago<\/span><\/p><p style=\"text-align: center;\"><span style=\"color: #ffffff;\">Pa ti tengo un truco mejor que tu mago<\/span><\/p><p style=\"text-align: center;\"><span style=\"color: #ffffff;\">Na ma que te toco y el pico hace estrago<\/span><\/p><p style=\"text-align: center;\"><span style=\"color: #ffffff;\">Me dice dale vente conmigo<\/span><\/p><p style=\"text-align: center;\"><span style=\"color: #ffffff;\">Baby s\u00edgueme te sigo<\/span><\/p><p style=\"text-align: center;\"><span style=\"color: #ffffff;\">Que no hay nada prohibido<\/span><\/p><p style=\"text-align: center;\"><span style=\"color: #ffffff;\">La noche y la cama<\/span><\/p><p style=\"text-align: center;\"><span style=\"color: #ffffff;\">Ser\u00e1n los testigos<\/span><\/p><p style=\"text-align: center;\"><span style=\"color: #ffffff;\">Y yo te hago lo que nadie te hace<\/span><\/p><p style=\"text-align: center;\"><span style=\"color: #ffffff;\">Cuando estamos en el piso la goma rehace<\/span><\/p><p style=\"text-align: center;\"><span style=\"color: #ffffff;\">Yo s\u00e9 que me quiere y que por mi se muere<\/span><\/p><p style=\"text-align: center;\"><span style=\"color: #ffffff;\">Pase lo que pase pase<\/span><\/p><p style=\"text-align: center;\"><span style=\"color: #ffffff;\">Y es que<\/span><\/p><p style=\"text-align: center;\"><span style=\"color: #ffffff;\">Ellos no saben<\/span><\/p><p style=\"text-align: center;\"><span style=\"color: #ffffff;\">Que de tu cuerpo tengo la llave<\/span><\/p><p style=\"text-align: center;\"><span style=\"color: #ffffff;\">Descubr\u00ed cosas que nadie sabe<\/span><\/p><p style=\"text-align: center;\"><span style=\"color: #ffffff;\">Como llevarte a otro planeta sin pasaje<\/span><\/p><p style=\"text-align: center;\"><span style=\"color: #ffffff;\">Dile, dile que ellos no saben<\/span><\/p><p style=\"text-align: center;\"><span style=\"color: #ffffff;\">Ellos<\/span><\/p><p style=\"text-align: center;\"><span style=\"color: #ffffff;\">Ellos no saben c\u00f3mo t\u00fa y yo nos tocamos<\/span><\/p><p style=\"text-align: center;\"><span style=\"color: #ffffff;\">Cuantas caricias t\u00fa y yo experimentamos<\/span><\/p><p style=\"text-align: center;\"><span style=\"color: #ffffff;\">No se imaginan lo que t\u00fa me hace a m\u00ed<\/span><\/p><p style=\"text-align: center;\"><span style=\"color: #ffffff;\">Ellos<\/span><\/p><p style=\"text-align: center;\"><span style=\"color: #ffffff;\">Ellos no saben c\u00f3mo t\u00fa y yo nos tocamos<\/span><\/p><p style=\"text-align: center;\"><span style=\"color: #ffffff;\">Cuantas cosas t\u00fa y yo experimentamos<\/span><\/p><p style=\"text-align: center;\"><span style=\"color: #ffffff;\">No se imaginan lo que t\u00fa me hace a m\u00ed<\/span><\/p><p style=\"text-align: center;\"><span style=\"color: #ffffff;\">Baby baby<\/span><\/p><p style=\"text-align: center;\"><span style=\"color: #ffffff;\">Master underground<\/span><\/p><p style=\"text-align: center;\"><span style=\"color: #ffffff;\">Pm estudio<\/span><\/p><p style=\"text-align: center;\"><span style=\"color: #ffffff;\">C\u00e9lula music<\/span><\/p><p style=\"text-align: center;\"><span style=\"color: #ffffff;\">Dj unic<\/span><\/p><p style=\"text-align: center;\"><span style=\"color: #ffffff;\">Amilkele the minister<\/span><\/p><p style=\"text-align: center;\"><span style=\"color: #ffffff;\">Yeny la aut\u00e9ntica<\/span><\/p><p style=\"text-align: center;\"><span style=\"color: #ffffff;\">Liban pro<\/span><\/p><p style=\"text-align: center;\"><span style=\"color: #ffffff;\">Una vez m\u00e1s<\/span><\/p><p style=\"text-align: center;\"><span style=\"color: #ffffff;\">Di Benedetto production<\/span><\/p><p style=\"text-align: center;\"><span style=\"color: #ffffff;\">Amilkele the king<\/span><\/p><p style=\"text-align: center;\"><span style=\"color: #ffffff;\">Yany queen<\/span><\/p><p style=\"text-align: center;\"><span style=\"color: #ffffff;\">La reina del trap<\/span><\/p><p style=\"text-align: center;\"><span style=\"color: #ffffff;\">To el mundo pa tra<\/span><\/p><p style=\"text-align: center;\"><span style=\"color: #ffffff;\">The minister<\/span><\/p><\/div>\t\t\t\t\t<\/div>\n\t\t\t\t\t\t<\/div>\n\t\t\t\t<\/div>\n\t\t\t\t\t\t<\/div>\n\t\t\t\t\t<\/div>\n\t\t<\/div>\n\t\t\t\t\t\t\t\t<\/div>\n\t\t\t\t\t<\/div>\n\t\t<\/section>\n\t\t\t\t\t\t<\/div>\n\t\t\t\t\t\t<\/div>\n\t\t\t\t\t<\/div>\n\t\t","protected":false},"excerpt":{"rendered":"<p>SPOTIFY APPLE MUSIC DEEZER AMAZON MUSIC Amilkele the minister Directamente de Miami Yeny la aut\u00e9ntica Ellos no saben Que de tu cuerpo yo tengo la llave Que descubr\u00ed cosas que nadie sabe Como llevarte a otro planeta sin pasaje Dile, dile que ellos no saben Ellos Ellos no saben c\u00f3mo t\u00fa y yo nos tocamos.<\/p>\n","protected":false},"author":1,"featured_media":0,"parent":0,"menu_order":0,"comment_status":"closed","ping_status":"closed","template":"","meta":{"footnotes":""},"categories":[42],"tags":[],"class_list":["post-4461","page","type-page","status-publish","hentry","category-testi"],"yoast_head":"<!-- This site is optimized with the Yoast SEO plugin v19.6.1 - https:\/\/yoast.com\/wordpress\/plugins\/seo\/ -->\n<title>Ellos No Saben - Di Benedetto Productions<\/title>\n<meta name=\"robots\" content=\"index, follow, max-snippet:-1, max-image-preview:large, max-video-preview:-1\" \/>\n<link rel=\"canonical\" href=\"https:\/\/dibenedettoproductions.com\/?page_id=4461\" \/>\n<meta property=\"og:locale\" content=\"it_IT\" \/>\n<meta property=\"og:type\" content=\"article\" \/>\n<meta property=\"og:title\" content=\"Ellos No Saben - Di Benedetto Productions\" \/>\n<meta property=\"og:description\" content=\"SPOTIFY APPLE MUSIC DEEZER AMAZON MUSIC Amilkele the minister Directamente de Miami Yeny la aut\u00e9ntica Ellos no saben Que de tu cuerpo yo tengo la llave Que descubr\u00ed cosas que nadie sabe Como llevarte a otro planeta sin pasaje Dile, dile que ellos no saben Ellos Ellos no saben c\u00f3mo t\u00fa y yo nos tocamos.\" \/>\n<meta property=\"og:url\" content=\"https:\/\/dibenedettoproductions.com\/?page_id=4461\" \/>\n<meta property=\"og:site_name\" content=\"Di Benedetto Productions\" \/>\n<meta property=\"article:modified_time\" content=\"2021-08-05T15:06:28+00:00\" \/>\n<meta name=\"twitter:card\" content=\"summary_large_image\" \/>\n<meta name=\"twitter:label1\" content=\"Tempo di lettura stimato\" \/>\n\t<meta name=\"twitter:data1\" content=\"2 minuti\" \/>\n<script type=\"application\/ld+json\" class=\"yoast-schema-graph\">{\"@context\":\"https:\/\/schema.org\",\"@graph\":[{\"@type\":\"WebPage\",\"@id\":\"https:\/\/dibenedettoproductions.com\/?page_id=4461\",\"url\":\"https:\/\/dibenedettoproductions.com\/?page_id=4461\",\"name\":\"Ellos No Saben - Di Benedetto Productions\",\"isPartOf\":{\"@id\":\"https:\/\/dibenedettoproductions.com\/#website\"},\"datePublished\":\"2021-02-25T15:44:38+00:00\",\"dateModified\":\"2021-08-05T15:06:28+00:00\",\"breadcrumb\":{\"@id\":\"https:\/\/dibenedettoproductions.com\/?page_id=4461#breadcrumb\"},\"inLanguage\":\"it-IT\",\"potentialAction\":[{\"@type\":\"ReadAction\",\"target\":[\"https:\/\/dibenedettoproductions.com\/?page_id=4461\"]}]},{\"@type\":\"BreadcrumbList\",\"@id\":\"https:\/\/dibenedettoproductions.com\/?page_id=4461#breadcrumb\",\"itemListElement\":[{\"@type\":\"ListItem\",\"position\":1,\"name\":\"Home\",\"item\":\"https:\/\/dibenedettoproductions.com\/\"},{\"@type\":\"ListItem\",\"position\":2,\"name\":\"Ellos No Saben\"}]},{\"@type\":\"WebSite\",\"@id\":\"https:\/\/dibenedettoproductions.com\/#website\",\"url\":\"https:\/\/dibenedettoproductions.com\/\",\"name\":\"Di Benedetto Productions\",\"description\":\"\",\"publisher\":{\"@id\":\"https:\/\/dibenedettoproductions.com\/#organization\"},\"potentialAction\":[{\"@type\":\"SearchAction\",\"target\":{\"@type\":\"EntryPoint\",\"urlTemplate\":\"https:\/\/dibenedettoproductions.com\/?s={search_term_string}\"},\"query-input\":\"required name=search_term_string\"}],\"inLanguage\":\"it-IT\"},{\"@type\":\"Organization\",\"@id\":\"https:\/\/dibenedettoproductions.com\/#organization\",\"name\":\"DI BENEDETTO PRODUCTIONS\",\"url\":\"https:\/\/dibenedettoproductions.com\/\",\"sameAs\":[],\"logo\":{\"@type\":\"ImageObject\",\"inLanguage\":\"it-IT\",\"@id\":\"https:\/\/dibenedettoproductions.com\/#\/schema\/logo\/image\/\",\"url\":\"https:\/\/dibenedettoproductions.com\/wp-content\/uploads\/2021\/09\/logo_di_benedetto_productions.jpg\",\"contentUrl\":\"https:\/\/dibenedettoproductions.com\/wp-content\/uploads\/2021\/09\/logo_di_benedetto_productions.jpg\",\"width\":225,\"height\":225,\"caption\":\"DI BENEDETTO PRODUCTIONS\"},\"image\":{\"@id\":\"https:\/\/dibenedettoproductions.com\/#\/schema\/logo\/image\/\"}}]}<\/script>\n<!-- \/ Yoast SEO plugin. -->","yoast_head_json":{"title":"Ellos No Saben - Di Benedetto Productions","robots":{"index":"index","follow":"follow","max-snippet":"max-snippet:-1","max-image-preview":"max-image-preview:large","max-video-preview":"max-video-preview:-1"},"canonical":"https:\/\/dibenedettoproductions.com\/?page_id=4461","og_locale":"it_IT","og_type":"article","og_title":"Ellos No Saben - Di Benedetto Productions","og_description":"SPOTIFY APPLE MUSIC DEEZER AMAZON MUSIC Amilkele the minister Directamente de Miami Yeny la aut\u00e9ntica Ellos no saben Que de tu cuerpo yo tengo la llave Que descubr\u00ed cosas que nadie sabe Como llevarte a otro planeta sin pasaje Dile, dile que ellos no saben Ellos Ellos no saben c\u00f3mo t\u00fa y yo nos tocamos.","og_url":"https:\/\/dibenedettoproductions.com\/?page_id=4461","og_site_name":"Di Benedetto Productions","article_modified_time":"2021-08-05T15:06:28+00:00","twitter_card":"summary_large_image","twitter_misc":{"Tempo di lettura stimato":"2 minuti"},"schema":{"@context":"https:\/\/schema.org","@graph":[{"@type":"WebPage","@id":"https:\/\/dibenedettoproductions.com\/?page_id=4461","url":"https:\/\/dibenedettoproductions.com\/?page_id=4461","name":"Ellos No Saben - Di Benedetto Productions","isPartOf":{"@id":"https:\/\/dibenedettoproductions.com\/#website"},"datePublished":"2021-02-25T15:44:38+00:00","dateModified":"2021-08-05T15:06:28+00:00","breadcrumb":{"@id":"https:\/\/dibenedettoproductions.com\/?page_id=4461#breadcrumb"},"inLanguage":"it-IT","potentialAction":[{"@type":"ReadAction","target":["https:\/\/dibenedettoproductions.com\/?page_id=4461"]}]},{"@type":"BreadcrumbList","@id":"https:\/\/dibenedettoproductions.com\/?page_id=4461#breadcrumb","itemListElement":[{"@type":"ListItem","position":1,"name":"Home","item":"https:\/\/dibenedettoproductions.com\/"},{"@type":"ListItem","position":2,"name":"Ellos No Saben"}]},{"@type":"WebSite","@id":"https:\/\/dibenedettoproductions.com\/#website","url":"https:\/\/dibenedettoproductions.com\/","name":"Di Benedetto Productions","description":"","publisher":{"@id":"https:\/\/dibenedettoproductions.com\/#organization"},"potentialAction":[{"@type":"SearchAction","target":{"@type":"EntryPoint","urlTemplate":"https:\/\/dibenedettoproductions.com\/?s={search_term_string}"},"query-input":"required name=search_term_string"}],"inLanguage":"it-IT"},{"@type":"Organization","@id":"https:\/\/dibenedettoproductions.com\/#organization","name":"DI BENEDETTO PRODUCTIONS","url":"https:\/\/dibenedettoproductions.com\/","sameAs":[],"logo":{"@type":"ImageObject","inLanguage":"it-IT","@id":"https:\/\/dibenedettoproductions.com\/#\/schema\/logo\/image\/","url":"https:\/\/dibenedettoproductions.com\/wp-content\/uploads\/2021\/09\/logo_di_benedetto_productions.jpg","contentUrl":"https:\/\/dibenedettoproductions.com\/wp-content\/uploads\/2021\/09\/logo_di_benedetto_productions.jpg","width":225,"height":225,"caption":"DI BENEDETTO PRODUCTIONS"},"image":{"@id":"https:\/\/dibenedettoproductions.com\/#\/schema\/logo\/image\/"}}]}},"_links":{"self":[{"href":"https:\/\/dibenedettoproductions.com\/index.php?rest_route=\/wp\/v2\/pages\/4461","targetHints":{"allow":["GET"]}}],"collection":[{"href":"https:\/\/dibenedettoproductions.com\/index.php?rest_route=\/wp\/v2\/pages"}],"about":[{"href":"https:\/\/dibenedettoproductions.com\/index.php?rest_route=\/wp\/v2\/types\/page"}],"author":[{"embeddable":true,"href":"https:\/\/dibenedettoproductions.com\/index.php?rest_route=\/wp\/v2\/users\/1"}],"replies":[{"embeddable":true,"href":"https:\/\/dibenedettoproductions.com\/index.php?rest_route=%2Fwp%2Fv2%2Fcomments&post=4461"}],"version-history":[{"count":7,"href":"https:\/\/dibenedettoproductions.com\/index.php?rest_route=\/wp\/v2\/pages\/4461\/revisions"}],"predecessor-version":[{"id":5692,"href":"https:\/\/dibenedettoproductions.com\/index.php?rest_route=\/wp\/v2\/pages\/4461\/revisions\/5692"}],"wp:attachment":[{"href":"https:\/\/dibenedettoproductions.com\/index.php?rest_route=%2Fwp%2Fv2%2Fmedia&parent=4461"}],"wp:term":[{"taxonomy":"category","embeddable":true,"href":"https:\/\/dibenedettoproductions.com\/index.php?rest_route=%2Fwp%2Fv2%2Fcategories&post=4461"},{"taxonomy":"post_tag","embeddable":true,"href":"https:\/\/dibenedettoproductions.com\/index.php?rest_route=%2Fwp%2Fv2%2Ftags&post=4461"}],"curies":[{"name":"wp","href":"https:\/\/api.w.org\/{rel}","templated":true}]}}