{"id":4414,"date":"2021-02-25T12:05:11","date_gmt":"2021-02-25T12:05:11","guid":{"rendered":"https:\/\/dibenedettoproductions.com\/?page_id=4414"},"modified":"2021-08-05T15:01:51","modified_gmt":"2021-08-05T15:01:51","slug":"curiosa","status":"publish","type":"page","link":"https:\/\/dibenedettoproductions.com\/?page_id=4414","title":{"rendered":"Curiosa"},"content":{"rendered":"\t\t<div data-elementor-type=\"wp-page\" data-elementor-id=\"4414\" class=\"elementor elementor-4414\" data-elementor-settings=\"[]\">\n\t\t\t\t\t\t<div class=\"elementor-inner\">\n\t\t\t\t\t\t\t<div class=\"elementor-section-wrap\">\n\t\t\t\t\t\t\t<section class=\"elementor-section elementor-top-section elementor-element elementor-element-b8373dc elementor-section-stretched elementor-section-boxed elementor-section-height-default elementor-section-height-default\" data-id=\"b8373dc\" data-element_type=\"section\" data-settings=\"{&quot;stretch_section&quot;:&quot;section-stretched&quot;,&quot;background_background&quot;:&quot;classic&quot;}\">\n\t\t\t\t\t\t<div class=\"elementor-container elementor-column-gap-default\">\n\t\t\t\t\t\t\t<div class=\"elementor-row\">\n\t\t\t\t\t<div class=\"elementor-column elementor-col-25 elementor-top-column elementor-element elementor-element-baf26ba\" data-id=\"baf26ba\" data-element_type=\"column\">\n\t\t\t<div class=\"elementor-column-wrap elementor-element-populated\">\n\t\t\t\t\t\t\t<div class=\"elementor-widget-wrap\">\n\t\t\t\t\t\t<div class=\"elementor-element elementor-element-ed9b27d elementor-align-center elementor-widget elementor-widget-button\" data-id=\"ed9b27d\" data-element_type=\"widget\" data-widget_type=\"button.default\">\n\t\t\t\t<div class=\"elementor-widget-container\">\n\t\t\t\t\t<div class=\"elementor-button-wrapper\">\n\t\t\t<a href=\"https:\/\/open.spotify.com\/track\/6fWZdEK7WNaDfrYsryRiz8?si=m6otx_eiQM-mcFyDAPgc9Q%20\" class=\"elementor-button-link elementor-button elementor-size-sm\" role=\"button\">\n\t\t\t\t\t\t<span class=\"elementor-button-content-wrapper\">\n\t\t\t\t\t\t<span class=\"elementor-button-text\">SPOTIFY<\/span>\n\t\t<\/span>\n\t\t\t\t\t<\/a>\n\t\t<\/div>\n\t\t\t\t<\/div>\n\t\t\t\t<\/div>\n\t\t\t\t\t\t<\/div>\n\t\t\t\t\t<\/div>\n\t\t<\/div>\n\t\t\t\t<div class=\"elementor-column elementor-col-25 elementor-top-column elementor-element elementor-element-efced37\" data-id=\"efced37\" data-element_type=\"column\">\n\t\t\t<div class=\"elementor-column-wrap elementor-element-populated\">\n\t\t\t\t\t\t\t<div class=\"elementor-widget-wrap\">\n\t\t\t\t\t\t<div class=\"elementor-element elementor-element-0986841 elementor-align-center elementor-widget elementor-widget-button\" data-id=\"0986841\" data-element_type=\"widget\" data-widget_type=\"button.default\">\n\t\t\t\t<div class=\"elementor-widget-container\">\n\t\t\t\t\t<div class=\"elementor-button-wrapper\">\n\t\t\t<a href=\"https:\/\/music.apple.com\/us\/album\/curiosa\/1531523181?i=1531523182%20\" class=\"elementor-button-link elementor-button elementor-size-sm\" role=\"button\">\n\t\t\t\t\t\t<span class=\"elementor-button-content-wrapper\">\n\t\t\t\t\t\t<span class=\"elementor-button-text\">APPLE MUSIC<\/span>\n\t\t<\/span>\n\t\t\t\t\t<\/a>\n\t\t<\/div>\n\t\t\t\t<\/div>\n\t\t\t\t<\/div>\n\t\t\t\t\t\t<\/div>\n\t\t\t\t\t<\/div>\n\t\t<\/div>\n\t\t\t\t<div class=\"elementor-column elementor-col-25 elementor-top-column elementor-element elementor-element-00ee21c\" data-id=\"00ee21c\" data-element_type=\"column\">\n\t\t\t<div class=\"elementor-column-wrap elementor-element-populated\">\n\t\t\t\t\t\t\t<div class=\"elementor-widget-wrap\">\n\t\t\t\t\t\t<div class=\"elementor-element elementor-element-60834ad elementor-align-center elementor-widget elementor-widget-button\" data-id=\"60834ad\" data-element_type=\"widget\" data-widget_type=\"button.default\">\n\t\t\t\t<div class=\"elementor-widget-container\">\n\t\t\t\t\t<div class=\"elementor-button-wrapper\">\n\t\t\t<a href=\"https:\/\/deezer.page.link\/yMoxSsRVVV2GNNKx5\" class=\"elementor-button-link elementor-button elementor-size-sm\" role=\"button\">\n\t\t\t\t\t\t<span class=\"elementor-button-content-wrapper\">\n\t\t\t\t\t\t<span class=\"elementor-button-text\">DEEZER<\/span>\n\t\t<\/span>\n\t\t\t\t\t<\/a>\n\t\t<\/div>\n\t\t\t\t<\/div>\n\t\t\t\t<\/div>\n\t\t\t\t\t\t<\/div>\n\t\t\t\t\t<\/div>\n\t\t<\/div>\n\t\t\t\t<div class=\"elementor-column elementor-col-25 elementor-top-column elementor-element elementor-element-4fc9905\" data-id=\"4fc9905\" data-element_type=\"column\">\n\t\t\t<div class=\"elementor-column-wrap elementor-element-populated\">\n\t\t\t\t\t\t\t<div class=\"elementor-widget-wrap\">\n\t\t\t\t\t\t<div class=\"elementor-element elementor-element-9fe8916 elementor-align-center elementor-widget elementor-widget-button\" data-id=\"9fe8916\" data-element_type=\"widget\" data-widget_type=\"button.default\">\n\t\t\t\t<div class=\"elementor-widget-container\">\n\t\t\t\t\t<div class=\"elementor-button-wrapper\">\n\t\t\t<a href=\"https:\/\/music.amazon.com\/albums\/B08HVZMHL5?trackAsin=B08HVWZ5XH&#038;ref=dm_sh_6abd-3bda-dmcp-1a94-82e51&#038;musicTerritory=US&#038;marketplaceId=ATVPDKIKX0DER\" class=\"elementor-button-link elementor-button elementor-size-sm\" role=\"button\">\n\t\t\t\t\t\t<span class=\"elementor-button-content-wrapper\">\n\t\t\t\t\t\t<span class=\"elementor-button-text\">AMAZON MUSIC<\/span>\n\t\t<\/span>\n\t\t\t\t\t<\/a>\n\t\t<\/div>\n\t\t\t\t<\/div>\n\t\t\t\t<\/div>\n\t\t\t\t\t\t<\/div>\n\t\t\t\t\t<\/div>\n\t\t<\/div>\n\t\t\t\t\t\t\t\t<\/div>\n\t\t\t\t\t<\/div>\n\t\t<\/section>\n\t\t\t\t<section class=\"elementor-section elementor-top-section elementor-element elementor-element-81a5c1d elementor-section-stretched elementor-section-boxed elementor-section-height-default elementor-section-height-default\" data-id=\"81a5c1d\" data-element_type=\"section\" data-settings=\"{&quot;stretch_section&quot;:&quot;section-stretched&quot;,&quot;background_background&quot;:&quot;classic&quot;}\">\n\t\t\t\t\t\t<div class=\"elementor-container elementor-column-gap-default\">\n\t\t\t\t\t\t\t<div class=\"elementor-row\">\n\t\t\t\t\t<div class=\"elementor-column elementor-col-100 elementor-top-column elementor-element elementor-element-f671e70\" data-id=\"f671e70\" data-element_type=\"column\">\n\t\t\t<div class=\"elementor-column-wrap elementor-element-populated\">\n\t\t\t\t\t\t\t<div class=\"elementor-widget-wrap\">\n\t\t\t\t\t\t<div class=\"elementor-element elementor-element-bb87199 elementor-widget elementor-widget-text-editor\" data-id=\"bb87199\" data-element_type=\"widget\" data-widget_type=\"text-editor.default\">\n\t\t\t\t<div class=\"elementor-widget-container\">\n\t\t\t\t\t\t\t\t<div class=\"elementor-text-editor elementor-clearfix\">\n\t\t\t\t<div><p style=\"text-align: center;\"><span style=\"color: #ffffff;\">Malaka malakasa u yeah<\/span><\/p><p style=\"text-align: center;\"><span style=\"color: #ffffff;\">La verdad que no entiendo<\/span><\/p><p style=\"text-align: center;\"><span style=\"color: #ffffff;\">Qu\u00e9 le pasa a mi novio contigo<\/span><\/p><p style=\"text-align: center;\"><span style=\"color: #ffffff;\">Tan solo ver que me das un like<\/span><\/p><p style=\"text-align: center;\"><span style=\"color: #ffffff;\">Parece que un bicho le ha mordido<\/span><\/p><p style=\"text-align: center;\"><span style=\"color: #ffffff;\">Y ah\u00ed empieza con el teke<\/span><\/p><p style=\"text-align: center;\"><span style=\"color: #ffffff;\">Yo que ni te hab\u00eda notado y ahora por mis ojos te metes<\/span><\/p><p style=\"text-align: center;\"><span style=\"color: #ffffff;\">Yo que ni te hab\u00eda mirado pero tanto me atacas<\/span><\/p><p style=\"text-align: center;\"><span style=\"color: #ffffff;\">Que ahora me has puesto curiosa<\/span><\/p><p style=\"text-align: center;\"><span style=\"color: #ffffff;\">Curiosa<\/span><\/p><p style=\"text-align: center;\"><span style=\"color: #ffffff;\">Que ahora me has puesto curiosa<\/span><\/p><p style=\"text-align: center;\"><span style=\"color: #ffffff;\">Curiosa<\/span><\/p><p style=\"text-align: center;\"><span style=\"color: #ffffff;\">Que ahora me tienes curiosa<\/span><\/p><p style=\"text-align: center;\"><span style=\"color: #ffffff;\">Curiosa<\/span><\/p><p style=\"text-align: center;\"><span style=\"color: #ffffff;\">Que ahora me has puesto curiosa<\/span><\/p><p style=\"text-align: center;\"><span style=\"color: #ffffff;\">Curiosa<\/span><\/p><p style=\"text-align: center;\"><span style=\"color: #ffffff;\">Ahora me pica la curiosidad<\/span><\/p><p style=\"text-align: center;\"><span style=\"color: #ffffff;\">Ahora yo quiero saber lo que da<\/span><\/p><p style=\"text-align: center;\"><span style=\"color: #ffffff;\">Ahora yo tengo ahora yo tengo antojo<\/span><\/p><p style=\"text-align: center;\"><span style=\"color: #ffffff;\">Despu\u00e9s que me lo metiste por los ojos<\/span><\/p><p style=\"text-align: center;\"><span style=\"color: #ffffff;\">Ahora me pica la curiosidad<\/span><\/p><p style=\"text-align: center;\"><span style=\"color: #ffffff;\">Ahora yo quiero saber lo que da<\/span><\/p><p style=\"text-align: center;\"><span style=\"color: #ffffff;\">Ahora yo tengo ahora yo tengo antojo<\/span><\/p><p style=\"text-align: center;\"><span style=\"color: #ffffff;\">Despu\u00e9s que me lo metiste por los ojos<\/span><\/p><p style=\"text-align: center;\"><span style=\"color: #ffffff;\">Que ahora me has puesto curiosa<\/span><\/p><p style=\"text-align: center;\"><span style=\"color: #ffffff;\">Curiosa<\/span><\/p><p style=\"text-align: center;\"><span style=\"color: #ffffff;\">Que ahora me has puesto curiosa<\/span><\/p><p style=\"text-align: center;\"><span style=\"color: #ffffff;\">Curiosa<\/span><\/p><p style=\"text-align: center;\"><span style=\"color: #ffffff;\">Que ahora me tienes curiosa<\/span><\/p><p style=\"text-align: center;\"><span style=\"color: #ffffff;\">Curiosa<\/span><\/p><p style=\"text-align: center;\"><span style=\"color: #ffffff;\">Que ahora me has puesto curiosa<\/span><\/p><p style=\"text-align: center;\"><span style=\"color: #ffffff;\">Curiosa<\/span><\/p><p style=\"text-align: center;\"><span style=\"color: #ffffff;\">Y ahora me intriga saber<\/span><\/p><p style=\"text-align: center;\"><span style=\"color: #ffffff;\">Aunque sea por un rato<\/span><\/p><p style=\"text-align: center;\"><span style=\"color: #ffffff;\">No importa lo que dicen por ah\u00ed<\/span><\/p><p style=\"text-align: center;\"><span style=\"color: #ffffff;\">Que la curiosidad mato al gato<\/span><\/p><p style=\"text-align: center;\"><span style=\"color: #ffffff;\">Y ahora me intriga saber<\/span><\/p><p style=\"text-align: center;\"><span style=\"color: #ffffff;\">Aunque sea por un rato<\/span><\/p><p style=\"text-align: center;\"><span style=\"color: #ffffff;\">No importa lo que dicen por ah\u00ed<\/span><\/p><p style=\"text-align: center;\"><span style=\"color: #ffffff;\">Que la curiosidad mato al gato<\/span><\/p><p style=\"text-align: center;\"><span style=\"color: #ffffff;\">Ahora me pica la curiosidad<\/span><\/p><p style=\"text-align: center;\"><span style=\"color: #ffffff;\">Ahora yo quiero saber lo que da<\/span><\/p><p style=\"text-align: center;\"><span style=\"color: #ffffff;\">Ahora yo tengo ahora yo tengo antojo<\/span><\/p><p style=\"text-align: center;\"><span style=\"color: #ffffff;\">Despu\u00e9s que me lo metiste por los ojos<\/span><\/p><p style=\"text-align: center;\"><span style=\"color: #ffffff;\">Di Benedetto production<\/span><\/p><p style=\"text-align: center;\"><span style=\"color: #ffffff;\">Baila y la m\u00fasica es de ru<\/span><\/p><p style=\"text-align: center;\"><span style=\"color: #ffffff;\">Malaka<\/span><\/p><p style=\"text-align: center;\"><span style=\"color: #ffffff;\">Y la letra del se\u00f1or espinosa<\/span><\/p><p style=\"text-align: center;\"><span style=\"color: #ffffff;\">Que ahora me has puesto curiosa<\/span><\/p><p style=\"text-align: center;\"><span style=\"color: #ffffff;\">Curiosa<\/span><\/p><p style=\"text-align: center;\"><span style=\"color: #ffffff;\">Que ahora me has puesto curiosa<\/span><\/p><p style=\"text-align: center;\"><span style=\"color: #ffffff;\">Curiosa<\/span><\/p><p style=\"text-align: center;\"><span style=\"color: #ffffff;\">Que ahora me tienes curiosa<\/span><\/p><p style=\"text-align: center;\"><span style=\"color: #ffffff;\">Curiosa<\/span><\/p><p style=\"text-align: center;\"><span style=\"color: #ffffff;\">Que ahora me has puesto curiosa<\/span><\/p><p style=\"text-align: center;\"><span style=\"color: #ffffff;\">Curiosa<\/span><\/p><p style=\"text-align: center;\"><span style=\"color: #ffffff;\">Ahora me tienes curiosa<\/span><\/p><p style=\"text-align: center;\"><span style=\"color: #ffffff;\">Curiosa<\/span><\/p><p style=\"text-align: center;\"><span style=\"color: #ffffff;\">Ahora me tienes curiosa<\/span><\/p><p style=\"text-align: center;\"><span style=\"color: #ffffff;\">Me tienes curiosa papito<\/span><\/p><\/div>\t\t\t\t\t<\/div>\n\t\t\t\t\t\t<\/div>\n\t\t\t\t<\/div>\n\t\t\t\t\t\t<\/div>\n\t\t\t\t\t<\/div>\n\t\t<\/div>\n\t\t\t\t\t\t\t\t<\/div>\n\t\t\t\t\t<\/div>\n\t\t<\/section>\n\t\t\t\t\t\t<\/div>\n\t\t\t\t\t\t<\/div>\n\t\t\t\t\t<\/div>\n\t\t","protected":false},"excerpt":{"rendered":"<p>SPOTIFY APPLE MUSIC DEEZER AMAZON MUSIC Malaka malakasa u yeah La verdad que no entiendo Qu\u00e9 le pasa a mi novio contigo Tan solo ver que me das un like Parece que un bicho le ha mordido Y ah\u00ed empieza con el teke Yo que ni te hab\u00eda notado y ahora por mis ojos te.<\/p>\n","protected":false},"author":1,"featured_media":0,"parent":0,"menu_order":0,"comment_status":"closed","ping_status":"closed","template":"","meta":{"footnotes":""},"categories":[42],"tags":[],"class_list":["post-4414","page","type-page","status-publish","hentry","category-testi"],"yoast_head":"<!-- This site is optimized with the Yoast SEO plugin v19.6.1 - https:\/\/yoast.com\/wordpress\/plugins\/seo\/ -->\n<title>Curiosa - Di Benedetto Productions<\/title>\n<meta name=\"robots\" content=\"index, follow, max-snippet:-1, max-image-preview:large, max-video-preview:-1\" \/>\n<link rel=\"canonical\" href=\"https:\/\/dibenedettoproductions.com\/?page_id=4414\" \/>\n<meta property=\"og:locale\" content=\"it_IT\" \/>\n<meta property=\"og:type\" content=\"article\" \/>\n<meta property=\"og:title\" content=\"Curiosa - Di Benedetto Productions\" \/>\n<meta property=\"og:description\" content=\"SPOTIFY APPLE MUSIC DEEZER AMAZON MUSIC Malaka malakasa u yeah La verdad que no entiendo Qu\u00e9 le pasa a mi novio contigo Tan solo ver que me das un like Parece que un bicho le ha mordido Y ah\u00ed empieza con el teke Yo que ni te hab\u00eda notado y ahora por mis ojos te.\" \/>\n<meta property=\"og:url\" content=\"https:\/\/dibenedettoproductions.com\/?page_id=4414\" \/>\n<meta property=\"og:site_name\" content=\"Di Benedetto Productions\" \/>\n<meta property=\"article:modified_time\" content=\"2021-08-05T15:01:51+00:00\" \/>\n<meta name=\"twitter:card\" content=\"summary_large_image\" \/>\n<meta name=\"twitter:label1\" content=\"Tempo di lettura stimato\" \/>\n\t<meta name=\"twitter:data1\" content=\"1 minuto\" \/>\n<script type=\"application\/ld+json\" class=\"yoast-schema-graph\">{\"@context\":\"https:\/\/schema.org\",\"@graph\":[{\"@type\":\"WebPage\",\"@id\":\"https:\/\/dibenedettoproductions.com\/?page_id=4414\",\"url\":\"https:\/\/dibenedettoproductions.com\/?page_id=4414\",\"name\":\"Curiosa - Di Benedetto Productions\",\"isPartOf\":{\"@id\":\"https:\/\/dibenedettoproductions.com\/#website\"},\"datePublished\":\"2021-02-25T12:05:11+00:00\",\"dateModified\":\"2021-08-05T15:01:51+00:00\",\"breadcrumb\":{\"@id\":\"https:\/\/dibenedettoproductions.com\/?page_id=4414#breadcrumb\"},\"inLanguage\":\"it-IT\",\"potentialAction\":[{\"@type\":\"ReadAction\",\"target\":[\"https:\/\/dibenedettoproductions.com\/?page_id=4414\"]}]},{\"@type\":\"BreadcrumbList\",\"@id\":\"https:\/\/dibenedettoproductions.com\/?page_id=4414#breadcrumb\",\"itemListElement\":[{\"@type\":\"ListItem\",\"position\":1,\"name\":\"Home\",\"item\":\"https:\/\/dibenedettoproductions.com\/\"},{\"@type\":\"ListItem\",\"position\":2,\"name\":\"Curiosa\"}]},{\"@type\":\"WebSite\",\"@id\":\"https:\/\/dibenedettoproductions.com\/#website\",\"url\":\"https:\/\/dibenedettoproductions.com\/\",\"name\":\"Di Benedetto Productions\",\"description\":\"\",\"publisher\":{\"@id\":\"https:\/\/dibenedettoproductions.com\/#organization\"},\"potentialAction\":[{\"@type\":\"SearchAction\",\"target\":{\"@type\":\"EntryPoint\",\"urlTemplate\":\"https:\/\/dibenedettoproductions.com\/?s={search_term_string}\"},\"query-input\":\"required name=search_term_string\"}],\"inLanguage\":\"it-IT\"},{\"@type\":\"Organization\",\"@id\":\"https:\/\/dibenedettoproductions.com\/#organization\",\"name\":\"DI BENEDETTO PRODUCTIONS\",\"url\":\"https:\/\/dibenedettoproductions.com\/\",\"sameAs\":[],\"logo\":{\"@type\":\"ImageObject\",\"inLanguage\":\"it-IT\",\"@id\":\"https:\/\/dibenedettoproductions.com\/#\/schema\/logo\/image\/\",\"url\":\"https:\/\/dibenedettoproductions.com\/wp-content\/uploads\/2021\/09\/logo_di_benedetto_productions.jpg\",\"contentUrl\":\"https:\/\/dibenedettoproductions.com\/wp-content\/uploads\/2021\/09\/logo_di_benedetto_productions.jpg\",\"width\":225,\"height\":225,\"caption\":\"DI BENEDETTO PRODUCTIONS\"},\"image\":{\"@id\":\"https:\/\/dibenedettoproductions.com\/#\/schema\/logo\/image\/\"}}]}<\/script>\n<!-- \/ Yoast SEO plugin. -->","yoast_head_json":{"title":"Curiosa - Di Benedetto Productions","robots":{"index":"index","follow":"follow","max-snippet":"max-snippet:-1","max-image-preview":"max-image-preview:large","max-video-preview":"max-video-preview:-1"},"canonical":"https:\/\/dibenedettoproductions.com\/?page_id=4414","og_locale":"it_IT","og_type":"article","og_title":"Curiosa - Di Benedetto Productions","og_description":"SPOTIFY APPLE MUSIC DEEZER AMAZON MUSIC Malaka malakasa u yeah La verdad que no entiendo Qu\u00e9 le pasa a mi novio contigo Tan solo ver que me das un like Parece que un bicho le ha mordido Y ah\u00ed empieza con el teke Yo que ni te hab\u00eda notado y ahora por mis ojos te.","og_url":"https:\/\/dibenedettoproductions.com\/?page_id=4414","og_site_name":"Di Benedetto Productions","article_modified_time":"2021-08-05T15:01:51+00:00","twitter_card":"summary_large_image","twitter_misc":{"Tempo di lettura stimato":"1 minuto"},"schema":{"@context":"https:\/\/schema.org","@graph":[{"@type":"WebPage","@id":"https:\/\/dibenedettoproductions.com\/?page_id=4414","url":"https:\/\/dibenedettoproductions.com\/?page_id=4414","name":"Curiosa - Di Benedetto Productions","isPartOf":{"@id":"https:\/\/dibenedettoproductions.com\/#website"},"datePublished":"2021-02-25T12:05:11+00:00","dateModified":"2021-08-05T15:01:51+00:00","breadcrumb":{"@id":"https:\/\/dibenedettoproductions.com\/?page_id=4414#breadcrumb"},"inLanguage":"it-IT","potentialAction":[{"@type":"ReadAction","target":["https:\/\/dibenedettoproductions.com\/?page_id=4414"]}]},{"@type":"BreadcrumbList","@id":"https:\/\/dibenedettoproductions.com\/?page_id=4414#breadcrumb","itemListElement":[{"@type":"ListItem","position":1,"name":"Home","item":"https:\/\/dibenedettoproductions.com\/"},{"@type":"ListItem","position":2,"name":"Curiosa"}]},{"@type":"WebSite","@id":"https:\/\/dibenedettoproductions.com\/#website","url":"https:\/\/dibenedettoproductions.com\/","name":"Di Benedetto Productions","description":"","publisher":{"@id":"https:\/\/dibenedettoproductions.com\/#organization"},"potentialAction":[{"@type":"SearchAction","target":{"@type":"EntryPoint","urlTemplate":"https:\/\/dibenedettoproductions.com\/?s={search_term_string}"},"query-input":"required name=search_term_string"}],"inLanguage":"it-IT"},{"@type":"Organization","@id":"https:\/\/dibenedettoproductions.com\/#organization","name":"DI BENEDETTO PRODUCTIONS","url":"https:\/\/dibenedettoproductions.com\/","sameAs":[],"logo":{"@type":"ImageObject","inLanguage":"it-IT","@id":"https:\/\/dibenedettoproductions.com\/#\/schema\/logo\/image\/","url":"https:\/\/dibenedettoproductions.com\/wp-content\/uploads\/2021\/09\/logo_di_benedetto_productions.jpg","contentUrl":"https:\/\/dibenedettoproductions.com\/wp-content\/uploads\/2021\/09\/logo_di_benedetto_productions.jpg","width":225,"height":225,"caption":"DI BENEDETTO PRODUCTIONS"},"image":{"@id":"https:\/\/dibenedettoproductions.com\/#\/schema\/logo\/image\/"}}]}},"_links":{"self":[{"href":"https:\/\/dibenedettoproductions.com\/index.php?rest_route=\/wp\/v2\/pages\/4414","targetHints":{"allow":["GET"]}}],"collection":[{"href":"https:\/\/dibenedettoproductions.com\/index.php?rest_route=\/wp\/v2\/pages"}],"about":[{"href":"https:\/\/dibenedettoproductions.com\/index.php?rest_route=\/wp\/v2\/types\/page"}],"author":[{"embeddable":true,"href":"https:\/\/dibenedettoproductions.com\/index.php?rest_route=\/wp\/v2\/users\/1"}],"replies":[{"embeddable":true,"href":"https:\/\/dibenedettoproductions.com\/index.php?rest_route=%2Fwp%2Fv2%2Fcomments&post=4414"}],"version-history":[{"count":7,"href":"https:\/\/dibenedettoproductions.com\/index.php?rest_route=\/wp\/v2\/pages\/4414\/revisions"}],"predecessor-version":[{"id":5653,"href":"https:\/\/dibenedettoproductions.com\/index.php?rest_route=\/wp\/v2\/pages\/4414\/revisions\/5653"}],"wp:attachment":[{"href":"https:\/\/dibenedettoproductions.com\/index.php?rest_route=%2Fwp%2Fv2%2Fmedia&parent=4414"}],"wp:term":[{"taxonomy":"category","embeddable":true,"href":"https:\/\/dibenedettoproductions.com\/index.php?rest_route=%2Fwp%2Fv2%2Fcategories&post=4414"},{"taxonomy":"post_tag","embeddable":true,"href":"https:\/\/dibenedettoproductions.com\/index.php?rest_route=%2Fwp%2Fv2%2Ftags&post=4414"}],"curies":[{"name":"wp","href":"https:\/\/api.w.org\/{rel}","templated":true}]}}