{"id":4398,"date":"2021-02-25T11:50:48","date_gmt":"2021-02-25T11:50:48","guid":{"rendered":"https:\/\/dibenedettoproductions.com\/?page_id=4398"},"modified":"2021-08-05T15:15:37","modified_gmt":"2021-08-05T15:15:37","slug":"la-fidanzata","status":"publish","type":"page","link":"https:\/\/dibenedettoproductions.com\/?page_id=4398","title":{"rendered":"La Fidanzata"},"content":{"rendered":"\t\t<div data-elementor-type=\"wp-page\" data-elementor-id=\"4398\" class=\"elementor elementor-4398\" data-elementor-settings=\"[]\">\n\t\t\t\t\t\t<div class=\"elementor-inner\">\n\t\t\t\t\t\t\t<div class=\"elementor-section-wrap\">\n\t\t\t\t\t\t\t<section class=\"elementor-section elementor-top-section elementor-element elementor-element-9f5223a elementor-section-stretched elementor-section-boxed elementor-section-height-default elementor-section-height-default\" data-id=\"9f5223a\" data-element_type=\"section\" data-settings=\"{&quot;stretch_section&quot;:&quot;section-stretched&quot;,&quot;background_background&quot;:&quot;classic&quot;}\">\n\t\t\t\t\t\t<div class=\"elementor-container elementor-column-gap-default\">\n\t\t\t\t\t\t\t<div class=\"elementor-row\">\n\t\t\t\t\t<div class=\"elementor-column elementor-col-25 elementor-top-column elementor-element elementor-element-9411f44\" data-id=\"9411f44\" data-element_type=\"column\">\n\t\t\t<div class=\"elementor-column-wrap elementor-element-populated\">\n\t\t\t\t\t\t\t<div class=\"elementor-widget-wrap\">\n\t\t\t\t\t\t<div class=\"elementor-element elementor-element-498c548 elementor-align-center elementor-widget elementor-widget-button\" data-id=\"498c548\" data-element_type=\"widget\" data-widget_type=\"button.default\">\n\t\t\t\t<div class=\"elementor-widget-container\">\n\t\t\t\t\t<div class=\"elementor-button-wrapper\">\n\t\t\t<a href=\"https:\/\/open.spotify.com\/track\/2h61a3n0WC3zgxbSRcxFD3?si=xt96JaduQqSle9be9gJkGg%20\" class=\"elementor-button-link elementor-button elementor-size-sm\" role=\"button\">\n\t\t\t\t\t\t<span class=\"elementor-button-content-wrapper\">\n\t\t\t\t\t\t<span class=\"elementor-button-text\">SPOTIFY<\/span>\n\t\t<\/span>\n\t\t\t\t\t<\/a>\n\t\t<\/div>\n\t\t\t\t<\/div>\n\t\t\t\t<\/div>\n\t\t\t\t\t\t<\/div>\n\t\t\t\t\t<\/div>\n\t\t<\/div>\n\t\t\t\t<div class=\"elementor-column elementor-col-25 elementor-top-column elementor-element elementor-element-16ceb59\" data-id=\"16ceb59\" data-element_type=\"column\">\n\t\t\t<div class=\"elementor-column-wrap elementor-element-populated\">\n\t\t\t\t\t\t\t<div class=\"elementor-widget-wrap\">\n\t\t\t\t\t\t<div class=\"elementor-element elementor-element-143e089 elementor-align-center elementor-widget elementor-widget-button\" data-id=\"143e089\" data-element_type=\"widget\" data-widget_type=\"button.default\">\n\t\t\t\t<div class=\"elementor-widget-container\">\n\t\t\t\t\t<div class=\"elementor-button-wrapper\">\n\t\t\t<a href=\"https:\/\/music.apple.com\/us\/album\/la-fidanzata\/1534306445?i=1534306716%20\" class=\"elementor-button-link elementor-button elementor-size-sm\" role=\"button\">\n\t\t\t\t\t\t<span class=\"elementor-button-content-wrapper\">\n\t\t\t\t\t\t<span class=\"elementor-button-text\">APPLE MUSIC<\/span>\n\t\t<\/span>\n\t\t\t\t\t<\/a>\n\t\t<\/div>\n\t\t\t\t<\/div>\n\t\t\t\t<\/div>\n\t\t\t\t\t\t<\/div>\n\t\t\t\t\t<\/div>\n\t\t<\/div>\n\t\t\t\t<div class=\"elementor-column elementor-col-25 elementor-top-column elementor-element elementor-element-c2bf1f8\" data-id=\"c2bf1f8\" data-element_type=\"column\">\n\t\t\t<div class=\"elementor-column-wrap elementor-element-populated\">\n\t\t\t\t\t\t\t<div class=\"elementor-widget-wrap\">\n\t\t\t\t\t\t<div class=\"elementor-element elementor-element-3d1663d elementor-align-center elementor-widget elementor-widget-button\" data-id=\"3d1663d\" data-element_type=\"widget\" data-widget_type=\"button.default\">\n\t\t\t\t<div class=\"elementor-widget-container\">\n\t\t\t\t\t<div class=\"elementor-button-wrapper\">\n\t\t\t<a href=\"https:\/\/deezer.page.link\/cL2kxqsP3Lo3Sekh6%20\" class=\"elementor-button-link elementor-button elementor-size-sm\" role=\"button\">\n\t\t\t\t\t\t<span class=\"elementor-button-content-wrapper\">\n\t\t\t\t\t\t<span class=\"elementor-button-text\">DEEZER<\/span>\n\t\t<\/span>\n\t\t\t\t\t<\/a>\n\t\t<\/div>\n\t\t\t\t<\/div>\n\t\t\t\t<\/div>\n\t\t\t\t\t\t<\/div>\n\t\t\t\t\t<\/div>\n\t\t<\/div>\n\t\t\t\t<div class=\"elementor-column elementor-col-25 elementor-top-column elementor-element elementor-element-ac21d0a\" data-id=\"ac21d0a\" data-element_type=\"column\">\n\t\t\t<div class=\"elementor-column-wrap elementor-element-populated\">\n\t\t\t\t\t\t\t<div class=\"elementor-widget-wrap\">\n\t\t\t\t\t\t<div class=\"elementor-element elementor-element-2f7cbd7 elementor-align-center elementor-widget elementor-widget-button\" data-id=\"2f7cbd7\" data-element_type=\"widget\" data-widget_type=\"button.default\">\n\t\t\t\t<div class=\"elementor-widget-container\">\n\t\t\t\t\t<div class=\"elementor-button-wrapper\">\n\t\t\t<a href=\"https:\/\/music.amazon.com\/albums\/B08KJN6ZR5?trackAsin=B08KJN59PB&#038;ref=dm_sh_ce4e-ff44-dmcp-0c4b-4f9a2&#038;musicTerritory=US&#038;marketplaceId=ATVPDKIKX0DER%20\" class=\"elementor-button-link elementor-button elementor-size-sm\" role=\"button\">\n\t\t\t\t\t\t<span class=\"elementor-button-content-wrapper\">\n\t\t\t\t\t\t<span class=\"elementor-button-text\">AMAZON MUSIC<\/span>\n\t\t<\/span>\n\t\t\t\t\t<\/a>\n\t\t<\/div>\n\t\t\t\t<\/div>\n\t\t\t\t<\/div>\n\t\t\t\t\t\t<\/div>\n\t\t\t\t\t<\/div>\n\t\t<\/div>\n\t\t\t\t\t\t\t\t<\/div>\n\t\t\t\t\t<\/div>\n\t\t<\/section>\n\t\t\t\t<section class=\"elementor-section elementor-top-section elementor-element elementor-element-843c45a elementor-section-stretched elementor-section-boxed elementor-section-height-default elementor-section-height-default\" data-id=\"843c45a\" data-element_type=\"section\" data-settings=\"{&quot;stretch_section&quot;:&quot;section-stretched&quot;,&quot;background_background&quot;:&quot;classic&quot;}\">\n\t\t\t\t\t\t<div class=\"elementor-container elementor-column-gap-default\">\n\t\t\t\t\t\t\t<div class=\"elementor-row\">\n\t\t\t\t\t<div class=\"elementor-column elementor-col-100 elementor-top-column elementor-element elementor-element-75bfd31\" data-id=\"75bfd31\" data-element_type=\"column\">\n\t\t\t<div class=\"elementor-column-wrap elementor-element-populated\">\n\t\t\t\t\t\t\t<div class=\"elementor-widget-wrap\">\n\t\t\t\t\t\t<div class=\"elementor-element elementor-element-2e2675b elementor-widget elementor-widget-text-editor\" data-id=\"2e2675b\" data-element_type=\"widget\" data-widget_type=\"text-editor.default\">\n\t\t\t\t<div class=\"elementor-widget-container\">\n\t\t\t\t\t\t\t\t<div class=\"elementor-text-editor elementor-clearfix\">\n\t\t\t\t<p style=\"text-align: center;\"><span style=\"color: #ffffff;\">Arribo all\u00e1 disco<\/span><\/p><p style=\"text-align: center;\"><span style=\"color: #ffffff;\">La musica non smette di suonare<\/span><\/p><p style=\"text-align: center;\"><span style=\"color: #ffffff;\">Lei mi guard\u00f2 \u00e8 tutta nervosa<\/span><\/p><p style=\"text-align: center;\"><span style=\"color: #ffffff;\">Non sapeva pi\u00f9 cosa fare<\/span><\/p><p style=\"text-align: center;\"><span style=\"color: #ffffff;\">Ti guardo e mi gira la testa<\/span><\/p><p style=\"text-align: center;\"><span style=\"color: #ffffff;\">Io per te vado a fare palestra<\/span><\/p><p style=\"text-align: center;\"><span style=\"color: #ffffff;\">Ti chiamo e tu no te molestas<\/span><\/p><p style=\"text-align: center;\"><span style=\"color: #ffffff;\">\u00c8 adesso che inizia la festa<\/span><\/p><p style=\"text-align: center;\"><span style=\"color: #ffffff;\">Mi da fastidio vederlo insieme a te<\/span><\/p><p style=\"text-align: center;\"><span style=\"color: #ffffff;\">El muy cabr\u00f3n solo ti invita a un caf\u00e9<\/span><\/p><p style=\"text-align: center;\"><span style=\"color: #ffffff;\">Ti giuro che se vieni con me<\/span><\/p><p style=\"text-align: center;\"><span style=\"color: #ffffff;\">Andiamo alla disco e beviamo Moet<\/span><\/p><p style=\"text-align: center;\"><span style=\"color: #ffffff;\">T\u00fa me pones r\u00e1pido m\u00e1s de carrera<\/span><\/p><p style=\"text-align: center;\"><span style=\"color: #ffffff;\">Quando io ti tocco diventi una fiera<\/span><\/p><p style=\"text-align: center;\"><span style=\"color: #ffffff;\">Facciamo l\u2019amore inverno o primavera<\/span><\/p><p style=\"text-align: center;\"><span style=\"color: #ffffff;\">Vamonos de viaggio in crociera<\/span><\/p><p style=\"text-align: center;\"><span style=\"color: #ffffff;\">Yo se che tu sei fidanzata<\/span><\/p><p style=\"text-align: center;\"><span style=\"color: #ffffff;\">Pero ti invito con me<\/span><\/p><p style=\"text-align: center;\"><span style=\"color: #ffffff;\">A fare follia tutta la giornata<\/span><\/p><p style=\"text-align: center;\"><span style=\"color: #ffffff;\">In faccia si capisce che sei sata<\/span><\/p><p style=\"text-align: center;\"><span style=\"color: #ffffff;\">T\u00fa tienes lo que a m\u00ed me mata<\/span><\/p><p style=\"text-align: center;\"><span style=\"color: #ffffff;\">Mi piacerebbe hac\u00e9rtelo tutta la noche<\/span><\/p><p style=\"text-align: center;\"><span style=\"color: #ffffff;\">E che te pongas sata<\/span><\/p><p style=\"text-align: center;\"><span style=\"color: #ffffff;\">Vieni con me e fumemos de la mata<\/span><\/p><p style=\"text-align: center;\"><span style=\"color: #ffffff;\">Dale vente y ponte sata<\/span><\/p><p style=\"text-align: center;\"><span style=\"color: #ffffff;\">Vieni con e fumemos de la mata<\/span><\/p><p style=\"text-align: center;\"><span style=\"color: #ffffff;\">Dale vente y ponte sata<\/span><\/p><p style=\"text-align: center;\"><span style=\"color: #ffffff;\">Vieni con me e fumemos de la mata<\/span><\/p><p style=\"text-align: center;\"><span style=\"color: #ffffff;\">Mami chula dammi il privilegio<\/span><\/p><p style=\"text-align: center;\"><span style=\"color: #ffffff;\">Si entre t\u00fa y yo no hay nada serio<\/span><\/p><p style=\"text-align: center;\"><span style=\"color: #ffffff;\">Dale banda a esos criterios que cuando yo estoy contigo<\/span><\/p><p style=\"text-align: center;\"><span style=\"color: #ffffff;\">Junticos hacemos un imperio<\/span><\/p><p style=\"text-align: center;\"><span style=\"color: #ffffff;\">Cuando \u00e9l te deja fr\u00eda te pongo caliente<\/span><\/p><p style=\"text-align: center;\"><span style=\"color: #ffffff;\">Yo te digo mil verdades \u00e9l siempre te miente<\/span><\/p><p style=\"text-align: center;\"><span style=\"color: #ffffff;\">Quiero que t\u00fa lo pruebes no que te lo cuenten<\/span><\/p><p style=\"text-align: center;\"><span style=\"color: #ffffff;\">Que te controllo el anima y la mente<\/span><\/p><p style=\"text-align: center;\"><span style=\"color: #ffffff;\">T\u00fa me pones r\u00e1pido m\u00e1s de carrera<\/span><\/p><p style=\"text-align: center;\"><span style=\"color: #ffffff;\">Quando io ti tocco diventi una fiera<\/span><\/p><p style=\"text-align: center;\"><span style=\"color: #ffffff;\">Facciamo l\u2019amore inverno o primavera<\/span><\/p><p style=\"text-align: center;\"><span style=\"color: #ffffff;\">Vamonos de viaggio in crociera<\/span><\/p><p style=\"text-align: center;\"><span style=\"color: #ffffff;\">T\u00fa me pones r\u00e1pido m\u00e1s de carrera<\/span><\/p><p style=\"text-align: center;\"><span style=\"color: #ffffff;\">Quando io ti tocco diventi una fiera<\/span><\/p><p style=\"text-align: center;\"><span style=\"color: #ffffff;\">T\u00fa me pones r\u00e1pido m\u00e1s de carrera<\/span><\/p><p style=\"text-align: center;\"><span style=\"color: #ffffff;\">Yo se che tu sei fidanzata<\/span><\/p><p style=\"text-align: center;\"><span style=\"color: #ffffff;\">Pero ti invito con me<\/span><\/p><p style=\"text-align: center;\"><span style=\"color: #ffffff;\">A fare follia tutta la giornata<\/span><\/p><p style=\"text-align: center;\"><span style=\"color: #ffffff;\">In faccia si capisce che sei sata<\/span><\/p><p style=\"text-align: center;\"><span style=\"color: #ffffff;\">T\u00fa tienes lo que a m\u00ed me mata<\/span><\/p><p style=\"text-align: center;\"><span style=\"color: #ffffff;\">Mi piacerebbe hac\u00e9rtelo tutta la noche<\/span><\/p><p style=\"text-align: center;\"><span style=\"color: #ffffff;\">E che te pongas sata<\/span><\/p><p style=\"text-align: center;\"><span style=\"color: #ffffff;\">Vieni con me e fumemos de la mata<\/span><\/p><p style=\"text-align: center;\"><span style=\"color: #ffffff;\">Dale vente y ponte sata<\/span><\/p><p style=\"text-align: center;\"><span style=\"color: #ffffff;\">Vieni con e fumemos de la mata<\/span><\/p><p style=\"text-align: center;\"><span style=\"color: #ffffff;\">Dale vente y ponte sata<\/span><\/p><p style=\"text-align: center;\"><span style=\"color: #ffffff;\">Vieni con me e fumemos de la mata<\/span><\/p><p style=\"text-align: center;\"><span style=\"color: #ffffff;\">Yo se che tu sei fidanzata<\/span><\/p><p style=\"text-align: center;\"><span style=\"color: #ffffff;\">Pero ti invito con me<\/span><\/p><p style=\"text-align: center;\"><span style=\"color: #ffffff;\">A fare follia tutta la giornata<\/span><\/p><p style=\"text-align: center;\"><span style=\"color: #ffffff;\">In faccia si capisce che sei sata<\/span><\/p><p style=\"text-align: center;\"><span style=\"color: #ffffff;\">T\u00fa tienes lo que a m\u00ed me mata<\/span><\/p><p style=\"text-align: center;\"><span style=\"color: #ffffff;\">Mi piacerebbe hac\u00e9rtelo tutta la noche<\/span><\/p><p style=\"text-align: center;\"><span style=\"color: #ffffff;\">E che te pongas sata<\/span><\/p><p style=\"text-align: center;\"><span style=\"color: #ffffff;\">Vieni con me e fumemos de la mata<\/span><\/p>\t\t\t\t\t<\/div>\n\t\t\t\t\t\t<\/div>\n\t\t\t\t<\/div>\n\t\t\t\t\t\t<\/div>\n\t\t\t\t\t<\/div>\n\t\t<\/div>\n\t\t\t\t\t\t\t\t<\/div>\n\t\t\t\t\t<\/div>\n\t\t<\/section>\n\t\t\t\t\t\t<\/div>\n\t\t\t\t\t\t<\/div>\n\t\t\t\t\t<\/div>\n\t\t","protected":false},"excerpt":{"rendered":"<p>SPOTIFY APPLE MUSIC DEEZER AMAZON MUSIC Arribo all\u00e1 disco La musica non smette di suonare Lei mi guard\u00f2 \u00e8 tutta nervosa Non sapeva pi\u00f9 cosa fare Ti guardo e mi gira la testa Io per te vado a fare palestra Ti chiamo e tu no te molestas \u00c8 adesso che inizia la festa Mi da.<\/p>\n","protected":false},"author":1,"featured_media":0,"parent":0,"menu_order":0,"comment_status":"closed","ping_status":"closed","template":"","meta":{"footnotes":""},"categories":[42],"tags":[],"class_list":["post-4398","page","type-page","status-publish","hentry","category-testi"],"yoast_head":"<!-- This site is optimized with the Yoast SEO plugin v19.6.1 - https:\/\/yoast.com\/wordpress\/plugins\/seo\/ -->\n<title>La Fidanzata - Di Benedetto Productions<\/title>\n<meta name=\"robots\" content=\"index, follow, max-snippet:-1, max-image-preview:large, max-video-preview:-1\" \/>\n<link rel=\"canonical\" href=\"https:\/\/dibenedettoproductions.com\/?page_id=4398\" \/>\n<meta property=\"og:locale\" content=\"it_IT\" \/>\n<meta property=\"og:type\" content=\"article\" \/>\n<meta property=\"og:title\" content=\"La Fidanzata - Di Benedetto Productions\" \/>\n<meta property=\"og:description\" content=\"SPOTIFY APPLE MUSIC DEEZER AMAZON MUSIC Arribo all\u00e1 disco La musica non smette di suonare Lei mi guard\u00f2 \u00e8 tutta nervosa Non sapeva pi\u00f9 cosa fare Ti guardo e mi gira la testa Io per te vado a fare palestra Ti chiamo e tu no te molestas \u00c8 adesso che inizia la festa Mi da.\" \/>\n<meta property=\"og:url\" content=\"https:\/\/dibenedettoproductions.com\/?page_id=4398\" \/>\n<meta property=\"og:site_name\" content=\"Di Benedetto Productions\" \/>\n<meta property=\"article:modified_time\" content=\"2021-08-05T15:15:37+00:00\" \/>\n<meta name=\"twitter:card\" content=\"summary_large_image\" \/>\n<meta name=\"twitter:label1\" content=\"Tempo di lettura stimato\" \/>\n\t<meta name=\"twitter:data1\" content=\"2 minuti\" \/>\n<script type=\"application\/ld+json\" class=\"yoast-schema-graph\">{\"@context\":\"https:\/\/schema.org\",\"@graph\":[{\"@type\":\"WebPage\",\"@id\":\"https:\/\/dibenedettoproductions.com\/?page_id=4398\",\"url\":\"https:\/\/dibenedettoproductions.com\/?page_id=4398\",\"name\":\"La Fidanzata - Di Benedetto Productions\",\"isPartOf\":{\"@id\":\"https:\/\/dibenedettoproductions.com\/#website\"},\"datePublished\":\"2021-02-25T11:50:48+00:00\",\"dateModified\":\"2021-08-05T15:15:37+00:00\",\"breadcrumb\":{\"@id\":\"https:\/\/dibenedettoproductions.com\/?page_id=4398#breadcrumb\"},\"inLanguage\":\"it-IT\",\"potentialAction\":[{\"@type\":\"ReadAction\",\"target\":[\"https:\/\/dibenedettoproductions.com\/?page_id=4398\"]}]},{\"@type\":\"BreadcrumbList\",\"@id\":\"https:\/\/dibenedettoproductions.com\/?page_id=4398#breadcrumb\",\"itemListElement\":[{\"@type\":\"ListItem\",\"position\":1,\"name\":\"Home\",\"item\":\"https:\/\/dibenedettoproductions.com\/\"},{\"@type\":\"ListItem\",\"position\":2,\"name\":\"La Fidanzata\"}]},{\"@type\":\"WebSite\",\"@id\":\"https:\/\/dibenedettoproductions.com\/#website\",\"url\":\"https:\/\/dibenedettoproductions.com\/\",\"name\":\"Di Benedetto Productions\",\"description\":\"\",\"publisher\":{\"@id\":\"https:\/\/dibenedettoproductions.com\/#organization\"},\"potentialAction\":[{\"@type\":\"SearchAction\",\"target\":{\"@type\":\"EntryPoint\",\"urlTemplate\":\"https:\/\/dibenedettoproductions.com\/?s={search_term_string}\"},\"query-input\":\"required name=search_term_string\"}],\"inLanguage\":\"it-IT\"},{\"@type\":\"Organization\",\"@id\":\"https:\/\/dibenedettoproductions.com\/#organization\",\"name\":\"DI BENEDETTO PRODUCTIONS\",\"url\":\"https:\/\/dibenedettoproductions.com\/\",\"sameAs\":[],\"logo\":{\"@type\":\"ImageObject\",\"inLanguage\":\"it-IT\",\"@id\":\"https:\/\/dibenedettoproductions.com\/#\/schema\/logo\/image\/\",\"url\":\"https:\/\/dibenedettoproductions.com\/wp-content\/uploads\/2021\/09\/logo_di_benedetto_productions.jpg\",\"contentUrl\":\"https:\/\/dibenedettoproductions.com\/wp-content\/uploads\/2021\/09\/logo_di_benedetto_productions.jpg\",\"width\":225,\"height\":225,\"caption\":\"DI BENEDETTO PRODUCTIONS\"},\"image\":{\"@id\":\"https:\/\/dibenedettoproductions.com\/#\/schema\/logo\/image\/\"}}]}<\/script>\n<!-- \/ Yoast SEO plugin. -->","yoast_head_json":{"title":"La Fidanzata - Di Benedetto Productions","robots":{"index":"index","follow":"follow","max-snippet":"max-snippet:-1","max-image-preview":"max-image-preview:large","max-video-preview":"max-video-preview:-1"},"canonical":"https:\/\/dibenedettoproductions.com\/?page_id=4398","og_locale":"it_IT","og_type":"article","og_title":"La Fidanzata - Di Benedetto Productions","og_description":"SPOTIFY APPLE MUSIC DEEZER AMAZON MUSIC Arribo all\u00e1 disco La musica non smette di suonare Lei mi guard\u00f2 \u00e8 tutta nervosa Non sapeva pi\u00f9 cosa fare Ti guardo e mi gira la testa Io per te vado a fare palestra Ti chiamo e tu no te molestas \u00c8 adesso che inizia la festa Mi da.","og_url":"https:\/\/dibenedettoproductions.com\/?page_id=4398","og_site_name":"Di Benedetto Productions","article_modified_time":"2021-08-05T15:15:37+00:00","twitter_card":"summary_large_image","twitter_misc":{"Tempo di lettura stimato":"2 minuti"},"schema":{"@context":"https:\/\/schema.org","@graph":[{"@type":"WebPage","@id":"https:\/\/dibenedettoproductions.com\/?page_id=4398","url":"https:\/\/dibenedettoproductions.com\/?page_id=4398","name":"La Fidanzata - Di Benedetto Productions","isPartOf":{"@id":"https:\/\/dibenedettoproductions.com\/#website"},"datePublished":"2021-02-25T11:50:48+00:00","dateModified":"2021-08-05T15:15:37+00:00","breadcrumb":{"@id":"https:\/\/dibenedettoproductions.com\/?page_id=4398#breadcrumb"},"inLanguage":"it-IT","potentialAction":[{"@type":"ReadAction","target":["https:\/\/dibenedettoproductions.com\/?page_id=4398"]}]},{"@type":"BreadcrumbList","@id":"https:\/\/dibenedettoproductions.com\/?page_id=4398#breadcrumb","itemListElement":[{"@type":"ListItem","position":1,"name":"Home","item":"https:\/\/dibenedettoproductions.com\/"},{"@type":"ListItem","position":2,"name":"La Fidanzata"}]},{"@type":"WebSite","@id":"https:\/\/dibenedettoproductions.com\/#website","url":"https:\/\/dibenedettoproductions.com\/","name":"Di Benedetto Productions","description":"","publisher":{"@id":"https:\/\/dibenedettoproductions.com\/#organization"},"potentialAction":[{"@type":"SearchAction","target":{"@type":"EntryPoint","urlTemplate":"https:\/\/dibenedettoproductions.com\/?s={search_term_string}"},"query-input":"required name=search_term_string"}],"inLanguage":"it-IT"},{"@type":"Organization","@id":"https:\/\/dibenedettoproductions.com\/#organization","name":"DI BENEDETTO PRODUCTIONS","url":"https:\/\/dibenedettoproductions.com\/","sameAs":[],"logo":{"@type":"ImageObject","inLanguage":"it-IT","@id":"https:\/\/dibenedettoproductions.com\/#\/schema\/logo\/image\/","url":"https:\/\/dibenedettoproductions.com\/wp-content\/uploads\/2021\/09\/logo_di_benedetto_productions.jpg","contentUrl":"https:\/\/dibenedettoproductions.com\/wp-content\/uploads\/2021\/09\/logo_di_benedetto_productions.jpg","width":225,"height":225,"caption":"DI BENEDETTO PRODUCTIONS"},"image":{"@id":"https:\/\/dibenedettoproductions.com\/#\/schema\/logo\/image\/"}}]}},"_links":{"self":[{"href":"https:\/\/dibenedettoproductions.com\/index.php?rest_route=\/wp\/v2\/pages\/4398","targetHints":{"allow":["GET"]}}],"collection":[{"href":"https:\/\/dibenedettoproductions.com\/index.php?rest_route=\/wp\/v2\/pages"}],"about":[{"href":"https:\/\/dibenedettoproductions.com\/index.php?rest_route=\/wp\/v2\/types\/page"}],"author":[{"embeddable":true,"href":"https:\/\/dibenedettoproductions.com\/index.php?rest_route=\/wp\/v2\/users\/1"}],"replies":[{"embeddable":true,"href":"https:\/\/dibenedettoproductions.com\/index.php?rest_route=%2Fwp%2Fv2%2Fcomments&post=4398"}],"version-history":[{"count":7,"href":"https:\/\/dibenedettoproductions.com\/index.php?rest_route=\/wp\/v2\/pages\/4398\/revisions"}],"predecessor-version":[{"id":5737,"href":"https:\/\/dibenedettoproductions.com\/index.php?rest_route=\/wp\/v2\/pages\/4398\/revisions\/5737"}],"wp:attachment":[{"href":"https:\/\/dibenedettoproductions.com\/index.php?rest_route=%2Fwp%2Fv2%2Fmedia&parent=4398"}],"wp:term":[{"taxonomy":"category","embeddable":true,"href":"https:\/\/dibenedettoproductions.com\/index.php?rest_route=%2Fwp%2Fv2%2Fcategories&post=4398"},{"taxonomy":"post_tag","embeddable":true,"href":"https:\/\/dibenedettoproductions.com\/index.php?rest_route=%2Fwp%2Fv2%2Ftags&post=4398"}],"curies":[{"name":"wp","href":"https:\/\/api.w.org\/{rel}","templated":true}]}}