{"id":4376,"date":"2021-02-25T11:36:59","date_gmt":"2021-02-25T11:36:59","guid":{"rendered":"https:\/\/dibenedettoproductions.com\/?page_id=4376"},"modified":"2021-08-06T07:05:47","modified_gmt":"2021-08-06T07:05:47","slug":"se-jodio","status":"publish","type":"page","link":"https:\/\/dibenedettoproductions.com\/?page_id=4376","title":{"rendered":"Se Jodi\u00f3"},"content":{"rendered":"\t\t<div data-elementor-type=\"wp-page\" data-elementor-id=\"4376\" class=\"elementor elementor-4376\" data-elementor-settings=\"[]\">\n\t\t\t\t\t\t<div class=\"elementor-inner\">\n\t\t\t\t\t\t\t<div class=\"elementor-section-wrap\">\n\t\t\t\t\t\t\t<section class=\"elementor-section elementor-top-section elementor-element elementor-element-87584c9 elementor-section-stretched elementor-section-boxed elementor-section-height-default elementor-section-height-default\" data-id=\"87584c9\" data-element_type=\"section\" data-settings=\"{&quot;stretch_section&quot;:&quot;section-stretched&quot;,&quot;background_background&quot;:&quot;classic&quot;}\">\n\t\t\t\t\t\t<div class=\"elementor-container elementor-column-gap-default\">\n\t\t\t\t\t\t\t<div class=\"elementor-row\">\n\t\t\t\t\t<div class=\"elementor-column elementor-col-25 elementor-top-column elementor-element elementor-element-036ada5\" data-id=\"036ada5\" data-element_type=\"column\">\n\t\t\t<div class=\"elementor-column-wrap elementor-element-populated\">\n\t\t\t\t\t\t\t<div class=\"elementor-widget-wrap\">\n\t\t\t\t\t\t<div class=\"elementor-element elementor-element-5db9f1b elementor-align-center elementor-widget elementor-widget-button\" data-id=\"5db9f1b\" data-element_type=\"widget\" data-widget_type=\"button.default\">\n\t\t\t\t<div class=\"elementor-widget-container\">\n\t\t\t\t\t<div class=\"elementor-button-wrapper\">\n\t\t\t<a href=\"http:\/\/spoti.fi\/3qBTKQ5%20\" class=\"elementor-button-link elementor-button elementor-size-sm\" role=\"button\">\n\t\t\t\t\t\t<span class=\"elementor-button-content-wrapper\">\n\t\t\t\t\t\t<span class=\"elementor-button-text\">SPOTIFY<\/span>\n\t\t<\/span>\n\t\t\t\t\t<\/a>\n\t\t<\/div>\n\t\t\t\t<\/div>\n\t\t\t\t<\/div>\n\t\t\t\t\t\t<\/div>\n\t\t\t\t\t<\/div>\n\t\t<\/div>\n\t\t\t\t<div class=\"elementor-column elementor-col-25 elementor-top-column elementor-element elementor-element-f335c95\" data-id=\"f335c95\" data-element_type=\"column\">\n\t\t\t<div class=\"elementor-column-wrap elementor-element-populated\">\n\t\t\t\t\t\t\t<div class=\"elementor-widget-wrap\">\n\t\t\t\t\t\t<div class=\"elementor-element elementor-element-e54ada9 elementor-align-center elementor-widget elementor-widget-button\" data-id=\"e54ada9\" data-element_type=\"widget\" data-widget_type=\"button.default\">\n\t\t\t\t<div class=\"elementor-widget-container\">\n\t\t\t\t\t<div class=\"elementor-button-wrapper\">\n\t\t\t<a href=\"http:\/\/apple.co\/3k3j2Ev%20\" class=\"elementor-button-link elementor-button elementor-size-sm\" role=\"button\">\n\t\t\t\t\t\t<span class=\"elementor-button-content-wrapper\">\n\t\t\t\t\t\t<span class=\"elementor-button-text\">APPLE MUSIC<\/span>\n\t\t<\/span>\n\t\t\t\t\t<\/a>\n\t\t<\/div>\n\t\t\t\t<\/div>\n\t\t\t\t<\/div>\n\t\t\t\t\t\t<\/div>\n\t\t\t\t\t<\/div>\n\t\t<\/div>\n\t\t\t\t<div class=\"elementor-column elementor-col-25 elementor-top-column elementor-element elementor-element-ec4589f\" data-id=\"ec4589f\" data-element_type=\"column\">\n\t\t\t<div class=\"elementor-column-wrap elementor-element-populated\">\n\t\t\t\t\t\t\t<div class=\"elementor-widget-wrap\">\n\t\t\t\t\t\t<div class=\"elementor-element elementor-element-8c12750 elementor-align-center elementor-widget elementor-widget-button\" data-id=\"8c12750\" data-element_type=\"widget\" data-widget_type=\"button.default\">\n\t\t\t\t<div class=\"elementor-widget-container\">\n\t\t\t\t\t<div class=\"elementor-button-wrapper\">\n\t\t\t<a href=\"http:\/\/bit.ly\/3qzD9fD%20\" class=\"elementor-button-link elementor-button elementor-size-sm\" role=\"button\">\n\t\t\t\t\t\t<span class=\"elementor-button-content-wrapper\">\n\t\t\t\t\t\t<span class=\"elementor-button-text\">DEEZER<\/span>\n\t\t<\/span>\n\t\t\t\t\t<\/a>\n\t\t<\/div>\n\t\t\t\t<\/div>\n\t\t\t\t<\/div>\n\t\t\t\t\t\t<\/div>\n\t\t\t\t\t<\/div>\n\t\t<\/div>\n\t\t\t\t<div class=\"elementor-column elementor-col-25 elementor-top-column elementor-element elementor-element-6bdb4c1\" data-id=\"6bdb4c1\" data-element_type=\"column\">\n\t\t\t<div class=\"elementor-column-wrap elementor-element-populated\">\n\t\t\t\t\t\t\t<div class=\"elementor-widget-wrap\">\n\t\t\t\t\t\t<div class=\"elementor-element elementor-element-237a798 elementor-align-center elementor-widget elementor-widget-button\" data-id=\"237a798\" data-element_type=\"widget\" data-widget_type=\"button.default\">\n\t\t\t\t<div class=\"elementor-widget-container\">\n\t\t\t\t\t<div class=\"elementor-button-wrapper\">\n\t\t\t<a href=\"https:\/\/amzn.to\/3bmkZYn%20\" class=\"elementor-button-link elementor-button elementor-size-sm\" role=\"button\">\n\t\t\t\t\t\t<span class=\"elementor-button-content-wrapper\">\n\t\t\t\t\t\t<span class=\"elementor-button-text\">AMAZON MUSIC<\/span>\n\t\t<\/span>\n\t\t\t\t\t<\/a>\n\t\t<\/div>\n\t\t\t\t<\/div>\n\t\t\t\t<\/div>\n\t\t\t\t\t\t<\/div>\n\t\t\t\t\t<\/div>\n\t\t<\/div>\n\t\t\t\t\t\t\t\t<\/div>\n\t\t\t\t\t<\/div>\n\t\t<\/section>\n\t\t\t\t<section class=\"elementor-section elementor-top-section elementor-element elementor-element-b159694 elementor-section-stretched elementor-section-boxed elementor-section-height-default elementor-section-height-default\" data-id=\"b159694\" data-element_type=\"section\" data-settings=\"{&quot;stretch_section&quot;:&quot;section-stretched&quot;,&quot;background_background&quot;:&quot;classic&quot;}\">\n\t\t\t\t\t\t<div class=\"elementor-container elementor-column-gap-default\">\n\t\t\t\t\t\t\t<div class=\"elementor-row\">\n\t\t\t\t\t<div class=\"elementor-column elementor-col-100 elementor-top-column elementor-element elementor-element-73e267e\" data-id=\"73e267e\" data-element_type=\"column\">\n\t\t\t<div class=\"elementor-column-wrap elementor-element-populated\">\n\t\t\t\t\t\t\t<div class=\"elementor-widget-wrap\">\n\t\t\t\t\t\t<div class=\"elementor-element elementor-element-ee0f8c5 elementor-widget elementor-widget-text-editor\" data-id=\"ee0f8c5\" data-element_type=\"widget\" data-widget_type=\"text-editor.default\">\n\t\t\t\t<div class=\"elementor-widget-container\">\n\t\t\t\t\t\t\t\t<div class=\"elementor-text-editor elementor-clearfix\">\n\t\t\t\t<div><p style=\"text-align: center;\"><span style=\"color: #ffffff;\">8 de la ma\u00f1ana mirando el reloj<\/span><\/p><p style=\"text-align: center;\"><span style=\"color: #ffffff;\">Otra noche m\u00e1s en vela que se muri\u00f3<\/span><\/p><p style=\"text-align: center;\"><span style=\"color: #ffffff;\">Siento que mi alma se marchito<\/span><\/p><p style=\"text-align: center;\"><span style=\"color: #ffffff;\">Ya me miro en el espejo y no me siento yo<\/span><\/p><p style=\"text-align: center;\"><span style=\"color: #ffffff;\">Siento que sale el sol y yo oscuro y sombr\u00edo<\/span><\/p><p style=\"text-align: center;\"><span style=\"color: #ffffff;\">Ahora soy frio como frozen me siento vac\u00edo<\/span><\/p><p style=\"text-align: center;\"><span style=\"color: #ffffff;\">Pensaba que era mi Tokio y yo era tu R\u00edo<\/span><\/p><p style=\"text-align: center;\"><span style=\"color: #ffffff;\">Y ahora deseo que jam\u00e1s hubieras nacido<\/span><\/p><p style=\"text-align: center;\"><span style=\"color: #ffffff;\">Son errores en la vida que cometemos<\/span><\/p><p style=\"text-align: center;\"><span style=\"color: #ffffff;\">Nos vivimos el momento sin pensar en lo que hacemos<\/span><\/p><p style=\"text-align: center;\"><span style=\"color: #ffffff;\">Si no quieres ni a tu madre pues a mi mucho menos<\/span><\/p><p style=\"text-align: center;\"><span style=\"color: #ffffff;\">En la serie de tu historia solamente fui un relleno<\/span><\/p><p style=\"text-align: center;\"><span style=\"color: #ffffff;\">Y ahora me cago en la madre de Cupido<\/span><\/p><p style=\"text-align: center;\"><span style=\"color: #ffffff;\">Deseo que jam\u00e1s nos hubi\u00e9semos conocido<\/span><\/p><p style=\"text-align: center;\"><span style=\"color: #ffffff;\">Te vas a acordar de mi cuando tu fucking monedero est\u00e9 vac\u00edo<\/span><\/p><p style=\"text-align: center;\"><span style=\"color: #ffffff;\">Con tu amiga y la venganza yo hice un tr\u00edo<\/span><\/p><p style=\"text-align: center;\"><span style=\"color: #ffffff;\">Y me importa un carajo si te mueres<\/span><\/p><p style=\"text-align: center;\"><span style=\"color: #ffffff;\">Pa serte sincero me sobran hasta las mujeres<\/span><\/p><p style=\"text-align: center;\"><span style=\"color: #ffffff;\">Aunque a veces me hiere que te pienso<\/span><\/p><p style=\"text-align: center;\"><span style=\"color: #ffffff;\">Porque s\u00e9 que no me quieres<\/span><\/p><p style=\"text-align: center;\"><span style=\"color: #ffffff;\">Pero en esta puta vida todo no es como uno quiere<\/span><\/p><p style=\"text-align: center;\"><span style=\"color: #ffffff;\">Todo no es como uno quiere nada es perfecto<\/span><\/p><p style=\"text-align: center;\"><span style=\"color: #ffffff;\">Y te confieso a veces me siento hasta muerto<\/span><\/p><p style=\"text-align: center;\"><span style=\"color: #ffffff;\">Y gracias a tu pinche falso amor me hice un experto<\/span><\/p><p style=\"text-align: center;\"><span style=\"color: #ffffff;\">El amor no es negociable el quilo no tiene vuelto<\/span><\/p><p style=\"text-align: center;\"><span style=\"color: #ffffff;\">Dime a donde se fue el amor<\/span><\/p><p style=\"text-align: center;\"><span style=\"color: #ffffff;\">Donde es que sale el sol<\/span><\/p><p style=\"text-align: center;\"><span style=\"color: #ffffff;\">Pa poder esperar<\/span><\/p><p style=\"text-align: center;\"><span style=\"color: #ffffff;\">Un nuevo resplandor<\/span><\/p><p style=\"text-align: center;\"><span style=\"color: #ffffff;\">Donde se fue el amor<\/span><\/p><p style=\"text-align: center;\"><span style=\"color: #ffffff;\">Donde es que sale el sol<\/span><\/p><p style=\"text-align: center;\"><span style=\"color: #ffffff;\">Pa poder esperar<\/span><\/p><p style=\"text-align: center;\"><span style=\"color: #ffffff;\">Yonka hijo e puta Dachay en las m\u00e1quinas<\/span><\/p><p style=\"text-align: center;\"><span style=\"color: #ffffff;\">Y ahora lo que toca es Perreo<\/span><\/p><p style=\"text-align: center;\"><span style=\"color: #ffffff;\">La noche entera<\/span><\/p><p style=\"text-align: center;\"><span style=\"color: #ffffff;\">Fuma fumeteo y borrachera<\/span><\/p><p style=\"text-align: center;\"><span style=\"color: #ffffff;\">Yo no quiero a nadie pa que nadie me quiera<\/span><\/p><p style=\"text-align: center;\"><span style=\"color: #ffffff;\">Hoy se hace lo que yo quiera<\/span><\/p><p style=\"text-align: center;\"><span style=\"color: #ffffff;\">Y el amor que te ten\u00eda se jodio<\/span><\/p><p style=\"text-align: center;\"><span style=\"color: #ffffff;\">Y se jodio, y se jodio<\/span><\/p><p style=\"text-align: center;\"><span style=\"color: #ffffff;\">Y el amor que te ten\u00eda se jodio<\/span><\/p><p style=\"text-align: center;\"><span style=\"color: #ffffff;\">Y se jodio, y se jodio<\/span><\/p><p style=\"text-align: center;\"><span style=\"color: #ffffff;\">Y el amor que te ten\u00eda se jodio yai yai<\/span><\/p><p style=\"text-align: center;\"><span style=\"color: #ffffff;\">Se jodio ya ya, se jodio ya ya<\/span><\/p><p style=\"text-align: center;\"><span style=\"color: #ffffff;\">Y el amor que te ten\u00eda se jodio ya ya<\/span><\/p><p style=\"text-align: center;\"><span style=\"color: #ffffff;\">Se jodio ya ya, se jodio pla<\/span><\/p><p style=\"text-align: center;\"><span style=\"color: #ffffff;\">Abre la cuenta que pago yo<\/span><\/p><p style=\"text-align: center;\"><span style=\"color: #ffffff;\">Dile al dj que esto se jodio<\/span><\/p><p style=\"text-align: center;\"><span style=\"color: #ffffff;\">Con la que quiera fumar<\/span><\/p><p style=\"text-align: center;\"><span style=\"color: #ffffff;\">Que el domingo la voy a perjudicar<\/span><\/p><p style=\"text-align: center;\"><span style=\"color: #ffffff;\">Como viento en popa mira pa lo que ella se cogi\u00f3 la nota<\/span><\/p><p style=\"text-align: center;\"><span style=\"color: #ffffff;\">Dice que no es Karol pero es bichota<\/span><\/p><p style=\"text-align: center;\"><span style=\"color: #ffffff;\">Te pusiste la mielda y se te nota<\/span><\/p><p style=\"text-align: center;\"><span style=\"color: #ffffff;\">Me gustan tus tetas y tus nalgotas<\/span><\/p><p style=\"text-align: center;\"><span style=\"color: #ffffff;\">Y sin disimulo estoy pa romperle el culo<\/span><\/p><p style=\"text-align: center;\"><span style=\"color: #ffffff;\">Sua lalala<\/span><\/p><p style=\"text-align: center;\"><span style=\"color: #ffffff;\">Como Jason Derulo<\/span><\/p><p style=\"text-align: center;\"><span style=\"color: #ffffff;\">Soy abelito pero sin tu culo<\/span><\/p><p style=\"text-align: center;\"><span style=\"color: #ffffff;\">Esta dura dura dura como mulo<\/span><\/p><p style=\"text-align: center;\"><span style=\"color: #ffffff;\">Y ahora lo que toca es perreo<\/span><\/p><p style=\"text-align: center;\"><span style=\"color: #ffffff;\">Fuma y fumeteo y borrachera<\/span><\/p><p style=\"text-align: center;\"><span style=\"color: #ffffff;\">Hoy se hace lo que yo quiera<\/span><\/p><p style=\"text-align: center;\"><span style=\"color: #ffffff;\">Y el amor que te ten\u00eda se jodio<\/span><\/p><p style=\"text-align: center;\"><span style=\"color: #ffffff;\">Y se jodio, y se jodio<\/span><\/p><p style=\"text-align: center;\"><span style=\"color: #ffffff;\">Y el amor que te ten\u00eda se jodio<\/span><\/p><p style=\"text-align: center;\"><span style=\"color: #ffffff;\">Y se jodio, y se jodio<\/span><\/p><p style=\"text-align: center;\"><span style=\"color: #ffffff;\">Di Benedetto production<\/span><\/p><p style=\"text-align: center;\"><span style=\"color: #ffffff;\">La compa\u00f1\u00eda mas cabrona<\/span><\/p><\/div>\t\t\t\t\t<\/div>\n\t\t\t\t\t\t<\/div>\n\t\t\t\t<\/div>\n\t\t\t\t\t\t<\/div>\n\t\t\t\t\t<\/div>\n\t\t<\/div>\n\t\t\t\t\t\t\t\t<\/div>\n\t\t\t\t\t<\/div>\n\t\t<\/section>\n\t\t\t\t\t\t<\/div>\n\t\t\t\t\t\t<\/div>\n\t\t\t\t\t<\/div>\n\t\t","protected":false},"excerpt":{"rendered":"<p>SPOTIFY APPLE MUSIC DEEZER AMAZON MUSIC 8 de la ma\u00f1ana mirando el reloj Otra noche m\u00e1s en vela que se muri\u00f3 Siento que mi alma se marchito Ya me miro en el espejo y no me siento yo Siento que sale el sol y yo oscuro y sombr\u00edo Ahora soy frio como frozen me siento.<\/p>\n","protected":false},"author":1,"featured_media":0,"parent":0,"menu_order":0,"comment_status":"closed","ping_status":"closed","template":"","meta":{"footnotes":""},"categories":[42],"tags":[],"class_list":["post-4376","page","type-page","status-publish","hentry","category-testi"],"yoast_head":"<!-- This site is optimized with the Yoast SEO plugin v19.6.1 - https:\/\/yoast.com\/wordpress\/plugins\/seo\/ -->\n<title>Se Jodi\u00f3 - Di Benedetto Productions<\/title>\n<meta name=\"robots\" content=\"index, follow, max-snippet:-1, max-image-preview:large, max-video-preview:-1\" \/>\n<link rel=\"canonical\" href=\"https:\/\/dibenedettoproductions.com\/?page_id=4376\" \/>\n<meta property=\"og:locale\" content=\"it_IT\" \/>\n<meta property=\"og:type\" content=\"article\" \/>\n<meta property=\"og:title\" content=\"Se Jodi\u00f3 - Di Benedetto Productions\" \/>\n<meta property=\"og:description\" content=\"SPOTIFY APPLE MUSIC DEEZER AMAZON MUSIC 8 de la ma\u00f1ana mirando el reloj Otra noche m\u00e1s en vela que se muri\u00f3 Siento que mi alma se marchito Ya me miro en el espejo y no me siento yo Siento que sale el sol y yo oscuro y sombr\u00edo Ahora soy frio como frozen me siento.\" \/>\n<meta property=\"og:url\" content=\"https:\/\/dibenedettoproductions.com\/?page_id=4376\" \/>\n<meta property=\"og:site_name\" content=\"Di Benedetto Productions\" \/>\n<meta property=\"article:modified_time\" content=\"2021-08-06T07:05:47+00:00\" \/>\n<meta name=\"twitter:card\" content=\"summary_large_image\" \/>\n<meta name=\"twitter:label1\" content=\"Tempo di lettura stimato\" \/>\n\t<meta name=\"twitter:data1\" content=\"2 minuti\" \/>\n<script type=\"application\/ld+json\" class=\"yoast-schema-graph\">{\"@context\":\"https:\/\/schema.org\",\"@graph\":[{\"@type\":\"WebPage\",\"@id\":\"https:\/\/dibenedettoproductions.com\/?page_id=4376\",\"url\":\"https:\/\/dibenedettoproductions.com\/?page_id=4376\",\"name\":\"Se Jodi\u00f3 - Di Benedetto Productions\",\"isPartOf\":{\"@id\":\"https:\/\/dibenedettoproductions.com\/#website\"},\"datePublished\":\"2021-02-25T11:36:59+00:00\",\"dateModified\":\"2021-08-06T07:05:47+00:00\",\"breadcrumb\":{\"@id\":\"https:\/\/dibenedettoproductions.com\/?page_id=4376#breadcrumb\"},\"inLanguage\":\"it-IT\",\"potentialAction\":[{\"@type\":\"ReadAction\",\"target\":[\"https:\/\/dibenedettoproductions.com\/?page_id=4376\"]}]},{\"@type\":\"BreadcrumbList\",\"@id\":\"https:\/\/dibenedettoproductions.com\/?page_id=4376#breadcrumb\",\"itemListElement\":[{\"@type\":\"ListItem\",\"position\":1,\"name\":\"Home\",\"item\":\"https:\/\/dibenedettoproductions.com\/\"},{\"@type\":\"ListItem\",\"position\":2,\"name\":\"Se Jodi\u00f3\"}]},{\"@type\":\"WebSite\",\"@id\":\"https:\/\/dibenedettoproductions.com\/#website\",\"url\":\"https:\/\/dibenedettoproductions.com\/\",\"name\":\"Di Benedetto Productions\",\"description\":\"\",\"publisher\":{\"@id\":\"https:\/\/dibenedettoproductions.com\/#organization\"},\"potentialAction\":[{\"@type\":\"SearchAction\",\"target\":{\"@type\":\"EntryPoint\",\"urlTemplate\":\"https:\/\/dibenedettoproductions.com\/?s={search_term_string}\"},\"query-input\":\"required name=search_term_string\"}],\"inLanguage\":\"it-IT\"},{\"@type\":\"Organization\",\"@id\":\"https:\/\/dibenedettoproductions.com\/#organization\",\"name\":\"DI BENEDETTO PRODUCTIONS\",\"url\":\"https:\/\/dibenedettoproductions.com\/\",\"sameAs\":[],\"logo\":{\"@type\":\"ImageObject\",\"inLanguage\":\"it-IT\",\"@id\":\"https:\/\/dibenedettoproductions.com\/#\/schema\/logo\/image\/\",\"url\":\"https:\/\/dibenedettoproductions.com\/wp-content\/uploads\/2021\/09\/logo_di_benedetto_productions.jpg\",\"contentUrl\":\"https:\/\/dibenedettoproductions.com\/wp-content\/uploads\/2021\/09\/logo_di_benedetto_productions.jpg\",\"width\":225,\"height\":225,\"caption\":\"DI BENEDETTO PRODUCTIONS\"},\"image\":{\"@id\":\"https:\/\/dibenedettoproductions.com\/#\/schema\/logo\/image\/\"}}]}<\/script>\n<!-- \/ Yoast SEO plugin. -->","yoast_head_json":{"title":"Se Jodi\u00f3 - Di Benedetto Productions","robots":{"index":"index","follow":"follow","max-snippet":"max-snippet:-1","max-image-preview":"max-image-preview:large","max-video-preview":"max-video-preview:-1"},"canonical":"https:\/\/dibenedettoproductions.com\/?page_id=4376","og_locale":"it_IT","og_type":"article","og_title":"Se Jodi\u00f3 - Di Benedetto Productions","og_description":"SPOTIFY APPLE MUSIC DEEZER AMAZON MUSIC 8 de la ma\u00f1ana mirando el reloj Otra noche m\u00e1s en vela que se muri\u00f3 Siento que mi alma se marchito Ya me miro en el espejo y no me siento yo Siento que sale el sol y yo oscuro y sombr\u00edo Ahora soy frio como frozen me siento.","og_url":"https:\/\/dibenedettoproductions.com\/?page_id=4376","og_site_name":"Di Benedetto Productions","article_modified_time":"2021-08-06T07:05:47+00:00","twitter_card":"summary_large_image","twitter_misc":{"Tempo di lettura stimato":"2 minuti"},"schema":{"@context":"https:\/\/schema.org","@graph":[{"@type":"WebPage","@id":"https:\/\/dibenedettoproductions.com\/?page_id=4376","url":"https:\/\/dibenedettoproductions.com\/?page_id=4376","name":"Se Jodi\u00f3 - Di Benedetto Productions","isPartOf":{"@id":"https:\/\/dibenedettoproductions.com\/#website"},"datePublished":"2021-02-25T11:36:59+00:00","dateModified":"2021-08-06T07:05:47+00:00","breadcrumb":{"@id":"https:\/\/dibenedettoproductions.com\/?page_id=4376#breadcrumb"},"inLanguage":"it-IT","potentialAction":[{"@type":"ReadAction","target":["https:\/\/dibenedettoproductions.com\/?page_id=4376"]}]},{"@type":"BreadcrumbList","@id":"https:\/\/dibenedettoproductions.com\/?page_id=4376#breadcrumb","itemListElement":[{"@type":"ListItem","position":1,"name":"Home","item":"https:\/\/dibenedettoproductions.com\/"},{"@type":"ListItem","position":2,"name":"Se Jodi\u00f3"}]},{"@type":"WebSite","@id":"https:\/\/dibenedettoproductions.com\/#website","url":"https:\/\/dibenedettoproductions.com\/","name":"Di Benedetto Productions","description":"","publisher":{"@id":"https:\/\/dibenedettoproductions.com\/#organization"},"potentialAction":[{"@type":"SearchAction","target":{"@type":"EntryPoint","urlTemplate":"https:\/\/dibenedettoproductions.com\/?s={search_term_string}"},"query-input":"required name=search_term_string"}],"inLanguage":"it-IT"},{"@type":"Organization","@id":"https:\/\/dibenedettoproductions.com\/#organization","name":"DI BENEDETTO PRODUCTIONS","url":"https:\/\/dibenedettoproductions.com\/","sameAs":[],"logo":{"@type":"ImageObject","inLanguage":"it-IT","@id":"https:\/\/dibenedettoproductions.com\/#\/schema\/logo\/image\/","url":"https:\/\/dibenedettoproductions.com\/wp-content\/uploads\/2021\/09\/logo_di_benedetto_productions.jpg","contentUrl":"https:\/\/dibenedettoproductions.com\/wp-content\/uploads\/2021\/09\/logo_di_benedetto_productions.jpg","width":225,"height":225,"caption":"DI BENEDETTO PRODUCTIONS"},"image":{"@id":"https:\/\/dibenedettoproductions.com\/#\/schema\/logo\/image\/"}}]}},"_links":{"self":[{"href":"https:\/\/dibenedettoproductions.com\/index.php?rest_route=\/wp\/v2\/pages\/4376","targetHints":{"allow":["GET"]}}],"collection":[{"href":"https:\/\/dibenedettoproductions.com\/index.php?rest_route=\/wp\/v2\/pages"}],"about":[{"href":"https:\/\/dibenedettoproductions.com\/index.php?rest_route=\/wp\/v2\/types\/page"}],"author":[{"embeddable":true,"href":"https:\/\/dibenedettoproductions.com\/index.php?rest_route=\/wp\/v2\/users\/1"}],"replies":[{"embeddable":true,"href":"https:\/\/dibenedettoproductions.com\/index.php?rest_route=%2Fwp%2Fv2%2Fcomments&post=4376"}],"version-history":[{"count":10,"href":"https:\/\/dibenedettoproductions.com\/index.php?rest_route=\/wp\/v2\/pages\/4376\/revisions"}],"predecessor-version":[{"id":5899,"href":"https:\/\/dibenedettoproductions.com\/index.php?rest_route=\/wp\/v2\/pages\/4376\/revisions\/5899"}],"wp:attachment":[{"href":"https:\/\/dibenedettoproductions.com\/index.php?rest_route=%2Fwp%2Fv2%2Fmedia&parent=4376"}],"wp:term":[{"taxonomy":"category","embeddable":true,"href":"https:\/\/dibenedettoproductions.com\/index.php?rest_route=%2Fwp%2Fv2%2Fcategories&post=4376"},{"taxonomy":"post_tag","embeddable":true,"href":"https:\/\/dibenedettoproductions.com\/index.php?rest_route=%2Fwp%2Fv2%2Ftags&post=4376"}],"curies":[{"name":"wp","href":"https:\/\/api.w.org\/{rel}","templated":true}]}}