{"id":4367,"date":"2021-02-25T11:33:02","date_gmt":"2021-02-25T11:33:02","guid":{"rendered":"https:\/\/dibenedettoproductions.com\/?page_id=4367"},"modified":"2021-08-06T07:05:39","modified_gmt":"2021-08-06T07:05:39","slug":"se-acabo","status":"publish","type":"page","link":"https:\/\/dibenedettoproductions.com\/?page_id=4367","title":{"rendered":"Se Acab\u00f3"},"content":{"rendered":"\t\t<div data-elementor-type=\"wp-page\" data-elementor-id=\"4367\" class=\"elementor elementor-4367\" data-elementor-settings=\"[]\">\n\t\t\t\t\t\t<div class=\"elementor-inner\">\n\t\t\t\t\t\t\t<div class=\"elementor-section-wrap\">\n\t\t\t\t\t\t\t<section class=\"elementor-section elementor-top-section elementor-element elementor-element-2306541 elementor-section-stretched elementor-section-boxed elementor-section-height-default elementor-section-height-default\" data-id=\"2306541\" data-element_type=\"section\" data-settings=\"{&quot;stretch_section&quot;:&quot;section-stretched&quot;,&quot;background_background&quot;:&quot;classic&quot;}\">\n\t\t\t\t\t\t<div class=\"elementor-container elementor-column-gap-default\">\n\t\t\t\t\t\t\t<div class=\"elementor-row\">\n\t\t\t\t\t<div class=\"elementor-column elementor-col-25 elementor-top-column elementor-element elementor-element-81b61e9\" data-id=\"81b61e9\" data-element_type=\"column\">\n\t\t\t<div class=\"elementor-column-wrap elementor-element-populated\">\n\t\t\t\t\t\t\t<div class=\"elementor-widget-wrap\">\n\t\t\t\t\t\t<div class=\"elementor-element elementor-element-5c09e9f elementor-align-center elementor-widget elementor-widget-button\" data-id=\"5c09e9f\" data-element_type=\"widget\" data-widget_type=\"button.default\">\n\t\t\t\t<div class=\"elementor-widget-container\">\n\t\t\t\t\t<div class=\"elementor-button-wrapper\">\n\t\t\t<a href=\"https:\/\/spoti.fi\/39ifomy%20\" class=\"elementor-button-link elementor-button elementor-size-sm\" role=\"button\">\n\t\t\t\t\t\t<span class=\"elementor-button-content-wrapper\">\n\t\t\t\t\t\t<span class=\"elementor-button-text\">SPOTIFY<\/span>\n\t\t<\/span>\n\t\t\t\t\t<\/a>\n\t\t<\/div>\n\t\t\t\t<\/div>\n\t\t\t\t<\/div>\n\t\t\t\t\t\t<\/div>\n\t\t\t\t\t<\/div>\n\t\t<\/div>\n\t\t\t\t<div class=\"elementor-column elementor-col-25 elementor-top-column elementor-element elementor-element-29e22fe\" data-id=\"29e22fe\" data-element_type=\"column\">\n\t\t\t<div class=\"elementor-column-wrap elementor-element-populated\">\n\t\t\t\t\t\t\t<div class=\"elementor-widget-wrap\">\n\t\t\t\t\t\t<div class=\"elementor-element elementor-element-936307c elementor-align-center elementor-widget elementor-widget-button\" data-id=\"936307c\" data-element_type=\"widget\" data-widget_type=\"button.default\">\n\t\t\t\t<div class=\"elementor-widget-container\">\n\t\t\t\t\t<div class=\"elementor-button-wrapper\">\n\t\t\t<a href=\"https:\/\/apple.co\/2JhtI3Q%20\" class=\"elementor-button-link elementor-button elementor-size-sm\" role=\"button\">\n\t\t\t\t\t\t<span class=\"elementor-button-content-wrapper\">\n\t\t\t\t\t\t<span class=\"elementor-button-text\">APPLE MUSIC<\/span>\n\t\t<\/span>\n\t\t\t\t\t<\/a>\n\t\t<\/div>\n\t\t\t\t<\/div>\n\t\t\t\t<\/div>\n\t\t\t\t\t\t<\/div>\n\t\t\t\t\t<\/div>\n\t\t<\/div>\n\t\t\t\t<div class=\"elementor-column elementor-col-25 elementor-top-column elementor-element elementor-element-ee3148a\" data-id=\"ee3148a\" data-element_type=\"column\">\n\t\t\t<div class=\"elementor-column-wrap elementor-element-populated\">\n\t\t\t\t\t\t\t<div class=\"elementor-widget-wrap\">\n\t\t\t\t\t\t<div class=\"elementor-element elementor-element-b3f9e39 elementor-align-center elementor-widget elementor-widget-button\" data-id=\"b3f9e39\" data-element_type=\"widget\" data-widget_type=\"button.default\">\n\t\t\t\t<div class=\"elementor-widget-container\">\n\t\t\t\t\t<div class=\"elementor-button-wrapper\">\n\t\t\t<a href=\"https:\/\/bit.ly\/3mcPMvb\" class=\"elementor-button-link elementor-button elementor-size-sm\" role=\"button\">\n\t\t\t\t\t\t<span class=\"elementor-button-content-wrapper\">\n\t\t\t\t\t\t<span class=\"elementor-button-text\">DEEZER<\/span>\n\t\t<\/span>\n\t\t\t\t\t<\/a>\n\t\t<\/div>\n\t\t\t\t<\/div>\n\t\t\t\t<\/div>\n\t\t\t\t\t\t<\/div>\n\t\t\t\t\t<\/div>\n\t\t<\/div>\n\t\t\t\t<div class=\"elementor-column elementor-col-25 elementor-top-column elementor-element elementor-element-cabe692\" data-id=\"cabe692\" data-element_type=\"column\">\n\t\t\t<div class=\"elementor-column-wrap elementor-element-populated\">\n\t\t\t\t\t\t\t<div class=\"elementor-widget-wrap\">\n\t\t\t\t\t\t<div class=\"elementor-element elementor-element-fffa8d0 elementor-align-center elementor-widget elementor-widget-button\" data-id=\"fffa8d0\" data-element_type=\"widget\" data-widget_type=\"button.default\">\n\t\t\t\t<div class=\"elementor-widget-container\">\n\t\t\t\t\t<div class=\"elementor-button-wrapper\">\n\t\t\t<a href=\"https:\/\/amzn.to\/379SPOt\" class=\"elementor-button-link elementor-button elementor-size-sm\" role=\"button\">\n\t\t\t\t\t\t<span class=\"elementor-button-content-wrapper\">\n\t\t\t\t\t\t<span class=\"elementor-button-text\">AMAZON MUSIC<\/span>\n\t\t<\/span>\n\t\t\t\t\t<\/a>\n\t\t<\/div>\n\t\t\t\t<\/div>\n\t\t\t\t<\/div>\n\t\t\t\t\t\t<\/div>\n\t\t\t\t\t<\/div>\n\t\t<\/div>\n\t\t\t\t\t\t\t\t<\/div>\n\t\t\t\t\t<\/div>\n\t\t<\/section>\n\t\t\t\t<section class=\"elementor-section elementor-top-section elementor-element elementor-element-7eee2c0 elementor-section-stretched elementor-section-boxed elementor-section-height-default elementor-section-height-default\" data-id=\"7eee2c0\" data-element_type=\"section\" data-settings=\"{&quot;stretch_section&quot;:&quot;section-stretched&quot;,&quot;background_background&quot;:&quot;classic&quot;}\">\n\t\t\t\t\t\t<div class=\"elementor-container elementor-column-gap-default\">\n\t\t\t\t\t\t\t<div class=\"elementor-row\">\n\t\t\t\t\t<div class=\"elementor-column elementor-col-100 elementor-top-column elementor-element elementor-element-bfc7f68\" data-id=\"bfc7f68\" data-element_type=\"column\">\n\t\t\t<div class=\"elementor-column-wrap elementor-element-populated\">\n\t\t\t\t\t\t\t<div class=\"elementor-widget-wrap\">\n\t\t\t\t\t\t<div class=\"elementor-element elementor-element-45bf310 elementor-widget elementor-widget-text-editor\" data-id=\"45bf310\" data-element_type=\"widget\" data-widget_type=\"text-editor.default\">\n\t\t\t\t<div class=\"elementor-widget-container\">\n\t\t\t\t\t\t\t\t<div class=\"elementor-text-editor elementor-clearfix\">\n\t\t\t\t<div><p style=\"text-align: center;\"><span style=\"color: #ffffff;\">Tu y yo no tenemos nada que ver<\/span><\/p><p style=\"text-align: center;\"><span style=\"color: #ffffff;\">T\u00fa por tu lado yo por el m\u00edo<\/span><\/p><p style=\"text-align: center;\"><span style=\"color: #ffffff;\">As\u00ed que vete que ya no te quiero ver<\/span><\/p><p style=\"text-align: center;\"><span style=\"color: #ffffff;\">Yo ando puesta pa lo m\u00edo<\/span><\/p><p style=\"text-align: center;\"><span style=\"color: #ffffff;\">Mis sentimientos has querido robarte<\/span><\/p><p style=\"text-align: center;\"><span style=\"color: #ffffff;\">Pero son solo m\u00edo<\/span><\/p><p style=\"text-align: center;\"><span style=\"color: #ffffff;\">En la mano tengo la tijera<\/span><\/p><p style=\"text-align: center;\"><span style=\"color: #ffffff;\">Pa cortarle las alas a Cupido<\/span><\/p><p style=\"text-align: center;\"><span style=\"color: #ffffff;\">Porque yo soy culpable de que t\u00fa hicieras<\/span><\/p><p style=\"text-align: center;\"><span style=\"color: #ffffff;\">Todo lo que quer\u00edas conmigo y ya<\/span><\/p><p style=\"text-align: center;\"><span style=\"color: #ffffff;\">Se acab\u00f3 Se acab\u00f3 Se acab\u00f3<\/span><\/p><p style=\"text-align: center;\"><span style=\"color: #ffffff;\">Se acab\u00f3 Se acab\u00f3 Se acab\u00f3<\/span><\/p><p style=\"text-align: center;\"><span style=\"color: #ffffff;\">En la mano tengo la tijera<\/span><\/p><p style=\"text-align: center;\"><span style=\"color: #ffffff;\">Se acab\u00f3 Se acab\u00f3 Se acab\u00f3<\/span><\/p><p style=\"text-align: center;\"><span style=\"color: #ffffff;\">Se acab\u00f3 Se acab\u00f3 Se acab\u00f3<\/span><\/p><p style=\"text-align: center;\"><span style=\"color: #ffffff;\">Pero vivo la vida a mi manera<\/span><\/p><p style=\"text-align: center;\"><span style=\"color: #ffffff;\">Yo vivo la vida como tiene que ser<\/span><\/p><p style=\"text-align: center;\"><span style=\"color: #ffffff;\">Entonces t\u00fa y yo no tenemos nada que ver<\/span><\/p><p style=\"text-align: center;\"><span style=\"color: #ffffff;\">Ese caso est\u00e1 cerrado y no hay nada que hacer<\/span><\/p><p style=\"text-align: center;\"><span style=\"color: #ffffff;\">Y no me saludes si por ah\u00ed me ves<\/span><\/p><p style=\"text-align: center;\"><span style=\"color: #ffffff;\">Mi coraz\u00f3n era tuyo pero lo rompiste<\/span><\/p><p style=\"text-align: center;\"><span style=\"color: #ffffff;\">Eso me da\u00f1o lo que no diste<\/span><\/p><p style=\"text-align: center;\"><span style=\"color: #ffffff;\">To lo m\u00edo si todo est\u00e1 triste<\/span><\/p><p style=\"text-align: center;\"><span style=\"color: #ffffff;\">Por eso que me amas para m\u00ed es un chiste<\/span><\/p><p style=\"text-align: center;\"><span style=\"color: #ffffff;\">Dale vete y recoge tu maleta<\/span><\/p><p style=\"text-align: center;\"><span style=\"color: #ffffff;\">Eso es pa que t\u00fa veas que las mujeres se respetan<\/span><\/p><p style=\"text-align: center;\"><span style=\"color: #ffffff;\">Voy a gritarlo alto pa que se sepa<\/span><\/p><p style=\"text-align: center;\"><span style=\"color: #ffffff;\">Dale vete y recoge tu maleta<\/span><\/p><p style=\"text-align: center;\"><span style=\"color: #ffffff;\">Voy a gritarlo alto pa que se sepa<\/span><\/p><p style=\"text-align: center;\"><span style=\"color: #ffffff;\">Dale vete y recoge tu maleta<\/span><\/p><p style=\"text-align: center;\"><span style=\"color: #ffffff;\">En la mano tengo la tijera<\/span><\/p><p style=\"text-align: center;\"><span style=\"color: #ffffff;\">Se acab\u00f3 Se acab\u00f3 Se acab\u00f3<\/span><\/p><p style=\"text-align: center;\"><span style=\"color: #ffffff;\">Se acab\u00f3 Se acab\u00f3 Se acab\u00f3<\/span><\/p><p style=\"text-align: center;\"><span style=\"color: #ffffff;\">En la mano tengo la tijera<\/span><\/p><p style=\"text-align: center;\"><span style=\"color: #ffffff;\">Se acab\u00f3 Se acab\u00f3 Se acab\u00f3<\/span><\/p><p style=\"text-align: center;\"><span style=\"color: #ffffff;\">Se acab\u00f3 Se acab\u00f3 Se acab\u00f3<\/span><\/p><p style=\"text-align: center;\"><span style=\"color: #ffffff;\">Ahora vivo la vida a mi manera<\/span><\/p><p style=\"text-align: center;\"><span style=\"color: #ffffff;\">Se acab\u00f3 Se acab\u00f3 Se acab\u00f3<\/span><\/p><p style=\"text-align: center;\"><span style=\"color: #ffffff;\">Se acab\u00f3 Se acab\u00f3 Se acab\u00f3<\/span><\/p><p style=\"text-align: center;\"><span style=\"color: #ffffff;\">En la mano tengo la tijera<\/span><\/p><p style=\"text-align: center;\"><span style=\"color: #ffffff;\">Se acab\u00f3 Se acab\u00f3 Se acab\u00f3<\/span><\/p><p style=\"text-align: center;\"><span style=\"color: #ffffff;\">Se acab\u00f3 Se acab\u00f3 Se acab\u00f3<\/span><\/p><p style=\"text-align: center;\"><span style=\"color: #ffffff;\">Ahora vivo la vida a mi manera<\/span><\/p><p style=\"text-align: center;\"><span style=\"color: #ffffff;\">Dale vete y recoge tus maletas<\/span><\/p><p style=\"text-align: center;\"><span style=\"color: #ffffff;\">Eso es pa que tu veas que las mujeres se respetan<\/span><\/p><p style=\"text-align: center;\"><span style=\"color: #ffffff;\">Voy a gritarlo alto pa que se sepa<\/span><\/p><p style=\"text-align: center;\"><span style=\"color: #ffffff;\">Dale vete y recoge tu maleta<\/span><\/p><p style=\"text-align: center;\"><span style=\"color: #ffffff;\">Voy a gritarlo alto pa que se sepa<\/span><\/p><p style=\"text-align: center;\"><span style=\"color: #ffffff;\">Dale vete y recoge tu maleta<\/span><\/p><p style=\"text-align: center;\"><span style=\"color: #ffffff;\">En la mano tengo la tijera<\/span><\/p><p style=\"text-align: center;\"><span style=\"color: #ffffff;\">Se acab\u00f3 Se acab\u00f3 Se acab\u00f3<\/span><\/p><p style=\"text-align: center;\"><span style=\"color: #ffffff;\">Se acab\u00f3 Se acab\u00f3 Se acab\u00f3<\/span><\/p><p style=\"text-align: center;\"><span style=\"color: #ffffff;\">En la mano tengo la tijera<\/span><\/p><p style=\"text-align: center;\"><span style=\"color: #ffffff;\">Se acab\u00f3 Se acab\u00f3 Se acab\u00f3<\/span><\/p><p style=\"text-align: center;\"><span style=\"color: #ffffff;\">Di Benedetto<\/span><\/p><p style=\"text-align: center;\"><span style=\"color: #ffffff;\">Se acab\u00f3 Se acab\u00f3 Se acab\u00f3<\/span><\/p><p style=\"text-align: center;\"><span style=\"color: #ffffff;\">Dile Dachay<\/span><\/p><p style=\"text-align: center;\"><span style=\"color: #ffffff;\">Ahora vivo la vida a mi manera<\/span><\/p><p style=\"text-align: center;\"><span style=\"color: #ffffff;\">Se acab\u00f3 Se acab\u00f3 Se acab\u00f3<\/span><\/p><p style=\"text-align: center;\"><span style=\"color: #ffffff;\">Se acab\u00f3 Se acab\u00f3 Se acab\u00f3<\/span><\/p><p style=\"text-align: center;\"><span style=\"color: #ffffff;\">En la mano tengo la tijera<\/span><\/p><p style=\"text-align: center;\"><span style=\"color: #ffffff;\">Se acab\u00f3 Se acab\u00f3 Se acab\u00f3<\/span><\/p><p style=\"text-align: center;\"><span style=\"color: #ffffff;\">Se acab\u00f3 Se acab\u00f3 Se acab\u00f3<\/span><\/p><p style=\"text-align: center;\"><span style=\"color: #ffffff;\">Ahora vivo la vida a mi manera<\/span><\/p><\/div>\t\t\t\t\t<\/div>\n\t\t\t\t\t\t<\/div>\n\t\t\t\t<\/div>\n\t\t\t\t\t\t<\/div>\n\t\t\t\t\t<\/div>\n\t\t<\/div>\n\t\t\t\t\t\t\t\t<\/div>\n\t\t\t\t\t<\/div>\n\t\t<\/section>\n\t\t\t\t\t\t<\/div>\n\t\t\t\t\t\t<\/div>\n\t\t\t\t\t<\/div>\n\t\t","protected":false},"excerpt":{"rendered":"<p>SPOTIFY APPLE MUSIC DEEZER AMAZON MUSIC Tu y yo no tenemos nada que ver T\u00fa por tu lado yo por el m\u00edo As\u00ed que vete que ya no te quiero ver Yo ando puesta pa lo m\u00edo Mis sentimientos has querido robarte Pero son solo m\u00edo En la mano tengo la tijera Pa cortarle las.<\/p>\n","protected":false},"author":1,"featured_media":0,"parent":0,"menu_order":0,"comment_status":"closed","ping_status":"closed","template":"","meta":{"footnotes":""},"categories":[42],"tags":[],"class_list":["post-4367","page","type-page","status-publish","hentry","category-testi"],"yoast_head":"<!-- This site is optimized with the Yoast SEO plugin v19.6.1 - https:\/\/yoast.com\/wordpress\/plugins\/seo\/ -->\n<title>Se Acab\u00f3 - Di Benedetto Productions<\/title>\n<meta name=\"robots\" content=\"index, follow, max-snippet:-1, max-image-preview:large, max-video-preview:-1\" \/>\n<link rel=\"canonical\" href=\"https:\/\/dibenedettoproductions.com\/?page_id=4367\" \/>\n<meta property=\"og:locale\" content=\"it_IT\" \/>\n<meta property=\"og:type\" content=\"article\" \/>\n<meta property=\"og:title\" content=\"Se Acab\u00f3 - Di Benedetto Productions\" \/>\n<meta property=\"og:description\" content=\"SPOTIFY APPLE MUSIC DEEZER AMAZON MUSIC Tu y yo no tenemos nada que ver T\u00fa por tu lado yo por el m\u00edo As\u00ed que vete que ya no te quiero ver Yo ando puesta pa lo m\u00edo Mis sentimientos has querido robarte Pero son solo m\u00edo En la mano tengo la tijera Pa cortarle las.\" \/>\n<meta property=\"og:url\" content=\"https:\/\/dibenedettoproductions.com\/?page_id=4367\" \/>\n<meta property=\"og:site_name\" content=\"Di Benedetto Productions\" \/>\n<meta property=\"article:modified_time\" content=\"2021-08-06T07:05:39+00:00\" \/>\n<meta name=\"twitter:card\" content=\"summary_large_image\" \/>\n<meta name=\"twitter:label1\" content=\"Tempo di lettura stimato\" \/>\n\t<meta name=\"twitter:data1\" content=\"2 minuti\" \/>\n<script type=\"application\/ld+json\" class=\"yoast-schema-graph\">{\"@context\":\"https:\/\/schema.org\",\"@graph\":[{\"@type\":\"WebPage\",\"@id\":\"https:\/\/dibenedettoproductions.com\/?page_id=4367\",\"url\":\"https:\/\/dibenedettoproductions.com\/?page_id=4367\",\"name\":\"Se Acab\u00f3 - Di Benedetto Productions\",\"isPartOf\":{\"@id\":\"https:\/\/dibenedettoproductions.com\/#website\"},\"datePublished\":\"2021-02-25T11:33:02+00:00\",\"dateModified\":\"2021-08-06T07:05:39+00:00\",\"breadcrumb\":{\"@id\":\"https:\/\/dibenedettoproductions.com\/?page_id=4367#breadcrumb\"},\"inLanguage\":\"it-IT\",\"potentialAction\":[{\"@type\":\"ReadAction\",\"target\":[\"https:\/\/dibenedettoproductions.com\/?page_id=4367\"]}]},{\"@type\":\"BreadcrumbList\",\"@id\":\"https:\/\/dibenedettoproductions.com\/?page_id=4367#breadcrumb\",\"itemListElement\":[{\"@type\":\"ListItem\",\"position\":1,\"name\":\"Home\",\"item\":\"https:\/\/dibenedettoproductions.com\/\"},{\"@type\":\"ListItem\",\"position\":2,\"name\":\"Se Acab\u00f3\"}]},{\"@type\":\"WebSite\",\"@id\":\"https:\/\/dibenedettoproductions.com\/#website\",\"url\":\"https:\/\/dibenedettoproductions.com\/\",\"name\":\"Di Benedetto Productions\",\"description\":\"\",\"publisher\":{\"@id\":\"https:\/\/dibenedettoproductions.com\/#organization\"},\"potentialAction\":[{\"@type\":\"SearchAction\",\"target\":{\"@type\":\"EntryPoint\",\"urlTemplate\":\"https:\/\/dibenedettoproductions.com\/?s={search_term_string}\"},\"query-input\":\"required name=search_term_string\"}],\"inLanguage\":\"it-IT\"},{\"@type\":\"Organization\",\"@id\":\"https:\/\/dibenedettoproductions.com\/#organization\",\"name\":\"DI BENEDETTO PRODUCTIONS\",\"url\":\"https:\/\/dibenedettoproductions.com\/\",\"sameAs\":[],\"logo\":{\"@type\":\"ImageObject\",\"inLanguage\":\"it-IT\",\"@id\":\"https:\/\/dibenedettoproductions.com\/#\/schema\/logo\/image\/\",\"url\":\"https:\/\/dibenedettoproductions.com\/wp-content\/uploads\/2021\/09\/logo_di_benedetto_productions.jpg\",\"contentUrl\":\"https:\/\/dibenedettoproductions.com\/wp-content\/uploads\/2021\/09\/logo_di_benedetto_productions.jpg\",\"width\":225,\"height\":225,\"caption\":\"DI BENEDETTO PRODUCTIONS\"},\"image\":{\"@id\":\"https:\/\/dibenedettoproductions.com\/#\/schema\/logo\/image\/\"}}]}<\/script>\n<!-- \/ Yoast SEO plugin. -->","yoast_head_json":{"title":"Se Acab\u00f3 - Di Benedetto Productions","robots":{"index":"index","follow":"follow","max-snippet":"max-snippet:-1","max-image-preview":"max-image-preview:large","max-video-preview":"max-video-preview:-1"},"canonical":"https:\/\/dibenedettoproductions.com\/?page_id=4367","og_locale":"it_IT","og_type":"article","og_title":"Se Acab\u00f3 - Di Benedetto Productions","og_description":"SPOTIFY APPLE MUSIC DEEZER AMAZON MUSIC Tu y yo no tenemos nada que ver T\u00fa por tu lado yo por el m\u00edo As\u00ed que vete que ya no te quiero ver Yo ando puesta pa lo m\u00edo Mis sentimientos has querido robarte Pero son solo m\u00edo En la mano tengo la tijera Pa cortarle las.","og_url":"https:\/\/dibenedettoproductions.com\/?page_id=4367","og_site_name":"Di Benedetto Productions","article_modified_time":"2021-08-06T07:05:39+00:00","twitter_card":"summary_large_image","twitter_misc":{"Tempo di lettura stimato":"2 minuti"},"schema":{"@context":"https:\/\/schema.org","@graph":[{"@type":"WebPage","@id":"https:\/\/dibenedettoproductions.com\/?page_id=4367","url":"https:\/\/dibenedettoproductions.com\/?page_id=4367","name":"Se Acab\u00f3 - Di Benedetto Productions","isPartOf":{"@id":"https:\/\/dibenedettoproductions.com\/#website"},"datePublished":"2021-02-25T11:33:02+00:00","dateModified":"2021-08-06T07:05:39+00:00","breadcrumb":{"@id":"https:\/\/dibenedettoproductions.com\/?page_id=4367#breadcrumb"},"inLanguage":"it-IT","potentialAction":[{"@type":"ReadAction","target":["https:\/\/dibenedettoproductions.com\/?page_id=4367"]}]},{"@type":"BreadcrumbList","@id":"https:\/\/dibenedettoproductions.com\/?page_id=4367#breadcrumb","itemListElement":[{"@type":"ListItem","position":1,"name":"Home","item":"https:\/\/dibenedettoproductions.com\/"},{"@type":"ListItem","position":2,"name":"Se Acab\u00f3"}]},{"@type":"WebSite","@id":"https:\/\/dibenedettoproductions.com\/#website","url":"https:\/\/dibenedettoproductions.com\/","name":"Di Benedetto Productions","description":"","publisher":{"@id":"https:\/\/dibenedettoproductions.com\/#organization"},"potentialAction":[{"@type":"SearchAction","target":{"@type":"EntryPoint","urlTemplate":"https:\/\/dibenedettoproductions.com\/?s={search_term_string}"},"query-input":"required name=search_term_string"}],"inLanguage":"it-IT"},{"@type":"Organization","@id":"https:\/\/dibenedettoproductions.com\/#organization","name":"DI BENEDETTO PRODUCTIONS","url":"https:\/\/dibenedettoproductions.com\/","sameAs":[],"logo":{"@type":"ImageObject","inLanguage":"it-IT","@id":"https:\/\/dibenedettoproductions.com\/#\/schema\/logo\/image\/","url":"https:\/\/dibenedettoproductions.com\/wp-content\/uploads\/2021\/09\/logo_di_benedetto_productions.jpg","contentUrl":"https:\/\/dibenedettoproductions.com\/wp-content\/uploads\/2021\/09\/logo_di_benedetto_productions.jpg","width":225,"height":225,"caption":"DI BENEDETTO PRODUCTIONS"},"image":{"@id":"https:\/\/dibenedettoproductions.com\/#\/schema\/logo\/image\/"}}]}},"_links":{"self":[{"href":"https:\/\/dibenedettoproductions.com\/index.php?rest_route=\/wp\/v2\/pages\/4367","targetHints":{"allow":["GET"]}}],"collection":[{"href":"https:\/\/dibenedettoproductions.com\/index.php?rest_route=\/wp\/v2\/pages"}],"about":[{"href":"https:\/\/dibenedettoproductions.com\/index.php?rest_route=\/wp\/v2\/types\/page"}],"author":[{"embeddable":true,"href":"https:\/\/dibenedettoproductions.com\/index.php?rest_route=\/wp\/v2\/users\/1"}],"replies":[{"embeddable":true,"href":"https:\/\/dibenedettoproductions.com\/index.php?rest_route=%2Fwp%2Fv2%2Fcomments&post=4367"}],"version-history":[{"count":7,"href":"https:\/\/dibenedettoproductions.com\/index.php?rest_route=\/wp\/v2\/pages\/4367\/revisions"}],"predecessor-version":[{"id":5896,"href":"https:\/\/dibenedettoproductions.com\/index.php?rest_route=\/wp\/v2\/pages\/4367\/revisions\/5896"}],"wp:attachment":[{"href":"https:\/\/dibenedettoproductions.com\/index.php?rest_route=%2Fwp%2Fv2%2Fmedia&parent=4367"}],"wp:term":[{"taxonomy":"category","embeddable":true,"href":"https:\/\/dibenedettoproductions.com\/index.php?rest_route=%2Fwp%2Fv2%2Fcategories&post=4367"},{"taxonomy":"post_tag","embeddable":true,"href":"https:\/\/dibenedettoproductions.com\/index.php?rest_route=%2Fwp%2Fv2%2Ftags&post=4367"}],"curies":[{"name":"wp","href":"https:\/\/api.w.org\/{rel}","templated":true}]}}