{"id":4358,"date":"2021-02-25T11:30:04","date_gmt":"2021-02-25T11:30:04","guid":{"rendered":"https:\/\/dibenedettoproductions.com\/?page_id=4358"},"modified":"2021-08-06T07:01:03","modified_gmt":"2021-08-06T07:01:03","slug":"nos-amamos","status":"publish","type":"page","link":"https:\/\/dibenedettoproductions.com\/?page_id=4358","title":{"rendered":"Nos Amamos"},"content":{"rendered":"\t\t<div data-elementor-type=\"wp-page\" data-elementor-id=\"4358\" class=\"elementor elementor-4358\" data-elementor-settings=\"[]\">\n\t\t\t\t\t\t<div class=\"elementor-inner\">\n\t\t\t\t\t\t\t<div class=\"elementor-section-wrap\">\n\t\t\t\t\t\t\t<section class=\"elementor-section elementor-top-section elementor-element elementor-element-9ba64a2 elementor-section-stretched elementor-section-boxed elementor-section-height-default elementor-section-height-default\" data-id=\"9ba64a2\" data-element_type=\"section\" data-settings=\"{&quot;stretch_section&quot;:&quot;section-stretched&quot;,&quot;background_background&quot;:&quot;classic&quot;}\">\n\t\t\t\t\t\t<div class=\"elementor-container elementor-column-gap-default\">\n\t\t\t\t\t\t\t<div class=\"elementor-row\">\n\t\t\t\t\t<div class=\"elementor-column elementor-col-25 elementor-top-column elementor-element elementor-element-1ccb869\" data-id=\"1ccb869\" data-element_type=\"column\">\n\t\t\t<div class=\"elementor-column-wrap elementor-element-populated\">\n\t\t\t\t\t\t\t<div class=\"elementor-widget-wrap\">\n\t\t\t\t\t\t<div class=\"elementor-element elementor-element-a9f71c5 elementor-align-center elementor-widget elementor-widget-button\" data-id=\"a9f71c5\" data-element_type=\"widget\" data-widget_type=\"button.default\">\n\t\t\t\t<div class=\"elementor-widget-container\">\n\t\t\t\t\t<div class=\"elementor-button-wrapper\">\n\t\t\t<a href=\"https:\/\/open.spotify.com\/track\/7u2OKRNcPmTwQnalbHG5G7?si=JvI5HsdyT4SDmZx7MvParw%20\" class=\"elementor-button-link elementor-button elementor-size-sm\" role=\"button\">\n\t\t\t\t\t\t<span class=\"elementor-button-content-wrapper\">\n\t\t\t\t\t\t<span class=\"elementor-button-text\">SPOTIFY<\/span>\n\t\t<\/span>\n\t\t\t\t\t<\/a>\n\t\t<\/div>\n\t\t\t\t<\/div>\n\t\t\t\t<\/div>\n\t\t\t\t\t\t<\/div>\n\t\t\t\t\t<\/div>\n\t\t<\/div>\n\t\t\t\t<div class=\"elementor-column elementor-col-25 elementor-top-column elementor-element elementor-element-df5386d\" data-id=\"df5386d\" data-element_type=\"column\">\n\t\t\t<div class=\"elementor-column-wrap elementor-element-populated\">\n\t\t\t\t\t\t\t<div class=\"elementor-widget-wrap\">\n\t\t\t\t\t\t<div class=\"elementor-element elementor-element-9af0bfd elementor-align-center elementor-widget elementor-widget-button\" data-id=\"9af0bfd\" data-element_type=\"widget\" data-widget_type=\"button.default\">\n\t\t\t\t<div class=\"elementor-widget-container\">\n\t\t\t\t\t<div class=\"elementor-button-wrapper\">\n\t\t\t<a href=\"https:\/\/music.apple.com\/us\/album\/nos-amamos\/1531524492?i=1531524494\" class=\"elementor-button-link elementor-button elementor-size-sm\" role=\"button\">\n\t\t\t\t\t\t<span class=\"elementor-button-content-wrapper\">\n\t\t\t\t\t\t<span class=\"elementor-button-text\">APPLE MUSIC<\/span>\n\t\t<\/span>\n\t\t\t\t\t<\/a>\n\t\t<\/div>\n\t\t\t\t<\/div>\n\t\t\t\t<\/div>\n\t\t\t\t\t\t<\/div>\n\t\t\t\t\t<\/div>\n\t\t<\/div>\n\t\t\t\t<div class=\"elementor-column elementor-col-25 elementor-top-column elementor-element elementor-element-62a4ea4\" data-id=\"62a4ea4\" data-element_type=\"column\">\n\t\t\t<div class=\"elementor-column-wrap elementor-element-populated\">\n\t\t\t\t\t\t\t<div class=\"elementor-widget-wrap\">\n\t\t\t\t\t\t<div class=\"elementor-element elementor-element-cd38b26 elementor-align-center elementor-widget elementor-widget-button\" data-id=\"cd38b26\" data-element_type=\"widget\" data-widget_type=\"button.default\">\n\t\t\t\t<div class=\"elementor-widget-container\">\n\t\t\t\t\t<div class=\"elementor-button-wrapper\">\n\t\t\t<a href=\"https:\/\/deezer.page.link\/m9vW5HEsWXDCRpw89\" class=\"elementor-button-link elementor-button elementor-size-sm\" role=\"button\">\n\t\t\t\t\t\t<span class=\"elementor-button-content-wrapper\">\n\t\t\t\t\t\t<span class=\"elementor-button-text\">DEEZER<\/span>\n\t\t<\/span>\n\t\t\t\t\t<\/a>\n\t\t<\/div>\n\t\t\t\t<\/div>\n\t\t\t\t<\/div>\n\t\t\t\t\t\t<\/div>\n\t\t\t\t\t<\/div>\n\t\t<\/div>\n\t\t\t\t<div class=\"elementor-column elementor-col-25 elementor-top-column elementor-element elementor-element-6bd9458\" data-id=\"6bd9458\" data-element_type=\"column\">\n\t\t\t<div class=\"elementor-column-wrap elementor-element-populated\">\n\t\t\t\t\t\t\t<div class=\"elementor-widget-wrap\">\n\t\t\t\t\t\t<div class=\"elementor-element elementor-element-7b4f7fb elementor-align-center elementor-widget elementor-widget-button\" data-id=\"7b4f7fb\" data-element_type=\"widget\" data-widget_type=\"button.default\">\n\t\t\t\t<div class=\"elementor-widget-container\">\n\t\t\t\t\t<div class=\"elementor-button-wrapper\">\n\t\t\t<a href=\"https:\/\/music.amazon.com\/albums\/B08HVXD8KV?trackAsin=B08HVYLJJF&#038;ref=dm_sh_84ee-ba80-dmcp-5dac-6b4f0&#038;musicTerritory=US&#038;marketplaceId=ATVPDKIKX0DER%20\" class=\"elementor-button-link elementor-button elementor-size-sm\" role=\"button\">\n\t\t\t\t\t\t<span class=\"elementor-button-content-wrapper\">\n\t\t\t\t\t\t<span class=\"elementor-button-text\">AMAZON MUSIC<\/span>\n\t\t<\/span>\n\t\t\t\t\t<\/a>\n\t\t<\/div>\n\t\t\t\t<\/div>\n\t\t\t\t<\/div>\n\t\t\t\t\t\t<\/div>\n\t\t\t\t\t<\/div>\n\t\t<\/div>\n\t\t\t\t\t\t\t\t<\/div>\n\t\t\t\t\t<\/div>\n\t\t<\/section>\n\t\t\t\t<section class=\"elementor-section elementor-top-section elementor-element elementor-element-6d649d7 elementor-section-stretched elementor-section-boxed elementor-section-height-default elementor-section-height-default\" data-id=\"6d649d7\" data-element_type=\"section\" data-settings=\"{&quot;stretch_section&quot;:&quot;section-stretched&quot;,&quot;background_background&quot;:&quot;classic&quot;}\">\n\t\t\t\t\t\t<div class=\"elementor-container elementor-column-gap-default\">\n\t\t\t\t\t\t\t<div class=\"elementor-row\">\n\t\t\t\t\t<div class=\"elementor-column elementor-col-100 elementor-top-column elementor-element elementor-element-ec35b85\" data-id=\"ec35b85\" data-element_type=\"column\">\n\t\t\t<div class=\"elementor-column-wrap elementor-element-populated\">\n\t\t\t\t\t\t\t<div class=\"elementor-widget-wrap\">\n\t\t\t\t\t\t<div class=\"elementor-element elementor-element-17b9312 elementor-widget elementor-widget-text-editor\" data-id=\"17b9312\" data-element_type=\"widget\" data-widget_type=\"text-editor.default\">\n\t\t\t\t<div class=\"elementor-widget-container\">\n\t\t\t\t\t\t\t\t<div class=\"elementor-text-editor elementor-clearfix\">\n\t\t\t\t<p style=\"text-align: center;\"><span style=\"color: #ffffff;\">Esto es una historia de amor<\/span><\/p><p style=\"text-align: center;\"><span style=\"color: #ffffff;\">Dice, escucha<\/span><\/p><p style=\"text-align: center;\"><span style=\"color: #ffffff;\">Aprend\u00ed a quererte<\/span><\/p><p style=\"text-align: center;\"><span style=\"color: #ffffff;\">Con tus virtudes y defectos<\/span><\/p><p style=\"text-align: center;\"><span style=\"color: #ffffff;\">Aprend\u00ed a mirarte<\/span><\/p><p style=\"text-align: center;\"><span style=\"color: #ffffff;\">Mucho m\u00e1s adentro<\/span><\/p><p style=\"text-align: center;\"><span style=\"color: #ffffff;\">Y es que lo que tenemos tu y yo<\/span><\/p><p style=\"text-align: center;\"><span style=\"color: #ffffff;\">Es dif\u00edcil de encontrar<\/span><\/p><p style=\"text-align: center;\"><span style=\"color: #ffffff;\">Dif\u00edcil de comparar<\/span><\/p><p style=\"text-align: center;\"><span style=\"color: #ffffff;\">Porque cuando se ama de verdad<\/span><\/p><p style=\"text-align: center;\"><span style=\"color: #ffffff;\">Como nos amamos t\u00fa y yo<\/span><\/p><p style=\"text-align: center;\"><span style=\"color: #ffffff;\">No hay que decirse nada<\/span><\/p><p style=\"text-align: center;\"><span style=\"color: #ffffff;\">Solo habla el coraz\u00f3n<\/span><\/p><p style=\"text-align: center;\"><span style=\"color: #ffffff;\">Porque cuando se ama de verdad<\/span><\/p><p style=\"text-align: center;\"><span style=\"color: #ffffff;\">Como nos amamos t\u00fa y yo<\/span><\/p><p style=\"text-align: center;\"><span style=\"color: #ffffff;\">No hay que decirse nada<\/span><\/p><p style=\"text-align: center;\"><span style=\"color: #ffffff;\">Solo habla el coraz\u00f3n<\/span><\/p><p style=\"text-align: center;\"><span style=\"color: #ffffff;\">Es tu boca es tu piel y son tus besos<\/span><\/p><p style=\"text-align: center;\"><span style=\"color: #ffffff;\">Que te amo hoy te lo confieso<\/span><\/p><p style=\"text-align: center;\"><span style=\"color: #ffffff;\">Que si es un delito quererte as\u00ed<\/span><\/p><p style=\"text-align: center;\"><span style=\"color: #ffffff;\">Que me lleven preso y yo<\/span><\/p><p style=\"text-align: center;\"><span style=\"color: #ffffff;\">Paso todo el d\u00eda pens\u00e1ndote<\/span><\/p><p style=\"text-align: center;\"><span style=\"color: #ffffff;\">Encima de m\u00ed y yo comi\u00e9ndote<\/span><\/p><p style=\"text-align: center;\"><span style=\"color: #ffffff;\">Lo hacemos 1 2 3 4 veces<\/span><\/p><p style=\"text-align: center;\"><span style=\"color: #ffffff;\">No s\u00e9 hasta que amanece<\/span><\/p><p style=\"text-align: center;\"><span style=\"color: #ffffff;\">Y es que lo que tenemos tu y yo<\/span><\/p><p style=\"text-align: center;\"><span style=\"color: #ffffff;\">Es dif\u00edcil de encontrar<\/span><\/p><p style=\"text-align: center;\"><span style=\"color: #ffffff;\">Dif\u00edcil de comparar<\/span><\/p><p style=\"text-align: center;\"><span style=\"color: #ffffff;\">Porque cuando se ama de verdad<\/span><\/p><p style=\"text-align: center;\"><span style=\"color: #ffffff;\">Como nos amamos t\u00fa y yo<\/span><\/p><p style=\"text-align: center;\"><span style=\"color: #ffffff;\">No hay que decirse nada<\/span><\/p><p style=\"text-align: center;\"><span style=\"color: #ffffff;\">Solo habla el coraz\u00f3n<\/span><\/p><p style=\"text-align: center;\"><span style=\"color: #ffffff;\">Porque cuando se ama de verdad<\/span><\/p><p style=\"text-align: center;\"><span style=\"color: #ffffff;\">Como nos amamos t\u00fa y yo<\/span><\/p><p style=\"text-align: center;\"><span style=\"color: #ffffff;\">No hay que decirse nada<\/span><\/p><p style=\"text-align: center;\"><span style=\"color: #ffffff;\">Solo habla el coraz\u00f3n<\/span><\/p><p style=\"text-align: center;\"><span style=\"color: #ffffff;\">Si esto es un accidente yo pago la multa<\/span><\/p><p style=\"text-align: center;\"><span style=\"color: #ffffff;\">Que t\u00fa me gustas baby eso no se pregunta<\/span><\/p><p style=\"text-align: center;\"><span style=\"color: #ffffff;\">Bebecita t\u00fa eres inmortal<\/span><\/p><p style=\"text-align: center;\"><span style=\"color: #ffffff;\">Y a todas las dem\u00e1s la tienes difunta<\/span><\/p><p style=\"text-align: center;\"><span style=\"color: #ffffff;\">Si esto es un accidente yo pago la multa<\/span><\/p><p style=\"text-align: center;\"><span style=\"color: #ffffff;\">Que t\u00fa me gustas baby eso no se pregunta<\/span><\/p><p style=\"text-align: center;\"><span style=\"color: #ffffff;\">Bebecita t\u00fa eres inmortal<\/span><\/p><p style=\"text-align: center;\"><span style=\"color: #ffffff;\">Y a todas las dem\u00e1s la tienes difunta<\/span><\/p><p style=\"text-align: center;\"><span style=\"color: #ffffff;\">Aprend\u00ed a quererte<\/span><\/p><p style=\"text-align: center;\"><span style=\"color: #ffffff;\">Con tus virtudes y defectos<\/span><\/p><p style=\"text-align: center;\"><span style=\"color: #ffffff;\">Aprend\u00ed a mirarte<\/span><\/p><p style=\"text-align: center;\"><span style=\"color: #ffffff;\">Mucho m\u00e1s adentro<\/span><\/p><p style=\"text-align: center;\"><span style=\"color: #ffffff;\">Y es que lo que tenemos tu y yo<\/span><\/p><p style=\"text-align: center;\"><span style=\"color: #ffffff;\">Es dif\u00edcil de encontrar<\/span><\/p><p style=\"text-align: center;\"><span style=\"color: #ffffff;\">Dif\u00edcil de comparar<\/span><\/p><p style=\"text-align: center;\"><span style=\"color: #ffffff;\">Porque cuando se ama de verdad<\/span><\/p><p style=\"text-align: center;\"><span style=\"color: #ffffff;\">Como nos amamos t\u00fa y yo<\/span><\/p><p style=\"text-align: center;\"><span style=\"color: #ffffff;\">No hay que decirse nada<\/span><\/p><p style=\"text-align: center;\"><span style=\"color: #ffffff;\">Solo habla el coraz\u00f3n<\/span><\/p><p style=\"text-align: center;\"><span style=\"color: #ffffff;\">Se\u00f1oras y se\u00f1ores<\/span><\/p><p style=\"text-align: center;\"><span style=\"color: #ffffff;\">Plasmando hechos reales en canciones<\/span><\/p><p style=\"text-align: center;\"><span style=\"color: #ffffff;\">Ustedes saben ya<\/span><\/p><p style=\"text-align: center;\"><span style=\"color: #ffffff;\">Enzo la melod\u00eda secreta<\/span><\/p><p style=\"text-align: center;\"><span style=\"color: #ffffff;\">Leslie Guzman<\/span><\/p><p style=\"text-align: center;\"><span style=\"color: #ffffff;\">Hey te la presento yo<\/span><\/p><p style=\"text-align: center;\"><span style=\"color: #ffffff;\">Hey di Benedetto production<\/span><\/p><p style=\"text-align: center;\"><span style=\"color: #ffffff;\">Ya indica dachay indica dachay<\/span><\/p>\t\t\t\t\t<\/div>\n\t\t\t\t\t\t<\/div>\n\t\t\t\t<\/div>\n\t\t\t\t\t\t<\/div>\n\t\t\t\t\t<\/div>\n\t\t<\/div>\n\t\t\t\t\t\t\t\t<\/div>\n\t\t\t\t\t<\/div>\n\t\t<\/section>\n\t\t\t\t\t\t<\/div>\n\t\t\t\t\t\t<\/div>\n\t\t\t\t\t<\/div>\n\t\t","protected":false},"excerpt":{"rendered":"<p>SPOTIFY APPLE MUSIC DEEZER AMAZON MUSIC Esto es una historia de amor Dice, escucha Aprend\u00ed a quererte Con tus virtudes y defectos Aprend\u00ed a mirarte Mucho m\u00e1s adentro Y es que lo que tenemos tu y yo Es dif\u00edcil de encontrar Dif\u00edcil de comparar Porque cuando se ama de verdad Como nos amamos t\u00fa y.<\/p>\n","protected":false},"author":1,"featured_media":0,"parent":0,"menu_order":0,"comment_status":"closed","ping_status":"closed","template":"","meta":{"footnotes":""},"categories":[42],"tags":[],"class_list":["post-4358","page","type-page","status-publish","hentry","category-testi"],"yoast_head":"<!-- This site is optimized with the Yoast SEO plugin v19.6.1 - https:\/\/yoast.com\/wordpress\/plugins\/seo\/ -->\n<title>Nos Amamos - Di Benedetto Productions<\/title>\n<meta name=\"robots\" content=\"index, follow, max-snippet:-1, max-image-preview:large, max-video-preview:-1\" \/>\n<link rel=\"canonical\" href=\"https:\/\/dibenedettoproductions.com\/?page_id=4358\" \/>\n<meta property=\"og:locale\" content=\"it_IT\" \/>\n<meta property=\"og:type\" content=\"article\" \/>\n<meta property=\"og:title\" content=\"Nos Amamos - Di Benedetto Productions\" \/>\n<meta property=\"og:description\" content=\"SPOTIFY APPLE MUSIC DEEZER AMAZON MUSIC Esto es una historia de amor Dice, escucha Aprend\u00ed a quererte Con tus virtudes y defectos Aprend\u00ed a mirarte Mucho m\u00e1s adentro Y es que lo que tenemos tu y yo Es dif\u00edcil de encontrar Dif\u00edcil de comparar Porque cuando se ama de verdad Como nos amamos t\u00fa y.\" \/>\n<meta property=\"og:url\" content=\"https:\/\/dibenedettoproductions.com\/?page_id=4358\" \/>\n<meta property=\"og:site_name\" content=\"Di Benedetto Productions\" \/>\n<meta property=\"article:modified_time\" content=\"2021-08-06T07:01:03+00:00\" \/>\n<meta name=\"twitter:card\" content=\"summary_large_image\" \/>\n<meta name=\"twitter:label1\" content=\"Tempo di lettura stimato\" \/>\n\t<meta name=\"twitter:data1\" content=\"1 minuto\" \/>\n<script type=\"application\/ld+json\" class=\"yoast-schema-graph\">{\"@context\":\"https:\/\/schema.org\",\"@graph\":[{\"@type\":\"WebPage\",\"@id\":\"https:\/\/dibenedettoproductions.com\/?page_id=4358\",\"url\":\"https:\/\/dibenedettoproductions.com\/?page_id=4358\",\"name\":\"Nos Amamos - Di Benedetto Productions\",\"isPartOf\":{\"@id\":\"https:\/\/dibenedettoproductions.com\/#website\"},\"datePublished\":\"2021-02-25T11:30:04+00:00\",\"dateModified\":\"2021-08-06T07:01:03+00:00\",\"breadcrumb\":{\"@id\":\"https:\/\/dibenedettoproductions.com\/?page_id=4358#breadcrumb\"},\"inLanguage\":\"it-IT\",\"potentialAction\":[{\"@type\":\"ReadAction\",\"target\":[\"https:\/\/dibenedettoproductions.com\/?page_id=4358\"]}]},{\"@type\":\"BreadcrumbList\",\"@id\":\"https:\/\/dibenedettoproductions.com\/?page_id=4358#breadcrumb\",\"itemListElement\":[{\"@type\":\"ListItem\",\"position\":1,\"name\":\"Home\",\"item\":\"https:\/\/dibenedettoproductions.com\/\"},{\"@type\":\"ListItem\",\"position\":2,\"name\":\"Nos Amamos\"}]},{\"@type\":\"WebSite\",\"@id\":\"https:\/\/dibenedettoproductions.com\/#website\",\"url\":\"https:\/\/dibenedettoproductions.com\/\",\"name\":\"Di Benedetto Productions\",\"description\":\"\",\"publisher\":{\"@id\":\"https:\/\/dibenedettoproductions.com\/#organization\"},\"potentialAction\":[{\"@type\":\"SearchAction\",\"target\":{\"@type\":\"EntryPoint\",\"urlTemplate\":\"https:\/\/dibenedettoproductions.com\/?s={search_term_string}\"},\"query-input\":\"required name=search_term_string\"}],\"inLanguage\":\"it-IT\"},{\"@type\":\"Organization\",\"@id\":\"https:\/\/dibenedettoproductions.com\/#organization\",\"name\":\"DI BENEDETTO PRODUCTIONS\",\"url\":\"https:\/\/dibenedettoproductions.com\/\",\"sameAs\":[],\"logo\":{\"@type\":\"ImageObject\",\"inLanguage\":\"it-IT\",\"@id\":\"https:\/\/dibenedettoproductions.com\/#\/schema\/logo\/image\/\",\"url\":\"https:\/\/dibenedettoproductions.com\/wp-content\/uploads\/2021\/09\/logo_di_benedetto_productions.jpg\",\"contentUrl\":\"https:\/\/dibenedettoproductions.com\/wp-content\/uploads\/2021\/09\/logo_di_benedetto_productions.jpg\",\"width\":225,\"height\":225,\"caption\":\"DI BENEDETTO PRODUCTIONS\"},\"image\":{\"@id\":\"https:\/\/dibenedettoproductions.com\/#\/schema\/logo\/image\/\"}}]}<\/script>\n<!-- \/ Yoast SEO plugin. -->","yoast_head_json":{"title":"Nos Amamos - Di Benedetto Productions","robots":{"index":"index","follow":"follow","max-snippet":"max-snippet:-1","max-image-preview":"max-image-preview:large","max-video-preview":"max-video-preview:-1"},"canonical":"https:\/\/dibenedettoproductions.com\/?page_id=4358","og_locale":"it_IT","og_type":"article","og_title":"Nos Amamos - Di Benedetto Productions","og_description":"SPOTIFY APPLE MUSIC DEEZER AMAZON MUSIC Esto es una historia de amor Dice, escucha Aprend\u00ed a quererte Con tus virtudes y defectos Aprend\u00ed a mirarte Mucho m\u00e1s adentro Y es que lo que tenemos tu y yo Es dif\u00edcil de encontrar Dif\u00edcil de comparar Porque cuando se ama de verdad Como nos amamos t\u00fa y.","og_url":"https:\/\/dibenedettoproductions.com\/?page_id=4358","og_site_name":"Di Benedetto Productions","article_modified_time":"2021-08-06T07:01:03+00:00","twitter_card":"summary_large_image","twitter_misc":{"Tempo di lettura stimato":"1 minuto"},"schema":{"@context":"https:\/\/schema.org","@graph":[{"@type":"WebPage","@id":"https:\/\/dibenedettoproductions.com\/?page_id=4358","url":"https:\/\/dibenedettoproductions.com\/?page_id=4358","name":"Nos Amamos - Di Benedetto Productions","isPartOf":{"@id":"https:\/\/dibenedettoproductions.com\/#website"},"datePublished":"2021-02-25T11:30:04+00:00","dateModified":"2021-08-06T07:01:03+00:00","breadcrumb":{"@id":"https:\/\/dibenedettoproductions.com\/?page_id=4358#breadcrumb"},"inLanguage":"it-IT","potentialAction":[{"@type":"ReadAction","target":["https:\/\/dibenedettoproductions.com\/?page_id=4358"]}]},{"@type":"BreadcrumbList","@id":"https:\/\/dibenedettoproductions.com\/?page_id=4358#breadcrumb","itemListElement":[{"@type":"ListItem","position":1,"name":"Home","item":"https:\/\/dibenedettoproductions.com\/"},{"@type":"ListItem","position":2,"name":"Nos Amamos"}]},{"@type":"WebSite","@id":"https:\/\/dibenedettoproductions.com\/#website","url":"https:\/\/dibenedettoproductions.com\/","name":"Di Benedetto Productions","description":"","publisher":{"@id":"https:\/\/dibenedettoproductions.com\/#organization"},"potentialAction":[{"@type":"SearchAction","target":{"@type":"EntryPoint","urlTemplate":"https:\/\/dibenedettoproductions.com\/?s={search_term_string}"},"query-input":"required name=search_term_string"}],"inLanguage":"it-IT"},{"@type":"Organization","@id":"https:\/\/dibenedettoproductions.com\/#organization","name":"DI BENEDETTO PRODUCTIONS","url":"https:\/\/dibenedettoproductions.com\/","sameAs":[],"logo":{"@type":"ImageObject","inLanguage":"it-IT","@id":"https:\/\/dibenedettoproductions.com\/#\/schema\/logo\/image\/","url":"https:\/\/dibenedettoproductions.com\/wp-content\/uploads\/2021\/09\/logo_di_benedetto_productions.jpg","contentUrl":"https:\/\/dibenedettoproductions.com\/wp-content\/uploads\/2021\/09\/logo_di_benedetto_productions.jpg","width":225,"height":225,"caption":"DI BENEDETTO PRODUCTIONS"},"image":{"@id":"https:\/\/dibenedettoproductions.com\/#\/schema\/logo\/image\/"}}]}},"_links":{"self":[{"href":"https:\/\/dibenedettoproductions.com\/index.php?rest_route=\/wp\/v2\/pages\/4358","targetHints":{"allow":["GET"]}}],"collection":[{"href":"https:\/\/dibenedettoproductions.com\/index.php?rest_route=\/wp\/v2\/pages"}],"about":[{"href":"https:\/\/dibenedettoproductions.com\/index.php?rest_route=\/wp\/v2\/types\/page"}],"author":[{"embeddable":true,"href":"https:\/\/dibenedettoproductions.com\/index.php?rest_route=\/wp\/v2\/users\/1"}],"replies":[{"embeddable":true,"href":"https:\/\/dibenedettoproductions.com\/index.php?rest_route=%2Fwp%2Fv2%2Fcomments&post=4358"}],"version-history":[{"count":7,"href":"https:\/\/dibenedettoproductions.com\/index.php?rest_route=\/wp\/v2\/pages\/4358\/revisions"}],"predecessor-version":[{"id":5821,"href":"https:\/\/dibenedettoproductions.com\/index.php?rest_route=\/wp\/v2\/pages\/4358\/revisions\/5821"}],"wp:attachment":[{"href":"https:\/\/dibenedettoproductions.com\/index.php?rest_route=%2Fwp%2Fv2%2Fmedia&parent=4358"}],"wp:term":[{"taxonomy":"category","embeddable":true,"href":"https:\/\/dibenedettoproductions.com\/index.php?rest_route=%2Fwp%2Fv2%2Fcategories&post=4358"},{"taxonomy":"post_tag","embeddable":true,"href":"https:\/\/dibenedettoproductions.com\/index.php?rest_route=%2Fwp%2Fv2%2Ftags&post=4358"}],"curies":[{"name":"wp","href":"https:\/\/api.w.org\/{rel}","templated":true}]}}