{"id":4350,"date":"2021-02-25T11:22:03","date_gmt":"2021-02-25T11:22:03","guid":{"rendered":"https:\/\/dibenedettoproductions.com\/?page_id=4350"},"modified":"2021-08-05T15:00:27","modified_gmt":"2021-08-05T15:00:27","slug":"castigo","status":"publish","type":"page","link":"https:\/\/dibenedettoproductions.com\/?page_id=4350","title":{"rendered":"Castigo"},"content":{"rendered":"\t\t<div data-elementor-type=\"wp-page\" data-elementor-id=\"4350\" class=\"elementor elementor-4350\" data-elementor-settings=\"[]\">\n\t\t\t\t\t\t<div class=\"elementor-inner\">\n\t\t\t\t\t\t\t<div class=\"elementor-section-wrap\">\n\t\t\t\t\t\t\t<section class=\"elementor-section elementor-top-section elementor-element elementor-element-07f43bc elementor-section-stretched elementor-section-boxed elementor-section-height-default elementor-section-height-default\" data-id=\"07f43bc\" data-element_type=\"section\" data-settings=\"{&quot;stretch_section&quot;:&quot;section-stretched&quot;,&quot;background_background&quot;:&quot;classic&quot;}\">\n\t\t\t\t\t\t<div class=\"elementor-container elementor-column-gap-default\">\n\t\t\t\t\t\t\t<div class=\"elementor-row\">\n\t\t\t\t\t<div class=\"elementor-column elementor-col-25 elementor-top-column elementor-element elementor-element-f65a339\" data-id=\"f65a339\" data-element_type=\"column\">\n\t\t\t<div class=\"elementor-column-wrap elementor-element-populated\">\n\t\t\t\t\t\t\t<div class=\"elementor-widget-wrap\">\n\t\t\t\t\t\t<div class=\"elementor-element elementor-element-db959a5 elementor-align-center elementor-widget elementor-widget-button\" data-id=\"db959a5\" data-element_type=\"widget\" data-widget_type=\"button.default\">\n\t\t\t\t<div class=\"elementor-widget-container\">\n\t\t\t\t\t<div class=\"elementor-button-wrapper\">\n\t\t\t<a href=\"https:\/\/open.spotify.com\/track\/2ROuadDh7V4jTxsx57CwZN?si=yzlcaEeLQrGm3Kk7YFmzYg%20\" class=\"elementor-button-link elementor-button elementor-size-sm\" role=\"button\">\n\t\t\t\t\t\t<span class=\"elementor-button-content-wrapper\">\n\t\t\t\t\t\t<span class=\"elementor-button-text\">SPOTIFY<\/span>\n\t\t<\/span>\n\t\t\t\t\t<\/a>\n\t\t<\/div>\n\t\t\t\t<\/div>\n\t\t\t\t<\/div>\n\t\t\t\t\t\t<\/div>\n\t\t\t\t\t<\/div>\n\t\t<\/div>\n\t\t\t\t<div class=\"elementor-column elementor-col-25 elementor-top-column elementor-element elementor-element-993a036\" data-id=\"993a036\" data-element_type=\"column\">\n\t\t\t<div class=\"elementor-column-wrap elementor-element-populated\">\n\t\t\t\t\t\t\t<div class=\"elementor-widget-wrap\">\n\t\t\t\t\t\t<div class=\"elementor-element elementor-element-9c22bdb elementor-align-center elementor-widget elementor-widget-button\" data-id=\"9c22bdb\" data-element_type=\"widget\" data-widget_type=\"button.default\">\n\t\t\t\t<div class=\"elementor-widget-container\">\n\t\t\t\t\t<div class=\"elementor-button-wrapper\">\n\t\t\t<a href=\"https:\/\/music.apple.com\/us\/album\/castigo\/1522735781?i=1522735782%20\" class=\"elementor-button-link elementor-button elementor-size-sm\" role=\"button\">\n\t\t\t\t\t\t<span class=\"elementor-button-content-wrapper\">\n\t\t\t\t\t\t<span class=\"elementor-button-text\">APPLE MUSIC<\/span>\n\t\t<\/span>\n\t\t\t\t\t<\/a>\n\t\t<\/div>\n\t\t\t\t<\/div>\n\t\t\t\t<\/div>\n\t\t\t\t\t\t<\/div>\n\t\t\t\t\t<\/div>\n\t\t<\/div>\n\t\t\t\t<div class=\"elementor-column elementor-col-25 elementor-top-column elementor-element elementor-element-d2530da\" data-id=\"d2530da\" data-element_type=\"column\">\n\t\t\t<div class=\"elementor-column-wrap elementor-element-populated\">\n\t\t\t\t\t\t\t<div class=\"elementor-widget-wrap\">\n\t\t\t\t\t\t<div class=\"elementor-element elementor-element-f127057 elementor-align-center elementor-widget elementor-widget-button\" data-id=\"f127057\" data-element_type=\"widget\" data-widget_type=\"button.default\">\n\t\t\t\t<div class=\"elementor-widget-container\">\n\t\t\t\t\t<div class=\"elementor-button-wrapper\">\n\t\t\t<a href=\"https:\/\/deezer.page.link\/2H8ViwBTiCfCc1ct6%20\" class=\"elementor-button-link elementor-button elementor-size-sm\" role=\"button\">\n\t\t\t\t\t\t<span class=\"elementor-button-content-wrapper\">\n\t\t\t\t\t\t<span class=\"elementor-button-text\">DEEZER<\/span>\n\t\t<\/span>\n\t\t\t\t\t<\/a>\n\t\t<\/div>\n\t\t\t\t<\/div>\n\t\t\t\t<\/div>\n\t\t\t\t\t\t<\/div>\n\t\t\t\t\t<\/div>\n\t\t<\/div>\n\t\t\t\t<div class=\"elementor-column elementor-col-25 elementor-top-column elementor-element elementor-element-c8630fd\" data-id=\"c8630fd\" data-element_type=\"column\">\n\t\t\t<div class=\"elementor-column-wrap elementor-element-populated\">\n\t\t\t\t\t\t\t<div class=\"elementor-widget-wrap\">\n\t\t\t\t\t\t<div class=\"elementor-element elementor-element-bae37d0 elementor-align-center elementor-widget elementor-widget-button\" data-id=\"bae37d0\" data-element_type=\"widget\" data-widget_type=\"button.default\">\n\t\t\t\t<div class=\"elementor-widget-container\">\n\t\t\t\t\t<div class=\"elementor-button-wrapper\">\n\t\t\t<a href=\"https:\/\/music.amazon.com\/albums\/B08CN889CQ?trackAsin=B08CN6MV7T&#038;ref=dm_sh_c782-8711-dmcp-cad1-4faf8&#038;musicTerritory=US&#038;marketplaceId=ATVPDKIKX0DER%20\" class=\"elementor-button-link elementor-button elementor-size-sm\" role=\"button\">\n\t\t\t\t\t\t<span class=\"elementor-button-content-wrapper\">\n\t\t\t\t\t\t<span class=\"elementor-button-text\">AMAZON MUSIC<\/span>\n\t\t<\/span>\n\t\t\t\t\t<\/a>\n\t\t<\/div>\n\t\t\t\t<\/div>\n\t\t\t\t<\/div>\n\t\t\t\t\t\t<\/div>\n\t\t\t\t\t<\/div>\n\t\t<\/div>\n\t\t\t\t\t\t\t\t<\/div>\n\t\t\t\t\t<\/div>\n\t\t<\/section>\n\t\t\t\t<section class=\"elementor-section elementor-top-section elementor-element elementor-element-4b61595 elementor-section-stretched elementor-section-boxed elementor-section-height-default elementor-section-height-default\" data-id=\"4b61595\" data-element_type=\"section\" data-settings=\"{&quot;stretch_section&quot;:&quot;section-stretched&quot;,&quot;background_background&quot;:&quot;classic&quot;}\">\n\t\t\t\t\t\t<div class=\"elementor-container elementor-column-gap-default\">\n\t\t\t\t\t\t\t<div class=\"elementor-row\">\n\t\t\t\t\t<div class=\"elementor-column elementor-col-100 elementor-top-column elementor-element elementor-element-37bfd44\" data-id=\"37bfd44\" data-element_type=\"column\">\n\t\t\t<div class=\"elementor-column-wrap elementor-element-populated\">\n\t\t\t\t\t\t\t<div class=\"elementor-widget-wrap\">\n\t\t\t\t\t\t<div class=\"elementor-element elementor-element-454f867 elementor-widget elementor-widget-text-editor\" data-id=\"454f867\" data-element_type=\"widget\" data-widget_type=\"text-editor.default\">\n\t\t\t\t<div class=\"elementor-widget-container\">\n\t\t\t\t\t\t\t\t<div class=\"elementor-text-editor elementor-clearfix\">\n\t\t\t\t<div><p style=\"text-align: center;\"><span style=\"color: #ffffff;\">Hace tiempo me perturba como va a terminar esta relaci\u00f3n<\/span><\/p><p style=\"text-align: center;\"><span style=\"color: #ffffff;\">Nos vemos cuando podemos<\/span><\/p><p style=\"text-align: center;\"><span style=\"color: #ffffff;\">Y nos llamamos si no hay m\u00e1s ninguna opci\u00f3n<\/span><\/p><p style=\"text-align: center;\"><span style=\"color: #ffffff;\">No s\u00e9 c\u00f3mo ser\u00e1 tu punto de vista<\/span><\/p><p style=\"text-align: center;\"><span style=\"color: #ffffff;\">Pero te voy a decir mi opini\u00f3n<\/span><\/p><p style=\"text-align: center;\"><span style=\"color: #ffffff;\">Lo de nosotros m\u00e1s que nada parece que nunca existi\u00f3<\/span><\/p><p style=\"text-align: center;\">\u00a0<\/p><p style=\"text-align: center;\"><span style=\"color: #ffffff;\">Me gustas mucho pero no<\/span><\/p><p style=\"text-align: center;\"><span style=\"color: #ffffff;\">No puedo estar as\u00ed contigo<\/span><\/p><p style=\"text-align: center;\"><span style=\"color: #ffffff;\">Me gustas mucho pero no<\/span><\/p><p style=\"text-align: center;\"><span style=\"color: #ffffff;\">Amarte se me ha hecho un castigo pero no<\/span><\/p><p style=\"text-align: center;\"><span style=\"color: #ffffff;\">Si me incomoda este detalle<\/span><\/p><p style=\"text-align: center;\"><span style=\"color: #ffffff;\">Que yo te gusto tambi\u00e9n<\/span><\/p><p style=\"text-align: center;\"><span style=\"color: #ffffff;\">Pero te gusta m\u00e1s la calle<\/span><\/p><p style=\"text-align: center;\"><span style=\"color: #ffffff;\">Me gustas mucho pero no<\/span><\/p><p style=\"text-align: center;\"><span style=\"color: #ffffff;\">No puedo estar as\u00ed contigo<\/span><\/p><p style=\"text-align: center;\"><span style=\"color: #ffffff;\">Me gustas mucho pero no<\/span><\/p><p style=\"text-align: center;\"><span style=\"color: #ffffff;\">Amarte se me ha hecho un castigo pero no<\/span><\/p><p style=\"text-align: center;\"><span style=\"color: #ffffff;\">Si me incomoda este detalle<\/span><\/p><p style=\"text-align: center;\"><span style=\"color: #ffffff;\">Que yo te gusto tambi\u00e9n<\/span><\/p><p style=\"text-align: center;\"><span style=\"color: #ffffff;\">Pero te gusta m\u00e1s la calle<\/span><\/p><p style=\"text-align: center;\">\u00a0<\/p><p style=\"text-align: center;\"><span style=\"color: #ffffff;\">Te gusta m\u00e1s la calle mami te olvidas de mi<\/span><\/p><p style=\"text-align: center;\"><span style=\"color: #ffffff;\">Yo se que a ti te gusto pero no piensas as\u00ed<\/span><\/p><p style=\"text-align: center;\"><span style=\"color: #ffffff;\">Me estoy enamorando y me puedo arrepentir<\/span><\/p><p style=\"text-align: center;\"><span style=\"color: #ffffff;\">Porque te dicen fiesta y yo no soy as\u00ed<\/span><\/p><p style=\"text-align: center;\"><span style=\"color: #ffffff;\">Y ese cuerpo a mi me mata mulata<\/span><\/p><p style=\"text-align: center;\"><span style=\"color: #ffffff;\">Porque t\u00fa eres tan sata<\/span><\/p><p style=\"text-align: center;\"><span style=\"color: #ffffff;\">Te gusta tanto salir<\/span><\/p><p style=\"text-align: center;\"><span style=\"color: #ffffff;\">Ara\u00f1ame gata se me cay\u00f3 la corbata<\/span><\/p><p style=\"text-align: center;\"><span style=\"color: #ffffff;\">Si t\u00fa quieres fiesta entonces mira<\/span><\/p><p style=\"text-align: center;\">\u00a0<\/p><p style=\"text-align: center;\"><span style=\"color: #ffffff;\">Me gustas mucho pero no<\/span><\/p><p style=\"text-align: center;\"><span style=\"color: #ffffff;\">No puedo estar as\u00ed contigo<\/span><\/p><p style=\"text-align: center;\"><span style=\"color: #ffffff;\">Me gustas mucho pero no<\/span><\/p><p style=\"text-align: center;\"><span style=\"color: #ffffff;\">Amarte se me ha hecho un castigo pero no<\/span><\/p><p style=\"text-align: center;\"><span style=\"color: #ffffff;\">Si me incomoda este detalle<\/span><\/p><p style=\"text-align: center;\"><span style=\"color: #ffffff;\">Que yo te gusto tambi\u00e9n<\/span><\/p><p style=\"text-align: center;\"><span style=\"color: #ffffff;\">Pero te gusta m\u00e1s la calle<\/span><\/p><p style=\"text-align: center;\"><span style=\"color: #ffffff;\">Me gustas mucho pero no<\/span><\/p><p style=\"text-align: center;\"><span style=\"color: #ffffff;\">No puedo estar as\u00ed contigo<\/span><\/p><p style=\"text-align: center;\"><span style=\"color: #ffffff;\">Me gustas mucho pero no<\/span><\/p><p style=\"text-align: center;\"><span style=\"color: #ffffff;\">Amarte se me ha hecho un castigo pero no<\/span><\/p><p style=\"text-align: center;\"><span style=\"color: #ffffff;\">Si me incomoda este detalle<\/span><\/p><p style=\"text-align: center;\"><span style=\"color: #ffffff;\">Que yo te gusto tambi\u00e9n<\/span><\/p><p style=\"text-align: center;\"><span style=\"color: #ffffff;\">Pero te gusta m\u00e1s la calle<\/span><\/p><p style=\"text-align: center;\">\u00a0<\/p><p style=\"text-align: center;\"><span style=\"color: #ffffff;\">T\u00fa no mereces que te quiera<\/span><\/p><p style=\"text-align: center;\"><span style=\"color: #ffffff;\">Como yo lo hice un d\u00eda<\/span><\/p><p style=\"text-align: center;\"><span style=\"color: #ffffff;\">Por eso estoy soltero y se acab\u00f3 la fantas\u00eda<\/span><\/p><p style=\"text-align: center;\"><span style=\"color: #ffffff;\">Y yo pensaba que tus noches<\/span><\/p><p style=\"text-align: center;\"><span style=\"color: #ffffff;\">Eran solamente m\u00eda<\/span><\/p><p style=\"text-align: center;\"><span style=\"color: #ffffff;\">Y t\u00fa me traicionaste<\/span><\/p><p style=\"text-align: center;\"><span style=\"color: #ffffff;\">Conmigo jugaste<\/span><\/p><p style=\"text-align: center;\"><span style=\"color: #ffffff;\">Yo te cre\u00eda mami tu me la aplicaste<\/span><\/p><p style=\"text-align: center;\"><span style=\"color: #ffffff;\">Me gustas mucho pero no<\/span><\/p><p style=\"text-align: center;\"><span style=\"color: #ffffff;\">El que manda aqu\u00ed soy yo<\/span><\/p><p style=\"text-align: center;\">\u00a0<\/p><p style=\"text-align: center;\"><span style=\"color: #ffffff;\">Oye dile t\u00fa<\/span><\/p><p style=\"text-align: center;\"><span style=\"color: #ffffff;\">T\u00fa que pensaste que me iba a quedar abajo de brazos cruzados<\/span><\/p><p style=\"text-align: center;\"><span style=\"color: #ffffff;\">No no escucha este coro muchacho<\/span><\/p><p style=\"text-align: center;\">\u00a0<\/p><p style=\"text-align: center;\"><span style=\"color: #ffffff;\">Mira que me muero por estar contigo<\/span><\/p><p style=\"text-align: center;\"><span style=\"color: #ffffff;\">Pero a ti te gusta m\u00e1s la calle<\/span><\/p><p style=\"text-align: center;\">\u00a0<\/p><p style=\"text-align: center;\"><span style=\"color: #ffffff;\">Mira que yo me muero por estar contigo<\/span><\/p><p style=\"text-align: center;\"><span style=\"color: #ffffff;\">Pero la calle te llama<\/span><\/p><p style=\"text-align: center;\">\u00a0<\/p><p style=\"text-align: center;\"><span style=\"color: #ffffff;\">Mira que me muero por estar contigo<\/span><\/p><p style=\"text-align: center;\"><span style=\"color: #ffffff;\">Pero a ti te gusta m\u00e1s la calle<\/span><\/p><p style=\"text-align: center;\">\u00a0<\/p><p style=\"text-align: center;\"><span style=\"color: #ffffff;\">Yo te quer\u00eda solo para m\u00ed<\/span><\/p><p style=\"text-align: center;\"><span style=\"color: #ffffff;\">Pero al final t\u00fa decidiste irte<\/span><\/p><p style=\"text-align: center;\">\u00a0<\/p><p style=\"text-align: center;\"><span style=\"color: #ffffff;\">Mira que me muero por estar contigo<\/span><\/p><p style=\"text-align: center;\"><span style=\"color: #ffffff;\">Pero a ti te gusta m\u00e1s la calle<\/span><\/p><p style=\"text-align: center;\">\u00a0<\/p><p style=\"text-align: center;\"><span style=\"color: #ffffff;\">Pa ti bebe<\/span><\/p><p style=\"text-align: center;\"><span style=\"color: #ffffff;\">Los yakuza<\/span><\/p><p style=\"text-align: center;\"><span style=\"color: #ffffff;\">Rep\u00edtelo otra vez<\/span><\/p><p style=\"text-align: center;\">\u00a0<\/p><p style=\"text-align: center;\"><span style=\"color: #ffffff;\">Mira que me muero por estar contigo<\/span><\/p><p style=\"text-align: center;\"><span style=\"color: #ffffff;\">Pero a ti te gusta m\u00e1s la calle<\/span><\/p><p style=\"text-align: center;\">\u00a0<\/p><p style=\"text-align: center;\"><span style=\"color: #ffffff;\">Oye nosotros somos los yakuza<\/span><\/p><p style=\"text-align: center;\"><span style=\"color: #ffffff;\">El es Dachay<\/span><\/p><p style=\"text-align: center;\"><span style=\"color: #ffffff;\">Pipo Di Benedetto Production<\/span><\/p><p style=\"text-align: center;\"><span style=\"color: #ffffff;\">Nosotros andamos con la escancia<\/span><\/p><\/div>\t\t\t\t\t<\/div>\n\t\t\t\t\t\t<\/div>\n\t\t\t\t<\/div>\n\t\t\t\t\t\t<\/div>\n\t\t\t\t\t<\/div>\n\t\t<\/div>\n\t\t\t\t\t\t\t\t<\/div>\n\t\t\t\t\t<\/div>\n\t\t<\/section>\n\t\t\t\t\t\t<\/div>\n\t\t\t\t\t\t<\/div>\n\t\t\t\t\t<\/div>\n\t\t","protected":false},"excerpt":{"rendered":"<p>SPOTIFY APPLE MUSIC DEEZER AMAZON MUSIC Hace tiempo me perturba como va a terminar esta relaci\u00f3n Nos vemos cuando podemos Y nos llamamos si no hay m\u00e1s ninguna opci\u00f3n No s\u00e9 c\u00f3mo ser\u00e1 tu punto de vista Pero te voy a decir mi opini\u00f3n Lo de nosotros m\u00e1s que nada parece que nunca existi\u00f3 \u00a0.<\/p>\n","protected":false},"author":1,"featured_media":0,"parent":0,"menu_order":0,"comment_status":"closed","ping_status":"closed","template":"","meta":{"footnotes":""},"categories":[42],"tags":[],"class_list":["post-4350","page","type-page","status-publish","hentry","category-testi"],"yoast_head":"<!-- This site is optimized with the Yoast SEO plugin v19.6.1 - https:\/\/yoast.com\/wordpress\/plugins\/seo\/ -->\n<title>Castigo - Di Benedetto Productions<\/title>\n<meta name=\"robots\" content=\"index, follow, max-snippet:-1, max-image-preview:large, max-video-preview:-1\" \/>\n<link rel=\"canonical\" href=\"https:\/\/dibenedettoproductions.com\/?page_id=4350\" \/>\n<meta property=\"og:locale\" content=\"it_IT\" \/>\n<meta property=\"og:type\" content=\"article\" \/>\n<meta property=\"og:title\" content=\"Castigo - Di Benedetto Productions\" \/>\n<meta property=\"og:description\" content=\"SPOTIFY APPLE MUSIC DEEZER AMAZON MUSIC Hace tiempo me perturba como va a terminar esta relaci\u00f3n Nos vemos cuando podemos Y nos llamamos si no hay m\u00e1s ninguna opci\u00f3n No s\u00e9 c\u00f3mo ser\u00e1 tu punto de vista Pero te voy a decir mi opini\u00f3n Lo de nosotros m\u00e1s que nada parece que nunca existi\u00f3 \u00a0.\" \/>\n<meta property=\"og:url\" content=\"https:\/\/dibenedettoproductions.com\/?page_id=4350\" \/>\n<meta property=\"og:site_name\" content=\"Di Benedetto Productions\" \/>\n<meta property=\"article:modified_time\" content=\"2021-08-05T15:00:27+00:00\" \/>\n<meta name=\"twitter:card\" content=\"summary_large_image\" \/>\n<meta name=\"twitter:label1\" content=\"Tempo di lettura stimato\" \/>\n\t<meta name=\"twitter:data1\" content=\"2 minuti\" \/>\n<script type=\"application\/ld+json\" class=\"yoast-schema-graph\">{\"@context\":\"https:\/\/schema.org\",\"@graph\":[{\"@type\":\"WebPage\",\"@id\":\"https:\/\/dibenedettoproductions.com\/?page_id=4350\",\"url\":\"https:\/\/dibenedettoproductions.com\/?page_id=4350\",\"name\":\"Castigo - Di Benedetto Productions\",\"isPartOf\":{\"@id\":\"https:\/\/dibenedettoproductions.com\/#website\"},\"datePublished\":\"2021-02-25T11:22:03+00:00\",\"dateModified\":\"2021-08-05T15:00:27+00:00\",\"breadcrumb\":{\"@id\":\"https:\/\/dibenedettoproductions.com\/?page_id=4350#breadcrumb\"},\"inLanguage\":\"it-IT\",\"potentialAction\":[{\"@type\":\"ReadAction\",\"target\":[\"https:\/\/dibenedettoproductions.com\/?page_id=4350\"]}]},{\"@type\":\"BreadcrumbList\",\"@id\":\"https:\/\/dibenedettoproductions.com\/?page_id=4350#breadcrumb\",\"itemListElement\":[{\"@type\":\"ListItem\",\"position\":1,\"name\":\"Home\",\"item\":\"https:\/\/dibenedettoproductions.com\/\"},{\"@type\":\"ListItem\",\"position\":2,\"name\":\"Castigo\"}]},{\"@type\":\"WebSite\",\"@id\":\"https:\/\/dibenedettoproductions.com\/#website\",\"url\":\"https:\/\/dibenedettoproductions.com\/\",\"name\":\"Di Benedetto Productions\",\"description\":\"\",\"publisher\":{\"@id\":\"https:\/\/dibenedettoproductions.com\/#organization\"},\"potentialAction\":[{\"@type\":\"SearchAction\",\"target\":{\"@type\":\"EntryPoint\",\"urlTemplate\":\"https:\/\/dibenedettoproductions.com\/?s={search_term_string}\"},\"query-input\":\"required name=search_term_string\"}],\"inLanguage\":\"it-IT\"},{\"@type\":\"Organization\",\"@id\":\"https:\/\/dibenedettoproductions.com\/#organization\",\"name\":\"DI BENEDETTO PRODUCTIONS\",\"url\":\"https:\/\/dibenedettoproductions.com\/\",\"sameAs\":[],\"logo\":{\"@type\":\"ImageObject\",\"inLanguage\":\"it-IT\",\"@id\":\"https:\/\/dibenedettoproductions.com\/#\/schema\/logo\/image\/\",\"url\":\"https:\/\/dibenedettoproductions.com\/wp-content\/uploads\/2021\/09\/logo_di_benedetto_productions.jpg\",\"contentUrl\":\"https:\/\/dibenedettoproductions.com\/wp-content\/uploads\/2021\/09\/logo_di_benedetto_productions.jpg\",\"width\":225,\"height\":225,\"caption\":\"DI BENEDETTO PRODUCTIONS\"},\"image\":{\"@id\":\"https:\/\/dibenedettoproductions.com\/#\/schema\/logo\/image\/\"}}]}<\/script>\n<!-- \/ Yoast SEO plugin. -->","yoast_head_json":{"title":"Castigo - Di Benedetto Productions","robots":{"index":"index","follow":"follow","max-snippet":"max-snippet:-1","max-image-preview":"max-image-preview:large","max-video-preview":"max-video-preview:-1"},"canonical":"https:\/\/dibenedettoproductions.com\/?page_id=4350","og_locale":"it_IT","og_type":"article","og_title":"Castigo - Di Benedetto Productions","og_description":"SPOTIFY APPLE MUSIC DEEZER AMAZON MUSIC Hace tiempo me perturba como va a terminar esta relaci\u00f3n Nos vemos cuando podemos Y nos llamamos si no hay m\u00e1s ninguna opci\u00f3n No s\u00e9 c\u00f3mo ser\u00e1 tu punto de vista Pero te voy a decir mi opini\u00f3n Lo de nosotros m\u00e1s que nada parece que nunca existi\u00f3 \u00a0.","og_url":"https:\/\/dibenedettoproductions.com\/?page_id=4350","og_site_name":"Di Benedetto Productions","article_modified_time":"2021-08-05T15:00:27+00:00","twitter_card":"summary_large_image","twitter_misc":{"Tempo di lettura stimato":"2 minuti"},"schema":{"@context":"https:\/\/schema.org","@graph":[{"@type":"WebPage","@id":"https:\/\/dibenedettoproductions.com\/?page_id=4350","url":"https:\/\/dibenedettoproductions.com\/?page_id=4350","name":"Castigo - Di Benedetto Productions","isPartOf":{"@id":"https:\/\/dibenedettoproductions.com\/#website"},"datePublished":"2021-02-25T11:22:03+00:00","dateModified":"2021-08-05T15:00:27+00:00","breadcrumb":{"@id":"https:\/\/dibenedettoproductions.com\/?page_id=4350#breadcrumb"},"inLanguage":"it-IT","potentialAction":[{"@type":"ReadAction","target":["https:\/\/dibenedettoproductions.com\/?page_id=4350"]}]},{"@type":"BreadcrumbList","@id":"https:\/\/dibenedettoproductions.com\/?page_id=4350#breadcrumb","itemListElement":[{"@type":"ListItem","position":1,"name":"Home","item":"https:\/\/dibenedettoproductions.com\/"},{"@type":"ListItem","position":2,"name":"Castigo"}]},{"@type":"WebSite","@id":"https:\/\/dibenedettoproductions.com\/#website","url":"https:\/\/dibenedettoproductions.com\/","name":"Di Benedetto Productions","description":"","publisher":{"@id":"https:\/\/dibenedettoproductions.com\/#organization"},"potentialAction":[{"@type":"SearchAction","target":{"@type":"EntryPoint","urlTemplate":"https:\/\/dibenedettoproductions.com\/?s={search_term_string}"},"query-input":"required name=search_term_string"}],"inLanguage":"it-IT"},{"@type":"Organization","@id":"https:\/\/dibenedettoproductions.com\/#organization","name":"DI BENEDETTO PRODUCTIONS","url":"https:\/\/dibenedettoproductions.com\/","sameAs":[],"logo":{"@type":"ImageObject","inLanguage":"it-IT","@id":"https:\/\/dibenedettoproductions.com\/#\/schema\/logo\/image\/","url":"https:\/\/dibenedettoproductions.com\/wp-content\/uploads\/2021\/09\/logo_di_benedetto_productions.jpg","contentUrl":"https:\/\/dibenedettoproductions.com\/wp-content\/uploads\/2021\/09\/logo_di_benedetto_productions.jpg","width":225,"height":225,"caption":"DI BENEDETTO PRODUCTIONS"},"image":{"@id":"https:\/\/dibenedettoproductions.com\/#\/schema\/logo\/image\/"}}]}},"_links":{"self":[{"href":"https:\/\/dibenedettoproductions.com\/index.php?rest_route=\/wp\/v2\/pages\/4350","targetHints":{"allow":["GET"]}}],"collection":[{"href":"https:\/\/dibenedettoproductions.com\/index.php?rest_route=\/wp\/v2\/pages"}],"about":[{"href":"https:\/\/dibenedettoproductions.com\/index.php?rest_route=\/wp\/v2\/types\/page"}],"author":[{"embeddable":true,"href":"https:\/\/dibenedettoproductions.com\/index.php?rest_route=\/wp\/v2\/users\/1"}],"replies":[{"embeddable":true,"href":"https:\/\/dibenedettoproductions.com\/index.php?rest_route=%2Fwp%2Fv2%2Fcomments&post=4350"}],"version-history":[{"count":7,"href":"https:\/\/dibenedettoproductions.com\/index.php?rest_route=\/wp\/v2\/pages\/4350\/revisions"}],"predecessor-version":[{"id":5632,"href":"https:\/\/dibenedettoproductions.com\/index.php?rest_route=\/wp\/v2\/pages\/4350\/revisions\/5632"}],"wp:attachment":[{"href":"https:\/\/dibenedettoproductions.com\/index.php?rest_route=%2Fwp%2Fv2%2Fmedia&parent=4350"}],"wp:term":[{"taxonomy":"category","embeddable":true,"href":"https:\/\/dibenedettoproductions.com\/index.php?rest_route=%2Fwp%2Fv2%2Fcategories&post=4350"},{"taxonomy":"post_tag","embeddable":true,"href":"https:\/\/dibenedettoproductions.com\/index.php?rest_route=%2Fwp%2Fv2%2Ftags&post=4350"}],"curies":[{"name":"wp","href":"https:\/\/api.w.org\/{rel}","templated":true}]}}