{"id":4331,"date":"2021-02-25T11:12:58","date_gmt":"2021-02-25T11:12:58","guid":{"rendered":"https:\/\/dibenedettoproductions.com\/?page_id=4331"},"modified":"2021-08-06T07:00:09","modified_gmt":"2021-08-06T07:00:09","slug":"nebbia","status":"publish","type":"page","link":"https:\/\/dibenedettoproductions.com\/?page_id=4331","title":{"rendered":"Nebbia"},"content":{"rendered":"\t\t<div data-elementor-type=\"wp-page\" data-elementor-id=\"4331\" class=\"elementor elementor-4331\" data-elementor-settings=\"[]\">\n\t\t\t\t\t\t<div class=\"elementor-inner\">\n\t\t\t\t\t\t\t<div class=\"elementor-section-wrap\">\n\t\t\t\t\t\t\t<section class=\"elementor-section elementor-top-section elementor-element elementor-element-cdadb8c elementor-section-stretched elementor-section-boxed elementor-section-height-default elementor-section-height-default\" data-id=\"cdadb8c\" data-element_type=\"section\" data-settings=\"{&quot;stretch_section&quot;:&quot;section-stretched&quot;,&quot;background_background&quot;:&quot;classic&quot;}\">\n\t\t\t\t\t\t<div class=\"elementor-container elementor-column-gap-default\">\n\t\t\t\t\t\t\t<div class=\"elementor-row\">\n\t\t\t\t\t<div class=\"elementor-column elementor-col-25 elementor-top-column elementor-element elementor-element-7f672b1\" data-id=\"7f672b1\" data-element_type=\"column\">\n\t\t\t<div class=\"elementor-column-wrap elementor-element-populated\">\n\t\t\t\t\t\t\t<div class=\"elementor-widget-wrap\">\n\t\t\t\t\t\t<div class=\"elementor-element elementor-element-0ee7fd7 elementor-align-center elementor-widget elementor-widget-button\" data-id=\"0ee7fd7\" data-element_type=\"widget\" data-widget_type=\"button.default\">\n\t\t\t\t<div class=\"elementor-widget-container\">\n\t\t\t\t\t<div class=\"elementor-button-wrapper\">\n\t\t\t<a href=\"https:\/\/open.spotify.com\/track\/2TzmoZ7LkUXETJXAXnWJKM?si=xcW3msSyTX-baOgBORLicQ%20\" class=\"elementor-button-link elementor-button elementor-size-sm\" role=\"button\">\n\t\t\t\t\t\t<span class=\"elementor-button-content-wrapper\">\n\t\t\t\t\t\t<span class=\"elementor-button-text\">SPOTIFY<\/span>\n\t\t<\/span>\n\t\t\t\t\t<\/a>\n\t\t<\/div>\n\t\t\t\t<\/div>\n\t\t\t\t<\/div>\n\t\t\t\t\t\t<\/div>\n\t\t\t\t\t<\/div>\n\t\t<\/div>\n\t\t\t\t<div class=\"elementor-column elementor-col-25 elementor-top-column elementor-element elementor-element-d2978f4\" data-id=\"d2978f4\" data-element_type=\"column\">\n\t\t\t<div class=\"elementor-column-wrap elementor-element-populated\">\n\t\t\t\t\t\t\t<div class=\"elementor-widget-wrap\">\n\t\t\t\t\t\t<div class=\"elementor-element elementor-element-7093b75 elementor-align-center elementor-widget elementor-widget-button\" data-id=\"7093b75\" data-element_type=\"widget\" data-widget_type=\"button.default\">\n\t\t\t\t<div class=\"elementor-widget-container\">\n\t\t\t\t\t<div class=\"elementor-button-wrapper\">\n\t\t\t<a href=\"https:\/\/music.apple.com\/us\/album\/nebbia\/1544102737?i=1544102738%20\" class=\"elementor-button-link elementor-button elementor-size-sm\" role=\"button\">\n\t\t\t\t\t\t<span class=\"elementor-button-content-wrapper\">\n\t\t\t\t\t\t<span class=\"elementor-button-text\">APPLE MUSIC<\/span>\n\t\t<\/span>\n\t\t\t\t\t<\/a>\n\t\t<\/div>\n\t\t\t\t<\/div>\n\t\t\t\t<\/div>\n\t\t\t\t\t\t<\/div>\n\t\t\t\t\t<\/div>\n\t\t<\/div>\n\t\t\t\t<div class=\"elementor-column elementor-col-25 elementor-top-column elementor-element elementor-element-2f97951\" data-id=\"2f97951\" data-element_type=\"column\">\n\t\t\t<div class=\"elementor-column-wrap elementor-element-populated\">\n\t\t\t\t\t\t\t<div class=\"elementor-widget-wrap\">\n\t\t\t\t\t\t<div class=\"elementor-element elementor-element-33a15ad elementor-align-center elementor-widget elementor-widget-button\" data-id=\"33a15ad\" data-element_type=\"widget\" data-widget_type=\"button.default\">\n\t\t\t\t<div class=\"elementor-widget-container\">\n\t\t\t\t\t<div class=\"elementor-button-wrapper\">\n\t\t\t<a href=\"https:\/\/deezer.page.link\/X3DHrMJ6ruTRWA319\" class=\"elementor-button-link elementor-button elementor-size-sm\" role=\"button\">\n\t\t\t\t\t\t<span class=\"elementor-button-content-wrapper\">\n\t\t\t\t\t\t<span class=\"elementor-button-text\">DEEZER<\/span>\n\t\t<\/span>\n\t\t\t\t\t<\/a>\n\t\t<\/div>\n\t\t\t\t<\/div>\n\t\t\t\t<\/div>\n\t\t\t\t\t\t<\/div>\n\t\t\t\t\t<\/div>\n\t\t<\/div>\n\t\t\t\t<div class=\"elementor-column elementor-col-25 elementor-top-column elementor-element elementor-element-63a674f\" data-id=\"63a674f\" data-element_type=\"column\">\n\t\t\t<div class=\"elementor-column-wrap elementor-element-populated\">\n\t\t\t\t\t\t\t<div class=\"elementor-widget-wrap\">\n\t\t\t\t\t\t<div class=\"elementor-element elementor-element-bd1ba5d elementor-align-center elementor-widget elementor-widget-button\" data-id=\"bd1ba5d\" data-element_type=\"widget\" data-widget_type=\"button.default\">\n\t\t\t\t<div class=\"elementor-widget-container\">\n\t\t\t\t\t<div class=\"elementor-button-wrapper\">\n\t\t\t<a href=\"https:\/\/music.amazon.com\/albums\/B08Q4HNZRF?marketplaceId=ATVPDKIKX0DER&#038;musicTerritory=US&#038;trackAsin=B08Q4GS5QX%20\" class=\"elementor-button-link elementor-button elementor-size-sm\" role=\"button\">\n\t\t\t\t\t\t<span class=\"elementor-button-content-wrapper\">\n\t\t\t\t\t\t<span class=\"elementor-button-text\">AMAZON MUSIC<\/span>\n\t\t<\/span>\n\t\t\t\t\t<\/a>\n\t\t<\/div>\n\t\t\t\t<\/div>\n\t\t\t\t<\/div>\n\t\t\t\t\t\t<\/div>\n\t\t\t\t\t<\/div>\n\t\t<\/div>\n\t\t\t\t\t\t\t\t<\/div>\n\t\t\t\t\t<\/div>\n\t\t<\/section>\n\t\t\t\t<section class=\"elementor-section elementor-top-section elementor-element elementor-element-7611832 elementor-section-stretched elementor-section-boxed elementor-section-height-default elementor-section-height-default\" data-id=\"7611832\" data-element_type=\"section\" data-settings=\"{&quot;stretch_section&quot;:&quot;section-stretched&quot;,&quot;background_background&quot;:&quot;classic&quot;}\">\n\t\t\t\t\t\t<div class=\"elementor-container elementor-column-gap-default\">\n\t\t\t\t\t\t\t<div class=\"elementor-row\">\n\t\t\t\t\t<div class=\"elementor-column elementor-col-100 elementor-top-column elementor-element elementor-element-8a5abb4\" data-id=\"8a5abb4\" data-element_type=\"column\">\n\t\t\t<div class=\"elementor-column-wrap elementor-element-populated\">\n\t\t\t\t\t\t\t<div class=\"elementor-widget-wrap\">\n\t\t\t\t\t\t<div class=\"elementor-element elementor-element-c36c307 elementor-widget elementor-widget-text-editor\" data-id=\"c36c307\" data-element_type=\"widget\" data-widget_type=\"text-editor.default\">\n\t\t\t\t<div class=\"elementor-widget-container\">\n\t\t\t\t\t\t\t\t<div class=\"elementor-text-editor elementor-clearfix\">\n\t\t\t\t<p style=\"text-align: center;\"><span style=\"color: #ffffff;\">Nosotros somos Los Yakuza<\/span><\/p><p style=\"text-align: center;\"><span style=\"color: #ffffff;\">Esto est\u00e1 bueno<\/span><\/p><p style=\"text-align: center;\"><span style=\"color: #ffffff;\">Es mucho tiempo sin ir al gym<\/span><\/p><p style=\"text-align: center;\"><span style=\"color: #ffffff;\">Pero con Nebbia ya me decid\u00ed<\/span><\/p><p style=\"text-align: center;\"><span style=\"color: #ffffff;\">El gordito se peg\u00f3 sin cuadrito y con barriga<\/span><\/p><p style=\"text-align: center;\"><span style=\"color: #ffffff;\">Esto son otras ligas<\/span><\/p><p style=\"text-align: center;\"><span style=\"color: #ffffff;\">Y a ti te duele que ahora yo est\u00e9 jodiendo<\/span><\/p><p style=\"text-align: center;\"><span style=\"color: #ffffff;\">A ti te duele y yo lo se<\/span><\/p><p style=\"text-align: center;\"><span style=\"color: #ffffff;\">Esa lucrita de Nebbia le queda apreta<\/span><\/p><p style=\"text-align: center;\"><span style=\"color: #ffffff;\">Siempre provocando sin necesidad<\/span><\/p><p style=\"text-align: center;\"><span style=\"color: #ffffff;\">Ella esta dura y lo sabe<\/span><\/p><p style=\"text-align: center;\"><span style=\"color: #ffffff;\">Ella solo se pone Nebbia cuando sale<\/span><\/p><p style=\"text-align: center;\"><span style=\"color: #ffffff;\">Esa lucrita de Nebbia le queda apreta<\/span><\/p><p style=\"text-align: center;\"><span style=\"color: #ffffff;\">Siempre provocando sin necesidad<\/span><\/p><p style=\"text-align: center;\"><span style=\"color: #ffffff;\">Ella esta dura y lo sabe<\/span><\/p><p style=\"text-align: center;\"><span style=\"color: #ffffff;\">Ella solo se pone Nebbia cuando sale<\/span><\/p><p style=\"text-align: center;\"><span style=\"color: #ffffff;\">Siempre sube a insta<\/span><\/p><p style=\"text-align: center;\"><span style=\"color: #ffffff;\">Es que est\u00e1 bien dura la jevita<\/span><\/p><p style=\"text-align: center;\"><span style=\"color: #ffffff;\">Ella se pone Nebbia porque sabe que me excita<\/span><\/p><p style=\"text-align: center;\"><span style=\"color: #ffffff;\">Tan rica que te queda dura la licrita<\/span><\/p><p style=\"text-align: center;\"><span style=\"color: #ffffff;\">M\u00e9tele bien duro y dale ca\u00f1a a esas curvita<\/span><\/p><p style=\"text-align: center;\"><span style=\"color: #ffffff;\">Se le vira el cuello la mira to el mundo<\/span><\/p><p style=\"text-align: center;\"><span style=\"color: #ffffff;\">Me tiene flotando y en la orilla no me hundo<\/span><\/p><p style=\"text-align: center;\"><span style=\"color: #ffffff;\">Mi combo si usa Nebbia as\u00ed que pon tres puntos<\/span><\/p><p style=\"text-align: center;\"><span style=\"color: #ffffff;\">Nebbia no se clona as\u00ed que fin del asunto<\/span><\/p><p style=\"text-align: center;\"><span style=\"color: #ffffff;\">Esa lucrita de nervia le queda apreta<\/span><\/p><p style=\"text-align: center;\"><span style=\"color: #ffffff;\">Siempre provocando sin necesidad<\/span><\/p><p style=\"text-align: center;\"><span style=\"color: #ffffff;\">Ella esta dura y lo sabe<\/span><\/p><p style=\"text-align: center;\"><span style=\"color: #ffffff;\">Ella solo se pone Nebbia cuando sale<\/span><\/p><p style=\"text-align: center;\"><span style=\"color: #ffffff;\">Esa lucrita de Nebbia le queda apreta<\/span><\/p><p style=\"text-align: center;\"><span style=\"color: #ffffff;\">Siempre provocando sin necesidad<\/span><\/p><p style=\"text-align: center;\"><span style=\"color: #ffffff;\">Ella esta dura y lo sabe<\/span><\/p><p style=\"text-align: center;\"><span style=\"color: #ffffff;\">Ella solo se pone Nebbia cuando sale<\/span><\/p><p style=\"text-align: center;\"><span style=\"color: #ffffff;\">Desde el 97 siempre dando palo<\/span><\/p><p style=\"text-align: center;\"><span style=\"color: #ffffff;\">Cuando voy pal fitness siempre viste caro<\/span><\/p><p style=\"text-align: center;\"><span style=\"color: #ffffff;\">Porque yo uso Nebbia<\/span><\/p><p style=\"text-align: center;\"><span style=\"color: #ffffff;\">Nunca fallo<\/span><\/p><p style=\"text-align: center;\"><span style=\"color: #ffffff;\">Levantando pesas s\u00e9 que nunca voy a parar<\/span><\/p><p style=\"text-align: center;\"><span style=\"color: #ffffff;\">Ma, el flow no paran de imitar<\/span><\/p><p style=\"text-align: center;\"><span style=\"color: #ffffff;\">Ma, y siempre t\u00fa quieres copiarme<\/span><\/p><p style=\"text-align: center;\"><span style=\"color: #ffffff;\">Siempre Nebbia en todas partes<\/span><\/p><p style=\"text-align: center;\"><span style=\"color: #ffffff;\">Y eso te va a joder<\/span><\/p><p style=\"text-align: center;\"><span style=\"color: #ffffff;\">Esa lucrita de Nebbia le queda apreta<\/span><\/p><p style=\"text-align: center;\"><span style=\"color: #ffffff;\">Siempre provocando sin necesidad<\/span><\/p><p style=\"text-align: center;\"><span style=\"color: #ffffff;\">Ella esta dura y lo sabe<\/span><\/p><p style=\"text-align: center;\"><span style=\"color: #ffffff;\">Ella solo se pone Nebbia cuando sale<\/span><\/p><p style=\"text-align: center;\"><span style=\"color: #ffffff;\">Esa lucrita de Nebbia le queda apreta<\/span><\/p><p style=\"text-align: center;\"><span style=\"color: #ffffff;\">Siempre provocando sin necesidad<\/span><\/p><p style=\"text-align: center;\"><span style=\"color: #ffffff;\">Ella esta dura y lo sabe<\/span><\/p><p style=\"text-align: center;\"><span style=\"color: #ffffff;\">Ella solo se pone Nebbia cuando sale<\/span><\/p><p style=\"text-align: center;\"><span style=\"color: #ffffff;\">Nosotros somos Los Yakuza<\/span><\/p><p style=\"text-align: center;\"><span style=\"color: #ffffff;\">El es Dachay<\/span><\/p><p style=\"text-align: center;\"><span style=\"color: #ffffff;\">Di Benedetto Production<\/span><\/p><p style=\"text-align: center;\"><span style=\"color: #ffffff;\">Recuerda que nosotros andamos vestidos de Nebbia<\/span><\/p>\t\t\t\t\t<\/div>\n\t\t\t\t\t\t<\/div>\n\t\t\t\t<\/div>\n\t\t\t\t\t\t<\/div>\n\t\t\t\t\t<\/div>\n\t\t<\/div>\n\t\t\t\t\t\t\t\t<\/div>\n\t\t\t\t\t<\/div>\n\t\t<\/section>\n\t\t\t\t\t\t<\/div>\n\t\t\t\t\t\t<\/div>\n\t\t\t\t\t<\/div>\n\t\t","protected":false},"excerpt":{"rendered":"<p>SPOTIFY APPLE MUSIC DEEZER AMAZON MUSIC Nosotros somos Los Yakuza Esto est\u00e1 bueno Es mucho tiempo sin ir al gym Pero con Nebbia ya me decid\u00ed El gordito se peg\u00f3 sin cuadrito y con barriga Esto son otras ligas Y a ti te duele que ahora yo est\u00e9 jodiendo A ti te duele y yo.<\/p>\n","protected":false},"author":1,"featured_media":0,"parent":0,"menu_order":0,"comment_status":"closed","ping_status":"closed","template":"","meta":{"footnotes":""},"categories":[42],"tags":[],"class_list":["post-4331","page","type-page","status-publish","hentry","category-testi"],"yoast_head":"<!-- This site is optimized with the Yoast SEO plugin v19.6.1 - https:\/\/yoast.com\/wordpress\/plugins\/seo\/ -->\n<title>Nebbia - Di Benedetto Productions<\/title>\n<meta name=\"robots\" content=\"index, follow, max-snippet:-1, max-image-preview:large, max-video-preview:-1\" \/>\n<link rel=\"canonical\" href=\"https:\/\/dibenedettoproductions.com\/?page_id=4331\" \/>\n<meta property=\"og:locale\" content=\"it_IT\" \/>\n<meta property=\"og:type\" content=\"article\" \/>\n<meta property=\"og:title\" content=\"Nebbia - Di Benedetto Productions\" \/>\n<meta property=\"og:description\" content=\"SPOTIFY APPLE MUSIC DEEZER AMAZON MUSIC Nosotros somos Los Yakuza Esto est\u00e1 bueno Es mucho tiempo sin ir al gym Pero con Nebbia ya me decid\u00ed El gordito se peg\u00f3 sin cuadrito y con barriga Esto son otras ligas Y a ti te duele que ahora yo est\u00e9 jodiendo A ti te duele y yo.\" \/>\n<meta property=\"og:url\" content=\"https:\/\/dibenedettoproductions.com\/?page_id=4331\" \/>\n<meta property=\"og:site_name\" content=\"Di Benedetto Productions\" \/>\n<meta property=\"article:modified_time\" content=\"2021-08-06T07:00:09+00:00\" \/>\n<meta name=\"twitter:card\" content=\"summary_large_image\" \/>\n<meta name=\"twitter:label1\" content=\"Tempo di lettura stimato\" \/>\n\t<meta name=\"twitter:data1\" content=\"1 minuto\" \/>\n<script type=\"application\/ld+json\" class=\"yoast-schema-graph\">{\"@context\":\"https:\/\/schema.org\",\"@graph\":[{\"@type\":\"WebPage\",\"@id\":\"https:\/\/dibenedettoproductions.com\/?page_id=4331\",\"url\":\"https:\/\/dibenedettoproductions.com\/?page_id=4331\",\"name\":\"Nebbia - Di Benedetto Productions\",\"isPartOf\":{\"@id\":\"https:\/\/dibenedettoproductions.com\/#website\"},\"datePublished\":\"2021-02-25T11:12:58+00:00\",\"dateModified\":\"2021-08-06T07:00:09+00:00\",\"breadcrumb\":{\"@id\":\"https:\/\/dibenedettoproductions.com\/?page_id=4331#breadcrumb\"},\"inLanguage\":\"it-IT\",\"potentialAction\":[{\"@type\":\"ReadAction\",\"target\":[\"https:\/\/dibenedettoproductions.com\/?page_id=4331\"]}]},{\"@type\":\"BreadcrumbList\",\"@id\":\"https:\/\/dibenedettoproductions.com\/?page_id=4331#breadcrumb\",\"itemListElement\":[{\"@type\":\"ListItem\",\"position\":1,\"name\":\"Home\",\"item\":\"https:\/\/dibenedettoproductions.com\/\"},{\"@type\":\"ListItem\",\"position\":2,\"name\":\"Nebbia\"}]},{\"@type\":\"WebSite\",\"@id\":\"https:\/\/dibenedettoproductions.com\/#website\",\"url\":\"https:\/\/dibenedettoproductions.com\/\",\"name\":\"Di Benedetto Productions\",\"description\":\"\",\"publisher\":{\"@id\":\"https:\/\/dibenedettoproductions.com\/#organization\"},\"potentialAction\":[{\"@type\":\"SearchAction\",\"target\":{\"@type\":\"EntryPoint\",\"urlTemplate\":\"https:\/\/dibenedettoproductions.com\/?s={search_term_string}\"},\"query-input\":\"required name=search_term_string\"}],\"inLanguage\":\"it-IT\"},{\"@type\":\"Organization\",\"@id\":\"https:\/\/dibenedettoproductions.com\/#organization\",\"name\":\"DI BENEDETTO PRODUCTIONS\",\"url\":\"https:\/\/dibenedettoproductions.com\/\",\"sameAs\":[],\"logo\":{\"@type\":\"ImageObject\",\"inLanguage\":\"it-IT\",\"@id\":\"https:\/\/dibenedettoproductions.com\/#\/schema\/logo\/image\/\",\"url\":\"https:\/\/dibenedettoproductions.com\/wp-content\/uploads\/2021\/09\/logo_di_benedetto_productions.jpg\",\"contentUrl\":\"https:\/\/dibenedettoproductions.com\/wp-content\/uploads\/2021\/09\/logo_di_benedetto_productions.jpg\",\"width\":225,\"height\":225,\"caption\":\"DI BENEDETTO PRODUCTIONS\"},\"image\":{\"@id\":\"https:\/\/dibenedettoproductions.com\/#\/schema\/logo\/image\/\"}}]}<\/script>\n<!-- \/ Yoast SEO plugin. -->","yoast_head_json":{"title":"Nebbia - Di Benedetto Productions","robots":{"index":"index","follow":"follow","max-snippet":"max-snippet:-1","max-image-preview":"max-image-preview:large","max-video-preview":"max-video-preview:-1"},"canonical":"https:\/\/dibenedettoproductions.com\/?page_id=4331","og_locale":"it_IT","og_type":"article","og_title":"Nebbia - Di Benedetto Productions","og_description":"SPOTIFY APPLE MUSIC DEEZER AMAZON MUSIC Nosotros somos Los Yakuza Esto est\u00e1 bueno Es mucho tiempo sin ir al gym Pero con Nebbia ya me decid\u00ed El gordito se peg\u00f3 sin cuadrito y con barriga Esto son otras ligas Y a ti te duele que ahora yo est\u00e9 jodiendo A ti te duele y yo.","og_url":"https:\/\/dibenedettoproductions.com\/?page_id=4331","og_site_name":"Di Benedetto Productions","article_modified_time":"2021-08-06T07:00:09+00:00","twitter_card":"summary_large_image","twitter_misc":{"Tempo di lettura stimato":"1 minuto"},"schema":{"@context":"https:\/\/schema.org","@graph":[{"@type":"WebPage","@id":"https:\/\/dibenedettoproductions.com\/?page_id=4331","url":"https:\/\/dibenedettoproductions.com\/?page_id=4331","name":"Nebbia - Di Benedetto Productions","isPartOf":{"@id":"https:\/\/dibenedettoproductions.com\/#website"},"datePublished":"2021-02-25T11:12:58+00:00","dateModified":"2021-08-06T07:00:09+00:00","breadcrumb":{"@id":"https:\/\/dibenedettoproductions.com\/?page_id=4331#breadcrumb"},"inLanguage":"it-IT","potentialAction":[{"@type":"ReadAction","target":["https:\/\/dibenedettoproductions.com\/?page_id=4331"]}]},{"@type":"BreadcrumbList","@id":"https:\/\/dibenedettoproductions.com\/?page_id=4331#breadcrumb","itemListElement":[{"@type":"ListItem","position":1,"name":"Home","item":"https:\/\/dibenedettoproductions.com\/"},{"@type":"ListItem","position":2,"name":"Nebbia"}]},{"@type":"WebSite","@id":"https:\/\/dibenedettoproductions.com\/#website","url":"https:\/\/dibenedettoproductions.com\/","name":"Di Benedetto Productions","description":"","publisher":{"@id":"https:\/\/dibenedettoproductions.com\/#organization"},"potentialAction":[{"@type":"SearchAction","target":{"@type":"EntryPoint","urlTemplate":"https:\/\/dibenedettoproductions.com\/?s={search_term_string}"},"query-input":"required name=search_term_string"}],"inLanguage":"it-IT"},{"@type":"Organization","@id":"https:\/\/dibenedettoproductions.com\/#organization","name":"DI BENEDETTO PRODUCTIONS","url":"https:\/\/dibenedettoproductions.com\/","sameAs":[],"logo":{"@type":"ImageObject","inLanguage":"it-IT","@id":"https:\/\/dibenedettoproductions.com\/#\/schema\/logo\/image\/","url":"https:\/\/dibenedettoproductions.com\/wp-content\/uploads\/2021\/09\/logo_di_benedetto_productions.jpg","contentUrl":"https:\/\/dibenedettoproductions.com\/wp-content\/uploads\/2021\/09\/logo_di_benedetto_productions.jpg","width":225,"height":225,"caption":"DI BENEDETTO PRODUCTIONS"},"image":{"@id":"https:\/\/dibenedettoproductions.com\/#\/schema\/logo\/image\/"}}]}},"_links":{"self":[{"href":"https:\/\/dibenedettoproductions.com\/index.php?rest_route=\/wp\/v2\/pages\/4331","targetHints":{"allow":["GET"]}}],"collection":[{"href":"https:\/\/dibenedettoproductions.com\/index.php?rest_route=\/wp\/v2\/pages"}],"about":[{"href":"https:\/\/dibenedettoproductions.com\/index.php?rest_route=\/wp\/v2\/types\/page"}],"author":[{"embeddable":true,"href":"https:\/\/dibenedettoproductions.com\/index.php?rest_route=\/wp\/v2\/users\/1"}],"replies":[{"embeddable":true,"href":"https:\/\/dibenedettoproductions.com\/index.php?rest_route=%2Fwp%2Fv2%2Fcomments&post=4331"}],"version-history":[{"count":7,"href":"https:\/\/dibenedettoproductions.com\/index.php?rest_route=\/wp\/v2\/pages\/4331\/revisions"}],"predecessor-version":[{"id":5809,"href":"https:\/\/dibenedettoproductions.com\/index.php?rest_route=\/wp\/v2\/pages\/4331\/revisions\/5809"}],"wp:attachment":[{"href":"https:\/\/dibenedettoproductions.com\/index.php?rest_route=%2Fwp%2Fv2%2Fmedia&parent=4331"}],"wp:term":[{"taxonomy":"category","embeddable":true,"href":"https:\/\/dibenedettoproductions.com\/index.php?rest_route=%2Fwp%2Fv2%2Fcategories&post=4331"},{"taxonomy":"post_tag","embeddable":true,"href":"https:\/\/dibenedettoproductions.com\/index.php?rest_route=%2Fwp%2Fv2%2Ftags&post=4331"}],"curies":[{"name":"wp","href":"https:\/\/api.w.org\/{rel}","templated":true}]}}