{"id":4323,"date":"2021-02-25T11:10:06","date_gmt":"2021-02-25T11:10:06","guid":{"rendered":"https:\/\/dibenedettoproductions.com\/?page_id=4323"},"modified":"2021-08-06T07:24:28","modified_gmt":"2021-08-06T07:24:28","slug":"wiki-wiki","status":"publish","type":"page","link":"https:\/\/dibenedettoproductions.com\/?page_id=4323","title":{"rendered":"Wiki Wiki"},"content":{"rendered":"\t\t<div data-elementor-type=\"wp-page\" data-elementor-id=\"4323\" class=\"elementor elementor-4323\" data-elementor-settings=\"[]\">\n\t\t\t\t\t\t<div class=\"elementor-inner\">\n\t\t\t\t\t\t\t<div class=\"elementor-section-wrap\">\n\t\t\t\t\t\t\t<section class=\"elementor-section elementor-top-section elementor-element elementor-element-f7fc2ed elementor-section-stretched elementor-section-boxed elementor-section-height-default elementor-section-height-default\" data-id=\"f7fc2ed\" data-element_type=\"section\" data-settings=\"{&quot;stretch_section&quot;:&quot;section-stretched&quot;,&quot;background_background&quot;:&quot;classic&quot;}\">\n\t\t\t\t\t\t<div class=\"elementor-container elementor-column-gap-default\">\n\t\t\t\t\t\t\t<div class=\"elementor-row\">\n\t\t\t\t\t<div class=\"elementor-column elementor-col-25 elementor-top-column elementor-element elementor-element-72330c7\" data-id=\"72330c7\" data-element_type=\"column\">\n\t\t\t<div class=\"elementor-column-wrap elementor-element-populated\">\n\t\t\t\t\t\t\t<div class=\"elementor-widget-wrap\">\n\t\t\t\t\t\t<div class=\"elementor-element elementor-element-da043cb elementor-align-center elementor-widget elementor-widget-button\" data-id=\"da043cb\" data-element_type=\"widget\" data-widget_type=\"button.default\">\n\t\t\t\t<div class=\"elementor-widget-container\">\n\t\t\t\t\t<div class=\"elementor-button-wrapper\">\n\t\t\t<a href=\"https:\/\/open.spotify.com\/track\/0jrywZhLATgZTgBFNRicxy?si=3-kkzQ3AQFSEy40FqjCfuQ%20\" class=\"elementor-button-link elementor-button elementor-size-sm\" role=\"button\">\n\t\t\t\t\t\t<span class=\"elementor-button-content-wrapper\">\n\t\t\t\t\t\t<span class=\"elementor-button-text\">SPOTIFY<\/span>\n\t\t<\/span>\n\t\t\t\t\t<\/a>\n\t\t<\/div>\n\t\t\t\t<\/div>\n\t\t\t\t<\/div>\n\t\t\t\t\t\t<\/div>\n\t\t\t\t\t<\/div>\n\t\t<\/div>\n\t\t\t\t<div class=\"elementor-column elementor-col-25 elementor-top-column elementor-element elementor-element-f42cc8b\" data-id=\"f42cc8b\" data-element_type=\"column\">\n\t\t\t<div class=\"elementor-column-wrap elementor-element-populated\">\n\t\t\t\t\t\t\t<div class=\"elementor-widget-wrap\">\n\t\t\t\t\t\t<div class=\"elementor-element elementor-element-b292413 elementor-align-center elementor-widget elementor-widget-button\" data-id=\"b292413\" data-element_type=\"widget\" data-widget_type=\"button.default\">\n\t\t\t\t<div class=\"elementor-widget-container\">\n\t\t\t\t\t<div class=\"elementor-button-wrapper\">\n\t\t\t<a href=\"https:\/\/music.apple.com\/us\/album\/wiki-wiki\/1464573665?i=1464573668%20\" class=\"elementor-button-link elementor-button elementor-size-sm\" role=\"button\">\n\t\t\t\t\t\t<span class=\"elementor-button-content-wrapper\">\n\t\t\t\t\t\t<span class=\"elementor-button-text\">APPLE MUSIC<\/span>\n\t\t<\/span>\n\t\t\t\t\t<\/a>\n\t\t<\/div>\n\t\t\t\t<\/div>\n\t\t\t\t<\/div>\n\t\t\t\t\t\t<\/div>\n\t\t\t\t\t<\/div>\n\t\t<\/div>\n\t\t\t\t<div class=\"elementor-column elementor-col-25 elementor-top-column elementor-element elementor-element-5f35503\" data-id=\"5f35503\" data-element_type=\"column\">\n\t\t\t<div class=\"elementor-column-wrap elementor-element-populated\">\n\t\t\t\t\t\t\t<div class=\"elementor-widget-wrap\">\n\t\t\t\t\t\t<div class=\"elementor-element elementor-element-a11d669 elementor-align-center elementor-widget elementor-widget-button\" data-id=\"a11d669\" data-element_type=\"widget\" data-widget_type=\"button.default\">\n\t\t\t\t<div class=\"elementor-widget-container\">\n\t\t\t\t\t<div class=\"elementor-button-wrapper\">\n\t\t\t<a href=\"https:\/\/deezer.page.link\/SemRrcgwoHmpVbA49%20\" class=\"elementor-button-link elementor-button elementor-size-sm\" role=\"button\">\n\t\t\t\t\t\t<span class=\"elementor-button-content-wrapper\">\n\t\t\t\t\t\t<span class=\"elementor-button-text\">DEEZER<\/span>\n\t\t<\/span>\n\t\t\t\t\t<\/a>\n\t\t<\/div>\n\t\t\t\t<\/div>\n\t\t\t\t<\/div>\n\t\t\t\t\t\t<\/div>\n\t\t\t\t\t<\/div>\n\t\t<\/div>\n\t\t\t\t<div class=\"elementor-column elementor-col-25 elementor-top-column elementor-element elementor-element-57d5bb5\" data-id=\"57d5bb5\" data-element_type=\"column\">\n\t\t\t<div class=\"elementor-column-wrap elementor-element-populated\">\n\t\t\t\t\t\t\t<div class=\"elementor-widget-wrap\">\n\t\t\t\t\t\t<div class=\"elementor-element elementor-element-b2108c8 elementor-align-center elementor-widget elementor-widget-button\" data-id=\"b2108c8\" data-element_type=\"widget\" data-widget_type=\"button.default\">\n\t\t\t\t<div class=\"elementor-widget-container\">\n\t\t\t\t\t<div class=\"elementor-button-wrapper\">\n\t\t\t<a href=\"https:\/\/music.amazon.com\/albums\/B07S2C8RW7?trackAsin=B07S2BTP14&#038;ref=dm_sh_5014-1345-dmcp-47f4-2cf38&#038;musicTerritory=US&#038;marketplaceId=ATVPDKIKX0DER\" class=\"elementor-button-link elementor-button elementor-size-sm\" role=\"button\">\n\t\t\t\t\t\t<span class=\"elementor-button-content-wrapper\">\n\t\t\t\t\t\t<span class=\"elementor-button-text\">AMAZON MUSIC<\/span>\n\t\t<\/span>\n\t\t\t\t\t<\/a>\n\t\t<\/div>\n\t\t\t\t<\/div>\n\t\t\t\t<\/div>\n\t\t\t\t\t\t<\/div>\n\t\t\t\t\t<\/div>\n\t\t<\/div>\n\t\t\t\t\t\t\t\t<\/div>\n\t\t\t\t\t<\/div>\n\t\t<\/section>\n\t\t\t\t<section class=\"elementor-section elementor-top-section elementor-element elementor-element-43861b4 elementor-section-stretched elementor-section-boxed elementor-section-height-default elementor-section-height-default\" data-id=\"43861b4\" data-element_type=\"section\" data-settings=\"{&quot;stretch_section&quot;:&quot;section-stretched&quot;,&quot;background_background&quot;:&quot;classic&quot;}\">\n\t\t\t\t\t\t<div class=\"elementor-container elementor-column-gap-default\">\n\t\t\t\t\t\t\t<div class=\"elementor-row\">\n\t\t\t\t\t<div class=\"elementor-column elementor-col-100 elementor-top-column elementor-element elementor-element-7e386ad\" data-id=\"7e386ad\" data-element_type=\"column\">\n\t\t\t<div class=\"elementor-column-wrap elementor-element-populated\">\n\t\t\t\t\t\t\t<div class=\"elementor-widget-wrap\">\n\t\t\t\t\t\t<div class=\"elementor-element elementor-element-6ebb2aa elementor-widget elementor-widget-text-editor\" data-id=\"6ebb2aa\" data-element_type=\"widget\" data-widget_type=\"text-editor.default\">\n\t\t\t\t<div class=\"elementor-widget-container\">\n\t\t\t\t\t\t\t\t<div class=\"elementor-text-editor elementor-clearfix\">\n\t\t\t\t<div><p style=\"text-align: center;\"><span style=\"color: #ffffff;\">Brrrrr tamo haciendo historia e<\/span><\/p><p style=\"text-align: center;\"><span style=\"color: #ffffff;\">Pasando trabajo y to lleg\u00f3<\/span><\/p><p style=\"text-align: center;\"><span style=\"color: #ffffff;\">La m\u00fasica es mi vida la m\u00fasica sac\u00f3 el demonio que ten\u00eda dentro<\/span><\/p><p style=\"text-align: center;\"><span style=\"color: #ffffff;\">Yo era calle sin ser pavimento sin ser pavimento<\/span><\/p><p style=\"text-align: center;\"><span style=\"color: #ffffff;\">Eran 12 lo dijo la biblia amen<\/span><\/p><p style=\"text-align: center;\"><span style=\"color: #ffffff;\">Y estamo en movimiento y esta es una familia<\/span><\/p><p style=\"text-align: center;\"><span style=\"color: #ffffff;\">Y ahora andamo wiki wiki wiki wiki wiki<\/span><\/p><p style=\"text-align: center;\"><span style=\"color: #ffffff;\">Nosotros siempre wiki wiki wiki wiki wiki<\/span><\/p><p style=\"text-align: center;\"><span style=\"color: #ffffff;\">Las mami siempre wiki wiki wiki wiki wiki<\/span><\/p><p style=\"text-align: center;\"><span style=\"color: #ffffff;\">Andamos siempre wiki nosotros siempre wiki<\/span><\/p><p style=\"text-align: center;\"><span style=\"color: #ffffff;\">Wiki wiki wiki wiki wiki<\/span><\/p><p style=\"text-align: center;\"><span style=\"color: #ffffff;\">Nosotros siempre wiki wiki wiki wiki wiki<\/span><\/p><p style=\"text-align: center;\"><span style=\"color: #ffffff;\">Las mami siempre wiki wiki wiki wiki wiki<\/span><\/p><p style=\"text-align: center;\"><span style=\"color: #ffffff;\">Andamos siempre wiki nosotros siempre wiki<\/span><\/p><p style=\"text-align: center;\"><span style=\"color: #ffffff;\">Cuando abr\u00ed los ojos ya era artista lo tengo todo hasta sin ser flautista<\/span><\/p><p style=\"text-align: center;\"><span style=\"color: #ffffff;\">Mira como demuestro en la pista<\/span><\/p><p style=\"text-align: center;\"><span style=\"color: #ffffff;\">Como saco el demonio el exorcista<\/span><\/p><p style=\"text-align: center;\"><span style=\"color: #ffffff;\">Me han atacado y sigo ileso con 14 estaba preso<\/span><\/p><p style=\"text-align: center;\"><span style=\"color: #ffffff;\">Me dicen el rompe hueso no hay ratones pa este queso<\/span><\/p><p style=\"text-align: center;\"><span style=\"color: #ffffff;\">Destap\u00e1ndote los ceso mil extras en retroceso<\/span><\/p><p style=\"text-align: center;\"><span style=\"color: #ffffff;\">Soy real as\u00ed me expreso dale t\u00edrame<\/span><\/p><p style=\"text-align: center;\"><span style=\"color: #ffffff;\">Pa colarme por tu zona y darte un beso<\/span><\/p><p style=\"text-align: center;\"><span style=\"color: #ffffff;\">Baby t\u00fa sabes como yo me le expreso<\/span><\/p><p style=\"text-align: center;\"><span style=\"color: #ffffff;\">Dime cara e chimba<\/span><\/p><p style=\"text-align: center;\"><span style=\"color: #ffffff;\">Si esto fuera el rey le\u00f3n yo fuera en cangri y t\u00fa eras simba<\/span><\/p><p style=\"text-align: center;\"><span style=\"color: #ffffff;\">Estoy haciendo lo que me sale de la jajajajaj<\/span><\/p><p style=\"text-align: center;\"><span style=\"color: #ffffff;\">Wiki wiki wiki wiki wiki<\/span><\/p><p style=\"text-align: center;\"><span style=\"color: #ffffff;\">Nosotros siempre wiki wiki wiki wiki wiki<\/span><\/p><p style=\"text-align: center;\"><span style=\"color: #ffffff;\">Las mami siempre wiki wiki wiki wiki wiki<\/span><\/p><p style=\"text-align: center;\"><span style=\"color: #ffffff;\">Andamos siempre wiki nosotros siempre wiki<\/span><\/p><p style=\"text-align: center;\"><span style=\"color: #ffffff;\">Wiki wiki wiki wiki wiki<\/span><\/p><p style=\"text-align: center;\"><span style=\"color: #ffffff;\">Nosotros siempre wiki wiki wiki wiki wiki<\/span><\/p><p style=\"text-align: center;\"><span style=\"color: #ffffff;\">Las mami siempre wiki wiki wiki wiki wiki<\/span><\/p><p style=\"text-align: center;\"><span style=\"color: #ffffff;\">Andamos siempre wiki nosotros siempre wiki<\/span><\/p><p style=\"text-align: center;\"><span style=\"color: #ffffff;\">De ni\u00f1o era un pesao hacia a la gente llorar<\/span><\/p><p style=\"text-align: center;\"><span style=\"color: #ffffff;\">Merec\u00edan el susto y no paraba de asustar<\/span><\/p><p style=\"text-align: center;\"><span style=\"color: #ffffff;\">Me tiraron con un arma y no me pudieron matar<\/span><\/p><p style=\"text-align: center;\"><span style=\"color: #ffffff;\">Cabr\u00f3n yo estoy aqu\u00ed dejen esto soy inmortal<\/span><\/p><p style=\"text-align: center;\"><span style=\"color: #ffffff;\">Buuuuu te tenemo asustao se te fue la luz<\/span><\/p><p style=\"text-align: center;\"><span style=\"color: #ffffff;\">Con m\u00e1s episodio que los Lunituns<\/span><\/p><p style=\"text-align: center;\"><span style=\"color: #ffffff;\">Tocando la puerta del diablo tunt\u00fan disparando fuerte con una achocun<\/span><\/p><p style=\"text-align: center;\"><span style=\"color: #ffffff;\">Disparando de primero te toca ser segundo no me hables de la calle<\/span><\/p><p style=\"text-align: center;\"><span style=\"color: #ffffff;\">Que yo soy de otro mundo si te hace el malo tu movie te la tumbo<\/span><\/p><p style=\"text-align: center;\"><span style=\"color: #ffffff;\">No te me hagas el real que eres falso como dumbo<\/span><\/p><p style=\"text-align: center;\"><span style=\"color: #ffffff;\">Pa tirarme tienes que escribir un diccionario<\/span><\/p><p style=\"text-align: center;\"><span style=\"color: #ffffff;\">Esto es mi desayuno yo lo hago a diario<\/span><\/p><p style=\"text-align: center;\"><span style=\"color: #ffffff;\">Mano a ti no te respetan los del barrio<\/span><\/p><p style=\"text-align: center;\"><span style=\"color: #ffffff;\">No te escucha ni tu amigo imaginario<\/span><\/p><p style=\"text-align: center;\"><span style=\"color: #ffffff;\">Wiki wiki wiki wiki wiki<\/span><\/p><p style=\"text-align: center;\"><span style=\"color: #ffffff;\">Nosotros siempre wiki wiki wiki wiki wiki<\/span><\/p><p style=\"text-align: center;\"><span style=\"color: #ffffff;\">Las mami siempre wiki wiki wiki wiki wiki<\/span><\/p><p style=\"text-align: center;\"><span style=\"color: #ffffff;\">Andamos siempre wiki nosotros siempre wiki<\/span><\/p><p style=\"text-align: center;\"><span style=\"color: #ffffff;\">Wiki wiki wiki wiki wiki<\/span><\/p><p style=\"text-align: center;\"><span style=\"color: #ffffff;\">Nosotros siempre wiki wiki wiki wiki wiki<\/span><\/p><p style=\"text-align: center;\"><span style=\"color: #ffffff;\">Las mami siempre wiki wiki wiki wiki wiki<\/span><\/p><p style=\"text-align: center;\"><span style=\"color: #ffffff;\">Andamos siempre wiki nosotros siempre wiki<\/span><\/p><p style=\"text-align: center;\"><span style=\"color: #ffffff;\">Prrrrr pa ti bebe bebe bebe<\/span><\/p><p style=\"text-align: center;\"><span style=\"color: #ffffff;\">Nosotros somos los yakuza polvo de plas is coming<\/span><\/p><p style=\"text-align: center;\"><span style=\"color: #ffffff;\">Tito brayan di brrrrrr d\u00edselo Raimel d\u00edmelo Abdel la esencia<\/span><\/p><p style=\"text-align: center;\"><span style=\"color: #ffffff;\">D\u00edmelo chan vamo a destrozar a to estos medusa<\/span><\/p><p style=\"text-align: center;\"><span style=\"color: #ffffff;\">Te cogieron los yakuza nosotros estamo haciendo historia<\/span><\/p><p style=\"text-align: center;\"><span style=\"color: #ffffff;\">Nosotros andamo con la bendici\u00f3n de Cristo veo amen<\/span><\/p><p style=\"text-align: center;\"><span style=\"color: #ffffff;\">Di Benedetto Production<\/span><\/p><p style=\"text-align: center;\"><span style=\"color: #ffffff;\">Wiki wiki wiki wiki wiki ra ra ra ra ra<\/span><\/p><p style=\"text-align: center;\"><span style=\"color: #ffffff;\">Wiki wiki wiki wiki wiki ra ra ra ra ra<\/span><\/p><\/div>\t\t\t\t\t<\/div>\n\t\t\t\t\t\t<\/div>\n\t\t\t\t<\/div>\n\t\t\t\t\t\t<\/div>\n\t\t\t\t\t<\/div>\n\t\t<\/div>\n\t\t\t\t\t\t\t\t<\/div>\n\t\t\t\t\t<\/div>\n\t\t<\/section>\n\t\t\t\t\t\t<\/div>\n\t\t\t\t\t\t<\/div>\n\t\t\t\t\t<\/div>\n\t\t","protected":false},"excerpt":{"rendered":"<p>SPOTIFY APPLE MUSIC DEEZER AMAZON MUSIC Brrrrr tamo haciendo historia e Pasando trabajo y to lleg\u00f3 La m\u00fasica es mi vida la m\u00fasica sac\u00f3 el demonio que ten\u00eda dentro Yo era calle sin ser pavimento sin ser pavimento Eran 12 lo dijo la biblia amen Y estamo en movimiento y esta es una familia Y.<\/p>\n","protected":false},"author":1,"featured_media":0,"parent":0,"menu_order":0,"comment_status":"closed","ping_status":"closed","template":"","meta":{"footnotes":""},"categories":[42],"tags":[],"class_list":["post-4323","page","type-page","status-publish","hentry","category-testi"],"yoast_head":"<!-- This site is optimized with the Yoast SEO plugin v19.6.1 - https:\/\/yoast.com\/wordpress\/plugins\/seo\/ -->\n<title>Wiki Wiki - Di Benedetto Productions<\/title>\n<meta name=\"robots\" content=\"index, follow, max-snippet:-1, max-image-preview:large, max-video-preview:-1\" \/>\n<link rel=\"canonical\" href=\"https:\/\/dibenedettoproductions.com\/?page_id=4323\" \/>\n<meta property=\"og:locale\" content=\"it_IT\" \/>\n<meta property=\"og:type\" content=\"article\" \/>\n<meta property=\"og:title\" content=\"Wiki Wiki - Di Benedetto Productions\" \/>\n<meta property=\"og:description\" content=\"SPOTIFY APPLE MUSIC DEEZER AMAZON MUSIC Brrrrr tamo haciendo historia e Pasando trabajo y to lleg\u00f3 La m\u00fasica es mi vida la m\u00fasica sac\u00f3 el demonio que ten\u00eda dentro Yo era calle sin ser pavimento sin ser pavimento Eran 12 lo dijo la biblia amen Y estamo en movimiento y esta es una familia Y.\" \/>\n<meta property=\"og:url\" content=\"https:\/\/dibenedettoproductions.com\/?page_id=4323\" \/>\n<meta property=\"og:site_name\" content=\"Di Benedetto Productions\" \/>\n<meta property=\"article:modified_time\" content=\"2021-08-06T07:24:28+00:00\" \/>\n<meta name=\"twitter:card\" content=\"summary_large_image\" \/>\n<meta name=\"twitter:label1\" content=\"Tempo di lettura stimato\" \/>\n\t<meta name=\"twitter:data1\" content=\"2 minuti\" \/>\n<script type=\"application\/ld+json\" class=\"yoast-schema-graph\">{\"@context\":\"https:\/\/schema.org\",\"@graph\":[{\"@type\":\"WebPage\",\"@id\":\"https:\/\/dibenedettoproductions.com\/?page_id=4323\",\"url\":\"https:\/\/dibenedettoproductions.com\/?page_id=4323\",\"name\":\"Wiki Wiki - Di Benedetto Productions\",\"isPartOf\":{\"@id\":\"https:\/\/dibenedettoproductions.com\/#website\"},\"datePublished\":\"2021-02-25T11:10:06+00:00\",\"dateModified\":\"2021-08-06T07:24:28+00:00\",\"breadcrumb\":{\"@id\":\"https:\/\/dibenedettoproductions.com\/?page_id=4323#breadcrumb\"},\"inLanguage\":\"it-IT\",\"potentialAction\":[{\"@type\":\"ReadAction\",\"target\":[\"https:\/\/dibenedettoproductions.com\/?page_id=4323\"]}]},{\"@type\":\"BreadcrumbList\",\"@id\":\"https:\/\/dibenedettoproductions.com\/?page_id=4323#breadcrumb\",\"itemListElement\":[{\"@type\":\"ListItem\",\"position\":1,\"name\":\"Home\",\"item\":\"https:\/\/dibenedettoproductions.com\/\"},{\"@type\":\"ListItem\",\"position\":2,\"name\":\"Wiki Wiki\"}]},{\"@type\":\"WebSite\",\"@id\":\"https:\/\/dibenedettoproductions.com\/#website\",\"url\":\"https:\/\/dibenedettoproductions.com\/\",\"name\":\"Di Benedetto Productions\",\"description\":\"\",\"publisher\":{\"@id\":\"https:\/\/dibenedettoproductions.com\/#organization\"},\"potentialAction\":[{\"@type\":\"SearchAction\",\"target\":{\"@type\":\"EntryPoint\",\"urlTemplate\":\"https:\/\/dibenedettoproductions.com\/?s={search_term_string}\"},\"query-input\":\"required name=search_term_string\"}],\"inLanguage\":\"it-IT\"},{\"@type\":\"Organization\",\"@id\":\"https:\/\/dibenedettoproductions.com\/#organization\",\"name\":\"DI BENEDETTO PRODUCTIONS\",\"url\":\"https:\/\/dibenedettoproductions.com\/\",\"sameAs\":[],\"logo\":{\"@type\":\"ImageObject\",\"inLanguage\":\"it-IT\",\"@id\":\"https:\/\/dibenedettoproductions.com\/#\/schema\/logo\/image\/\",\"url\":\"https:\/\/dibenedettoproductions.com\/wp-content\/uploads\/2021\/09\/logo_di_benedetto_productions.jpg\",\"contentUrl\":\"https:\/\/dibenedettoproductions.com\/wp-content\/uploads\/2021\/09\/logo_di_benedetto_productions.jpg\",\"width\":225,\"height\":225,\"caption\":\"DI BENEDETTO PRODUCTIONS\"},\"image\":{\"@id\":\"https:\/\/dibenedettoproductions.com\/#\/schema\/logo\/image\/\"}}]}<\/script>\n<!-- \/ Yoast SEO plugin. -->","yoast_head_json":{"title":"Wiki Wiki - Di Benedetto Productions","robots":{"index":"index","follow":"follow","max-snippet":"max-snippet:-1","max-image-preview":"max-image-preview:large","max-video-preview":"max-video-preview:-1"},"canonical":"https:\/\/dibenedettoproductions.com\/?page_id=4323","og_locale":"it_IT","og_type":"article","og_title":"Wiki Wiki - Di Benedetto Productions","og_description":"SPOTIFY APPLE MUSIC DEEZER AMAZON MUSIC Brrrrr tamo haciendo historia e Pasando trabajo y to lleg\u00f3 La m\u00fasica es mi vida la m\u00fasica sac\u00f3 el demonio que ten\u00eda dentro Yo era calle sin ser pavimento sin ser pavimento Eran 12 lo dijo la biblia amen Y estamo en movimiento y esta es una familia Y.","og_url":"https:\/\/dibenedettoproductions.com\/?page_id=4323","og_site_name":"Di Benedetto Productions","article_modified_time":"2021-08-06T07:24:28+00:00","twitter_card":"summary_large_image","twitter_misc":{"Tempo di lettura stimato":"2 minuti"},"schema":{"@context":"https:\/\/schema.org","@graph":[{"@type":"WebPage","@id":"https:\/\/dibenedettoproductions.com\/?page_id=4323","url":"https:\/\/dibenedettoproductions.com\/?page_id=4323","name":"Wiki Wiki - Di Benedetto Productions","isPartOf":{"@id":"https:\/\/dibenedettoproductions.com\/#website"},"datePublished":"2021-02-25T11:10:06+00:00","dateModified":"2021-08-06T07:24:28+00:00","breadcrumb":{"@id":"https:\/\/dibenedettoproductions.com\/?page_id=4323#breadcrumb"},"inLanguage":"it-IT","potentialAction":[{"@type":"ReadAction","target":["https:\/\/dibenedettoproductions.com\/?page_id=4323"]}]},{"@type":"BreadcrumbList","@id":"https:\/\/dibenedettoproductions.com\/?page_id=4323#breadcrumb","itemListElement":[{"@type":"ListItem","position":1,"name":"Home","item":"https:\/\/dibenedettoproductions.com\/"},{"@type":"ListItem","position":2,"name":"Wiki Wiki"}]},{"@type":"WebSite","@id":"https:\/\/dibenedettoproductions.com\/#website","url":"https:\/\/dibenedettoproductions.com\/","name":"Di Benedetto Productions","description":"","publisher":{"@id":"https:\/\/dibenedettoproductions.com\/#organization"},"potentialAction":[{"@type":"SearchAction","target":{"@type":"EntryPoint","urlTemplate":"https:\/\/dibenedettoproductions.com\/?s={search_term_string}"},"query-input":"required name=search_term_string"}],"inLanguage":"it-IT"},{"@type":"Organization","@id":"https:\/\/dibenedettoproductions.com\/#organization","name":"DI BENEDETTO PRODUCTIONS","url":"https:\/\/dibenedettoproductions.com\/","sameAs":[],"logo":{"@type":"ImageObject","inLanguage":"it-IT","@id":"https:\/\/dibenedettoproductions.com\/#\/schema\/logo\/image\/","url":"https:\/\/dibenedettoproductions.com\/wp-content\/uploads\/2021\/09\/logo_di_benedetto_productions.jpg","contentUrl":"https:\/\/dibenedettoproductions.com\/wp-content\/uploads\/2021\/09\/logo_di_benedetto_productions.jpg","width":225,"height":225,"caption":"DI BENEDETTO PRODUCTIONS"},"image":{"@id":"https:\/\/dibenedettoproductions.com\/#\/schema\/logo\/image\/"}}]}},"_links":{"self":[{"href":"https:\/\/dibenedettoproductions.com\/index.php?rest_route=\/wp\/v2\/pages\/4323","targetHints":{"allow":["GET"]}}],"collection":[{"href":"https:\/\/dibenedettoproductions.com\/index.php?rest_route=\/wp\/v2\/pages"}],"about":[{"href":"https:\/\/dibenedettoproductions.com\/index.php?rest_route=\/wp\/v2\/types\/page"}],"author":[{"embeddable":true,"href":"https:\/\/dibenedettoproductions.com\/index.php?rest_route=\/wp\/v2\/users\/1"}],"replies":[{"embeddable":true,"href":"https:\/\/dibenedettoproductions.com\/index.php?rest_route=%2Fwp%2Fv2%2Fcomments&post=4323"}],"version-history":[{"count":7,"href":"https:\/\/dibenedettoproductions.com\/index.php?rest_route=\/wp\/v2\/pages\/4323\/revisions"}],"predecessor-version":[{"id":6058,"href":"https:\/\/dibenedettoproductions.com\/index.php?rest_route=\/wp\/v2\/pages\/4323\/revisions\/6058"}],"wp:attachment":[{"href":"https:\/\/dibenedettoproductions.com\/index.php?rest_route=%2Fwp%2Fv2%2Fmedia&parent=4323"}],"wp:term":[{"taxonomy":"category","embeddable":true,"href":"https:\/\/dibenedettoproductions.com\/index.php?rest_route=%2Fwp%2Fv2%2Fcategories&post=4323"},{"taxonomy":"post_tag","embeddable":true,"href":"https:\/\/dibenedettoproductions.com\/index.php?rest_route=%2Fwp%2Fv2%2Ftags&post=4323"}],"curies":[{"name":"wp","href":"https:\/\/api.w.org\/{rel}","templated":true}]}}