{"id":4315,"date":"2021-02-25T11:07:57","date_gmt":"2021-02-25T11:07:57","guid":{"rendered":"https:\/\/dibenedettoproductions.com\/?page_id=4315"},"modified":"2021-08-06T07:05:15","modified_gmt":"2021-08-06T07:05:15","slug":"respeto","status":"publish","type":"page","link":"https:\/\/dibenedettoproductions.com\/?page_id=4315","title":{"rendered":"Respeto"},"content":{"rendered":"\t\t<div data-elementor-type=\"wp-page\" data-elementor-id=\"4315\" class=\"elementor elementor-4315\" data-elementor-settings=\"[]\">\n\t\t\t\t\t\t<div class=\"elementor-inner\">\n\t\t\t\t\t\t\t<div class=\"elementor-section-wrap\">\n\t\t\t\t\t\t\t<section class=\"elementor-section elementor-top-section elementor-element elementor-element-f958a59 elementor-section-stretched elementor-section-boxed elementor-section-height-default elementor-section-height-default\" data-id=\"f958a59\" data-element_type=\"section\" data-settings=\"{&quot;stretch_section&quot;:&quot;section-stretched&quot;,&quot;background_background&quot;:&quot;classic&quot;}\">\n\t\t\t\t\t\t<div class=\"elementor-container elementor-column-gap-default\">\n\t\t\t\t\t\t\t<div class=\"elementor-row\">\n\t\t\t\t\t<div class=\"elementor-column elementor-col-25 elementor-top-column elementor-element elementor-element-fae8a80\" data-id=\"fae8a80\" data-element_type=\"column\">\n\t\t\t<div class=\"elementor-column-wrap elementor-element-populated\">\n\t\t\t\t\t\t\t<div class=\"elementor-widget-wrap\">\n\t\t\t\t\t\t<div class=\"elementor-element elementor-element-df3383b elementor-align-center elementor-widget elementor-widget-button\" data-id=\"df3383b\" data-element_type=\"widget\" data-widget_type=\"button.default\">\n\t\t\t\t<div class=\"elementor-widget-container\">\n\t\t\t\t\t<div class=\"elementor-button-wrapper\">\n\t\t\t<a href=\"https:\/\/open.spotify.com\/track\/5Mp7VWBKKWwRtmYgGpSTWa?si=VgAZoyfuRkafFKXtJqCW-A%20\" class=\"elementor-button-link elementor-button elementor-size-sm\" role=\"button\">\n\t\t\t\t\t\t<span class=\"elementor-button-content-wrapper\">\n\t\t\t\t\t\t<span class=\"elementor-button-text\">SPOTIFY<\/span>\n\t\t<\/span>\n\t\t\t\t\t<\/a>\n\t\t<\/div>\n\t\t\t\t<\/div>\n\t\t\t\t<\/div>\n\t\t\t\t\t\t<\/div>\n\t\t\t\t\t<\/div>\n\t\t<\/div>\n\t\t\t\t<div class=\"elementor-column elementor-col-25 elementor-top-column elementor-element elementor-element-b772572\" data-id=\"b772572\" data-element_type=\"column\">\n\t\t\t<div class=\"elementor-column-wrap elementor-element-populated\">\n\t\t\t\t\t\t\t<div class=\"elementor-widget-wrap\">\n\t\t\t\t\t\t<div class=\"elementor-element elementor-element-bdfa2fa elementor-align-center elementor-widget elementor-widget-button\" data-id=\"bdfa2fa\" data-element_type=\"widget\" data-widget_type=\"button.default\">\n\t\t\t\t<div class=\"elementor-widget-container\">\n\t\t\t\t\t<div class=\"elementor-button-wrapper\">\n\t\t\t<a href=\"https:\/\/music.apple.com\/us\/album\/respeto\/1529307812?i=1529307814%20\" class=\"elementor-button-link elementor-button elementor-size-sm\" role=\"button\">\n\t\t\t\t\t\t<span class=\"elementor-button-content-wrapper\">\n\t\t\t\t\t\t<span class=\"elementor-button-text\">APPLE MUSIC<\/span>\n\t\t<\/span>\n\t\t\t\t\t<\/a>\n\t\t<\/div>\n\t\t\t\t<\/div>\n\t\t\t\t<\/div>\n\t\t\t\t\t\t<\/div>\n\t\t\t\t\t<\/div>\n\t\t<\/div>\n\t\t\t\t<div class=\"elementor-column elementor-col-25 elementor-top-column elementor-element elementor-element-170de03\" data-id=\"170de03\" data-element_type=\"column\">\n\t\t\t<div class=\"elementor-column-wrap elementor-element-populated\">\n\t\t\t\t\t\t\t<div class=\"elementor-widget-wrap\">\n\t\t\t\t\t\t<div class=\"elementor-element elementor-element-621b4f9 elementor-align-center elementor-widget elementor-widget-button\" data-id=\"621b4f9\" data-element_type=\"widget\" data-widget_type=\"button.default\">\n\t\t\t\t<div class=\"elementor-widget-container\">\n\t\t\t\t\t<div class=\"elementor-button-wrapper\">\n\t\t\t<a href=\"https:\/\/deezer.page.link\/BCLgkVAG3aJjh7ob8%20\" class=\"elementor-button-link elementor-button elementor-size-sm\" role=\"button\">\n\t\t\t\t\t\t<span class=\"elementor-button-content-wrapper\">\n\t\t\t\t\t\t<span class=\"elementor-button-text\">DEEZER<\/span>\n\t\t<\/span>\n\t\t\t\t\t<\/a>\n\t\t<\/div>\n\t\t\t\t<\/div>\n\t\t\t\t<\/div>\n\t\t\t\t\t\t<\/div>\n\t\t\t\t\t<\/div>\n\t\t<\/div>\n\t\t\t\t<div class=\"elementor-column elementor-col-25 elementor-top-column elementor-element elementor-element-63bd3a2\" data-id=\"63bd3a2\" data-element_type=\"column\">\n\t\t\t<div class=\"elementor-column-wrap elementor-element-populated\">\n\t\t\t\t\t\t\t<div class=\"elementor-widget-wrap\">\n\t\t\t\t\t\t<div class=\"elementor-element elementor-element-c64ff58 elementor-align-center elementor-widget elementor-widget-button\" data-id=\"c64ff58\" data-element_type=\"widget\" data-widget_type=\"button.default\">\n\t\t\t\t<div class=\"elementor-widget-container\">\n\t\t\t\t\t<div class=\"elementor-button-wrapper\">\n\t\t\t<a href=\"https:\/\/music.amazon.com\/albums\/B08GQBS8KG?trackAsin=B08GQC7SH6&#038;ref=dm_sh_b844-b592-dmcp-e996-32f09&#038;musicTerritory=US&#038;marketplaceId=ATVPDKIKX0DER\" class=\"elementor-button-link elementor-button elementor-size-sm\" role=\"button\">\n\t\t\t\t\t\t<span class=\"elementor-button-content-wrapper\">\n\t\t\t\t\t\t<span class=\"elementor-button-text\">AMAZON MUSIC<\/span>\n\t\t<\/span>\n\t\t\t\t\t<\/a>\n\t\t<\/div>\n\t\t\t\t<\/div>\n\t\t\t\t<\/div>\n\t\t\t\t\t\t<\/div>\n\t\t\t\t\t<\/div>\n\t\t<\/div>\n\t\t\t\t\t\t\t\t<\/div>\n\t\t\t\t\t<\/div>\n\t\t<\/section>\n\t\t\t\t<section class=\"elementor-section elementor-top-section elementor-element elementor-element-188d325 elementor-section-stretched elementor-section-boxed elementor-section-height-default elementor-section-height-default\" data-id=\"188d325\" data-element_type=\"section\" data-settings=\"{&quot;stretch_section&quot;:&quot;section-stretched&quot;,&quot;background_background&quot;:&quot;classic&quot;}\">\n\t\t\t\t\t\t<div class=\"elementor-container elementor-column-gap-default\">\n\t\t\t\t\t\t\t<div class=\"elementor-row\">\n\t\t\t\t\t<div class=\"elementor-column elementor-col-100 elementor-top-column elementor-element elementor-element-8a8036c\" data-id=\"8a8036c\" data-element_type=\"column\">\n\t\t\t<div class=\"elementor-column-wrap elementor-element-populated\">\n\t\t\t\t\t\t\t<div class=\"elementor-widget-wrap\">\n\t\t\t\t\t\t<div class=\"elementor-element elementor-element-9e8f081 elementor-widget elementor-widget-text-editor\" data-id=\"9e8f081\" data-element_type=\"widget\" data-widget_type=\"text-editor.default\">\n\t\t\t\t<div class=\"elementor-widget-container\">\n\t\t\t\t\t\t\t\t<div class=\"elementor-text-editor elementor-clearfix\">\n\t\t\t\t<div><p style=\"text-align: center;\"><span style=\"color: #ffffff;\">En esta vida est\u00e1 siempre el que tiene y no tiene<\/span><\/p><p style=\"text-align: center;\"><span style=\"color: #ffffff;\">El que tiene dinero y ni un enemigo tiene<\/span><\/p><p style=\"text-align: center;\"><span style=\"color: #ffffff;\">Est\u00e1 el que nace pobre y con amor siempre tiene<\/span><\/p><p style=\"text-align: center;\"><span style=\"color: #ffffff;\">Existe quien con solo ser feliz se sostiene<\/span><\/p><p style=\"text-align: center;\"><span style=\"color: #ffffff;\">Existe quien con fe le sale al paso al destino<\/span><\/p><p style=\"text-align: center;\"><span style=\"color: #ffffff;\">No importa que tan duro se le haga el camino<\/span><\/p><p style=\"text-align: center;\"><span style=\"color: #ffffff;\">La vuelta de la vida te convierte en quien eres<\/span><\/p><p style=\"text-align: center;\"><span style=\"color: #ffffff;\">Y ha orado porque todo no es como uno quiere<\/span><\/p><p style=\"text-align: center;\">\u00a0<\/p><p style=\"text-align: center;\"><span style=\"color: #ffffff;\">Y todo hay que pelearlo<\/span><\/p><p style=\"text-align: center;\"><span style=\"color: #ffffff;\">Nada es regalado<\/span><\/p><p style=\"text-align: center;\"><span style=\"color: #ffffff;\">Y todo lo que tengo<\/span><\/p><p style=\"text-align: center;\"><span style=\"color: #ffffff;\">Te juro lo he peleado<\/span><\/p><p style=\"text-align: center;\"><span style=\"color: #ffffff;\">Y toda esta pila de envidiosos<\/span><\/p><p style=\"text-align: center;\"><span style=\"color: #ffffff;\">Que se me hacen los pegados<\/span><\/p><p style=\"text-align: center;\"><span style=\"color: #ffffff;\">Pero yo no cojo lucha<\/span><\/p><p style=\"text-align: center;\"><span style=\"color: #ffffff;\">Yo tranquilo y enfocado<\/span><\/p><p style=\"text-align: center;\">\u00a0<\/p><p style=\"text-align: center;\"><span style=\"color: #ffffff;\">Las puertas se cerraban y yo entraba por la ventana<\/span><\/p><p style=\"text-align: center;\"><span style=\"color: #ffffff;\">Yo soy de barrio papi te calent\u00e9 La Habana<\/span><\/p><p style=\"text-align: center;\"><span style=\"color: #ffffff;\">El gordo se peg\u00f3 con barriga y con manana<\/span><\/p><p style=\"text-align: center;\"><span style=\"color: #ffffff;\">El flow que tengo vuela sin pasar aduana<\/span><\/p><p style=\"text-align: center;\"><span style=\"color: #ffffff;\">Soy el orgullo de mi gente de Marianao<\/span><\/p><p style=\"text-align: center;\"><span style=\"color: #ffffff;\">Pa grabar un tema no saben lo que he pasao<\/span><\/p><p style=\"text-align: center;\"><span style=\"color: #ffffff;\">Ahora no me critiquen porque estoy pegao<\/span><\/p><p style=\"text-align: center;\"><span style=\"color: #ffffff;\">Somos Los Yakuza, Denver y El Pesao<\/span><\/p><p style=\"text-align: center;\"><span style=\"color: #ffffff;\">Me met\u00ed en tu talla y Sal\u00ed de la m\u00eda<\/span><\/p><p style=\"text-align: center;\"><span style=\"color: #ffffff;\">Ahora valoro el hielo porque nunca hubo agua fr\u00eda<\/span><\/p><p style=\"text-align: center;\"><span style=\"color: #ffffff;\">Estoy de repartero si no lo sab\u00edas<\/span><\/p><p style=\"text-align: center;\"><span style=\"color: #ffffff;\">Al infinito y m\u00e1s all\u00e1 como dijo Buzz Lightyear<\/span><\/p><p style=\"text-align: center;\"><span style=\"color: #ffffff;\">Yo vengo de la sombra caminando bajo el sol<\/span><\/p><p style=\"text-align: center;\"><span style=\"color: #ffffff;\">Recuerda que el machete se funde con el calor<\/span><\/p><p style=\"text-align: center;\"><span style=\"color: #ffffff;\">Yo vengo de la esquina amigo del vendedor<\/span><\/p><p style=\"text-align: center;\"><span style=\"color: #ffffff;\">Aprend\u00ed que con las manos se come mejor<\/span><\/p><p style=\"text-align: center;\">\u00a0<\/p><p style=\"text-align: center;\"><span style=\"color: #ffffff;\">En esta vida est\u00e1 siempre el que tiene y no tiene<\/span><\/p><p style=\"text-align: center;\"><span style=\"color: #ffffff;\">El que tiene dinero y ni un enemigo tiene<\/span><\/p><p style=\"text-align: center;\"><span style=\"color: #ffffff;\">Est\u00e1 el que nace pobre y con amor siempre tiene<\/span><\/p><p style=\"text-align: center;\"><span style=\"color: #ffffff;\">Existe quien con solo ser feliz se sostiene<\/span><\/p><p style=\"text-align: center;\"><span style=\"color: #ffffff;\">Existe quien con fe le sale al paso al destino<\/span><\/p><p style=\"text-align: center;\"><span style=\"color: #ffffff;\">No importa que tan duro se le haga el camino<\/span><\/p><p style=\"text-align: center;\"><span style=\"color: #ffffff;\">La vuelta de la vida te convierte en quien eres<\/span><\/p><p style=\"text-align: center;\"><span style=\"color: #ffffff;\">Y ha orado porque todo no es como uno quiere<\/span><\/p><p style=\"text-align: center;\">\u00a0<\/p><p style=\"text-align: center;\"><span style=\"color: #ffffff;\">Y todo hay que pelearlo<\/span><\/p><p style=\"text-align: center;\"><span style=\"color: #ffffff;\">Nada es regalado<\/span><\/p><p style=\"text-align: center;\"><span style=\"color: #ffffff;\">Y todo lo que tengo<\/span><\/p><p style=\"text-align: center;\"><span style=\"color: #ffffff;\">todito lo he peleado<\/span><\/p><p style=\"text-align: center;\"><span style=\"color: #ffffff;\">Y toda esta pila de envidiosos<\/span><\/p><p style=\"text-align: center;\"><span style=\"color: #ffffff;\">Que se me hacen los pegados<\/span><\/p><p style=\"text-align: center;\"><span style=\"color: #ffffff;\">Pero yo no cojo lucha<\/span><\/p><p style=\"text-align: center;\"><span style=\"color: #ffffff;\">Yo tranquilo y enfocado<\/span><\/p><p style=\"text-align: center;\">\u00a0<\/p><p style=\"text-align: center;\"><span style=\"color: #ffffff;\">Ellos me dijeron cuando me baje del barco<\/span><\/p><p style=\"text-align: center;\"><span style=\"color: #ffffff;\">Que va a hacer con su flecha ahora si no tiene arco<\/span><\/p><p style=\"text-align: center;\"><span style=\"color: #ffffff;\">Me toc\u00f3 esperar, me toc\u00f3 confiar<\/span><\/p><p style=\"text-align: center;\"><span style=\"color: #ffffff;\">Y en 24 horas ya me quer\u00edan firmar<\/span><\/p><p style=\"text-align: center;\"><span style=\"color: #ffffff;\">en 48 estaba haciendo mi primer concierto<\/span><\/p><p style=\"text-align: center;\"><span style=\"color: #ffffff;\">Que por cierto ni yo mismo lo cre\u00eda<\/span><\/p><p style=\"text-align: center;\"><span style=\"color: #ffffff;\">Cuando vi los carros repletos de la gente m\u00eda<\/span><\/p><p style=\"text-align: center;\"><span style=\"color: #ffffff;\">Dici\u00e9ndome mi loco estamos aqu\u00ed estamos al d\u00eda<\/span><\/p><p style=\"text-align: center;\"><span style=\"color: #ffffff;\">Yo me lo propuse con tr\u00e1fico cruce<\/span><\/p><p style=\"text-align: center;\"><span style=\"color: #ffffff;\">Me dieron el don pero pa que abuse<\/span><\/p><p style=\"text-align: center;\"><span style=\"color: #ffffff;\">Me dieron papel y l\u00e1piz no lo pens\u00e9 ni 1 segundo<\/span><\/p><p style=\"text-align: center;\"><span style=\"color: #ffffff;\">Voy a quedarme con la isla despu\u00e9s voy para arriba del mundo<\/span><\/p><p style=\"text-align: center;\"><span style=\"color: #ffffff;\">Mi argumento, fundamento y trayectoria<\/span><\/p><p style=\"text-align: center;\"><span style=\"color: #ffffff;\">Derrotas, victorias, historias, batallas<\/span><\/p><p style=\"text-align: center;\"><span style=\"color: #ffffff;\">Los YK, Dachay, Denver, Harrison<\/span><\/p><p style=\"text-align: center;\"><span style=\"color: #ffffff;\">Los de las medallas<\/span><\/p><p style=\"text-align: center;\">\u00a0<\/p><p style=\"text-align: center;\"><span style=\"color: #ffffff;\">Hey, dachay<\/span><\/p><p style=\"text-align: center;\"><span style=\"color: #ffffff;\">Tu sabes lo yakuza<\/span><\/p><p style=\"text-align: center;\"><span style=\"color: #ffffff;\">T\u00fa lo conoces Denver<\/span><\/p><p style=\"text-align: center;\"><span style=\"color: #ffffff;\">La peseta que t\u00fa sabe abusa<\/span><\/p><p style=\"text-align: center;\"><span style=\"color: #ffffff;\">Po po po po po po po po<\/span><\/p><p style=\"text-align: center;\"><span style=\"color: #ffffff;\">La bandera del reparto soy yo y vamos pa haya<\/span><\/p><p style=\"text-align: center;\">\u00a0<\/p><p style=\"text-align: center;\"><span style=\"color: #ffffff;\">Y todo hay que pelearlo<\/span><\/p><p style=\"text-align: center;\"><span style=\"color: #ffffff;\">Nada es regalado<\/span><\/p><p style=\"text-align: center;\"><span style=\"color: #ffffff;\">Y todo lo que tengo<\/span><\/p><p style=\"text-align: center;\"><span style=\"color: #ffffff;\">Lo juro lo he peleado<\/span><\/p><p style=\"text-align: center;\"><span style=\"color: #ffffff;\">Y toda esta pila de envidiosos<\/span><\/p><p style=\"text-align: center;\"><span style=\"color: #ffffff;\">Que se me hacen los pegados<\/span><\/p><p style=\"text-align: center;\"><span style=\"color: #ffffff;\">Pero yo no cojo lucha<\/span><\/p><p style=\"text-align: center;\"><span style=\"color: #ffffff;\">Yo tranquilo y enfocado<\/span><\/p><p style=\"text-align: center;\">\u00a0<\/p><p style=\"text-align: center;\"><span style=\"color: #ffffff;\">Nosotros somos los yakuza<\/span><\/p><p style=\"text-align: center;\"><span style=\"color: #ffffff;\">Dile Harry dile Denver<\/span><\/p><p style=\"text-align: center;\"><span style=\"color: #ffffff;\">El es dachay<\/span><\/p><p style=\"text-align: center;\"><span style=\"color: #ffffff;\">Recuerda que ando con Pipo<\/span><\/p><p style=\"text-align: center;\"><span style=\"color: #ffffff;\">Di Benedetto Production<\/span><\/p><p style=\"text-align: center;\"><span style=\"color: #ffffff;\">Pa ti bebe<\/span><\/p><p style=\"text-align: center;\"><span style=\"color: #ffffff;\">Abdel la esencia<\/span><\/p><p style=\"text-align: center;\"><span style=\"color: #ffffff;\">Recuerda que yo ando con la esencia<\/span><\/p><p style=\"text-align: center;\"><span style=\"color: #ffffff;\">Dile Harry dile Denver dile brayan G<\/span><\/p><p style=\"text-align: center;\"><span style=\"color: #ffffff;\">Titan, nosotros somos los yakuza<\/span><\/p><\/div>\t\t\t\t\t<\/div>\n\t\t\t\t\t\t<\/div>\n\t\t\t\t<\/div>\n\t\t\t\t\t\t<\/div>\n\t\t\t\t\t<\/div>\n\t\t<\/div>\n\t\t\t\t\t\t\t\t<\/div>\n\t\t\t\t\t<\/div>\n\t\t<\/section>\n\t\t\t\t\t\t<\/div>\n\t\t\t\t\t\t<\/div>\n\t\t\t\t\t<\/div>\n\t\t","protected":false},"excerpt":{"rendered":"<p>SPOTIFY APPLE MUSIC DEEZER AMAZON MUSIC En esta vida est\u00e1 siempre el que tiene y no tiene El que tiene dinero y ni un enemigo tiene Est\u00e1 el que nace pobre y con amor siempre tiene Existe quien con solo ser feliz se sostiene Existe quien con fe le sale al paso al destino No.<\/p>\n","protected":false},"author":1,"featured_media":0,"parent":0,"menu_order":0,"comment_status":"closed","ping_status":"closed","template":"","meta":{"footnotes":""},"categories":[42],"tags":[],"class_list":["post-4315","page","type-page","status-publish","hentry","category-testi"],"yoast_head":"<!-- This site is optimized with the Yoast SEO plugin v19.6.1 - https:\/\/yoast.com\/wordpress\/plugins\/seo\/ -->\n<title>Respeto - Di Benedetto Productions<\/title>\n<meta name=\"robots\" content=\"index, follow, max-snippet:-1, max-image-preview:large, max-video-preview:-1\" \/>\n<link rel=\"canonical\" href=\"https:\/\/dibenedettoproductions.com\/?page_id=4315\" \/>\n<meta property=\"og:locale\" content=\"it_IT\" \/>\n<meta property=\"og:type\" content=\"article\" \/>\n<meta property=\"og:title\" content=\"Respeto - Di Benedetto Productions\" \/>\n<meta property=\"og:description\" content=\"SPOTIFY APPLE MUSIC DEEZER AMAZON MUSIC En esta vida est\u00e1 siempre el que tiene y no tiene El que tiene dinero y ni un enemigo tiene Est\u00e1 el que nace pobre y con amor siempre tiene Existe quien con solo ser feliz se sostiene Existe quien con fe le sale al paso al destino No.\" \/>\n<meta property=\"og:url\" content=\"https:\/\/dibenedettoproductions.com\/?page_id=4315\" \/>\n<meta property=\"og:site_name\" content=\"Di Benedetto Productions\" \/>\n<meta property=\"article:modified_time\" content=\"2021-08-06T07:05:15+00:00\" \/>\n<meta name=\"twitter:card\" content=\"summary_large_image\" \/>\n<meta name=\"twitter:label1\" content=\"Tempo di lettura stimato\" \/>\n\t<meta name=\"twitter:data1\" content=\"3 minuti\" \/>\n<script type=\"application\/ld+json\" class=\"yoast-schema-graph\">{\"@context\":\"https:\/\/schema.org\",\"@graph\":[{\"@type\":\"WebPage\",\"@id\":\"https:\/\/dibenedettoproductions.com\/?page_id=4315\",\"url\":\"https:\/\/dibenedettoproductions.com\/?page_id=4315\",\"name\":\"Respeto - Di Benedetto Productions\",\"isPartOf\":{\"@id\":\"https:\/\/dibenedettoproductions.com\/#website\"},\"datePublished\":\"2021-02-25T11:07:57+00:00\",\"dateModified\":\"2021-08-06T07:05:15+00:00\",\"breadcrumb\":{\"@id\":\"https:\/\/dibenedettoproductions.com\/?page_id=4315#breadcrumb\"},\"inLanguage\":\"it-IT\",\"potentialAction\":[{\"@type\":\"ReadAction\",\"target\":[\"https:\/\/dibenedettoproductions.com\/?page_id=4315\"]}]},{\"@type\":\"BreadcrumbList\",\"@id\":\"https:\/\/dibenedettoproductions.com\/?page_id=4315#breadcrumb\",\"itemListElement\":[{\"@type\":\"ListItem\",\"position\":1,\"name\":\"Home\",\"item\":\"https:\/\/dibenedettoproductions.com\/\"},{\"@type\":\"ListItem\",\"position\":2,\"name\":\"Respeto\"}]},{\"@type\":\"WebSite\",\"@id\":\"https:\/\/dibenedettoproductions.com\/#website\",\"url\":\"https:\/\/dibenedettoproductions.com\/\",\"name\":\"Di Benedetto Productions\",\"description\":\"\",\"publisher\":{\"@id\":\"https:\/\/dibenedettoproductions.com\/#organization\"},\"potentialAction\":[{\"@type\":\"SearchAction\",\"target\":{\"@type\":\"EntryPoint\",\"urlTemplate\":\"https:\/\/dibenedettoproductions.com\/?s={search_term_string}\"},\"query-input\":\"required name=search_term_string\"}],\"inLanguage\":\"it-IT\"},{\"@type\":\"Organization\",\"@id\":\"https:\/\/dibenedettoproductions.com\/#organization\",\"name\":\"DI BENEDETTO PRODUCTIONS\",\"url\":\"https:\/\/dibenedettoproductions.com\/\",\"sameAs\":[],\"logo\":{\"@type\":\"ImageObject\",\"inLanguage\":\"it-IT\",\"@id\":\"https:\/\/dibenedettoproductions.com\/#\/schema\/logo\/image\/\",\"url\":\"https:\/\/dibenedettoproductions.com\/wp-content\/uploads\/2021\/09\/logo_di_benedetto_productions.jpg\",\"contentUrl\":\"https:\/\/dibenedettoproductions.com\/wp-content\/uploads\/2021\/09\/logo_di_benedetto_productions.jpg\",\"width\":225,\"height\":225,\"caption\":\"DI BENEDETTO PRODUCTIONS\"},\"image\":{\"@id\":\"https:\/\/dibenedettoproductions.com\/#\/schema\/logo\/image\/\"}}]}<\/script>\n<!-- \/ Yoast SEO plugin. -->","yoast_head_json":{"title":"Respeto - Di Benedetto Productions","robots":{"index":"index","follow":"follow","max-snippet":"max-snippet:-1","max-image-preview":"max-image-preview:large","max-video-preview":"max-video-preview:-1"},"canonical":"https:\/\/dibenedettoproductions.com\/?page_id=4315","og_locale":"it_IT","og_type":"article","og_title":"Respeto - Di Benedetto Productions","og_description":"SPOTIFY APPLE MUSIC DEEZER AMAZON MUSIC En esta vida est\u00e1 siempre el que tiene y no tiene El que tiene dinero y ni un enemigo tiene Est\u00e1 el que nace pobre y con amor siempre tiene Existe quien con solo ser feliz se sostiene Existe quien con fe le sale al paso al destino No.","og_url":"https:\/\/dibenedettoproductions.com\/?page_id=4315","og_site_name":"Di Benedetto Productions","article_modified_time":"2021-08-06T07:05:15+00:00","twitter_card":"summary_large_image","twitter_misc":{"Tempo di lettura stimato":"3 minuti"},"schema":{"@context":"https:\/\/schema.org","@graph":[{"@type":"WebPage","@id":"https:\/\/dibenedettoproductions.com\/?page_id=4315","url":"https:\/\/dibenedettoproductions.com\/?page_id=4315","name":"Respeto - Di Benedetto Productions","isPartOf":{"@id":"https:\/\/dibenedettoproductions.com\/#website"},"datePublished":"2021-02-25T11:07:57+00:00","dateModified":"2021-08-06T07:05:15+00:00","breadcrumb":{"@id":"https:\/\/dibenedettoproductions.com\/?page_id=4315#breadcrumb"},"inLanguage":"it-IT","potentialAction":[{"@type":"ReadAction","target":["https:\/\/dibenedettoproductions.com\/?page_id=4315"]}]},{"@type":"BreadcrumbList","@id":"https:\/\/dibenedettoproductions.com\/?page_id=4315#breadcrumb","itemListElement":[{"@type":"ListItem","position":1,"name":"Home","item":"https:\/\/dibenedettoproductions.com\/"},{"@type":"ListItem","position":2,"name":"Respeto"}]},{"@type":"WebSite","@id":"https:\/\/dibenedettoproductions.com\/#website","url":"https:\/\/dibenedettoproductions.com\/","name":"Di Benedetto Productions","description":"","publisher":{"@id":"https:\/\/dibenedettoproductions.com\/#organization"},"potentialAction":[{"@type":"SearchAction","target":{"@type":"EntryPoint","urlTemplate":"https:\/\/dibenedettoproductions.com\/?s={search_term_string}"},"query-input":"required name=search_term_string"}],"inLanguage":"it-IT"},{"@type":"Organization","@id":"https:\/\/dibenedettoproductions.com\/#organization","name":"DI BENEDETTO PRODUCTIONS","url":"https:\/\/dibenedettoproductions.com\/","sameAs":[],"logo":{"@type":"ImageObject","inLanguage":"it-IT","@id":"https:\/\/dibenedettoproductions.com\/#\/schema\/logo\/image\/","url":"https:\/\/dibenedettoproductions.com\/wp-content\/uploads\/2021\/09\/logo_di_benedetto_productions.jpg","contentUrl":"https:\/\/dibenedettoproductions.com\/wp-content\/uploads\/2021\/09\/logo_di_benedetto_productions.jpg","width":225,"height":225,"caption":"DI BENEDETTO PRODUCTIONS"},"image":{"@id":"https:\/\/dibenedettoproductions.com\/#\/schema\/logo\/image\/"}}]}},"_links":{"self":[{"href":"https:\/\/dibenedettoproductions.com\/index.php?rest_route=\/wp\/v2\/pages\/4315","targetHints":{"allow":["GET"]}}],"collection":[{"href":"https:\/\/dibenedettoproductions.com\/index.php?rest_route=\/wp\/v2\/pages"}],"about":[{"href":"https:\/\/dibenedettoproductions.com\/index.php?rest_route=\/wp\/v2\/types\/page"}],"author":[{"embeddable":true,"href":"https:\/\/dibenedettoproductions.com\/index.php?rest_route=\/wp\/v2\/users\/1"}],"replies":[{"embeddable":true,"href":"https:\/\/dibenedettoproductions.com\/index.php?rest_route=%2Fwp%2Fv2%2Fcomments&post=4315"}],"version-history":[{"count":7,"href":"https:\/\/dibenedettoproductions.com\/index.php?rest_route=\/wp\/v2\/pages\/4315\/revisions"}],"predecessor-version":[{"id":5887,"href":"https:\/\/dibenedettoproductions.com\/index.php?rest_route=\/wp\/v2\/pages\/4315\/revisions\/5887"}],"wp:attachment":[{"href":"https:\/\/dibenedettoproductions.com\/index.php?rest_route=%2Fwp%2Fv2%2Fmedia&parent=4315"}],"wp:term":[{"taxonomy":"category","embeddable":true,"href":"https:\/\/dibenedettoproductions.com\/index.php?rest_route=%2Fwp%2Fv2%2Fcategories&post=4315"},{"taxonomy":"post_tag","embeddable":true,"href":"https:\/\/dibenedettoproductions.com\/index.php?rest_route=%2Fwp%2Fv2%2Ftags&post=4315"}],"curies":[{"name":"wp","href":"https:\/\/api.w.org\/{rel}","templated":true}]}}