{"id":4307,"date":"2021-02-25T11:05:50","date_gmt":"2021-02-25T11:05:50","guid":{"rendered":"https:\/\/dibenedettoproductions.com\/?page_id=4307"},"modified":"2021-08-06T07:04:41","modified_gmt":"2021-08-06T07:04:41","slug":"r-i-p-navidad","status":"publish","type":"page","link":"https:\/\/dibenedettoproductions.com\/?page_id=4307","title":{"rendered":"R.I.P Navidad"},"content":{"rendered":"\t\t<div data-elementor-type=\"wp-page\" data-elementor-id=\"4307\" class=\"elementor elementor-4307\" data-elementor-settings=\"[]\">\n\t\t\t\t\t\t<div class=\"elementor-inner\">\n\t\t\t\t\t\t\t<div class=\"elementor-section-wrap\">\n\t\t\t\t\t\t\t<section class=\"elementor-section elementor-top-section elementor-element elementor-element-8575e2b elementor-section-stretched elementor-section-boxed elementor-section-height-default elementor-section-height-default\" data-id=\"8575e2b\" data-element_type=\"section\" data-settings=\"{&quot;stretch_section&quot;:&quot;section-stretched&quot;,&quot;background_background&quot;:&quot;classic&quot;}\">\n\t\t\t\t\t\t<div class=\"elementor-container elementor-column-gap-default\">\n\t\t\t\t\t\t\t<div class=\"elementor-row\">\n\t\t\t\t\t<div class=\"elementor-column elementor-col-25 elementor-top-column elementor-element elementor-element-3277d87\" data-id=\"3277d87\" data-element_type=\"column\">\n\t\t\t<div class=\"elementor-column-wrap elementor-element-populated\">\n\t\t\t\t\t\t\t<div class=\"elementor-widget-wrap\">\n\t\t\t\t\t\t<div class=\"elementor-element elementor-element-039b436 elementor-align-center elementor-widget elementor-widget-button\" data-id=\"039b436\" data-element_type=\"widget\" data-widget_type=\"button.default\">\n\t\t\t\t<div class=\"elementor-widget-container\">\n\t\t\t\t\t<div class=\"elementor-button-wrapper\">\n\t\t\t<a href=\"https:\/\/open.spotify.com\/track\/65ZygVcAxXqFqsAt1fzmOn?si=uS8J8I6JQmWsG5X0L1yLCg%20\" class=\"elementor-button-link elementor-button elementor-size-sm\" role=\"button\">\n\t\t\t\t\t\t<span class=\"elementor-button-content-wrapper\">\n\t\t\t\t\t\t<span class=\"elementor-button-text\">SPOTIFY<\/span>\n\t\t<\/span>\n\t\t\t\t\t<\/a>\n\t\t<\/div>\n\t\t\t\t<\/div>\n\t\t\t\t<\/div>\n\t\t\t\t\t\t<\/div>\n\t\t\t\t\t<\/div>\n\t\t<\/div>\n\t\t\t\t<div class=\"elementor-column elementor-col-25 elementor-top-column elementor-element elementor-element-782eae9\" data-id=\"782eae9\" data-element_type=\"column\">\n\t\t\t<div class=\"elementor-column-wrap elementor-element-populated\">\n\t\t\t\t\t\t\t<div class=\"elementor-widget-wrap\">\n\t\t\t\t\t\t<div class=\"elementor-element elementor-element-ed1b052 elementor-align-center elementor-widget elementor-widget-button\" data-id=\"ed1b052\" data-element_type=\"widget\" data-widget_type=\"button.default\">\n\t\t\t\t<div class=\"elementor-widget-container\">\n\t\t\t\t\t<div class=\"elementor-button-wrapper\">\n\t\t\t<a href=\"https:\/\/music.apple.com\/us\/album\/r-i-p-navidad\/1491165865?i=1491165866\" class=\"elementor-button-link elementor-button elementor-size-sm\" role=\"button\">\n\t\t\t\t\t\t<span class=\"elementor-button-content-wrapper\">\n\t\t\t\t\t\t<span class=\"elementor-button-text\">APPLE MUSIC<\/span>\n\t\t<\/span>\n\t\t\t\t\t<\/a>\n\t\t<\/div>\n\t\t\t\t<\/div>\n\t\t\t\t<\/div>\n\t\t\t\t\t\t<\/div>\n\t\t\t\t\t<\/div>\n\t\t<\/div>\n\t\t\t\t<div class=\"elementor-column elementor-col-25 elementor-top-column elementor-element elementor-element-97347e0\" data-id=\"97347e0\" data-element_type=\"column\">\n\t\t\t<div class=\"elementor-column-wrap elementor-element-populated\">\n\t\t\t\t\t\t\t<div class=\"elementor-widget-wrap\">\n\t\t\t\t\t\t<div class=\"elementor-element elementor-element-f5d5851 elementor-align-center elementor-widget elementor-widget-button\" data-id=\"f5d5851\" data-element_type=\"widget\" data-widget_type=\"button.default\">\n\t\t\t\t<div class=\"elementor-widget-container\">\n\t\t\t\t\t<div class=\"elementor-button-wrapper\">\n\t\t\t<a href=\"https:\/\/deezer.page.link\/YxS41LUajtFs6R129%20\" class=\"elementor-button-link elementor-button elementor-size-sm\" role=\"button\">\n\t\t\t\t\t\t<span class=\"elementor-button-content-wrapper\">\n\t\t\t\t\t\t<span class=\"elementor-button-text\">DEEZER<\/span>\n\t\t<\/span>\n\t\t\t\t\t<\/a>\n\t\t<\/div>\n\t\t\t\t<\/div>\n\t\t\t\t<\/div>\n\t\t\t\t\t\t<\/div>\n\t\t\t\t\t<\/div>\n\t\t<\/div>\n\t\t\t\t<div class=\"elementor-column elementor-col-25 elementor-top-column elementor-element elementor-element-db27737\" data-id=\"db27737\" data-element_type=\"column\">\n\t\t\t<div class=\"elementor-column-wrap elementor-element-populated\">\n\t\t\t\t\t\t\t<div class=\"elementor-widget-wrap\">\n\t\t\t\t\t\t<div class=\"elementor-element elementor-element-e08abd9 elementor-align-center elementor-widget elementor-widget-button\" data-id=\"e08abd9\" data-element_type=\"widget\" data-widget_type=\"button.default\">\n\t\t\t\t<div class=\"elementor-widget-container\">\n\t\t\t\t\t<div class=\"elementor-button-wrapper\">\n\t\t\t<a href=\"https:\/\/music.amazon.com\/albums\/B082MPTRVW?trackAsin=B082MP4HDC&#038;ref=dm_sh_7892-82a4-dmcp-9535-70131&#038;musicTerritory=US&#038;marketplaceId=ATVPDKIKX0DER%20\" class=\"elementor-button-link elementor-button elementor-size-sm\" role=\"button\">\n\t\t\t\t\t\t<span class=\"elementor-button-content-wrapper\">\n\t\t\t\t\t\t<span class=\"elementor-button-text\">AMAZON MUSIC<\/span>\n\t\t<\/span>\n\t\t\t\t\t<\/a>\n\t\t<\/div>\n\t\t\t\t<\/div>\n\t\t\t\t<\/div>\n\t\t\t\t\t\t<\/div>\n\t\t\t\t\t<\/div>\n\t\t<\/div>\n\t\t\t\t\t\t\t\t<\/div>\n\t\t\t\t\t<\/div>\n\t\t<\/section>\n\t\t\t\t<section class=\"elementor-section elementor-top-section elementor-element elementor-element-de4f8d4 elementor-section-stretched elementor-section-boxed elementor-section-height-default elementor-section-height-default\" data-id=\"de4f8d4\" data-element_type=\"section\" data-settings=\"{&quot;stretch_section&quot;:&quot;section-stretched&quot;,&quot;background_background&quot;:&quot;classic&quot;}\">\n\t\t\t\t\t\t<div class=\"elementor-container elementor-column-gap-default\">\n\t\t\t\t\t\t\t<div class=\"elementor-row\">\n\t\t\t\t\t<div class=\"elementor-column elementor-col-100 elementor-top-column elementor-element elementor-element-12a986a\" data-id=\"12a986a\" data-element_type=\"column\">\n\t\t\t<div class=\"elementor-column-wrap elementor-element-populated\">\n\t\t\t\t\t\t\t<div class=\"elementor-widget-wrap\">\n\t\t\t\t\t\t<div class=\"elementor-element elementor-element-36dfddf elementor-widget elementor-widget-text-editor\" data-id=\"36dfddf\" data-element_type=\"widget\" data-widget_type=\"text-editor.default\">\n\t\t\t\t<div class=\"elementor-widget-container\">\n\t\t\t\t\t\t\t\t<div class=\"elementor-text-editor elementor-clearfix\">\n\t\t\t\t<div><p style=\"text-align: center;\"><span style=\"color: #ffffff;\">\u00c9ste a\u00f1o se han portado muy bien<\/span><\/p><p style=\"text-align: center;\"><span style=\"color: #ffffff;\">se merecen muchos regalos<\/span><\/p><p style=\"text-align: center;\"><span style=\"color: #ffffff;\">hoy es 24 de diciembre y es hora de decirles la verdad<\/span><\/p><p style=\"text-align: center;\"><span style=\"color: #ffffff;\">llegaron los Yakuza esta Navidad<\/span><\/p><p style=\"text-align: center;\">\u00a0<\/p><p style=\"text-align: center;\"><span style=\"color: #ffffff;\">Querido santa este a\u00f1o coronamos<\/span><\/p><p style=\"text-align: center;\"><span style=\"color: #ffffff;\">siendo derecho le batimos a las dos mano<\/span><\/p><p style=\"text-align: center;\"><span style=\"color: #ffffff;\">se jodieron ya se unieron los hermanos<\/span><\/p><p style=\"text-align: center;\"><span style=\"color: #ffffff;\">Benedetto nos firm\u00f3 y sin trabajo los dejamos<\/span><\/p><p style=\"text-align: center;\"><span style=\"color: #ffffff;\">de la esquina loco yo sal\u00ed del barrio<\/span><\/p><p style=\"text-align: center;\"><span style=\"color: #ffffff;\">mientras t\u00fa dorm\u00edas yo escrib\u00eda sin horario<\/span><\/p><p style=\"text-align: center;\"><span style=\"color: #ffffff;\">yo canto por pasi\u00f3n no canto por salario<\/span><\/p><p style=\"text-align: center;\"><span style=\"color: #ffffff;\">a ti no te descargan y tu amigo imaginario<\/span><\/p><p style=\"text-align: center;\"><span style=\"color: #ffffff;\">\u00e1brame paso llego Santa 24 12 y no me aguanta<\/span><\/p><p style=\"text-align: center;\"><span style=\"color: #ffffff;\">recuerda nunca midas un carro bueno por las llantas<\/span><\/p><p style=\"text-align: center;\"><span style=\"color: #ffffff;\">por m\u00e1s que crezca un \u00e1rbol hay que cuidar la planta<\/span><\/p><p style=\"text-align: center;\"><span style=\"color: #ffffff;\">y yo cuide mi voz que hijo puta es mi garganta<\/span><\/p><p style=\"text-align: center;\"><span style=\"color: #ffffff;\">El rapero mas cabr\u00f3n nacido en los 90<\/span><\/p><p style=\"text-align: center;\"><span style=\"color: #ffffff;\">de Yago de ganga millonario antes de los 30<\/span><\/p><p style=\"text-align: center;\"><span style=\"color: #ffffff;\">ni conceptos y principios est\u00e1n venta<\/span><\/p><p style=\"text-align: center;\"><span style=\"color: #ffffff;\">solo ando como H\u00e9ctor con un combo de 70<\/span><\/p><p style=\"text-align: center;\"><span style=\"color: #ffffff;\">firmamos con Benedetto y el ahora est\u00e1 contento<\/span><\/p><p style=\"text-align: center;\"><span style=\"color: #ffffff;\">seguimos creciendo y la carrera van en aumento<\/span><\/p><p style=\"text-align: center;\"><span style=\"color: #ffffff;\">te juro de tu envidia me alimento<\/span><\/p><p style=\"text-align: center;\"><span style=\"color: #ffffff;\">Yakuza no es el Flow Yakuza es el movimiento<\/span><\/p><p style=\"text-align: center;\"><span style=\"color: #ffffff;\">en Spotify mi n\u00famero crece mi Flow de renta<\/span><\/p><p style=\"text-align: center;\"><span style=\"color: #ffffff;\">te botaron mi paisano porque no diste la cuenta<\/span><\/p><p style=\"text-align: center;\"><span style=\"color: #ffffff;\">Rapeando a 4K t\u00fa todav\u00eda entras a c\u00e1mara lenta<\/span><\/p><p style=\"text-align: center;\"><span style=\"color: #ffffff;\">el maldito santa que el demonio alimenta<\/span><\/p><p style=\"text-align: center;\"><span style=\"color: #ffffff;\">ahora me tiran los estudios no basta un solo artista<\/span><\/p><p style=\"text-align: center;\"><span style=\"color: #ffffff;\">cuidado estoy soldando vas a perder la vista<\/span><\/p><p style=\"text-align: center;\"><span style=\"color: #ffffff;\">te da vuelta la cabeza esto parece el exorcista<\/span><\/p><p style=\"text-align: center;\"><span style=\"color: #ffffff;\">y yo sigo subiendo Flow de Dios como alpinista<\/span><\/p><p style=\"text-align: center;\">\u00a0<\/p><p style=\"text-align: center;\"><span style=\"color: #ffffff;\">Santa santa santa santa<\/span><\/p><p style=\"text-align: center;\"><span style=\"color: #ffffff;\">Bienvenido al cielo pon los pies en la pel\u00edcula<\/span><\/p><p style=\"text-align: center;\"><span style=\"color: #ffffff;\">Santa santa santa santa<\/span><\/p><p style=\"text-align: center;\"><span style=\"color: #ffffff;\">lo prometido es deuda feliz Navidad<\/span><\/p><p style=\"text-align: center;\"><span style=\"color: #ffffff;\">y el presente soy yo ooo ooo oo<\/span><\/p><p style=\"text-align: center;\"><span style=\"color: #ffffff;\">Y el presente soy yo ooo ooo oo<\/span><\/p><p style=\"text-align: center;\"><span style=\"color: #ffffff;\">feliz Navidad<\/span><\/p><p style=\"text-align: center;\">\u00a0<\/p><p style=\"text-align: center;\"><span style=\"color: #ffffff;\">Di el concierto lleno por capacidad<\/span><\/p><p style=\"text-align: center;\"><span style=\"color: #ffffff;\">lo que antes era un sue\u00f1o ahora es realidad<\/span><\/p><p style=\"text-align: center;\"><span style=\"color: #ffffff;\">la gente se tat\u00faa el logo de los yk<\/span><\/p><p style=\"text-align: center;\"><span style=\"color: #ffffff;\">para todos estos hijos de puta lleg\u00f3 la navidad<\/span><\/p><p style=\"text-align: center;\"><span style=\"color: #ffffff;\">ahora salgo por trapeton y con omairy me comparan<\/span><\/p><p style=\"text-align: center;\"><span style=\"color: #ffffff;\">tengo mi propio Flow al gordo nadie lo para<\/span><\/p><p style=\"text-align: center;\"><span style=\"color: #ffffff;\">los tengo todos ti eso les va a salir escaras<\/span><\/p><p style=\"text-align: center;\"><span style=\"color: #ffffff;\">ando tumbando mango sin usar la barra<\/span><\/p><p style=\"text-align: center;\"><span style=\"color: #ffffff;\">yo de esta lloro mi Flow est\u00e1 bien caro como el oro<\/span><\/p><p style=\"text-align: center;\"><span style=\"color: #ffffff;\">y de este mortal kombat me siento el fuckin Goro<\/span><\/p><p style=\"text-align: center;\"><span style=\"color: #ffffff;\">el pirata del Caribe que se rob\u00f3 el tesoro<\/span><\/p><p style=\"text-align: center;\"><span style=\"color: #ffffff;\">y si naciste para corista siempre vas hacer el coro<\/span><\/p><p style=\"text-align: center;\"><span style=\"color: #ffffff;\">me dicen copiador y que yo imito a Puerto Rico<\/span><\/p><p style=\"text-align: center;\"><span style=\"color: #ffffff;\">mano no es que imite es que tengo Flow maldito<\/span><\/p><p style=\"text-align: center;\"><span style=\"color: #ffffff;\">recuerda que con H\u00e9ctor siempre andaba Tito<\/span><\/p><p style=\"text-align: center;\"><span style=\"color: #ffffff;\">el gordo se peg\u00f3 de nuevo te lo repito<\/span><\/p><p style=\"text-align: center;\"><span style=\"color: #ffffff;\">yo soy el espejo donde todos ustedes se miran<\/span><\/p><p style=\"text-align: center;\"><span style=\"color: #ffffff;\">no tengo la culpa yo s\u00e9 que todos me miran<\/span><\/p><p style=\"text-align: center;\"><span style=\"color: #ffffff;\">yo la F de Fendi t\u00fa la F de Fila<\/span><\/p><p style=\"text-align: center;\"><span style=\"color: #ffffff;\">quisieran ser el Titan por eso es que me tiran<\/span><\/p><p style=\"text-align: center;\"><span style=\"color: #ffffff;\">sigo siendo el ancla que sostiene el bote<\/span><\/p><p style=\"text-align: center;\"><span style=\"color: #ffffff;\">para hacer un edificio primero se empieza por poner un bloque<\/span><\/p><p style=\"text-align: center;\"><span style=\"color: #ffffff;\">la torre cuida al rey y en peligro se hace enroque<\/span><\/p><p style=\"text-align: center;\"><span style=\"color: #ffffff;\">ustedes son cantante pero de karaoke<\/span><\/p><p style=\"text-align: center;\"><span style=\"color: #ffffff;\">ellos me est\u00e1n tirando y ninguno tiene letra<\/span><\/p><p style=\"text-align: center;\"><span style=\"color: #ffffff;\">a d\u00f3nde hemos ca\u00eddo ponle empe\u00f1o a la libreta<\/span><\/p><p style=\"text-align: center;\"><span style=\"color: #ffffff;\">ll\u00e1mame pa tirarme para escribirte yo la letra<\/span><\/p><p style=\"text-align: center;\"><span style=\"color: #ffffff;\">Y para todos estos raperitos lleg\u00f3 el monstruo de la galleta<\/span><\/p><p style=\"text-align: center;\">\u00a0<\/p><p style=\"text-align: center;\"><span style=\"color: #ffffff;\">Santa santa santa santa<\/span><\/p><p style=\"text-align: center;\"><span style=\"color: #ffffff;\">Bienvenido al cielo ponle Play a la pel\u00edcula<\/span><\/p><p style=\"text-align: center;\"><span style=\"color: #ffffff;\">santa santa santa santa<\/span><\/p><p style=\"text-align: center;\"><span style=\"color: #ffffff;\">Lo prometido es deuda Feliz Navidad<\/span><\/p><p style=\"text-align: center;\"><span style=\"color: #ffffff;\">Y el presente soy yo oo ooo ooo oo<\/span><\/p><p style=\"text-align: center;\"><span style=\"color: #ffffff;\">Y el presente soy yo oo ooo ooo oo<\/span><\/p><p style=\"text-align: center;\">\u00a0<\/p><p style=\"text-align: center;\"><span style=\"color: #ffffff;\">D\u00edmelo Dachay nosotros somos los Yakuza<\/span><\/p><p style=\"text-align: center;\"><span style=\"color: #ffffff;\">Di Benedetto Production d\u00edselo Victorio dile Nico d\u00edselo franci<\/span><\/p><p style=\"text-align: center;\"><span style=\"color: #ffffff;\">dile c\u00f3mo est\u00e1n tus t\u00edos haciendo esto<\/span><\/p><p style=\"text-align: center;\"><span style=\"color: #ffffff;\">Te rapeamos en varios g\u00e9neros para que t\u00fa sepas c\u00f3mo es que nosotros lo hacemos<\/span><\/p><p style=\"text-align: center;\"><span style=\"color: #ffffff;\">Y si lo hacemos en este estoy seguro que tambi\u00e9n te vamos a pasar por arriba<\/span><\/p><p style=\"text-align: center;\"><span style=\"color: #ffffff;\">Espero que el pr\u00f3ximo a\u00f1o las bendiciones se mantengan como se mantuvieron en este<\/span><\/p><p style=\"text-align: center;\"><span style=\"color: #ffffff;\">Nosotros somos los Yakuza muchas gracias a todos los que estuvieron al lado<\/span><\/p><p style=\"text-align: center;\"><span style=\"color: #ffffff;\">D\u00edmelo aysan D\u00edmelo John K ah<\/span><\/p><p style=\"text-align: center;\"><span style=\"color: #ffffff;\">y si me meto en esta talla tambi\u00e9n te voy a pasar por arriba<\/span><\/p><p style=\"text-align: center;\"><span style=\"color: #ffffff;\">para ti bebe para ti bebe<\/span><\/p><p style=\"text-align: center;\"><span style=\"color: #ffffff;\">D\u00edmelo Abdel la esencia<\/span><\/p><p style=\"text-align: center;\"><span style=\"color: #ffffff;\">D\u00edmelo toda la gente del barrio<\/span><\/p><p style=\"text-align: center;\"><span style=\"color: #ffffff;\">d\u00edselo Dayan<\/span><\/p><p style=\"text-align: center;\"><span style=\"color: #ffffff;\">Y s\u00edguelo pas\u00e1ndolo por el WhatsApp<\/span><\/p><p style=\"text-align: center;\"><span style=\"color: #ffffff;\">en f\u00f3rmula 1 \u00d7 31<\/span><\/p><p style=\"text-align: center;\"><span style=\"color: #ffffff;\">nosotros somos los Yakuza<\/span><\/p><p style=\"text-align: center;\"><span style=\"color: #ffffff;\">Raymel t\u00fa crees que ellos est\u00e9n preparados para lo que viene en el 2020<\/span><\/p><p style=\"text-align: center;\"><span style=\"color: #ffffff;\">andamos como curry en el baloncesto Bienvenido a nuestro mundo ni\u00f1o<\/span><\/p><\/div>\t\t\t\t\t<\/div>\n\t\t\t\t\t\t<\/div>\n\t\t\t\t<\/div>\n\t\t\t\t\t\t<\/div>\n\t\t\t\t\t<\/div>\n\t\t<\/div>\n\t\t\t\t\t\t\t\t<\/div>\n\t\t\t\t\t<\/div>\n\t\t<\/section>\n\t\t\t\t\t\t<\/div>\n\t\t\t\t\t\t<\/div>\n\t\t\t\t\t<\/div>\n\t\t","protected":false},"excerpt":{"rendered":"<p>SPOTIFY APPLE MUSIC DEEZER AMAZON MUSIC \u00c9ste a\u00f1o se han portado muy bien se merecen muchos regalos hoy es 24 de diciembre y es hora de decirles la verdad llegaron los Yakuza esta Navidad \u00a0 Querido santa este a\u00f1o coronamos siendo derecho le batimos a las dos mano se jodieron ya se unieron los hermanos.<\/p>\n","protected":false},"author":1,"featured_media":0,"parent":0,"menu_order":0,"comment_status":"closed","ping_status":"closed","template":"","meta":{"footnotes":""},"categories":[42],"tags":[],"class_list":["post-4307","page","type-page","status-publish","hentry","category-testi"],"yoast_head":"<!-- This site is optimized with the Yoast SEO plugin v19.6.1 - https:\/\/yoast.com\/wordpress\/plugins\/seo\/ -->\n<title>R.I.P Navidad - Di Benedetto Productions<\/title>\n<meta name=\"robots\" content=\"index, follow, max-snippet:-1, max-image-preview:large, max-video-preview:-1\" \/>\n<link rel=\"canonical\" href=\"https:\/\/dibenedettoproductions.com\/?page_id=4307\" \/>\n<meta property=\"og:locale\" content=\"it_IT\" \/>\n<meta property=\"og:type\" content=\"article\" \/>\n<meta property=\"og:title\" content=\"R.I.P Navidad - Di Benedetto Productions\" \/>\n<meta property=\"og:description\" content=\"SPOTIFY APPLE MUSIC DEEZER AMAZON MUSIC \u00c9ste a\u00f1o se han portado muy bien se merecen muchos regalos hoy es 24 de diciembre y es hora de decirles la verdad llegaron los Yakuza esta Navidad \u00a0 Querido santa este a\u00f1o coronamos siendo derecho le batimos a las dos mano se jodieron ya se unieron los hermanos.\" \/>\n<meta property=\"og:url\" content=\"https:\/\/dibenedettoproductions.com\/?page_id=4307\" \/>\n<meta property=\"og:site_name\" content=\"Di Benedetto Productions\" \/>\n<meta property=\"article:modified_time\" content=\"2021-08-06T07:04:41+00:00\" \/>\n<meta name=\"twitter:card\" content=\"summary_large_image\" \/>\n<meta name=\"twitter:label1\" content=\"Tempo di lettura stimato\" \/>\n\t<meta name=\"twitter:data1\" content=\"4 minuti\" \/>\n<script type=\"application\/ld+json\" class=\"yoast-schema-graph\">{\"@context\":\"https:\/\/schema.org\",\"@graph\":[{\"@type\":\"WebPage\",\"@id\":\"https:\/\/dibenedettoproductions.com\/?page_id=4307\",\"url\":\"https:\/\/dibenedettoproductions.com\/?page_id=4307\",\"name\":\"R.I.P Navidad - Di Benedetto Productions\",\"isPartOf\":{\"@id\":\"https:\/\/dibenedettoproductions.com\/#website\"},\"datePublished\":\"2021-02-25T11:05:50+00:00\",\"dateModified\":\"2021-08-06T07:04:41+00:00\",\"breadcrumb\":{\"@id\":\"https:\/\/dibenedettoproductions.com\/?page_id=4307#breadcrumb\"},\"inLanguage\":\"it-IT\",\"potentialAction\":[{\"@type\":\"ReadAction\",\"target\":[\"https:\/\/dibenedettoproductions.com\/?page_id=4307\"]}]},{\"@type\":\"BreadcrumbList\",\"@id\":\"https:\/\/dibenedettoproductions.com\/?page_id=4307#breadcrumb\",\"itemListElement\":[{\"@type\":\"ListItem\",\"position\":1,\"name\":\"Home\",\"item\":\"https:\/\/dibenedettoproductions.com\/\"},{\"@type\":\"ListItem\",\"position\":2,\"name\":\"R.I.P Navidad\"}]},{\"@type\":\"WebSite\",\"@id\":\"https:\/\/dibenedettoproductions.com\/#website\",\"url\":\"https:\/\/dibenedettoproductions.com\/\",\"name\":\"Di Benedetto Productions\",\"description\":\"\",\"publisher\":{\"@id\":\"https:\/\/dibenedettoproductions.com\/#organization\"},\"potentialAction\":[{\"@type\":\"SearchAction\",\"target\":{\"@type\":\"EntryPoint\",\"urlTemplate\":\"https:\/\/dibenedettoproductions.com\/?s={search_term_string}\"},\"query-input\":\"required name=search_term_string\"}],\"inLanguage\":\"it-IT\"},{\"@type\":\"Organization\",\"@id\":\"https:\/\/dibenedettoproductions.com\/#organization\",\"name\":\"DI BENEDETTO PRODUCTIONS\",\"url\":\"https:\/\/dibenedettoproductions.com\/\",\"sameAs\":[],\"logo\":{\"@type\":\"ImageObject\",\"inLanguage\":\"it-IT\",\"@id\":\"https:\/\/dibenedettoproductions.com\/#\/schema\/logo\/image\/\",\"url\":\"https:\/\/dibenedettoproductions.com\/wp-content\/uploads\/2021\/09\/logo_di_benedetto_productions.jpg\",\"contentUrl\":\"https:\/\/dibenedettoproductions.com\/wp-content\/uploads\/2021\/09\/logo_di_benedetto_productions.jpg\",\"width\":225,\"height\":225,\"caption\":\"DI BENEDETTO PRODUCTIONS\"},\"image\":{\"@id\":\"https:\/\/dibenedettoproductions.com\/#\/schema\/logo\/image\/\"}}]}<\/script>\n<!-- \/ Yoast SEO plugin. -->","yoast_head_json":{"title":"R.I.P Navidad - Di Benedetto Productions","robots":{"index":"index","follow":"follow","max-snippet":"max-snippet:-1","max-image-preview":"max-image-preview:large","max-video-preview":"max-video-preview:-1"},"canonical":"https:\/\/dibenedettoproductions.com\/?page_id=4307","og_locale":"it_IT","og_type":"article","og_title":"R.I.P Navidad - Di Benedetto Productions","og_description":"SPOTIFY APPLE MUSIC DEEZER AMAZON MUSIC \u00c9ste a\u00f1o se han portado muy bien se merecen muchos regalos hoy es 24 de diciembre y es hora de decirles la verdad llegaron los Yakuza esta Navidad \u00a0 Querido santa este a\u00f1o coronamos siendo derecho le batimos a las dos mano se jodieron ya se unieron los hermanos.","og_url":"https:\/\/dibenedettoproductions.com\/?page_id=4307","og_site_name":"Di Benedetto Productions","article_modified_time":"2021-08-06T07:04:41+00:00","twitter_card":"summary_large_image","twitter_misc":{"Tempo di lettura stimato":"4 minuti"},"schema":{"@context":"https:\/\/schema.org","@graph":[{"@type":"WebPage","@id":"https:\/\/dibenedettoproductions.com\/?page_id=4307","url":"https:\/\/dibenedettoproductions.com\/?page_id=4307","name":"R.I.P Navidad - Di Benedetto Productions","isPartOf":{"@id":"https:\/\/dibenedettoproductions.com\/#website"},"datePublished":"2021-02-25T11:05:50+00:00","dateModified":"2021-08-06T07:04:41+00:00","breadcrumb":{"@id":"https:\/\/dibenedettoproductions.com\/?page_id=4307#breadcrumb"},"inLanguage":"it-IT","potentialAction":[{"@type":"ReadAction","target":["https:\/\/dibenedettoproductions.com\/?page_id=4307"]}]},{"@type":"BreadcrumbList","@id":"https:\/\/dibenedettoproductions.com\/?page_id=4307#breadcrumb","itemListElement":[{"@type":"ListItem","position":1,"name":"Home","item":"https:\/\/dibenedettoproductions.com\/"},{"@type":"ListItem","position":2,"name":"R.I.P Navidad"}]},{"@type":"WebSite","@id":"https:\/\/dibenedettoproductions.com\/#website","url":"https:\/\/dibenedettoproductions.com\/","name":"Di Benedetto Productions","description":"","publisher":{"@id":"https:\/\/dibenedettoproductions.com\/#organization"},"potentialAction":[{"@type":"SearchAction","target":{"@type":"EntryPoint","urlTemplate":"https:\/\/dibenedettoproductions.com\/?s={search_term_string}"},"query-input":"required name=search_term_string"}],"inLanguage":"it-IT"},{"@type":"Organization","@id":"https:\/\/dibenedettoproductions.com\/#organization","name":"DI BENEDETTO PRODUCTIONS","url":"https:\/\/dibenedettoproductions.com\/","sameAs":[],"logo":{"@type":"ImageObject","inLanguage":"it-IT","@id":"https:\/\/dibenedettoproductions.com\/#\/schema\/logo\/image\/","url":"https:\/\/dibenedettoproductions.com\/wp-content\/uploads\/2021\/09\/logo_di_benedetto_productions.jpg","contentUrl":"https:\/\/dibenedettoproductions.com\/wp-content\/uploads\/2021\/09\/logo_di_benedetto_productions.jpg","width":225,"height":225,"caption":"DI BENEDETTO PRODUCTIONS"},"image":{"@id":"https:\/\/dibenedettoproductions.com\/#\/schema\/logo\/image\/"}}]}},"_links":{"self":[{"href":"https:\/\/dibenedettoproductions.com\/index.php?rest_route=\/wp\/v2\/pages\/4307","targetHints":{"allow":["GET"]}}],"collection":[{"href":"https:\/\/dibenedettoproductions.com\/index.php?rest_route=\/wp\/v2\/pages"}],"about":[{"href":"https:\/\/dibenedettoproductions.com\/index.php?rest_route=\/wp\/v2\/types\/page"}],"author":[{"embeddable":true,"href":"https:\/\/dibenedettoproductions.com\/index.php?rest_route=\/wp\/v2\/users\/1"}],"replies":[{"embeddable":true,"href":"https:\/\/dibenedettoproductions.com\/index.php?rest_route=%2Fwp%2Fv2%2Fcomments&post=4307"}],"version-history":[{"count":7,"href":"https:\/\/dibenedettoproductions.com\/index.php?rest_route=\/wp\/v2\/pages\/4307\/revisions"}],"predecessor-version":[{"id":5872,"href":"https:\/\/dibenedettoproductions.com\/index.php?rest_route=\/wp\/v2\/pages\/4307\/revisions\/5872"}],"wp:attachment":[{"href":"https:\/\/dibenedettoproductions.com\/index.php?rest_route=%2Fwp%2Fv2%2Fmedia&parent=4307"}],"wp:term":[{"taxonomy":"category","embeddable":true,"href":"https:\/\/dibenedettoproductions.com\/index.php?rest_route=%2Fwp%2Fv2%2Fcategories&post=4307"},{"taxonomy":"post_tag","embeddable":true,"href":"https:\/\/dibenedettoproductions.com\/index.php?rest_route=%2Fwp%2Fv2%2Ftags&post=4307"}],"curies":[{"name":"wp","href":"https:\/\/api.w.org\/{rel}","templated":true}]}}