{"id":4299,"date":"2021-02-25T11:03:25","date_gmt":"2021-02-25T11:03:25","guid":{"rendered":"https:\/\/dibenedettoproductions.com\/?page_id=4299"},"modified":"2021-08-06T07:04:31","modified_gmt":"2021-08-06T07:04:31","slug":"que-viva-shango","status":"publish","type":"page","link":"https:\/\/dibenedettoproductions.com\/?page_id=4299","title":{"rendered":"Que Viva Shang\u00f3"},"content":{"rendered":"\t\t<div data-elementor-type=\"wp-page\" data-elementor-id=\"4299\" class=\"elementor elementor-4299\" data-elementor-settings=\"[]\">\n\t\t\t\t\t\t<div class=\"elementor-inner\">\n\t\t\t\t\t\t\t<div class=\"elementor-section-wrap\">\n\t\t\t\t\t\t\t<section class=\"elementor-section elementor-top-section elementor-element elementor-element-9eca541 elementor-section-stretched elementor-section-boxed elementor-section-height-default elementor-section-height-default\" data-id=\"9eca541\" data-element_type=\"section\" data-settings=\"{&quot;stretch_section&quot;:&quot;section-stretched&quot;,&quot;background_background&quot;:&quot;classic&quot;}\">\n\t\t\t\t\t\t<div class=\"elementor-container elementor-column-gap-default\">\n\t\t\t\t\t\t\t<div class=\"elementor-row\">\n\t\t\t\t\t<div class=\"elementor-column elementor-col-25 elementor-top-column elementor-element elementor-element-1889bc9\" data-id=\"1889bc9\" data-element_type=\"column\">\n\t\t\t<div class=\"elementor-column-wrap elementor-element-populated\">\n\t\t\t\t\t\t\t<div class=\"elementor-widget-wrap\">\n\t\t\t\t\t\t<div class=\"elementor-element elementor-element-4cd41d9 elementor-align-center elementor-widget elementor-widget-button\" data-id=\"4cd41d9\" data-element_type=\"widget\" data-widget_type=\"button.default\">\n\t\t\t\t<div class=\"elementor-widget-container\">\n\t\t\t\t\t<div class=\"elementor-button-wrapper\">\n\t\t\t<a href=\"https:\/\/open.spotify.com\/track\/5moTwPS0AZT6YoHzRGjqbo?si=5zZCx6JcRvCH4nu4IYTKvA%20\" class=\"elementor-button-link elementor-button elementor-size-sm\" role=\"button\">\n\t\t\t\t\t\t<span class=\"elementor-button-content-wrapper\">\n\t\t\t\t\t\t<span class=\"elementor-button-text\">SPOTIFY<\/span>\n\t\t<\/span>\n\t\t\t\t\t<\/a>\n\t\t<\/div>\n\t\t\t\t<\/div>\n\t\t\t\t<\/div>\n\t\t\t\t\t\t<\/div>\n\t\t\t\t\t<\/div>\n\t\t<\/div>\n\t\t\t\t<div class=\"elementor-column elementor-col-25 elementor-top-column elementor-element elementor-element-5d87a61\" data-id=\"5d87a61\" data-element_type=\"column\">\n\t\t\t<div class=\"elementor-column-wrap elementor-element-populated\">\n\t\t\t\t\t\t\t<div class=\"elementor-widget-wrap\">\n\t\t\t\t\t\t<div class=\"elementor-element elementor-element-607d92e elementor-align-center elementor-widget elementor-widget-button\" data-id=\"607d92e\" data-element_type=\"widget\" data-widget_type=\"button.default\">\n\t\t\t\t<div class=\"elementor-widget-container\">\n\t\t\t\t\t<div class=\"elementor-button-wrapper\">\n\t\t\t<a href=\"https:\/\/music.apple.com\/us\/album\/que-viva-shango\/1473945412?i=1473945415%20\" class=\"elementor-button-link elementor-button elementor-size-sm\" role=\"button\">\n\t\t\t\t\t\t<span class=\"elementor-button-content-wrapper\">\n\t\t\t\t\t\t<span class=\"elementor-button-text\">APPLE MUSIC<\/span>\n\t\t<\/span>\n\t\t\t\t\t<\/a>\n\t\t<\/div>\n\t\t\t\t<\/div>\n\t\t\t\t<\/div>\n\t\t\t\t\t\t<\/div>\n\t\t\t\t\t<\/div>\n\t\t<\/div>\n\t\t\t\t<div class=\"elementor-column elementor-col-25 elementor-top-column elementor-element elementor-element-fa3cd18\" data-id=\"fa3cd18\" data-element_type=\"column\">\n\t\t\t<div class=\"elementor-column-wrap elementor-element-populated\">\n\t\t\t\t\t\t\t<div class=\"elementor-widget-wrap\">\n\t\t\t\t\t\t<div class=\"elementor-element elementor-element-e0ea52f elementor-align-center elementor-widget elementor-widget-button\" data-id=\"e0ea52f\" data-element_type=\"widget\" data-widget_type=\"button.default\">\n\t\t\t\t<div class=\"elementor-widget-container\">\n\t\t\t\t\t<div class=\"elementor-button-wrapper\">\n\t\t\t<a href=\"https:\/\/deezer.page.link\/gYDAiJoDVzZEXiuCA%20\" class=\"elementor-button-link elementor-button elementor-size-sm\" role=\"button\">\n\t\t\t\t\t\t<span class=\"elementor-button-content-wrapper\">\n\t\t\t\t\t\t<span class=\"elementor-button-text\">DEEZER<\/span>\n\t\t<\/span>\n\t\t\t\t\t<\/a>\n\t\t<\/div>\n\t\t\t\t<\/div>\n\t\t\t\t<\/div>\n\t\t\t\t\t\t<\/div>\n\t\t\t\t\t<\/div>\n\t\t<\/div>\n\t\t\t\t<div class=\"elementor-column elementor-col-25 elementor-top-column elementor-element elementor-element-9b79290\" data-id=\"9b79290\" data-element_type=\"column\">\n\t\t\t<div class=\"elementor-column-wrap elementor-element-populated\">\n\t\t\t\t\t\t\t<div class=\"elementor-widget-wrap\">\n\t\t\t\t\t\t<div class=\"elementor-element elementor-element-1fb19ec elementor-align-center elementor-widget elementor-widget-button\" data-id=\"1fb19ec\" data-element_type=\"widget\" data-widget_type=\"button.default\">\n\t\t\t\t<div class=\"elementor-widget-container\">\n\t\t\t\t\t<div class=\"elementor-button-wrapper\">\n\t\t\t<a href=\"https:\/\/music.amazon.com\/albums\/B07VN71K5C?trackAsin=B07VL5Q4BW&#038;ref=dm_sh_a36b-6e89-dmcp-936d-f1348&#038;musicTerritory=US&#038;marketplaceId=ATVPDKIKX0DER%20\" class=\"elementor-button-link elementor-button elementor-size-sm\" role=\"button\">\n\t\t\t\t\t\t<span class=\"elementor-button-content-wrapper\">\n\t\t\t\t\t\t<span class=\"elementor-button-text\">AMAZON MUSIC<\/span>\n\t\t<\/span>\n\t\t\t\t\t<\/a>\n\t\t<\/div>\n\t\t\t\t<\/div>\n\t\t\t\t<\/div>\n\t\t\t\t\t\t<\/div>\n\t\t\t\t\t<\/div>\n\t\t<\/div>\n\t\t\t\t\t\t\t\t<\/div>\n\t\t\t\t\t<\/div>\n\t\t<\/section>\n\t\t\t\t<section class=\"elementor-section elementor-top-section elementor-element elementor-element-9cc5d9a elementor-section-stretched elementor-section-boxed elementor-section-height-default elementor-section-height-default\" data-id=\"9cc5d9a\" data-element_type=\"section\" data-settings=\"{&quot;stretch_section&quot;:&quot;section-stretched&quot;,&quot;background_background&quot;:&quot;classic&quot;}\">\n\t\t\t\t\t\t<div class=\"elementor-container elementor-column-gap-default\">\n\t\t\t\t\t\t\t<div class=\"elementor-row\">\n\t\t\t\t\t<div class=\"elementor-column elementor-col-100 elementor-top-column elementor-element elementor-element-d1521c3\" data-id=\"d1521c3\" data-element_type=\"column\">\n\t\t\t<div class=\"elementor-column-wrap elementor-element-populated\">\n\t\t\t\t\t\t\t<div class=\"elementor-widget-wrap\">\n\t\t\t\t\t\t<div class=\"elementor-element elementor-element-ce097b0 elementor-widget elementor-widget-text-editor\" data-id=\"ce097b0\" data-element_type=\"widget\" data-widget_type=\"text-editor.default\">\n\t\t\t\t<div class=\"elementor-widget-container\">\n\t\t\t\t\t\t\t\t<div class=\"elementor-text-editor elementor-clearfix\">\n\t\t\t\t<div><p style=\"text-align: center;\"><span style=\"color: #ffffff;\">Esto es algo que desde hace rato quer\u00edamos hacer estamos en el estudio vamos hacer ebbo Tit\u00e1n Brian G at music Chan El Denver<\/span><\/p><p style=\"text-align: center;\"><span style=\"color: #ffffff;\">Elegu\u00e1 mi padre abre todos los caminos para que esto se de<\/span><\/p><p style=\"text-align: center;\"><span style=\"color: #ffffff;\">Echu dame el ach\u00e9 pa todos los m\u00edos los muertos ibba\u00e9<\/span><\/p><p style=\"text-align: center;\"><span style=\"color: #ffffff;\">Dame riqueza Yalorde Og\u00fan Dame fuerza que hay fe<\/span><\/p><p style=\"text-align: center;\"><span style=\"color: #ffffff;\">Mayeya mi madre ll\u00e9nanos de agua a orula qu\u00e9 hay fe<\/span><\/p><p style=\"text-align: center;\"><span style=\"color: #ffffff;\">Que viva Shang\u00f3 que viva Shang\u00f3 que viva Shang\u00f3 se\u00f1ores que viva Chang\u00f3 que viva que viva Shang\u00f3<\/span><\/p><p style=\"text-align: center;\"><span style=\"color: #ffffff;\">4 de octubre hijo de elegua yo soy babalawo obuyuobifa<\/span><\/p><p style=\"text-align: center;\"><span style=\"color: #ffffff;\">eshu que es mi padre dame libertad<\/span><\/p><p style=\"text-align: center;\"><span style=\"color: #ffffff;\">mayeya mi madre que haya agua salada<\/span><\/p><p style=\"text-align: center;\"><span style=\"color: #ffffff;\">bobbo ir\u00e9 que todo se de omi tuto ibbae<\/span><\/p><p style=\"text-align: center;\"><span style=\"color: #ffffff;\">pa to mis eggun luz y fe babaye yufe<\/span><\/p><p style=\"text-align: center;\"><span style=\"color: #ffffff;\">que yo ando con Shang\u00f3 con Shang\u00f3 ando yo<\/span><\/p><p style=\"text-align: center;\"><span style=\"color: #ffffff;\">abriendo paso al monte dando a la religi\u00f3n<\/span><\/p><p style=\"text-align: center;\"><span style=\"color: #ffffff;\">harina caliente tabaco y ron Orula mi padre Dame la bendici\u00f3n<\/span><\/p><p style=\"text-align: center;\"><span style=\"color: #ffffff;\">Que viva Shang\u00f3 que viva Shang\u00f3 que viva Shang\u00f3 se\u00f1ores que viva Shang\u00f3 que viva que viva Shang\u00f3<\/span><\/p><p style=\"text-align: center;\"><span style=\"color: #ffffff;\">Con la bendici\u00f3n de mi cuadro espiritual<\/span><\/p><p style=\"text-align: center;\"><span style=\"color: #ffffff;\">con la bendici\u00f3n de mi t\u00edo odbabale Dame la bendici\u00f3n mima prep\u00e1rame un caf\u00e9<\/span><\/p><p style=\"text-align: center;\"><span style=\"color: #ffffff;\">si carezco si me falta que no sea de fe<\/span><\/p><p style=\"text-align: center;\"><span style=\"color: #ffffff;\">\u00e1breme los caminos Osh\u00fan Laroye<\/span><\/p><p style=\"text-align: center;\"><span style=\"color: #ffffff;\">perdona a todo el que dice que me canto no se oye<\/span><\/p><p style=\"text-align: center;\"><span style=\"color: #ffffff;\">perd\u00f3n a todos al que con su lengua me ha hecho da\u00f1o<\/span><\/p><p style=\"text-align: center;\"><span style=\"color: #ffffff;\">dale mucha salud para que duren muchos a\u00f1os<\/span><\/p><p style=\"text-align: center;\"><span style=\"color: #ffffff;\">Yemay\u00e1 mi \u00e1ngel de la guarda que bola padrino babauchocheboarda<\/span><\/p><p style=\"text-align: center;\"><span style=\"color: #ffffff;\">te lo voy a decir para que te arda yo ando con el voika<\/span><\/p><p style=\"text-align: center;\"><span style=\"color: #ffffff;\">qu\u00e9 es mi amigo no mi guarda espalda<\/span><\/p><p style=\"text-align: center;\"><span style=\"color: #ffffff;\">ahora antagonistas tengo arriba muchas vistas<\/span><\/p><p style=\"text-align: center;\"><span style=\"color: #ffffff;\">Ash\u00e9 para mi familia para mi barrio Buena Vista<\/span><\/p><p style=\"text-align: center;\"><span style=\"color: #ffffff;\">ash\u00e9 para mis paisanos A los guerreros como yo<\/span><\/p><p style=\"text-align: center;\"><span style=\"color: #ffffff;\">ash\u00e9 para el ave m\u00edo ni\u00f1o y que viva shang\u00f3<\/span><\/p><p style=\"text-align: center;\"><span style=\"color: #ffffff;\">ashe pa los paisanos a los guerreros como yo<\/span><\/p><p style=\"text-align: center;\"><span style=\"color: #ffffff;\">ashe pal ave m\u00edo Ni\u00f1o y que viva Shang\u00f3<\/span><\/p><p style=\"text-align: center;\"><span style=\"color: #ffffff;\">Que viva Shang\u00f3 que viva Shang\u00f3 que viva Shang\u00f3 se\u00f1ores que viva Shang\u00f3 que viva Shang\u00f3 que viva Shang\u00f3<\/span><\/p><p style=\"text-align: center;\"><span style=\"color: #ffffff;\">awo Orumila Ogg\u00fan da labierd\u00e9 aboru mi la cunda la biorde ikirioleyosi oteliremoto y maebi y yo irinileyaki cucualordi neco ni mi ashe para todos los m\u00edos dicen los Ramen ashe baba ashe ashe olofin ashe shango d\u00edmelo Boica ashe para todos los que est\u00e1n escuchando esta canci\u00f3n Chan d\u00edmelo indio eleggua todos los hijos de chang\u00f3 con la mano para arriba pidiendo bendiciones los hijos de Oshun los hijos de yemaya oye di Benedetto producci\u00f3n dime lo que nosotros somos los hijos de eleggu\u00e1 los hijos de oya los hijos de oddua los hijos de olokun los hijos de ogg\u00fan los hijos de obba Los que sean religiosos que levanten las manos y griten ashe<\/span><\/p><\/div>\t\t\t\t\t<\/div>\n\t\t\t\t\t\t<\/div>\n\t\t\t\t<\/div>\n\t\t\t\t\t\t<\/div>\n\t\t\t\t\t<\/div>\n\t\t<\/div>\n\t\t\t\t\t\t\t\t<\/div>\n\t\t\t\t\t<\/div>\n\t\t<\/section>\n\t\t\t\t\t\t<\/div>\n\t\t\t\t\t\t<\/div>\n\t\t\t\t\t<\/div>\n\t\t","protected":false},"excerpt":{"rendered":"<p>SPOTIFY APPLE MUSIC DEEZER AMAZON MUSIC Esto es algo que desde hace rato quer\u00edamos hacer estamos en el estudio vamos hacer ebbo Tit\u00e1n Brian G at music Chan El Denver Elegu\u00e1 mi padre abre todos los caminos para que esto se de Echu dame el ach\u00e9 pa todos los m\u00edos los muertos ibba\u00e9 Dame riqueza.<\/p>\n","protected":false},"author":1,"featured_media":0,"parent":0,"menu_order":0,"comment_status":"closed","ping_status":"closed","template":"","meta":{"footnotes":""},"categories":[42],"tags":[],"class_list":["post-4299","page","type-page","status-publish","hentry","category-testi"],"yoast_head":"<!-- This site is optimized with the Yoast SEO plugin v19.6.1 - https:\/\/yoast.com\/wordpress\/plugins\/seo\/ -->\n<title>Que Viva Shang\u00f3 - Di Benedetto Productions<\/title>\n<meta name=\"robots\" content=\"index, follow, max-snippet:-1, max-image-preview:large, max-video-preview:-1\" \/>\n<link rel=\"canonical\" href=\"https:\/\/dibenedettoproductions.com\/?page_id=4299\" \/>\n<meta property=\"og:locale\" content=\"it_IT\" \/>\n<meta property=\"og:type\" content=\"article\" \/>\n<meta property=\"og:title\" content=\"Que Viva Shang\u00f3 - Di Benedetto Productions\" \/>\n<meta property=\"og:description\" content=\"SPOTIFY APPLE MUSIC DEEZER AMAZON MUSIC Esto es algo que desde hace rato quer\u00edamos hacer estamos en el estudio vamos hacer ebbo Tit\u00e1n Brian G at music Chan El Denver Elegu\u00e1 mi padre abre todos los caminos para que esto se de Echu dame el ach\u00e9 pa todos los m\u00edos los muertos ibba\u00e9 Dame riqueza.\" \/>\n<meta property=\"og:url\" content=\"https:\/\/dibenedettoproductions.com\/?page_id=4299\" \/>\n<meta property=\"og:site_name\" content=\"Di Benedetto Productions\" \/>\n<meta property=\"article:modified_time\" content=\"2021-08-06T07:04:31+00:00\" \/>\n<meta name=\"twitter:card\" content=\"summary_large_image\" \/>\n<meta name=\"twitter:label1\" content=\"Tempo di lettura stimato\" \/>\n\t<meta name=\"twitter:data1\" content=\"2 minuti\" \/>\n<script type=\"application\/ld+json\" class=\"yoast-schema-graph\">{\"@context\":\"https:\/\/schema.org\",\"@graph\":[{\"@type\":\"WebPage\",\"@id\":\"https:\/\/dibenedettoproductions.com\/?page_id=4299\",\"url\":\"https:\/\/dibenedettoproductions.com\/?page_id=4299\",\"name\":\"Que Viva Shang\u00f3 - Di Benedetto Productions\",\"isPartOf\":{\"@id\":\"https:\/\/dibenedettoproductions.com\/#website\"},\"datePublished\":\"2021-02-25T11:03:25+00:00\",\"dateModified\":\"2021-08-06T07:04:31+00:00\",\"breadcrumb\":{\"@id\":\"https:\/\/dibenedettoproductions.com\/?page_id=4299#breadcrumb\"},\"inLanguage\":\"it-IT\",\"potentialAction\":[{\"@type\":\"ReadAction\",\"target\":[\"https:\/\/dibenedettoproductions.com\/?page_id=4299\"]}]},{\"@type\":\"BreadcrumbList\",\"@id\":\"https:\/\/dibenedettoproductions.com\/?page_id=4299#breadcrumb\",\"itemListElement\":[{\"@type\":\"ListItem\",\"position\":1,\"name\":\"Home\",\"item\":\"https:\/\/dibenedettoproductions.com\/\"},{\"@type\":\"ListItem\",\"position\":2,\"name\":\"Que Viva Shang\u00f3\"}]},{\"@type\":\"WebSite\",\"@id\":\"https:\/\/dibenedettoproductions.com\/#website\",\"url\":\"https:\/\/dibenedettoproductions.com\/\",\"name\":\"Di Benedetto Productions\",\"description\":\"\",\"publisher\":{\"@id\":\"https:\/\/dibenedettoproductions.com\/#organization\"},\"potentialAction\":[{\"@type\":\"SearchAction\",\"target\":{\"@type\":\"EntryPoint\",\"urlTemplate\":\"https:\/\/dibenedettoproductions.com\/?s={search_term_string}\"},\"query-input\":\"required name=search_term_string\"}],\"inLanguage\":\"it-IT\"},{\"@type\":\"Organization\",\"@id\":\"https:\/\/dibenedettoproductions.com\/#organization\",\"name\":\"DI BENEDETTO PRODUCTIONS\",\"url\":\"https:\/\/dibenedettoproductions.com\/\",\"sameAs\":[],\"logo\":{\"@type\":\"ImageObject\",\"inLanguage\":\"it-IT\",\"@id\":\"https:\/\/dibenedettoproductions.com\/#\/schema\/logo\/image\/\",\"url\":\"https:\/\/dibenedettoproductions.com\/wp-content\/uploads\/2021\/09\/logo_di_benedetto_productions.jpg\",\"contentUrl\":\"https:\/\/dibenedettoproductions.com\/wp-content\/uploads\/2021\/09\/logo_di_benedetto_productions.jpg\",\"width\":225,\"height\":225,\"caption\":\"DI BENEDETTO PRODUCTIONS\"},\"image\":{\"@id\":\"https:\/\/dibenedettoproductions.com\/#\/schema\/logo\/image\/\"}}]}<\/script>\n<!-- \/ Yoast SEO plugin. -->","yoast_head_json":{"title":"Que Viva Shang\u00f3 - Di Benedetto Productions","robots":{"index":"index","follow":"follow","max-snippet":"max-snippet:-1","max-image-preview":"max-image-preview:large","max-video-preview":"max-video-preview:-1"},"canonical":"https:\/\/dibenedettoproductions.com\/?page_id=4299","og_locale":"it_IT","og_type":"article","og_title":"Que Viva Shang\u00f3 - Di Benedetto Productions","og_description":"SPOTIFY APPLE MUSIC DEEZER AMAZON MUSIC Esto es algo que desde hace rato quer\u00edamos hacer estamos en el estudio vamos hacer ebbo Tit\u00e1n Brian G at music Chan El Denver Elegu\u00e1 mi padre abre todos los caminos para que esto se de Echu dame el ach\u00e9 pa todos los m\u00edos los muertos ibba\u00e9 Dame riqueza.","og_url":"https:\/\/dibenedettoproductions.com\/?page_id=4299","og_site_name":"Di Benedetto Productions","article_modified_time":"2021-08-06T07:04:31+00:00","twitter_card":"summary_large_image","twitter_misc":{"Tempo di lettura stimato":"2 minuti"},"schema":{"@context":"https:\/\/schema.org","@graph":[{"@type":"WebPage","@id":"https:\/\/dibenedettoproductions.com\/?page_id=4299","url":"https:\/\/dibenedettoproductions.com\/?page_id=4299","name":"Que Viva Shang\u00f3 - Di Benedetto Productions","isPartOf":{"@id":"https:\/\/dibenedettoproductions.com\/#website"},"datePublished":"2021-02-25T11:03:25+00:00","dateModified":"2021-08-06T07:04:31+00:00","breadcrumb":{"@id":"https:\/\/dibenedettoproductions.com\/?page_id=4299#breadcrumb"},"inLanguage":"it-IT","potentialAction":[{"@type":"ReadAction","target":["https:\/\/dibenedettoproductions.com\/?page_id=4299"]}]},{"@type":"BreadcrumbList","@id":"https:\/\/dibenedettoproductions.com\/?page_id=4299#breadcrumb","itemListElement":[{"@type":"ListItem","position":1,"name":"Home","item":"https:\/\/dibenedettoproductions.com\/"},{"@type":"ListItem","position":2,"name":"Que Viva Shang\u00f3"}]},{"@type":"WebSite","@id":"https:\/\/dibenedettoproductions.com\/#website","url":"https:\/\/dibenedettoproductions.com\/","name":"Di Benedetto Productions","description":"","publisher":{"@id":"https:\/\/dibenedettoproductions.com\/#organization"},"potentialAction":[{"@type":"SearchAction","target":{"@type":"EntryPoint","urlTemplate":"https:\/\/dibenedettoproductions.com\/?s={search_term_string}"},"query-input":"required name=search_term_string"}],"inLanguage":"it-IT"},{"@type":"Organization","@id":"https:\/\/dibenedettoproductions.com\/#organization","name":"DI BENEDETTO PRODUCTIONS","url":"https:\/\/dibenedettoproductions.com\/","sameAs":[],"logo":{"@type":"ImageObject","inLanguage":"it-IT","@id":"https:\/\/dibenedettoproductions.com\/#\/schema\/logo\/image\/","url":"https:\/\/dibenedettoproductions.com\/wp-content\/uploads\/2021\/09\/logo_di_benedetto_productions.jpg","contentUrl":"https:\/\/dibenedettoproductions.com\/wp-content\/uploads\/2021\/09\/logo_di_benedetto_productions.jpg","width":225,"height":225,"caption":"DI BENEDETTO PRODUCTIONS"},"image":{"@id":"https:\/\/dibenedettoproductions.com\/#\/schema\/logo\/image\/"}}]}},"_links":{"self":[{"href":"https:\/\/dibenedettoproductions.com\/index.php?rest_route=\/wp\/v2\/pages\/4299","targetHints":{"allow":["GET"]}}],"collection":[{"href":"https:\/\/dibenedettoproductions.com\/index.php?rest_route=\/wp\/v2\/pages"}],"about":[{"href":"https:\/\/dibenedettoproductions.com\/index.php?rest_route=\/wp\/v2\/types\/page"}],"author":[{"embeddable":true,"href":"https:\/\/dibenedettoproductions.com\/index.php?rest_route=\/wp\/v2\/users\/1"}],"replies":[{"embeddable":true,"href":"https:\/\/dibenedettoproductions.com\/index.php?rest_route=%2Fwp%2Fv2%2Fcomments&post=4299"}],"version-history":[{"count":7,"href":"https:\/\/dibenedettoproductions.com\/index.php?rest_route=\/wp\/v2\/pages\/4299\/revisions"}],"predecessor-version":[{"id":5869,"href":"https:\/\/dibenedettoproductions.com\/index.php?rest_route=\/wp\/v2\/pages\/4299\/revisions\/5869"}],"wp:attachment":[{"href":"https:\/\/dibenedettoproductions.com\/index.php?rest_route=%2Fwp%2Fv2%2Fmedia&parent=4299"}],"wp:term":[{"taxonomy":"category","embeddable":true,"href":"https:\/\/dibenedettoproductions.com\/index.php?rest_route=%2Fwp%2Fv2%2Fcategories&post=4299"},{"taxonomy":"post_tag","embeddable":true,"href":"https:\/\/dibenedettoproductions.com\/index.php?rest_route=%2Fwp%2Fv2%2Ftags&post=4299"}],"curies":[{"name":"wp","href":"https:\/\/api.w.org\/{rel}","templated":true}]}}