{"id":4265,"date":"2021-02-25T10:44:19","date_gmt":"2021-02-25T10:44:19","guid":{"rendered":"https:\/\/dibenedettoproductions.com\/?page_id=4265"},"modified":"2021-08-05T15:15:44","modified_gmt":"2021-08-05T15:15:44","slug":"la-hooka","status":"publish","type":"page","link":"https:\/\/dibenedettoproductions.com\/?page_id=4265","title":{"rendered":"La Hooka"},"content":{"rendered":"\t\t<div data-elementor-type=\"wp-page\" data-elementor-id=\"4265\" class=\"elementor elementor-4265\" data-elementor-settings=\"[]\">\n\t\t\t\t\t\t<div class=\"elementor-inner\">\n\t\t\t\t\t\t\t<div class=\"elementor-section-wrap\">\n\t\t\t\t\t\t\t<section class=\"elementor-section elementor-top-section elementor-element elementor-element-4e19a14 elementor-section-stretched elementor-section-boxed elementor-section-height-default elementor-section-height-default\" data-id=\"4e19a14\" data-element_type=\"section\" data-settings=\"{&quot;stretch_section&quot;:&quot;section-stretched&quot;,&quot;background_background&quot;:&quot;classic&quot;}\">\n\t\t\t\t\t\t<div class=\"elementor-container elementor-column-gap-default\">\n\t\t\t\t\t\t\t<div class=\"elementor-row\">\n\t\t\t\t\t<div class=\"elementor-column elementor-col-25 elementor-top-column elementor-element elementor-element-bc215d7\" data-id=\"bc215d7\" data-element_type=\"column\">\n\t\t\t<div class=\"elementor-column-wrap elementor-element-populated\">\n\t\t\t\t\t\t\t<div class=\"elementor-widget-wrap\">\n\t\t\t\t\t\t<div class=\"elementor-element elementor-element-c3e65a6 elementor-align-center elementor-widget elementor-widget-button\" data-id=\"c3e65a6\" data-element_type=\"widget\" data-widget_type=\"button.default\">\n\t\t\t\t<div class=\"elementor-widget-container\">\n\t\t\t\t\t<div class=\"elementor-button-wrapper\">\n\t\t\t<a href=\"https:\/\/open.spotify.com\/track\/5hzR1o12AFI0u846jofuP3?si=8QJQrPEOR9OBel54LF4lZw%20\" class=\"elementor-button-link elementor-button elementor-size-sm\" role=\"button\">\n\t\t\t\t\t\t<span class=\"elementor-button-content-wrapper\">\n\t\t\t\t\t\t<span class=\"elementor-button-text\">SPOTIFY<\/span>\n\t\t<\/span>\n\t\t\t\t\t<\/a>\n\t\t<\/div>\n\t\t\t\t<\/div>\n\t\t\t\t<\/div>\n\t\t\t\t\t\t<\/div>\n\t\t\t\t\t<\/div>\n\t\t<\/div>\n\t\t\t\t<div class=\"elementor-column elementor-col-25 elementor-top-column elementor-element elementor-element-1f8830c\" data-id=\"1f8830c\" data-element_type=\"column\">\n\t\t\t<div class=\"elementor-column-wrap elementor-element-populated\">\n\t\t\t\t\t\t\t<div class=\"elementor-widget-wrap\">\n\t\t\t\t\t\t<div class=\"elementor-element elementor-element-57eb711 elementor-align-center elementor-widget elementor-widget-button\" data-id=\"57eb711\" data-element_type=\"widget\" data-widget_type=\"button.default\">\n\t\t\t\t<div class=\"elementor-widget-container\">\n\t\t\t\t\t<div class=\"elementor-button-wrapper\">\n\t\t\t<a href=\"https:\/\/music.apple.com\/us\/album\/la-hooka\/1489626573?i=1489626574\" class=\"elementor-button-link elementor-button elementor-size-sm\" role=\"button\">\n\t\t\t\t\t\t<span class=\"elementor-button-content-wrapper\">\n\t\t\t\t\t\t<span class=\"elementor-button-text\">APPLE MUSIC<\/span>\n\t\t<\/span>\n\t\t\t\t\t<\/a>\n\t\t<\/div>\n\t\t\t\t<\/div>\n\t\t\t\t<\/div>\n\t\t\t\t\t\t<\/div>\n\t\t\t\t\t<\/div>\n\t\t<\/div>\n\t\t\t\t<div class=\"elementor-column elementor-col-25 elementor-top-column elementor-element elementor-element-1c38caa\" data-id=\"1c38caa\" data-element_type=\"column\">\n\t\t\t<div class=\"elementor-column-wrap elementor-element-populated\">\n\t\t\t\t\t\t\t<div class=\"elementor-widget-wrap\">\n\t\t\t\t\t\t<div class=\"elementor-element elementor-element-89a2098 elementor-align-center elementor-widget elementor-widget-button\" data-id=\"89a2098\" data-element_type=\"widget\" data-widget_type=\"button.default\">\n\t\t\t\t<div class=\"elementor-widget-container\">\n\t\t\t\t\t<div class=\"elementor-button-wrapper\">\n\t\t\t<a href=\"https:\/\/deezer.page.link\/jWf2DBQ4vrQApsp1A%20\" class=\"elementor-button-link elementor-button elementor-size-sm\" role=\"button\">\n\t\t\t\t\t\t<span class=\"elementor-button-content-wrapper\">\n\t\t\t\t\t\t<span class=\"elementor-button-text\">DEEZER<\/span>\n\t\t<\/span>\n\t\t\t\t\t<\/a>\n\t\t<\/div>\n\t\t\t\t<\/div>\n\t\t\t\t<\/div>\n\t\t\t\t\t\t<\/div>\n\t\t\t\t\t<\/div>\n\t\t<\/div>\n\t\t\t\t<div class=\"elementor-column elementor-col-25 elementor-top-column elementor-element elementor-element-c410c0a\" data-id=\"c410c0a\" data-element_type=\"column\">\n\t\t\t<div class=\"elementor-column-wrap elementor-element-populated\">\n\t\t\t\t\t\t\t<div class=\"elementor-widget-wrap\">\n\t\t\t\t\t\t<div class=\"elementor-element elementor-element-0a355a8 elementor-align-center elementor-widget elementor-widget-button\" data-id=\"0a355a8\" data-element_type=\"widget\" data-widget_type=\"button.default\">\n\t\t\t\t<div class=\"elementor-widget-container\">\n\t\t\t\t\t<div class=\"elementor-button-wrapper\">\n\t\t\t<a href=\"https:\/\/music.amazon.com\/albums\/B08248K8PV?trackAsin=B0824618RV&#038;ref=dm_sh_6d6f-95ff-dmcp-469f-e2287&#038;musicTerritory=US&#038;marketplaceId=ATVPDKIKX0DER\" class=\"elementor-button-link elementor-button elementor-size-sm\" role=\"button\">\n\t\t\t\t\t\t<span class=\"elementor-button-content-wrapper\">\n\t\t\t\t\t\t<span class=\"elementor-button-text\">AMAZON MUSIC<\/span>\n\t\t<\/span>\n\t\t\t\t\t<\/a>\n\t\t<\/div>\n\t\t\t\t<\/div>\n\t\t\t\t<\/div>\n\t\t\t\t\t\t<\/div>\n\t\t\t\t\t<\/div>\n\t\t<\/div>\n\t\t\t\t\t\t\t\t<\/div>\n\t\t\t\t\t<\/div>\n\t\t<\/section>\n\t\t\t\t<section class=\"elementor-section elementor-top-section elementor-element elementor-element-9e7c7de elementor-section-stretched elementor-section-boxed elementor-section-height-default elementor-section-height-default\" data-id=\"9e7c7de\" data-element_type=\"section\" data-settings=\"{&quot;stretch_section&quot;:&quot;section-stretched&quot;,&quot;background_background&quot;:&quot;classic&quot;}\">\n\t\t\t\t\t\t<div class=\"elementor-container elementor-column-gap-default\">\n\t\t\t\t\t\t\t<div class=\"elementor-row\">\n\t\t\t\t\t<div class=\"elementor-column elementor-col-100 elementor-top-column elementor-element elementor-element-bc795e8\" data-id=\"bc795e8\" data-element_type=\"column\">\n\t\t\t<div class=\"elementor-column-wrap elementor-element-populated\">\n\t\t\t\t\t\t\t<div class=\"elementor-widget-wrap\">\n\t\t\t\t\t\t<div class=\"elementor-element elementor-element-c4b5c7c elementor-widget elementor-widget-text-editor\" data-id=\"c4b5c7c\" data-element_type=\"widget\" data-widget_type=\"text-editor.default\">\n\t\t\t\t<div class=\"elementor-widget-container\">\n\t\t\t\t\t\t\t\t<div class=\"elementor-text-editor elementor-clearfix\">\n\t\t\t\t<div><p style=\"text-align: center;\"><span style=\"color: #ffffff;\">Pr\u00e9ndeme la hooka, hooka, hooka<\/span><\/p><p style=\"text-align: center;\"><span style=\"color: #ffffff;\">P\u00e1same la hooka, hooka, hooka<\/span><\/p><p style=\"text-align: center;\"><span style=\"color: #ffffff;\">Pr\u00e9ndeme la hooka, hooka, hooka<\/span><\/p><p style=\"text-align: center;\"><span style=\"color: #ffffff;\">Con la mano en la cabeza que se cae la peluca<\/span><\/p><p style=\"text-align: center;\"><span style=\"color: #ffffff;\">As\u00ed que pr\u00e9ndeme la hooka, hooka, hooka<\/span><\/p><p style=\"text-align: center;\"><span style=\"color: #ffffff;\">P\u00e1same la hooka, hooka, hooka<\/span><\/p><p style=\"text-align: center;\"><span style=\"color: #ffffff;\">Pr\u00e9ndeme la hooka, hooka, hooka<\/span><\/p><p style=\"text-align: center;\"><span style=\"color: #ffffff;\">Con la mano en la cabeza que se cae la peluca<\/span><\/p><p style=\"text-align: center;\">\u00a0<\/p><p style=\"text-align: center;\"><span style=\"color: #ffffff;\">Pr\u00e9ndeme la hooka loco sube el Auto Tooms<\/span><\/p><p style=\"text-align: center;\"><span style=\"color: #ffffff;\">Mirando mu\u00f1equitos esto parece Luny Tuns<\/span><\/p><p style=\"text-align: center;\"><span style=\"color: #ffffff;\">En la cocina cocinando creo que est\u00e1 Donald Trump<\/span><\/p><p style=\"text-align: center;\"><span style=\"color: #ffffff;\">Llena esto hasta arriba que me tomo esto a cum cum<\/span><\/p><p style=\"text-align: center;\"><span style=\"color: #ffffff;\">No bajo la cabeza ni para ponerme los tenis<\/span><\/p><p style=\"text-align: center;\"><span style=\"color: #ffffff;\">Ando provocando esto es m\u00e1s duro c\u00f3mo el Benny<\/span><\/p><p style=\"text-align: center;\"><span style=\"color: #ffffff;\">Siempre con Mar\u00eda, Laury y me espera Jenny<\/span><\/p><p style=\"text-align: center;\"><span style=\"color: #ffffff;\">Ando con m\u00e1s vida que el mism\u00edsimo ave F\u00e9nix<\/span><\/p><p style=\"text-align: center;\"><span style=\"color: #ffffff;\">Estamos descalzo arriba del asfalto<\/span><\/p><p style=\"text-align: center;\"><span style=\"color: #ffffff;\">A lo lejos se escucha que dicen alto<\/span><\/p><p style=\"text-align: center;\"><span style=\"color: #ffffff;\">Estamos con nieve y esto no es Balto<\/span><\/p><p style=\"text-align: center;\"><span style=\"color: #ffffff;\">Como el Titanic yo a ti te parto<\/span><\/p><p style=\"text-align: center;\">\u00a0<\/p><p style=\"text-align: center;\"><span style=\"color: #ffffff;\">Pr\u00e9ndeme la hooka, hooka, hooka<\/span><\/p><p style=\"text-align: center;\"><span style=\"color: #ffffff;\">P\u00e1same la hooka, hooka, hooka<\/span><\/p><p style=\"text-align: center;\"><span style=\"color: #ffffff;\">Pr\u00e9ndeme la hooka, hooka, hooka<\/span><\/p><p style=\"text-align: center;\"><span style=\"color: #ffffff;\">Con la mano en la cabeza que se cae la peluca<\/span><\/p><p style=\"text-align: center;\"><span style=\"color: #ffffff;\">As\u00ed que pr\u00e9ndeme la hooka, hooka, hooka<\/span><\/p><p style=\"text-align: center;\"><span style=\"color: #ffffff;\">P\u00e1same la hooka, hooka, hooka<\/span><\/p><p style=\"text-align: center;\"><span style=\"color: #ffffff;\">Pr\u00e9ndeme la hooka, hooka, hooka<\/span><\/p><p style=\"text-align: center;\"><span style=\"color: #ffffff;\">Con la mano en la cabeza que se cae la peluca<\/span><\/p><p style=\"text-align: center;\">\u00a0<\/p><p style=\"text-align: center;\"><span style=\"color: #ffffff;\">Pasador de la cartera y en la mano una roleta<\/span><\/p><p style=\"text-align: center;\"><span style=\"color: #ffffff;\">El humo estoy soltando y yo viendo tu silueta<\/span><\/p><p style=\"text-align: center;\"><span style=\"color: #ffffff;\">Como Father para la calle y con el miedo en la gaveta<\/span><\/p><p style=\"text-align: center;\"><span style=\"color: #ffffff;\">Yo vendiendo los papeles ustedes haciendo papeletas<\/span><\/p><p style=\"text-align: center;\"><span style=\"color: #ffffff;\">Cabrones mete piernas y los soltamos en muleta<\/span><\/p><p style=\"text-align: center;\"><span style=\"color: #ffffff;\">Yo cojo cocinando y yo tengo la receta<\/span><\/p><p style=\"text-align: center;\"><span style=\"color: #ffffff;\">P\u00e9gate a la hooka voy a cerrarme como t\u00fa<\/span><\/p><p style=\"text-align: center;\"><span style=\"color: #ffffff;\">Dale llama a tus amigas que es dale papel y chupa<\/span><\/p><p style=\"text-align: center;\">\u00a0<\/p><p style=\"text-align: center;\"><span style=\"color: #ffffff;\">P\u00e1same la hooka, hooka, hooka<\/span><\/p><p style=\"text-align: center;\"><span style=\"color: #ffffff;\">Si lo pones en la boca dale traga no lo escupas<\/span><\/p><p style=\"text-align: center;\"><span style=\"color: #ffffff;\">Con los ojos al rojo vino no me quito ni las lupas<\/span><\/p><p style=\"text-align: center;\"><span style=\"color: #ffffff;\">Dale p\u00e1same la hooka, dale suave y no lo escupas<\/span><\/p><p style=\"text-align: center;\"><span style=\"color: #ffffff;\">Dale p\u00e1same la hooka, dale suave y no lo escupas<\/span><\/p><p style=\"text-align: center;\"><span style=\"color: #ffffff;\">Dale p\u00e1same la hooka, dale suave y no lo escupas<\/span><\/p><p style=\"text-align: center;\"><span style=\"color: #ffffff;\">Dale p\u00e1same la hooka, dale suave y no lo escupas<\/span><\/p><p style=\"text-align: center;\">\u00a0<\/p><p style=\"text-align: center;\">\u00a0<\/p><p style=\"text-align: center;\"><span style=\"color: #ffffff;\">Pr\u00e9ndeme la hooka, hooka, hooka<\/span><\/p><p style=\"text-align: center;\"><span style=\"color: #ffffff;\">P\u00e1same la hooka, hooka, hooka<\/span><\/p><p style=\"text-align: center;\"><span style=\"color: #ffffff;\">Pr\u00e9ndeme la hooka, hooka, hooka<\/span><\/p><p style=\"text-align: center;\"><span style=\"color: #ffffff;\">Con la mano en la cabeza que se cae la peluca<\/span><\/p><p style=\"text-align: center;\"><span style=\"color: #ffffff;\">As\u00ed que pr\u00e9ndeme la hooka, hooka, hooka<\/span><\/p><p style=\"text-align: center;\"><span style=\"color: #ffffff;\">P\u00e1same la hooka, hooka, hooka<\/span><\/p><p style=\"text-align: center;\"><span style=\"color: #ffffff;\">Pr\u00e9ndeme la hooka, hooka, hooka<\/span><\/p><p style=\"text-align: center;\"><span style=\"color: #ffffff;\">Con la mano en la cabeza que se cae la peluca<\/span><\/p><p style=\"text-align: center;\">\u00a0<\/p><p style=\"text-align: center;\"><span style=\"color: #ffffff;\">Dale p\u00e1same la hooka, dale suave y no lo escupas<\/span><\/p><p style=\"text-align: center;\"><span style=\"color: #ffffff;\">Dale p\u00e1same la hooka, dale suave y no lo escupas<\/span><\/p><p style=\"text-align: center;\">\u00a0<\/p><p style=\"text-align: center;\"><span style=\"color: #ffffff;\">Dale p\u00e1same la hooka, dale suave y no lo escupas<\/span><\/p><p style=\"text-align: center;\"><span style=\"color: #ffffff;\">Dale p\u00e1same la hooka, dale suave y no lo escupas<\/span><\/p><\/div>\t\t\t\t\t<\/div>\n\t\t\t\t\t\t<\/div>\n\t\t\t\t<\/div>\n\t\t\t\t\t\t<\/div>\n\t\t\t\t\t<\/div>\n\t\t<\/div>\n\t\t\t\t\t\t\t\t<\/div>\n\t\t\t\t\t<\/div>\n\t\t<\/section>\n\t\t\t\t\t\t<\/div>\n\t\t\t\t\t\t<\/div>\n\t\t\t\t\t<\/div>\n\t\t","protected":false},"excerpt":{"rendered":"<p>SPOTIFY APPLE MUSIC DEEZER AMAZON MUSIC Pr\u00e9ndeme la hooka, hooka, hooka P\u00e1same la hooka, hooka, hooka Pr\u00e9ndeme la hooka, hooka, hooka Con la mano en la cabeza que se cae la peluca As\u00ed que pr\u00e9ndeme la hooka, hooka, hooka P\u00e1same la hooka, hooka, hooka Pr\u00e9ndeme la hooka, hooka, hooka Con la mano en la cabeza.<\/p>\n","protected":false},"author":1,"featured_media":0,"parent":0,"menu_order":0,"comment_status":"closed","ping_status":"closed","template":"","meta":{"footnotes":""},"categories":[42],"tags":[],"class_list":["post-4265","page","type-page","status-publish","hentry","category-testi"],"yoast_head":"<!-- This site is optimized with the Yoast SEO plugin v19.6.1 - https:\/\/yoast.com\/wordpress\/plugins\/seo\/ -->\n<title>La Hooka - Di Benedetto Productions<\/title>\n<meta name=\"robots\" content=\"index, follow, max-snippet:-1, max-image-preview:large, max-video-preview:-1\" \/>\n<link rel=\"canonical\" href=\"https:\/\/dibenedettoproductions.com\/?page_id=4265\" \/>\n<meta property=\"og:locale\" content=\"it_IT\" \/>\n<meta property=\"og:type\" content=\"article\" \/>\n<meta property=\"og:title\" content=\"La Hooka - Di Benedetto Productions\" \/>\n<meta property=\"og:description\" content=\"SPOTIFY APPLE MUSIC DEEZER AMAZON MUSIC Pr\u00e9ndeme la hooka, hooka, hooka P\u00e1same la hooka, hooka, hooka Pr\u00e9ndeme la hooka, hooka, hooka Con la mano en la cabeza que se cae la peluca As\u00ed que pr\u00e9ndeme la hooka, hooka, hooka P\u00e1same la hooka, hooka, hooka Pr\u00e9ndeme la hooka, hooka, hooka Con la mano en la cabeza.\" \/>\n<meta property=\"og:url\" content=\"https:\/\/dibenedettoproductions.com\/?page_id=4265\" \/>\n<meta property=\"og:site_name\" content=\"Di Benedetto Productions\" \/>\n<meta property=\"article:modified_time\" content=\"2021-08-05T15:15:44+00:00\" \/>\n<meta name=\"twitter:card\" content=\"summary_large_image\" \/>\n<meta name=\"twitter:label1\" content=\"Tempo di lettura stimato\" \/>\n\t<meta name=\"twitter:data1\" content=\"2 minuti\" \/>\n<script type=\"application\/ld+json\" class=\"yoast-schema-graph\">{\"@context\":\"https:\/\/schema.org\",\"@graph\":[{\"@type\":\"WebPage\",\"@id\":\"https:\/\/dibenedettoproductions.com\/?page_id=4265\",\"url\":\"https:\/\/dibenedettoproductions.com\/?page_id=4265\",\"name\":\"La Hooka - Di Benedetto Productions\",\"isPartOf\":{\"@id\":\"https:\/\/dibenedettoproductions.com\/#website\"},\"datePublished\":\"2021-02-25T10:44:19+00:00\",\"dateModified\":\"2021-08-05T15:15:44+00:00\",\"breadcrumb\":{\"@id\":\"https:\/\/dibenedettoproductions.com\/?page_id=4265#breadcrumb\"},\"inLanguage\":\"it-IT\",\"potentialAction\":[{\"@type\":\"ReadAction\",\"target\":[\"https:\/\/dibenedettoproductions.com\/?page_id=4265\"]}]},{\"@type\":\"BreadcrumbList\",\"@id\":\"https:\/\/dibenedettoproductions.com\/?page_id=4265#breadcrumb\",\"itemListElement\":[{\"@type\":\"ListItem\",\"position\":1,\"name\":\"Home\",\"item\":\"https:\/\/dibenedettoproductions.com\/\"},{\"@type\":\"ListItem\",\"position\":2,\"name\":\"La Hooka\"}]},{\"@type\":\"WebSite\",\"@id\":\"https:\/\/dibenedettoproductions.com\/#website\",\"url\":\"https:\/\/dibenedettoproductions.com\/\",\"name\":\"Di Benedetto Productions\",\"description\":\"\",\"publisher\":{\"@id\":\"https:\/\/dibenedettoproductions.com\/#organization\"},\"potentialAction\":[{\"@type\":\"SearchAction\",\"target\":{\"@type\":\"EntryPoint\",\"urlTemplate\":\"https:\/\/dibenedettoproductions.com\/?s={search_term_string}\"},\"query-input\":\"required name=search_term_string\"}],\"inLanguage\":\"it-IT\"},{\"@type\":\"Organization\",\"@id\":\"https:\/\/dibenedettoproductions.com\/#organization\",\"name\":\"DI BENEDETTO PRODUCTIONS\",\"url\":\"https:\/\/dibenedettoproductions.com\/\",\"sameAs\":[],\"logo\":{\"@type\":\"ImageObject\",\"inLanguage\":\"it-IT\",\"@id\":\"https:\/\/dibenedettoproductions.com\/#\/schema\/logo\/image\/\",\"url\":\"https:\/\/dibenedettoproductions.com\/wp-content\/uploads\/2021\/09\/logo_di_benedetto_productions.jpg\",\"contentUrl\":\"https:\/\/dibenedettoproductions.com\/wp-content\/uploads\/2021\/09\/logo_di_benedetto_productions.jpg\",\"width\":225,\"height\":225,\"caption\":\"DI BENEDETTO PRODUCTIONS\"},\"image\":{\"@id\":\"https:\/\/dibenedettoproductions.com\/#\/schema\/logo\/image\/\"}}]}<\/script>\n<!-- \/ Yoast SEO plugin. -->","yoast_head_json":{"title":"La Hooka - Di Benedetto Productions","robots":{"index":"index","follow":"follow","max-snippet":"max-snippet:-1","max-image-preview":"max-image-preview:large","max-video-preview":"max-video-preview:-1"},"canonical":"https:\/\/dibenedettoproductions.com\/?page_id=4265","og_locale":"it_IT","og_type":"article","og_title":"La Hooka - Di Benedetto Productions","og_description":"SPOTIFY APPLE MUSIC DEEZER AMAZON MUSIC Pr\u00e9ndeme la hooka, hooka, hooka P\u00e1same la hooka, hooka, hooka Pr\u00e9ndeme la hooka, hooka, hooka Con la mano en la cabeza que se cae la peluca As\u00ed que pr\u00e9ndeme la hooka, hooka, hooka P\u00e1same la hooka, hooka, hooka Pr\u00e9ndeme la hooka, hooka, hooka Con la mano en la cabeza.","og_url":"https:\/\/dibenedettoproductions.com\/?page_id=4265","og_site_name":"Di Benedetto Productions","article_modified_time":"2021-08-05T15:15:44+00:00","twitter_card":"summary_large_image","twitter_misc":{"Tempo di lettura stimato":"2 minuti"},"schema":{"@context":"https:\/\/schema.org","@graph":[{"@type":"WebPage","@id":"https:\/\/dibenedettoproductions.com\/?page_id=4265","url":"https:\/\/dibenedettoproductions.com\/?page_id=4265","name":"La Hooka - Di Benedetto Productions","isPartOf":{"@id":"https:\/\/dibenedettoproductions.com\/#website"},"datePublished":"2021-02-25T10:44:19+00:00","dateModified":"2021-08-05T15:15:44+00:00","breadcrumb":{"@id":"https:\/\/dibenedettoproductions.com\/?page_id=4265#breadcrumb"},"inLanguage":"it-IT","potentialAction":[{"@type":"ReadAction","target":["https:\/\/dibenedettoproductions.com\/?page_id=4265"]}]},{"@type":"BreadcrumbList","@id":"https:\/\/dibenedettoproductions.com\/?page_id=4265#breadcrumb","itemListElement":[{"@type":"ListItem","position":1,"name":"Home","item":"https:\/\/dibenedettoproductions.com\/"},{"@type":"ListItem","position":2,"name":"La Hooka"}]},{"@type":"WebSite","@id":"https:\/\/dibenedettoproductions.com\/#website","url":"https:\/\/dibenedettoproductions.com\/","name":"Di Benedetto Productions","description":"","publisher":{"@id":"https:\/\/dibenedettoproductions.com\/#organization"},"potentialAction":[{"@type":"SearchAction","target":{"@type":"EntryPoint","urlTemplate":"https:\/\/dibenedettoproductions.com\/?s={search_term_string}"},"query-input":"required name=search_term_string"}],"inLanguage":"it-IT"},{"@type":"Organization","@id":"https:\/\/dibenedettoproductions.com\/#organization","name":"DI BENEDETTO PRODUCTIONS","url":"https:\/\/dibenedettoproductions.com\/","sameAs":[],"logo":{"@type":"ImageObject","inLanguage":"it-IT","@id":"https:\/\/dibenedettoproductions.com\/#\/schema\/logo\/image\/","url":"https:\/\/dibenedettoproductions.com\/wp-content\/uploads\/2021\/09\/logo_di_benedetto_productions.jpg","contentUrl":"https:\/\/dibenedettoproductions.com\/wp-content\/uploads\/2021\/09\/logo_di_benedetto_productions.jpg","width":225,"height":225,"caption":"DI BENEDETTO PRODUCTIONS"},"image":{"@id":"https:\/\/dibenedettoproductions.com\/#\/schema\/logo\/image\/"}}]}},"_links":{"self":[{"href":"https:\/\/dibenedettoproductions.com\/index.php?rest_route=\/wp\/v2\/pages\/4265","targetHints":{"allow":["GET"]}}],"collection":[{"href":"https:\/\/dibenedettoproductions.com\/index.php?rest_route=\/wp\/v2\/pages"}],"about":[{"href":"https:\/\/dibenedettoproductions.com\/index.php?rest_route=\/wp\/v2\/types\/page"}],"author":[{"embeddable":true,"href":"https:\/\/dibenedettoproductions.com\/index.php?rest_route=\/wp\/v2\/users\/1"}],"replies":[{"embeddable":true,"href":"https:\/\/dibenedettoproductions.com\/index.php?rest_route=%2Fwp%2Fv2%2Fcomments&post=4265"}],"version-history":[{"count":7,"href":"https:\/\/dibenedettoproductions.com\/index.php?rest_route=\/wp\/v2\/pages\/4265\/revisions"}],"predecessor-version":[{"id":5740,"href":"https:\/\/dibenedettoproductions.com\/index.php?rest_route=\/wp\/v2\/pages\/4265\/revisions\/5740"}],"wp:attachment":[{"href":"https:\/\/dibenedettoproductions.com\/index.php?rest_route=%2Fwp%2Fv2%2Fmedia&parent=4265"}],"wp:term":[{"taxonomy":"category","embeddable":true,"href":"https:\/\/dibenedettoproductions.com\/index.php?rest_route=%2Fwp%2Fv2%2Fcategories&post=4265"},{"taxonomy":"post_tag","embeddable":true,"href":"https:\/\/dibenedettoproductions.com\/index.php?rest_route=%2Fwp%2Fv2%2Ftags&post=4265"}],"curies":[{"name":"wp","href":"https:\/\/api.w.org\/{rel}","templated":true}]}}