{"id":4229,"date":"2021-02-25T10:00:46","date_gmt":"2021-02-25T10:00:46","guid":{"rendered":"https:\/\/dibenedettoproductions.com\/?page_id=4229"},"modified":"2021-08-05T15:14:10","modified_gmt":"2021-08-05T15:14:10","slug":"hablar-de-amor","status":"publish","type":"page","link":"https:\/\/dibenedettoproductions.com\/?page_id=4229","title":{"rendered":"Hablar De Amor"},"content":{"rendered":"\t\t<div data-elementor-type=\"wp-page\" data-elementor-id=\"4229\" class=\"elementor elementor-4229\" data-elementor-settings=\"[]\">\n\t\t\t\t\t\t<div class=\"elementor-inner\">\n\t\t\t\t\t\t\t<div class=\"elementor-section-wrap\">\n\t\t\t\t\t\t\t<section class=\"elementor-section elementor-top-section elementor-element elementor-element-99a833d elementor-section-stretched elementor-section-boxed elementor-section-height-default elementor-section-height-default\" data-id=\"99a833d\" data-element_type=\"section\" data-settings=\"{&quot;stretch_section&quot;:&quot;section-stretched&quot;,&quot;background_background&quot;:&quot;classic&quot;}\">\n\t\t\t\t\t\t<div class=\"elementor-container elementor-column-gap-default\">\n\t\t\t\t\t\t\t<div class=\"elementor-row\">\n\t\t\t\t\t<div class=\"elementor-column elementor-col-25 elementor-top-column elementor-element elementor-element-da6e201\" data-id=\"da6e201\" data-element_type=\"column\">\n\t\t\t<div class=\"elementor-column-wrap elementor-element-populated\">\n\t\t\t\t\t\t\t<div class=\"elementor-widget-wrap\">\n\t\t\t\t\t\t<div class=\"elementor-element elementor-element-cb7bef1 elementor-align-center elementor-widget elementor-widget-button\" data-id=\"cb7bef1\" data-element_type=\"widget\" data-widget_type=\"button.default\">\n\t\t\t\t<div class=\"elementor-widget-container\">\n\t\t\t\t\t<div class=\"elementor-button-wrapper\">\n\t\t\t<a href=\"https:\/\/open.spotify.com\/track\/1lzNJc79DalnVztKzI1sWZ?si=9_KPQsumQFmgswTXXYyxIw%20\" class=\"elementor-button-link elementor-button elementor-size-sm\" role=\"button\">\n\t\t\t\t\t\t<span class=\"elementor-button-content-wrapper\">\n\t\t\t\t\t\t<span class=\"elementor-button-text\">SPOTIFY<\/span>\n\t\t<\/span>\n\t\t\t\t\t<\/a>\n\t\t<\/div>\n\t\t\t\t<\/div>\n\t\t\t\t<\/div>\n\t\t\t\t\t\t<\/div>\n\t\t\t\t\t<\/div>\n\t\t<\/div>\n\t\t\t\t<div class=\"elementor-column elementor-col-25 elementor-top-column elementor-element elementor-element-59539c9\" data-id=\"59539c9\" data-element_type=\"column\">\n\t\t\t<div class=\"elementor-column-wrap elementor-element-populated\">\n\t\t\t\t\t\t\t<div class=\"elementor-widget-wrap\">\n\t\t\t\t\t\t<div class=\"elementor-element elementor-element-7d992fd elementor-align-center elementor-widget elementor-widget-button\" data-id=\"7d992fd\" data-element_type=\"widget\" data-widget_type=\"button.default\">\n\t\t\t\t<div class=\"elementor-widget-container\">\n\t\t\t\t\t<div class=\"elementor-button-wrapper\">\n\t\t\t<a href=\"https:\/\/music.apple.com\/us\/album\/hablar-de-amor\/1474431805?i=1474431897\" class=\"elementor-button-link elementor-button elementor-size-sm\" role=\"button\">\n\t\t\t\t\t\t<span class=\"elementor-button-content-wrapper\">\n\t\t\t\t\t\t<span class=\"elementor-button-text\">APPLE MUSIC<\/span>\n\t\t<\/span>\n\t\t\t\t\t<\/a>\n\t\t<\/div>\n\t\t\t\t<\/div>\n\t\t\t\t<\/div>\n\t\t\t\t\t\t<\/div>\n\t\t\t\t\t<\/div>\n\t\t<\/div>\n\t\t\t\t<div class=\"elementor-column elementor-col-25 elementor-top-column elementor-element elementor-element-c71bc7c\" data-id=\"c71bc7c\" data-element_type=\"column\">\n\t\t\t<div class=\"elementor-column-wrap elementor-element-populated\">\n\t\t\t\t\t\t\t<div class=\"elementor-widget-wrap\">\n\t\t\t\t\t\t<div class=\"elementor-element elementor-element-ae11a42 elementor-align-center elementor-widget elementor-widget-button\" data-id=\"ae11a42\" data-element_type=\"widget\" data-widget_type=\"button.default\">\n\t\t\t\t<div class=\"elementor-widget-container\">\n\t\t\t\t\t<div class=\"elementor-button-wrapper\">\n\t\t\t<a href=\"https:\/\/deezer.page.link\/J5mjKDkLheJ7zLax8%20\" class=\"elementor-button-link elementor-button elementor-size-sm\" role=\"button\">\n\t\t\t\t\t\t<span class=\"elementor-button-content-wrapper\">\n\t\t\t\t\t\t<span class=\"elementor-button-text\">DEEZER<\/span>\n\t\t<\/span>\n\t\t\t\t\t<\/a>\n\t\t<\/div>\n\t\t\t\t<\/div>\n\t\t\t\t<\/div>\n\t\t\t\t\t\t<\/div>\n\t\t\t\t\t<\/div>\n\t\t<\/div>\n\t\t\t\t<div class=\"elementor-column elementor-col-25 elementor-top-column elementor-element elementor-element-5769447\" data-id=\"5769447\" data-element_type=\"column\">\n\t\t\t<div class=\"elementor-column-wrap elementor-element-populated\">\n\t\t\t\t\t\t\t<div class=\"elementor-widget-wrap\">\n\t\t\t\t\t\t<div class=\"elementor-element elementor-element-70c0491 elementor-align-center elementor-widget elementor-widget-button\" data-id=\"70c0491\" data-element_type=\"widget\" data-widget_type=\"button.default\">\n\t\t\t\t<div class=\"elementor-widget-container\">\n\t\t\t\t\t<div class=\"elementor-button-wrapper\">\n\t\t\t<a href=\"https:\/\/music.amazon.com\/albums\/B07VLMD6GP?trackAsin=B07VLMDPG5&#038;ref=dm_sh_2686-2c5c-dmcp-da9f-174af&#038;musicTerritory=US&#038;marketplaceId=ATVPDKIKX0DER%20\" class=\"elementor-button-link elementor-button elementor-size-sm\" role=\"button\">\n\t\t\t\t\t\t<span class=\"elementor-button-content-wrapper\">\n\t\t\t\t\t\t<span class=\"elementor-button-text\">AMAZON MUSIC<\/span>\n\t\t<\/span>\n\t\t\t\t\t<\/a>\n\t\t<\/div>\n\t\t\t\t<\/div>\n\t\t\t\t<\/div>\n\t\t\t\t\t\t<\/div>\n\t\t\t\t\t<\/div>\n\t\t<\/div>\n\t\t\t\t\t\t\t\t<\/div>\n\t\t\t\t\t<\/div>\n\t\t<\/section>\n\t\t\t\t<section class=\"elementor-section elementor-top-section elementor-element elementor-element-10523a1 elementor-section-stretched elementor-section-boxed elementor-section-height-default elementor-section-height-default\" data-id=\"10523a1\" data-element_type=\"section\" data-settings=\"{&quot;stretch_section&quot;:&quot;section-stretched&quot;,&quot;background_background&quot;:&quot;classic&quot;}\">\n\t\t\t\t\t\t<div class=\"elementor-container elementor-column-gap-default\">\n\t\t\t\t\t\t\t<div class=\"elementor-row\">\n\t\t\t\t\t<div class=\"elementor-column elementor-col-100 elementor-top-column elementor-element elementor-element-70c3ce1\" data-id=\"70c3ce1\" data-element_type=\"column\">\n\t\t\t<div class=\"elementor-column-wrap elementor-element-populated\">\n\t\t\t\t\t\t\t<div class=\"elementor-widget-wrap\">\n\t\t\t\t\t\t<div class=\"elementor-element elementor-element-9e1bdff elementor-widget elementor-widget-text-editor\" data-id=\"9e1bdff\" data-element_type=\"widget\" data-widget_type=\"text-editor.default\">\n\t\t\t\t<div class=\"elementor-widget-container\">\n\t\t\t\t\t\t\t\t<div class=\"elementor-text-editor elementor-clearfix\">\n\t\t\t\t<div><p style=\"text-align: center;\"><span style=\"color: #ffffff;\">Qu\u00e9 f\u00e1cil fue decir adi\u00f3s cerrar la puerta y olvidarte del pasado<\/span><\/p><p style=\"text-align: center;\"><span style=\"color: #ffffff;\">Borrar los planes de un futuro a tu lado ahora regresas y me dices que has cambiado<\/span><\/p><p style=\"text-align: center;\"><span style=\"color: #ffffff;\">Y que t\u00fa me has extra\u00f1ado<\/span><\/p><p style=\"text-align: center;\"><span style=\"color: #ffffff;\">Pa que me vas hablar de amor si ya Cupido no entiende de sentimientos<\/span><\/p><p style=\"text-align: center;\"><span style=\"color: #ffffff;\">Si tus palabras siempre se las llev\u00f3 el viento y ya conozco c\u00f3mo se termina el cuento<\/span><\/p><p style=\"text-align: center;\"><span style=\"color: #ffffff;\">Baby yo lo siento<\/span><\/p><p style=\"text-align: center;\"><span style=\"color: #ffffff;\">Para que me vas hablar de amor u o o<\/span><\/p><p style=\"text-align: center;\"><span style=\"color: #ffffff;\">Para que me vas hablar de amor u o o<\/span><\/p><p style=\"text-align: center;\"><span style=\"color: #ffffff;\">Yo a ti te perdon\u00e9 pero no tus mentiras<\/span><\/p><p style=\"text-align: center;\"><span style=\"color: #ffffff;\">Para que me vas hablar de amor u o o<\/span><\/p><p style=\"text-align: center;\"><span style=\"color: #ffffff;\">T\u00fa me abandonaste pensaste que no pod\u00eda<\/span><\/p><p style=\"text-align: center;\"><span style=\"color: #ffffff;\">Que yo siempre iba fracasar pero mira las vueltas que da la vida<\/span><\/p><p style=\"text-align: center;\"><span style=\"color: #ffffff;\">Como ahora eres t\u00fa la que quiere regresar<\/span><\/p><p style=\"text-align: center;\"><span style=\"color: #ffffff;\">Ahora es por gusto yo vot\u00e9 todos los peluches<\/span><\/p><p style=\"text-align: center;\"><span style=\"color: #ffffff;\">Ahora ni me llames ya no quiero que me escuches<\/span><\/p><p style=\"text-align: center;\"><span style=\"color: #ffffff;\">Mi coraz\u00f3n me lo saqu\u00e9 y con candado est\u00e1 en el estuche<\/span><\/p><p style=\"text-align: center;\"><span style=\"color: #ffffff;\">Ahora no pelees no importa cu\u00e1nto luches<\/span><\/p><p style=\"text-align: center;\"><span style=\"color: #ffffff;\">Pa que me vas hablar de amor si ya Cupido no entiende de sentimientos<\/span><\/p><p style=\"text-align: center;\"><span style=\"color: #ffffff;\">Si tus palabras siempre se las llev\u00f3 el viento<\/span><\/p><p style=\"text-align: center;\"><span style=\"color: #ffffff;\">Y ya conozco c\u00f3mo se termina el cuento<\/span><\/p><p style=\"text-align: center;\"><span style=\"color: #ffffff;\">Baby yo lo siento<\/span><\/p><p style=\"text-align: center;\"><span style=\"color: #ffffff;\">Para que me vas hablar de amor u o o<\/span><\/p><p style=\"text-align: center;\"><span style=\"color: #ffffff;\">Para que me vas hablar de amor u o o<\/span><\/p><p style=\"text-align: center;\"><span style=\"color: #ffffff;\">Yo a ti te perdon\u00e9 pero no tus mentiras<\/span><\/p><p style=\"text-align: center;\"><span style=\"color: #ffffff;\">Para que me vas hablar de amor u o o<\/span><\/p><p style=\"text-align: center;\"><span style=\"color: #ffffff;\">Y yo que te cre\u00eda todas tus mentiras<\/span><\/p><p style=\"text-align: center;\"><span style=\"color: #ffffff;\">Pero ya tu tiempo pas\u00f3<\/span><\/p><p style=\"text-align: center;\"><span style=\"color: #ffffff;\">Y ahora yo lo siento mamita yo soy diferente ya no vivo en el pasado ahora vivo mi presente<\/span><\/p><p style=\"text-align: center;\"><span style=\"color: #ffffff;\">T\u00fa vives enga\u00f1ando a la gente me robaste el coraz\u00f3n t\u00fa eres una delincuente<\/span><\/p><p style=\"text-align: center;\"><span style=\"color: #ffffff;\">Orgulloso de lo que hacemos orgulloso de lo que somos<\/span><\/p><p style=\"text-align: center;\"><span style=\"color: #ffffff;\">Esta misma talla pero en tres Y a toditos me los como<\/span><\/p><p style=\"text-align: center;\"><span style=\"color: #ffffff;\">As\u00ed que dile Benedetto que dile a Victorio nosotros estamos activo<\/span><\/p><p style=\"text-align: center;\"><span style=\"color: #ffffff;\">Y dile a Raymond que esto es fuego que ninguno lo dejamos vivo<\/span><\/p><p style=\"text-align: center;\"><span style=\"color: #ffffff;\">Pa que me vas hablar de amor si ya Cupido no entiende de sentimientos<\/span><\/p><p style=\"text-align: center;\"><span style=\"color: #ffffff;\">Si tus palabras siempre se las llev\u00f3 el viento<\/span><\/p><p style=\"text-align: center;\"><span style=\"color: #ffffff;\">Y ya conozco c\u00f3mo se termina el cuento<\/span><\/p><p style=\"text-align: center;\"><span style=\"color: #ffffff;\">Baby yo lo siento<\/span><\/p><p style=\"text-align: center;\"><span style=\"color: #ffffff;\">Para que me vas hablar de amor u o o<\/span><\/p><p style=\"text-align: center;\"><span style=\"color: #ffffff;\">Para que me vas hablar de amor u o o<\/span><\/p><p style=\"text-align: center;\"><span style=\"color: #ffffff;\">Yo a ti te perdon\u00e9 pero no tus mentiras<\/span><\/p><p style=\"text-align: center;\"><span style=\"color: #ffffff;\">Para que me vas hablar de amor u o o<\/span><\/p><p style=\"text-align: center;\"><span style=\"color: #ffffff;\">Nosotros somos los yk Brian G Titan pero andamos con el Chan le ca\u00edmos de sorpresa Vitto Di Benedetto production nosotros aqu\u00ed tenemos todas las llaves hace falta que los soldados se quiten estamos matando a todos los agua Rabel para ti beb\u00e9 beb\u00e9 t\u00fa sabes Ramen abdel la esencia<\/span><\/p><\/div>\t\t\t\t\t<\/div>\n\t\t\t\t\t\t<\/div>\n\t\t\t\t<\/div>\n\t\t\t\t\t\t<\/div>\n\t\t\t\t\t<\/div>\n\t\t<\/div>\n\t\t\t\t\t\t\t\t<\/div>\n\t\t\t\t\t<\/div>\n\t\t<\/section>\n\t\t\t\t\t\t<\/div>\n\t\t\t\t\t\t<\/div>\n\t\t\t\t\t<\/div>\n\t\t","protected":false},"excerpt":{"rendered":"<p>SPOTIFY APPLE MUSIC DEEZER AMAZON MUSIC Qu\u00e9 f\u00e1cil fue decir adi\u00f3s cerrar la puerta y olvidarte del pasado Borrar los planes de un futuro a tu lado ahora regresas y me dices que has cambiado Y que t\u00fa me has extra\u00f1ado Pa que me vas hablar de amor si ya Cupido no entiende de sentimientos.<\/p>\n","protected":false},"author":1,"featured_media":0,"parent":0,"menu_order":0,"comment_status":"closed","ping_status":"closed","template":"","meta":{"footnotes":""},"categories":[42],"tags":[],"class_list":["post-4229","page","type-page","status-publish","hentry","category-testi"],"yoast_head":"<!-- This site is optimized with the Yoast SEO plugin v19.6.1 - https:\/\/yoast.com\/wordpress\/plugins\/seo\/ -->\n<title>Hablar De Amor - Di Benedetto Productions<\/title>\n<meta name=\"robots\" content=\"index, follow, max-snippet:-1, max-image-preview:large, max-video-preview:-1\" \/>\n<link rel=\"canonical\" href=\"https:\/\/dibenedettoproductions.com\/?page_id=4229\" \/>\n<meta property=\"og:locale\" content=\"it_IT\" \/>\n<meta property=\"og:type\" content=\"article\" \/>\n<meta property=\"og:title\" content=\"Hablar De Amor - Di Benedetto Productions\" \/>\n<meta property=\"og:description\" content=\"SPOTIFY APPLE MUSIC DEEZER AMAZON MUSIC Qu\u00e9 f\u00e1cil fue decir adi\u00f3s cerrar la puerta y olvidarte del pasado Borrar los planes de un futuro a tu lado ahora regresas y me dices que has cambiado Y que t\u00fa me has extra\u00f1ado Pa que me vas hablar de amor si ya Cupido no entiende de sentimientos.\" \/>\n<meta property=\"og:url\" content=\"https:\/\/dibenedettoproductions.com\/?page_id=4229\" \/>\n<meta property=\"og:site_name\" content=\"Di Benedetto Productions\" \/>\n<meta property=\"article:modified_time\" content=\"2021-08-05T15:14:10+00:00\" \/>\n<meta name=\"twitter:card\" content=\"summary_large_image\" \/>\n<meta name=\"twitter:label1\" content=\"Tempo di lettura stimato\" \/>\n\t<meta name=\"twitter:data1\" content=\"2 minuti\" \/>\n<script type=\"application\/ld+json\" class=\"yoast-schema-graph\">{\"@context\":\"https:\/\/schema.org\",\"@graph\":[{\"@type\":\"WebPage\",\"@id\":\"https:\/\/dibenedettoproductions.com\/?page_id=4229\",\"url\":\"https:\/\/dibenedettoproductions.com\/?page_id=4229\",\"name\":\"Hablar De Amor - Di Benedetto Productions\",\"isPartOf\":{\"@id\":\"https:\/\/dibenedettoproductions.com\/#website\"},\"datePublished\":\"2021-02-25T10:00:46+00:00\",\"dateModified\":\"2021-08-05T15:14:10+00:00\",\"breadcrumb\":{\"@id\":\"https:\/\/dibenedettoproductions.com\/?page_id=4229#breadcrumb\"},\"inLanguage\":\"it-IT\",\"potentialAction\":[{\"@type\":\"ReadAction\",\"target\":[\"https:\/\/dibenedettoproductions.com\/?page_id=4229\"]}]},{\"@type\":\"BreadcrumbList\",\"@id\":\"https:\/\/dibenedettoproductions.com\/?page_id=4229#breadcrumb\",\"itemListElement\":[{\"@type\":\"ListItem\",\"position\":1,\"name\":\"Home\",\"item\":\"https:\/\/dibenedettoproductions.com\/\"},{\"@type\":\"ListItem\",\"position\":2,\"name\":\"Hablar De Amor\"}]},{\"@type\":\"WebSite\",\"@id\":\"https:\/\/dibenedettoproductions.com\/#website\",\"url\":\"https:\/\/dibenedettoproductions.com\/\",\"name\":\"Di Benedetto Productions\",\"description\":\"\",\"publisher\":{\"@id\":\"https:\/\/dibenedettoproductions.com\/#organization\"},\"potentialAction\":[{\"@type\":\"SearchAction\",\"target\":{\"@type\":\"EntryPoint\",\"urlTemplate\":\"https:\/\/dibenedettoproductions.com\/?s={search_term_string}\"},\"query-input\":\"required name=search_term_string\"}],\"inLanguage\":\"it-IT\"},{\"@type\":\"Organization\",\"@id\":\"https:\/\/dibenedettoproductions.com\/#organization\",\"name\":\"DI BENEDETTO PRODUCTIONS\",\"url\":\"https:\/\/dibenedettoproductions.com\/\",\"sameAs\":[],\"logo\":{\"@type\":\"ImageObject\",\"inLanguage\":\"it-IT\",\"@id\":\"https:\/\/dibenedettoproductions.com\/#\/schema\/logo\/image\/\",\"url\":\"https:\/\/dibenedettoproductions.com\/wp-content\/uploads\/2021\/09\/logo_di_benedetto_productions.jpg\",\"contentUrl\":\"https:\/\/dibenedettoproductions.com\/wp-content\/uploads\/2021\/09\/logo_di_benedetto_productions.jpg\",\"width\":225,\"height\":225,\"caption\":\"DI BENEDETTO PRODUCTIONS\"},\"image\":{\"@id\":\"https:\/\/dibenedettoproductions.com\/#\/schema\/logo\/image\/\"}}]}<\/script>\n<!-- \/ Yoast SEO plugin. -->","yoast_head_json":{"title":"Hablar De Amor - Di Benedetto Productions","robots":{"index":"index","follow":"follow","max-snippet":"max-snippet:-1","max-image-preview":"max-image-preview:large","max-video-preview":"max-video-preview:-1"},"canonical":"https:\/\/dibenedettoproductions.com\/?page_id=4229","og_locale":"it_IT","og_type":"article","og_title":"Hablar De Amor - Di Benedetto Productions","og_description":"SPOTIFY APPLE MUSIC DEEZER AMAZON MUSIC Qu\u00e9 f\u00e1cil fue decir adi\u00f3s cerrar la puerta y olvidarte del pasado Borrar los planes de un futuro a tu lado ahora regresas y me dices que has cambiado Y que t\u00fa me has extra\u00f1ado Pa que me vas hablar de amor si ya Cupido no entiende de sentimientos.","og_url":"https:\/\/dibenedettoproductions.com\/?page_id=4229","og_site_name":"Di Benedetto Productions","article_modified_time":"2021-08-05T15:14:10+00:00","twitter_card":"summary_large_image","twitter_misc":{"Tempo di lettura stimato":"2 minuti"},"schema":{"@context":"https:\/\/schema.org","@graph":[{"@type":"WebPage","@id":"https:\/\/dibenedettoproductions.com\/?page_id=4229","url":"https:\/\/dibenedettoproductions.com\/?page_id=4229","name":"Hablar De Amor - Di Benedetto Productions","isPartOf":{"@id":"https:\/\/dibenedettoproductions.com\/#website"},"datePublished":"2021-02-25T10:00:46+00:00","dateModified":"2021-08-05T15:14:10+00:00","breadcrumb":{"@id":"https:\/\/dibenedettoproductions.com\/?page_id=4229#breadcrumb"},"inLanguage":"it-IT","potentialAction":[{"@type":"ReadAction","target":["https:\/\/dibenedettoproductions.com\/?page_id=4229"]}]},{"@type":"BreadcrumbList","@id":"https:\/\/dibenedettoproductions.com\/?page_id=4229#breadcrumb","itemListElement":[{"@type":"ListItem","position":1,"name":"Home","item":"https:\/\/dibenedettoproductions.com\/"},{"@type":"ListItem","position":2,"name":"Hablar De Amor"}]},{"@type":"WebSite","@id":"https:\/\/dibenedettoproductions.com\/#website","url":"https:\/\/dibenedettoproductions.com\/","name":"Di Benedetto Productions","description":"","publisher":{"@id":"https:\/\/dibenedettoproductions.com\/#organization"},"potentialAction":[{"@type":"SearchAction","target":{"@type":"EntryPoint","urlTemplate":"https:\/\/dibenedettoproductions.com\/?s={search_term_string}"},"query-input":"required name=search_term_string"}],"inLanguage":"it-IT"},{"@type":"Organization","@id":"https:\/\/dibenedettoproductions.com\/#organization","name":"DI BENEDETTO PRODUCTIONS","url":"https:\/\/dibenedettoproductions.com\/","sameAs":[],"logo":{"@type":"ImageObject","inLanguage":"it-IT","@id":"https:\/\/dibenedettoproductions.com\/#\/schema\/logo\/image\/","url":"https:\/\/dibenedettoproductions.com\/wp-content\/uploads\/2021\/09\/logo_di_benedetto_productions.jpg","contentUrl":"https:\/\/dibenedettoproductions.com\/wp-content\/uploads\/2021\/09\/logo_di_benedetto_productions.jpg","width":225,"height":225,"caption":"DI BENEDETTO PRODUCTIONS"},"image":{"@id":"https:\/\/dibenedettoproductions.com\/#\/schema\/logo\/image\/"}}]}},"_links":{"self":[{"href":"https:\/\/dibenedettoproductions.com\/index.php?rest_route=\/wp\/v2\/pages\/4229","targetHints":{"allow":["GET"]}}],"collection":[{"href":"https:\/\/dibenedettoproductions.com\/index.php?rest_route=\/wp\/v2\/pages"}],"about":[{"href":"https:\/\/dibenedettoproductions.com\/index.php?rest_route=\/wp\/v2\/types\/page"}],"author":[{"embeddable":true,"href":"https:\/\/dibenedettoproductions.com\/index.php?rest_route=\/wp\/v2\/users\/1"}],"replies":[{"embeddable":true,"href":"https:\/\/dibenedettoproductions.com\/index.php?rest_route=%2Fwp%2Fv2%2Fcomments&post=4229"}],"version-history":[{"count":7,"href":"https:\/\/dibenedettoproductions.com\/index.php?rest_route=\/wp\/v2\/pages\/4229\/revisions"}],"predecessor-version":[{"id":5716,"href":"https:\/\/dibenedettoproductions.com\/index.php?rest_route=\/wp\/v2\/pages\/4229\/revisions\/5716"}],"wp:attachment":[{"href":"https:\/\/dibenedettoproductions.com\/index.php?rest_route=%2Fwp%2Fv2%2Fmedia&parent=4229"}],"wp:term":[{"taxonomy":"category","embeddable":true,"href":"https:\/\/dibenedettoproductions.com\/index.php?rest_route=%2Fwp%2Fv2%2Fcategories&post=4229"},{"taxonomy":"post_tag","embeddable":true,"href":"https:\/\/dibenedettoproductions.com\/index.php?rest_route=%2Fwp%2Fv2%2Ftags&post=4229"}],"curies":[{"name":"wp","href":"https:\/\/api.w.org\/{rel}","templated":true}]}}