{"id":4221,"date":"2021-02-25T09:56:56","date_gmt":"2021-02-25T09:56:56","guid":{"rendered":"https:\/\/dibenedettoproductions.com\/?page_id=4221"},"modified":"2021-08-05T15:14:04","modified_gmt":"2021-08-05T15:14:04","slug":"gracias-a-ti","status":"publish","type":"page","link":"https:\/\/dibenedettoproductions.com\/?page_id=4221","title":{"rendered":"Gracias A T\u00ed"},"content":{"rendered":"\t\t<div data-elementor-type=\"wp-page\" data-elementor-id=\"4221\" class=\"elementor elementor-4221\" data-elementor-settings=\"[]\">\n\t\t\t\t\t\t<div class=\"elementor-inner\">\n\t\t\t\t\t\t\t<div class=\"elementor-section-wrap\">\n\t\t\t\t\t\t\t<section class=\"elementor-section elementor-top-section elementor-element elementor-element-7f18ac5 elementor-section-stretched elementor-section-boxed elementor-section-height-default elementor-section-height-default\" data-id=\"7f18ac5\" data-element_type=\"section\" data-settings=\"{&quot;stretch_section&quot;:&quot;section-stretched&quot;,&quot;background_background&quot;:&quot;classic&quot;}\">\n\t\t\t\t\t\t<div class=\"elementor-container elementor-column-gap-default\">\n\t\t\t\t\t\t\t<div class=\"elementor-row\">\n\t\t\t\t\t<div class=\"elementor-column elementor-col-25 elementor-top-column elementor-element elementor-element-3865059\" data-id=\"3865059\" data-element_type=\"column\">\n\t\t\t<div class=\"elementor-column-wrap elementor-element-populated\">\n\t\t\t\t\t\t\t<div class=\"elementor-widget-wrap\">\n\t\t\t\t\t\t<div class=\"elementor-element elementor-element-a52507c elementor-align-center elementor-widget elementor-widget-button\" data-id=\"a52507c\" data-element_type=\"widget\" data-widget_type=\"button.default\">\n\t\t\t\t<div class=\"elementor-widget-container\">\n\t\t\t\t\t<div class=\"elementor-button-wrapper\">\n\t\t\t<a href=\"https:\/\/open.spotify.com\/track\/1EqChw8lqkMnJ6rg4kvguU?si=Tc7H_WTATpKR4yKwRe31WQ%20\" class=\"elementor-button-link elementor-button elementor-size-sm\" role=\"button\">\n\t\t\t\t\t\t<span class=\"elementor-button-content-wrapper\">\n\t\t\t\t\t\t<span class=\"elementor-button-text\">SPOTIFY<\/span>\n\t\t<\/span>\n\t\t\t\t\t<\/a>\n\t\t<\/div>\n\t\t\t\t<\/div>\n\t\t\t\t<\/div>\n\t\t\t\t\t\t<\/div>\n\t\t\t\t\t<\/div>\n\t\t<\/div>\n\t\t\t\t<div class=\"elementor-column elementor-col-25 elementor-top-column elementor-element elementor-element-02bf853\" data-id=\"02bf853\" data-element_type=\"column\">\n\t\t\t<div class=\"elementor-column-wrap elementor-element-populated\">\n\t\t\t\t\t\t\t<div class=\"elementor-widget-wrap\">\n\t\t\t\t\t\t<div class=\"elementor-element elementor-element-90f4e86 elementor-align-center elementor-widget elementor-widget-button\" data-id=\"90f4e86\" data-element_type=\"widget\" data-widget_type=\"button.default\">\n\t\t\t\t<div class=\"elementor-widget-container\">\n\t\t\t\t\t<div class=\"elementor-button-wrapper\">\n\t\t\t<a href=\"https:\/\/music.apple.com\/us\/album\/gracias-a-ti\/1488363429?i=1488363432\" class=\"elementor-button-link elementor-button elementor-size-sm\" role=\"button\">\n\t\t\t\t\t\t<span class=\"elementor-button-content-wrapper\">\n\t\t\t\t\t\t<span class=\"elementor-button-text\">APPLE MUSIC<\/span>\n\t\t<\/span>\n\t\t\t\t\t<\/a>\n\t\t<\/div>\n\t\t\t\t<\/div>\n\t\t\t\t<\/div>\n\t\t\t\t\t\t<\/div>\n\t\t\t\t\t<\/div>\n\t\t<\/div>\n\t\t\t\t<div class=\"elementor-column elementor-col-25 elementor-top-column elementor-element elementor-element-76db1dc\" data-id=\"76db1dc\" data-element_type=\"column\">\n\t\t\t<div class=\"elementor-column-wrap elementor-element-populated\">\n\t\t\t\t\t\t\t<div class=\"elementor-widget-wrap\">\n\t\t\t\t\t\t<div class=\"elementor-element elementor-element-bdb7ceb elementor-align-center elementor-widget elementor-widget-button\" data-id=\"bdb7ceb\" data-element_type=\"widget\" data-widget_type=\"button.default\">\n\t\t\t\t<div class=\"elementor-widget-container\">\n\t\t\t\t\t<div class=\"elementor-button-wrapper\">\n\t\t\t<a href=\"https:\/\/deezer.page.link\/4WyoGXwvJt6iGf4T9%20\" class=\"elementor-button-link elementor-button elementor-size-sm\" role=\"button\">\n\t\t\t\t\t\t<span class=\"elementor-button-content-wrapper\">\n\t\t\t\t\t\t<span class=\"elementor-button-text\">DEEZER<\/span>\n\t\t<\/span>\n\t\t\t\t\t<\/a>\n\t\t<\/div>\n\t\t\t\t<\/div>\n\t\t\t\t<\/div>\n\t\t\t\t\t\t<\/div>\n\t\t\t\t\t<\/div>\n\t\t<\/div>\n\t\t\t\t<div class=\"elementor-column elementor-col-25 elementor-top-column elementor-element elementor-element-76ca077\" data-id=\"76ca077\" data-element_type=\"column\">\n\t\t\t<div class=\"elementor-column-wrap elementor-element-populated\">\n\t\t\t\t\t\t\t<div class=\"elementor-widget-wrap\">\n\t\t\t\t\t\t<div class=\"elementor-element elementor-element-ab044ec elementor-align-center elementor-widget elementor-widget-button\" data-id=\"ab044ec\" data-element_type=\"widget\" data-widget_type=\"button.default\">\n\t\t\t\t<div class=\"elementor-widget-container\">\n\t\t\t\t\t<div class=\"elementor-button-wrapper\">\n\t\t\t<a href=\"https:\/\/music.amazon.com\/albums\/B081P6S8JY?trackAsin=B081NVHXPC&#038;ref=dm_sh_e4d6-3e32-dmcp-f2ed-461a7&#038;musicTerritory=US&#038;marketplaceId=ATVPDKIKX0DER\" class=\"elementor-button-link elementor-button elementor-size-sm\" role=\"button\">\n\t\t\t\t\t\t<span class=\"elementor-button-content-wrapper\">\n\t\t\t\t\t\t<span class=\"elementor-button-text\">AMAZON MUSIC<\/span>\n\t\t<\/span>\n\t\t\t\t\t<\/a>\n\t\t<\/div>\n\t\t\t\t<\/div>\n\t\t\t\t<\/div>\n\t\t\t\t\t\t<\/div>\n\t\t\t\t\t<\/div>\n\t\t<\/div>\n\t\t\t\t\t\t\t\t<\/div>\n\t\t\t\t\t<\/div>\n\t\t<\/section>\n\t\t\t\t<section class=\"elementor-section elementor-top-section elementor-element elementor-element-9eaeffd elementor-section-stretched elementor-section-boxed elementor-section-height-default elementor-section-height-default\" data-id=\"9eaeffd\" data-element_type=\"section\" data-settings=\"{&quot;stretch_section&quot;:&quot;section-stretched&quot;,&quot;background_background&quot;:&quot;classic&quot;}\">\n\t\t\t\t\t\t<div class=\"elementor-container elementor-column-gap-default\">\n\t\t\t\t\t\t\t<div class=\"elementor-row\">\n\t\t\t\t\t<div class=\"elementor-column elementor-col-100 elementor-top-column elementor-element elementor-element-6446324\" data-id=\"6446324\" data-element_type=\"column\">\n\t\t\t<div class=\"elementor-column-wrap elementor-element-populated\">\n\t\t\t\t\t\t\t<div class=\"elementor-widget-wrap\">\n\t\t\t\t\t\t<div class=\"elementor-element elementor-element-f8ac2c0 elementor-widget elementor-widget-text-editor\" data-id=\"f8ac2c0\" data-element_type=\"widget\" data-widget_type=\"text-editor.default\">\n\t\t\t\t<div class=\"elementor-widget-container\">\n\t\t\t\t\t\t\t\t<div class=\"elementor-text-editor elementor-clearfix\">\n\t\t\t\t<div><p style=\"text-align: center;\"><span style=\"color: #ffffff;\">Te conoc\u00ed en una etapa en la que no ten\u00eda pensado conocer a nadie m\u00e1s<\/span><\/p><p style=\"text-align: center;\"><span style=\"color: #ffffff;\">Porque ya hab\u00eda fracasado en eso de dar amor sin limitar<\/span><\/p><p style=\"text-align: center;\"><span style=\"color: #ffffff;\">Pero son cosas de la vida cuando te pone delante esa persona<\/span><\/p><p style=\"text-align: center;\"><span style=\"color: #ffffff;\">Que no te da m\u00e1s elecciones y tu coraz\u00f3n de nuevo se enamora<\/span><\/p><p style=\"text-align: center;\"><span style=\"color: #ffffff;\">Y vuelves a creer en ti, Y vuelves a creer en ella<\/span><\/p><p style=\"text-align: center;\"><span style=\"color: #ffffff;\">En tu vida solo siente amor<\/span><\/p><p style=\"text-align: center;\"><span style=\"color: #ffffff;\">Y en el cielo solo notas las estrellas<\/span><\/p><p style=\"text-align: center;\">\u00a0<\/p><p style=\"text-align: center;\"><span style=\"color: #ffffff;\">T\u00fa me devolviste el aliento, t\u00fa me devolviste la fe<\/span><\/p><p style=\"text-align: center;\"><span style=\"color: #ffffff;\">T\u00e9 me devolviste las ganas de amar otra vez<\/span><\/p><p style=\"text-align: center;\"><span style=\"color: #ffffff;\">T\u00fa en un solo instante llenaste todos los vac\u00edos en m\u00ed<\/span><\/p><p style=\"text-align: center;\"><span style=\"color: #ffffff;\">Y ahora vuelvo a creer en todo gracias a ti<\/span><\/p><p style=\"text-align: center;\">\u00a0<\/p><p style=\"text-align: center;\"><span style=\"color: #ffffff;\">La vida se derrumba cuando todo se termina<\/span><\/p><p style=\"text-align: center;\"><span style=\"color: #ffffff;\">Parece el apocalipsis se te cae todo encima<\/span><\/p><p style=\"text-align: center;\"><span style=\"color: #ffffff;\">Se mueren los conceptos, se muere la autoestima<\/span><\/p><p style=\"text-align: center;\"><span style=\"color: #ffffff;\">El pensamiento te hace d\u00e9bil y \u00e9l mismo te lastima<\/span><\/p><p style=\"text-align: center;\"><span style=\"color: #ffffff;\">Sientes su olor en todas partes, todo te recuerda a ella<\/span><\/p><p style=\"text-align: center;\"><span style=\"color: #ffffff;\">En las noches ya no duermes, ya no brillan las estrellas<\/span><\/p><p style=\"text-align: center;\"><span style=\"color: #ffffff;\">Recuerda su perfume y que se ve\u00eda tan bella<\/span><\/p><p style=\"text-align: center;\"><span style=\"color: #ffffff;\">El peluche en el cuarto y en la cama est\u00e1 su huella<\/span><\/p><p style=\"text-align: center;\"><span style=\"color: #ffffff;\">Piensas que jam\u00e1s te volver\u00e1s a enamorar<\/span><\/p><p style=\"text-align: center;\"><span style=\"color: #ffffff;\">Que el amor es fantas\u00eda y no paras de llorar<\/span><\/p><p style=\"text-align: center;\"><span style=\"color: #ffffff;\">Pero pasan los d\u00edas y empiezas a olvidar<\/span><\/p><p style=\"text-align: center;\"><span style=\"color: #ffffff;\">Y al cabo de los tres meses ya no puedes recordar<\/span><\/p><p style=\"text-align: center;\">\u00a0<\/p><p style=\"text-align: center;\"><span style=\"color: #ffffff;\">T\u00fa me devolviste el aliento, t\u00fa me devolviste la fe<\/span><\/p><p style=\"text-align: center;\"><span style=\"color: #ffffff;\">T\u00e9 me devolviste las ganas de amar otra vez<\/span><\/p><p style=\"text-align: center;\"><span style=\"color: #ffffff;\">T\u00fa en un solo instante llenaste todos los vac\u00edos en m\u00ed<\/span><\/p><p style=\"text-align: center;\"><span style=\"color: #ffffff;\">Y ahora vuelvo a creer en todo gracias a ti<\/span><\/p><p style=\"text-align: center;\">\u00a0<\/p><p style=\"text-align: center;\"><span style=\"color: #ffffff;\">Llega a tu vida otra persona que piensa como t\u00fa<\/span><\/p><p style=\"text-align: center;\"><span style=\"color: #ffffff;\">Se acaba el apag\u00f3n y se enciende la luz<\/span><\/p><p style=\"text-align: center;\"><span style=\"color: #ffffff;\">Te ilusionas nuevamente y esta historia se repite<\/span><\/p><p style=\"text-align: center;\"><span style=\"color: #ffffff;\">Te enamoras como un bobo y en sus labios te derrites<\/span><\/p><p style=\"text-align: center;\">\u00a0<\/p><p style=\"text-align: center;\"><span style=\"color: #ffffff;\">Y te das cuenta que es el amor de tu vida<\/span><\/p><p style=\"text-align: center;\"><span style=\"color: #ffffff;\">Que se pasa por dolores y una voz te dice siga<\/span><\/p><p style=\"text-align: center;\"><span style=\"color: #ffffff;\">Que seremos uno t\u00fa mi musa m\u00e1s fluida<\/span><\/p><p style=\"text-align: center;\"><span style=\"color: #ffffff;\">Por m\u00e1s que hemos ca\u00eddo esta guerra no est\u00e1 perdida<\/span><\/p><p style=\"text-align: center;\">\u00a0<\/p><p style=\"text-align: center;\"><span style=\"color: #ffffff;\">Te conoc\u00ed en una etapa en la que no ten\u00eda pensado conocer a nadie m\u00e1s<\/span><\/p><p style=\"text-align: center;\"><span style=\"color: #ffffff;\">Porque ya hab\u00eda fracasado en eso de dar amor sin limitar<\/span><\/p><p style=\"text-align: center;\"><span style=\"color: #ffffff;\">Pero son cosas de la vida cuando te pone delante esa persona<\/span><\/p><p style=\"text-align: center;\"><span style=\"color: #ffffff;\">Que no te da m\u00e1s elecciones y tu coraz\u00f3n de nuevo se enamora<\/span><\/p><\/div>\t\t\t\t\t<\/div>\n\t\t\t\t\t\t<\/div>\n\t\t\t\t<\/div>\n\t\t\t\t\t\t<\/div>\n\t\t\t\t\t<\/div>\n\t\t<\/div>\n\t\t\t\t\t\t\t\t<\/div>\n\t\t\t\t\t<\/div>\n\t\t<\/section>\n\t\t\t\t\t\t<\/div>\n\t\t\t\t\t\t<\/div>\n\t\t\t\t\t<\/div>\n\t\t","protected":false},"excerpt":{"rendered":"<p>SPOTIFY APPLE MUSIC DEEZER AMAZON MUSIC Te conoc\u00ed en una etapa en la que no ten\u00eda pensado conocer a nadie m\u00e1s Porque ya hab\u00eda fracasado en eso de dar amor sin limitar Pero son cosas de la vida cuando te pone delante esa persona Que no te da m\u00e1s elecciones y tu coraz\u00f3n de nuevo.<\/p>\n","protected":false},"author":1,"featured_media":0,"parent":0,"menu_order":0,"comment_status":"closed","ping_status":"closed","template":"","meta":{"footnotes":""},"categories":[42],"tags":[],"class_list":["post-4221","page","type-page","status-publish","hentry","category-testi"],"yoast_head":"<!-- This site is optimized with the Yoast SEO plugin v19.6.1 - https:\/\/yoast.com\/wordpress\/plugins\/seo\/ -->\n<title>Gracias A T\u00ed - Di Benedetto Productions<\/title>\n<meta name=\"robots\" content=\"index, follow, max-snippet:-1, max-image-preview:large, max-video-preview:-1\" \/>\n<link rel=\"canonical\" href=\"https:\/\/dibenedettoproductions.com\/?page_id=4221\" \/>\n<meta property=\"og:locale\" content=\"it_IT\" \/>\n<meta property=\"og:type\" content=\"article\" \/>\n<meta property=\"og:title\" content=\"Gracias A T\u00ed - Di Benedetto Productions\" \/>\n<meta property=\"og:description\" content=\"SPOTIFY APPLE MUSIC DEEZER AMAZON MUSIC Te conoc\u00ed en una etapa en la que no ten\u00eda pensado conocer a nadie m\u00e1s Porque ya hab\u00eda fracasado en eso de dar amor sin limitar Pero son cosas de la vida cuando te pone delante esa persona Que no te da m\u00e1s elecciones y tu coraz\u00f3n de nuevo.\" \/>\n<meta property=\"og:url\" content=\"https:\/\/dibenedettoproductions.com\/?page_id=4221\" \/>\n<meta property=\"og:site_name\" content=\"Di Benedetto Productions\" \/>\n<meta property=\"article:modified_time\" content=\"2021-08-05T15:14:04+00:00\" \/>\n<meta name=\"twitter:card\" content=\"summary_large_image\" \/>\n<meta name=\"twitter:label1\" content=\"Tempo di lettura stimato\" \/>\n\t<meta name=\"twitter:data1\" content=\"2 minuti\" \/>\n<script type=\"application\/ld+json\" class=\"yoast-schema-graph\">{\"@context\":\"https:\/\/schema.org\",\"@graph\":[{\"@type\":\"WebPage\",\"@id\":\"https:\/\/dibenedettoproductions.com\/?page_id=4221\",\"url\":\"https:\/\/dibenedettoproductions.com\/?page_id=4221\",\"name\":\"Gracias A T\u00ed - Di Benedetto Productions\",\"isPartOf\":{\"@id\":\"https:\/\/dibenedettoproductions.com\/#website\"},\"datePublished\":\"2021-02-25T09:56:56+00:00\",\"dateModified\":\"2021-08-05T15:14:04+00:00\",\"breadcrumb\":{\"@id\":\"https:\/\/dibenedettoproductions.com\/?page_id=4221#breadcrumb\"},\"inLanguage\":\"it-IT\",\"potentialAction\":[{\"@type\":\"ReadAction\",\"target\":[\"https:\/\/dibenedettoproductions.com\/?page_id=4221\"]}]},{\"@type\":\"BreadcrumbList\",\"@id\":\"https:\/\/dibenedettoproductions.com\/?page_id=4221#breadcrumb\",\"itemListElement\":[{\"@type\":\"ListItem\",\"position\":1,\"name\":\"Home\",\"item\":\"https:\/\/dibenedettoproductions.com\/\"},{\"@type\":\"ListItem\",\"position\":2,\"name\":\"Gracias A T\u00ed\"}]},{\"@type\":\"WebSite\",\"@id\":\"https:\/\/dibenedettoproductions.com\/#website\",\"url\":\"https:\/\/dibenedettoproductions.com\/\",\"name\":\"Di Benedetto Productions\",\"description\":\"\",\"publisher\":{\"@id\":\"https:\/\/dibenedettoproductions.com\/#organization\"},\"potentialAction\":[{\"@type\":\"SearchAction\",\"target\":{\"@type\":\"EntryPoint\",\"urlTemplate\":\"https:\/\/dibenedettoproductions.com\/?s={search_term_string}\"},\"query-input\":\"required name=search_term_string\"}],\"inLanguage\":\"it-IT\"},{\"@type\":\"Organization\",\"@id\":\"https:\/\/dibenedettoproductions.com\/#organization\",\"name\":\"DI BENEDETTO PRODUCTIONS\",\"url\":\"https:\/\/dibenedettoproductions.com\/\",\"sameAs\":[],\"logo\":{\"@type\":\"ImageObject\",\"inLanguage\":\"it-IT\",\"@id\":\"https:\/\/dibenedettoproductions.com\/#\/schema\/logo\/image\/\",\"url\":\"https:\/\/dibenedettoproductions.com\/wp-content\/uploads\/2021\/09\/logo_di_benedetto_productions.jpg\",\"contentUrl\":\"https:\/\/dibenedettoproductions.com\/wp-content\/uploads\/2021\/09\/logo_di_benedetto_productions.jpg\",\"width\":225,\"height\":225,\"caption\":\"DI BENEDETTO PRODUCTIONS\"},\"image\":{\"@id\":\"https:\/\/dibenedettoproductions.com\/#\/schema\/logo\/image\/\"}}]}<\/script>\n<!-- \/ Yoast SEO plugin. -->","yoast_head_json":{"title":"Gracias A T\u00ed - Di Benedetto Productions","robots":{"index":"index","follow":"follow","max-snippet":"max-snippet:-1","max-image-preview":"max-image-preview:large","max-video-preview":"max-video-preview:-1"},"canonical":"https:\/\/dibenedettoproductions.com\/?page_id=4221","og_locale":"it_IT","og_type":"article","og_title":"Gracias A T\u00ed - Di Benedetto Productions","og_description":"SPOTIFY APPLE MUSIC DEEZER AMAZON MUSIC Te conoc\u00ed en una etapa en la que no ten\u00eda pensado conocer a nadie m\u00e1s Porque ya hab\u00eda fracasado en eso de dar amor sin limitar Pero son cosas de la vida cuando te pone delante esa persona Que no te da m\u00e1s elecciones y tu coraz\u00f3n de nuevo.","og_url":"https:\/\/dibenedettoproductions.com\/?page_id=4221","og_site_name":"Di Benedetto Productions","article_modified_time":"2021-08-05T15:14:04+00:00","twitter_card":"summary_large_image","twitter_misc":{"Tempo di lettura stimato":"2 minuti"},"schema":{"@context":"https:\/\/schema.org","@graph":[{"@type":"WebPage","@id":"https:\/\/dibenedettoproductions.com\/?page_id=4221","url":"https:\/\/dibenedettoproductions.com\/?page_id=4221","name":"Gracias A T\u00ed - Di Benedetto Productions","isPartOf":{"@id":"https:\/\/dibenedettoproductions.com\/#website"},"datePublished":"2021-02-25T09:56:56+00:00","dateModified":"2021-08-05T15:14:04+00:00","breadcrumb":{"@id":"https:\/\/dibenedettoproductions.com\/?page_id=4221#breadcrumb"},"inLanguage":"it-IT","potentialAction":[{"@type":"ReadAction","target":["https:\/\/dibenedettoproductions.com\/?page_id=4221"]}]},{"@type":"BreadcrumbList","@id":"https:\/\/dibenedettoproductions.com\/?page_id=4221#breadcrumb","itemListElement":[{"@type":"ListItem","position":1,"name":"Home","item":"https:\/\/dibenedettoproductions.com\/"},{"@type":"ListItem","position":2,"name":"Gracias A T\u00ed"}]},{"@type":"WebSite","@id":"https:\/\/dibenedettoproductions.com\/#website","url":"https:\/\/dibenedettoproductions.com\/","name":"Di Benedetto Productions","description":"","publisher":{"@id":"https:\/\/dibenedettoproductions.com\/#organization"},"potentialAction":[{"@type":"SearchAction","target":{"@type":"EntryPoint","urlTemplate":"https:\/\/dibenedettoproductions.com\/?s={search_term_string}"},"query-input":"required name=search_term_string"}],"inLanguage":"it-IT"},{"@type":"Organization","@id":"https:\/\/dibenedettoproductions.com\/#organization","name":"DI BENEDETTO PRODUCTIONS","url":"https:\/\/dibenedettoproductions.com\/","sameAs":[],"logo":{"@type":"ImageObject","inLanguage":"it-IT","@id":"https:\/\/dibenedettoproductions.com\/#\/schema\/logo\/image\/","url":"https:\/\/dibenedettoproductions.com\/wp-content\/uploads\/2021\/09\/logo_di_benedetto_productions.jpg","contentUrl":"https:\/\/dibenedettoproductions.com\/wp-content\/uploads\/2021\/09\/logo_di_benedetto_productions.jpg","width":225,"height":225,"caption":"DI BENEDETTO PRODUCTIONS"},"image":{"@id":"https:\/\/dibenedettoproductions.com\/#\/schema\/logo\/image\/"}}]}},"_links":{"self":[{"href":"https:\/\/dibenedettoproductions.com\/index.php?rest_route=\/wp\/v2\/pages\/4221","targetHints":{"allow":["GET"]}}],"collection":[{"href":"https:\/\/dibenedettoproductions.com\/index.php?rest_route=\/wp\/v2\/pages"}],"about":[{"href":"https:\/\/dibenedettoproductions.com\/index.php?rest_route=\/wp\/v2\/types\/page"}],"author":[{"embeddable":true,"href":"https:\/\/dibenedettoproductions.com\/index.php?rest_route=\/wp\/v2\/users\/1"}],"replies":[{"embeddable":true,"href":"https:\/\/dibenedettoproductions.com\/index.php?rest_route=%2Fwp%2Fv2%2Fcomments&post=4221"}],"version-history":[{"count":7,"href":"https:\/\/dibenedettoproductions.com\/index.php?rest_route=\/wp\/v2\/pages\/4221\/revisions"}],"predecessor-version":[{"id":5713,"href":"https:\/\/dibenedettoproductions.com\/index.php?rest_route=\/wp\/v2\/pages\/4221\/revisions\/5713"}],"wp:attachment":[{"href":"https:\/\/dibenedettoproductions.com\/index.php?rest_route=%2Fwp%2Fv2%2Fmedia&parent=4221"}],"wp:term":[{"taxonomy":"category","embeddable":true,"href":"https:\/\/dibenedettoproductions.com\/index.php?rest_route=%2Fwp%2Fv2%2Fcategories&post=4221"},{"taxonomy":"post_tag","embeddable":true,"href":"https:\/\/dibenedettoproductions.com\/index.php?rest_route=%2Fwp%2Fv2%2Ftags&post=4221"}],"curies":[{"name":"wp","href":"https:\/\/api.w.org\/{rel}","templated":true}]}}