{"id":4205,"date":"2021-02-25T09:42:47","date_gmt":"2021-02-25T09:42:47","guid":{"rendered":"https:\/\/dibenedettoproductions.com\/?page_id=4205"},"modified":"2021-08-05T15:04:27","modified_gmt":"2021-08-05T15:04:27","slug":"echale-azucar","status":"publish","type":"page","link":"https:\/\/dibenedettoproductions.com\/?page_id=4205","title":{"rendered":"Echale Azucar"},"content":{"rendered":"\t\t<div data-elementor-type=\"wp-page\" data-elementor-id=\"4205\" class=\"elementor elementor-4205\" data-elementor-settings=\"[]\">\n\t\t\t\t\t\t<div class=\"elementor-inner\">\n\t\t\t\t\t\t\t<div class=\"elementor-section-wrap\">\n\t\t\t\t\t\t\t<section class=\"elementor-section elementor-top-section elementor-element elementor-element-505a234 elementor-section-stretched elementor-section-boxed elementor-section-height-default elementor-section-height-default\" data-id=\"505a234\" data-element_type=\"section\" data-settings=\"{&quot;stretch_section&quot;:&quot;section-stretched&quot;,&quot;background_background&quot;:&quot;classic&quot;}\">\n\t\t\t\t\t\t<div class=\"elementor-container elementor-column-gap-default\">\n\t\t\t\t\t\t\t<div class=\"elementor-row\">\n\t\t\t\t\t<div class=\"elementor-column elementor-col-25 elementor-top-column elementor-element elementor-element-1e858f3\" data-id=\"1e858f3\" data-element_type=\"column\">\n\t\t\t<div class=\"elementor-column-wrap elementor-element-populated\">\n\t\t\t\t\t\t\t<div class=\"elementor-widget-wrap\">\n\t\t\t\t\t\t<div class=\"elementor-element elementor-element-d23e893 elementor-align-center elementor-widget elementor-widget-button\" data-id=\"d23e893\" data-element_type=\"widget\" data-widget_type=\"button.default\">\n\t\t\t\t<div class=\"elementor-widget-container\">\n\t\t\t\t\t<div class=\"elementor-button-wrapper\">\n\t\t\t<a href=\"https:\/\/open.spotify.com\/track\/2HgMYOPNrrPKwrsLruUvs5?si=YwELblBLS8aRl53ppTG7Iw%20\" class=\"elementor-button-link elementor-button elementor-size-sm\" role=\"button\">\n\t\t\t\t\t\t<span class=\"elementor-button-content-wrapper\">\n\t\t\t\t\t\t<span class=\"elementor-button-text\">SPOTIFY<\/span>\n\t\t<\/span>\n\t\t\t\t\t<\/a>\n\t\t<\/div>\n\t\t\t\t<\/div>\n\t\t\t\t<\/div>\n\t\t\t\t\t\t<\/div>\n\t\t\t\t\t<\/div>\n\t\t<\/div>\n\t\t\t\t<div class=\"elementor-column elementor-col-25 elementor-top-column elementor-element elementor-element-96f4fab\" data-id=\"96f4fab\" data-element_type=\"column\">\n\t\t\t<div class=\"elementor-column-wrap elementor-element-populated\">\n\t\t\t\t\t\t\t<div class=\"elementor-widget-wrap\">\n\t\t\t\t\t\t<div class=\"elementor-element elementor-element-cac3251 elementor-align-center elementor-widget elementor-widget-button\" data-id=\"cac3251\" data-element_type=\"widget\" data-widget_type=\"button.default\">\n\t\t\t\t<div class=\"elementor-widget-container\">\n\t\t\t\t\t<div class=\"elementor-button-wrapper\">\n\t\t\t<a href=\"https:\/\/music.apple.com\/us\/album\/echale-azucar\/1483775285?i=1483775287%20\" class=\"elementor-button-link elementor-button elementor-size-sm\" role=\"button\">\n\t\t\t\t\t\t<span class=\"elementor-button-content-wrapper\">\n\t\t\t\t\t\t<span class=\"elementor-button-text\">APPLE MUSIC<\/span>\n\t\t<\/span>\n\t\t\t\t\t<\/a>\n\t\t<\/div>\n\t\t\t\t<\/div>\n\t\t\t\t<\/div>\n\t\t\t\t\t\t<\/div>\n\t\t\t\t\t<\/div>\n\t\t<\/div>\n\t\t\t\t<div class=\"elementor-column elementor-col-25 elementor-top-column elementor-element elementor-element-f49b1b5\" data-id=\"f49b1b5\" data-element_type=\"column\">\n\t\t\t<div class=\"elementor-column-wrap elementor-element-populated\">\n\t\t\t\t\t\t\t<div class=\"elementor-widget-wrap\">\n\t\t\t\t\t\t<div class=\"elementor-element elementor-element-aa7a8b2 elementor-align-center elementor-widget elementor-widget-button\" data-id=\"aa7a8b2\" data-element_type=\"widget\" data-widget_type=\"button.default\">\n\t\t\t\t<div class=\"elementor-widget-container\">\n\t\t\t\t\t<div class=\"elementor-button-wrapper\">\n\t\t\t<a href=\"https:\/\/deezer.page.link\/uXVoVPL2onNHqWiP8\" class=\"elementor-button-link elementor-button elementor-size-sm\" role=\"button\">\n\t\t\t\t\t\t<span class=\"elementor-button-content-wrapper\">\n\t\t\t\t\t\t<span class=\"elementor-button-text\">DEEZER<\/span>\n\t\t<\/span>\n\t\t\t\t\t<\/a>\n\t\t<\/div>\n\t\t\t\t<\/div>\n\t\t\t\t<\/div>\n\t\t\t\t\t\t<\/div>\n\t\t\t\t\t<\/div>\n\t\t<\/div>\n\t\t\t\t<div class=\"elementor-column elementor-col-25 elementor-top-column elementor-element elementor-element-442f663\" data-id=\"442f663\" data-element_type=\"column\">\n\t\t\t<div class=\"elementor-column-wrap elementor-element-populated\">\n\t\t\t\t\t\t\t<div class=\"elementor-widget-wrap\">\n\t\t\t\t\t\t<div class=\"elementor-element elementor-element-ecbacc0 elementor-align-center elementor-widget elementor-widget-button\" data-id=\"ecbacc0\" data-element_type=\"widget\" data-widget_type=\"button.default\">\n\t\t\t\t<div class=\"elementor-widget-container\">\n\t\t\t\t\t<div class=\"elementor-button-wrapper\">\n\t\t\t<a href=\"https:\/\/music.amazon.com\/albums\/B07Z6JQ7TM?trackAsin=B07Z6K9CTQ&#038;ref=dm_sh_f0b8-510a-dmcp-5d45-3e8a9&#038;musicTerritory=US&#038;marketplaceId=ATVPDKIKX0DER%20\" class=\"elementor-button-link elementor-button elementor-size-sm\" role=\"button\">\n\t\t\t\t\t\t<span class=\"elementor-button-content-wrapper\">\n\t\t\t\t\t\t<span class=\"elementor-button-text\">AMAZON MUSIC<\/span>\n\t\t<\/span>\n\t\t\t\t\t<\/a>\n\t\t<\/div>\n\t\t\t\t<\/div>\n\t\t\t\t<\/div>\n\t\t\t\t\t\t<\/div>\n\t\t\t\t\t<\/div>\n\t\t<\/div>\n\t\t\t\t\t\t\t\t<\/div>\n\t\t\t\t\t<\/div>\n\t\t<\/section>\n\t\t\t\t<section class=\"elementor-section elementor-top-section elementor-element elementor-element-bb0a536 elementor-section-stretched elementor-section-boxed elementor-section-height-default elementor-section-height-default\" data-id=\"bb0a536\" data-element_type=\"section\" data-settings=\"{&quot;stretch_section&quot;:&quot;section-stretched&quot;,&quot;background_background&quot;:&quot;classic&quot;}\">\n\t\t\t\t\t\t<div class=\"elementor-container elementor-column-gap-default\">\n\t\t\t\t\t\t\t<div class=\"elementor-row\">\n\t\t\t\t\t<div class=\"elementor-column elementor-col-100 elementor-top-column elementor-element elementor-element-5d6b640\" data-id=\"5d6b640\" data-element_type=\"column\">\n\t\t\t<div class=\"elementor-column-wrap elementor-element-populated\">\n\t\t\t\t\t\t\t<div class=\"elementor-widget-wrap\">\n\t\t\t\t\t\t<div class=\"elementor-element elementor-element-ecedba1 elementor-widget elementor-widget-text-editor\" data-id=\"ecedba1\" data-element_type=\"widget\" data-widget_type=\"text-editor.default\">\n\t\t\t\t<div class=\"elementor-widget-container\">\n\t\t\t\t\t\t\t\t<div class=\"elementor-text-editor elementor-clearfix\">\n\t\t\t\t<div><p style=\"text-align: center;\"><span style=\"color: #ffffff;\">Para ti beb\u00e9 un asere que bola<\/span><\/p><p style=\"text-align: center;\"><span style=\"color: #ffffff;\">Es lo primero que se escucha<\/span><\/p><p style=\"text-align: center;\"><span style=\"color: #ffffff;\">A ba\u00f1arse en cubo pocos tienen ducha<\/span><\/p><p style=\"text-align: center;\"><span style=\"color: #ffffff;\">Me cri\u00f3 el Pidio Valdez y aprendimos de la chu cha<\/span><\/p><p style=\"text-align: center;\"><span style=\"color: #ffffff;\">El cubano es luchador el casi ni coge lucha<\/span><\/p><p style=\"text-align: center;\">\u00a0<\/p><p style=\"text-align: center;\"><span style=\"color: #ffffff;\">Asere que bola todo cambi\u00f3<\/span><\/p><p style=\"text-align: center;\"><span style=\"color: #ffffff;\">Sal\u00ed del barrio y el barrio y yo<\/span><\/p><p style=\"text-align: center;\"><span style=\"color: #ffffff;\">Soy el cantante H\u00e9ctor la Voz<\/span><\/p><p style=\"text-align: center;\"><span style=\"color: #ffffff;\">Y como el Benny traje el saz\u00f3n<\/span><\/p><p style=\"text-align: center;\"><span style=\"color: #ffffff;\">Humilde y de las cuatros esquina viva mi elegua<\/span><\/p><p style=\"text-align: center;\"><span style=\"color: #ffffff;\">Orgullosa est\u00e1 mi oshun orgullosa mi mam\u00e1<\/span><\/p><p style=\"text-align: center;\"><span style=\"color: #ffffff;\">Represento mi bandera, mi estrella y mi ciudad<\/span><\/p><p style=\"text-align: center;\">\u00a0<\/p><p style=\"text-align: center;\"><span style=\"color: #ffffff;\">Si est\u00e1 salado \u00e9chale az\u00facar<\/span><\/p><p style=\"text-align: center;\"><span style=\"color: #ffffff;\">\u00c9chale az\u00facar, \u00e9chale az\u00facar \u00e9chale az\u00facar<\/span><\/p><p style=\"text-align: center;\"><span style=\"color: #ffffff;\">Si est\u00e1 salado \u00e9chale az\u00facar<\/span><\/p><p style=\"text-align: center;\"><span style=\"color: #ffffff;\">\u00c9chale az\u00facar<\/span><\/p><p style=\"text-align: center;\">\u00a0<\/p><p style=\"text-align: center;\"><span style=\"color: #ffffff;\">Con la bendici\u00f3n de eshu yo soy de la esquina<\/span><\/p><p style=\"text-align: center;\"><span style=\"color: #ffffff;\">Trajimos el chicharr\u00f3n que le hace falta a la harina<\/span><\/p><p style=\"text-align: center;\"><span style=\"color: #ffffff;\">Orula me bendijo y me mand\u00f3 porque se rima<\/span><\/p><p style=\"text-align: center;\"><span style=\"color: #ffffff;\">Me hago ebbo con gallo porque eso me camina<\/span><\/p><p style=\"text-align: center;\"><span style=\"color: #ffffff;\">La habana est\u00e1 caliente nacido en Marianao<\/span><\/p><p style=\"text-align: center;\"><span style=\"color: #ffffff;\">Puro por favor t\u00edrame un granizado<\/span><\/p><p style=\"text-align: center;\"><span style=\"color: #ffffff;\">Hace calor mi gente y en la guagua todo apretado<\/span><\/p><p style=\"text-align: center;\"><span style=\"color: #ffffff;\">Pero somos de la habana y estamos coronado<\/span><\/p><p style=\"text-align: center;\"><span style=\"color: #ffffff;\">Chivichana, trompo, papalote<\/span><\/p><p style=\"text-align: center;\"><span style=\"color: #ffffff;\">Bulla en la esquina con los amigotes<\/span><\/p><p style=\"text-align: center;\"><span style=\"color: #ffffff;\">Aqu\u00ed los bomberos no pagan bigote<\/span><\/p><p style=\"text-align: center;\"><span style=\"color: #ffffff;\">Pasa el bal\u00f3n y no me formes bote<\/span><\/p><p style=\"text-align: center;\"><span style=\"color: #ffffff;\">S\u00e1banas blancas en la tendedera<\/span><\/p><p style=\"text-align: center;\"><span style=\"color: #ffffff;\">En los balcones est\u00e1 mi bandera<\/span><\/p><p style=\"text-align: center;\"><span style=\"color: #ffffff;\">El cubano es loco y se desespera<\/span><\/p><p style=\"text-align: center;\"><span style=\"color: #ffffff;\">Y el saz\u00f3n m\u00e1s rico era el de mi abuela<\/span><\/p><p style=\"text-align: center;\"><span style=\"color: #ffffff;\">Est\u00e1n tocando y bailando elegua<\/span><\/p><p style=\"text-align: center;\"><span style=\"color: #ffffff;\">Ache mi padre ache baba<\/span><\/p><p style=\"text-align: center;\"><span style=\"color: #ffffff;\">Tierra de orula tierra de ifa<\/span><\/p><p style=\"text-align: center;\"><span style=\"color: #ffffff;\">Esta es mi Cuba aqu\u00ed no hay m\u00e1s nada<\/span><\/p><p style=\"text-align: center;\"><span style=\"color: #ffffff;\">La hoya en la candela se abland\u00f3 la yuca<\/span><\/p><p style=\"text-align: center;\"><span style=\"color: #ffffff;\">Tr\u00e1igame tabaco<\/span><\/p><p style=\"text-align: center;\">\u00a0<\/p><p style=\"text-align: center;\"><span style=\"color: #ffffff;\">Si est\u00e1 salado \u00e9chale az\u00facar, \u00e9chale az\u00facar, \u00e9chale az\u00facar, \u00e9chale az\u00facar<\/span><\/p><p style=\"text-align: center;\"><span style=\"color: #ffffff;\">Si est\u00e1 salado \u00e9chale az\u00facar<\/span><\/p><p style=\"text-align: center;\"><span style=\"color: #ffffff;\">\u00c9chale az\u00facar<\/span><\/p><p style=\"text-align: center;\">\u00a0<\/p><p style=\"text-align: center;\"><span style=\"color: #ffffff;\">Cada vez te la ense\u00f1amos y mira c\u00f3mo se nos dio<\/span><\/p><p style=\"text-align: center;\"><span style=\"color: #ffffff;\">Maferefun orula maferefun chango<\/span><\/p><p style=\"text-align: center;\"><span style=\"color: #ffffff;\">Yo solo, nadie me la regal\u00f3 dice<\/span><\/p><p style=\"text-align: center;\"><span style=\"color: #ffffff;\">Si te metes te quito yo<\/span><\/p><p style=\"text-align: center;\"><span style=\"color: #ffffff;\">Me llev\u00e9 donde hay un r\u00edo tabaco y ca\u00f1averal<\/span><\/p><p style=\"text-align: center;\"><span style=\"color: #ffffff;\">Yo soy de la timbalaye vamos todos a cantar<\/span><\/p><p style=\"text-align: center;\"><span style=\"color: #ffffff;\">Y estos son, son tres que valen por un mont\u00f3n<\/span><\/p><p style=\"text-align: center;\">\u00a0<\/p><p style=\"text-align: center;\"><span style=\"color: #ffffff;\">Si est\u00e1 salado \u00e9chale az\u00facar, \u00e9chale az\u00facar, \u00e9chale az\u00facar, \u00e9chale az\u00facar<\/span><\/p><p style=\"text-align: center;\"><span style=\"color: #ffffff;\">Si est\u00e1 salado \u00e9chale az\u00facar<\/span><\/p><p style=\"text-align: center;\"><span style=\"color: #ffffff;\">\u00c9chale az\u00facar<\/span><\/p><\/div>\t\t\t\t\t<\/div>\n\t\t\t\t\t\t<\/div>\n\t\t\t\t<\/div>\n\t\t\t\t\t\t<\/div>\n\t\t\t\t\t<\/div>\n\t\t<\/div>\n\t\t\t\t\t\t\t\t<\/div>\n\t\t\t\t\t<\/div>\n\t\t<\/section>\n\t\t\t\t\t\t<\/div>\n\t\t\t\t\t\t<\/div>\n\t\t\t\t\t<\/div>\n\t\t","protected":false},"excerpt":{"rendered":"<p>SPOTIFY APPLE MUSIC DEEZER AMAZON MUSIC Para ti beb\u00e9 un asere que bola Es lo primero que se escucha A ba\u00f1arse en cubo pocos tienen ducha Me cri\u00f3 el Pidio Valdez y aprendimos de la chu cha El cubano es luchador el casi ni coge lucha \u00a0 Asere que bola todo cambi\u00f3 Sal\u00ed del barrio.<\/p>\n","protected":false},"author":1,"featured_media":0,"parent":0,"menu_order":0,"comment_status":"closed","ping_status":"closed","template":"","meta":{"footnotes":""},"categories":[42],"tags":[],"class_list":["post-4205","page","type-page","status-publish","hentry","category-testi"],"yoast_head":"<!-- This site is optimized with the Yoast SEO plugin v19.6.1 - https:\/\/yoast.com\/wordpress\/plugins\/seo\/ -->\n<title>Echale Azucar - Di Benedetto Productions<\/title>\n<meta name=\"robots\" content=\"index, follow, max-snippet:-1, max-image-preview:large, max-video-preview:-1\" \/>\n<link rel=\"canonical\" href=\"https:\/\/dibenedettoproductions.com\/?page_id=4205\" \/>\n<meta property=\"og:locale\" content=\"it_IT\" \/>\n<meta property=\"og:type\" content=\"article\" \/>\n<meta property=\"og:title\" content=\"Echale Azucar - Di Benedetto Productions\" \/>\n<meta property=\"og:description\" content=\"SPOTIFY APPLE MUSIC DEEZER AMAZON MUSIC Para ti beb\u00e9 un asere que bola Es lo primero que se escucha A ba\u00f1arse en cubo pocos tienen ducha Me cri\u00f3 el Pidio Valdez y aprendimos de la chu cha El cubano es luchador el casi ni coge lucha \u00a0 Asere que bola todo cambi\u00f3 Sal\u00ed del barrio.\" \/>\n<meta property=\"og:url\" content=\"https:\/\/dibenedettoproductions.com\/?page_id=4205\" \/>\n<meta property=\"og:site_name\" content=\"Di Benedetto Productions\" \/>\n<meta property=\"article:modified_time\" content=\"2021-08-05T15:04:27+00:00\" \/>\n<meta name=\"twitter:card\" content=\"summary_large_image\" \/>\n<meta name=\"twitter:label1\" content=\"Tempo di lettura stimato\" \/>\n\t<meta name=\"twitter:data1\" content=\"2 minuti\" \/>\n<script type=\"application\/ld+json\" class=\"yoast-schema-graph\">{\"@context\":\"https:\/\/schema.org\",\"@graph\":[{\"@type\":\"WebPage\",\"@id\":\"https:\/\/dibenedettoproductions.com\/?page_id=4205\",\"url\":\"https:\/\/dibenedettoproductions.com\/?page_id=4205\",\"name\":\"Echale Azucar - Di Benedetto Productions\",\"isPartOf\":{\"@id\":\"https:\/\/dibenedettoproductions.com\/#website\"},\"datePublished\":\"2021-02-25T09:42:47+00:00\",\"dateModified\":\"2021-08-05T15:04:27+00:00\",\"breadcrumb\":{\"@id\":\"https:\/\/dibenedettoproductions.com\/?page_id=4205#breadcrumb\"},\"inLanguage\":\"it-IT\",\"potentialAction\":[{\"@type\":\"ReadAction\",\"target\":[\"https:\/\/dibenedettoproductions.com\/?page_id=4205\"]}]},{\"@type\":\"BreadcrumbList\",\"@id\":\"https:\/\/dibenedettoproductions.com\/?page_id=4205#breadcrumb\",\"itemListElement\":[{\"@type\":\"ListItem\",\"position\":1,\"name\":\"Home\",\"item\":\"https:\/\/dibenedettoproductions.com\/\"},{\"@type\":\"ListItem\",\"position\":2,\"name\":\"Echale Azucar\"}]},{\"@type\":\"WebSite\",\"@id\":\"https:\/\/dibenedettoproductions.com\/#website\",\"url\":\"https:\/\/dibenedettoproductions.com\/\",\"name\":\"Di Benedetto Productions\",\"description\":\"\",\"publisher\":{\"@id\":\"https:\/\/dibenedettoproductions.com\/#organization\"},\"potentialAction\":[{\"@type\":\"SearchAction\",\"target\":{\"@type\":\"EntryPoint\",\"urlTemplate\":\"https:\/\/dibenedettoproductions.com\/?s={search_term_string}\"},\"query-input\":\"required name=search_term_string\"}],\"inLanguage\":\"it-IT\"},{\"@type\":\"Organization\",\"@id\":\"https:\/\/dibenedettoproductions.com\/#organization\",\"name\":\"DI BENEDETTO PRODUCTIONS\",\"url\":\"https:\/\/dibenedettoproductions.com\/\",\"sameAs\":[],\"logo\":{\"@type\":\"ImageObject\",\"inLanguage\":\"it-IT\",\"@id\":\"https:\/\/dibenedettoproductions.com\/#\/schema\/logo\/image\/\",\"url\":\"https:\/\/dibenedettoproductions.com\/wp-content\/uploads\/2021\/09\/logo_di_benedetto_productions.jpg\",\"contentUrl\":\"https:\/\/dibenedettoproductions.com\/wp-content\/uploads\/2021\/09\/logo_di_benedetto_productions.jpg\",\"width\":225,\"height\":225,\"caption\":\"DI BENEDETTO PRODUCTIONS\"},\"image\":{\"@id\":\"https:\/\/dibenedettoproductions.com\/#\/schema\/logo\/image\/\"}}]}<\/script>\n<!-- \/ Yoast SEO plugin. -->","yoast_head_json":{"title":"Echale Azucar - Di Benedetto Productions","robots":{"index":"index","follow":"follow","max-snippet":"max-snippet:-1","max-image-preview":"max-image-preview:large","max-video-preview":"max-video-preview:-1"},"canonical":"https:\/\/dibenedettoproductions.com\/?page_id=4205","og_locale":"it_IT","og_type":"article","og_title":"Echale Azucar - Di Benedetto Productions","og_description":"SPOTIFY APPLE MUSIC DEEZER AMAZON MUSIC Para ti beb\u00e9 un asere que bola Es lo primero que se escucha A ba\u00f1arse en cubo pocos tienen ducha Me cri\u00f3 el Pidio Valdez y aprendimos de la chu cha El cubano es luchador el casi ni coge lucha \u00a0 Asere que bola todo cambi\u00f3 Sal\u00ed del barrio.","og_url":"https:\/\/dibenedettoproductions.com\/?page_id=4205","og_site_name":"Di Benedetto Productions","article_modified_time":"2021-08-05T15:04:27+00:00","twitter_card":"summary_large_image","twitter_misc":{"Tempo di lettura stimato":"2 minuti"},"schema":{"@context":"https:\/\/schema.org","@graph":[{"@type":"WebPage","@id":"https:\/\/dibenedettoproductions.com\/?page_id=4205","url":"https:\/\/dibenedettoproductions.com\/?page_id=4205","name":"Echale Azucar - Di Benedetto Productions","isPartOf":{"@id":"https:\/\/dibenedettoproductions.com\/#website"},"datePublished":"2021-02-25T09:42:47+00:00","dateModified":"2021-08-05T15:04:27+00:00","breadcrumb":{"@id":"https:\/\/dibenedettoproductions.com\/?page_id=4205#breadcrumb"},"inLanguage":"it-IT","potentialAction":[{"@type":"ReadAction","target":["https:\/\/dibenedettoproductions.com\/?page_id=4205"]}]},{"@type":"BreadcrumbList","@id":"https:\/\/dibenedettoproductions.com\/?page_id=4205#breadcrumb","itemListElement":[{"@type":"ListItem","position":1,"name":"Home","item":"https:\/\/dibenedettoproductions.com\/"},{"@type":"ListItem","position":2,"name":"Echale Azucar"}]},{"@type":"WebSite","@id":"https:\/\/dibenedettoproductions.com\/#website","url":"https:\/\/dibenedettoproductions.com\/","name":"Di Benedetto Productions","description":"","publisher":{"@id":"https:\/\/dibenedettoproductions.com\/#organization"},"potentialAction":[{"@type":"SearchAction","target":{"@type":"EntryPoint","urlTemplate":"https:\/\/dibenedettoproductions.com\/?s={search_term_string}"},"query-input":"required name=search_term_string"}],"inLanguage":"it-IT"},{"@type":"Organization","@id":"https:\/\/dibenedettoproductions.com\/#organization","name":"DI BENEDETTO PRODUCTIONS","url":"https:\/\/dibenedettoproductions.com\/","sameAs":[],"logo":{"@type":"ImageObject","inLanguage":"it-IT","@id":"https:\/\/dibenedettoproductions.com\/#\/schema\/logo\/image\/","url":"https:\/\/dibenedettoproductions.com\/wp-content\/uploads\/2021\/09\/logo_di_benedetto_productions.jpg","contentUrl":"https:\/\/dibenedettoproductions.com\/wp-content\/uploads\/2021\/09\/logo_di_benedetto_productions.jpg","width":225,"height":225,"caption":"DI BENEDETTO PRODUCTIONS"},"image":{"@id":"https:\/\/dibenedettoproductions.com\/#\/schema\/logo\/image\/"}}]}},"_links":{"self":[{"href":"https:\/\/dibenedettoproductions.com\/index.php?rest_route=\/wp\/v2\/pages\/4205","targetHints":{"allow":["GET"]}}],"collection":[{"href":"https:\/\/dibenedettoproductions.com\/index.php?rest_route=\/wp\/v2\/pages"}],"about":[{"href":"https:\/\/dibenedettoproductions.com\/index.php?rest_route=\/wp\/v2\/types\/page"}],"author":[{"embeddable":true,"href":"https:\/\/dibenedettoproductions.com\/index.php?rest_route=\/wp\/v2\/users\/1"}],"replies":[{"embeddable":true,"href":"https:\/\/dibenedettoproductions.com\/index.php?rest_route=%2Fwp%2Fv2%2Fcomments&post=4205"}],"version-history":[{"count":7,"href":"https:\/\/dibenedettoproductions.com\/index.php?rest_route=\/wp\/v2\/pages\/4205\/revisions"}],"predecessor-version":[{"id":5677,"href":"https:\/\/dibenedettoproductions.com\/index.php?rest_route=\/wp\/v2\/pages\/4205\/revisions\/5677"}],"wp:attachment":[{"href":"https:\/\/dibenedettoproductions.com\/index.php?rest_route=%2Fwp%2Fv2%2Fmedia&parent=4205"}],"wp:term":[{"taxonomy":"category","embeddable":true,"href":"https:\/\/dibenedettoproductions.com\/index.php?rest_route=%2Fwp%2Fv2%2Fcategories&post=4205"},{"taxonomy":"post_tag","embeddable":true,"href":"https:\/\/dibenedettoproductions.com\/index.php?rest_route=%2Fwp%2Fv2%2Ftags&post=4205"}],"curies":[{"name":"wp","href":"https:\/\/api.w.org\/{rel}","templated":true}]}}