{"id":4172,"date":"2021-02-25T09:16:57","date_gmt":"2021-02-25T09:16:57","guid":{"rendered":"https:\/\/dibenedettoproductions.com\/?page_id=4172"},"modified":"2021-08-05T14:57:13","modified_gmt":"2021-08-05T14:57:13","slug":"amnesia","status":"publish","type":"page","link":"https:\/\/dibenedettoproductions.com\/?page_id=4172","title":{"rendered":"Amnesia"},"content":{"rendered":"\t\t<div data-elementor-type=\"wp-page\" data-elementor-id=\"4172\" class=\"elementor elementor-4172\" data-elementor-settings=\"[]\">\n\t\t\t\t\t\t<div class=\"elementor-inner\">\n\t\t\t\t\t\t\t<div class=\"elementor-section-wrap\">\n\t\t\t\t\t\t\t<section class=\"elementor-section elementor-top-section elementor-element elementor-element-38ca228 elementor-section-stretched elementor-section-boxed elementor-section-height-default elementor-section-height-default\" data-id=\"38ca228\" data-element_type=\"section\" data-settings=\"{&quot;stretch_section&quot;:&quot;section-stretched&quot;,&quot;background_background&quot;:&quot;classic&quot;}\">\n\t\t\t\t\t\t<div class=\"elementor-container elementor-column-gap-default\">\n\t\t\t\t\t\t\t<div class=\"elementor-row\">\n\t\t\t\t\t<div class=\"elementor-column elementor-col-25 elementor-top-column elementor-element elementor-element-b387235\" data-id=\"b387235\" data-element_type=\"column\">\n\t\t\t<div class=\"elementor-column-wrap elementor-element-populated\">\n\t\t\t\t\t\t\t<div class=\"elementor-widget-wrap\">\n\t\t\t\t\t\t<div class=\"elementor-element elementor-element-2cfe214 elementor-align-center elementor-widget elementor-widget-button\" data-id=\"2cfe214\" data-element_type=\"widget\" data-widget_type=\"button.default\">\n\t\t\t\t<div class=\"elementor-widget-container\">\n\t\t\t\t\t<div class=\"elementor-button-wrapper\">\n\t\t\t<a href=\"https:\/\/open.spotify.com\/track\/1jtZrxxXb70imz9bDzn0gZ?si=8H3iNF0oQ-KmczcoegmLAQ%20\" class=\"elementor-button-link elementor-button elementor-size-sm\" role=\"button\">\n\t\t\t\t\t\t<span class=\"elementor-button-content-wrapper\">\n\t\t\t\t\t\t<span class=\"elementor-button-text\">SPOTIFY<\/span>\n\t\t<\/span>\n\t\t\t\t\t<\/a>\n\t\t<\/div>\n\t\t\t\t<\/div>\n\t\t\t\t<\/div>\n\t\t\t\t\t\t<\/div>\n\t\t\t\t\t<\/div>\n\t\t<\/div>\n\t\t\t\t<div class=\"elementor-column elementor-col-25 elementor-top-column elementor-element elementor-element-5ade9f8\" data-id=\"5ade9f8\" data-element_type=\"column\">\n\t\t\t<div class=\"elementor-column-wrap elementor-element-populated\">\n\t\t\t\t\t\t\t<div class=\"elementor-widget-wrap\">\n\t\t\t\t\t\t<div class=\"elementor-element elementor-element-adc251b elementor-align-center elementor-widget elementor-widget-button\" data-id=\"adc251b\" data-element_type=\"widget\" data-widget_type=\"button.default\">\n\t\t\t\t<div class=\"elementor-widget-container\">\n\t\t\t\t\t<div class=\"elementor-button-wrapper\">\n\t\t\t<a href=\"https:\/\/music.apple.com\/us\/album\/amnesia\/1514617381?i=1514617382%20\" class=\"elementor-button-link elementor-button elementor-size-sm\" role=\"button\">\n\t\t\t\t\t\t<span class=\"elementor-button-content-wrapper\">\n\t\t\t\t\t\t<span class=\"elementor-button-text\">APPLE MUSIC<\/span>\n\t\t<\/span>\n\t\t\t\t\t<\/a>\n\t\t<\/div>\n\t\t\t\t<\/div>\n\t\t\t\t<\/div>\n\t\t\t\t\t\t<\/div>\n\t\t\t\t\t<\/div>\n\t\t<\/div>\n\t\t\t\t<div class=\"elementor-column elementor-col-25 elementor-top-column elementor-element elementor-element-3a205f9\" data-id=\"3a205f9\" data-element_type=\"column\">\n\t\t\t<div class=\"elementor-column-wrap elementor-element-populated\">\n\t\t\t\t\t\t\t<div class=\"elementor-widget-wrap\">\n\t\t\t\t\t\t<div class=\"elementor-element elementor-element-fefec4d elementor-align-center elementor-widget elementor-widget-button\" data-id=\"fefec4d\" data-element_type=\"widget\" data-widget_type=\"button.default\">\n\t\t\t\t<div class=\"elementor-widget-container\">\n\t\t\t\t\t<div class=\"elementor-button-wrapper\">\n\t\t\t<a href=\"https:\/\/deezer.page.link\/eHb8vJ6h2vxzjtXH9%20\" class=\"elementor-button-link elementor-button elementor-size-sm\" role=\"button\">\n\t\t\t\t\t\t<span class=\"elementor-button-content-wrapper\">\n\t\t\t\t\t\t<span class=\"elementor-button-text\">DEEZER<\/span>\n\t\t<\/span>\n\t\t\t\t\t<\/a>\n\t\t<\/div>\n\t\t\t\t<\/div>\n\t\t\t\t<\/div>\n\t\t\t\t\t\t<\/div>\n\t\t\t\t\t<\/div>\n\t\t<\/div>\n\t\t\t\t<div class=\"elementor-column elementor-col-25 elementor-top-column elementor-element elementor-element-943acca\" data-id=\"943acca\" data-element_type=\"column\">\n\t\t\t<div class=\"elementor-column-wrap elementor-element-populated\">\n\t\t\t\t\t\t\t<div class=\"elementor-widget-wrap\">\n\t\t\t\t\t\t<div class=\"elementor-element elementor-element-fa321d2 elementor-align-center elementor-widget elementor-widget-button\" data-id=\"fa321d2\" data-element_type=\"widget\" data-widget_type=\"button.default\">\n\t\t\t\t<div class=\"elementor-widget-container\">\n\t\t\t\t\t<div class=\"elementor-button-wrapper\">\n\t\t\t<a href=\"https:\/\/music.amazon.com\/albums\/B088ZKWTX5?trackAsin=B08913PRW4&#038;ref=dm_sh_64b4-ebb9-dmcp-c125-27f33&#038;musicTerritory=US&#038;marketplaceId=ATVPDKIKX0DER%20\" class=\"elementor-button-link elementor-button elementor-size-sm\" role=\"button\">\n\t\t\t\t\t\t<span class=\"elementor-button-content-wrapper\">\n\t\t\t\t\t\t<span class=\"elementor-button-text\">AMAZON MUSIC<\/span>\n\t\t<\/span>\n\t\t\t\t\t<\/a>\n\t\t<\/div>\n\t\t\t\t<\/div>\n\t\t\t\t<\/div>\n\t\t\t\t\t\t<\/div>\n\t\t\t\t\t<\/div>\n\t\t<\/div>\n\t\t\t\t\t\t\t\t<\/div>\n\t\t\t\t\t<\/div>\n\t\t<\/section>\n\t\t\t\t<section class=\"elementor-section elementor-top-section elementor-element elementor-element-a25b0e6 elementor-section-stretched elementor-section-boxed elementor-section-height-default elementor-section-height-default\" data-id=\"a25b0e6\" data-element_type=\"section\" data-settings=\"{&quot;stretch_section&quot;:&quot;section-stretched&quot;,&quot;background_background&quot;:&quot;classic&quot;}\">\n\t\t\t\t\t\t<div class=\"elementor-container elementor-column-gap-default\">\n\t\t\t\t\t\t\t<div class=\"elementor-row\">\n\t\t\t\t\t<div class=\"elementor-column elementor-col-100 elementor-top-column elementor-element elementor-element-b101b6f\" data-id=\"b101b6f\" data-element_type=\"column\">\n\t\t\t<div class=\"elementor-column-wrap elementor-element-populated\">\n\t\t\t\t\t\t\t<div class=\"elementor-widget-wrap\">\n\t\t\t\t\t\t<div class=\"elementor-element elementor-element-f4fdc5c elementor-widget elementor-widget-text-editor\" data-id=\"f4fdc5c\" data-element_type=\"widget\" data-widget_type=\"text-editor.default\">\n\t\t\t\t<div class=\"elementor-widget-container\">\n\t\t\t\t\t\t\t\t<div class=\"elementor-text-editor elementor-clearfix\">\n\t\t\t\t<div><p style=\"text-align: center;\"><span style=\"color: #ffffff;\">Nosotros somos los yakuza<\/span><\/p><p style=\"text-align: center;\">\u00a0<\/p><p style=\"text-align: center;\"><span style=\"color: #ffffff;\">Me pasas por al lado y cambiaste la pose<\/span><\/p><p style=\"text-align: center;\"><span style=\"color: #ffffff;\">Andas con tus amigas que ya ni me conoces<\/span><\/p><p style=\"text-align: center;\"><span style=\"color: #ffffff;\">Ahora dices que te va muy bien<\/span><\/p><p style=\"text-align: center;\"><span style=\"color: #ffffff;\">Que te olvidastes del loco y de sus locuras tambi\u00e9n<\/span><\/p><p style=\"text-align: center;\"><span style=\"color: #ffffff;\">Pero a m\u00ed no se me olvida como t\u00fa gem\u00eda<\/span><\/p><p style=\"text-align: center;\"><span style=\"color: #ffffff;\">Y me dec\u00edas que eras solo m\u00eda<\/span><\/p><p style=\"text-align: center;\">\u00a0<\/p><p style=\"text-align: center;\"><span style=\"color: #ffffff;\">Dime si t\u00fa me olvidaste<\/span><\/p><p style=\"text-align: center;\"><span style=\"color: #ffffff;\">porque yo no logro sacarte de aqu\u00ed<\/span><\/p><p style=\"text-align: center;\"><span style=\"color: #ffffff;\">De adentro de m\u00ed<\/span><\/p><p style=\"text-align: center;\"><span style=\"color: #ffffff;\">Dime si t\u00fa me olvidaste<\/span><\/p><p style=\"text-align: center;\"><span style=\"color: #ffffff;\">pa que me aconsejes a m\u00ed<\/span><\/p><p style=\"text-align: center;\"><span style=\"color: #ffffff;\">Como olvidarme de ti<\/span><\/p><p style=\"text-align: center;\">\u00a0<\/p><p style=\"text-align: center;\"><span style=\"color: #ffffff;\">Dime si olvidastes el caf\u00e9 en la ma\u00f1ana<\/span><\/p><p style=\"text-align: center;\"><span style=\"color: #ffffff;\">Los besos entre las s\u00e1banas el desayuno en la cama<\/span><\/p><p style=\"text-align: center;\"><span style=\"color: #ffffff;\">Dime si olvidastes que hicimos un \u00e1rbol rama<\/span><\/p><p style=\"text-align: center;\"><span style=\"color: #ffffff;\">Dime si olvidastes o mejor dime si me amas<\/span><\/p><p style=\"text-align: center;\"><span style=\"color: #ffffff;\">Dime cuantas noches pasaste pensando en m\u00ed<\/span><\/p><p style=\"text-align: center;\"><span style=\"color: #ffffff;\">Que ya yo ni las cuento y todav\u00eda pienso en ti<\/span><\/p><p style=\"text-align: center;\"><span style=\"color: #ffffff;\">Te extra\u00f1o m\u00e1s que nunca te juro no soy feliz<\/span><\/p><p style=\"text-align: center;\"><span style=\"color: #ffffff;\">Yo se que la culpa es m\u00eda que todo lo destru\u00ed<\/span><\/p><p style=\"text-align: center;\"><span style=\"color: #ffffff;\">Extra\u00f1o tus canciones cuando se va la luz<\/span><\/p><p style=\"text-align: center;\"><span style=\"color: #ffffff;\">Las cartas las damas y el cerito cruz<\/span><\/p><p style=\"text-align: center;\"><span style=\"color: #ffffff;\">Me siento Aladino sin abuuu<\/span><\/p><p style=\"text-align: center;\"><span style=\"color: #ffffff;\">El amor s\u00ed tiene nombre y lo tienes puesto t\u00fa<\/span><\/p><p style=\"text-align: center;\"><span style=\"color: #ffffff;\">Cuando leo tus mensajes te juro que yo te escucho<\/span><\/p><p style=\"text-align: center;\"><span style=\"color: #ffffff;\">No cabe lo que siento decirte te quiero mucho<\/span><\/p><p style=\"text-align: center;\"><span style=\"color: #ffffff;\">Cuando yo te chucho soy un ni\u00f1o debilucho<\/span><\/p><p style=\"text-align: center;\"><span style=\"color: #ffffff;\">Y ahora que no est\u00e1s te juro te extra\u00f1o mucho<\/span><\/p><p style=\"text-align: center;\">\u00a0<\/p><p style=\"text-align: center;\"><span style=\"color: #ffffff;\">Dime si t\u00fa me olvidaste<\/span><\/p><p style=\"text-align: center;\"><span style=\"color: #ffffff;\">porque yo no logro sacarte de aqu\u00ed<\/span><\/p><p style=\"text-align: center;\"><span style=\"color: #ffffff;\">De adentro de m\u00ed<\/span><\/p><p style=\"text-align: center;\"><span style=\"color: #ffffff;\">Dime si t\u00fa me olvidaste<\/span><\/p><p style=\"text-align: center;\"><span style=\"color: #ffffff;\">pa que me aconsejes a m\u00ed<\/span><\/p><p style=\"text-align: center;\"><span style=\"color: #ffffff;\">Como olvidarme de ti<\/span><\/p><p style=\"text-align: center;\">\u00a0<\/p><p style=\"text-align: center;\">\u00a0<\/p><p style=\"text-align: center;\"><span style=\"color: #ffffff;\">Como olvidar tus besos en la madrugada<\/span><\/p><p style=\"text-align: center;\"><span style=\"color: #ffffff;\">Como olvidar si los dos rompimos la cama<\/span><\/p><p style=\"text-align: center;\"><span style=\"color: #ffffff;\">Como logro, como logro<\/span><\/p><p style=\"text-align: center;\"><span style=\"color: #ffffff;\">En esta serie soy tu Rio baby solo en ti confi\u00f3<\/span><\/p><p style=\"text-align: center;\"><span style=\"color: #ffffff;\">Si t\u00fa te vas de al lado m\u00edo el calor se siente fr\u00edo<\/span><\/p><p style=\"text-align: center;\"><span style=\"color: #ffffff;\">Por ti yo mando pal carajo mami<\/span><\/p><p style=\"text-align: center;\"><span style=\"color: #ffffff;\">Sin ti todo se va al carajo mami<\/span><\/p><p style=\"text-align: center;\"><span style=\"color: #ffffff;\">Yo se que te falle ven y perd\u00f3name<\/span><\/p><p style=\"text-align: center;\">\u00a0<\/p><p style=\"text-align: center;\"><span style=\"color: #ffffff;\">Dime si t\u00fa me olvidaste<\/span><\/p><p style=\"text-align: center;\"><span style=\"color: #ffffff;\">porque yo no logro sacarte de aqu\u00ed<\/span><\/p><p style=\"text-align: center;\"><span style=\"color: #ffffff;\">De adentro de m\u00ed<\/span><\/p><p style=\"text-align: center;\"><span style=\"color: #ffffff;\">Dime si t\u00fa me olvidaste<\/span><\/p><p style=\"text-align: center;\"><span style=\"color: #ffffff;\">pa que me aconsejes a m\u00ed<\/span><\/p><p style=\"text-align: center;\"><span style=\"color: #ffffff;\">Como olvidarme de ti<\/span><\/p><p style=\"text-align: center;\">\u00a0<\/p><p style=\"text-align: center;\"><span style=\"color: #ffffff;\">Nosotros somos los yakuza d\u00edselo dachay que andamos con los poderes<\/span><\/p><p style=\"text-align: center;\"><span style=\"color: #ffffff;\">Dile Victorio dile Nico di Benedetto Production la compa\u00f1\u00eda m\u00e1s cabrona<\/span><\/p><p style=\"text-align: center;\"><span style=\"color: #ffffff;\">Recuerda siempre que nosotros andamos con Pipo<\/span><\/p><p style=\"text-align: center;\"><span style=\"color: #ffffff;\">Lachy yonca aisan yo ando con mi banda oite cabron<\/span><\/p><p style=\"text-align: center;\"><span style=\"color: #ffffff;\">En f\u00f3rmula 1 por 31 pa ti bebe<\/span><\/p><\/div>\t\t\t\t\t<\/div>\n\t\t\t\t\t\t<\/div>\n\t\t\t\t<\/div>\n\t\t\t\t\t\t<\/div>\n\t\t\t\t\t<\/div>\n\t\t<\/div>\n\t\t\t\t\t\t\t\t<\/div>\n\t\t\t\t\t<\/div>\n\t\t<\/section>\n\t\t\t\t\t\t<\/div>\n\t\t\t\t\t\t<\/div>\n\t\t\t\t\t<\/div>\n\t\t","protected":false},"excerpt":{"rendered":"<p>SPOTIFY APPLE MUSIC DEEZER AMAZON MUSIC Nosotros somos los yakuza \u00a0 Me pasas por al lado y cambiaste la pose Andas con tus amigas que ya ni me conoces Ahora dices que te va muy bien Que te olvidastes del loco y de sus locuras tambi\u00e9n Pero a m\u00ed no se me olvida como t\u00fa.<\/p>\n","protected":false},"author":1,"featured_media":0,"parent":0,"menu_order":0,"comment_status":"closed","ping_status":"closed","template":"","meta":{"footnotes":""},"categories":[42],"tags":[],"class_list":["post-4172","page","type-page","status-publish","hentry","category-testi"],"yoast_head":"<!-- This site is optimized with the Yoast SEO plugin v19.6.1 - https:\/\/yoast.com\/wordpress\/plugins\/seo\/ -->\n<title>Amnesia - Di Benedetto Productions<\/title>\n<meta name=\"robots\" content=\"index, follow, max-snippet:-1, max-image-preview:large, max-video-preview:-1\" \/>\n<link rel=\"canonical\" href=\"https:\/\/dibenedettoproductions.com\/?page_id=4172\" \/>\n<meta property=\"og:locale\" content=\"it_IT\" \/>\n<meta property=\"og:type\" content=\"article\" \/>\n<meta property=\"og:title\" content=\"Amnesia - Di Benedetto Productions\" \/>\n<meta property=\"og:description\" content=\"SPOTIFY APPLE MUSIC DEEZER AMAZON MUSIC Nosotros somos los yakuza \u00a0 Me pasas por al lado y cambiaste la pose Andas con tus amigas que ya ni me conoces Ahora dices que te va muy bien Que te olvidastes del loco y de sus locuras tambi\u00e9n Pero a m\u00ed no se me olvida como t\u00fa.\" \/>\n<meta property=\"og:url\" content=\"https:\/\/dibenedettoproductions.com\/?page_id=4172\" \/>\n<meta property=\"og:site_name\" content=\"Di Benedetto Productions\" \/>\n<meta property=\"article:modified_time\" content=\"2021-08-05T14:57:13+00:00\" \/>\n<meta name=\"twitter:card\" content=\"summary_large_image\" \/>\n<meta name=\"twitter:label1\" content=\"Tempo di lettura stimato\" \/>\n\t<meta name=\"twitter:data1\" content=\"2 minuti\" \/>\n<script type=\"application\/ld+json\" class=\"yoast-schema-graph\">{\"@context\":\"https:\/\/schema.org\",\"@graph\":[{\"@type\":\"WebPage\",\"@id\":\"https:\/\/dibenedettoproductions.com\/?page_id=4172\",\"url\":\"https:\/\/dibenedettoproductions.com\/?page_id=4172\",\"name\":\"Amnesia - Di Benedetto Productions\",\"isPartOf\":{\"@id\":\"https:\/\/dibenedettoproductions.com\/#website\"},\"datePublished\":\"2021-02-25T09:16:57+00:00\",\"dateModified\":\"2021-08-05T14:57:13+00:00\",\"breadcrumb\":{\"@id\":\"https:\/\/dibenedettoproductions.com\/?page_id=4172#breadcrumb\"},\"inLanguage\":\"it-IT\",\"potentialAction\":[{\"@type\":\"ReadAction\",\"target\":[\"https:\/\/dibenedettoproductions.com\/?page_id=4172\"]}]},{\"@type\":\"BreadcrumbList\",\"@id\":\"https:\/\/dibenedettoproductions.com\/?page_id=4172#breadcrumb\",\"itemListElement\":[{\"@type\":\"ListItem\",\"position\":1,\"name\":\"Home\",\"item\":\"https:\/\/dibenedettoproductions.com\/\"},{\"@type\":\"ListItem\",\"position\":2,\"name\":\"Amnesia\"}]},{\"@type\":\"WebSite\",\"@id\":\"https:\/\/dibenedettoproductions.com\/#website\",\"url\":\"https:\/\/dibenedettoproductions.com\/\",\"name\":\"Di Benedetto Productions\",\"description\":\"\",\"publisher\":{\"@id\":\"https:\/\/dibenedettoproductions.com\/#organization\"},\"potentialAction\":[{\"@type\":\"SearchAction\",\"target\":{\"@type\":\"EntryPoint\",\"urlTemplate\":\"https:\/\/dibenedettoproductions.com\/?s={search_term_string}\"},\"query-input\":\"required name=search_term_string\"}],\"inLanguage\":\"it-IT\"},{\"@type\":\"Organization\",\"@id\":\"https:\/\/dibenedettoproductions.com\/#organization\",\"name\":\"DI BENEDETTO PRODUCTIONS\",\"url\":\"https:\/\/dibenedettoproductions.com\/\",\"sameAs\":[],\"logo\":{\"@type\":\"ImageObject\",\"inLanguage\":\"it-IT\",\"@id\":\"https:\/\/dibenedettoproductions.com\/#\/schema\/logo\/image\/\",\"url\":\"https:\/\/dibenedettoproductions.com\/wp-content\/uploads\/2021\/09\/logo_di_benedetto_productions.jpg\",\"contentUrl\":\"https:\/\/dibenedettoproductions.com\/wp-content\/uploads\/2021\/09\/logo_di_benedetto_productions.jpg\",\"width\":225,\"height\":225,\"caption\":\"DI BENEDETTO PRODUCTIONS\"},\"image\":{\"@id\":\"https:\/\/dibenedettoproductions.com\/#\/schema\/logo\/image\/\"}}]}<\/script>\n<!-- \/ Yoast SEO plugin. -->","yoast_head_json":{"title":"Amnesia - Di Benedetto Productions","robots":{"index":"index","follow":"follow","max-snippet":"max-snippet:-1","max-image-preview":"max-image-preview:large","max-video-preview":"max-video-preview:-1"},"canonical":"https:\/\/dibenedettoproductions.com\/?page_id=4172","og_locale":"it_IT","og_type":"article","og_title":"Amnesia - Di Benedetto Productions","og_description":"SPOTIFY APPLE MUSIC DEEZER AMAZON MUSIC Nosotros somos los yakuza \u00a0 Me pasas por al lado y cambiaste la pose Andas con tus amigas que ya ni me conoces Ahora dices que te va muy bien Que te olvidastes del loco y de sus locuras tambi\u00e9n Pero a m\u00ed no se me olvida como t\u00fa.","og_url":"https:\/\/dibenedettoproductions.com\/?page_id=4172","og_site_name":"Di Benedetto Productions","article_modified_time":"2021-08-05T14:57:13+00:00","twitter_card":"summary_large_image","twitter_misc":{"Tempo di lettura stimato":"2 minuti"},"schema":{"@context":"https:\/\/schema.org","@graph":[{"@type":"WebPage","@id":"https:\/\/dibenedettoproductions.com\/?page_id=4172","url":"https:\/\/dibenedettoproductions.com\/?page_id=4172","name":"Amnesia - Di Benedetto Productions","isPartOf":{"@id":"https:\/\/dibenedettoproductions.com\/#website"},"datePublished":"2021-02-25T09:16:57+00:00","dateModified":"2021-08-05T14:57:13+00:00","breadcrumb":{"@id":"https:\/\/dibenedettoproductions.com\/?page_id=4172#breadcrumb"},"inLanguage":"it-IT","potentialAction":[{"@type":"ReadAction","target":["https:\/\/dibenedettoproductions.com\/?page_id=4172"]}]},{"@type":"BreadcrumbList","@id":"https:\/\/dibenedettoproductions.com\/?page_id=4172#breadcrumb","itemListElement":[{"@type":"ListItem","position":1,"name":"Home","item":"https:\/\/dibenedettoproductions.com\/"},{"@type":"ListItem","position":2,"name":"Amnesia"}]},{"@type":"WebSite","@id":"https:\/\/dibenedettoproductions.com\/#website","url":"https:\/\/dibenedettoproductions.com\/","name":"Di Benedetto Productions","description":"","publisher":{"@id":"https:\/\/dibenedettoproductions.com\/#organization"},"potentialAction":[{"@type":"SearchAction","target":{"@type":"EntryPoint","urlTemplate":"https:\/\/dibenedettoproductions.com\/?s={search_term_string}"},"query-input":"required name=search_term_string"}],"inLanguage":"it-IT"},{"@type":"Organization","@id":"https:\/\/dibenedettoproductions.com\/#organization","name":"DI BENEDETTO PRODUCTIONS","url":"https:\/\/dibenedettoproductions.com\/","sameAs":[],"logo":{"@type":"ImageObject","inLanguage":"it-IT","@id":"https:\/\/dibenedettoproductions.com\/#\/schema\/logo\/image\/","url":"https:\/\/dibenedettoproductions.com\/wp-content\/uploads\/2021\/09\/logo_di_benedetto_productions.jpg","contentUrl":"https:\/\/dibenedettoproductions.com\/wp-content\/uploads\/2021\/09\/logo_di_benedetto_productions.jpg","width":225,"height":225,"caption":"DI BENEDETTO PRODUCTIONS"},"image":{"@id":"https:\/\/dibenedettoproductions.com\/#\/schema\/logo\/image\/"}}]}},"_links":{"self":[{"href":"https:\/\/dibenedettoproductions.com\/index.php?rest_route=\/wp\/v2\/pages\/4172","targetHints":{"allow":["GET"]}}],"collection":[{"href":"https:\/\/dibenedettoproductions.com\/index.php?rest_route=\/wp\/v2\/pages"}],"about":[{"href":"https:\/\/dibenedettoproductions.com\/index.php?rest_route=\/wp\/v2\/types\/page"}],"author":[{"embeddable":true,"href":"https:\/\/dibenedettoproductions.com\/index.php?rest_route=\/wp\/v2\/users\/1"}],"replies":[{"embeddable":true,"href":"https:\/\/dibenedettoproductions.com\/index.php?rest_route=%2Fwp%2Fv2%2Fcomments&post=4172"}],"version-history":[{"count":7,"href":"https:\/\/dibenedettoproductions.com\/index.php?rest_route=\/wp\/v2\/pages\/4172\/revisions"}],"predecessor-version":[{"id":5599,"href":"https:\/\/dibenedettoproductions.com\/index.php?rest_route=\/wp\/v2\/pages\/4172\/revisions\/5599"}],"wp:attachment":[{"href":"https:\/\/dibenedettoproductions.com\/index.php?rest_route=%2Fwp%2Fv2%2Fmedia&parent=4172"}],"wp:term":[{"taxonomy":"category","embeddable":true,"href":"https:\/\/dibenedettoproductions.com\/index.php?rest_route=%2Fwp%2Fv2%2Fcategories&post=4172"},{"taxonomy":"post_tag","embeddable":true,"href":"https:\/\/dibenedettoproductions.com\/index.php?rest_route=%2Fwp%2Fv2%2Ftags&post=4172"}],"curies":[{"name":"wp","href":"https:\/\/api.w.org\/{rel}","templated":true}]}}