{"id":4161,"date":"2021-02-24T18:00:31","date_gmt":"2021-02-24T18:00:31","guid":{"rendered":"https:\/\/dibenedettoproductions.com\/?page_id=4161"},"modified":"2021-08-06T07:24:39","modified_gmt":"2021-08-06T07:24:39","slug":"ya-no-regreses","status":"publish","type":"page","link":"https:\/\/dibenedettoproductions.com\/?page_id=4161","title":{"rendered":"Ya No Regreses"},"content":{"rendered":"\t\t<div data-elementor-type=\"wp-page\" data-elementor-id=\"4161\" class=\"elementor elementor-4161\" data-elementor-settings=\"[]\">\n\t\t\t\t\t\t<div class=\"elementor-inner\">\n\t\t\t\t\t\t\t<div class=\"elementor-section-wrap\">\n\t\t\t\t\t\t\t<section class=\"elementor-section elementor-top-section elementor-element elementor-element-ee0be27 elementor-section-stretched elementor-section-boxed elementor-section-height-default elementor-section-height-default\" data-id=\"ee0be27\" data-element_type=\"section\" data-settings=\"{&quot;stretch_section&quot;:&quot;section-stretched&quot;,&quot;background_background&quot;:&quot;classic&quot;}\">\n\t\t\t\t\t\t<div class=\"elementor-container elementor-column-gap-default\">\n\t\t\t\t\t\t\t<div class=\"elementor-row\">\n\t\t\t\t\t<div class=\"elementor-column elementor-col-25 elementor-top-column elementor-element elementor-element-5760bb8\" data-id=\"5760bb8\" data-element_type=\"column\">\n\t\t\t<div class=\"elementor-column-wrap elementor-element-populated\">\n\t\t\t\t\t\t\t<div class=\"elementor-widget-wrap\">\n\t\t\t\t\t\t<div class=\"elementor-element elementor-element-4e5d4fe elementor-align-center elementor-widget elementor-widget-button\" data-id=\"4e5d4fe\" data-element_type=\"widget\" data-widget_type=\"button.default\">\n\t\t\t\t<div class=\"elementor-widget-container\">\n\t\t\t\t\t<div class=\"elementor-button-wrapper\">\n\t\t\t<a href=\"http:\/\/spoti.fi\/2Y1ux59\" class=\"elementor-button-link elementor-button elementor-size-sm\" role=\"button\">\n\t\t\t\t\t\t<span class=\"elementor-button-content-wrapper\">\n\t\t\t\t\t\t<span class=\"elementor-button-text\">SPOTIFY<\/span>\n\t\t<\/span>\n\t\t\t\t\t<\/a>\n\t\t<\/div>\n\t\t\t\t<\/div>\n\t\t\t\t<\/div>\n\t\t\t\t\t\t<\/div>\n\t\t\t\t\t<\/div>\n\t\t<\/div>\n\t\t\t\t<div class=\"elementor-column elementor-col-25 elementor-top-column elementor-element elementor-element-ecee03e\" data-id=\"ecee03e\" data-element_type=\"column\">\n\t\t\t<div class=\"elementor-column-wrap elementor-element-populated\">\n\t\t\t\t\t\t\t<div class=\"elementor-widget-wrap\">\n\t\t\t\t\t\t<div class=\"elementor-element elementor-element-1b9cf57 elementor-align-center elementor-widget elementor-widget-button\" data-id=\"1b9cf57\" data-element_type=\"widget\" data-widget_type=\"button.default\">\n\t\t\t\t<div class=\"elementor-widget-container\">\n\t\t\t\t\t<div class=\"elementor-button-wrapper\">\n\t\t\t<a href=\"http:\/\/apple.co\/365SCMy\" class=\"elementor-button-link elementor-button elementor-size-sm\" role=\"button\">\n\t\t\t\t\t\t<span class=\"elementor-button-content-wrapper\">\n\t\t\t\t\t\t<span class=\"elementor-button-text\">APPLE MUSIC<\/span>\n\t\t<\/span>\n\t\t\t\t\t<\/a>\n\t\t<\/div>\n\t\t\t\t<\/div>\n\t\t\t\t<\/div>\n\t\t\t\t\t\t<\/div>\n\t\t\t\t\t<\/div>\n\t\t<\/div>\n\t\t\t\t<div class=\"elementor-column elementor-col-25 elementor-top-column elementor-element elementor-element-71dfc90\" data-id=\"71dfc90\" data-element_type=\"column\">\n\t\t\t<div class=\"elementor-column-wrap elementor-element-populated\">\n\t\t\t\t\t\t\t<div class=\"elementor-widget-wrap\">\n\t\t\t\t\t\t<div class=\"elementor-element elementor-element-1a3d8ce elementor-align-center elementor-widget elementor-widget-button\" data-id=\"1a3d8ce\" data-element_type=\"widget\" data-widget_type=\"button.default\">\n\t\t\t\t<div class=\"elementor-widget-container\">\n\t\t\t\t\t<div class=\"elementor-button-wrapper\">\n\t\t\t<a href=\"http:\/\/bit.ly\/3qInSsJ\" class=\"elementor-button-link elementor-button elementor-size-sm\" role=\"button\">\n\t\t\t\t\t\t<span class=\"elementor-button-content-wrapper\">\n\t\t\t\t\t\t<span class=\"elementor-button-text\">DEEZER<\/span>\n\t\t<\/span>\n\t\t\t\t\t<\/a>\n\t\t<\/div>\n\t\t\t\t<\/div>\n\t\t\t\t<\/div>\n\t\t\t\t\t\t<\/div>\n\t\t\t\t\t<\/div>\n\t\t<\/div>\n\t\t\t\t<div class=\"elementor-column elementor-col-25 elementor-top-column elementor-element elementor-element-2e7c468\" data-id=\"2e7c468\" data-element_type=\"column\">\n\t\t\t<div class=\"elementor-column-wrap elementor-element-populated\">\n\t\t\t\t\t\t\t<div class=\"elementor-widget-wrap\">\n\t\t\t\t\t\t<div class=\"elementor-element elementor-element-f3f03b8 elementor-align-center elementor-widget elementor-widget-button\" data-id=\"f3f03b8\" data-element_type=\"widget\" data-widget_type=\"button.default\">\n\t\t\t\t<div class=\"elementor-widget-container\">\n\t\t\t\t\t<div class=\"elementor-button-wrapper\">\n\t\t\t<a href=\"https:\/\/amzn.to\/3c9fAG6\" class=\"elementor-button-link elementor-button elementor-size-sm\" role=\"button\">\n\t\t\t\t\t\t<span class=\"elementor-button-content-wrapper\">\n\t\t\t\t\t\t<span class=\"elementor-button-text\">AMAZON MUSIC<\/span>\n\t\t<\/span>\n\t\t\t\t\t<\/a>\n\t\t<\/div>\n\t\t\t\t<\/div>\n\t\t\t\t<\/div>\n\t\t\t\t\t\t<\/div>\n\t\t\t\t\t<\/div>\n\t\t<\/div>\n\t\t\t\t\t\t\t\t<\/div>\n\t\t\t\t\t<\/div>\n\t\t<\/section>\n\t\t\t\t<section class=\"elementor-section elementor-top-section elementor-element elementor-element-d582007 elementor-section-stretched elementor-section-boxed elementor-section-height-default elementor-section-height-default\" data-id=\"d582007\" data-element_type=\"section\" data-settings=\"{&quot;stretch_section&quot;:&quot;section-stretched&quot;,&quot;background_background&quot;:&quot;classic&quot;}\">\n\t\t\t\t\t\t<div class=\"elementor-container elementor-column-gap-default\">\n\t\t\t\t\t\t\t<div class=\"elementor-row\">\n\t\t\t\t\t<div class=\"elementor-column elementor-col-100 elementor-top-column elementor-element elementor-element-cb93a73\" data-id=\"cb93a73\" data-element_type=\"column\">\n\t\t\t<div class=\"elementor-column-wrap elementor-element-populated\">\n\t\t\t\t\t\t\t<div class=\"elementor-widget-wrap\">\n\t\t\t\t\t\t<div class=\"elementor-element elementor-element-7dc260c elementor-widget elementor-widget-text-editor\" data-id=\"7dc260c\" data-element_type=\"widget\" data-widget_type=\"text-editor.default\">\n\t\t\t\t<div class=\"elementor-widget-container\">\n\t\t\t\t\t\t\t\t<div class=\"elementor-text-editor elementor-clearfix\">\n\t\t\t\t<p style=\"text-align: center;\"><span style=\"color: #ffffff;\">Ay t\u00fa no me ense\u00f1aste, pero aprend\u00ed todos tus trucos<\/span><\/p><p style=\"text-align: center;\"><span style=\"color: #ffffff;\">Si te digo la verdad a ti mentir te queda bien<\/span><\/p><p style=\"text-align: center;\"><span style=\"color: #ffffff;\">Ya yo no quiero verte solo qu\u00e9date un minuto<\/span><\/p><p style=\"text-align: center;\"><span style=\"color: #ffffff;\">Que yo y la soledad tenemos que decirte que<\/span><\/p><p style=\"text-align: center;\"><span style=\"color: #ffffff;\">Ya No Regreses<\/span><\/p><p style=\"text-align: center;\"><span style=\"color: #ffffff;\">Ya No Regreses<\/span><\/p><p style=\"text-align: center;\"><span style=\"color: #ffffff;\">Y que en tu camino en tu destino no existe el bien<\/span><\/p><p style=\"text-align: center;\"><span style=\"color: #ffffff;\">Ya No Regreses<\/span><\/p><p style=\"text-align: center;\"><span style=\"color: #ffffff;\">Ya No Regreses<\/span><\/p><p style=\"text-align: center;\"><span style=\"color: #ffffff;\">Un amor tan real alguien tan falso no merece<\/span><\/p><p style=\"text-align: center;\"><span style=\"color: #ffffff;\">Ya No Regreses<\/span><\/p><p style=\"text-align: center;\"><span style=\"color: #ffffff;\">Ya No Regreses<\/span><\/p><p style=\"text-align: center;\"><span style=\"color: #ffffff;\">Y que en tu camino en tu destino no existe el bien<\/span><\/p><p style=\"text-align: center;\"><span style=\"color: #ffffff;\">Ya No Regreses<\/span><\/p><p style=\"text-align: center;\"><span style=\"color: #ffffff;\">Ya No Regreses<\/span><\/p><p style=\"text-align: center;\"><span style=\"color: #ffffff;\">Un amor tan real alguien tan falso no merece<\/span><\/p><p style=\"text-align: center;\"><span style=\"color: #ffffff;\">Dice mira<\/span><\/p><p style=\"text-align: center;\"><span style=\"color: #ffffff;\">T\u00fa eres mala y puedes ser peor<\/span><\/p><p style=\"text-align: center;\"><span style=\"color: #ffffff;\">T\u00fa eres traicionera en el amor<\/span><\/p><p style=\"text-align: center;\"><span style=\"color: #ffffff;\">Por mujeres como t\u00fa<\/span><\/p><p style=\"text-align: center;\"><span style=\"color: #ffffff;\">Hay hombres como yo<\/span><\/p><p style=\"text-align: center;\"><span style=\"color: #ffffff;\">Si me ense\u00f1aste a matar<\/span><\/p><p style=\"text-align: center;\"><span style=\"color: #ffffff;\">Ahora porqu\u00e9 me gritas asesino<\/span><\/p><p style=\"text-align: center;\"><span style=\"color: #ffffff;\">Ahora t\u00fa me llamas y siempre me alquilo no quiero na contigo<\/span><\/p><p style=\"text-align: center;\"><span style=\"color: #ffffff;\">Y ahora vuela<\/span><\/p><p style=\"text-align: center;\"><span style=\"color: #ffffff;\">Vuela angelito vuela<\/span><\/p><p style=\"text-align: center;\"><span style=\"color: #ffffff;\">T\u00fa la hiciste mal<\/span><\/p><p style=\"text-align: center;\"><span style=\"color: #ffffff;\">Te portaste mal<\/span><\/p><p style=\"text-align: center;\"><span style=\"color: #ffffff;\">No es que yo no quiera<\/span><\/p><p style=\"text-align: center;\"><span style=\"color: #ffffff;\">Ya No Regreses<\/span><\/p><p style=\"text-align: center;\"><span style=\"color: #ffffff;\">Ya No Regreses<\/span><\/p><p style=\"text-align: center;\"><span style=\"color: #ffffff;\">Y que en tu camino en tu destino no existe el bien<\/span><\/p><p style=\"text-align: center;\"><span style=\"color: #ffffff;\">Ya No Regreses<\/span><\/p><p style=\"text-align: center;\"><span style=\"color: #ffffff;\">Ya No Regreses<\/span><\/p><p style=\"text-align: center;\"><span style=\"color: #ffffff;\">Un amor tan real alguien tan falso no merece<\/span><\/p><p style=\"text-align: center;\"><span style=\"color: #ffffff;\">Consejo sano aunque te duela<\/span><\/p><p style=\"text-align: center;\"><span style=\"color: #ffffff;\">Quiere a quien te quiere<\/span><\/p><p style=\"text-align: center;\"><span style=\"color: #ffffff;\">No a quien t\u00fa quiera<\/span><\/p><p style=\"text-align: center;\"><span style=\"color: #ffffff;\">Y si te digo la verdad<\/span><\/p><p style=\"text-align: center;\"><span style=\"color: #ffffff;\">Quien te lo hace una vez te lo hace dos veces<\/span><\/p><p style=\"text-align: center;\"><span style=\"color: #ffffff;\">Ya yo no estoy pa\u2019 ti ni pa\u2019 tus estupideces chao no me parece<\/span><\/p><p style=\"text-align: center;\"><span style=\"color: #ffffff;\">Y ahora vuela<\/span><\/p><p style=\"text-align: center;\"><span style=\"color: #ffffff;\">Vuela angelito vuela<\/span><\/p><p style=\"text-align: center;\"><span style=\"color: #ffffff;\">T\u00fa la hiciste mal<\/span><\/p><p style=\"text-align: center;\"><span style=\"color: #ffffff;\">Te portaste mal<\/span><\/p><p style=\"text-align: center;\"><span style=\"color: #ffffff;\">No es que yo no quiera<\/span><\/p><p style=\"text-align: center;\"><span style=\"color: #ffffff;\">Y ahora vuela<\/span><\/p><p style=\"text-align: center;\"><span style=\"color: #ffffff;\">Vuela angelito vuela<\/span><\/p><p style=\"text-align: center;\"><span style=\"color: #ffffff;\">T\u00fa la hiciste mal<\/span><\/p><p style=\"text-align: center;\"><span style=\"color: #ffffff;\">Te portaste mal<\/span><\/p><p style=\"text-align: center;\"><span style=\"color: #ffffff;\">No es que yo no quiera<\/span><\/p><p style=\"text-align: center;\"><span style=\"color: #ffffff;\">Hay tu no me ense\u00f1aste, pero aprend\u00ed todos tus trucos<\/span><\/p><p style=\"text-align: center;\"><span style=\"color: #ffffff;\">Si te digo la verdad a ti mentir te queda bien<\/span><\/p><p style=\"text-align: center;\"><span style=\"color: #ffffff;\">Ya yo no quiero verte solo qu\u00e9date un minuto<\/span><\/p><p style=\"text-align: center;\"><span style=\"color: #ffffff;\">Que yo y la soledad tenemos que decirte que<\/span><\/p><p style=\"text-align: center;\"><span style=\"color: #ffffff;\">Ya No Regreses<\/span><\/p><p style=\"text-align: center;\"><span style=\"color: #ffffff;\">Ya No Regreses<\/span><\/p><p style=\"text-align: center;\"><span style=\"color: #ffffff;\">Iron pro Livan pro kirel<\/span><\/p><p style=\"text-align: center;\"><span style=\"color: #ffffff;\">Sonando desde la crema<\/span><\/p><p style=\"text-align: center;\"><span style=\"color: #ffffff;\">Ya No Regreses<\/span><\/p><p style=\"text-align: center;\"><span style=\"color: #ffffff;\">Ya No Regreses<\/span><\/p><p style=\"text-align: center;\"><span style=\"color: #ffffff;\">Enzo la melod\u00eda secreta<\/span><\/p><p style=\"text-align: center;\"><span style=\"color: #ffffff;\">Di Benedetto Production<\/span><\/p><p style=\"text-align: center;\"><span style=\"color: #ffffff;\">Y ahora vuela<\/span><\/p><p style=\"text-align: center;\"><span style=\"color: #ffffff;\">Vuela angelito vuela<\/span><\/p><p style=\"text-align: center;\"><span style=\"color: #ffffff;\">T\u00fa la hiciste mal<\/span><\/p><p style=\"text-align: center;\"><span style=\"color: #ffffff;\">Te portaste mal<\/span><\/p><p style=\"text-align: center;\"><span style=\"color: #ffffff;\">No es que yo no quiera<\/span><\/p><p style=\"text-align: center;\"><span style=\"color: #ffffff;\">Y ahora vuela<\/span><\/p><p style=\"text-align: center;\"><span style=\"color: #ffffff;\">Vuela angelito vuela<\/span><\/p><p style=\"text-align: center;\"><span style=\"color: #ffffff;\">T\u00fa la hiciste mal<\/span><\/p><p style=\"text-align: center;\"><span style=\"color: #ffffff;\">Te portaste mal<\/span><\/p><p style=\"text-align: center;\"><span style=\"color: #ffffff;\">No es que yo no quiera<\/span><\/p><p style=\"text-align: center;\"><span style=\"color: #ffffff;\">T\u00fa la hiciste mal<\/span><\/p><p style=\"text-align: center;\"><span style=\"color: #ffffff;\">Te portaste mal<\/span><\/p><p style=\"text-align: center;\"><span style=\"color: #ffffff;\">No es que yo no quiera<\/span><\/p>\t\t\t\t\t<\/div>\n\t\t\t\t\t\t<\/div>\n\t\t\t\t<\/div>\n\t\t\t\t\t\t<\/div>\n\t\t\t\t\t<\/div>\n\t\t<\/div>\n\t\t\t\t\t\t\t\t<\/div>\n\t\t\t\t\t<\/div>\n\t\t<\/section>\n\t\t\t\t\t\t<\/div>\n\t\t\t\t\t\t<\/div>\n\t\t\t\t\t<\/div>\n\t\t","protected":false},"excerpt":{"rendered":"<p>SPOTIFY APPLE MUSIC DEEZER AMAZON MUSIC Ay t\u00fa no me ense\u00f1aste, pero aprend\u00ed todos tus trucos Si te digo la verdad a ti mentir te queda bien Ya yo no quiero verte solo qu\u00e9date un minuto Que yo y la soledad tenemos que decirte que Ya No Regreses Ya No Regreses Y que en tu.<\/p>\n","protected":false},"author":1,"featured_media":0,"parent":0,"menu_order":0,"comment_status":"closed","ping_status":"closed","template":"","meta":{"footnotes":""},"categories":[42],"tags":[],"class_list":["post-4161","page","type-page","status-publish","hentry","category-testi"],"yoast_head":"<!-- This site is optimized with the Yoast SEO plugin v19.6.1 - https:\/\/yoast.com\/wordpress\/plugins\/seo\/ -->\n<title>Ya No Regreses - Di Benedetto Productions<\/title>\n<meta name=\"robots\" content=\"index, follow, max-snippet:-1, max-image-preview:large, max-video-preview:-1\" \/>\n<link rel=\"canonical\" href=\"https:\/\/dibenedettoproductions.com\/?page_id=4161\" \/>\n<meta property=\"og:locale\" content=\"it_IT\" \/>\n<meta property=\"og:type\" content=\"article\" \/>\n<meta property=\"og:title\" content=\"Ya No Regreses - Di Benedetto Productions\" \/>\n<meta property=\"og:description\" content=\"SPOTIFY APPLE MUSIC DEEZER AMAZON MUSIC Ay t\u00fa no me ense\u00f1aste, pero aprend\u00ed todos tus trucos Si te digo la verdad a ti mentir te queda bien Ya yo no quiero verte solo qu\u00e9date un minuto Que yo y la soledad tenemos que decirte que Ya No Regreses Ya No Regreses Y que en tu.\" \/>\n<meta property=\"og:url\" content=\"https:\/\/dibenedettoproductions.com\/?page_id=4161\" \/>\n<meta property=\"og:site_name\" content=\"Di Benedetto Productions\" \/>\n<meta property=\"article:modified_time\" content=\"2021-08-06T07:24:39+00:00\" \/>\n<meta name=\"twitter:card\" content=\"summary_large_image\" \/>\n<meta name=\"twitter:label1\" content=\"Tempo di lettura stimato\" \/>\n\t<meta name=\"twitter:data1\" content=\"2 minuti\" \/>\n<script type=\"application\/ld+json\" class=\"yoast-schema-graph\">{\"@context\":\"https:\/\/schema.org\",\"@graph\":[{\"@type\":\"WebPage\",\"@id\":\"https:\/\/dibenedettoproductions.com\/?page_id=4161\",\"url\":\"https:\/\/dibenedettoproductions.com\/?page_id=4161\",\"name\":\"Ya No Regreses - Di Benedetto Productions\",\"isPartOf\":{\"@id\":\"https:\/\/dibenedettoproductions.com\/#website\"},\"datePublished\":\"2021-02-24T18:00:31+00:00\",\"dateModified\":\"2021-08-06T07:24:39+00:00\",\"breadcrumb\":{\"@id\":\"https:\/\/dibenedettoproductions.com\/?page_id=4161#breadcrumb\"},\"inLanguage\":\"it-IT\",\"potentialAction\":[{\"@type\":\"ReadAction\",\"target\":[\"https:\/\/dibenedettoproductions.com\/?page_id=4161\"]}]},{\"@type\":\"BreadcrumbList\",\"@id\":\"https:\/\/dibenedettoproductions.com\/?page_id=4161#breadcrumb\",\"itemListElement\":[{\"@type\":\"ListItem\",\"position\":1,\"name\":\"Home\",\"item\":\"https:\/\/dibenedettoproductions.com\/\"},{\"@type\":\"ListItem\",\"position\":2,\"name\":\"Ya No Regreses\"}]},{\"@type\":\"WebSite\",\"@id\":\"https:\/\/dibenedettoproductions.com\/#website\",\"url\":\"https:\/\/dibenedettoproductions.com\/\",\"name\":\"Di Benedetto Productions\",\"description\":\"\",\"publisher\":{\"@id\":\"https:\/\/dibenedettoproductions.com\/#organization\"},\"potentialAction\":[{\"@type\":\"SearchAction\",\"target\":{\"@type\":\"EntryPoint\",\"urlTemplate\":\"https:\/\/dibenedettoproductions.com\/?s={search_term_string}\"},\"query-input\":\"required name=search_term_string\"}],\"inLanguage\":\"it-IT\"},{\"@type\":\"Organization\",\"@id\":\"https:\/\/dibenedettoproductions.com\/#organization\",\"name\":\"DI BENEDETTO PRODUCTIONS\",\"url\":\"https:\/\/dibenedettoproductions.com\/\",\"sameAs\":[],\"logo\":{\"@type\":\"ImageObject\",\"inLanguage\":\"it-IT\",\"@id\":\"https:\/\/dibenedettoproductions.com\/#\/schema\/logo\/image\/\",\"url\":\"https:\/\/dibenedettoproductions.com\/wp-content\/uploads\/2021\/09\/logo_di_benedetto_productions.jpg\",\"contentUrl\":\"https:\/\/dibenedettoproductions.com\/wp-content\/uploads\/2021\/09\/logo_di_benedetto_productions.jpg\",\"width\":225,\"height\":225,\"caption\":\"DI BENEDETTO PRODUCTIONS\"},\"image\":{\"@id\":\"https:\/\/dibenedettoproductions.com\/#\/schema\/logo\/image\/\"}}]}<\/script>\n<!-- \/ Yoast SEO plugin. -->","yoast_head_json":{"title":"Ya No Regreses - Di Benedetto Productions","robots":{"index":"index","follow":"follow","max-snippet":"max-snippet:-1","max-image-preview":"max-image-preview:large","max-video-preview":"max-video-preview:-1"},"canonical":"https:\/\/dibenedettoproductions.com\/?page_id=4161","og_locale":"it_IT","og_type":"article","og_title":"Ya No Regreses - Di Benedetto Productions","og_description":"SPOTIFY APPLE MUSIC DEEZER AMAZON MUSIC Ay t\u00fa no me ense\u00f1aste, pero aprend\u00ed todos tus trucos Si te digo la verdad a ti mentir te queda bien Ya yo no quiero verte solo qu\u00e9date un minuto Que yo y la soledad tenemos que decirte que Ya No Regreses Ya No Regreses Y que en tu.","og_url":"https:\/\/dibenedettoproductions.com\/?page_id=4161","og_site_name":"Di Benedetto Productions","article_modified_time":"2021-08-06T07:24:39+00:00","twitter_card":"summary_large_image","twitter_misc":{"Tempo di lettura stimato":"2 minuti"},"schema":{"@context":"https:\/\/schema.org","@graph":[{"@type":"WebPage","@id":"https:\/\/dibenedettoproductions.com\/?page_id=4161","url":"https:\/\/dibenedettoproductions.com\/?page_id=4161","name":"Ya No Regreses - Di Benedetto Productions","isPartOf":{"@id":"https:\/\/dibenedettoproductions.com\/#website"},"datePublished":"2021-02-24T18:00:31+00:00","dateModified":"2021-08-06T07:24:39+00:00","breadcrumb":{"@id":"https:\/\/dibenedettoproductions.com\/?page_id=4161#breadcrumb"},"inLanguage":"it-IT","potentialAction":[{"@type":"ReadAction","target":["https:\/\/dibenedettoproductions.com\/?page_id=4161"]}]},{"@type":"BreadcrumbList","@id":"https:\/\/dibenedettoproductions.com\/?page_id=4161#breadcrumb","itemListElement":[{"@type":"ListItem","position":1,"name":"Home","item":"https:\/\/dibenedettoproductions.com\/"},{"@type":"ListItem","position":2,"name":"Ya No Regreses"}]},{"@type":"WebSite","@id":"https:\/\/dibenedettoproductions.com\/#website","url":"https:\/\/dibenedettoproductions.com\/","name":"Di Benedetto Productions","description":"","publisher":{"@id":"https:\/\/dibenedettoproductions.com\/#organization"},"potentialAction":[{"@type":"SearchAction","target":{"@type":"EntryPoint","urlTemplate":"https:\/\/dibenedettoproductions.com\/?s={search_term_string}"},"query-input":"required name=search_term_string"}],"inLanguage":"it-IT"},{"@type":"Organization","@id":"https:\/\/dibenedettoproductions.com\/#organization","name":"DI BENEDETTO PRODUCTIONS","url":"https:\/\/dibenedettoproductions.com\/","sameAs":[],"logo":{"@type":"ImageObject","inLanguage":"it-IT","@id":"https:\/\/dibenedettoproductions.com\/#\/schema\/logo\/image\/","url":"https:\/\/dibenedettoproductions.com\/wp-content\/uploads\/2021\/09\/logo_di_benedetto_productions.jpg","contentUrl":"https:\/\/dibenedettoproductions.com\/wp-content\/uploads\/2021\/09\/logo_di_benedetto_productions.jpg","width":225,"height":225,"caption":"DI BENEDETTO PRODUCTIONS"},"image":{"@id":"https:\/\/dibenedettoproductions.com\/#\/schema\/logo\/image\/"}}]}},"_links":{"self":[{"href":"https:\/\/dibenedettoproductions.com\/index.php?rest_route=\/wp\/v2\/pages\/4161","targetHints":{"allow":["GET"]}}],"collection":[{"href":"https:\/\/dibenedettoproductions.com\/index.php?rest_route=\/wp\/v2\/pages"}],"about":[{"href":"https:\/\/dibenedettoproductions.com\/index.php?rest_route=\/wp\/v2\/types\/page"}],"author":[{"embeddable":true,"href":"https:\/\/dibenedettoproductions.com\/index.php?rest_route=\/wp\/v2\/users\/1"}],"replies":[{"embeddable":true,"href":"https:\/\/dibenedettoproductions.com\/index.php?rest_route=%2Fwp%2Fv2%2Fcomments&post=4161"}],"version-history":[{"count":7,"href":"https:\/\/dibenedettoproductions.com\/index.php?rest_route=\/wp\/v2\/pages\/4161\/revisions"}],"predecessor-version":[{"id":6064,"href":"https:\/\/dibenedettoproductions.com\/index.php?rest_route=\/wp\/v2\/pages\/4161\/revisions\/6064"}],"wp:attachment":[{"href":"https:\/\/dibenedettoproductions.com\/index.php?rest_route=%2Fwp%2Fv2%2Fmedia&parent=4161"}],"wp:term":[{"taxonomy":"category","embeddable":true,"href":"https:\/\/dibenedettoproductions.com\/index.php?rest_route=%2Fwp%2Fv2%2Fcategories&post=4161"},{"taxonomy":"post_tag","embeddable":true,"href":"https:\/\/dibenedettoproductions.com\/index.php?rest_route=%2Fwp%2Fv2%2Ftags&post=4161"}],"curies":[{"name":"wp","href":"https:\/\/api.w.org\/{rel}","templated":true}]}}