{"id":4156,"date":"2021-02-24T17:56:57","date_gmt":"2021-02-24T17:56:57","guid":{"rendered":"https:\/\/dibenedettoproductions.com\/?page_id=4156"},"modified":"2021-08-06T07:08:18","modified_gmt":"2021-08-06T07:08:18","slug":"tequila","status":"publish","type":"page","link":"https:\/\/dibenedettoproductions.com\/?page_id=4156","title":{"rendered":"Tequila"},"content":{"rendered":"\t\t<div data-elementor-type=\"wp-page\" data-elementor-id=\"4156\" class=\"elementor elementor-4156\" data-elementor-settings=\"[]\">\n\t\t\t\t\t\t<div class=\"elementor-inner\">\n\t\t\t\t\t\t\t<div class=\"elementor-section-wrap\">\n\t\t\t\t\t\t\t<section class=\"elementor-section elementor-top-section elementor-element elementor-element-2bc4a60 elementor-section-stretched elementor-section-boxed elementor-section-height-default elementor-section-height-default\" data-id=\"2bc4a60\" data-element_type=\"section\" data-settings=\"{&quot;stretch_section&quot;:&quot;section-stretched&quot;,&quot;background_background&quot;:&quot;classic&quot;}\">\n\t\t\t\t\t\t<div class=\"elementor-container elementor-column-gap-default\">\n\t\t\t\t\t\t\t<div class=\"elementor-row\">\n\t\t\t\t\t<div class=\"elementor-column elementor-col-25 elementor-top-column elementor-element elementor-element-14dd2d0\" data-id=\"14dd2d0\" data-element_type=\"column\">\n\t\t\t<div class=\"elementor-column-wrap elementor-element-populated\">\n\t\t\t\t\t\t\t<div class=\"elementor-widget-wrap\">\n\t\t\t\t\t\t<div class=\"elementor-element elementor-element-8e9a796 elementor-align-center elementor-widget elementor-widget-button\" data-id=\"8e9a796\" data-element_type=\"widget\" data-widget_type=\"button.default\">\n\t\t\t\t<div class=\"elementor-widget-container\">\n\t\t\t\t\t<div class=\"elementor-button-wrapper\">\n\t\t\t<a href=\"https:\/\/open.spotify.com\/track\/7BrnKgcoYlNyy2URmr3Mju?si=u6XSa_K-TOu_ujFqrnwqfg%20\" class=\"elementor-button-link elementor-button elementor-size-sm\" role=\"button\">\n\t\t\t\t\t\t<span class=\"elementor-button-content-wrapper\">\n\t\t\t\t\t\t<span class=\"elementor-button-text\">SPOTIFY<\/span>\n\t\t<\/span>\n\t\t\t\t\t<\/a>\n\t\t<\/div>\n\t\t\t\t<\/div>\n\t\t\t\t<\/div>\n\t\t\t\t\t\t<\/div>\n\t\t\t\t\t<\/div>\n\t\t<\/div>\n\t\t\t\t<div class=\"elementor-column elementor-col-25 elementor-top-column elementor-element elementor-element-a7bae47\" data-id=\"a7bae47\" data-element_type=\"column\">\n\t\t\t<div class=\"elementor-column-wrap elementor-element-populated\">\n\t\t\t\t\t\t\t<div class=\"elementor-widget-wrap\">\n\t\t\t\t\t\t<div class=\"elementor-element elementor-element-ef802d8 elementor-align-center elementor-widget elementor-widget-button\" data-id=\"ef802d8\" data-element_type=\"widget\" data-widget_type=\"button.default\">\n\t\t\t\t<div class=\"elementor-widget-container\">\n\t\t\t\t\t<div class=\"elementor-button-wrapper\">\n\t\t\t<a href=\"https:\/\/music.apple.com\/us\/album\/tequila-single\/1544772927%20\" class=\"elementor-button-link elementor-button elementor-size-sm\" role=\"button\">\n\t\t\t\t\t\t<span class=\"elementor-button-content-wrapper\">\n\t\t\t\t\t\t<span class=\"elementor-button-text\">APPLE MUSIC<\/span>\n\t\t<\/span>\n\t\t\t\t\t<\/a>\n\t\t<\/div>\n\t\t\t\t<\/div>\n\t\t\t\t<\/div>\n\t\t\t\t\t\t<\/div>\n\t\t\t\t\t<\/div>\n\t\t<\/div>\n\t\t\t\t<div class=\"elementor-column elementor-col-25 elementor-top-column elementor-element elementor-element-e5ba055\" data-id=\"e5ba055\" data-element_type=\"column\">\n\t\t\t<div class=\"elementor-column-wrap elementor-element-populated\">\n\t\t\t\t\t\t\t<div class=\"elementor-widget-wrap\">\n\t\t\t\t\t\t<div class=\"elementor-element elementor-element-b2171d7 elementor-align-center elementor-widget elementor-widget-button\" data-id=\"b2171d7\" data-element_type=\"widget\" data-widget_type=\"button.default\">\n\t\t\t\t<div class=\"elementor-widget-container\">\n\t\t\t\t\t<div class=\"elementor-button-wrapper\">\n\t\t\t<a href=\"https:\/\/deezer.page.link\/E7qZWyCVDwz7Niu96%20\" class=\"elementor-button-link elementor-button elementor-size-sm\" role=\"button\">\n\t\t\t\t\t\t<span class=\"elementor-button-content-wrapper\">\n\t\t\t\t\t\t<span class=\"elementor-button-text\">DEEZER<\/span>\n\t\t<\/span>\n\t\t\t\t\t<\/a>\n\t\t<\/div>\n\t\t\t\t<\/div>\n\t\t\t\t<\/div>\n\t\t\t\t\t\t<\/div>\n\t\t\t\t\t<\/div>\n\t\t<\/div>\n\t\t\t\t<div class=\"elementor-column elementor-col-25 elementor-top-column elementor-element elementor-element-445f3c2\" data-id=\"445f3c2\" data-element_type=\"column\">\n\t\t\t<div class=\"elementor-column-wrap elementor-element-populated\">\n\t\t\t\t\t\t\t<div class=\"elementor-widget-wrap\">\n\t\t\t\t\t\t<div class=\"elementor-element elementor-element-ef84da3 elementor-align-center elementor-widget elementor-widget-button\" data-id=\"ef84da3\" data-element_type=\"widget\" data-widget_type=\"button.default\">\n\t\t\t\t<div class=\"elementor-widget-container\">\n\t\t\t\t\t<div class=\"elementor-button-wrapper\">\n\t\t\t<a href=\"https:\/\/music.amazon.com\/albums\/B08QJQ987V?marketplaceId=ATVPDKIKX0DER&#038;musicTerritory=US&#038;trackAsin=B08QJPP24R\" class=\"elementor-button-link elementor-button elementor-size-sm\" role=\"button\">\n\t\t\t\t\t\t<span class=\"elementor-button-content-wrapper\">\n\t\t\t\t\t\t<span class=\"elementor-button-text\">AMAZON MUSIC<\/span>\n\t\t<\/span>\n\t\t\t\t\t<\/a>\n\t\t<\/div>\n\t\t\t\t<\/div>\n\t\t\t\t<\/div>\n\t\t\t\t\t\t<\/div>\n\t\t\t\t\t<\/div>\n\t\t<\/div>\n\t\t\t\t\t\t\t\t<\/div>\n\t\t\t\t\t<\/div>\n\t\t<\/section>\n\t\t\t\t<section class=\"elementor-section elementor-top-section elementor-element elementor-element-edd63ee elementor-section-stretched elementor-section-boxed elementor-section-height-default elementor-section-height-default\" data-id=\"edd63ee\" data-element_type=\"section\" data-settings=\"{&quot;stretch_section&quot;:&quot;section-stretched&quot;,&quot;background_background&quot;:&quot;classic&quot;}\">\n\t\t\t\t\t\t<div class=\"elementor-container elementor-column-gap-default\">\n\t\t\t\t\t\t\t<div class=\"elementor-row\">\n\t\t\t\t\t<div class=\"elementor-column elementor-col-100 elementor-top-column elementor-element elementor-element-d130cc9\" data-id=\"d130cc9\" data-element_type=\"column\">\n\t\t\t<div class=\"elementor-column-wrap elementor-element-populated\">\n\t\t\t\t\t\t\t<div class=\"elementor-widget-wrap\">\n\t\t\t\t\t\t<div class=\"elementor-element elementor-element-729c6c9 elementor-widget elementor-widget-text-editor\" data-id=\"729c6c9\" data-element_type=\"widget\" data-widget_type=\"text-editor.default\">\n\t\t\t\t<div class=\"elementor-widget-container\">\n\t\t\t\t\t\t\t\t<div class=\"elementor-text-editor elementor-clearfix\">\n\t\t\t\t<div><p style=\"text-align: center;\"><span style=\"color: #ffffff;\">La vi sola bailando en la oscuridad<\/span><\/p><p style=\"text-align: center;\"><span style=\"color: #ffffff;\">Y desde lejos se le ve la maldad<\/span><\/p><p style=\"text-align: center;\"><span style=\"color: #ffffff;\">Hoy yo voy a intentarlo<\/span><\/p><p style=\"text-align: center;\"><span style=\"color: #ffffff;\">Pues tengo unos tragos de m\u00e1s<\/span><\/p><p style=\"text-align: center;\"><span style=\"color: #ffffff;\">Hoy voy a probar suerte<\/span><\/p><p style=\"text-align: center;\"><span style=\"color: #ffffff;\">Qu\u00e9 tal si se me da<\/span><\/p><p style=\"text-align: center;\"><span style=\"color: #ffffff;\">Ya me cans\u00e9 de la pena y de la soledad<\/span><\/p><p style=\"text-align: center;\"><span style=\"color: #ffffff;\">Hoy yo voy a tomar, hoy voy a beber, hoy voy a rumbear<\/span><\/p><p style=\"text-align: center;\">\u00a0<\/p><p style=\"text-align: center;\"><span style=\"color: #ffffff;\">Dile al Bartender que me ponga otro tequila<\/span><\/p><p style=\"text-align: center;\"><span style=\"color: #ffffff;\">Que me queme el alma y me alegre la vida<\/span><\/p><p style=\"text-align: center;\"><span style=\"color: #ffffff;\">Dile al Bartender que me ponga otro tequila<\/span><\/p><p style=\"text-align: center;\"><span style=\"color: #ffffff;\">Pa\u2019 que la fiesta no pare, pa\u2019 que la fiesta siga<\/span><\/p><p style=\"text-align: center;\">\u00a0<\/p><p style=\"text-align: center;\"><span style=\"color: #ffffff;\">Ella quiere al Bartender que me ponga otra botella<\/span><\/p><p style=\"text-align: center;\"><span style=\"color: #ffffff;\">Quiero emborracharme pa\u2019 olvidarme de todas las penas<\/span><\/p><p style=\"text-align: center;\"><span style=\"color: #ffffff;\">Hoy lo que toca es rumba, rumba, rumba<\/span><\/p><p style=\"text-align: center;\"><span style=\"color: #ffffff;\">Y lo malo para la tumba, tumba, tumba<\/span><\/p><p style=\"text-align: center;\"><span style=\"color: #ffffff;\">M\u00e9tele duro y no suave<\/span><\/p><p style=\"text-align: center;\"><span style=\"color: #ffffff;\">Que yo s\u00e9 que t\u00fa tienes la llave<\/span><\/p><p style=\"text-align: center;\"><span style=\"color: #ffffff;\">Bailando ens\u00e9\u00f1ame cosas que yo s\u00e9 que t\u00fa nada m\u00e1s sabes<\/span><\/p><p style=\"text-align: center;\"><span style=\"color: #ffffff;\">La duda que nunca acabe<\/span><\/p><p style=\"text-align: center;\"><span style=\"color: #ffffff;\">Bailando tiene la llave<\/span><\/p><p style=\"text-align: center;\"><span style=\"color: #ffffff;\">Es una mezcla de belleza y calle<\/span><\/p><p style=\"text-align: center;\">\u00a0<\/p><p style=\"text-align: center;\"><span style=\"color: #ffffff;\">Baila, Me descontrola la cabeza<\/span><\/p><p style=\"text-align: center;\"><span style=\"color: #ffffff;\">Y baila, p\u00f3ngale cuatro y otra cerveza<\/span><\/p><p style=\"text-align: center;\"><span style=\"color: #ffffff;\">Y baila hasta que termine diciendo que\u2026<\/span><\/p><p style=\"text-align: center;\">\u00a0<\/p><p style=\"text-align: center;\"><span style=\"color: #ffffff;\">Dile al Bartender que me ponga otro tequila<\/span><\/p><p style=\"text-align: center;\"><span style=\"color: #ffffff;\">Que me queme el alma y me alegre la vida<\/span><\/p><p style=\"text-align: center;\"><span style=\"color: #ffffff;\">Dile al Bartender que me ponga otro tequila<\/span><\/p><p style=\"text-align: center;\"><span style=\"color: #ffffff;\">Pa\u2019 que la fiesta no pare, pa\u2019 que la fiesta siga<\/span><\/p><p style=\"text-align: center;\">\u00a0<\/p><p style=\"text-align: center;\"><span style=\"color: #ffffff;\">La vi sola bailando en la oscuridad<\/span><\/p><p style=\"text-align: center;\"><span style=\"color: #ffffff;\">Y desde lejos se le ve la maldad<\/span><\/p><p style=\"text-align: center;\"><span style=\"color: #ffffff;\">Hoy yo voy a intentarlo<\/span><\/p><p style=\"text-align: center;\"><span style=\"color: #ffffff;\">Pues tengo unos tragos de m\u00e1s<\/span><\/p><p style=\"text-align: center;\"><span style=\"color: #ffffff;\">Hoy voy a probar suerte<\/span><\/p><p style=\"text-align: center;\"><span style=\"color: #ffffff;\">Qu\u00e9 tal si se me da<\/span><\/p><p style=\"text-align: center;\"><span style=\"color: #ffffff;\">Ya me cans\u00e9 de la pena y de la soledad<\/span><\/p><p style=\"text-align: center;\"><span style=\"color: #ffffff;\">Hoy yo voy a tomar, hoy voy a beber, hoy voy a rumbear<\/span><\/p><p style=\"text-align: center;\">\u00a0<\/p><p style=\"text-align: center;\"><span style=\"color: #ffffff;\">Dile al Bartender que me ponga otro tequila<\/span><\/p><p style=\"text-align: center;\"><span style=\"color: #ffffff;\">Que me queme el alma y me alegre la vida<\/span><\/p><p style=\"text-align: center;\"><span style=\"color: #ffffff;\">Dile al Bartender que me ponga otro tequila<\/span><\/p><p style=\"text-align: center;\"><span style=\"color: #ffffff;\">Pa\u2019 que la fiesta no pare, pa\u2019 que la fiesta siga<\/span><\/p><p style=\"text-align: center;\">\u00a0<\/p><p style=\"text-align: center;\"><span style=\"color: #ffffff;\">Baila, me descontrola la cabeza<\/span><\/p><p style=\"text-align: center;\"><span style=\"color: #ffffff;\">Y baila, p\u00f3ngale cuatro y otra cerveza<\/span><\/p><p style=\"text-align: center;\"><span style=\"color: #ffffff;\">Y baila hasta que termine diciendo que\u2026<\/span><\/p><\/div>\t\t\t\t\t<\/div>\n\t\t\t\t\t\t<\/div>\n\t\t\t\t<\/div>\n\t\t\t\t\t\t<\/div>\n\t\t\t\t\t<\/div>\n\t\t<\/div>\n\t\t\t\t\t\t\t\t<\/div>\n\t\t\t\t\t<\/div>\n\t\t<\/section>\n\t\t\t\t\t\t<\/div>\n\t\t\t\t\t\t<\/div>\n\t\t\t\t\t<\/div>\n\t\t","protected":false},"excerpt":{"rendered":"<p>SPOTIFY APPLE MUSIC DEEZER AMAZON MUSIC La vi sola bailando en la oscuridad Y desde lejos se le ve la maldad Hoy yo voy a intentarlo Pues tengo unos tragos de m\u00e1s Hoy voy a probar suerte Qu\u00e9 tal si se me da Ya me cans\u00e9 de la pena y de la soledad Hoy yo.<\/p>\n","protected":false},"author":1,"featured_media":0,"parent":0,"menu_order":0,"comment_status":"closed","ping_status":"closed","template":"","meta":{"footnotes":""},"categories":[42],"tags":[],"class_list":["post-4156","page","type-page","status-publish","hentry","category-testi"],"yoast_head":"<!-- This site is optimized with the Yoast SEO plugin v19.6.1 - https:\/\/yoast.com\/wordpress\/plugins\/seo\/ -->\n<title>Tequila - Di Benedetto Productions<\/title>\n<meta name=\"robots\" content=\"index, follow, max-snippet:-1, max-image-preview:large, max-video-preview:-1\" \/>\n<link rel=\"canonical\" href=\"https:\/\/dibenedettoproductions.com\/?page_id=4156\" \/>\n<meta property=\"og:locale\" content=\"it_IT\" \/>\n<meta property=\"og:type\" content=\"article\" \/>\n<meta property=\"og:title\" content=\"Tequila - Di Benedetto Productions\" \/>\n<meta property=\"og:description\" content=\"SPOTIFY APPLE MUSIC DEEZER AMAZON MUSIC La vi sola bailando en la oscuridad Y desde lejos se le ve la maldad Hoy yo voy a intentarlo Pues tengo unos tragos de m\u00e1s Hoy voy a probar suerte Qu\u00e9 tal si se me da Ya me cans\u00e9 de la pena y de la soledad Hoy yo.\" \/>\n<meta property=\"og:url\" content=\"https:\/\/dibenedettoproductions.com\/?page_id=4156\" \/>\n<meta property=\"og:site_name\" content=\"Di Benedetto Productions\" \/>\n<meta property=\"article:modified_time\" content=\"2021-08-06T07:08:18+00:00\" \/>\n<meta name=\"twitter:card\" content=\"summary_large_image\" \/>\n<meta name=\"twitter:label1\" content=\"Tempo di lettura stimato\" \/>\n\t<meta name=\"twitter:data1\" content=\"2 minuti\" \/>\n<script type=\"application\/ld+json\" class=\"yoast-schema-graph\">{\"@context\":\"https:\/\/schema.org\",\"@graph\":[{\"@type\":\"WebPage\",\"@id\":\"https:\/\/dibenedettoproductions.com\/?page_id=4156\",\"url\":\"https:\/\/dibenedettoproductions.com\/?page_id=4156\",\"name\":\"Tequila - Di Benedetto Productions\",\"isPartOf\":{\"@id\":\"https:\/\/dibenedettoproductions.com\/#website\"},\"datePublished\":\"2021-02-24T17:56:57+00:00\",\"dateModified\":\"2021-08-06T07:08:18+00:00\",\"breadcrumb\":{\"@id\":\"https:\/\/dibenedettoproductions.com\/?page_id=4156#breadcrumb\"},\"inLanguage\":\"it-IT\",\"potentialAction\":[{\"@type\":\"ReadAction\",\"target\":[\"https:\/\/dibenedettoproductions.com\/?page_id=4156\"]}]},{\"@type\":\"BreadcrumbList\",\"@id\":\"https:\/\/dibenedettoproductions.com\/?page_id=4156#breadcrumb\",\"itemListElement\":[{\"@type\":\"ListItem\",\"position\":1,\"name\":\"Home\",\"item\":\"https:\/\/dibenedettoproductions.com\/\"},{\"@type\":\"ListItem\",\"position\":2,\"name\":\"Tequila\"}]},{\"@type\":\"WebSite\",\"@id\":\"https:\/\/dibenedettoproductions.com\/#website\",\"url\":\"https:\/\/dibenedettoproductions.com\/\",\"name\":\"Di Benedetto Productions\",\"description\":\"\",\"publisher\":{\"@id\":\"https:\/\/dibenedettoproductions.com\/#organization\"},\"potentialAction\":[{\"@type\":\"SearchAction\",\"target\":{\"@type\":\"EntryPoint\",\"urlTemplate\":\"https:\/\/dibenedettoproductions.com\/?s={search_term_string}\"},\"query-input\":\"required name=search_term_string\"}],\"inLanguage\":\"it-IT\"},{\"@type\":\"Organization\",\"@id\":\"https:\/\/dibenedettoproductions.com\/#organization\",\"name\":\"DI BENEDETTO PRODUCTIONS\",\"url\":\"https:\/\/dibenedettoproductions.com\/\",\"sameAs\":[],\"logo\":{\"@type\":\"ImageObject\",\"inLanguage\":\"it-IT\",\"@id\":\"https:\/\/dibenedettoproductions.com\/#\/schema\/logo\/image\/\",\"url\":\"https:\/\/dibenedettoproductions.com\/wp-content\/uploads\/2021\/09\/logo_di_benedetto_productions.jpg\",\"contentUrl\":\"https:\/\/dibenedettoproductions.com\/wp-content\/uploads\/2021\/09\/logo_di_benedetto_productions.jpg\",\"width\":225,\"height\":225,\"caption\":\"DI BENEDETTO PRODUCTIONS\"},\"image\":{\"@id\":\"https:\/\/dibenedettoproductions.com\/#\/schema\/logo\/image\/\"}}]}<\/script>\n<!-- \/ Yoast SEO plugin. -->","yoast_head_json":{"title":"Tequila - Di Benedetto Productions","robots":{"index":"index","follow":"follow","max-snippet":"max-snippet:-1","max-image-preview":"max-image-preview:large","max-video-preview":"max-video-preview:-1"},"canonical":"https:\/\/dibenedettoproductions.com\/?page_id=4156","og_locale":"it_IT","og_type":"article","og_title":"Tequila - Di Benedetto Productions","og_description":"SPOTIFY APPLE MUSIC DEEZER AMAZON MUSIC La vi sola bailando en la oscuridad Y desde lejos se le ve la maldad Hoy yo voy a intentarlo Pues tengo unos tragos de m\u00e1s Hoy voy a probar suerte Qu\u00e9 tal si se me da Ya me cans\u00e9 de la pena y de la soledad Hoy yo.","og_url":"https:\/\/dibenedettoproductions.com\/?page_id=4156","og_site_name":"Di Benedetto Productions","article_modified_time":"2021-08-06T07:08:18+00:00","twitter_card":"summary_large_image","twitter_misc":{"Tempo di lettura stimato":"2 minuti"},"schema":{"@context":"https:\/\/schema.org","@graph":[{"@type":"WebPage","@id":"https:\/\/dibenedettoproductions.com\/?page_id=4156","url":"https:\/\/dibenedettoproductions.com\/?page_id=4156","name":"Tequila - Di Benedetto Productions","isPartOf":{"@id":"https:\/\/dibenedettoproductions.com\/#website"},"datePublished":"2021-02-24T17:56:57+00:00","dateModified":"2021-08-06T07:08:18+00:00","breadcrumb":{"@id":"https:\/\/dibenedettoproductions.com\/?page_id=4156#breadcrumb"},"inLanguage":"it-IT","potentialAction":[{"@type":"ReadAction","target":["https:\/\/dibenedettoproductions.com\/?page_id=4156"]}]},{"@type":"BreadcrumbList","@id":"https:\/\/dibenedettoproductions.com\/?page_id=4156#breadcrumb","itemListElement":[{"@type":"ListItem","position":1,"name":"Home","item":"https:\/\/dibenedettoproductions.com\/"},{"@type":"ListItem","position":2,"name":"Tequila"}]},{"@type":"WebSite","@id":"https:\/\/dibenedettoproductions.com\/#website","url":"https:\/\/dibenedettoproductions.com\/","name":"Di Benedetto Productions","description":"","publisher":{"@id":"https:\/\/dibenedettoproductions.com\/#organization"},"potentialAction":[{"@type":"SearchAction","target":{"@type":"EntryPoint","urlTemplate":"https:\/\/dibenedettoproductions.com\/?s={search_term_string}"},"query-input":"required name=search_term_string"}],"inLanguage":"it-IT"},{"@type":"Organization","@id":"https:\/\/dibenedettoproductions.com\/#organization","name":"DI BENEDETTO PRODUCTIONS","url":"https:\/\/dibenedettoproductions.com\/","sameAs":[],"logo":{"@type":"ImageObject","inLanguage":"it-IT","@id":"https:\/\/dibenedettoproductions.com\/#\/schema\/logo\/image\/","url":"https:\/\/dibenedettoproductions.com\/wp-content\/uploads\/2021\/09\/logo_di_benedetto_productions.jpg","contentUrl":"https:\/\/dibenedettoproductions.com\/wp-content\/uploads\/2021\/09\/logo_di_benedetto_productions.jpg","width":225,"height":225,"caption":"DI BENEDETTO PRODUCTIONS"},"image":{"@id":"https:\/\/dibenedettoproductions.com\/#\/schema\/logo\/image\/"}}]}},"_links":{"self":[{"href":"https:\/\/dibenedettoproductions.com\/index.php?rest_route=\/wp\/v2\/pages\/4156","targetHints":{"allow":["GET"]}}],"collection":[{"href":"https:\/\/dibenedettoproductions.com\/index.php?rest_route=\/wp\/v2\/pages"}],"about":[{"href":"https:\/\/dibenedettoproductions.com\/index.php?rest_route=\/wp\/v2\/types\/page"}],"author":[{"embeddable":true,"href":"https:\/\/dibenedettoproductions.com\/index.php?rest_route=\/wp\/v2\/users\/1"}],"replies":[{"embeddable":true,"href":"https:\/\/dibenedettoproductions.com\/index.php?rest_route=%2Fwp%2Fv2%2Fcomments&post=4156"}],"version-history":[{"count":7,"href":"https:\/\/dibenedettoproductions.com\/index.php?rest_route=\/wp\/v2\/pages\/4156\/revisions"}],"predecessor-version":[{"id":5944,"href":"https:\/\/dibenedettoproductions.com\/index.php?rest_route=\/wp\/v2\/pages\/4156\/revisions\/5944"}],"wp:attachment":[{"href":"https:\/\/dibenedettoproductions.com\/index.php?rest_route=%2Fwp%2Fv2%2Fmedia&parent=4156"}],"wp:term":[{"taxonomy":"category","embeddable":true,"href":"https:\/\/dibenedettoproductions.com\/index.php?rest_route=%2Fwp%2Fv2%2Fcategories&post=4156"},{"taxonomy":"post_tag","embeddable":true,"href":"https:\/\/dibenedettoproductions.com\/index.php?rest_route=%2Fwp%2Fv2%2Ftags&post=4156"}],"curies":[{"name":"wp","href":"https:\/\/api.w.org\/{rel}","templated":true}]}}