{"id":4131,"date":"2021-02-24T17:47:04","date_gmt":"2021-02-24T17:47:04","guid":{"rendered":"https:\/\/dibenedettoproductions.com\/?page_id=4131"},"modified":"2021-08-06T07:24:21","modified_gmt":"2021-08-06T07:24:21","slug":"vive-la-vida","status":"publish","type":"page","link":"https:\/\/dibenedettoproductions.com\/?page_id=4131","title":{"rendered":"Vive La Vida"},"content":{"rendered":"\t\t<div data-elementor-type=\"wp-page\" data-elementor-id=\"4131\" class=\"elementor elementor-4131\" data-elementor-settings=\"[]\">\n\t\t\t\t\t\t<div class=\"elementor-inner\">\n\t\t\t\t\t\t\t<div class=\"elementor-section-wrap\">\n\t\t\t\t\t\t\t<section class=\"elementor-section elementor-top-section elementor-element elementor-element-abe0ebb elementor-section-stretched elementor-section-boxed elementor-section-height-default elementor-section-height-default\" data-id=\"abe0ebb\" data-element_type=\"section\" data-settings=\"{&quot;stretch_section&quot;:&quot;section-stretched&quot;,&quot;background_background&quot;:&quot;classic&quot;}\">\n\t\t\t\t\t\t<div class=\"elementor-container elementor-column-gap-default\">\n\t\t\t\t\t\t\t<div class=\"elementor-row\">\n\t\t\t\t\t<div class=\"elementor-column elementor-col-25 elementor-top-column elementor-element elementor-element-57c9e00\" data-id=\"57c9e00\" data-element_type=\"column\">\n\t\t\t<div class=\"elementor-column-wrap elementor-element-populated\">\n\t\t\t\t\t\t\t<div class=\"elementor-widget-wrap\">\n\t\t\t\t\t\t<div class=\"elementor-element elementor-element-385c6d8 elementor-align-center elementor-widget elementor-widget-button\" data-id=\"385c6d8\" data-element_type=\"widget\" data-widget_type=\"button.default\">\n\t\t\t\t<div class=\"elementor-widget-container\">\n\t\t\t\t\t<div class=\"elementor-button-wrapper\">\n\t\t\t<a href=\"https:\/\/open.spotify.com\/track\/5RYgM2PlV3M02n3YFnF69T?si=9TCwq4RpR7myrnzNVpXOAw%20\" class=\"elementor-button-link elementor-button elementor-size-sm\" role=\"button\">\n\t\t\t\t\t\t<span class=\"elementor-button-content-wrapper\">\n\t\t\t\t\t\t<span class=\"elementor-button-text\">SPOTIFY<\/span>\n\t\t<\/span>\n\t\t\t\t\t<\/a>\n\t\t<\/div>\n\t\t\t\t<\/div>\n\t\t\t\t<\/div>\n\t\t\t\t\t\t<\/div>\n\t\t\t\t\t<\/div>\n\t\t<\/div>\n\t\t\t\t<div class=\"elementor-column elementor-col-25 elementor-top-column elementor-element elementor-element-4808704\" data-id=\"4808704\" data-element_type=\"column\">\n\t\t\t<div class=\"elementor-column-wrap elementor-element-populated\">\n\t\t\t\t\t\t\t<div class=\"elementor-widget-wrap\">\n\t\t\t\t\t\t<div class=\"elementor-element elementor-element-6b84863 elementor-align-center elementor-widget elementor-widget-button\" data-id=\"6b84863\" data-element_type=\"widget\" data-widget_type=\"button.default\">\n\t\t\t\t<div class=\"elementor-widget-container\">\n\t\t\t\t\t<div class=\"elementor-button-wrapper\">\n\t\t\t<a href=\"https:\/\/music.apple.com\/us\/album\/vive-la-vida\/1350927326?i=1350927327\" class=\"elementor-button-link elementor-button elementor-size-sm\" role=\"button\">\n\t\t\t\t\t\t<span class=\"elementor-button-content-wrapper\">\n\t\t\t\t\t\t<span class=\"elementor-button-text\">APPLE MUSIC<\/span>\n\t\t<\/span>\n\t\t\t\t\t<\/a>\n\t\t<\/div>\n\t\t\t\t<\/div>\n\t\t\t\t<\/div>\n\t\t\t\t\t\t<\/div>\n\t\t\t\t\t<\/div>\n\t\t<\/div>\n\t\t\t\t<div class=\"elementor-column elementor-col-25 elementor-top-column elementor-element elementor-element-f75137a\" data-id=\"f75137a\" data-element_type=\"column\">\n\t\t\t<div class=\"elementor-column-wrap elementor-element-populated\">\n\t\t\t\t\t\t\t<div class=\"elementor-widget-wrap\">\n\t\t\t\t\t\t<div class=\"elementor-element elementor-element-c616d8b elementor-align-center elementor-widget elementor-widget-button\" data-id=\"c616d8b\" data-element_type=\"widget\" data-widget_type=\"button.default\">\n\t\t\t\t<div class=\"elementor-widget-container\">\n\t\t\t\t\t<div class=\"elementor-button-wrapper\">\n\t\t\t<a href=\"https:\/\/deezer.page.link\/bwsLN1sBFreF5zSm6%20\" class=\"elementor-button-link elementor-button elementor-size-sm\" role=\"button\">\n\t\t\t\t\t\t<span class=\"elementor-button-content-wrapper\">\n\t\t\t\t\t\t<span class=\"elementor-button-text\">DEEZER<\/span>\n\t\t<\/span>\n\t\t\t\t\t<\/a>\n\t\t<\/div>\n\t\t\t\t<\/div>\n\t\t\t\t<\/div>\n\t\t\t\t\t\t<\/div>\n\t\t\t\t\t<\/div>\n\t\t<\/div>\n\t\t\t\t<div class=\"elementor-column elementor-col-25 elementor-top-column elementor-element elementor-element-0dcff87\" data-id=\"0dcff87\" data-element_type=\"column\">\n\t\t\t<div class=\"elementor-column-wrap elementor-element-populated\">\n\t\t\t\t\t\t\t<div class=\"elementor-widget-wrap\">\n\t\t\t\t\t\t<div class=\"elementor-element elementor-element-f0fe5a7 elementor-align-center elementor-widget elementor-widget-button\" data-id=\"f0fe5a7\" data-element_type=\"widget\" data-widget_type=\"button.default\">\n\t\t\t\t<div class=\"elementor-widget-container\">\n\t\t\t\t\t<div class=\"elementor-button-wrapper\">\n\t\t\t<a href=\"https:\/\/music.amazon.com\/albums\/B07TFKR2B4?trackAsin=B07TBG87FX&#038;ref=dm_sh_bae8-cfc1-dmcp-6ab2-c263e&#038;musicTerritory=US&#038;marketplaceId=ATVPDKIKX0DER\" class=\"elementor-button-link elementor-button elementor-size-sm\" role=\"button\">\n\t\t\t\t\t\t<span class=\"elementor-button-content-wrapper\">\n\t\t\t\t\t\t<span class=\"elementor-button-text\">AMAZON MUSIC<\/span>\n\t\t<\/span>\n\t\t\t\t\t<\/a>\n\t\t<\/div>\n\t\t\t\t<\/div>\n\t\t\t\t<\/div>\n\t\t\t\t\t\t<\/div>\n\t\t\t\t\t<\/div>\n\t\t<\/div>\n\t\t\t\t\t\t\t\t<\/div>\n\t\t\t\t\t<\/div>\n\t\t<\/section>\n\t\t\t\t<section class=\"elementor-section elementor-top-section elementor-element elementor-element-d9dd0a0 elementor-section-stretched elementor-section-boxed elementor-section-height-default elementor-section-height-default\" data-id=\"d9dd0a0\" data-element_type=\"section\" data-settings=\"{&quot;stretch_section&quot;:&quot;section-stretched&quot;,&quot;background_background&quot;:&quot;classic&quot;}\">\n\t\t\t\t\t\t<div class=\"elementor-container elementor-column-gap-default\">\n\t\t\t\t\t\t\t<div class=\"elementor-row\">\n\t\t\t\t\t<div class=\"elementor-column elementor-col-100 elementor-top-column elementor-element elementor-element-9f5f2ad\" data-id=\"9f5f2ad\" data-element_type=\"column\">\n\t\t\t<div class=\"elementor-column-wrap elementor-element-populated\">\n\t\t\t\t\t\t\t<div class=\"elementor-widget-wrap\">\n\t\t\t\t\t\t<div class=\"elementor-element elementor-element-010fec8 elementor-widget elementor-widget-text-editor\" data-id=\"010fec8\" data-element_type=\"widget\" data-widget_type=\"text-editor.default\">\n\t\t\t\t<div class=\"elementor-widget-container\">\n\t\t\t\t\t\t\t\t<div class=\"elementor-text-editor elementor-clearfix\">\n\t\t\t\t<div><p style=\"text-align: center;\"><span style=\"color: #ffffff;\">Vive la vida que volando se va<\/span><\/p><p style=\"text-align: center;\"><span style=\"color: #ffffff;\">Vive la vida y no mires atr\u00e1s<\/span><\/p><p style=\"text-align: center;\"><span style=\"color: #ffffff;\">Dale alegr\u00eda a tu cuerpo<\/span><\/p><p style=\"text-align: center;\"><span style=\"color: #ffffff;\">Que no te importa el tiempo<\/span><\/p><p style=\"text-align: center;\"><span style=\"color: #ffffff;\">Qu\u00e9 importa que pasar\u00e1 ma\u00f1ana<\/span><\/p><p style=\"text-align: center;\"><span style=\"color: #ffffff;\">Si lo importante es que t\u00fa me amas<\/span><\/p><p style=\"text-align: center;\"><span style=\"color: #ffffff;\">Ni el dinero ni la fama cambiar\u00e1 lo que siento por ti<\/span><\/p><p style=\"text-align: center;\"><span style=\"color: #ffffff;\">Lo que siento por ti<\/span><\/p><p style=\"text-align: center;\">\u00a0<\/p><p style=\"text-align: center;\"><span style=\"color: #ffffff;\">Ni yo mismo s\u00e9 c\u00f3mo fue<\/span><\/p><p style=\"text-align: center;\"><span style=\"color: #ffffff;\">Ay yo me ilusion\u00e9, arriesgu\u00e9, todo dej\u00e9<\/span><\/p><p style=\"text-align: center;\"><span style=\"color: #ffffff;\">Y tal parece que gan\u00e9<\/span><\/p><p style=\"text-align: center;\"><span style=\"color: #ffffff;\">No me preguntes para donde voy<\/span><\/p><p style=\"text-align: center;\"><span style=\"color: #ffffff;\">Mira donde estoy hoy<\/span><\/p><p style=\"text-align: center;\"><span style=\"color: #ffffff;\">So\u00f1ando contigo todos los d\u00edas<\/span><\/p><p style=\"text-align: center;\"><span style=\"color: #ffffff;\">Eres la luz de mi alegr\u00eda<\/span><\/p><p style=\"text-align: center;\"><span style=\"color: #ffffff;\">No me preguntes para donde voy<\/span><\/p><p style=\"text-align: center;\"><span style=\"color: #ffffff;\">S\u00e9 que tienes algo que me enamor\u00f3<\/span><\/p><p style=\"text-align: center;\"><span style=\"color: #ffffff;\">Es algo brutal cuando estoy contigo<\/span><\/p><p style=\"text-align: center;\"><span style=\"color: #ffffff;\">Un mundo completamente desconocido<\/span><\/p><p style=\"text-align: center;\"><span style=\"color: #ffffff;\">Y \u00e1mame como te amo yo<\/span><\/p><p style=\"text-align: center;\"><span style=\"color: #ffffff;\">Qui\u00e9reme como te quiero yo<\/span><\/p><p style=\"text-align: center;\"><span style=\"color: #ffffff;\">Porque en ese planeta solo faltamos t\u00fa y yo<\/span><\/p><p style=\"text-align: center;\">\u00a0<\/p><p style=\"text-align: center;\"><span style=\"color: #ffffff;\">Vive la vida que volando se va<\/span><\/p><p style=\"text-align: center;\"><span style=\"color: #ffffff;\">Vive la vida y no mires atr\u00e1s<\/span><\/p><p style=\"text-align: center;\"><span style=\"color: #ffffff;\">Dale alegr\u00eda a tu cuerpo<\/span><\/p><p style=\"text-align: center;\"><span style=\"color: #ffffff;\">Que no te importa el tiempo<\/span><\/p><p style=\"text-align: center;\"><span style=\"color: #ffffff;\">Qu\u00e9 importa que pasar\u00e1 ma\u00f1ana<\/span><\/p><p style=\"text-align: center;\"><span style=\"color: #ffffff;\">Si lo importante es que t\u00fa me amas<\/span><\/p><p style=\"text-align: center;\"><span style=\"color: #ffffff;\">Ni el dinero ni la fama cambiar\u00e1 lo que siento por ti<\/span><\/p><p style=\"text-align: center;\"><span style=\"color: #ffffff;\">Lo que siento por ti<\/span><\/p><p style=\"text-align: center;\">\u00a0<\/p><p style=\"text-align: center;\"><span style=\"color: #ffffff;\">Haz florecer el amor como primavera<\/span><\/p><p style=\"text-align: center;\"><span style=\"color: #ffffff;\">Eres t\u00fa la que tiene la manera s\u00ed<\/span><\/p><p style=\"text-align: center;\"><span style=\"color: #ffffff;\">Ese amor sin fronteras, sin barreras<\/span><\/p><p style=\"text-align: center;\"><span style=\"color: #ffffff;\">Que inunda mi vida entera<\/span><\/p><p style=\"text-align: center;\"><span style=\"color: #ffffff;\">Y no me finjas no me digas que no me amas<\/span><\/p><p style=\"text-align: center;\"><span style=\"color: #ffffff;\">Que se te nota en la mirada<\/span><\/p><p style=\"text-align: center;\"><span style=\"color: #ffffff;\">S\u00e9 que est\u00e1s decepcionada pero puedes amarme<\/span><\/p><p style=\"text-align: center;\"><span style=\"color: #ffffff;\">Y no me finjas no me digas que no me amas<\/span><\/p><p style=\"text-align: center;\"><span style=\"color: #ffffff;\">Que se te nota en la mirada<\/span><\/p><p style=\"text-align: center;\"><span style=\"color: #ffffff;\">Nadie entiende tu f\u00edsica tu qu\u00edmica en tu cama<\/span><\/p><p style=\"text-align: center;\"><span style=\"color: #ffffff;\">Nadie es como yo<\/span><\/p><p style=\"text-align: center;\">\u00a0<\/p><p style=\"text-align: center;\"><span style=\"color: #ffffff;\">Vive la vida que volando se va<\/span><\/p><p style=\"text-align: center;\"><span style=\"color: #ffffff;\">Vive la vida y no mires atr\u00e1s<\/span><\/p><p style=\"text-align: center;\"><span style=\"color: #ffffff;\">Dale alegr\u00eda a tu cuerpo<\/span><\/p><p style=\"text-align: center;\"><span style=\"color: #ffffff;\">Que no te importa el tiempo<\/span><\/p><p style=\"text-align: center;\"><span style=\"color: #ffffff;\">Qu\u00e9 importa que pasar\u00e1 ma\u00f1ana<\/span><\/p><p style=\"text-align: center;\"><span style=\"color: #ffffff;\">Si lo importante es que t\u00fa me amas<\/span><\/p><p style=\"text-align: center;\"><span style=\"color: #ffffff;\">Ni el dinero ni la fama cambiar\u00e1 lo que siento por ti<\/span><\/p><\/div>\t\t\t\t\t<\/div>\n\t\t\t\t\t\t<\/div>\n\t\t\t\t<\/div>\n\t\t\t\t\t\t<\/div>\n\t\t\t\t\t<\/div>\n\t\t<\/div>\n\t\t\t\t\t\t\t\t<\/div>\n\t\t\t\t\t<\/div>\n\t\t<\/section>\n\t\t\t\t\t\t<\/div>\n\t\t\t\t\t\t<\/div>\n\t\t\t\t\t<\/div>\n\t\t","protected":false},"excerpt":{"rendered":"<p>SPOTIFY APPLE MUSIC DEEZER AMAZON MUSIC Vive la vida que volando se va Vive la vida y no mires atr\u00e1s Dale alegr\u00eda a tu cuerpo Que no te importa el tiempo Qu\u00e9 importa que pasar\u00e1 ma\u00f1ana Si lo importante es que t\u00fa me amas Ni el dinero ni la fama cambiar\u00e1 lo que siento por.<\/p>\n","protected":false},"author":1,"featured_media":0,"parent":0,"menu_order":0,"comment_status":"closed","ping_status":"closed","template":"","meta":{"footnotes":""},"categories":[42],"tags":[],"class_list":["post-4131","page","type-page","status-publish","hentry","category-testi"],"yoast_head":"<!-- This site is optimized with the Yoast SEO plugin v19.6.1 - https:\/\/yoast.com\/wordpress\/plugins\/seo\/ -->\n<title>Vive La Vida - Di Benedetto Productions<\/title>\n<meta name=\"robots\" content=\"index, follow, max-snippet:-1, max-image-preview:large, max-video-preview:-1\" \/>\n<link rel=\"canonical\" href=\"https:\/\/dibenedettoproductions.com\/?page_id=4131\" \/>\n<meta property=\"og:locale\" content=\"it_IT\" \/>\n<meta property=\"og:type\" content=\"article\" \/>\n<meta property=\"og:title\" content=\"Vive La Vida - Di Benedetto Productions\" \/>\n<meta property=\"og:description\" content=\"SPOTIFY APPLE MUSIC DEEZER AMAZON MUSIC Vive la vida que volando se va Vive la vida y no mires atr\u00e1s Dale alegr\u00eda a tu cuerpo Que no te importa el tiempo Qu\u00e9 importa que pasar\u00e1 ma\u00f1ana Si lo importante es que t\u00fa me amas Ni el dinero ni la fama cambiar\u00e1 lo que siento por.\" \/>\n<meta property=\"og:url\" content=\"https:\/\/dibenedettoproductions.com\/?page_id=4131\" \/>\n<meta property=\"og:site_name\" content=\"Di Benedetto Productions\" \/>\n<meta property=\"article:modified_time\" content=\"2021-08-06T07:24:21+00:00\" \/>\n<meta name=\"twitter:card\" content=\"summary_large_image\" \/>\n<meta name=\"twitter:label1\" content=\"Tempo di lettura stimato\" \/>\n\t<meta name=\"twitter:data1\" content=\"2 minuti\" \/>\n<script type=\"application\/ld+json\" class=\"yoast-schema-graph\">{\"@context\":\"https:\/\/schema.org\",\"@graph\":[{\"@type\":\"WebPage\",\"@id\":\"https:\/\/dibenedettoproductions.com\/?page_id=4131\",\"url\":\"https:\/\/dibenedettoproductions.com\/?page_id=4131\",\"name\":\"Vive La Vida - Di Benedetto Productions\",\"isPartOf\":{\"@id\":\"https:\/\/dibenedettoproductions.com\/#website\"},\"datePublished\":\"2021-02-24T17:47:04+00:00\",\"dateModified\":\"2021-08-06T07:24:21+00:00\",\"breadcrumb\":{\"@id\":\"https:\/\/dibenedettoproductions.com\/?page_id=4131#breadcrumb\"},\"inLanguage\":\"it-IT\",\"potentialAction\":[{\"@type\":\"ReadAction\",\"target\":[\"https:\/\/dibenedettoproductions.com\/?page_id=4131\"]}]},{\"@type\":\"BreadcrumbList\",\"@id\":\"https:\/\/dibenedettoproductions.com\/?page_id=4131#breadcrumb\",\"itemListElement\":[{\"@type\":\"ListItem\",\"position\":1,\"name\":\"Home\",\"item\":\"https:\/\/dibenedettoproductions.com\/\"},{\"@type\":\"ListItem\",\"position\":2,\"name\":\"Vive La Vida\"}]},{\"@type\":\"WebSite\",\"@id\":\"https:\/\/dibenedettoproductions.com\/#website\",\"url\":\"https:\/\/dibenedettoproductions.com\/\",\"name\":\"Di Benedetto Productions\",\"description\":\"\",\"publisher\":{\"@id\":\"https:\/\/dibenedettoproductions.com\/#organization\"},\"potentialAction\":[{\"@type\":\"SearchAction\",\"target\":{\"@type\":\"EntryPoint\",\"urlTemplate\":\"https:\/\/dibenedettoproductions.com\/?s={search_term_string}\"},\"query-input\":\"required name=search_term_string\"}],\"inLanguage\":\"it-IT\"},{\"@type\":\"Organization\",\"@id\":\"https:\/\/dibenedettoproductions.com\/#organization\",\"name\":\"DI BENEDETTO PRODUCTIONS\",\"url\":\"https:\/\/dibenedettoproductions.com\/\",\"sameAs\":[],\"logo\":{\"@type\":\"ImageObject\",\"inLanguage\":\"it-IT\",\"@id\":\"https:\/\/dibenedettoproductions.com\/#\/schema\/logo\/image\/\",\"url\":\"https:\/\/dibenedettoproductions.com\/wp-content\/uploads\/2021\/09\/logo_di_benedetto_productions.jpg\",\"contentUrl\":\"https:\/\/dibenedettoproductions.com\/wp-content\/uploads\/2021\/09\/logo_di_benedetto_productions.jpg\",\"width\":225,\"height\":225,\"caption\":\"DI BENEDETTO PRODUCTIONS\"},\"image\":{\"@id\":\"https:\/\/dibenedettoproductions.com\/#\/schema\/logo\/image\/\"}}]}<\/script>\n<!-- \/ Yoast SEO plugin. -->","yoast_head_json":{"title":"Vive La Vida - Di Benedetto Productions","robots":{"index":"index","follow":"follow","max-snippet":"max-snippet:-1","max-image-preview":"max-image-preview:large","max-video-preview":"max-video-preview:-1"},"canonical":"https:\/\/dibenedettoproductions.com\/?page_id=4131","og_locale":"it_IT","og_type":"article","og_title":"Vive La Vida - Di Benedetto Productions","og_description":"SPOTIFY APPLE MUSIC DEEZER AMAZON MUSIC Vive la vida que volando se va Vive la vida y no mires atr\u00e1s Dale alegr\u00eda a tu cuerpo Que no te importa el tiempo Qu\u00e9 importa que pasar\u00e1 ma\u00f1ana Si lo importante es que t\u00fa me amas Ni el dinero ni la fama cambiar\u00e1 lo que siento por.","og_url":"https:\/\/dibenedettoproductions.com\/?page_id=4131","og_site_name":"Di Benedetto Productions","article_modified_time":"2021-08-06T07:24:21+00:00","twitter_card":"summary_large_image","twitter_misc":{"Tempo di lettura stimato":"2 minuti"},"schema":{"@context":"https:\/\/schema.org","@graph":[{"@type":"WebPage","@id":"https:\/\/dibenedettoproductions.com\/?page_id=4131","url":"https:\/\/dibenedettoproductions.com\/?page_id=4131","name":"Vive La Vida - Di Benedetto Productions","isPartOf":{"@id":"https:\/\/dibenedettoproductions.com\/#website"},"datePublished":"2021-02-24T17:47:04+00:00","dateModified":"2021-08-06T07:24:21+00:00","breadcrumb":{"@id":"https:\/\/dibenedettoproductions.com\/?page_id=4131#breadcrumb"},"inLanguage":"it-IT","potentialAction":[{"@type":"ReadAction","target":["https:\/\/dibenedettoproductions.com\/?page_id=4131"]}]},{"@type":"BreadcrumbList","@id":"https:\/\/dibenedettoproductions.com\/?page_id=4131#breadcrumb","itemListElement":[{"@type":"ListItem","position":1,"name":"Home","item":"https:\/\/dibenedettoproductions.com\/"},{"@type":"ListItem","position":2,"name":"Vive La Vida"}]},{"@type":"WebSite","@id":"https:\/\/dibenedettoproductions.com\/#website","url":"https:\/\/dibenedettoproductions.com\/","name":"Di Benedetto Productions","description":"","publisher":{"@id":"https:\/\/dibenedettoproductions.com\/#organization"},"potentialAction":[{"@type":"SearchAction","target":{"@type":"EntryPoint","urlTemplate":"https:\/\/dibenedettoproductions.com\/?s={search_term_string}"},"query-input":"required name=search_term_string"}],"inLanguage":"it-IT"},{"@type":"Organization","@id":"https:\/\/dibenedettoproductions.com\/#organization","name":"DI BENEDETTO PRODUCTIONS","url":"https:\/\/dibenedettoproductions.com\/","sameAs":[],"logo":{"@type":"ImageObject","inLanguage":"it-IT","@id":"https:\/\/dibenedettoproductions.com\/#\/schema\/logo\/image\/","url":"https:\/\/dibenedettoproductions.com\/wp-content\/uploads\/2021\/09\/logo_di_benedetto_productions.jpg","contentUrl":"https:\/\/dibenedettoproductions.com\/wp-content\/uploads\/2021\/09\/logo_di_benedetto_productions.jpg","width":225,"height":225,"caption":"DI BENEDETTO PRODUCTIONS"},"image":{"@id":"https:\/\/dibenedettoproductions.com\/#\/schema\/logo\/image\/"}}]}},"_links":{"self":[{"href":"https:\/\/dibenedettoproductions.com\/index.php?rest_route=\/wp\/v2\/pages\/4131","targetHints":{"allow":["GET"]}}],"collection":[{"href":"https:\/\/dibenedettoproductions.com\/index.php?rest_route=\/wp\/v2\/pages"}],"about":[{"href":"https:\/\/dibenedettoproductions.com\/index.php?rest_route=\/wp\/v2\/types\/page"}],"author":[{"embeddable":true,"href":"https:\/\/dibenedettoproductions.com\/index.php?rest_route=\/wp\/v2\/users\/1"}],"replies":[{"embeddable":true,"href":"https:\/\/dibenedettoproductions.com\/index.php?rest_route=%2Fwp%2Fv2%2Fcomments&post=4131"}],"version-history":[{"count":7,"href":"https:\/\/dibenedettoproductions.com\/index.php?rest_route=\/wp\/v2\/pages\/4131\/revisions"}],"predecessor-version":[{"id":6055,"href":"https:\/\/dibenedettoproductions.com\/index.php?rest_route=\/wp\/v2\/pages\/4131\/revisions\/6055"}],"wp:attachment":[{"href":"https:\/\/dibenedettoproductions.com\/index.php?rest_route=%2Fwp%2Fv2%2Fmedia&parent=4131"}],"wp:term":[{"taxonomy":"category","embeddable":true,"href":"https:\/\/dibenedettoproductions.com\/index.php?rest_route=%2Fwp%2Fv2%2Fcategories&post=4131"},{"taxonomy":"post_tag","embeddable":true,"href":"https:\/\/dibenedettoproductions.com\/index.php?rest_route=%2Fwp%2Fv2%2Ftags&post=4131"}],"curies":[{"name":"wp","href":"https:\/\/api.w.org\/{rel}","templated":true}]}}