{"id":4123,"date":"2021-02-24T17:44:22","date_gmt":"2021-02-24T17:44:22","guid":{"rendered":"https:\/\/dibenedettoproductions.com\/?page_id=4123"},"modified":"2021-08-06T07:22:18","modified_gmt":"2021-08-06T07:22:18","slug":"vente","status":"publish","type":"page","link":"https:\/\/dibenedettoproductions.com\/?page_id=4123","title":{"rendered":"Vente"},"content":{"rendered":"\t\t<div data-elementor-type=\"wp-page\" data-elementor-id=\"4123\" class=\"elementor elementor-4123\" data-elementor-settings=\"[]\">\n\t\t\t\t\t\t<div class=\"elementor-inner\">\n\t\t\t\t\t\t\t<div class=\"elementor-section-wrap\">\n\t\t\t\t\t\t\t<section class=\"elementor-section elementor-top-section elementor-element elementor-element-60f5454 elementor-section-stretched elementor-section-boxed elementor-section-height-default elementor-section-height-default\" data-id=\"60f5454\" data-element_type=\"section\" data-settings=\"{&quot;stretch_section&quot;:&quot;section-stretched&quot;,&quot;background_background&quot;:&quot;classic&quot;}\">\n\t\t\t\t\t\t<div class=\"elementor-container elementor-column-gap-default\">\n\t\t\t\t\t\t\t<div class=\"elementor-row\">\n\t\t\t\t\t<div class=\"elementor-column elementor-col-25 elementor-top-column elementor-element elementor-element-124f3a6\" data-id=\"124f3a6\" data-element_type=\"column\">\n\t\t\t<div class=\"elementor-column-wrap elementor-element-populated\">\n\t\t\t\t\t\t\t<div class=\"elementor-widget-wrap\">\n\t\t\t\t\t\t<div class=\"elementor-element elementor-element-51a8f24 elementor-align-center elementor-widget elementor-widget-button\" data-id=\"51a8f24\" data-element_type=\"widget\" data-widget_type=\"button.default\">\n\t\t\t\t<div class=\"elementor-widget-container\">\n\t\t\t\t\t<div class=\"elementor-button-wrapper\">\n\t\t\t<a href=\"https:\/\/open.spotify.com\/track\/0KtH6iklc9QD3I5vv8C9a4?si=643jYNKmRJeEcWXe1ZOnmg\" class=\"elementor-button-link elementor-button elementor-size-sm\" role=\"button\">\n\t\t\t\t\t\t<span class=\"elementor-button-content-wrapper\">\n\t\t\t\t\t\t<span class=\"elementor-button-text\">SPOTIFY<\/span>\n\t\t<\/span>\n\t\t\t\t\t<\/a>\n\t\t<\/div>\n\t\t\t\t<\/div>\n\t\t\t\t<\/div>\n\t\t\t\t\t\t<\/div>\n\t\t\t\t\t<\/div>\n\t\t<\/div>\n\t\t\t\t<div class=\"elementor-column elementor-col-25 elementor-top-column elementor-element elementor-element-250636c\" data-id=\"250636c\" data-element_type=\"column\">\n\t\t\t<div class=\"elementor-column-wrap elementor-element-populated\">\n\t\t\t\t\t\t\t<div class=\"elementor-widget-wrap\">\n\t\t\t\t\t\t<div class=\"elementor-element elementor-element-5657a64 elementor-align-center elementor-widget elementor-widget-button\" data-id=\"5657a64\" data-element_type=\"widget\" data-widget_type=\"button.default\">\n\t\t\t\t<div class=\"elementor-widget-container\">\n\t\t\t\t\t<div class=\"elementor-button-wrapper\">\n\t\t\t<a href=\"https:\/\/music.apple.com\/us\/album\/vente\/1390633343?i=1390633654%20\" class=\"elementor-button-link elementor-button elementor-size-sm\" role=\"button\">\n\t\t\t\t\t\t<span class=\"elementor-button-content-wrapper\">\n\t\t\t\t\t\t<span class=\"elementor-button-text\">APPLE MUSIC<\/span>\n\t\t<\/span>\n\t\t\t\t\t<\/a>\n\t\t<\/div>\n\t\t\t\t<\/div>\n\t\t\t\t<\/div>\n\t\t\t\t\t\t<\/div>\n\t\t\t\t\t<\/div>\n\t\t<\/div>\n\t\t\t\t<div class=\"elementor-column elementor-col-25 elementor-top-column elementor-element elementor-element-e83ad73\" data-id=\"e83ad73\" data-element_type=\"column\">\n\t\t\t<div class=\"elementor-column-wrap elementor-element-populated\">\n\t\t\t\t\t\t\t<div class=\"elementor-widget-wrap\">\n\t\t\t\t\t\t<div class=\"elementor-element elementor-element-4ca04de elementor-align-center elementor-widget elementor-widget-button\" data-id=\"4ca04de\" data-element_type=\"widget\" data-widget_type=\"button.default\">\n\t\t\t\t<div class=\"elementor-widget-container\">\n\t\t\t\t\t<div class=\"elementor-button-wrapper\">\n\t\t\t<a href=\"https:\/\/deezer.page.link\/miS6gVQzZn5Cf7iP8\" class=\"elementor-button-link elementor-button elementor-size-sm\" role=\"button\">\n\t\t\t\t\t\t<span class=\"elementor-button-content-wrapper\">\n\t\t\t\t\t\t<span class=\"elementor-button-text\">DEEZER<\/span>\n\t\t<\/span>\n\t\t\t\t\t<\/a>\n\t\t<\/div>\n\t\t\t\t<\/div>\n\t\t\t\t<\/div>\n\t\t\t\t\t\t<\/div>\n\t\t\t\t\t<\/div>\n\t\t<\/div>\n\t\t\t\t<div class=\"elementor-column elementor-col-25 elementor-top-column elementor-element elementor-element-508e7fe\" data-id=\"508e7fe\" data-element_type=\"column\">\n\t\t\t<div class=\"elementor-column-wrap elementor-element-populated\">\n\t\t\t\t\t\t\t<div class=\"elementor-widget-wrap\">\n\t\t\t\t\t\t<div class=\"elementor-element elementor-element-4baaa4a elementor-align-center elementor-widget elementor-widget-button\" data-id=\"4baaa4a\" data-element_type=\"widget\" data-widget_type=\"button.default\">\n\t\t\t\t<div class=\"elementor-widget-container\">\n\t\t\t\t\t<div class=\"elementor-button-wrapper\">\n\t\t\t<a href=\"https:\/\/music.amazon.com\/albums\/B07T9F7L77?trackAsin=B07TDM7HBW&#038;ref=dm_sh_2ec5-f596-dmcp-35d9-fe640&#038;musicTerritory=US&#038;marketplaceId=ATVPDKIKX0DER%20\" class=\"elementor-button-link elementor-button elementor-size-sm\" role=\"button\">\n\t\t\t\t\t\t<span class=\"elementor-button-content-wrapper\">\n\t\t\t\t\t\t<span class=\"elementor-button-text\">AMAZON MUSIC<\/span>\n\t\t<\/span>\n\t\t\t\t\t<\/a>\n\t\t<\/div>\n\t\t\t\t<\/div>\n\t\t\t\t<\/div>\n\t\t\t\t\t\t<\/div>\n\t\t\t\t\t<\/div>\n\t\t<\/div>\n\t\t\t\t\t\t\t\t<\/div>\n\t\t\t\t\t<\/div>\n\t\t<\/section>\n\t\t\t\t<section class=\"elementor-section elementor-top-section elementor-element elementor-element-9174b1f elementor-section-stretched elementor-section-boxed elementor-section-height-default elementor-section-height-default\" data-id=\"9174b1f\" data-element_type=\"section\" data-settings=\"{&quot;stretch_section&quot;:&quot;section-stretched&quot;,&quot;background_background&quot;:&quot;classic&quot;}\">\n\t\t\t\t\t\t<div class=\"elementor-container elementor-column-gap-default\">\n\t\t\t\t\t\t\t<div class=\"elementor-row\">\n\t\t\t\t\t<div class=\"elementor-column elementor-col-100 elementor-top-column elementor-element elementor-element-aa855e3\" data-id=\"aa855e3\" data-element_type=\"column\">\n\t\t\t<div class=\"elementor-column-wrap elementor-element-populated\">\n\t\t\t\t\t\t\t<div class=\"elementor-widget-wrap\">\n\t\t\t\t\t\t<div class=\"elementor-element elementor-element-39c6ca0 elementor-widget elementor-widget-text-editor\" data-id=\"39c6ca0\" data-element_type=\"widget\" data-widget_type=\"text-editor.default\">\n\t\t\t\t<div class=\"elementor-widget-container\">\n\t\t\t\t\t\t\t\t<div class=\"elementor-text-editor elementor-clearfix\">\n\t\t\t\t<div><p style=\"text-align: center;\"><span style=\"color: #ffffff;\">No le mientas m\u00e1s<\/span><\/p><p style=\"text-align: center;\"><span style=\"color: #ffffff;\">Dile que conmigo t\u00fa quieres<\/span><\/p><p style=\"text-align: center;\"><span style=\"color: #ffffff;\">Que todas las noches te vienes<\/span><\/p><p style=\"text-align: center;\"><span style=\"color: #ffffff;\">Para m\u00ed apartamento y lo hacemos lento<\/span><\/p><p style=\"text-align: center;\"><span style=\"color: #ffffff;\">Hay dile mami lo que por m\u00ed sientes<\/span><\/p><p style=\"text-align: center;\"><span style=\"color: #ffffff;\">Yo soy el que te da\u00f1a la mente<\/span><\/p><p style=\"text-align: center;\">\u00a0<\/p><p style=\"text-align: center;\"><span style=\"color: #ffffff;\">Dale mami vente vente<\/span><\/p><p style=\"text-align: center;\"><span style=\"color: #ffffff;\">Dale mami rico vente vente<\/span><\/p><p style=\"text-align: center;\"><span style=\"color: #ffffff;\">Dale despacito y vente vente<\/span><\/p><p style=\"text-align: center;\"><span style=\"color: #ffffff;\">Y vente vente<\/span><\/p><p style=\"text-align: center;\"><span style=\"color: #ffffff;\">Dale mami vente vente<\/span><\/p><p style=\"text-align: center;\"><span style=\"color: #ffffff;\">Dale mami rico y vente vente<\/span><\/p><p style=\"text-align: center;\"><span style=\"color: #ffffff;\">Dale despacito y vente vente<\/span><\/p><p style=\"text-align: center;\">\u00a0<\/p><p style=\"text-align: center;\"><span style=\"color: #ffffff;\">T\u00fa me dominas cuando bajas<\/span><\/p><p style=\"text-align: center;\"><span style=\"color: #ffffff;\">T\u00fa me asesinas cuando haces el amor conmigo<\/span><\/p><p style=\"text-align: center;\"><span style=\"color: #ffffff;\">Te pones caliente y me pones mal a m\u00ed<\/span><\/p><p style=\"text-align: center;\"><span style=\"color: #ffffff;\">Te quitas la ropa y me haces un striptease<\/span><\/p><p style=\"text-align: center;\"><span style=\"color: #ffffff;\">Sabes que soy fan\u00e1tico a t\u00ed<\/span><\/p><p style=\"text-align: center;\"><span style=\"color: #ffffff;\">Desde el d\u00eda en que te conoc\u00ed<\/span><\/p><p style=\"text-align: center;\">\u00a0<\/p><p style=\"text-align: center;\"><span style=\"color: #ffffff;\">Quiero otra otra noche<\/span><\/p><p style=\"text-align: center;\"><span style=\"color: #ffffff;\">Otra otra para darte beb\u00e9<\/span><\/p><p style=\"text-align: center;\"><span style=\"color: #ffffff;\">Y que me pidas que<\/span><\/p><p style=\"text-align: center;\"><span style=\"color: #ffffff;\">Y te lo haga de nuevo<\/span><\/p><p style=\"text-align: center;\"><span style=\"color: #ffffff;\">otra otra noche<\/span><\/p><p style=\"text-align: center;\"><span style=\"color: #ffffff;\">Otra otra para darte beb\u00e9<\/span><\/p><p style=\"text-align: center;\"><span style=\"color: #ffffff;\">Y que me pidas que<\/span><\/p><p style=\"text-align: center;\"><span style=\"color: #ffffff;\">Y te lo haga de nuevo<\/span><\/p><p style=\"text-align: center;\">\u00a0<\/p><p style=\"text-align: center;\"><span style=\"color: #ffffff;\">Dale mami vente vente<\/span><\/p><p style=\"text-align: center;\"><span style=\"color: #ffffff;\">Dale mami rico vente vente<\/span><\/p><p style=\"text-align: center;\"><span style=\"color: #ffffff;\">Dale despacito y vente vente<\/span><\/p><p style=\"text-align: center;\"><span style=\"color: #ffffff;\">Y vente vente<\/span><\/p><p style=\"text-align: center;\"><span style=\"color: #ffffff;\">Dale mami vente vente<\/span><\/p><p style=\"text-align: center;\"><span style=\"color: #ffffff;\">Dale mami rico y vente vente<\/span><\/p><p style=\"text-align: center;\"><span style=\"color: #ffffff;\">Dale despacito y vente vente<\/span><\/p><p style=\"text-align: center;\">\u00a0<\/p><p style=\"text-align: center;\"><span style=\"color: #ffffff;\">No le mientas m\u00e1s<\/span><\/p><p style=\"text-align: center;\"><span style=\"color: #ffffff;\">Dile que conmigo t\u00fa quieres<\/span><\/p><p style=\"text-align: center;\"><span style=\"color: #ffffff;\">Que todas las noches te vienes<\/span><\/p><p style=\"text-align: center;\"><span style=\"color: #ffffff;\">Para m\u00ed apartamento y lo hacemos lento<\/span><\/p><p style=\"text-align: center;\"><span style=\"color: #ffffff;\">Hay dile mami lo que por m\u00ed sientes<\/span><\/p><p style=\"text-align: center;\"><span style=\"color: #ffffff;\">Yo soy el que te da\u00f1a la mente<\/span><\/p><p style=\"text-align: center;\">\u00a0<\/p><p style=\"text-align: center;\"><span style=\"color: #ffffff;\">Quiero otra otra noche<\/span><\/p><p style=\"text-align: center;\"><span style=\"color: #ffffff;\">Otra otra para darte beb\u00e9<\/span><\/p><p style=\"text-align: center;\"><span style=\"color: #ffffff;\">Y que me pidas que<\/span><\/p><p style=\"text-align: center;\"><span style=\"color: #ffffff;\">Y te lo haga de nuevo<\/span><\/p><p style=\"text-align: center;\"><span style=\"color: #ffffff;\">otra otra noche<\/span><\/p><p style=\"text-align: center;\"><span style=\"color: #ffffff;\">Otra otra para darte beb\u00e9<\/span><\/p><p style=\"text-align: center;\"><span style=\"color: #ffffff;\">Y que me pidas que<\/span><\/p><p style=\"text-align: center;\"><span style=\"color: #ffffff;\">Y te lo haga de nuevo<\/span><\/p><\/div>\t\t\t\t\t<\/div>\n\t\t\t\t\t\t<\/div>\n\t\t\t\t<\/div>\n\t\t\t\t\t\t<\/div>\n\t\t\t\t\t<\/div>\n\t\t<\/div>\n\t\t\t\t\t\t\t\t<\/div>\n\t\t\t\t\t<\/div>\n\t\t<\/section>\n\t\t\t\t\t\t<\/div>\n\t\t\t\t\t\t<\/div>\n\t\t\t\t\t<\/div>\n\t\t","protected":false},"excerpt":{"rendered":"<p>SPOTIFY APPLE MUSIC DEEZER AMAZON MUSIC No le mientas m\u00e1s Dile que conmigo t\u00fa quieres Que todas las noches te vienes Para m\u00ed apartamento y lo hacemos lento Hay dile mami lo que por m\u00ed sientes Yo soy el que te da\u00f1a la mente \u00a0 Dale mami vente vente Dale mami rico vente vente Dale.<\/p>\n","protected":false},"author":1,"featured_media":0,"parent":0,"menu_order":0,"comment_status":"closed","ping_status":"closed","template":"","meta":{"footnotes":""},"categories":[42],"tags":[],"class_list":["post-4123","page","type-page","status-publish","hentry","category-testi"],"yoast_head":"<!-- This site is optimized with the Yoast SEO plugin v19.6.1 - https:\/\/yoast.com\/wordpress\/plugins\/seo\/ -->\n<title>Vente - Di Benedetto Productions<\/title>\n<meta name=\"robots\" content=\"index, follow, max-snippet:-1, max-image-preview:large, max-video-preview:-1\" \/>\n<link rel=\"canonical\" href=\"https:\/\/dibenedettoproductions.com\/?page_id=4123\" \/>\n<meta property=\"og:locale\" content=\"it_IT\" \/>\n<meta property=\"og:type\" content=\"article\" \/>\n<meta property=\"og:title\" content=\"Vente - Di Benedetto Productions\" \/>\n<meta property=\"og:description\" content=\"SPOTIFY APPLE MUSIC DEEZER AMAZON MUSIC No le mientas m\u00e1s Dile que conmigo t\u00fa quieres Que todas las noches te vienes Para m\u00ed apartamento y lo hacemos lento Hay dile mami lo que por m\u00ed sientes Yo soy el que te da\u00f1a la mente \u00a0 Dale mami vente vente Dale mami rico vente vente Dale.\" \/>\n<meta property=\"og:url\" content=\"https:\/\/dibenedettoproductions.com\/?page_id=4123\" \/>\n<meta property=\"og:site_name\" content=\"Di Benedetto Productions\" \/>\n<meta property=\"article:modified_time\" content=\"2021-08-06T07:22:18+00:00\" \/>\n<meta name=\"twitter:card\" content=\"summary_large_image\" \/>\n<meta name=\"twitter:label1\" content=\"Tempo di lettura stimato\" \/>\n\t<meta name=\"twitter:data1\" content=\"1 minuto\" \/>\n<script type=\"application\/ld+json\" class=\"yoast-schema-graph\">{\"@context\":\"https:\/\/schema.org\",\"@graph\":[{\"@type\":\"WebPage\",\"@id\":\"https:\/\/dibenedettoproductions.com\/?page_id=4123\",\"url\":\"https:\/\/dibenedettoproductions.com\/?page_id=4123\",\"name\":\"Vente - Di Benedetto Productions\",\"isPartOf\":{\"@id\":\"https:\/\/dibenedettoproductions.com\/#website\"},\"datePublished\":\"2021-02-24T17:44:22+00:00\",\"dateModified\":\"2021-08-06T07:22:18+00:00\",\"breadcrumb\":{\"@id\":\"https:\/\/dibenedettoproductions.com\/?page_id=4123#breadcrumb\"},\"inLanguage\":\"it-IT\",\"potentialAction\":[{\"@type\":\"ReadAction\",\"target\":[\"https:\/\/dibenedettoproductions.com\/?page_id=4123\"]}]},{\"@type\":\"BreadcrumbList\",\"@id\":\"https:\/\/dibenedettoproductions.com\/?page_id=4123#breadcrumb\",\"itemListElement\":[{\"@type\":\"ListItem\",\"position\":1,\"name\":\"Home\",\"item\":\"https:\/\/dibenedettoproductions.com\/\"},{\"@type\":\"ListItem\",\"position\":2,\"name\":\"Vente\"}]},{\"@type\":\"WebSite\",\"@id\":\"https:\/\/dibenedettoproductions.com\/#website\",\"url\":\"https:\/\/dibenedettoproductions.com\/\",\"name\":\"Di Benedetto Productions\",\"description\":\"\",\"publisher\":{\"@id\":\"https:\/\/dibenedettoproductions.com\/#organization\"},\"potentialAction\":[{\"@type\":\"SearchAction\",\"target\":{\"@type\":\"EntryPoint\",\"urlTemplate\":\"https:\/\/dibenedettoproductions.com\/?s={search_term_string}\"},\"query-input\":\"required name=search_term_string\"}],\"inLanguage\":\"it-IT\"},{\"@type\":\"Organization\",\"@id\":\"https:\/\/dibenedettoproductions.com\/#organization\",\"name\":\"DI BENEDETTO PRODUCTIONS\",\"url\":\"https:\/\/dibenedettoproductions.com\/\",\"sameAs\":[],\"logo\":{\"@type\":\"ImageObject\",\"inLanguage\":\"it-IT\",\"@id\":\"https:\/\/dibenedettoproductions.com\/#\/schema\/logo\/image\/\",\"url\":\"https:\/\/dibenedettoproductions.com\/wp-content\/uploads\/2021\/09\/logo_di_benedetto_productions.jpg\",\"contentUrl\":\"https:\/\/dibenedettoproductions.com\/wp-content\/uploads\/2021\/09\/logo_di_benedetto_productions.jpg\",\"width\":225,\"height\":225,\"caption\":\"DI BENEDETTO PRODUCTIONS\"},\"image\":{\"@id\":\"https:\/\/dibenedettoproductions.com\/#\/schema\/logo\/image\/\"}}]}<\/script>\n<!-- \/ Yoast SEO plugin. -->","yoast_head_json":{"title":"Vente - Di Benedetto Productions","robots":{"index":"index","follow":"follow","max-snippet":"max-snippet:-1","max-image-preview":"max-image-preview:large","max-video-preview":"max-video-preview:-1"},"canonical":"https:\/\/dibenedettoproductions.com\/?page_id=4123","og_locale":"it_IT","og_type":"article","og_title":"Vente - Di Benedetto Productions","og_description":"SPOTIFY APPLE MUSIC DEEZER AMAZON MUSIC No le mientas m\u00e1s Dile que conmigo t\u00fa quieres Que todas las noches te vienes Para m\u00ed apartamento y lo hacemos lento Hay dile mami lo que por m\u00ed sientes Yo soy el que te da\u00f1a la mente \u00a0 Dale mami vente vente Dale mami rico vente vente Dale.","og_url":"https:\/\/dibenedettoproductions.com\/?page_id=4123","og_site_name":"Di Benedetto Productions","article_modified_time":"2021-08-06T07:22:18+00:00","twitter_card":"summary_large_image","twitter_misc":{"Tempo di lettura stimato":"1 minuto"},"schema":{"@context":"https:\/\/schema.org","@graph":[{"@type":"WebPage","@id":"https:\/\/dibenedettoproductions.com\/?page_id=4123","url":"https:\/\/dibenedettoproductions.com\/?page_id=4123","name":"Vente - Di Benedetto Productions","isPartOf":{"@id":"https:\/\/dibenedettoproductions.com\/#website"},"datePublished":"2021-02-24T17:44:22+00:00","dateModified":"2021-08-06T07:22:18+00:00","breadcrumb":{"@id":"https:\/\/dibenedettoproductions.com\/?page_id=4123#breadcrumb"},"inLanguage":"it-IT","potentialAction":[{"@type":"ReadAction","target":["https:\/\/dibenedettoproductions.com\/?page_id=4123"]}]},{"@type":"BreadcrumbList","@id":"https:\/\/dibenedettoproductions.com\/?page_id=4123#breadcrumb","itemListElement":[{"@type":"ListItem","position":1,"name":"Home","item":"https:\/\/dibenedettoproductions.com\/"},{"@type":"ListItem","position":2,"name":"Vente"}]},{"@type":"WebSite","@id":"https:\/\/dibenedettoproductions.com\/#website","url":"https:\/\/dibenedettoproductions.com\/","name":"Di Benedetto Productions","description":"","publisher":{"@id":"https:\/\/dibenedettoproductions.com\/#organization"},"potentialAction":[{"@type":"SearchAction","target":{"@type":"EntryPoint","urlTemplate":"https:\/\/dibenedettoproductions.com\/?s={search_term_string}"},"query-input":"required name=search_term_string"}],"inLanguage":"it-IT"},{"@type":"Organization","@id":"https:\/\/dibenedettoproductions.com\/#organization","name":"DI BENEDETTO PRODUCTIONS","url":"https:\/\/dibenedettoproductions.com\/","sameAs":[],"logo":{"@type":"ImageObject","inLanguage":"it-IT","@id":"https:\/\/dibenedettoproductions.com\/#\/schema\/logo\/image\/","url":"https:\/\/dibenedettoproductions.com\/wp-content\/uploads\/2021\/09\/logo_di_benedetto_productions.jpg","contentUrl":"https:\/\/dibenedettoproductions.com\/wp-content\/uploads\/2021\/09\/logo_di_benedetto_productions.jpg","width":225,"height":225,"caption":"DI BENEDETTO PRODUCTIONS"},"image":{"@id":"https:\/\/dibenedettoproductions.com\/#\/schema\/logo\/image\/"}}]}},"_links":{"self":[{"href":"https:\/\/dibenedettoproductions.com\/index.php?rest_route=\/wp\/v2\/pages\/4123","targetHints":{"allow":["GET"]}}],"collection":[{"href":"https:\/\/dibenedettoproductions.com\/index.php?rest_route=\/wp\/v2\/pages"}],"about":[{"href":"https:\/\/dibenedettoproductions.com\/index.php?rest_route=\/wp\/v2\/types\/page"}],"author":[{"embeddable":true,"href":"https:\/\/dibenedettoproductions.com\/index.php?rest_route=\/wp\/v2\/users\/1"}],"replies":[{"embeddable":true,"href":"https:\/\/dibenedettoproductions.com\/index.php?rest_route=%2Fwp%2Fv2%2Fcomments&post=4123"}],"version-history":[{"count":7,"href":"https:\/\/dibenedettoproductions.com\/index.php?rest_route=\/wp\/v2\/pages\/4123\/revisions"}],"predecessor-version":[{"id":6016,"href":"https:\/\/dibenedettoproductions.com\/index.php?rest_route=\/wp\/v2\/pages\/4123\/revisions\/6016"}],"wp:attachment":[{"href":"https:\/\/dibenedettoproductions.com\/index.php?rest_route=%2Fwp%2Fv2%2Fmedia&parent=4123"}],"wp:term":[{"taxonomy":"category","embeddable":true,"href":"https:\/\/dibenedettoproductions.com\/index.php?rest_route=%2Fwp%2Fv2%2Fcategories&post=4123"},{"taxonomy":"post_tag","embeddable":true,"href":"https:\/\/dibenedettoproductions.com\/index.php?rest_route=%2Fwp%2Fv2%2Ftags&post=4123"}],"curies":[{"name":"wp","href":"https:\/\/api.w.org\/{rel}","templated":true}]}}