{"id":4115,"date":"2021-02-24T17:31:13","date_gmt":"2021-02-24T17:31:13","guid":{"rendered":"https:\/\/dibenedettoproductions.com\/?page_id=4115"},"modified":"2021-08-06T07:22:10","modified_gmt":"2021-08-06T07:22:10","slug":"veneno","status":"publish","type":"page","link":"https:\/\/dibenedettoproductions.com\/?page_id=4115","title":{"rendered":"Veneno"},"content":{"rendered":"\t\t<div data-elementor-type=\"wp-page\" data-elementor-id=\"4115\" class=\"elementor elementor-4115\" data-elementor-settings=\"[]\">\n\t\t\t\t\t\t<div class=\"elementor-inner\">\n\t\t\t\t\t\t\t<div class=\"elementor-section-wrap\">\n\t\t\t\t\t\t\t<section class=\"elementor-section elementor-top-section elementor-element elementor-element-34311ef elementor-section-stretched elementor-section-boxed elementor-section-height-default elementor-section-height-default\" data-id=\"34311ef\" data-element_type=\"section\" data-settings=\"{&quot;stretch_section&quot;:&quot;section-stretched&quot;,&quot;background_background&quot;:&quot;classic&quot;}\">\n\t\t\t\t\t\t<div class=\"elementor-container elementor-column-gap-default\">\n\t\t\t\t\t\t\t<div class=\"elementor-row\">\n\t\t\t\t\t<div class=\"elementor-column elementor-col-25 elementor-top-column elementor-element elementor-element-4c49cec\" data-id=\"4c49cec\" data-element_type=\"column\">\n\t\t\t<div class=\"elementor-column-wrap elementor-element-populated\">\n\t\t\t\t\t\t\t<div class=\"elementor-widget-wrap\">\n\t\t\t\t\t\t<div class=\"elementor-element elementor-element-3bd3f88 elementor-align-center elementor-widget elementor-widget-button\" data-id=\"3bd3f88\" data-element_type=\"widget\" data-widget_type=\"button.default\">\n\t\t\t\t<div class=\"elementor-widget-container\">\n\t\t\t\t\t<div class=\"elementor-button-wrapper\">\n\t\t\t<a href=\"https:\/\/open.spotify.com\/track\/00RSLdoerAZxZwpVnTn7wn?si=3WrnEqUMTiqM91_bZ10rrQ\" class=\"elementor-button-link elementor-button elementor-size-sm\" role=\"button\">\n\t\t\t\t\t\t<span class=\"elementor-button-content-wrapper\">\n\t\t\t\t\t\t<span class=\"elementor-button-text\">SPOTIFY<\/span>\n\t\t<\/span>\n\t\t\t\t\t<\/a>\n\t\t<\/div>\n\t\t\t\t<\/div>\n\t\t\t\t<\/div>\n\t\t\t\t\t\t<\/div>\n\t\t\t\t\t<\/div>\n\t\t<\/div>\n\t\t\t\t<div class=\"elementor-column elementor-col-25 elementor-top-column elementor-element elementor-element-193f14d\" data-id=\"193f14d\" data-element_type=\"column\">\n\t\t\t<div class=\"elementor-column-wrap elementor-element-populated\">\n\t\t\t\t\t\t\t<div class=\"elementor-widget-wrap\">\n\t\t\t\t\t\t<div class=\"elementor-element elementor-element-5a5858f elementor-align-center elementor-widget elementor-widget-button\" data-id=\"5a5858f\" data-element_type=\"widget\" data-widget_type=\"button.default\">\n\t\t\t\t<div class=\"elementor-widget-container\">\n\t\t\t\t\t<div class=\"elementor-button-wrapper\">\n\t\t\t<a href=\"https:\/\/music.apple.com\/us\/album\/veneno\/1345952264?i=1345952288%20\" class=\"elementor-button-link elementor-button elementor-size-sm\" role=\"button\">\n\t\t\t\t\t\t<span class=\"elementor-button-content-wrapper\">\n\t\t\t\t\t\t<span class=\"elementor-button-text\">APPLE MUSIC<\/span>\n\t\t<\/span>\n\t\t\t\t\t<\/a>\n\t\t<\/div>\n\t\t\t\t<\/div>\n\t\t\t\t<\/div>\n\t\t\t\t\t\t<\/div>\n\t\t\t\t\t<\/div>\n\t\t<\/div>\n\t\t\t\t<div class=\"elementor-column elementor-col-25 elementor-top-column elementor-element elementor-element-6e31785\" data-id=\"6e31785\" data-element_type=\"column\">\n\t\t\t<div class=\"elementor-column-wrap elementor-element-populated\">\n\t\t\t\t\t\t\t<div class=\"elementor-widget-wrap\">\n\t\t\t\t\t\t<div class=\"elementor-element elementor-element-6d5384b elementor-align-center elementor-widget elementor-widget-button\" data-id=\"6d5384b\" data-element_type=\"widget\" data-widget_type=\"button.default\">\n\t\t\t\t<div class=\"elementor-widget-container\">\n\t\t\t\t\t<div class=\"elementor-button-wrapper\">\n\t\t\t<a href=\"https:\/\/deezer.page.link\/sanKe4JwkvJ2puuc8%20\" class=\"elementor-button-link elementor-button elementor-size-sm\" role=\"button\">\n\t\t\t\t\t\t<span class=\"elementor-button-content-wrapper\">\n\t\t\t\t\t\t<span class=\"elementor-button-text\">DEEZER<\/span>\n\t\t<\/span>\n\t\t\t\t\t<\/a>\n\t\t<\/div>\n\t\t\t\t<\/div>\n\t\t\t\t<\/div>\n\t\t\t\t\t\t<\/div>\n\t\t\t\t\t<\/div>\n\t\t<\/div>\n\t\t\t\t<div class=\"elementor-column elementor-col-25 elementor-top-column elementor-element elementor-element-45d9b68\" data-id=\"45d9b68\" data-element_type=\"column\">\n\t\t\t<div class=\"elementor-column-wrap elementor-element-populated\">\n\t\t\t\t\t\t\t<div class=\"elementor-widget-wrap\">\n\t\t\t\t\t\t<div class=\"elementor-element elementor-element-e5aa3f9 elementor-align-center elementor-widget elementor-widget-button\" data-id=\"e5aa3f9\" data-element_type=\"widget\" data-widget_type=\"button.default\">\n\t\t\t\t<div class=\"elementor-widget-container\">\n\t\t\t\t\t<div class=\"elementor-button-wrapper\">\n\t\t\t<a href=\"https:\/\/music.amazon.com\/albums\/B07TCHV4NW?trackAsin=B07T8B7GTY&#038;ref=dm_sh_53f3-2dfc-dmcp-abfd-c5fa3&#038;musicTerritory=US&#038;marketplaceId=ATVPDKIKX0DER%20\" class=\"elementor-button-link elementor-button elementor-size-sm\" role=\"button\">\n\t\t\t\t\t\t<span class=\"elementor-button-content-wrapper\">\n\t\t\t\t\t\t<span class=\"elementor-button-text\">AMAZON MUSIC<\/span>\n\t\t<\/span>\n\t\t\t\t\t<\/a>\n\t\t<\/div>\n\t\t\t\t<\/div>\n\t\t\t\t<\/div>\n\t\t\t\t\t\t<\/div>\n\t\t\t\t\t<\/div>\n\t\t<\/div>\n\t\t\t\t\t\t\t\t<\/div>\n\t\t\t\t\t<\/div>\n\t\t<\/section>\n\t\t\t\t<section class=\"elementor-section elementor-top-section elementor-element elementor-element-152c659 elementor-section-stretched elementor-section-boxed elementor-section-height-default elementor-section-height-default\" data-id=\"152c659\" data-element_type=\"section\" data-settings=\"{&quot;stretch_section&quot;:&quot;section-stretched&quot;,&quot;background_background&quot;:&quot;classic&quot;}\">\n\t\t\t\t\t\t<div class=\"elementor-container elementor-column-gap-default\">\n\t\t\t\t\t\t\t<div class=\"elementor-row\">\n\t\t\t\t\t<div class=\"elementor-column elementor-col-100 elementor-top-column elementor-element elementor-element-7d3b7ea\" data-id=\"7d3b7ea\" data-element_type=\"column\">\n\t\t\t<div class=\"elementor-column-wrap elementor-element-populated\">\n\t\t\t\t\t\t\t<div class=\"elementor-widget-wrap\">\n\t\t\t\t\t\t<div class=\"elementor-element elementor-element-15dfb0f elementor-widget elementor-widget-text-editor\" data-id=\"15dfb0f\" data-element_type=\"widget\" data-widget_type=\"text-editor.default\">\n\t\t\t\t<div class=\"elementor-widget-container\">\n\t\t\t\t\t\t\t\t<div class=\"elementor-text-editor elementor-clearfix\">\n\t\t\t\t<div><p style=\"text-align: center;\"><span style=\"color: #ffffff;\">Dicen que el veneno de tu cuerpo<\/span><\/p><p style=\"text-align: center;\"><span style=\"color: #ffffff;\">Es el que me tiene enfermo<\/span><\/p><p style=\"text-align: center;\"><span style=\"color: #ffffff;\">Dicen que no me convienes<\/span><\/p><p style=\"text-align: center;\"><span style=\"color: #ffffff;\">Pero yo quiero contigo de una vez<\/span><\/p><p style=\"text-align: center;\"><span style=\"color: #ffffff;\">Si tu boca tiene el veneno me quiero matar<\/span><\/p><p style=\"text-align: center;\"><span style=\"color: #ffffff;\">Si tus nalgas tienen el veneno quiero probar<\/span><\/p><p style=\"text-align: center;\"><span style=\"color: #ffffff;\">T\u00fa eres la que sabes, la que tiene la llave<\/span><\/p><p style=\"text-align: center;\"><span style=\"color: #ffffff;\">Si tu boca tiene el veneno me quiero matar<\/span><\/p><p style=\"text-align: center;\"><span style=\"color: #ffffff;\">Si tus nalgas tienen el veneno quiero probar<\/span><\/p><p style=\"text-align: center;\">\u00a0<\/p><p style=\"text-align: center;\"><span style=\"color: #ffffff;\">Se quita el secreto de victoria<\/span><\/p><p style=\"text-align: center;\"><span style=\"color: #ffffff;\">Desnuda su mal lado encuentra<\/span><\/p><p style=\"text-align: center;\"><span style=\"color: #ffffff;\">Ella se hace la santa y es m\u00e1s de lo que aparenta<\/span><\/p><p style=\"text-align: center;\"><span style=\"color: #ffffff;\">T\u00fa la ves y no sabes lo que esconde<\/span><\/p><p style=\"text-align: center;\"><span style=\"color: #ffffff;\">Lleva mi mente a no s\u00e9 donde<\/span><\/p><p style=\"text-align: center;\"><span style=\"color: #ffffff;\">Te lo juro no me s\u00e9 ni su nombre<\/span><\/p><p style=\"text-align: center;\"><span style=\"color: #ffffff;\">Pero es fan\u00e1tica a maltratar a los hombres<\/span><\/p><p style=\"text-align: center;\"><span style=\"color: #ffffff;\">Ella te envuelve en la cama<\/span><\/p><p style=\"text-align: center;\"><span style=\"color: #ffffff;\">Poco a poco en su drama<\/span><\/p><p style=\"text-align: center;\"><span style=\"color: #ffffff;\">Si caes en su juego te gana<\/span><\/p><p style=\"text-align: center;\"><span style=\"color: #ffffff;\">Y siempre te deja sin ganas<\/span><\/p><p style=\"text-align: center;\">\u00a0<\/p><p style=\"text-align: center;\"><span style=\"color: #ffffff;\">Siempre yo me voy contigo<\/span><\/p><p style=\"text-align: center;\"><span style=\"color: #ffffff;\">A un lugar donde no haya testigo<\/span><\/p><p style=\"text-align: center;\"><span style=\"color: #ffffff;\">Siempre yo me voy contigo<\/span><\/p><p style=\"text-align: center;\"><span style=\"color: #ffffff;\">A un lugar donde no haya testigo<\/span><\/p><p style=\"text-align: center;\">\u00a0<\/p><p style=\"text-align: center;\"><span style=\"color: #ffffff;\">Si tu boca tiene el veneno me quiero matar<\/span><\/p><p style=\"text-align: center;\"><span style=\"color: #ffffff;\">Si tus nalgas tienen el veneno quiero probar<\/span><\/p><p style=\"text-align: center;\"><span style=\"color: #ffffff;\">T\u00fa eres la que sabes, la que tiene la llave<\/span><\/p><p style=\"text-align: center;\"><span style=\"color: #ffffff;\">Si tu boca tiene el veneno me quiero matar<\/span><\/p><p style=\"text-align: center;\"><span style=\"color: #ffffff;\">Si tus nalgas tienen el veneno quiero probar<\/span><\/p><p style=\"text-align: center;\">\u00a0<\/p><p style=\"text-align: center;\"><span style=\"color: #ffffff;\">Ya t\u00fa boca me la s\u00e9, De ti ya me envenen\u00e9<\/span><\/p><p style=\"text-align: center;\"><span style=\"color: #ffffff;\">Ando perdido en usted, dime cuando quiere que le d\u00e9<\/span><\/p><p style=\"text-align: center;\"><span style=\"color: #ffffff;\">Vendimos la otra<\/span><\/p><p style=\"text-align: center;\"><span style=\"color: #ffffff;\">Nos arrebatamos y llamamos la potra<\/span><\/p><p style=\"text-align: center;\"><span style=\"color: #ffffff;\">No se me haga la Teresa de Calcuta<\/span><\/p><p style=\"text-align: center;\"><span style=\"color: #ffffff;\">Que yo la conozco bien y s\u00e9 que las m\u00e1s finas son las m\u00e1s ricas<\/span><\/p><p style=\"text-align: center;\"><span style=\"color: #ffffff;\">Con esas nalgonas de esc\u00e1ndalo<\/span><\/p><p style=\"text-align: center;\"><span style=\"color: #ffffff;\">Yo le caer\u00eda como un v\u00e1ndalo<\/span><\/p><p style=\"text-align: center;\"><span style=\"color: #ffffff;\">Seguro dar\u00eda lo que nadie dio<\/span><\/p><p style=\"text-align: center;\"><span style=\"color: #ffffff;\">Es que t\u00fa sabes c\u00f3mo me pongo yo<\/span><\/p><p style=\"text-align: center;\"><span style=\"color: #ffffff;\">Chiquitica bien loca loca loca<\/span><\/p><p style=\"text-align: center;\"><span style=\"color: #ffffff;\">Dale que esta noche t\u00fa sabes lo que te toca<\/span><\/p><p style=\"text-align: center;\"><span style=\"color: #ffffff;\">Cuando me envenena tus labios<\/span><\/p><p style=\"text-align: center;\"><span style=\"color: #ffffff;\">Me vuelvo fan\u00e1tico al ant\u00eddoto<\/span><\/p><p style=\"text-align: center;\"><span style=\"color: #ffffff;\">Y yo, yo s\u00e9 lo que hacen tus labios venenosos<\/span><\/p><p style=\"text-align: center;\">\u00a0<\/p><p style=\"text-align: center;\"><span style=\"color: #ffffff;\">Si tus nalgas tienen el veneno quiero probar<\/span><\/p><p style=\"text-align: center;\"><span style=\"color: #ffffff;\">T\u00fa eres la que sabes, la que tiene la llave<\/span><\/p><p style=\"text-align: center;\"><span style=\"color: #ffffff;\">Si tu boca tiene el veneno me quiero matar<\/span><\/p><p style=\"text-align: center;\"><span style=\"color: #ffffff;\">Si tus nalgas tienen el veneno quiero probar<\/span><\/p><p style=\"text-align: center;\">\u00a0<\/p><p style=\"text-align: center;\">\u00a0<\/p><p style=\"text-align: center;\"><span style=\"color: #ffffff;\">Siempre yo me voy contigo<\/span><\/p><p style=\"text-align: center;\"><span style=\"color: #ffffff;\">A un lugar donde no haya testigo<\/span><\/p><p style=\"text-align: center;\"><span style=\"color: #ffffff;\">Siempre yo me voy contigo<\/span><\/p><\/div>\t\t\t\t\t<\/div>\n\t\t\t\t\t\t<\/div>\n\t\t\t\t<\/div>\n\t\t\t\t\t\t<\/div>\n\t\t\t\t\t<\/div>\n\t\t<\/div>\n\t\t\t\t\t\t\t\t<\/div>\n\t\t\t\t\t<\/div>\n\t\t<\/section>\n\t\t\t\t\t\t<\/div>\n\t\t\t\t\t\t<\/div>\n\t\t\t\t\t<\/div>\n\t\t","protected":false},"excerpt":{"rendered":"<p>SPOTIFY APPLE MUSIC DEEZER AMAZON MUSIC Dicen que el veneno de tu cuerpo Es el que me tiene enfermo Dicen que no me convienes Pero yo quiero contigo de una vez Si tu boca tiene el veneno me quiero matar Si tus nalgas tienen el veneno quiero probar T\u00fa eres la que sabes, la que.<\/p>\n","protected":false},"author":1,"featured_media":0,"parent":0,"menu_order":0,"comment_status":"closed","ping_status":"closed","template":"","meta":{"footnotes":""},"categories":[42],"tags":[],"class_list":["post-4115","page","type-page","status-publish","hentry","category-testi"],"yoast_head":"<!-- This site is optimized with the Yoast SEO plugin v19.6.1 - https:\/\/yoast.com\/wordpress\/plugins\/seo\/ -->\n<title>Veneno - Di Benedetto Productions<\/title>\n<meta name=\"robots\" content=\"index, follow, max-snippet:-1, max-image-preview:large, max-video-preview:-1\" \/>\n<link rel=\"canonical\" href=\"https:\/\/dibenedettoproductions.com\/?page_id=4115\" \/>\n<meta property=\"og:locale\" content=\"it_IT\" \/>\n<meta property=\"og:type\" content=\"article\" \/>\n<meta property=\"og:title\" content=\"Veneno - Di Benedetto Productions\" \/>\n<meta property=\"og:description\" content=\"SPOTIFY APPLE MUSIC DEEZER AMAZON MUSIC Dicen que el veneno de tu cuerpo Es el que me tiene enfermo Dicen que no me convienes Pero yo quiero contigo de una vez Si tu boca tiene el veneno me quiero matar Si tus nalgas tienen el veneno quiero probar T\u00fa eres la que sabes, la que.\" \/>\n<meta property=\"og:url\" content=\"https:\/\/dibenedettoproductions.com\/?page_id=4115\" \/>\n<meta property=\"og:site_name\" content=\"Di Benedetto Productions\" \/>\n<meta property=\"article:modified_time\" content=\"2021-08-06T07:22:10+00:00\" \/>\n<meta name=\"twitter:card\" content=\"summary_large_image\" \/>\n<meta name=\"twitter:label1\" content=\"Tempo di lettura stimato\" \/>\n\t<meta name=\"twitter:data1\" content=\"2 minuti\" \/>\n<script type=\"application\/ld+json\" class=\"yoast-schema-graph\">{\"@context\":\"https:\/\/schema.org\",\"@graph\":[{\"@type\":\"WebPage\",\"@id\":\"https:\/\/dibenedettoproductions.com\/?page_id=4115\",\"url\":\"https:\/\/dibenedettoproductions.com\/?page_id=4115\",\"name\":\"Veneno - Di Benedetto Productions\",\"isPartOf\":{\"@id\":\"https:\/\/dibenedettoproductions.com\/#website\"},\"datePublished\":\"2021-02-24T17:31:13+00:00\",\"dateModified\":\"2021-08-06T07:22:10+00:00\",\"breadcrumb\":{\"@id\":\"https:\/\/dibenedettoproductions.com\/?page_id=4115#breadcrumb\"},\"inLanguage\":\"it-IT\",\"potentialAction\":[{\"@type\":\"ReadAction\",\"target\":[\"https:\/\/dibenedettoproductions.com\/?page_id=4115\"]}]},{\"@type\":\"BreadcrumbList\",\"@id\":\"https:\/\/dibenedettoproductions.com\/?page_id=4115#breadcrumb\",\"itemListElement\":[{\"@type\":\"ListItem\",\"position\":1,\"name\":\"Home\",\"item\":\"https:\/\/dibenedettoproductions.com\/\"},{\"@type\":\"ListItem\",\"position\":2,\"name\":\"Veneno\"}]},{\"@type\":\"WebSite\",\"@id\":\"https:\/\/dibenedettoproductions.com\/#website\",\"url\":\"https:\/\/dibenedettoproductions.com\/\",\"name\":\"Di Benedetto Productions\",\"description\":\"\",\"publisher\":{\"@id\":\"https:\/\/dibenedettoproductions.com\/#organization\"},\"potentialAction\":[{\"@type\":\"SearchAction\",\"target\":{\"@type\":\"EntryPoint\",\"urlTemplate\":\"https:\/\/dibenedettoproductions.com\/?s={search_term_string}\"},\"query-input\":\"required name=search_term_string\"}],\"inLanguage\":\"it-IT\"},{\"@type\":\"Organization\",\"@id\":\"https:\/\/dibenedettoproductions.com\/#organization\",\"name\":\"DI BENEDETTO PRODUCTIONS\",\"url\":\"https:\/\/dibenedettoproductions.com\/\",\"sameAs\":[],\"logo\":{\"@type\":\"ImageObject\",\"inLanguage\":\"it-IT\",\"@id\":\"https:\/\/dibenedettoproductions.com\/#\/schema\/logo\/image\/\",\"url\":\"https:\/\/dibenedettoproductions.com\/wp-content\/uploads\/2021\/09\/logo_di_benedetto_productions.jpg\",\"contentUrl\":\"https:\/\/dibenedettoproductions.com\/wp-content\/uploads\/2021\/09\/logo_di_benedetto_productions.jpg\",\"width\":225,\"height\":225,\"caption\":\"DI BENEDETTO PRODUCTIONS\"},\"image\":{\"@id\":\"https:\/\/dibenedettoproductions.com\/#\/schema\/logo\/image\/\"}}]}<\/script>\n<!-- \/ Yoast SEO plugin. -->","yoast_head_json":{"title":"Veneno - Di Benedetto Productions","robots":{"index":"index","follow":"follow","max-snippet":"max-snippet:-1","max-image-preview":"max-image-preview:large","max-video-preview":"max-video-preview:-1"},"canonical":"https:\/\/dibenedettoproductions.com\/?page_id=4115","og_locale":"it_IT","og_type":"article","og_title":"Veneno - Di Benedetto Productions","og_description":"SPOTIFY APPLE MUSIC DEEZER AMAZON MUSIC Dicen que el veneno de tu cuerpo Es el que me tiene enfermo Dicen que no me convienes Pero yo quiero contigo de una vez Si tu boca tiene el veneno me quiero matar Si tus nalgas tienen el veneno quiero probar T\u00fa eres la que sabes, la que.","og_url":"https:\/\/dibenedettoproductions.com\/?page_id=4115","og_site_name":"Di Benedetto Productions","article_modified_time":"2021-08-06T07:22:10+00:00","twitter_card":"summary_large_image","twitter_misc":{"Tempo di lettura stimato":"2 minuti"},"schema":{"@context":"https:\/\/schema.org","@graph":[{"@type":"WebPage","@id":"https:\/\/dibenedettoproductions.com\/?page_id=4115","url":"https:\/\/dibenedettoproductions.com\/?page_id=4115","name":"Veneno - Di Benedetto Productions","isPartOf":{"@id":"https:\/\/dibenedettoproductions.com\/#website"},"datePublished":"2021-02-24T17:31:13+00:00","dateModified":"2021-08-06T07:22:10+00:00","breadcrumb":{"@id":"https:\/\/dibenedettoproductions.com\/?page_id=4115#breadcrumb"},"inLanguage":"it-IT","potentialAction":[{"@type":"ReadAction","target":["https:\/\/dibenedettoproductions.com\/?page_id=4115"]}]},{"@type":"BreadcrumbList","@id":"https:\/\/dibenedettoproductions.com\/?page_id=4115#breadcrumb","itemListElement":[{"@type":"ListItem","position":1,"name":"Home","item":"https:\/\/dibenedettoproductions.com\/"},{"@type":"ListItem","position":2,"name":"Veneno"}]},{"@type":"WebSite","@id":"https:\/\/dibenedettoproductions.com\/#website","url":"https:\/\/dibenedettoproductions.com\/","name":"Di Benedetto Productions","description":"","publisher":{"@id":"https:\/\/dibenedettoproductions.com\/#organization"},"potentialAction":[{"@type":"SearchAction","target":{"@type":"EntryPoint","urlTemplate":"https:\/\/dibenedettoproductions.com\/?s={search_term_string}"},"query-input":"required name=search_term_string"}],"inLanguage":"it-IT"},{"@type":"Organization","@id":"https:\/\/dibenedettoproductions.com\/#organization","name":"DI BENEDETTO PRODUCTIONS","url":"https:\/\/dibenedettoproductions.com\/","sameAs":[],"logo":{"@type":"ImageObject","inLanguage":"it-IT","@id":"https:\/\/dibenedettoproductions.com\/#\/schema\/logo\/image\/","url":"https:\/\/dibenedettoproductions.com\/wp-content\/uploads\/2021\/09\/logo_di_benedetto_productions.jpg","contentUrl":"https:\/\/dibenedettoproductions.com\/wp-content\/uploads\/2021\/09\/logo_di_benedetto_productions.jpg","width":225,"height":225,"caption":"DI BENEDETTO PRODUCTIONS"},"image":{"@id":"https:\/\/dibenedettoproductions.com\/#\/schema\/logo\/image\/"}}]}},"_links":{"self":[{"href":"https:\/\/dibenedettoproductions.com\/index.php?rest_route=\/wp\/v2\/pages\/4115","targetHints":{"allow":["GET"]}}],"collection":[{"href":"https:\/\/dibenedettoproductions.com\/index.php?rest_route=\/wp\/v2\/pages"}],"about":[{"href":"https:\/\/dibenedettoproductions.com\/index.php?rest_route=\/wp\/v2\/types\/page"}],"author":[{"embeddable":true,"href":"https:\/\/dibenedettoproductions.com\/index.php?rest_route=\/wp\/v2\/users\/1"}],"replies":[{"embeddable":true,"href":"https:\/\/dibenedettoproductions.com\/index.php?rest_route=%2Fwp%2Fv2%2Fcomments&post=4115"}],"version-history":[{"count":7,"href":"https:\/\/dibenedettoproductions.com\/index.php?rest_route=\/wp\/v2\/pages\/4115\/revisions"}],"predecessor-version":[{"id":6013,"href":"https:\/\/dibenedettoproductions.com\/index.php?rest_route=\/wp\/v2\/pages\/4115\/revisions\/6013"}],"wp:attachment":[{"href":"https:\/\/dibenedettoproductions.com\/index.php?rest_route=%2Fwp%2Fv2%2Fmedia&parent=4115"}],"wp:term":[{"taxonomy":"category","embeddable":true,"href":"https:\/\/dibenedettoproductions.com\/index.php?rest_route=%2Fwp%2Fv2%2Fcategories&post=4115"},{"taxonomy":"post_tag","embeddable":true,"href":"https:\/\/dibenedettoproductions.com\/index.php?rest_route=%2Fwp%2Fv2%2Ftags&post=4115"}],"curies":[{"name":"wp","href":"https:\/\/api.w.org\/{rel}","templated":true}]}}