{"id":4107,"date":"2021-02-24T17:07:23","date_gmt":"2021-02-24T17:07:23","guid":{"rendered":"https:\/\/dibenedettoproductions.com\/?page_id=4107"},"modified":"2021-08-06T07:22:03","modified_gmt":"2021-08-06T07:22:03","slug":"vecinita","status":"publish","type":"page","link":"https:\/\/dibenedettoproductions.com\/?page_id=4107","title":{"rendered":"Vecinita"},"content":{"rendered":"\t\t<div data-elementor-type=\"wp-page\" data-elementor-id=\"4107\" class=\"elementor elementor-4107\" data-elementor-settings=\"[]\">\n\t\t\t\t\t\t<div class=\"elementor-inner\">\n\t\t\t\t\t\t\t<div class=\"elementor-section-wrap\">\n\t\t\t\t\t\t\t<section class=\"elementor-section elementor-top-section elementor-element elementor-element-2dab78d elementor-section-stretched elementor-section-boxed elementor-section-height-default elementor-section-height-default\" data-id=\"2dab78d\" data-element_type=\"section\" data-settings=\"{&quot;stretch_section&quot;:&quot;section-stretched&quot;,&quot;background_background&quot;:&quot;classic&quot;}\">\n\t\t\t\t\t\t<div class=\"elementor-container elementor-column-gap-default\">\n\t\t\t\t\t\t\t<div class=\"elementor-row\">\n\t\t\t\t\t<div class=\"elementor-column elementor-col-25 elementor-top-column elementor-element elementor-element-d8df14c\" data-id=\"d8df14c\" data-element_type=\"column\">\n\t\t\t<div class=\"elementor-column-wrap elementor-element-populated\">\n\t\t\t\t\t\t\t<div class=\"elementor-widget-wrap\">\n\t\t\t\t\t\t<div class=\"elementor-element elementor-element-e20bde2 elementor-align-center elementor-widget elementor-widget-button\" data-id=\"e20bde2\" data-element_type=\"widget\" data-widget_type=\"button.default\">\n\t\t\t\t<div class=\"elementor-widget-container\">\n\t\t\t\t\t<div class=\"elementor-button-wrapper\">\n\t\t\t<a href=\"https:\/\/open.spotify.com\/track\/4iT9Sf7FGlOdfI6AIZ2Dsa?si=qgnhp4dXSI-JQsw74N_Kcw%20\" class=\"elementor-button-link elementor-button elementor-size-sm\" role=\"button\">\n\t\t\t\t\t\t<span class=\"elementor-button-content-wrapper\">\n\t\t\t\t\t\t<span class=\"elementor-button-text\">SPOTIFY<\/span>\n\t\t<\/span>\n\t\t\t\t\t<\/a>\n\t\t<\/div>\n\t\t\t\t<\/div>\n\t\t\t\t<\/div>\n\t\t\t\t\t\t<\/div>\n\t\t\t\t\t<\/div>\n\t\t<\/div>\n\t\t\t\t<div class=\"elementor-column elementor-col-25 elementor-top-column elementor-element elementor-element-0d6b7c6\" data-id=\"0d6b7c6\" data-element_type=\"column\">\n\t\t\t<div class=\"elementor-column-wrap elementor-element-populated\">\n\t\t\t\t\t\t\t<div class=\"elementor-widget-wrap\">\n\t\t\t\t\t\t<div class=\"elementor-element elementor-element-3195a5b elementor-align-center elementor-widget elementor-widget-button\" data-id=\"3195a5b\" data-element_type=\"widget\" data-widget_type=\"button.default\">\n\t\t\t\t<div class=\"elementor-widget-container\">\n\t\t\t\t\t<div class=\"elementor-button-wrapper\">\n\t\t\t<a href=\"https:\/\/music.apple.com\/us\/album\/vecinita\/1453403038?i=1453403039%20\" class=\"elementor-button-link elementor-button elementor-size-sm\" role=\"button\">\n\t\t\t\t\t\t<span class=\"elementor-button-content-wrapper\">\n\t\t\t\t\t\t<span class=\"elementor-button-text\">APPLE MUSIC<\/span>\n\t\t<\/span>\n\t\t\t\t\t<\/a>\n\t\t<\/div>\n\t\t\t\t<\/div>\n\t\t\t\t<\/div>\n\t\t\t\t\t\t<\/div>\n\t\t\t\t\t<\/div>\n\t\t<\/div>\n\t\t\t\t<div class=\"elementor-column elementor-col-25 elementor-top-column elementor-element elementor-element-49f500e\" data-id=\"49f500e\" data-element_type=\"column\">\n\t\t\t<div class=\"elementor-column-wrap elementor-element-populated\">\n\t\t\t\t\t\t\t<div class=\"elementor-widget-wrap\">\n\t\t\t\t\t\t<div class=\"elementor-element elementor-element-f7da531 elementor-align-center elementor-widget elementor-widget-button\" data-id=\"f7da531\" data-element_type=\"widget\" data-widget_type=\"button.default\">\n\t\t\t\t<div class=\"elementor-widget-container\">\n\t\t\t\t\t<div class=\"elementor-button-wrapper\">\n\t\t\t<a href=\"https:\/\/deezer.page.link\/5Ghhj6TVmQG37TmY7%20\" class=\"elementor-button-link elementor-button elementor-size-sm\" role=\"button\">\n\t\t\t\t\t\t<span class=\"elementor-button-content-wrapper\">\n\t\t\t\t\t\t<span class=\"elementor-button-text\">DEEZER<\/span>\n\t\t<\/span>\n\t\t\t\t\t<\/a>\n\t\t<\/div>\n\t\t\t\t<\/div>\n\t\t\t\t<\/div>\n\t\t\t\t\t\t<\/div>\n\t\t\t\t\t<\/div>\n\t\t<\/div>\n\t\t\t\t<div class=\"elementor-column elementor-col-25 elementor-top-column elementor-element elementor-element-9293fc5\" data-id=\"9293fc5\" data-element_type=\"column\">\n\t\t\t<div class=\"elementor-column-wrap elementor-element-populated\">\n\t\t\t\t\t\t\t<div class=\"elementor-widget-wrap\">\n\t\t\t\t\t\t<div class=\"elementor-element elementor-element-f949293 elementor-align-center elementor-widget elementor-widget-button\" data-id=\"f949293\" data-element_type=\"widget\" data-widget_type=\"button.default\">\n\t\t\t\t<div class=\"elementor-widget-container\">\n\t\t\t\t\t<div class=\"elementor-button-wrapper\">\n\t\t\t<a href=\"https:\/\/music.amazon.com\/albums\/B07PJ1FHXQ?trackAsin=B07PJ1FT2N&#038;ref=dm_sh_5c83-9896-dmcp-7550-5ef9a&#038;musicTerritory=US&#038;marketplaceId=ATVPDKIKX0DER%20\" class=\"elementor-button-link elementor-button elementor-size-sm\" role=\"button\">\n\t\t\t\t\t\t<span class=\"elementor-button-content-wrapper\">\n\t\t\t\t\t\t<span class=\"elementor-button-text\">AMAZON MUSIC<\/span>\n\t\t<\/span>\n\t\t\t\t\t<\/a>\n\t\t<\/div>\n\t\t\t\t<\/div>\n\t\t\t\t<\/div>\n\t\t\t\t\t\t<\/div>\n\t\t\t\t\t<\/div>\n\t\t<\/div>\n\t\t\t\t\t\t\t\t<\/div>\n\t\t\t\t\t<\/div>\n\t\t<\/section>\n\t\t\t\t<section class=\"elementor-section elementor-top-section elementor-element elementor-element-f0ff07b elementor-section-stretched elementor-section-boxed elementor-section-height-default elementor-section-height-default\" data-id=\"f0ff07b\" data-element_type=\"section\" data-settings=\"{&quot;stretch_section&quot;:&quot;section-stretched&quot;,&quot;background_background&quot;:&quot;classic&quot;}\">\n\t\t\t\t\t\t<div class=\"elementor-container elementor-column-gap-default\">\n\t\t\t\t\t\t\t<div class=\"elementor-row\">\n\t\t\t\t\t<div class=\"elementor-column elementor-col-100 elementor-top-column elementor-element elementor-element-8ffca55\" data-id=\"8ffca55\" data-element_type=\"column\">\n\t\t\t<div class=\"elementor-column-wrap elementor-element-populated\">\n\t\t\t\t\t\t\t<div class=\"elementor-widget-wrap\">\n\t\t\t\t\t\t<div class=\"elementor-element elementor-element-3aa9d28 elementor-widget elementor-widget-text-editor\" data-id=\"3aa9d28\" data-element_type=\"widget\" data-widget_type=\"text-editor.default\">\n\t\t\t\t<div class=\"elementor-widget-container\">\n\t\t\t\t\t\t\t\t<div class=\"elementor-text-editor elementor-clearfix\">\n\t\t\t\t<div><p style=\"text-align: center;\"><span style=\"color: #ffffff;\">Oye mira galaxy Music produce el mago Te canta Enzo y ya ya t\u00fa lo conoce es el merce<\/span><\/p><p style=\"text-align: center;\"><span style=\"color: #ffffff;\">Te voy a contar la historia de mi vecinita por gusto<\/span><\/p><p style=\"text-align: center;\"><span style=\"color: #ffffff;\">Ella es una menor y est\u00e1 s\u00faper rica oe<\/span><\/p><p style=\"text-align: center;\"><span style=\"color: #ffffff;\">Muchos la han probado y dicen que ella si la explica<\/span><\/p><p style=\"text-align: center;\"><span style=\"color: #ffffff;\">En la cama ella la tira rica oye que mira t\u00fa<\/span><\/p><p style=\"text-align: center;\"><span style=\"color: #ffffff;\">Est\u00e1 por cumplir los 17 puesta est\u00e1 pa la fama y el billete<\/span><\/p><p style=\"text-align: center;\"><span style=\"color: #ffffff;\">Dice que si no anda en tur contigo no se mete<\/span><\/p><p style=\"text-align: center;\"><span style=\"color: #ffffff;\">Y es que ella es bajitica ella no aprende Y es que ella es bajitica ella no aprende<\/span><\/p><p style=\"text-align: center;\"><span style=\"color: #ffffff;\">Lo mismo le sirven 10 Lo mismo le sirven 20<\/span><\/p><p style=\"text-align: center;\"><span style=\"color: #ffffff;\">Y es que ella es bajitica ella no aprende Y es que ella es bajitica ella no aprende<\/span><\/p><p style=\"text-align: center;\"><span style=\"color: #ffffff;\">Y anda to el d\u00eda con la velita en fiebre<\/span><\/p><p style=\"text-align: center;\"><span style=\"color: #ffffff;\">Tienes que tener cuidado con ella en la calle<\/span><\/p><p style=\"text-align: center;\"><span style=\"color: #ffffff;\">Porque mi vecinita te saca un susto<\/span><\/p><p style=\"text-align: center;\"><span style=\"color: #ffffff;\">Ya ya ya ella te la da con maldad y despu\u00e9s te dice por gusto por gusto<\/span><\/p><p style=\"text-align: center;\"><span style=\"color: #ffffff;\">Y es que ella es bajitica ella no aprende Y es que ella es bajitica ella no aprende<\/span><\/p><p style=\"text-align: center;\"><span style=\"color: #ffffff;\">Lo mismo le sirven 10 Lo mismo le sirven 20<\/span><\/p><p style=\"text-align: center;\"><span style=\"color: #ffffff;\">Y es que ella es bajitica ella no aprende Y es que ella es bajitica ella no aprende<\/span><\/p><p style=\"text-align: center;\"><span style=\"color: #ffffff;\">Y anda to el d\u00eda con la velita en fiebre<\/span><\/p><p style=\"text-align: center;\"><span style=\"color: #ffffff;\">Y yo estoy loco por verla bailando<\/span><\/p><p style=\"text-align: center;\"><span style=\"color: #ffffff;\">Y ella baja baja baja y ella sube sube sube<\/span><\/p><p style=\"text-align: center;\"><span style=\"color: #ffffff;\">Y yo estoy loco por trabarla hacerle el sexo pa que sude<\/span><\/p><p style=\"text-align: center;\"><span style=\"color: #ffffff;\">Andamo con la bendici\u00f3n de orula<\/span><\/p><p style=\"text-align: center;\"><span style=\"color: #ffffff;\">Eso me lo dijo mi padrino que en esta talla somos unos samur\u00e1i<\/span><\/p><p style=\"text-align: center;\"><span style=\"color: #ffffff;\">Que no hemos vuelto unos asesinos<\/span><\/p><p style=\"text-align: center;\"><span style=\"color: #ffffff;\">Oye yo no s\u00e9 qui\u00e9n eres t\u00fa pero t\u00fa s\u00ed sabes qui\u00e9n soy yo<\/span><\/p><p style=\"text-align: center;\"><span style=\"color: #ffffff;\">Oye calienta calienta calienta calienta menor<\/span><\/p><p style=\"text-align: center;\"><span style=\"color: #ffffff;\">Y es que ella es bajitica ella no aprende Y es que ella es bajitica ella no aprende<\/span><\/p><p style=\"text-align: center;\"><span style=\"color: #ffffff;\">Lo mismo le sirven 10 Lo mismo le sirven 20<\/span><\/p><p style=\"text-align: center;\"><span style=\"color: #ffffff;\">Y es que ella es bajitica ella no aprende Y es que ella es bajitica ella no aprende<\/span><\/p><p style=\"text-align: center;\"><span style=\"color: #ffffff;\">Y anda to el d\u00eda con la velita en fiebre<\/span><\/p><p style=\"text-align: center;\"><span style=\"color: #ffffff;\">Oye dale riega la bola pa que se forme el run run<\/span><\/p><p style=\"text-align: center;\"><span style=\"color: #ffffff;\">Que yo que yo que yo que t\u00fa que t\u00fa que tu<\/span><\/p><p style=\"text-align: center;\"><span style=\"color: #ffffff;\">Y es que ella es bajitica ella no aprende Y es que ella es bajitica ella no aprende<\/span><\/p><p style=\"text-align: center;\"><span style=\"color: #ffffff;\">Lo mismo le sirven 10 Lo mismo le sirven 20<\/span><\/p><p style=\"text-align: center;\"><span style=\"color: #ffffff;\">Y es que ella es bajitica ella no aprende Y es que ella es bajitica ella no aprende<\/span><\/p><p style=\"text-align: center;\"><span style=\"color: #ffffff;\">Y anda to el d\u00eda con la velita en fiebre<\/span><\/p><p style=\"text-align: center;\"><span style=\"color: #ffffff;\">Oye mira party mouse galaxia merce pa que se dejen de perse<\/span><\/p><p style=\"text-align: center;\"><span style=\"color: #ffffff;\">Pa que se dejen de perse far\u00e1ndula di Benedetto di Benedetto<\/span><\/p><p style=\"text-align: center;\"><span style=\"color: #ffffff;\">Qu\u00e9 cosa es t\u00fa sabe estoy pa hacer m\u00e1s pesade brrrrr<\/span><\/p><p style=\"text-align: center;\"><span style=\"color: #ffffff;\">Enzo la melod\u00eda secreta respeta respeta respeta<\/span><\/p><p style=\"text-align: center;\"><span style=\"color: #ffffff;\">T\u00fa sabes que es por gusto aqu\u00ed hay faceta adrian Fern\u00e1ndez<\/span><\/p><\/div>\t\t\t\t\t<\/div>\n\t\t\t\t\t\t<\/div>\n\t\t\t\t<\/div>\n\t\t\t\t\t\t<\/div>\n\t\t\t\t\t<\/div>\n\t\t<\/div>\n\t\t\t\t\t\t\t\t<\/div>\n\t\t\t\t\t<\/div>\n\t\t<\/section>\n\t\t\t\t\t\t<\/div>\n\t\t\t\t\t\t<\/div>\n\t\t\t\t\t<\/div>\n\t\t","protected":false},"excerpt":{"rendered":"<p>SPOTIFY APPLE MUSIC DEEZER AMAZON MUSIC Oye mira galaxy Music produce el mago Te canta Enzo y ya ya t\u00fa lo conoce es el merce Te voy a contar la historia de mi vecinita por gusto Ella es una menor y est\u00e1 s\u00faper rica oe Muchos la han probado y dicen que ella si la.<\/p>\n","protected":false},"author":1,"featured_media":0,"parent":0,"menu_order":0,"comment_status":"closed","ping_status":"closed","template":"","meta":{"footnotes":""},"categories":[42],"tags":[],"class_list":["post-4107","page","type-page","status-publish","hentry","category-testi"],"yoast_head":"<!-- This site is optimized with the Yoast SEO plugin v19.6.1 - https:\/\/yoast.com\/wordpress\/plugins\/seo\/ -->\n<title>Vecinita - Di Benedetto Productions<\/title>\n<meta name=\"robots\" content=\"index, follow, max-snippet:-1, max-image-preview:large, max-video-preview:-1\" \/>\n<link rel=\"canonical\" href=\"https:\/\/dibenedettoproductions.com\/?page_id=4107\" \/>\n<meta property=\"og:locale\" content=\"it_IT\" \/>\n<meta property=\"og:type\" content=\"article\" \/>\n<meta property=\"og:title\" content=\"Vecinita - Di Benedetto Productions\" \/>\n<meta property=\"og:description\" content=\"SPOTIFY APPLE MUSIC DEEZER AMAZON MUSIC Oye mira galaxy Music produce el mago Te canta Enzo y ya ya t\u00fa lo conoce es el merce Te voy a contar la historia de mi vecinita por gusto Ella es una menor y est\u00e1 s\u00faper rica oe Muchos la han probado y dicen que ella si la.\" \/>\n<meta property=\"og:url\" content=\"https:\/\/dibenedettoproductions.com\/?page_id=4107\" \/>\n<meta property=\"og:site_name\" content=\"Di Benedetto Productions\" \/>\n<meta property=\"article:modified_time\" content=\"2021-08-06T07:22:03+00:00\" \/>\n<meta name=\"twitter:card\" content=\"summary_large_image\" \/>\n<meta name=\"twitter:label1\" content=\"Tempo di lettura stimato\" \/>\n\t<meta name=\"twitter:data1\" content=\"2 minuti\" \/>\n<script type=\"application\/ld+json\" class=\"yoast-schema-graph\">{\"@context\":\"https:\/\/schema.org\",\"@graph\":[{\"@type\":\"WebPage\",\"@id\":\"https:\/\/dibenedettoproductions.com\/?page_id=4107\",\"url\":\"https:\/\/dibenedettoproductions.com\/?page_id=4107\",\"name\":\"Vecinita - Di Benedetto Productions\",\"isPartOf\":{\"@id\":\"https:\/\/dibenedettoproductions.com\/#website\"},\"datePublished\":\"2021-02-24T17:07:23+00:00\",\"dateModified\":\"2021-08-06T07:22:03+00:00\",\"breadcrumb\":{\"@id\":\"https:\/\/dibenedettoproductions.com\/?page_id=4107#breadcrumb\"},\"inLanguage\":\"it-IT\",\"potentialAction\":[{\"@type\":\"ReadAction\",\"target\":[\"https:\/\/dibenedettoproductions.com\/?page_id=4107\"]}]},{\"@type\":\"BreadcrumbList\",\"@id\":\"https:\/\/dibenedettoproductions.com\/?page_id=4107#breadcrumb\",\"itemListElement\":[{\"@type\":\"ListItem\",\"position\":1,\"name\":\"Home\",\"item\":\"https:\/\/dibenedettoproductions.com\/\"},{\"@type\":\"ListItem\",\"position\":2,\"name\":\"Vecinita\"}]},{\"@type\":\"WebSite\",\"@id\":\"https:\/\/dibenedettoproductions.com\/#website\",\"url\":\"https:\/\/dibenedettoproductions.com\/\",\"name\":\"Di Benedetto Productions\",\"description\":\"\",\"publisher\":{\"@id\":\"https:\/\/dibenedettoproductions.com\/#organization\"},\"potentialAction\":[{\"@type\":\"SearchAction\",\"target\":{\"@type\":\"EntryPoint\",\"urlTemplate\":\"https:\/\/dibenedettoproductions.com\/?s={search_term_string}\"},\"query-input\":\"required name=search_term_string\"}],\"inLanguage\":\"it-IT\"},{\"@type\":\"Organization\",\"@id\":\"https:\/\/dibenedettoproductions.com\/#organization\",\"name\":\"DI BENEDETTO PRODUCTIONS\",\"url\":\"https:\/\/dibenedettoproductions.com\/\",\"sameAs\":[],\"logo\":{\"@type\":\"ImageObject\",\"inLanguage\":\"it-IT\",\"@id\":\"https:\/\/dibenedettoproductions.com\/#\/schema\/logo\/image\/\",\"url\":\"https:\/\/dibenedettoproductions.com\/wp-content\/uploads\/2021\/09\/logo_di_benedetto_productions.jpg\",\"contentUrl\":\"https:\/\/dibenedettoproductions.com\/wp-content\/uploads\/2021\/09\/logo_di_benedetto_productions.jpg\",\"width\":225,\"height\":225,\"caption\":\"DI BENEDETTO PRODUCTIONS\"},\"image\":{\"@id\":\"https:\/\/dibenedettoproductions.com\/#\/schema\/logo\/image\/\"}}]}<\/script>\n<!-- \/ Yoast SEO plugin. -->","yoast_head_json":{"title":"Vecinita - Di Benedetto Productions","robots":{"index":"index","follow":"follow","max-snippet":"max-snippet:-1","max-image-preview":"max-image-preview:large","max-video-preview":"max-video-preview:-1"},"canonical":"https:\/\/dibenedettoproductions.com\/?page_id=4107","og_locale":"it_IT","og_type":"article","og_title":"Vecinita - Di Benedetto Productions","og_description":"SPOTIFY APPLE MUSIC DEEZER AMAZON MUSIC Oye mira galaxy Music produce el mago Te canta Enzo y ya ya t\u00fa lo conoce es el merce Te voy a contar la historia de mi vecinita por gusto Ella es una menor y est\u00e1 s\u00faper rica oe Muchos la han probado y dicen que ella si la.","og_url":"https:\/\/dibenedettoproductions.com\/?page_id=4107","og_site_name":"Di Benedetto Productions","article_modified_time":"2021-08-06T07:22:03+00:00","twitter_card":"summary_large_image","twitter_misc":{"Tempo di lettura stimato":"2 minuti"},"schema":{"@context":"https:\/\/schema.org","@graph":[{"@type":"WebPage","@id":"https:\/\/dibenedettoproductions.com\/?page_id=4107","url":"https:\/\/dibenedettoproductions.com\/?page_id=4107","name":"Vecinita - Di Benedetto Productions","isPartOf":{"@id":"https:\/\/dibenedettoproductions.com\/#website"},"datePublished":"2021-02-24T17:07:23+00:00","dateModified":"2021-08-06T07:22:03+00:00","breadcrumb":{"@id":"https:\/\/dibenedettoproductions.com\/?page_id=4107#breadcrumb"},"inLanguage":"it-IT","potentialAction":[{"@type":"ReadAction","target":["https:\/\/dibenedettoproductions.com\/?page_id=4107"]}]},{"@type":"BreadcrumbList","@id":"https:\/\/dibenedettoproductions.com\/?page_id=4107#breadcrumb","itemListElement":[{"@type":"ListItem","position":1,"name":"Home","item":"https:\/\/dibenedettoproductions.com\/"},{"@type":"ListItem","position":2,"name":"Vecinita"}]},{"@type":"WebSite","@id":"https:\/\/dibenedettoproductions.com\/#website","url":"https:\/\/dibenedettoproductions.com\/","name":"Di Benedetto Productions","description":"","publisher":{"@id":"https:\/\/dibenedettoproductions.com\/#organization"},"potentialAction":[{"@type":"SearchAction","target":{"@type":"EntryPoint","urlTemplate":"https:\/\/dibenedettoproductions.com\/?s={search_term_string}"},"query-input":"required name=search_term_string"}],"inLanguage":"it-IT"},{"@type":"Organization","@id":"https:\/\/dibenedettoproductions.com\/#organization","name":"DI BENEDETTO PRODUCTIONS","url":"https:\/\/dibenedettoproductions.com\/","sameAs":[],"logo":{"@type":"ImageObject","inLanguage":"it-IT","@id":"https:\/\/dibenedettoproductions.com\/#\/schema\/logo\/image\/","url":"https:\/\/dibenedettoproductions.com\/wp-content\/uploads\/2021\/09\/logo_di_benedetto_productions.jpg","contentUrl":"https:\/\/dibenedettoproductions.com\/wp-content\/uploads\/2021\/09\/logo_di_benedetto_productions.jpg","width":225,"height":225,"caption":"DI BENEDETTO PRODUCTIONS"},"image":{"@id":"https:\/\/dibenedettoproductions.com\/#\/schema\/logo\/image\/"}}]}},"_links":{"self":[{"href":"https:\/\/dibenedettoproductions.com\/index.php?rest_route=\/wp\/v2\/pages\/4107","targetHints":{"allow":["GET"]}}],"collection":[{"href":"https:\/\/dibenedettoproductions.com\/index.php?rest_route=\/wp\/v2\/pages"}],"about":[{"href":"https:\/\/dibenedettoproductions.com\/index.php?rest_route=\/wp\/v2\/types\/page"}],"author":[{"embeddable":true,"href":"https:\/\/dibenedettoproductions.com\/index.php?rest_route=\/wp\/v2\/users\/1"}],"replies":[{"embeddable":true,"href":"https:\/\/dibenedettoproductions.com\/index.php?rest_route=%2Fwp%2Fv2%2Fcomments&post=4107"}],"version-history":[{"count":7,"href":"https:\/\/dibenedettoproductions.com\/index.php?rest_route=\/wp\/v2\/pages\/4107\/revisions"}],"predecessor-version":[{"id":6010,"href":"https:\/\/dibenedettoproductions.com\/index.php?rest_route=\/wp\/v2\/pages\/4107\/revisions\/6010"}],"wp:attachment":[{"href":"https:\/\/dibenedettoproductions.com\/index.php?rest_route=%2Fwp%2Fv2%2Fmedia&parent=4107"}],"wp:term":[{"taxonomy":"category","embeddable":true,"href":"https:\/\/dibenedettoproductions.com\/index.php?rest_route=%2Fwp%2Fv2%2Fcategories&post=4107"},{"taxonomy":"post_tag","embeddable":true,"href":"https:\/\/dibenedettoproductions.com\/index.php?rest_route=%2Fwp%2Fv2%2Ftags&post=4107"}],"curies":[{"name":"wp","href":"https:\/\/api.w.org\/{rel}","templated":true}]}}