{"id":4091,"date":"2021-02-24T16:58:43","date_gmt":"2021-02-24T16:58:43","guid":{"rendered":"https:\/\/dibenedettoproductions.com\/?page_id=4091"},"modified":"2021-08-06T07:21:48","modified_gmt":"2021-08-06T07:21:48","slug":"un-beso-en-4k","status":"publish","type":"page","link":"https:\/\/dibenedettoproductions.com\/?page_id=4091","title":{"rendered":"Un Beso En 4K"},"content":{"rendered":"\t\t<div data-elementor-type=\"wp-page\" data-elementor-id=\"4091\" class=\"elementor elementor-4091\" data-elementor-settings=\"[]\">\n\t\t\t\t\t\t<div class=\"elementor-inner\">\n\t\t\t\t\t\t\t<div class=\"elementor-section-wrap\">\n\t\t\t\t\t\t\t<section class=\"elementor-section elementor-top-section elementor-element elementor-element-cd25a18 elementor-section-stretched elementor-section-boxed elementor-section-height-default elementor-section-height-default\" data-id=\"cd25a18\" data-element_type=\"section\" data-settings=\"{&quot;stretch_section&quot;:&quot;section-stretched&quot;,&quot;background_background&quot;:&quot;classic&quot;}\">\n\t\t\t\t\t\t<div class=\"elementor-container elementor-column-gap-default\">\n\t\t\t\t\t\t\t<div class=\"elementor-row\">\n\t\t\t\t\t<div class=\"elementor-column elementor-col-25 elementor-top-column elementor-element elementor-element-6ac02e2\" data-id=\"6ac02e2\" data-element_type=\"column\">\n\t\t\t<div class=\"elementor-column-wrap elementor-element-populated\">\n\t\t\t\t\t\t\t<div class=\"elementor-widget-wrap\">\n\t\t\t\t\t\t<div class=\"elementor-element elementor-element-30d5cb2 elementor-align-center elementor-widget elementor-widget-button\" data-id=\"30d5cb2\" data-element_type=\"widget\" data-widget_type=\"button.default\">\n\t\t\t\t<div class=\"elementor-widget-container\">\n\t\t\t\t\t<div class=\"elementor-button-wrapper\">\n\t\t\t<a href=\"https:\/\/open.spotify.com\/track\/22y5qMpsNx3s0ZOAB7Wn1X?si=DrfjGKbFQe2JCUZJUUfHtA%20\" class=\"elementor-button-link elementor-button elementor-size-sm\" role=\"button\">\n\t\t\t\t\t\t<span class=\"elementor-button-content-wrapper\">\n\t\t\t\t\t\t<span class=\"elementor-button-text\">SPOTIFY<\/span>\n\t\t<\/span>\n\t\t\t\t\t<\/a>\n\t\t<\/div>\n\t\t\t\t<\/div>\n\t\t\t\t<\/div>\n\t\t\t\t\t\t<\/div>\n\t\t\t\t\t<\/div>\n\t\t<\/div>\n\t\t\t\t<div class=\"elementor-column elementor-col-25 elementor-top-column elementor-element elementor-element-09b11ca\" data-id=\"09b11ca\" data-element_type=\"column\">\n\t\t\t<div class=\"elementor-column-wrap elementor-element-populated\">\n\t\t\t\t\t\t\t<div class=\"elementor-widget-wrap\">\n\t\t\t\t\t\t<div class=\"elementor-element elementor-element-ad41652 elementor-align-center elementor-widget elementor-widget-button\" data-id=\"ad41652\" data-element_type=\"widget\" data-widget_type=\"button.default\">\n\t\t\t\t<div class=\"elementor-widget-container\">\n\t\t\t\t\t<div class=\"elementor-button-wrapper\">\n\t\t\t<a href=\"https:\/\/music.apple.com\/us\/album\/un-beso-en-4k-feat-dj-miki\/1454540491?i=1454540494%20\" class=\"elementor-button-link elementor-button elementor-size-sm\" role=\"button\">\n\t\t\t\t\t\t<span class=\"elementor-button-content-wrapper\">\n\t\t\t\t\t\t<span class=\"elementor-button-text\">APPLE MUSIC<\/span>\n\t\t<\/span>\n\t\t\t\t\t<\/a>\n\t\t<\/div>\n\t\t\t\t<\/div>\n\t\t\t\t<\/div>\n\t\t\t\t\t\t<\/div>\n\t\t\t\t\t<\/div>\n\t\t<\/div>\n\t\t\t\t<div class=\"elementor-column elementor-col-25 elementor-top-column elementor-element elementor-element-c9fe0ad\" data-id=\"c9fe0ad\" data-element_type=\"column\">\n\t\t\t<div class=\"elementor-column-wrap elementor-element-populated\">\n\t\t\t\t\t\t\t<div class=\"elementor-widget-wrap\">\n\t\t\t\t\t\t<div class=\"elementor-element elementor-element-7d8ff43 elementor-align-center elementor-widget elementor-widget-button\" data-id=\"7d8ff43\" data-element_type=\"widget\" data-widget_type=\"button.default\">\n\t\t\t\t<div class=\"elementor-widget-container\">\n\t\t\t\t\t<div class=\"elementor-button-wrapper\">\n\t\t\t<a href=\"https:\/\/deezer.page.link\/QX8MR7z8a9qZABSt6%20\" class=\"elementor-button-link elementor-button elementor-size-sm\" role=\"button\">\n\t\t\t\t\t\t<span class=\"elementor-button-content-wrapper\">\n\t\t\t\t\t\t<span class=\"elementor-button-text\">DEEZER<\/span>\n\t\t<\/span>\n\t\t\t\t\t<\/a>\n\t\t<\/div>\n\t\t\t\t<\/div>\n\t\t\t\t<\/div>\n\t\t\t\t\t\t<\/div>\n\t\t\t\t\t<\/div>\n\t\t<\/div>\n\t\t\t\t<div class=\"elementor-column elementor-col-25 elementor-top-column elementor-element elementor-element-3cfea11\" data-id=\"3cfea11\" data-element_type=\"column\">\n\t\t\t<div class=\"elementor-column-wrap elementor-element-populated\">\n\t\t\t\t\t\t\t<div class=\"elementor-widget-wrap\">\n\t\t\t\t\t\t<div class=\"elementor-element elementor-element-3cc028f elementor-align-center elementor-widget elementor-widget-button\" data-id=\"3cc028f\" data-element_type=\"widget\" data-widget_type=\"button.default\">\n\t\t\t\t<div class=\"elementor-widget-container\">\n\t\t\t\t\t<div class=\"elementor-button-wrapper\">\n\t\t\t<a href=\"https:\/\/music.amazon.com\/albums\/B07P7XB1B6?trackAsin=B07P5TXSRK&#038;ref=dm_sh_d2a8-0b28-dmcp-7b00-9dd4c&#038;musicTerritory=US&#038;marketplaceId=ATVPDKIKX0DER%20\" class=\"elementor-button-link elementor-button elementor-size-sm\" role=\"button\">\n\t\t\t\t\t\t<span class=\"elementor-button-content-wrapper\">\n\t\t\t\t\t\t<span class=\"elementor-button-text\">AMAZON MUSIC<\/span>\n\t\t<\/span>\n\t\t\t\t\t<\/a>\n\t\t<\/div>\n\t\t\t\t<\/div>\n\t\t\t\t<\/div>\n\t\t\t\t\t\t<\/div>\n\t\t\t\t\t<\/div>\n\t\t<\/div>\n\t\t\t\t\t\t\t\t<\/div>\n\t\t\t\t\t<\/div>\n\t\t<\/section>\n\t\t\t\t<section class=\"elementor-section elementor-top-section elementor-element elementor-element-dcfd4b1 elementor-section-stretched elementor-section-boxed elementor-section-height-default elementor-section-height-default\" data-id=\"dcfd4b1\" data-element_type=\"section\" data-settings=\"{&quot;stretch_section&quot;:&quot;section-stretched&quot;,&quot;background_background&quot;:&quot;classic&quot;}\">\n\t\t\t\t\t\t<div class=\"elementor-container elementor-column-gap-default\">\n\t\t\t\t\t\t\t<div class=\"elementor-row\">\n\t\t\t\t\t<div class=\"elementor-column elementor-col-100 elementor-top-column elementor-element elementor-element-d41194c\" data-id=\"d41194c\" data-element_type=\"column\">\n\t\t\t<div class=\"elementor-column-wrap elementor-element-populated\">\n\t\t\t\t\t\t\t<div class=\"elementor-widget-wrap\">\n\t\t\t\t\t\t<div class=\"elementor-element elementor-element-d37501b elementor-widget elementor-widget-text-editor\" data-id=\"d37501b\" data-element_type=\"widget\" data-widget_type=\"text-editor.default\">\n\t\t\t\t<div class=\"elementor-widget-container\">\n\t\t\t\t\t\t\t\t<div class=\"elementor-text-editor elementor-clearfix\">\n\t\t\t\t<div><p style=\"text-align: center;\"><span style=\"color: #ffffff;\">Pa que me llamas tu baby si seg\u00fan t\u00fa<\/span><\/p><p style=\"text-align: center;\"><span style=\"color: #ffffff;\">No me quieres ya no me quieres ya<\/span><\/p><p style=\"text-align: center;\"><span style=\"color: #ffffff;\">T\u00fa tienes novio estate tranquila<\/span><\/p><p style=\"text-align: center;\"><span style=\"color: #ffffff;\">Haz tu papel y sigue sigue con tu vida<\/span><\/p><p style=\"text-align: center;\"><span style=\"color: #ffffff;\">No me llames que no quiero saber nada m\u00e1s de ti<\/span><\/p><p style=\"text-align: center;\"><span style=\"color: #ffffff;\">Fuiste t\u00fa quien decidi\u00f3 hacerle as\u00ed<\/span><\/p><p style=\"text-align: center;\"><span style=\"color: #ffffff;\">Pero todo est\u00e1 rico rico mami to est\u00e1 varadero<\/span><\/p><p style=\"text-align: center;\"><span style=\"color: #ffffff;\">Lo siento por ti pero es que ahora no te quiero<\/span><\/p><p style=\"text-align: center;\"><span style=\"color: #ffffff;\">Dale arre mami dale no me llames m\u00e1s<\/span><\/p><p style=\"text-align: center;\"><span style=\"color: #ffffff;\">Cam\u00ednalo titi y date un beso en 4k 4k<\/span><\/p><p style=\"text-align: center;\"><span style=\"color: #ffffff;\">Conmigo perdiste mami ya fuiste fuiste lo que fuiste viniste<\/span><\/p><p style=\"text-align: center;\"><span style=\"color: #ffffff;\">A decirme ahora porque te dejaron a decirme ahora porque te soltaron<\/span><\/p><p style=\"text-align: center;\"><span style=\"color: #ffffff;\">Que te recoja el que te quiera recoger<\/span><\/p><p style=\"text-align: center;\"><span style=\"color: #ffffff;\">No me importa y no te quiero ver dale arre mami dale a correr<\/span><\/p><p style=\"text-align: center;\"><span style=\"color: #ffffff;\">To est\u00e1 rico rico mami to est\u00e1 varadero<\/span><\/p><p style=\"text-align: center;\"><span style=\"color: #ffffff;\">Lo siento por ti pero es que ahora no te quiero<\/span><\/p><p style=\"text-align: center;\"><span style=\"color: #ffffff;\">Dale arre mami dale no me llames m\u00e1s<\/span><\/p><p style=\"text-align: center;\"><span style=\"color: #ffffff;\">Cam\u00ednalo titi y date un beso en 4k 4k<\/span><\/p><p style=\"text-align: center;\"><span style=\"color: #ffffff;\">Pa que me llamas tu baby si seg\u00fan t\u00fa<\/span><\/p><p style=\"text-align: center;\"><span style=\"color: #ffffff;\">No me quieres ya no me quieres ya<\/span><\/p><p style=\"text-align: center;\"><span style=\"color: #ffffff;\">T\u00fa tienes novio estate tranquila<\/span><\/p><p style=\"text-align: center;\"><span style=\"color: #ffffff;\">Haz tu papel y sigue sigue con tu vida<\/span><\/p><p style=\"text-align: center;\"><span style=\"color: #ffffff;\">No me llames que no quiero saber nada m\u00e1s de ti<\/span><\/p><p style=\"text-align: center;\"><span style=\"color: #ffffff;\">Fuiste t\u00fa quien decidi\u00f3 hacerle as\u00ed<\/span><\/p><p style=\"text-align: center;\"><span style=\"color: #ffffff;\">Pero todo est\u00e1 rico rico mami to est\u00e1 varadero<\/span><\/p><p style=\"text-align: center;\"><span style=\"color: #ffffff;\">Lo siento por ti pero es que ahora no te quiero<\/span><\/p><p style=\"text-align: center;\"><span style=\"color: #ffffff;\">Dale arre mami dale no me llames m\u00e1s<\/span><\/p><p style=\"text-align: center;\"><span style=\"color: #ffffff;\">Cam\u00ednalo titi y date un beso en 4k 4k<\/span><\/p><p style=\"text-align: center;\"><span style=\"color: #ffffff;\">Di Benedetto Production Enzo la melod\u00eda secreta<\/span><\/p><p style=\"text-align: center;\"><span style=\"color: #ffffff;\">La far\u00e1ndula italiana pegao en Italia y pegado en la habana<\/span><\/p><p style=\"text-align: center;\"><span style=\"color: #ffffff;\">Dale miki riega la bola pa que se forme el run run<\/span><\/p><p style=\"text-align: center;\"><span style=\"color: #ffffff;\">Que ahora ya no somos repartero somos repartero pero con glamour<\/span><\/p><p style=\"text-align: center;\"><span style=\"color: #ffffff;\">To est\u00e1 rico rico mami to est\u00e1 varadero<\/span><\/p><p style=\"text-align: center;\"><span style=\"color: #ffffff;\">Lo siento por ti pero es que ahora no te quiero<\/span><\/p><p style=\"text-align: center;\"><span style=\"color: #ffffff;\">Dale arre mami dale no me llames m\u00e1s<\/span><\/p><p style=\"text-align: center;\"><span style=\"color: #ffffff;\">Cam\u00ednalo titi y date un beso en 4k 4k<\/span><\/p><p style=\"text-align: center;\"><span style=\"color: #ffffff;\">Mira mira mira t\u00fa lo conoce es el miki tu lo conoce es el miki<\/span><\/p><p style=\"text-align: center;\"><span style=\"color: #ffffff;\">Ahora que te soltaron me quieres decir que conmigo tu estas friti<\/span><\/p><p style=\"text-align: center;\"><span style=\"color: #ffffff;\">Tu sabes mami di Benedetto Production Enzo la melod\u00eda secreta<\/span><\/p><p style=\"text-align: center;\"><span style=\"color: #ffffff;\">La far\u00e1ndula italiana pegao en Italia y pegado en la habana<\/span><\/p><p style=\"text-align: center;\"><span style=\"color: #ffffff;\">Dale arre mami dale no me llames m\u00e1s<\/span><\/p><p style=\"text-align: center;\"><span style=\"color: #ffffff;\">Cam\u00ednalo titi y date un besoa en 4k 4k<\/span><\/p><\/div>\t\t\t\t\t<\/div>\n\t\t\t\t\t\t<\/div>\n\t\t\t\t<\/div>\n\t\t\t\t\t\t<\/div>\n\t\t\t\t\t<\/div>\n\t\t<\/div>\n\t\t\t\t\t\t\t\t<\/div>\n\t\t\t\t\t<\/div>\n\t\t<\/section>\n\t\t\t\t\t\t<\/div>\n\t\t\t\t\t\t<\/div>\n\t\t\t\t\t<\/div>\n\t\t","protected":false},"excerpt":{"rendered":"<p>SPOTIFY APPLE MUSIC DEEZER AMAZON MUSIC Pa que me llamas tu baby si seg\u00fan t\u00fa No me quieres ya no me quieres ya T\u00fa tienes novio estate tranquila Haz tu papel y sigue sigue con tu vida No me llames que no quiero saber nada m\u00e1s de ti Fuiste t\u00fa quien decidi\u00f3 hacerle as\u00ed Pero.<\/p>\n","protected":false},"author":1,"featured_media":0,"parent":0,"menu_order":0,"comment_status":"closed","ping_status":"closed","template":"","meta":{"footnotes":""},"categories":[42],"tags":[],"class_list":["post-4091","page","type-page","status-publish","hentry","category-testi"],"yoast_head":"<!-- This site is optimized with the Yoast SEO plugin v19.6.1 - https:\/\/yoast.com\/wordpress\/plugins\/seo\/ -->\n<title>Un Beso En 4K - Di Benedetto Productions<\/title>\n<meta name=\"robots\" content=\"index, follow, max-snippet:-1, max-image-preview:large, max-video-preview:-1\" \/>\n<link rel=\"canonical\" href=\"https:\/\/dibenedettoproductions.com\/?page_id=4091\" \/>\n<meta property=\"og:locale\" content=\"it_IT\" \/>\n<meta property=\"og:type\" content=\"article\" \/>\n<meta property=\"og:title\" content=\"Un Beso En 4K - Di Benedetto Productions\" \/>\n<meta property=\"og:description\" content=\"SPOTIFY APPLE MUSIC DEEZER AMAZON MUSIC Pa que me llamas tu baby si seg\u00fan t\u00fa No me quieres ya no me quieres ya T\u00fa tienes novio estate tranquila Haz tu papel y sigue sigue con tu vida No me llames que no quiero saber nada m\u00e1s de ti Fuiste t\u00fa quien decidi\u00f3 hacerle as\u00ed Pero.\" \/>\n<meta property=\"og:url\" content=\"https:\/\/dibenedettoproductions.com\/?page_id=4091\" \/>\n<meta property=\"og:site_name\" content=\"Di Benedetto Productions\" \/>\n<meta property=\"article:modified_time\" content=\"2021-08-06T07:21:48+00:00\" \/>\n<meta name=\"twitter:card\" content=\"summary_large_image\" \/>\n<meta name=\"twitter:label1\" content=\"Tempo di lettura stimato\" \/>\n\t<meta name=\"twitter:data1\" content=\"2 minuti\" \/>\n<script type=\"application\/ld+json\" class=\"yoast-schema-graph\">{\"@context\":\"https:\/\/schema.org\",\"@graph\":[{\"@type\":\"WebPage\",\"@id\":\"https:\/\/dibenedettoproductions.com\/?page_id=4091\",\"url\":\"https:\/\/dibenedettoproductions.com\/?page_id=4091\",\"name\":\"Un Beso En 4K - Di Benedetto Productions\",\"isPartOf\":{\"@id\":\"https:\/\/dibenedettoproductions.com\/#website\"},\"datePublished\":\"2021-02-24T16:58:43+00:00\",\"dateModified\":\"2021-08-06T07:21:48+00:00\",\"breadcrumb\":{\"@id\":\"https:\/\/dibenedettoproductions.com\/?page_id=4091#breadcrumb\"},\"inLanguage\":\"it-IT\",\"potentialAction\":[{\"@type\":\"ReadAction\",\"target\":[\"https:\/\/dibenedettoproductions.com\/?page_id=4091\"]}]},{\"@type\":\"BreadcrumbList\",\"@id\":\"https:\/\/dibenedettoproductions.com\/?page_id=4091#breadcrumb\",\"itemListElement\":[{\"@type\":\"ListItem\",\"position\":1,\"name\":\"Home\",\"item\":\"https:\/\/dibenedettoproductions.com\/\"},{\"@type\":\"ListItem\",\"position\":2,\"name\":\"Un Beso En 4K\"}]},{\"@type\":\"WebSite\",\"@id\":\"https:\/\/dibenedettoproductions.com\/#website\",\"url\":\"https:\/\/dibenedettoproductions.com\/\",\"name\":\"Di Benedetto Productions\",\"description\":\"\",\"publisher\":{\"@id\":\"https:\/\/dibenedettoproductions.com\/#organization\"},\"potentialAction\":[{\"@type\":\"SearchAction\",\"target\":{\"@type\":\"EntryPoint\",\"urlTemplate\":\"https:\/\/dibenedettoproductions.com\/?s={search_term_string}\"},\"query-input\":\"required name=search_term_string\"}],\"inLanguage\":\"it-IT\"},{\"@type\":\"Organization\",\"@id\":\"https:\/\/dibenedettoproductions.com\/#organization\",\"name\":\"DI BENEDETTO PRODUCTIONS\",\"url\":\"https:\/\/dibenedettoproductions.com\/\",\"sameAs\":[],\"logo\":{\"@type\":\"ImageObject\",\"inLanguage\":\"it-IT\",\"@id\":\"https:\/\/dibenedettoproductions.com\/#\/schema\/logo\/image\/\",\"url\":\"https:\/\/dibenedettoproductions.com\/wp-content\/uploads\/2021\/09\/logo_di_benedetto_productions.jpg\",\"contentUrl\":\"https:\/\/dibenedettoproductions.com\/wp-content\/uploads\/2021\/09\/logo_di_benedetto_productions.jpg\",\"width\":225,\"height\":225,\"caption\":\"DI BENEDETTO PRODUCTIONS\"},\"image\":{\"@id\":\"https:\/\/dibenedettoproductions.com\/#\/schema\/logo\/image\/\"}}]}<\/script>\n<!-- \/ Yoast SEO plugin. -->","yoast_head_json":{"title":"Un Beso En 4K - Di Benedetto Productions","robots":{"index":"index","follow":"follow","max-snippet":"max-snippet:-1","max-image-preview":"max-image-preview:large","max-video-preview":"max-video-preview:-1"},"canonical":"https:\/\/dibenedettoproductions.com\/?page_id=4091","og_locale":"it_IT","og_type":"article","og_title":"Un Beso En 4K - Di Benedetto Productions","og_description":"SPOTIFY APPLE MUSIC DEEZER AMAZON MUSIC Pa que me llamas tu baby si seg\u00fan t\u00fa No me quieres ya no me quieres ya T\u00fa tienes novio estate tranquila Haz tu papel y sigue sigue con tu vida No me llames que no quiero saber nada m\u00e1s de ti Fuiste t\u00fa quien decidi\u00f3 hacerle as\u00ed Pero.","og_url":"https:\/\/dibenedettoproductions.com\/?page_id=4091","og_site_name":"Di Benedetto Productions","article_modified_time":"2021-08-06T07:21:48+00:00","twitter_card":"summary_large_image","twitter_misc":{"Tempo di lettura stimato":"2 minuti"},"schema":{"@context":"https:\/\/schema.org","@graph":[{"@type":"WebPage","@id":"https:\/\/dibenedettoproductions.com\/?page_id=4091","url":"https:\/\/dibenedettoproductions.com\/?page_id=4091","name":"Un Beso En 4K - Di Benedetto Productions","isPartOf":{"@id":"https:\/\/dibenedettoproductions.com\/#website"},"datePublished":"2021-02-24T16:58:43+00:00","dateModified":"2021-08-06T07:21:48+00:00","breadcrumb":{"@id":"https:\/\/dibenedettoproductions.com\/?page_id=4091#breadcrumb"},"inLanguage":"it-IT","potentialAction":[{"@type":"ReadAction","target":["https:\/\/dibenedettoproductions.com\/?page_id=4091"]}]},{"@type":"BreadcrumbList","@id":"https:\/\/dibenedettoproductions.com\/?page_id=4091#breadcrumb","itemListElement":[{"@type":"ListItem","position":1,"name":"Home","item":"https:\/\/dibenedettoproductions.com\/"},{"@type":"ListItem","position":2,"name":"Un Beso En 4K"}]},{"@type":"WebSite","@id":"https:\/\/dibenedettoproductions.com\/#website","url":"https:\/\/dibenedettoproductions.com\/","name":"Di Benedetto Productions","description":"","publisher":{"@id":"https:\/\/dibenedettoproductions.com\/#organization"},"potentialAction":[{"@type":"SearchAction","target":{"@type":"EntryPoint","urlTemplate":"https:\/\/dibenedettoproductions.com\/?s={search_term_string}"},"query-input":"required name=search_term_string"}],"inLanguage":"it-IT"},{"@type":"Organization","@id":"https:\/\/dibenedettoproductions.com\/#organization","name":"DI BENEDETTO PRODUCTIONS","url":"https:\/\/dibenedettoproductions.com\/","sameAs":[],"logo":{"@type":"ImageObject","inLanguage":"it-IT","@id":"https:\/\/dibenedettoproductions.com\/#\/schema\/logo\/image\/","url":"https:\/\/dibenedettoproductions.com\/wp-content\/uploads\/2021\/09\/logo_di_benedetto_productions.jpg","contentUrl":"https:\/\/dibenedettoproductions.com\/wp-content\/uploads\/2021\/09\/logo_di_benedetto_productions.jpg","width":225,"height":225,"caption":"DI BENEDETTO PRODUCTIONS"},"image":{"@id":"https:\/\/dibenedettoproductions.com\/#\/schema\/logo\/image\/"}}]}},"_links":{"self":[{"href":"https:\/\/dibenedettoproductions.com\/index.php?rest_route=\/wp\/v2\/pages\/4091","targetHints":{"allow":["GET"]}}],"collection":[{"href":"https:\/\/dibenedettoproductions.com\/index.php?rest_route=\/wp\/v2\/pages"}],"about":[{"href":"https:\/\/dibenedettoproductions.com\/index.php?rest_route=\/wp\/v2\/types\/page"}],"author":[{"embeddable":true,"href":"https:\/\/dibenedettoproductions.com\/index.php?rest_route=\/wp\/v2\/users\/1"}],"replies":[{"embeddable":true,"href":"https:\/\/dibenedettoproductions.com\/index.php?rest_route=%2Fwp%2Fv2%2Fcomments&post=4091"}],"version-history":[{"count":7,"href":"https:\/\/dibenedettoproductions.com\/index.php?rest_route=\/wp\/v2\/pages\/4091\/revisions"}],"predecessor-version":[{"id":6004,"href":"https:\/\/dibenedettoproductions.com\/index.php?rest_route=\/wp\/v2\/pages\/4091\/revisions\/6004"}],"wp:attachment":[{"href":"https:\/\/dibenedettoproductions.com\/index.php?rest_route=%2Fwp%2Fv2%2Fmedia&parent=4091"}],"wp:term":[{"taxonomy":"category","embeddable":true,"href":"https:\/\/dibenedettoproductions.com\/index.php?rest_route=%2Fwp%2Fv2%2Fcategories&post=4091"},{"taxonomy":"post_tag","embeddable":true,"href":"https:\/\/dibenedettoproductions.com\/index.php?rest_route=%2Fwp%2Fv2%2Ftags&post=4091"}],"curies":[{"name":"wp","href":"https:\/\/api.w.org\/{rel}","templated":true}]}}