{"id":4075,"date":"2021-02-24T16:49:22","date_gmt":"2021-02-24T16:49:22","guid":{"rendered":"https:\/\/dibenedettoproductions.com\/?page_id=4075"},"modified":"2021-08-06T07:21:28","modified_gmt":"2021-08-06T07:21:28","slug":"tu-novio","status":"publish","type":"page","link":"https:\/\/dibenedettoproductions.com\/?page_id=4075","title":{"rendered":"Tu Novio"},"content":{"rendered":"\t\t<div data-elementor-type=\"wp-page\" data-elementor-id=\"4075\" class=\"elementor elementor-4075\" data-elementor-settings=\"[]\">\n\t\t\t\t\t\t<div class=\"elementor-inner\">\n\t\t\t\t\t\t\t<div class=\"elementor-section-wrap\">\n\t\t\t\t\t\t\t<section class=\"elementor-section elementor-top-section elementor-element elementor-element-eea7c79 elementor-section-stretched elementor-section-boxed elementor-section-height-default elementor-section-height-default\" data-id=\"eea7c79\" data-element_type=\"section\" data-settings=\"{&quot;stretch_section&quot;:&quot;section-stretched&quot;,&quot;background_background&quot;:&quot;classic&quot;}\">\n\t\t\t\t\t\t<div class=\"elementor-container elementor-column-gap-default\">\n\t\t\t\t\t\t\t<div class=\"elementor-row\">\n\t\t\t\t\t<div class=\"elementor-column elementor-col-25 elementor-top-column elementor-element elementor-element-f2a9c88\" data-id=\"f2a9c88\" data-element_type=\"column\">\n\t\t\t<div class=\"elementor-column-wrap elementor-element-populated\">\n\t\t\t\t\t\t\t<div class=\"elementor-widget-wrap\">\n\t\t\t\t\t\t<div class=\"elementor-element elementor-element-e61a51f elementor-align-center elementor-widget elementor-widget-button\" data-id=\"e61a51f\" data-element_type=\"widget\" data-widget_type=\"button.default\">\n\t\t\t\t<div class=\"elementor-widget-container\">\n\t\t\t\t\t<div class=\"elementor-button-wrapper\">\n\t\t\t<a href=\"https:\/\/open.spotify.com\/track\/4kKtxVjbHNwErtSU4c4ipF?si=nUjjBC7NQ1GQtDMjkefQ2Q%20\" class=\"elementor-button-link elementor-button elementor-size-sm\" role=\"button\">\n\t\t\t\t\t\t<span class=\"elementor-button-content-wrapper\">\n\t\t\t\t\t\t<span class=\"elementor-button-text\">SPOTIFY<\/span>\n\t\t<\/span>\n\t\t\t\t\t<\/a>\n\t\t<\/div>\n\t\t\t\t<\/div>\n\t\t\t\t<\/div>\n\t\t\t\t\t\t<\/div>\n\t\t\t\t\t<\/div>\n\t\t<\/div>\n\t\t\t\t<div class=\"elementor-column elementor-col-25 elementor-top-column elementor-element elementor-element-0bff5e3\" data-id=\"0bff5e3\" data-element_type=\"column\">\n\t\t\t<div class=\"elementor-column-wrap elementor-element-populated\">\n\t\t\t\t\t\t\t<div class=\"elementor-widget-wrap\">\n\t\t\t\t\t\t<div class=\"elementor-element elementor-element-36c201b elementor-align-center elementor-widget elementor-widget-button\" data-id=\"36c201b\" data-element_type=\"widget\" data-widget_type=\"button.default\">\n\t\t\t\t<div class=\"elementor-widget-container\">\n\t\t\t\t\t<div class=\"elementor-button-wrapper\">\n\t\t\t<a href=\"https:\/\/music.apple.com\/us\/album\/tu-novio\/1516837406?i=1516837407%20\" class=\"elementor-button-link elementor-button elementor-size-sm\" role=\"button\">\n\t\t\t\t\t\t<span class=\"elementor-button-content-wrapper\">\n\t\t\t\t\t\t<span class=\"elementor-button-text\">APPLE MUSIC<\/span>\n\t\t<\/span>\n\t\t\t\t\t<\/a>\n\t\t<\/div>\n\t\t\t\t<\/div>\n\t\t\t\t<\/div>\n\t\t\t\t\t\t<\/div>\n\t\t\t\t\t<\/div>\n\t\t<\/div>\n\t\t\t\t<div class=\"elementor-column elementor-col-25 elementor-top-column elementor-element elementor-element-0169f27\" data-id=\"0169f27\" data-element_type=\"column\">\n\t\t\t<div class=\"elementor-column-wrap elementor-element-populated\">\n\t\t\t\t\t\t\t<div class=\"elementor-widget-wrap\">\n\t\t\t\t\t\t<div class=\"elementor-element elementor-element-83501b6 elementor-align-center elementor-widget elementor-widget-button\" data-id=\"83501b6\" data-element_type=\"widget\" data-widget_type=\"button.default\">\n\t\t\t\t<div class=\"elementor-widget-container\">\n\t\t\t\t\t<div class=\"elementor-button-wrapper\">\n\t\t\t<a href=\"https:\/\/deezer.page.link\/VbQmjiYspy8K7HCG9\" class=\"elementor-button-link elementor-button elementor-size-sm\" role=\"button\">\n\t\t\t\t\t\t<span class=\"elementor-button-content-wrapper\">\n\t\t\t\t\t\t<span class=\"elementor-button-text\">DEEZER<\/span>\n\t\t<\/span>\n\t\t\t\t\t<\/a>\n\t\t<\/div>\n\t\t\t\t<\/div>\n\t\t\t\t<\/div>\n\t\t\t\t\t\t<\/div>\n\t\t\t\t\t<\/div>\n\t\t<\/div>\n\t\t\t\t<div class=\"elementor-column elementor-col-25 elementor-top-column elementor-element elementor-element-8133a00\" data-id=\"8133a00\" data-element_type=\"column\">\n\t\t\t<div class=\"elementor-column-wrap elementor-element-populated\">\n\t\t\t\t\t\t\t<div class=\"elementor-widget-wrap\">\n\t\t\t\t\t\t<div class=\"elementor-element elementor-element-5f85aab elementor-align-center elementor-widget elementor-widget-button\" data-id=\"5f85aab\" data-element_type=\"widget\" data-widget_type=\"button.default\">\n\t\t\t\t<div class=\"elementor-widget-container\">\n\t\t\t\t\t<div class=\"elementor-button-wrapper\">\n\t\t\t<a href=\"https:\/\/music.amazon.com\/albums\/B089NY8868?trackAsin=B089P1DMV7&#038;ref=dm_sh_2df3-9d75-dmcp-cd18-f2f0f&#038;musicTerritory=US&#038;marketplaceId=ATVPDKIKX0DER%20\" class=\"elementor-button-link elementor-button elementor-size-sm\" role=\"button\">\n\t\t\t\t\t\t<span class=\"elementor-button-content-wrapper\">\n\t\t\t\t\t\t<span class=\"elementor-button-text\">AMAZON MUSIC<\/span>\n\t\t<\/span>\n\t\t\t\t\t<\/a>\n\t\t<\/div>\n\t\t\t\t<\/div>\n\t\t\t\t<\/div>\n\t\t\t\t\t\t<\/div>\n\t\t\t\t\t<\/div>\n\t\t<\/div>\n\t\t\t\t\t\t\t\t<\/div>\n\t\t\t\t\t<\/div>\n\t\t<\/section>\n\t\t\t\t<section class=\"elementor-section elementor-top-section elementor-element elementor-element-b8ca127 elementor-section-stretched elementor-section-boxed elementor-section-height-default elementor-section-height-default\" data-id=\"b8ca127\" data-element_type=\"section\" data-settings=\"{&quot;stretch_section&quot;:&quot;section-stretched&quot;,&quot;background_background&quot;:&quot;classic&quot;}\">\n\t\t\t\t\t\t<div class=\"elementor-container elementor-column-gap-default\">\n\t\t\t\t\t\t\t<div class=\"elementor-row\">\n\t\t\t\t\t<div class=\"elementor-column elementor-col-100 elementor-top-column elementor-element elementor-element-365534a\" data-id=\"365534a\" data-element_type=\"column\">\n\t\t\t<div class=\"elementor-column-wrap elementor-element-populated\">\n\t\t\t\t\t\t\t<div class=\"elementor-widget-wrap\">\n\t\t\t\t\t\t<div class=\"elementor-element elementor-element-eb168ec elementor-widget elementor-widget-text-editor\" data-id=\"eb168ec\" data-element_type=\"widget\" data-widget_type=\"text-editor.default\">\n\t\t\t\t<div class=\"elementor-widget-container\">\n\t\t\t\t\t\t\t\t<div class=\"elementor-text-editor elementor-clearfix\">\n\t\t\t\t<div><p style=\"text-align: center;\"><span style=\"color: #ffffff;\">D\u00e9jalos que piensen que no te veo<\/span><\/p><p style=\"text-align: center;\"><span style=\"color: #ffffff;\">D\u00e9jalos que piensen que se muri\u00f3 el deseo<\/span><\/p><p style=\"text-align: center;\"><span style=\"color: #ffffff;\">Ellos no saben na<\/span><\/p><p style=\"text-align: center;\"><span style=\"color: #ffffff;\">Las cosas escondidas duran m\u00e1s<\/span><\/p><p style=\"text-align: center;\"><span style=\"color: #ffffff;\">Siempre nos vemos despu\u00e9s de la facultad<\/span><\/p><p style=\"text-align: center;\"><span style=\"color: #ffffff;\">Y lo hacemos en el carro en el asiento de atr\u00e1s<\/span><\/p><p style=\"text-align: center;\">\u00a0<\/p><p style=\"text-align: center;\"><span style=\"color: #ffffff;\">Y tu novio llamando<\/span><\/p><p style=\"text-align: center;\"><span style=\"color: #ffffff;\">Mientras lo estamos haciendo<\/span><\/p><p style=\"text-align: center;\"><span style=\"color: #ffffff;\">El no se imagina<\/span><\/p><p style=\"text-align: center;\"><span style=\"color: #ffffff;\">Que yo te estoy comiendo<\/span><\/p><p style=\"text-align: center;\"><span style=\"color: #ffffff;\">Y tu novio llam\u00e1ndote<\/span><\/p><p style=\"text-align: center;\"><span style=\"color: #ffffff;\">Y t\u00fa pidi\u00e9ndome<\/span><\/p><p style=\"text-align: center;\"><span style=\"color: #ffffff;\">Que no pare<\/span><\/p><p style=\"text-align: center;\"><span style=\"color: #ffffff;\">Y que m\u00e1s duro te de<\/span><\/p><p style=\"text-align: center;\">\u00a0<\/p><p style=\"text-align: center;\"><span style=\"color: #ffffff;\">T\u00fa quieres que duro te de<\/span><\/p><p style=\"text-align: center;\"><span style=\"color: #ffffff;\">Y no dejar nada para despu\u00e9s<\/span><\/p><p style=\"text-align: center;\"><span style=\"color: #ffffff;\">T\u00fa quieres que me venga y me quede<\/span><\/p><p style=\"text-align: center;\"><span style=\"color: #ffffff;\">Es que quieres hac\u00e9rmelo otra vez<\/span><\/p><p style=\"text-align: center;\"><span style=\"color: #ffffff;\">Y nada m\u00e1s que tu novio se vaya ll\u00e1mame<\/span><\/p><p style=\"text-align: center;\"><span style=\"color: #ffffff;\">Solo tienes que pensar en buscarme<\/span><\/p><p style=\"text-align: center;\"><span style=\"color: #ffffff;\">Ya tiene pena siempre ha sido perreame<\/span><\/p><p style=\"text-align: center;\"><span style=\"color: #ffffff;\">Y terminamos en que<\/span><\/p><p style=\"text-align: center;\"><span style=\"color: #ffffff;\">Terminamos en que<\/span><\/p><p style=\"text-align: center;\"><span style=\"color: #ffffff;\">Esc\u00e1pate otra vez<\/span><\/p><p style=\"text-align: center;\"><span style=\"color: #ffffff;\">Mando la ubi y t\u00fa le llegas a el motel<\/span><\/p><p style=\"text-align: center;\"><span style=\"color: #ffffff;\">Que a ti te queda bien ese de Chanel<\/span><\/p><p style=\"text-align: center;\"><span style=\"color: #ffffff;\">Ven pa besar tu piel<\/span><\/p><p style=\"text-align: center;\"><span style=\"color: #ffffff;\">Voy a hacerte lo que no te hace \u00e9l<\/span><\/p><p style=\"text-align: center;\">\u00a0<\/p><p style=\"text-align: center;\"><span style=\"color: #ffffff;\">Y tu novio llamando<\/span><\/p><p style=\"text-align: center;\"><span style=\"color: #ffffff;\">Mientras lo estamos haciendo<\/span><\/p><p style=\"text-align: center;\"><span style=\"color: #ffffff;\">El no se imagina<\/span><\/p><p style=\"text-align: center;\"><span style=\"color: #ffffff;\">Que yo te estoy comiendo<\/span><\/p><p style=\"text-align: center;\"><span style=\"color: #ffffff;\">Y tu novio llam\u00e1ndote<\/span><\/p><p style=\"text-align: center;\"><span style=\"color: #ffffff;\">Y t\u00fa pidi\u00e9ndome<\/span><\/p><p style=\"text-align: center;\"><span style=\"color: #ffffff;\">Que no pare<\/span><\/p><p style=\"text-align: center;\"><span style=\"color: #ffffff;\">Y que bien duro te de<\/span><\/p><p style=\"text-align: center;\">\u00a0<\/p><p style=\"text-align: center;\"><span style=\"color: #ffffff;\">T\u00fa solo comun\u00edcate que yo te paso a buscar<\/span><\/p><p style=\"text-align: center;\"><span style=\"color: #ffffff;\">Y lo hacemos en la casa frente al mar<\/span><\/p><p style=\"text-align: center;\"><span style=\"color: #ffffff;\">Call\u00e1 nadie se tiene que enterar<\/span><\/p><p style=\"text-align: center;\"><span style=\"color: #ffffff;\">Que esta noche hacemos pa jalar<\/span><\/p><p style=\"text-align: center;\"><span style=\"color: #ffffff;\">Le puse los pie pa arriba como puerta de ferra<\/span><\/p><p style=\"text-align: center;\"><span style=\"color: #ffffff;\">En la cama ella y yo tenemos una guerra<\/span><\/p><p style=\"text-align: center;\"><span style=\"color: #ffffff;\">Tremenda sata<\/span><\/p><p style=\"text-align: center;\"><span style=\"color: #ffffff;\">Sata Flow perra<\/span><\/p><p style=\"text-align: center;\"><span style=\"color: #ffffff;\">Como se me abre y se me cierra<\/span><\/p><p style=\"text-align: center;\"><span style=\"color: #ffffff;\">Y esc\u00e1pate otra vez<\/span><\/p><p style=\"text-align: center;\"><span style=\"color: #ffffff;\">Te mando la ubi y t\u00fa le llegas a el motel<\/span><\/p><p style=\"text-align: center;\"><span style=\"color: #ffffff;\">Dale que a ti te queda bien ese de Chanel<\/span><\/p><p style=\"text-align: center;\"><span style=\"color: #ffffff;\">Pa besar tu piel<\/span><\/p><p style=\"text-align: center;\"><span style=\"color: #ffffff;\">Y hacerte lo que no te hace \u00e9l<\/span><\/p><p style=\"text-align: center;\">\u00a0<\/p><p style=\"text-align: center;\"><span style=\"color: #ffffff;\">Y tu novio llamando<\/span><\/p><p style=\"text-align: center;\"><span style=\"color: #ffffff;\">Mientras lo estamos haciendo<\/span><\/p><p style=\"text-align: center;\"><span style=\"color: #ffffff;\">El no se imagina<\/span><\/p><p style=\"text-align: center;\"><span style=\"color: #ffffff;\">Que yo te estoy comiendo<\/span><\/p><p style=\"text-align: center;\"><span style=\"color: #ffffff;\">Y tu novio llam\u00e1ndote<\/span><\/p><p style=\"text-align: center;\"><span style=\"color: #ffffff;\">Y t\u00fa pidi\u00e9ndome<\/span><\/p><p style=\"text-align: center;\"><span style=\"color: #ffffff;\">Que no pare<\/span><\/p><p style=\"text-align: center;\"><span style=\"color: #ffffff;\">Y que bien duro te de<\/span><\/p><p style=\"text-align: center;\">\u00a0<\/p><p style=\"text-align: center;\"><span style=\"color: #ffffff;\">Esc\u00e1pate otra vez<\/span><\/p><p style=\"text-align: center;\"><span style=\"color: #ffffff;\">Mando la ubi y t\u00fa le llegas a el motel<\/span><\/p><p style=\"text-align: center;\"><span style=\"color: #ffffff;\">Que a ti te queda bien ese de Chanel<\/span><\/p><p style=\"text-align: center;\"><span style=\"color: #ffffff;\">Ven pa besar tu piel<\/span><\/p><p style=\"text-align: center;\"><span style=\"color: #ffffff;\">Voy a hacerte lo que no te hace \u00e9l<\/span><\/p><p style=\"text-align: center;\"><span style=\"color: #ffffff;\">Y esc\u00e1pate otra vez<\/span><\/p><p style=\"text-align: center;\"><span style=\"color: #ffffff;\">Te mando la ubi y t\u00fa le llegas a el motel<\/span><\/p><p style=\"text-align: center;\"><span style=\"color: #ffffff;\">Dale que a ti te queda bien ese de Chanel<\/span><\/p><p style=\"text-align: center;\"><span style=\"color: #ffffff;\">Pa besar tu piel<\/span><\/p><p style=\"text-align: center;\"><span style=\"color: #ffffff;\">Y hacerte lo que no te hace \u00e9l<\/span><\/p><p style=\"text-align: center;\">\u00a0<\/p><p style=\"text-align: center;\"><span style=\"color: #ffffff;\">Oye esto es palo tras palo<\/span><\/p><p style=\"text-align: center;\"><span style=\"color: #ffffff;\">Enzo la melod\u00eda secreta<\/span><\/p><p style=\"text-align: center;\"><span style=\"color: #ffffff;\">El Lobo malo<\/span><\/p><p style=\"text-align: center;\"><span style=\"color: #ffffff;\">Sencillo ahora es a coger la cola<\/span><\/p><p style=\"text-align: center;\"><span style=\"color: #ffffff;\">Di Benedetto production<\/span><\/p><p style=\"text-align: center;\"><span style=\"color: #ffffff;\">Forever One Music<\/span><\/p><p style=\"text-align: center;\"><span style=\"color: #ffffff;\">Las compa\u00f1\u00edas hablan por s\u00ed sola<\/span><\/p><p style=\"text-align: center;\"><span style=\"color: #ffffff;\">Indica Dachay<\/span><\/p><p style=\"text-align: center;\">\u00a0<\/p><p style=\"text-align: center;\"><span style=\"color: #ffffff;\">Y tu novio llamando<\/span><\/p><p style=\"text-align: center;\"><span style=\"color: #ffffff;\">Mientras lo estamos haciendo<\/span><\/p><p style=\"text-align: center;\"><span style=\"color: #ffffff;\">El no se imagina<\/span><\/p><p style=\"text-align: center;\"><span style=\"color: #ffffff;\">Que yo te estoy comiendo<\/span><\/p><p style=\"text-align: center;\"><span style=\"color: #ffffff;\">Indica Dachay<\/span><\/p><\/div>\t\t\t\t\t<\/div>\n\t\t\t\t\t\t<\/div>\n\t\t\t\t<\/div>\n\t\t\t\t\t\t<\/div>\n\t\t\t\t\t<\/div>\n\t\t<\/div>\n\t\t\t\t\t\t\t\t<\/div>\n\t\t\t\t\t<\/div>\n\t\t<\/section>\n\t\t\t\t\t\t<\/div>\n\t\t\t\t\t\t<\/div>\n\t\t\t\t\t<\/div>\n\t\t","protected":false},"excerpt":{"rendered":"<p>SPOTIFY APPLE MUSIC DEEZER AMAZON MUSIC D\u00e9jalos que piensen que no te veo D\u00e9jalos que piensen que se muri\u00f3 el deseo Ellos no saben na Las cosas escondidas duran m\u00e1s Siempre nos vemos despu\u00e9s de la facultad Y lo hacemos en el carro en el asiento de atr\u00e1s \u00a0 Y tu novio llamando Mientras lo.<\/p>\n","protected":false},"author":1,"featured_media":0,"parent":0,"menu_order":0,"comment_status":"closed","ping_status":"closed","template":"","meta":{"footnotes":""},"categories":[42],"tags":[],"class_list":["post-4075","page","type-page","status-publish","hentry","category-testi"],"yoast_head":"<!-- This site is optimized with the Yoast SEO plugin v19.6.1 - https:\/\/yoast.com\/wordpress\/plugins\/seo\/ -->\n<title>Tu Novio - Di Benedetto Productions<\/title>\n<meta name=\"robots\" content=\"index, follow, max-snippet:-1, max-image-preview:large, max-video-preview:-1\" \/>\n<link rel=\"canonical\" href=\"https:\/\/dibenedettoproductions.com\/?page_id=4075\" \/>\n<meta property=\"og:locale\" content=\"it_IT\" \/>\n<meta property=\"og:type\" content=\"article\" \/>\n<meta property=\"og:title\" content=\"Tu Novio - Di Benedetto Productions\" \/>\n<meta property=\"og:description\" content=\"SPOTIFY APPLE MUSIC DEEZER AMAZON MUSIC D\u00e9jalos que piensen que no te veo D\u00e9jalos que piensen que se muri\u00f3 el deseo Ellos no saben na Las cosas escondidas duran m\u00e1s Siempre nos vemos despu\u00e9s de la facultad Y lo hacemos en el carro en el asiento de atr\u00e1s \u00a0 Y tu novio llamando Mientras lo.\" \/>\n<meta property=\"og:url\" content=\"https:\/\/dibenedettoproductions.com\/?page_id=4075\" \/>\n<meta property=\"og:site_name\" content=\"Di Benedetto Productions\" \/>\n<meta property=\"article:modified_time\" content=\"2021-08-06T07:21:28+00:00\" \/>\n<meta name=\"twitter:card\" content=\"summary_large_image\" \/>\n<meta name=\"twitter:label1\" content=\"Tempo di lettura stimato\" \/>\n\t<meta name=\"twitter:data1\" content=\"2 minuti\" \/>\n<script type=\"application\/ld+json\" class=\"yoast-schema-graph\">{\"@context\":\"https:\/\/schema.org\",\"@graph\":[{\"@type\":\"WebPage\",\"@id\":\"https:\/\/dibenedettoproductions.com\/?page_id=4075\",\"url\":\"https:\/\/dibenedettoproductions.com\/?page_id=4075\",\"name\":\"Tu Novio - Di Benedetto Productions\",\"isPartOf\":{\"@id\":\"https:\/\/dibenedettoproductions.com\/#website\"},\"datePublished\":\"2021-02-24T16:49:22+00:00\",\"dateModified\":\"2021-08-06T07:21:28+00:00\",\"breadcrumb\":{\"@id\":\"https:\/\/dibenedettoproductions.com\/?page_id=4075#breadcrumb\"},\"inLanguage\":\"it-IT\",\"potentialAction\":[{\"@type\":\"ReadAction\",\"target\":[\"https:\/\/dibenedettoproductions.com\/?page_id=4075\"]}]},{\"@type\":\"BreadcrumbList\",\"@id\":\"https:\/\/dibenedettoproductions.com\/?page_id=4075#breadcrumb\",\"itemListElement\":[{\"@type\":\"ListItem\",\"position\":1,\"name\":\"Home\",\"item\":\"https:\/\/dibenedettoproductions.com\/\"},{\"@type\":\"ListItem\",\"position\":2,\"name\":\"Tu Novio\"}]},{\"@type\":\"WebSite\",\"@id\":\"https:\/\/dibenedettoproductions.com\/#website\",\"url\":\"https:\/\/dibenedettoproductions.com\/\",\"name\":\"Di Benedetto Productions\",\"description\":\"\",\"publisher\":{\"@id\":\"https:\/\/dibenedettoproductions.com\/#organization\"},\"potentialAction\":[{\"@type\":\"SearchAction\",\"target\":{\"@type\":\"EntryPoint\",\"urlTemplate\":\"https:\/\/dibenedettoproductions.com\/?s={search_term_string}\"},\"query-input\":\"required name=search_term_string\"}],\"inLanguage\":\"it-IT\"},{\"@type\":\"Organization\",\"@id\":\"https:\/\/dibenedettoproductions.com\/#organization\",\"name\":\"DI BENEDETTO PRODUCTIONS\",\"url\":\"https:\/\/dibenedettoproductions.com\/\",\"sameAs\":[],\"logo\":{\"@type\":\"ImageObject\",\"inLanguage\":\"it-IT\",\"@id\":\"https:\/\/dibenedettoproductions.com\/#\/schema\/logo\/image\/\",\"url\":\"https:\/\/dibenedettoproductions.com\/wp-content\/uploads\/2021\/09\/logo_di_benedetto_productions.jpg\",\"contentUrl\":\"https:\/\/dibenedettoproductions.com\/wp-content\/uploads\/2021\/09\/logo_di_benedetto_productions.jpg\",\"width\":225,\"height\":225,\"caption\":\"DI BENEDETTO PRODUCTIONS\"},\"image\":{\"@id\":\"https:\/\/dibenedettoproductions.com\/#\/schema\/logo\/image\/\"}}]}<\/script>\n<!-- \/ Yoast SEO plugin. -->","yoast_head_json":{"title":"Tu Novio - Di Benedetto Productions","robots":{"index":"index","follow":"follow","max-snippet":"max-snippet:-1","max-image-preview":"max-image-preview:large","max-video-preview":"max-video-preview:-1"},"canonical":"https:\/\/dibenedettoproductions.com\/?page_id=4075","og_locale":"it_IT","og_type":"article","og_title":"Tu Novio - Di Benedetto Productions","og_description":"SPOTIFY APPLE MUSIC DEEZER AMAZON MUSIC D\u00e9jalos que piensen que no te veo D\u00e9jalos que piensen que se muri\u00f3 el deseo Ellos no saben na Las cosas escondidas duran m\u00e1s Siempre nos vemos despu\u00e9s de la facultad Y lo hacemos en el carro en el asiento de atr\u00e1s \u00a0 Y tu novio llamando Mientras lo.","og_url":"https:\/\/dibenedettoproductions.com\/?page_id=4075","og_site_name":"Di Benedetto Productions","article_modified_time":"2021-08-06T07:21:28+00:00","twitter_card":"summary_large_image","twitter_misc":{"Tempo di lettura stimato":"2 minuti"},"schema":{"@context":"https:\/\/schema.org","@graph":[{"@type":"WebPage","@id":"https:\/\/dibenedettoproductions.com\/?page_id=4075","url":"https:\/\/dibenedettoproductions.com\/?page_id=4075","name":"Tu Novio - Di Benedetto Productions","isPartOf":{"@id":"https:\/\/dibenedettoproductions.com\/#website"},"datePublished":"2021-02-24T16:49:22+00:00","dateModified":"2021-08-06T07:21:28+00:00","breadcrumb":{"@id":"https:\/\/dibenedettoproductions.com\/?page_id=4075#breadcrumb"},"inLanguage":"it-IT","potentialAction":[{"@type":"ReadAction","target":["https:\/\/dibenedettoproductions.com\/?page_id=4075"]}]},{"@type":"BreadcrumbList","@id":"https:\/\/dibenedettoproductions.com\/?page_id=4075#breadcrumb","itemListElement":[{"@type":"ListItem","position":1,"name":"Home","item":"https:\/\/dibenedettoproductions.com\/"},{"@type":"ListItem","position":2,"name":"Tu Novio"}]},{"@type":"WebSite","@id":"https:\/\/dibenedettoproductions.com\/#website","url":"https:\/\/dibenedettoproductions.com\/","name":"Di Benedetto Productions","description":"","publisher":{"@id":"https:\/\/dibenedettoproductions.com\/#organization"},"potentialAction":[{"@type":"SearchAction","target":{"@type":"EntryPoint","urlTemplate":"https:\/\/dibenedettoproductions.com\/?s={search_term_string}"},"query-input":"required name=search_term_string"}],"inLanguage":"it-IT"},{"@type":"Organization","@id":"https:\/\/dibenedettoproductions.com\/#organization","name":"DI BENEDETTO PRODUCTIONS","url":"https:\/\/dibenedettoproductions.com\/","sameAs":[],"logo":{"@type":"ImageObject","inLanguage":"it-IT","@id":"https:\/\/dibenedettoproductions.com\/#\/schema\/logo\/image\/","url":"https:\/\/dibenedettoproductions.com\/wp-content\/uploads\/2021\/09\/logo_di_benedetto_productions.jpg","contentUrl":"https:\/\/dibenedettoproductions.com\/wp-content\/uploads\/2021\/09\/logo_di_benedetto_productions.jpg","width":225,"height":225,"caption":"DI BENEDETTO PRODUCTIONS"},"image":{"@id":"https:\/\/dibenedettoproductions.com\/#\/schema\/logo\/image\/"}}]}},"_links":{"self":[{"href":"https:\/\/dibenedettoproductions.com\/index.php?rest_route=\/wp\/v2\/pages\/4075","targetHints":{"allow":["GET"]}}],"collection":[{"href":"https:\/\/dibenedettoproductions.com\/index.php?rest_route=\/wp\/v2\/pages"}],"about":[{"href":"https:\/\/dibenedettoproductions.com\/index.php?rest_route=\/wp\/v2\/types\/page"}],"author":[{"embeddable":true,"href":"https:\/\/dibenedettoproductions.com\/index.php?rest_route=\/wp\/v2\/users\/1"}],"replies":[{"embeddable":true,"href":"https:\/\/dibenedettoproductions.com\/index.php?rest_route=%2Fwp%2Fv2%2Fcomments&post=4075"}],"version-history":[{"count":7,"href":"https:\/\/dibenedettoproductions.com\/index.php?rest_route=\/wp\/v2\/pages\/4075\/revisions"}],"predecessor-version":[{"id":5995,"href":"https:\/\/dibenedettoproductions.com\/index.php?rest_route=\/wp\/v2\/pages\/4075\/revisions\/5995"}],"wp:attachment":[{"href":"https:\/\/dibenedettoproductions.com\/index.php?rest_route=%2Fwp%2Fv2%2Fmedia&parent=4075"}],"wp:term":[{"taxonomy":"category","embeddable":true,"href":"https:\/\/dibenedettoproductions.com\/index.php?rest_route=%2Fwp%2Fv2%2Fcategories&post=4075"},{"taxonomy":"post_tag","embeddable":true,"href":"https:\/\/dibenedettoproductions.com\/index.php?rest_route=%2Fwp%2Fv2%2Ftags&post=4075"}],"curies":[{"name":"wp","href":"https:\/\/api.w.org\/{rel}","templated":true}]}}