{"id":4067,"date":"2021-02-24T16:46:30","date_gmt":"2021-02-24T16:46:30","guid":{"rendered":"https:\/\/dibenedettoproductions.com\/?page_id=4067"},"modified":"2021-08-06T07:08:05","modified_gmt":"2021-08-06T07:08:05","slug":"tengo-ache","status":"publish","type":"page","link":"https:\/\/dibenedettoproductions.com\/?page_id=4067","title":{"rendered":"Tengo Ach\u00e9"},"content":{"rendered":"\t\t<div data-elementor-type=\"wp-page\" data-elementor-id=\"4067\" class=\"elementor elementor-4067\" data-elementor-settings=\"[]\">\n\t\t\t\t\t\t<div class=\"elementor-inner\">\n\t\t\t\t\t\t\t<div class=\"elementor-section-wrap\">\n\t\t\t\t\t\t\t<section class=\"elementor-section elementor-top-section elementor-element elementor-element-da94b38 elementor-section-stretched elementor-section-boxed elementor-section-height-default elementor-section-height-default\" data-id=\"da94b38\" data-element_type=\"section\" data-settings=\"{&quot;stretch_section&quot;:&quot;section-stretched&quot;,&quot;background_background&quot;:&quot;classic&quot;}\">\n\t\t\t\t\t\t<div class=\"elementor-container elementor-column-gap-default\">\n\t\t\t\t\t\t\t<div class=\"elementor-row\">\n\t\t\t\t\t<div class=\"elementor-column elementor-col-25 elementor-top-column elementor-element elementor-element-a9ff796\" data-id=\"a9ff796\" data-element_type=\"column\">\n\t\t\t<div class=\"elementor-column-wrap elementor-element-populated\">\n\t\t\t\t\t\t\t<div class=\"elementor-widget-wrap\">\n\t\t\t\t\t\t<div class=\"elementor-element elementor-element-f59e890 elementor-align-center elementor-widget elementor-widget-button\" data-id=\"f59e890\" data-element_type=\"widget\" data-widget_type=\"button.default\">\n\t\t\t\t<div class=\"elementor-widget-container\">\n\t\t\t\t\t<div class=\"elementor-button-wrapper\">\n\t\t\t<a href=\"https:\/\/open.spotify.com\/track\/0tS2lnyqPzhshqbal6euwV?si=61kWgUoVQ6eIHL0KHlxVog\" class=\"elementor-button-link elementor-button elementor-size-sm\" role=\"button\">\n\t\t\t\t\t\t<span class=\"elementor-button-content-wrapper\">\n\t\t\t\t\t\t<span class=\"elementor-button-text\">SPOTIFY<\/span>\n\t\t<\/span>\n\t\t\t\t\t<\/a>\n\t\t<\/div>\n\t\t\t\t<\/div>\n\t\t\t\t<\/div>\n\t\t\t\t\t\t<\/div>\n\t\t\t\t\t<\/div>\n\t\t<\/div>\n\t\t\t\t<div class=\"elementor-column elementor-col-25 elementor-top-column elementor-element elementor-element-7443a25\" data-id=\"7443a25\" data-element_type=\"column\">\n\t\t\t<div class=\"elementor-column-wrap elementor-element-populated\">\n\t\t\t\t\t\t\t<div class=\"elementor-widget-wrap\">\n\t\t\t\t\t\t<div class=\"elementor-element elementor-element-95b0b22 elementor-align-center elementor-widget elementor-widget-button\" data-id=\"95b0b22\" data-element_type=\"widget\" data-widget_type=\"button.default\">\n\t\t\t\t<div class=\"elementor-widget-container\">\n\t\t\t\t\t<div class=\"elementor-button-wrapper\">\n\t\t\t<a href=\"https:\/\/music.apple.com\/us\/album\/tengo-ach%C3%A9\/1444328250?i=1444328251%20\" class=\"elementor-button-link elementor-button elementor-size-sm\" role=\"button\">\n\t\t\t\t\t\t<span class=\"elementor-button-content-wrapper\">\n\t\t\t\t\t\t<span class=\"elementor-button-text\">APPLE MUSIC<\/span>\n\t\t<\/span>\n\t\t\t\t\t<\/a>\n\t\t<\/div>\n\t\t\t\t<\/div>\n\t\t\t\t<\/div>\n\t\t\t\t\t\t<\/div>\n\t\t\t\t\t<\/div>\n\t\t<\/div>\n\t\t\t\t<div class=\"elementor-column elementor-col-25 elementor-top-column elementor-element elementor-element-c5bcba4\" data-id=\"c5bcba4\" data-element_type=\"column\">\n\t\t\t<div class=\"elementor-column-wrap elementor-element-populated\">\n\t\t\t\t\t\t\t<div class=\"elementor-widget-wrap\">\n\t\t\t\t\t\t<div class=\"elementor-element elementor-element-8d7e21b elementor-align-center elementor-widget elementor-widget-button\" data-id=\"8d7e21b\" data-element_type=\"widget\" data-widget_type=\"button.default\">\n\t\t\t\t<div class=\"elementor-widget-container\">\n\t\t\t\t\t<div class=\"elementor-button-wrapper\">\n\t\t\t<a href=\"https:\/\/deezer.page.link\/Lk42DQwSKGzJ8HQV8\" class=\"elementor-button-link elementor-button elementor-size-sm\" role=\"button\">\n\t\t\t\t\t\t<span class=\"elementor-button-content-wrapper\">\n\t\t\t\t\t\t<span class=\"elementor-button-text\">DEEZER<\/span>\n\t\t<\/span>\n\t\t\t\t\t<\/a>\n\t\t<\/div>\n\t\t\t\t<\/div>\n\t\t\t\t<\/div>\n\t\t\t\t\t\t<\/div>\n\t\t\t\t\t<\/div>\n\t\t<\/div>\n\t\t\t\t<div class=\"elementor-column elementor-col-25 elementor-top-column elementor-element elementor-element-04ac0c9\" data-id=\"04ac0c9\" data-element_type=\"column\">\n\t\t\t<div class=\"elementor-column-wrap elementor-element-populated\">\n\t\t\t\t\t\t\t<div class=\"elementor-widget-wrap\">\n\t\t\t\t\t\t<div class=\"elementor-element elementor-element-8320681 elementor-align-center elementor-widget elementor-widget-button\" data-id=\"8320681\" data-element_type=\"widget\" data-widget_type=\"button.default\">\n\t\t\t\t<div class=\"elementor-widget-container\">\n\t\t\t\t\t<div class=\"elementor-button-wrapper\">\n\t\t\t<a href=\"https:\/\/music.amazon.com\/albums\/B07T8B76KM?trackAsin=B07TDMG7TC&#038;ref=dm_sh_b57d-a729-dmcp-c56f-8f083&#038;musicTerritory=US&#038;marketplaceId=ATVPDKIKX0DER\" class=\"elementor-button-link elementor-button elementor-size-sm\" role=\"button\">\n\t\t\t\t\t\t<span class=\"elementor-button-content-wrapper\">\n\t\t\t\t\t\t<span class=\"elementor-button-text\">AMAZON MUSIC<\/span>\n\t\t<\/span>\n\t\t\t\t\t<\/a>\n\t\t<\/div>\n\t\t\t\t<\/div>\n\t\t\t\t<\/div>\n\t\t\t\t\t\t<\/div>\n\t\t\t\t\t<\/div>\n\t\t<\/div>\n\t\t\t\t\t\t\t\t<\/div>\n\t\t\t\t\t<\/div>\n\t\t<\/section>\n\t\t\t\t<section class=\"elementor-section elementor-top-section elementor-element elementor-element-e53677a elementor-section-stretched elementor-section-boxed elementor-section-height-default elementor-section-height-default\" data-id=\"e53677a\" data-element_type=\"section\" data-settings=\"{&quot;stretch_section&quot;:&quot;section-stretched&quot;,&quot;background_background&quot;:&quot;classic&quot;}\">\n\t\t\t\t\t\t<div class=\"elementor-container elementor-column-gap-default\">\n\t\t\t\t\t\t\t<div class=\"elementor-row\">\n\t\t\t\t\t<div class=\"elementor-column elementor-col-100 elementor-top-column elementor-element elementor-element-86bd31a\" data-id=\"86bd31a\" data-element_type=\"column\">\n\t\t\t<div class=\"elementor-column-wrap elementor-element-populated\">\n\t\t\t\t\t\t\t<div class=\"elementor-widget-wrap\">\n\t\t\t\t\t\t<div class=\"elementor-element elementor-element-393c00b elementor-widget elementor-widget-text-editor\" data-id=\"393c00b\" data-element_type=\"widget\" data-widget_type=\"text-editor.default\">\n\t\t\t\t<div class=\"elementor-widget-container\">\n\t\t\t\t\t\t\t\t<div class=\"elementor-text-editor elementor-clearfix\">\n\t\t\t\t<div><p style=\"text-align: center;\"><span style=\"color: #ffffff;\">La compa\u00f1\u00eda mas cabrona<\/span><\/p><p style=\"text-align: center;\"><span style=\"color: #ffffff;\">Di Benedetto que cosa e<\/span><\/p><p style=\"text-align: center;\"><span style=\"color: #ffffff;\">Qu\u00e9 cosa e ja<\/span><\/p><p style=\"text-align: center;\"><span style=\"color: #ffffff;\">Y habla que a m\u00ed que me gusta<\/span><\/p><p style=\"text-align: center;\"><span style=\"color: #ffffff;\">Yo s\u00e9 lo que yo doy a mi nada me asusta<\/span><\/p><p style=\"text-align: center;\"><span style=\"color: #ffffff;\">Nadie habla de lo que no preocupa<\/span><\/p><p style=\"text-align: center;\"><span style=\"color: #ffffff;\">D\u00e9jame tranquilo y sigue por tu ruta<\/span><\/p><p style=\"text-align: center;\"><span style=\"color: #ffffff;\">Y lo que te duele e<\/span><\/p><p style=\"text-align: center;\"><span style=\"color: #ffffff;\">Que yo tengo ach\u00e9<\/span><\/p><p style=\"text-align: center;\"><span style=\"color: #ffffff;\">T\u00fa est\u00e1 osorbo yo ir\u00e9<\/span><\/p><p style=\"text-align: center;\"><span style=\"color: #ffffff;\">Y yo pegao que cosa e<\/span><\/p><p style=\"text-align: center;\"><span style=\"color: #ffffff;\">Y lo que te duele e<\/span><\/p><p style=\"text-align: center;\"><span style=\"color: #ffffff;\">Que yo tengo ach\u00e9<\/span><\/p><p style=\"text-align: center;\"><span style=\"color: #ffffff;\">T\u00fa est\u00e1 osorbo yo ir\u00e9<\/span><\/p><p style=\"text-align: center;\"><span style=\"color: #ffffff;\">Y yo pegao que cosa e<\/span><\/p><p style=\"text-align: center;\"><span style=\"color: #ffffff;\">Yo pegao que cosa e<\/span><\/p><p style=\"text-align: center;\"><span style=\"color: #ffffff;\">Primera mamacita por tu life<\/span><\/p><p style=\"text-align: center;\"><span style=\"color: #ffffff;\">La segunda t\u00fa no chirrea<\/span><\/p><p style=\"text-align: center;\"><span style=\"color: #ffffff;\">Vamo a darle agua al domin\u00f3<\/span><\/p><p style=\"text-align: center;\"><span style=\"color: #ffffff;\">Que me gusta como mueve la batea<\/span><\/p><p style=\"text-align: center;\"><span style=\"color: #ffffff;\">Forever con esta gente que se la pasan hablando mal de m\u00ed<\/span><\/p><p style=\"text-align: center;\"><span style=\"color: #ffffff;\">Mal de m\u00ed y tengo que decirte as\u00ed<\/span><\/p><p style=\"text-align: center;\"><span style=\"color: #ffffff;\">Lo que te duele e<\/span><\/p><p style=\"text-align: center;\"><span style=\"color: #ffffff;\">Que yo tengo ach\u00e9<\/span><\/p><p style=\"text-align: center;\"><span style=\"color: #ffffff;\">T\u00fa est\u00e1 osorbo yo ir\u00e9<\/span><\/p><p style=\"text-align: center;\"><span style=\"color: #ffffff;\">Y yo pegao que cosa e<\/span><\/p><p style=\"text-align: center;\"><span style=\"color: #ffffff;\">Y lo que te duele e<\/span><\/p><p style=\"text-align: center;\"><span style=\"color: #ffffff;\">Que yo tengo ach\u00e9<\/span><\/p><p style=\"text-align: center;\"><span style=\"color: #ffffff;\">T\u00fa est\u00e1 osorbo yo ir\u00e9<\/span><\/p><p style=\"text-align: center;\"><span style=\"color: #ffffff;\">Y yo pegao que cosa e<\/span><\/p><p style=\"text-align: center;\"><span style=\"color: #ffffff;\">Yo pegao que cosa e<\/span><\/p><p style=\"text-align: center;\"><span style=\"color: #ffffff;\">Lo que te molesta es que caliento<\/span><\/p><p style=\"text-align: center;\"><span style=\"color: #ffffff;\">Donde quiera que yo me presento<\/span><\/p><p style=\"text-align: center;\"><span style=\"color: #ffffff;\">Lo que te molesta es que a tu jeva<\/span><\/p><p style=\"text-align: center;\"><span style=\"color: #ffffff;\">La mat\u00e9 a cintura y talento<\/span><\/p><p style=\"text-align: center;\"><span style=\"color: #ffffff;\">Y que ahora soy yo<\/span><\/p><p style=\"text-align: center;\"><span style=\"color: #ffffff;\">Ya no eres t\u00fa<\/span><\/p><p style=\"text-align: center;\"><span style=\"color: #ffffff;\">Ve bajando con beba<\/span><\/p><p style=\"text-align: center;\"><span style=\"color: #ffffff;\">Ve cambiando la actitud<\/span><\/p><p style=\"text-align: center;\"><span style=\"color: #ffffff;\">Ahora soy yo<\/span><\/p><p style=\"text-align: center;\"><span style=\"color: #ffffff;\">Ya no eres t\u00fa<\/span><\/p><p style=\"text-align: center;\"><span style=\"color: #ffffff;\">Ve bajando con beba<\/span><\/p><p style=\"text-align: center;\"><span style=\"color: #ffffff;\">Ve cambiando la actitud<\/span><\/p><p style=\"text-align: center;\"><span style=\"color: #ffffff;\">T\u00fa no eres bueno na<\/span><\/p><p style=\"text-align: center;\"><span style=\"color: #ffffff;\">T\u00fa lo que eres un mal chamaco<\/span><\/p><p style=\"text-align: center;\"><span style=\"color: #ffffff;\">El rey de los infladores<\/span><\/p><p style=\"text-align: center;\"><span style=\"color: #ffffff;\">El rey de los pelagatos<\/span><\/p><p style=\"text-align: center;\"><span style=\"color: #ffffff;\">tata ta ta ta y pa la lona<\/span><\/p><p style=\"text-align: center;\"><span style=\"color: #ffffff;\">esto es calle y pa la lona<\/span><\/p><p style=\"text-align: center;\"><span style=\"color: #ffffff;\">este tema lo hice para que lo bailes como gente de zona<\/span><\/p><p style=\"text-align: center;\"><span style=\"color: #ffffff;\">Y lo que te duele e<\/span><\/p><p style=\"text-align: center;\"><span style=\"color: #ffffff;\">Que yo tengo ach\u00e9<\/span><\/p><p style=\"text-align: center;\"><span style=\"color: #ffffff;\">T\u00fa est\u00e1 osorbo yo ir\u00e9<\/span><\/p><p style=\"text-align: center;\"><span style=\"color: #ffffff;\">Y yo pegao que cosa e<\/span><\/p><p style=\"text-align: center;\"><span style=\"color: #ffffff;\">Y lo que te duele e<\/span><\/p><p style=\"text-align: center;\"><span style=\"color: #ffffff;\">Que yo tengo ach\u00e9<\/span><\/p><p style=\"text-align: center;\"><span style=\"color: #ffffff;\">T\u00fa est\u00e1 osorbo yo ir\u00e9<\/span><\/p><p style=\"text-align: center;\"><span style=\"color: #ffffff;\">Y yo pegao que cosa e<\/span><\/p><p style=\"text-align: center;\"><span style=\"color: #ffffff;\">yo pegao que cosa e<\/span><\/p><p style=\"text-align: center;\"><span style=\"color: #ffffff;\">oye mamacita por tu life<\/span><\/p><p style=\"text-align: center;\"><span style=\"color: #ffffff;\">oye que por tu life mami<\/span><\/p><p style=\"text-align: center;\"><span style=\"color: #ffffff;\">oye que dale pal piso y ri\u00e9gate como un juego de yaky<\/span><\/p><p style=\"text-align: center;\"><span style=\"color: #ffffff;\">Y lo que te duele e<\/span><\/p><p style=\"text-align: center;\"><span style=\"color: #ffffff;\">Que yo tengo ach\u00e9<\/span><\/p><p style=\"text-align: center;\"><span style=\"color: #ffffff;\">T\u00fa est\u00e1 osorbo yo ir\u00e9<\/span><\/p><p style=\"text-align: center;\"><span style=\"color: #ffffff;\">Y yo pegao que cosa e<\/span><\/p><p style=\"text-align: center;\"><span style=\"color: #ffffff;\">Y lo que te duele e<\/span><\/p><p style=\"text-align: center;\"><span style=\"color: #ffffff;\">Que yo tengo ach\u00e9<\/span><\/p><p style=\"text-align: center;\"><span style=\"color: #ffffff;\">T\u00fa est\u00e1 osorbo yo ir\u00e9<\/span><\/p><p style=\"text-align: center;\"><span style=\"color: #ffffff;\">Y yo pegao que cosa e<\/span><\/p><p style=\"text-align: center;\"><span style=\"color: #ffffff;\">yo pegao que cosa e<\/span><\/p><p style=\"text-align: center;\"><span style=\"color: #ffffff;\">Vittorio es un hijo de elegua<\/span><\/p><p style=\"text-align: center;\"><span style=\"color: #ffffff;\">Enzo un hijo de shango<\/span><\/p><p style=\"text-align: center;\"><span style=\"color: #ffffff;\">Di Benedetto Production<\/span><\/p><p style=\"text-align: center;\"><span style=\"color: #ffffff;\">que te hace po po po po po po po po<\/span><\/p><\/div>\t\t\t\t\t<\/div>\n\t\t\t\t\t\t<\/div>\n\t\t\t\t<\/div>\n\t\t\t\t\t\t<\/div>\n\t\t\t\t\t<\/div>\n\t\t<\/div>\n\t\t\t\t\t\t\t\t<\/div>\n\t\t\t\t\t<\/div>\n\t\t<\/section>\n\t\t\t\t\t\t<\/div>\n\t\t\t\t\t\t<\/div>\n\t\t\t\t\t<\/div>\n\t\t","protected":false},"excerpt":{"rendered":"<p>SPOTIFY APPLE MUSIC DEEZER AMAZON MUSIC La compa\u00f1\u00eda mas cabrona Di Benedetto que cosa e Qu\u00e9 cosa e ja Y habla que a m\u00ed que me gusta Yo s\u00e9 lo que yo doy a mi nada me asusta Nadie habla de lo que no preocupa D\u00e9jame tranquilo y sigue por tu ruta Y lo que.<\/p>\n","protected":false},"author":1,"featured_media":0,"parent":0,"menu_order":0,"comment_status":"closed","ping_status":"closed","template":"","meta":{"footnotes":""},"categories":[42],"tags":[],"class_list":["post-4067","page","type-page","status-publish","hentry","category-testi"],"yoast_head":"<!-- This site is optimized with the Yoast SEO plugin v19.6.1 - https:\/\/yoast.com\/wordpress\/plugins\/seo\/ -->\n<title>Tengo Ach\u00e9 - Di Benedetto Productions<\/title>\n<meta name=\"robots\" content=\"index, follow, max-snippet:-1, max-image-preview:large, max-video-preview:-1\" \/>\n<link rel=\"canonical\" href=\"https:\/\/dibenedettoproductions.com\/?page_id=4067\" \/>\n<meta property=\"og:locale\" content=\"it_IT\" \/>\n<meta property=\"og:type\" content=\"article\" \/>\n<meta property=\"og:title\" content=\"Tengo Ach\u00e9 - Di Benedetto Productions\" \/>\n<meta property=\"og:description\" content=\"SPOTIFY APPLE MUSIC DEEZER AMAZON MUSIC La compa\u00f1\u00eda mas cabrona Di Benedetto que cosa e Qu\u00e9 cosa e ja Y habla que a m\u00ed que me gusta Yo s\u00e9 lo que yo doy a mi nada me asusta Nadie habla de lo que no preocupa D\u00e9jame tranquilo y sigue por tu ruta Y lo que.\" \/>\n<meta property=\"og:url\" content=\"https:\/\/dibenedettoproductions.com\/?page_id=4067\" \/>\n<meta property=\"og:site_name\" content=\"Di Benedetto Productions\" \/>\n<meta property=\"article:modified_time\" content=\"2021-08-06T07:08:05+00:00\" \/>\n<meta name=\"twitter:card\" content=\"summary_large_image\" \/>\n<meta name=\"twitter:label1\" content=\"Tempo di lettura stimato\" \/>\n\t<meta name=\"twitter:data1\" content=\"2 minuti\" \/>\n<script type=\"application\/ld+json\" class=\"yoast-schema-graph\">{\"@context\":\"https:\/\/schema.org\",\"@graph\":[{\"@type\":\"WebPage\",\"@id\":\"https:\/\/dibenedettoproductions.com\/?page_id=4067\",\"url\":\"https:\/\/dibenedettoproductions.com\/?page_id=4067\",\"name\":\"Tengo Ach\u00e9 - Di Benedetto Productions\",\"isPartOf\":{\"@id\":\"https:\/\/dibenedettoproductions.com\/#website\"},\"datePublished\":\"2021-02-24T16:46:30+00:00\",\"dateModified\":\"2021-08-06T07:08:05+00:00\",\"breadcrumb\":{\"@id\":\"https:\/\/dibenedettoproductions.com\/?page_id=4067#breadcrumb\"},\"inLanguage\":\"it-IT\",\"potentialAction\":[{\"@type\":\"ReadAction\",\"target\":[\"https:\/\/dibenedettoproductions.com\/?page_id=4067\"]}]},{\"@type\":\"BreadcrumbList\",\"@id\":\"https:\/\/dibenedettoproductions.com\/?page_id=4067#breadcrumb\",\"itemListElement\":[{\"@type\":\"ListItem\",\"position\":1,\"name\":\"Home\",\"item\":\"https:\/\/dibenedettoproductions.com\/\"},{\"@type\":\"ListItem\",\"position\":2,\"name\":\"Tengo Ach\u00e9\"}]},{\"@type\":\"WebSite\",\"@id\":\"https:\/\/dibenedettoproductions.com\/#website\",\"url\":\"https:\/\/dibenedettoproductions.com\/\",\"name\":\"Di Benedetto Productions\",\"description\":\"\",\"publisher\":{\"@id\":\"https:\/\/dibenedettoproductions.com\/#organization\"},\"potentialAction\":[{\"@type\":\"SearchAction\",\"target\":{\"@type\":\"EntryPoint\",\"urlTemplate\":\"https:\/\/dibenedettoproductions.com\/?s={search_term_string}\"},\"query-input\":\"required name=search_term_string\"}],\"inLanguage\":\"it-IT\"},{\"@type\":\"Organization\",\"@id\":\"https:\/\/dibenedettoproductions.com\/#organization\",\"name\":\"DI BENEDETTO PRODUCTIONS\",\"url\":\"https:\/\/dibenedettoproductions.com\/\",\"sameAs\":[],\"logo\":{\"@type\":\"ImageObject\",\"inLanguage\":\"it-IT\",\"@id\":\"https:\/\/dibenedettoproductions.com\/#\/schema\/logo\/image\/\",\"url\":\"https:\/\/dibenedettoproductions.com\/wp-content\/uploads\/2021\/09\/logo_di_benedetto_productions.jpg\",\"contentUrl\":\"https:\/\/dibenedettoproductions.com\/wp-content\/uploads\/2021\/09\/logo_di_benedetto_productions.jpg\",\"width\":225,\"height\":225,\"caption\":\"DI BENEDETTO PRODUCTIONS\"},\"image\":{\"@id\":\"https:\/\/dibenedettoproductions.com\/#\/schema\/logo\/image\/\"}}]}<\/script>\n<!-- \/ Yoast SEO plugin. -->","yoast_head_json":{"title":"Tengo Ach\u00e9 - Di Benedetto Productions","robots":{"index":"index","follow":"follow","max-snippet":"max-snippet:-1","max-image-preview":"max-image-preview:large","max-video-preview":"max-video-preview:-1"},"canonical":"https:\/\/dibenedettoproductions.com\/?page_id=4067","og_locale":"it_IT","og_type":"article","og_title":"Tengo Ach\u00e9 - Di Benedetto Productions","og_description":"SPOTIFY APPLE MUSIC DEEZER AMAZON MUSIC La compa\u00f1\u00eda mas cabrona Di Benedetto que cosa e Qu\u00e9 cosa e ja Y habla que a m\u00ed que me gusta Yo s\u00e9 lo que yo doy a mi nada me asusta Nadie habla de lo que no preocupa D\u00e9jame tranquilo y sigue por tu ruta Y lo que.","og_url":"https:\/\/dibenedettoproductions.com\/?page_id=4067","og_site_name":"Di Benedetto Productions","article_modified_time":"2021-08-06T07:08:05+00:00","twitter_card":"summary_large_image","twitter_misc":{"Tempo di lettura stimato":"2 minuti"},"schema":{"@context":"https:\/\/schema.org","@graph":[{"@type":"WebPage","@id":"https:\/\/dibenedettoproductions.com\/?page_id=4067","url":"https:\/\/dibenedettoproductions.com\/?page_id=4067","name":"Tengo Ach\u00e9 - Di Benedetto Productions","isPartOf":{"@id":"https:\/\/dibenedettoproductions.com\/#website"},"datePublished":"2021-02-24T16:46:30+00:00","dateModified":"2021-08-06T07:08:05+00:00","breadcrumb":{"@id":"https:\/\/dibenedettoproductions.com\/?page_id=4067#breadcrumb"},"inLanguage":"it-IT","potentialAction":[{"@type":"ReadAction","target":["https:\/\/dibenedettoproductions.com\/?page_id=4067"]}]},{"@type":"BreadcrumbList","@id":"https:\/\/dibenedettoproductions.com\/?page_id=4067#breadcrumb","itemListElement":[{"@type":"ListItem","position":1,"name":"Home","item":"https:\/\/dibenedettoproductions.com\/"},{"@type":"ListItem","position":2,"name":"Tengo Ach\u00e9"}]},{"@type":"WebSite","@id":"https:\/\/dibenedettoproductions.com\/#website","url":"https:\/\/dibenedettoproductions.com\/","name":"Di Benedetto Productions","description":"","publisher":{"@id":"https:\/\/dibenedettoproductions.com\/#organization"},"potentialAction":[{"@type":"SearchAction","target":{"@type":"EntryPoint","urlTemplate":"https:\/\/dibenedettoproductions.com\/?s={search_term_string}"},"query-input":"required name=search_term_string"}],"inLanguage":"it-IT"},{"@type":"Organization","@id":"https:\/\/dibenedettoproductions.com\/#organization","name":"DI BENEDETTO PRODUCTIONS","url":"https:\/\/dibenedettoproductions.com\/","sameAs":[],"logo":{"@type":"ImageObject","inLanguage":"it-IT","@id":"https:\/\/dibenedettoproductions.com\/#\/schema\/logo\/image\/","url":"https:\/\/dibenedettoproductions.com\/wp-content\/uploads\/2021\/09\/logo_di_benedetto_productions.jpg","contentUrl":"https:\/\/dibenedettoproductions.com\/wp-content\/uploads\/2021\/09\/logo_di_benedetto_productions.jpg","width":225,"height":225,"caption":"DI BENEDETTO PRODUCTIONS"},"image":{"@id":"https:\/\/dibenedettoproductions.com\/#\/schema\/logo\/image\/"}}]}},"_links":{"self":[{"href":"https:\/\/dibenedettoproductions.com\/index.php?rest_route=\/wp\/v2\/pages\/4067","targetHints":{"allow":["GET"]}}],"collection":[{"href":"https:\/\/dibenedettoproductions.com\/index.php?rest_route=\/wp\/v2\/pages"}],"about":[{"href":"https:\/\/dibenedettoproductions.com\/index.php?rest_route=\/wp\/v2\/types\/page"}],"author":[{"embeddable":true,"href":"https:\/\/dibenedettoproductions.com\/index.php?rest_route=\/wp\/v2\/users\/1"}],"replies":[{"embeddable":true,"href":"https:\/\/dibenedettoproductions.com\/index.php?rest_route=%2Fwp%2Fv2%2Fcomments&post=4067"}],"version-history":[{"count":7,"href":"https:\/\/dibenedettoproductions.com\/index.php?rest_route=\/wp\/v2\/pages\/4067\/revisions"}],"predecessor-version":[{"id":5938,"href":"https:\/\/dibenedettoproductions.com\/index.php?rest_route=\/wp\/v2\/pages\/4067\/revisions\/5938"}],"wp:attachment":[{"href":"https:\/\/dibenedettoproductions.com\/index.php?rest_route=%2Fwp%2Fv2%2Fmedia&parent=4067"}],"wp:term":[{"taxonomy":"category","embeddable":true,"href":"https:\/\/dibenedettoproductions.com\/index.php?rest_route=%2Fwp%2Fv2%2Fcategories&post=4067"},{"taxonomy":"post_tag","embeddable":true,"href":"https:\/\/dibenedettoproductions.com\/index.php?rest_route=%2Fwp%2Fv2%2Ftags&post=4067"}],"curies":[{"name":"wp","href":"https:\/\/api.w.org\/{rel}","templated":true}]}}