{"id":4051,"date":"2021-02-24T16:35:35","date_gmt":"2021-02-24T16:35:35","guid":{"rendered":"https:\/\/dibenedettoproductions.com\/?page_id=4051"},"modified":"2021-08-06T07:07:43","modified_gmt":"2021-08-06T07:07:43","slug":"sobrenatural","status":"publish","type":"page","link":"https:\/\/dibenedettoproductions.com\/?page_id=4051","title":{"rendered":"Sobrenatural"},"content":{"rendered":"\t\t<div data-elementor-type=\"wp-page\" data-elementor-id=\"4051\" class=\"elementor elementor-4051\" data-elementor-settings=\"[]\">\n\t\t\t\t\t\t<div class=\"elementor-inner\">\n\t\t\t\t\t\t\t<div class=\"elementor-section-wrap\">\n\t\t\t\t\t\t\t<section class=\"elementor-section elementor-top-section elementor-element elementor-element-c3515ac elementor-section-stretched elementor-section-boxed elementor-section-height-default elementor-section-height-default\" data-id=\"c3515ac\" data-element_type=\"section\" data-settings=\"{&quot;stretch_section&quot;:&quot;section-stretched&quot;,&quot;background_background&quot;:&quot;classic&quot;}\">\n\t\t\t\t\t\t<div class=\"elementor-container elementor-column-gap-default\">\n\t\t\t\t\t\t\t<div class=\"elementor-row\">\n\t\t\t\t\t<div class=\"elementor-column elementor-col-25 elementor-top-column elementor-element elementor-element-a9aedb6\" data-id=\"a9aedb6\" data-element_type=\"column\">\n\t\t\t<div class=\"elementor-column-wrap elementor-element-populated\">\n\t\t\t\t\t\t\t<div class=\"elementor-widget-wrap\">\n\t\t\t\t\t\t<div class=\"elementor-element elementor-element-a88c158 elementor-align-center elementor-widget elementor-widget-button\" data-id=\"a88c158\" data-element_type=\"widget\" data-widget_type=\"button.default\">\n\t\t\t\t<div class=\"elementor-widget-container\">\n\t\t\t\t\t<div class=\"elementor-button-wrapper\">\n\t\t\t<a href=\"https:\/\/open.spotify.com\/track\/4HwNHgQGbp6Tx8CezDaBvc?si=fsrxcyYeT-CWLdtBMLWZWg%20\" class=\"elementor-button-link elementor-button elementor-size-sm\" role=\"button\">\n\t\t\t\t\t\t<span class=\"elementor-button-content-wrapper\">\n\t\t\t\t\t\t<span class=\"elementor-button-text\">SPOTIFY<\/span>\n\t\t<\/span>\n\t\t\t\t\t<\/a>\n\t\t<\/div>\n\t\t\t\t<\/div>\n\t\t\t\t<\/div>\n\t\t\t\t\t\t<\/div>\n\t\t\t\t\t<\/div>\n\t\t<\/div>\n\t\t\t\t<div class=\"elementor-column elementor-col-25 elementor-top-column elementor-element elementor-element-b4c0bb6\" data-id=\"b4c0bb6\" data-element_type=\"column\">\n\t\t\t<div class=\"elementor-column-wrap elementor-element-populated\">\n\t\t\t\t\t\t\t<div class=\"elementor-widget-wrap\">\n\t\t\t\t\t\t<div class=\"elementor-element elementor-element-756d1ad elementor-align-center elementor-widget elementor-widget-button\" data-id=\"756d1ad\" data-element_type=\"widget\" data-widget_type=\"button.default\">\n\t\t\t\t<div class=\"elementor-widget-container\">\n\t\t\t\t\t<div class=\"elementor-button-wrapper\">\n\t\t\t<a href=\"https:\/\/music.apple.com\/us\/album\/sobrenatural\/1345440794?i=1345440802%20\" class=\"elementor-button-link elementor-button elementor-size-sm\" role=\"button\">\n\t\t\t\t\t\t<span class=\"elementor-button-content-wrapper\">\n\t\t\t\t\t\t<span class=\"elementor-button-text\">APPLE MUSIC<\/span>\n\t\t<\/span>\n\t\t\t\t\t<\/a>\n\t\t<\/div>\n\t\t\t\t<\/div>\n\t\t\t\t<\/div>\n\t\t\t\t\t\t<\/div>\n\t\t\t\t\t<\/div>\n\t\t<\/div>\n\t\t\t\t<div class=\"elementor-column elementor-col-25 elementor-top-column elementor-element elementor-element-11f7b1a\" data-id=\"11f7b1a\" data-element_type=\"column\">\n\t\t\t<div class=\"elementor-column-wrap elementor-element-populated\">\n\t\t\t\t\t\t\t<div class=\"elementor-widget-wrap\">\n\t\t\t\t\t\t<div class=\"elementor-element elementor-element-e9ea2b1 elementor-align-center elementor-widget elementor-widget-button\" data-id=\"e9ea2b1\" data-element_type=\"widget\" data-widget_type=\"button.default\">\n\t\t\t\t<div class=\"elementor-widget-container\">\n\t\t\t\t\t<div class=\"elementor-button-wrapper\">\n\t\t\t<a href=\"https:\/\/deezer.page.link\/4XAPpHpbaPY7VMQK9%20\" class=\"elementor-button-link elementor-button elementor-size-sm\" role=\"button\">\n\t\t\t\t\t\t<span class=\"elementor-button-content-wrapper\">\n\t\t\t\t\t\t<span class=\"elementor-button-text\">DEEZER<\/span>\n\t\t<\/span>\n\t\t\t\t\t<\/a>\n\t\t<\/div>\n\t\t\t\t<\/div>\n\t\t\t\t<\/div>\n\t\t\t\t\t\t<\/div>\n\t\t\t\t\t<\/div>\n\t\t<\/div>\n\t\t\t\t<div class=\"elementor-column elementor-col-25 elementor-top-column elementor-element elementor-element-ac8342a\" data-id=\"ac8342a\" data-element_type=\"column\">\n\t\t\t<div class=\"elementor-column-wrap elementor-element-populated\">\n\t\t\t\t\t\t\t<div class=\"elementor-widget-wrap\">\n\t\t\t\t\t\t<div class=\"elementor-element elementor-element-71983e6 elementor-align-center elementor-widget elementor-widget-button\" data-id=\"71983e6\" data-element_type=\"widget\" data-widget_type=\"button.default\">\n\t\t\t\t<div class=\"elementor-widget-container\">\n\t\t\t\t\t<div class=\"elementor-button-wrapper\">\n\t\t\t<a href=\"https:\/\/music.amazon.com\/albums\/B07T9FGFQZ?trackAsin=B07TFGMR18&#038;ref=dm_sh_3459-c844-dmcp-38d4-6e61f&#038;musicTerritory=US&#038;marketplaceId=ATVPDKIKX0DER%20\" class=\"elementor-button-link elementor-button elementor-size-sm\" role=\"button\">\n\t\t\t\t\t\t<span class=\"elementor-button-content-wrapper\">\n\t\t\t\t\t\t<span class=\"elementor-button-text\">AMAZON MUSIC<\/span>\n\t\t<\/span>\n\t\t\t\t\t<\/a>\n\t\t<\/div>\n\t\t\t\t<\/div>\n\t\t\t\t<\/div>\n\t\t\t\t\t\t<\/div>\n\t\t\t\t\t<\/div>\n\t\t<\/div>\n\t\t\t\t\t\t\t\t<\/div>\n\t\t\t\t\t<\/div>\n\t\t<\/section>\n\t\t\t\t<section class=\"elementor-section elementor-top-section elementor-element elementor-element-e061782 elementor-section-stretched elementor-section-boxed elementor-section-height-default elementor-section-height-default\" data-id=\"e061782\" data-element_type=\"section\" data-settings=\"{&quot;stretch_section&quot;:&quot;section-stretched&quot;,&quot;background_background&quot;:&quot;classic&quot;}\">\n\t\t\t\t\t\t<div class=\"elementor-container elementor-column-gap-default\">\n\t\t\t\t\t\t\t<div class=\"elementor-row\">\n\t\t\t\t\t<div class=\"elementor-column elementor-col-100 elementor-top-column elementor-element elementor-element-f74bbb2\" data-id=\"f74bbb2\" data-element_type=\"column\">\n\t\t\t<div class=\"elementor-column-wrap elementor-element-populated\">\n\t\t\t\t\t\t\t<div class=\"elementor-widget-wrap\">\n\t\t\t\t\t\t<div class=\"elementor-element elementor-element-80d75b2 elementor-widget elementor-widget-text-editor\" data-id=\"80d75b2\" data-element_type=\"widget\" data-widget_type=\"text-editor.default\">\n\t\t\t\t<div class=\"elementor-widget-container\">\n\t\t\t\t\t\t\t\t<div class=\"elementor-text-editor elementor-clearfix\">\n\t\t\t\t<div><p style=\"text-align: center;\"><span style=\"color: #ffffff;\">TRAE UN PAR DE AMIGAS<\/span><\/p><p style=\"text-align: center;\"><span style=\"color: #ffffff;\">Que yo ando con los m\u00edos tambi\u00e9n<\/span><\/p><p style=\"text-align: center;\"><span style=\"color: #ffffff;\">No te coh\u00edbas que andamos con los de a cien<\/span><\/p><p style=\"text-align: center;\"><span style=\"color: #ffffff;\">Y dime si te gusta, dime si te gusta la idea<\/span><\/p><p style=\"text-align: center;\"><span style=\"color: #ffffff;\">A m\u00ed me encanta porque me dijeron que t\u00fa te meneas<\/span><\/p><p style=\"text-align: center;\"><span style=\"color: #ffffff;\">T\u00fa, t\u00fa bailas sexy, te mueves sobrenatural<\/span><\/p><p style=\"text-align: center;\"><span style=\"color: #ffffff;\">Me gusta tu cuerpo y yo lo quiero probar<\/span><\/p><p style=\"text-align: center;\"><span style=\"color: #ffffff;\">T\u00fa bailas sexy, te mueves sobrenatural<\/span><\/p><p style=\"text-align: center;\"><span style=\"color: #ffffff;\">Me gusta tu cuerpo y yo lo quiero probar<\/span><\/p><p style=\"text-align: center;\"><span style=\"color: #ffffff;\">Y se apagaron las luces, comienza el show<\/span><\/p><p style=\"text-align: center;\"><span style=\"color: #ffffff;\">Dame un cha de tequila y si s\u00edguelo meneando<\/span><\/p><p style=\"text-align: center;\"><span style=\"color: #ffffff;\">Mu\u00e9vete hasta abajo titi<\/span><\/p><p style=\"text-align: center;\"><span style=\"color: #ffffff;\">Bail\u00e1ndole a la disco t\u00fa te ves bien riqui<\/span><\/p><p style=\"text-align: center;\"><span style=\"color: #ffffff;\">Y dale que nos vamos t\u00fa y yo soliti<\/span><\/p><p style=\"text-align: center;\"><span style=\"color: #ffffff;\">Dale dile chao a tu amiguiti<\/span><\/p><p style=\"text-align: center;\"><span style=\"color: #ffffff;\">Mami te aceleras t\u00fa, mami me acelero yo<\/span><\/p><p style=\"text-align: center;\"><span style=\"color: #ffffff;\">Es que la m\u00eda eres t\u00fa y a ti el que te mata soy yo<\/span><\/p><p style=\"text-align: center;\"><span style=\"color: #ffffff;\">Te mata soy yo<\/span><\/p><p style=\"text-align: center;\"><span style=\"color: #ffffff;\">T\u00fa, t\u00fa bailas sexy, te mueves sobrenatural<\/span><\/p><p style=\"text-align: center;\"><span style=\"color: #ffffff;\">Me gusta tu cuerpo y yo lo quiero probar<\/span><\/p><p style=\"text-align: center;\"><span style=\"color: #ffffff;\">T\u00fa bailas sexy, te mueves sobrenatural<\/span><\/p><p style=\"text-align: center;\"><span style=\"color: #ffffff;\">Me gusta tu cuerpo y yo lo quiero probar<\/span><\/p><p style=\"text-align: center;\"><span style=\"color: #ffffff;\">Mami t\u00fa tienes esa virtud, esa virtud que me mata<\/span><\/p><p style=\"text-align: center;\"><span style=\"color: #ffffff;\">La que en la disco me acelera, la que en la cama me maltrata<\/span><\/p><p style=\"text-align: center;\"><span style=\"color: #ffffff;\">Mami te aceleras t\u00fa, mami me acelero yo<\/span><\/p><p style=\"text-align: center;\"><span style=\"color: #ffffff;\">Es que la m\u00eda eres t\u00fa y a ti el que te mata soy yo<\/span><\/p><p style=\"text-align: center;\"><span style=\"color: #ffffff;\">Te mata soy yo<\/span><\/p><p style=\"text-align: center;\"><span style=\"color: #ffffff;\">Mami te aceleras t\u00fa, mami me acelero yo<\/span><\/p><p style=\"text-align: center;\"><span style=\"color: #ffffff;\">Es que la m\u00eda eres t\u00fa y a ti el que te mata soy yo<\/span><\/p><p style=\"text-align: center;\"><span style=\"color: #ffffff;\">Te mata soy yo<\/span><\/p><p style=\"text-align: center;\"><span style=\"color: #ffffff;\">Dale mami riega la bola, que a m\u00ed la que me gusta eres t\u00fa<\/span><\/p><p style=\"text-align: center;\"><span style=\"color: #ffffff;\">Esto es para que se lo pases por zapya<\/span><\/p><p style=\"text-align: center;\"><span style=\"color: #ffffff;\">Esto para que se lo pases por Bluetooh<\/span><\/p><p style=\"text-align: center;\"><span style=\"color: #ffffff;\">Mami te aceleras t\u00fa, mami me acelero yo<\/span><\/p><p style=\"text-align: center;\"><span style=\"color: #ffffff;\">Es que la m\u00eda eres t\u00fa y a ti el que te mata soy yo<\/span><\/p><p style=\"text-align: center;\"><span style=\"color: #ffffff;\">Te mata soy yo<\/span><\/p><p style=\"text-align: center;\"><span style=\"color: #ffffff;\">Mami te aceleras t\u00fa, mami me acelero yo<\/span><\/p><p style=\"text-align: center;\"><span style=\"color: #ffffff;\">Es que la m\u00eda eres t\u00fa y a ti el que te mata soy yo<\/span><\/p><p style=\"text-align: center;\"><span style=\"color: #ffffff;\">Te mata soy yo<\/span><\/p><p style=\"text-align: center;\"><span style=\"color: #ffffff;\">Andamos con la bendici\u00f3n de Orula<\/span><\/p><p style=\"text-align: center;\"><span style=\"color: #ffffff;\">Eso me lo dijo mi padrino<\/span><\/p><p style=\"text-align: center;\"><span style=\"color: #ffffff;\">En esta talla somos unos samuray<\/span><\/p><p style=\"text-align: center;\"><span style=\"color: #ffffff;\">Que nos hemos vueltos unos asesinos<\/span><\/p><p style=\"text-align: center;\"><span style=\"color: #ffffff;\">Mami te aceleras t\u00fa, mami me acelero yo<\/span><\/p><p style=\"text-align: center;\"><span style=\"color: #ffffff;\">Es que la m\u00eda eres t\u00fa y a ti el que te mata soy yo<\/span><\/p><p style=\"text-align: center;\"><span style=\"color: #ffffff;\">Te mata soy yo<\/span><\/p><p style=\"text-align: center;\"><span style=\"color: #ffffff;\">Mami te aceleras t\u00fa, mami me acelero yo<\/span><\/p><p style=\"text-align: center;\"><span style=\"color: #ffffff;\">Es que la m\u00eda eres t\u00fa y a ti el que te mata soy yo<\/span><\/p><p style=\"text-align: center;\"><span style=\"color: #ffffff;\">Te mata soy yo<\/span><\/p><\/div>\t\t\t\t\t<\/div>\n\t\t\t\t\t\t<\/div>\n\t\t\t\t<\/div>\n\t\t\t\t\t\t<\/div>\n\t\t\t\t\t<\/div>\n\t\t<\/div>\n\t\t\t\t\t\t\t\t<\/div>\n\t\t\t\t\t<\/div>\n\t\t<\/section>\n\t\t\t\t\t\t<\/div>\n\t\t\t\t\t\t<\/div>\n\t\t\t\t\t<\/div>\n\t\t","protected":false},"excerpt":{"rendered":"<p>SPOTIFY APPLE MUSIC DEEZER AMAZON MUSIC TRAE UN PAR DE AMIGAS Que yo ando con los m\u00edos tambi\u00e9n No te coh\u00edbas que andamos con los de a cien Y dime si te gusta, dime si te gusta la idea A m\u00ed me encanta porque me dijeron que t\u00fa te meneas T\u00fa, t\u00fa bailas sexy, te.<\/p>\n","protected":false},"author":1,"featured_media":0,"parent":0,"menu_order":0,"comment_status":"closed","ping_status":"closed","template":"","meta":{"footnotes":""},"categories":[42],"tags":[],"class_list":["post-4051","page","type-page","status-publish","hentry","category-testi"],"yoast_head":"<!-- This site is optimized with the Yoast SEO plugin v19.6.1 - https:\/\/yoast.com\/wordpress\/plugins\/seo\/ -->\n<title>Sobrenatural - Di Benedetto Productions<\/title>\n<meta name=\"robots\" content=\"index, follow, max-snippet:-1, max-image-preview:large, max-video-preview:-1\" \/>\n<link rel=\"canonical\" href=\"https:\/\/dibenedettoproductions.com\/?page_id=4051\" \/>\n<meta property=\"og:locale\" content=\"it_IT\" \/>\n<meta property=\"og:type\" content=\"article\" \/>\n<meta property=\"og:title\" content=\"Sobrenatural - Di Benedetto Productions\" \/>\n<meta property=\"og:description\" content=\"SPOTIFY APPLE MUSIC DEEZER AMAZON MUSIC TRAE UN PAR DE AMIGAS Que yo ando con los m\u00edos tambi\u00e9n No te coh\u00edbas que andamos con los de a cien Y dime si te gusta, dime si te gusta la idea A m\u00ed me encanta porque me dijeron que t\u00fa te meneas T\u00fa, t\u00fa bailas sexy, te.\" \/>\n<meta property=\"og:url\" content=\"https:\/\/dibenedettoproductions.com\/?page_id=4051\" \/>\n<meta property=\"og:site_name\" content=\"Di Benedetto Productions\" \/>\n<meta property=\"article:modified_time\" content=\"2021-08-06T07:07:43+00:00\" \/>\n<meta name=\"twitter:card\" content=\"summary_large_image\" \/>\n<meta name=\"twitter:label1\" content=\"Tempo di lettura stimato\" \/>\n\t<meta name=\"twitter:data1\" content=\"2 minuti\" \/>\n<script type=\"application\/ld+json\" class=\"yoast-schema-graph\">{\"@context\":\"https:\/\/schema.org\",\"@graph\":[{\"@type\":\"WebPage\",\"@id\":\"https:\/\/dibenedettoproductions.com\/?page_id=4051\",\"url\":\"https:\/\/dibenedettoproductions.com\/?page_id=4051\",\"name\":\"Sobrenatural - Di Benedetto Productions\",\"isPartOf\":{\"@id\":\"https:\/\/dibenedettoproductions.com\/#website\"},\"datePublished\":\"2021-02-24T16:35:35+00:00\",\"dateModified\":\"2021-08-06T07:07:43+00:00\",\"breadcrumb\":{\"@id\":\"https:\/\/dibenedettoproductions.com\/?page_id=4051#breadcrumb\"},\"inLanguage\":\"it-IT\",\"potentialAction\":[{\"@type\":\"ReadAction\",\"target\":[\"https:\/\/dibenedettoproductions.com\/?page_id=4051\"]}]},{\"@type\":\"BreadcrumbList\",\"@id\":\"https:\/\/dibenedettoproductions.com\/?page_id=4051#breadcrumb\",\"itemListElement\":[{\"@type\":\"ListItem\",\"position\":1,\"name\":\"Home\",\"item\":\"https:\/\/dibenedettoproductions.com\/\"},{\"@type\":\"ListItem\",\"position\":2,\"name\":\"Sobrenatural\"}]},{\"@type\":\"WebSite\",\"@id\":\"https:\/\/dibenedettoproductions.com\/#website\",\"url\":\"https:\/\/dibenedettoproductions.com\/\",\"name\":\"Di Benedetto Productions\",\"description\":\"\",\"publisher\":{\"@id\":\"https:\/\/dibenedettoproductions.com\/#organization\"},\"potentialAction\":[{\"@type\":\"SearchAction\",\"target\":{\"@type\":\"EntryPoint\",\"urlTemplate\":\"https:\/\/dibenedettoproductions.com\/?s={search_term_string}\"},\"query-input\":\"required name=search_term_string\"}],\"inLanguage\":\"it-IT\"},{\"@type\":\"Organization\",\"@id\":\"https:\/\/dibenedettoproductions.com\/#organization\",\"name\":\"DI BENEDETTO PRODUCTIONS\",\"url\":\"https:\/\/dibenedettoproductions.com\/\",\"sameAs\":[],\"logo\":{\"@type\":\"ImageObject\",\"inLanguage\":\"it-IT\",\"@id\":\"https:\/\/dibenedettoproductions.com\/#\/schema\/logo\/image\/\",\"url\":\"https:\/\/dibenedettoproductions.com\/wp-content\/uploads\/2021\/09\/logo_di_benedetto_productions.jpg\",\"contentUrl\":\"https:\/\/dibenedettoproductions.com\/wp-content\/uploads\/2021\/09\/logo_di_benedetto_productions.jpg\",\"width\":225,\"height\":225,\"caption\":\"DI BENEDETTO PRODUCTIONS\"},\"image\":{\"@id\":\"https:\/\/dibenedettoproductions.com\/#\/schema\/logo\/image\/\"}}]}<\/script>\n<!-- \/ Yoast SEO plugin. -->","yoast_head_json":{"title":"Sobrenatural - Di Benedetto Productions","robots":{"index":"index","follow":"follow","max-snippet":"max-snippet:-1","max-image-preview":"max-image-preview:large","max-video-preview":"max-video-preview:-1"},"canonical":"https:\/\/dibenedettoproductions.com\/?page_id=4051","og_locale":"it_IT","og_type":"article","og_title":"Sobrenatural - Di Benedetto Productions","og_description":"SPOTIFY APPLE MUSIC DEEZER AMAZON MUSIC TRAE UN PAR DE AMIGAS Que yo ando con los m\u00edos tambi\u00e9n No te coh\u00edbas que andamos con los de a cien Y dime si te gusta, dime si te gusta la idea A m\u00ed me encanta porque me dijeron que t\u00fa te meneas T\u00fa, t\u00fa bailas sexy, te.","og_url":"https:\/\/dibenedettoproductions.com\/?page_id=4051","og_site_name":"Di Benedetto Productions","article_modified_time":"2021-08-06T07:07:43+00:00","twitter_card":"summary_large_image","twitter_misc":{"Tempo di lettura stimato":"2 minuti"},"schema":{"@context":"https:\/\/schema.org","@graph":[{"@type":"WebPage","@id":"https:\/\/dibenedettoproductions.com\/?page_id=4051","url":"https:\/\/dibenedettoproductions.com\/?page_id=4051","name":"Sobrenatural - Di Benedetto Productions","isPartOf":{"@id":"https:\/\/dibenedettoproductions.com\/#website"},"datePublished":"2021-02-24T16:35:35+00:00","dateModified":"2021-08-06T07:07:43+00:00","breadcrumb":{"@id":"https:\/\/dibenedettoproductions.com\/?page_id=4051#breadcrumb"},"inLanguage":"it-IT","potentialAction":[{"@type":"ReadAction","target":["https:\/\/dibenedettoproductions.com\/?page_id=4051"]}]},{"@type":"BreadcrumbList","@id":"https:\/\/dibenedettoproductions.com\/?page_id=4051#breadcrumb","itemListElement":[{"@type":"ListItem","position":1,"name":"Home","item":"https:\/\/dibenedettoproductions.com\/"},{"@type":"ListItem","position":2,"name":"Sobrenatural"}]},{"@type":"WebSite","@id":"https:\/\/dibenedettoproductions.com\/#website","url":"https:\/\/dibenedettoproductions.com\/","name":"Di Benedetto Productions","description":"","publisher":{"@id":"https:\/\/dibenedettoproductions.com\/#organization"},"potentialAction":[{"@type":"SearchAction","target":{"@type":"EntryPoint","urlTemplate":"https:\/\/dibenedettoproductions.com\/?s={search_term_string}"},"query-input":"required name=search_term_string"}],"inLanguage":"it-IT"},{"@type":"Organization","@id":"https:\/\/dibenedettoproductions.com\/#organization","name":"DI BENEDETTO PRODUCTIONS","url":"https:\/\/dibenedettoproductions.com\/","sameAs":[],"logo":{"@type":"ImageObject","inLanguage":"it-IT","@id":"https:\/\/dibenedettoproductions.com\/#\/schema\/logo\/image\/","url":"https:\/\/dibenedettoproductions.com\/wp-content\/uploads\/2021\/09\/logo_di_benedetto_productions.jpg","contentUrl":"https:\/\/dibenedettoproductions.com\/wp-content\/uploads\/2021\/09\/logo_di_benedetto_productions.jpg","width":225,"height":225,"caption":"DI BENEDETTO PRODUCTIONS"},"image":{"@id":"https:\/\/dibenedettoproductions.com\/#\/schema\/logo\/image\/"}}]}},"_links":{"self":[{"href":"https:\/\/dibenedettoproductions.com\/index.php?rest_route=\/wp\/v2\/pages\/4051","targetHints":{"allow":["GET"]}}],"collection":[{"href":"https:\/\/dibenedettoproductions.com\/index.php?rest_route=\/wp\/v2\/pages"}],"about":[{"href":"https:\/\/dibenedettoproductions.com\/index.php?rest_route=\/wp\/v2\/types\/page"}],"author":[{"embeddable":true,"href":"https:\/\/dibenedettoproductions.com\/index.php?rest_route=\/wp\/v2\/users\/1"}],"replies":[{"embeddable":true,"href":"https:\/\/dibenedettoproductions.com\/index.php?rest_route=%2Fwp%2Fv2%2Fcomments&post=4051"}],"version-history":[{"count":7,"href":"https:\/\/dibenedettoproductions.com\/index.php?rest_route=\/wp\/v2\/pages\/4051\/revisions"}],"predecessor-version":[{"id":5929,"href":"https:\/\/dibenedettoproductions.com\/index.php?rest_route=\/wp\/v2\/pages\/4051\/revisions\/5929"}],"wp:attachment":[{"href":"https:\/\/dibenedettoproductions.com\/index.php?rest_route=%2Fwp%2Fv2%2Fmedia&parent=4051"}],"wp:term":[{"taxonomy":"category","embeddable":true,"href":"https:\/\/dibenedettoproductions.com\/index.php?rest_route=%2Fwp%2Fv2%2Fcategories&post=4051"},{"taxonomy":"post_tag","embeddable":true,"href":"https:\/\/dibenedettoproductions.com\/index.php?rest_route=%2Fwp%2Fv2%2Ftags&post=4051"}],"curies":[{"name":"wp","href":"https:\/\/api.w.org\/{rel}","templated":true}]}}