{"id":4042,"date":"2021-02-24T16:22:22","date_gmt":"2021-02-24T16:22:22","guid":{"rendered":"https:\/\/dibenedettoproductions.com\/?page_id=4042"},"modified":"2021-08-06T07:07:33","modified_gmt":"2021-08-06T07:07:33","slug":"snapchat","status":"publish","type":"page","link":"https:\/\/dibenedettoproductions.com\/?page_id=4042","title":{"rendered":"Snapchat"},"content":{"rendered":"\t\t<div data-elementor-type=\"wp-page\" data-elementor-id=\"4042\" class=\"elementor elementor-4042\" data-elementor-settings=\"[]\">\n\t\t\t\t\t\t<div class=\"elementor-inner\">\n\t\t\t\t\t\t\t<div class=\"elementor-section-wrap\">\n\t\t\t\t\t\t\t<section class=\"elementor-section elementor-top-section elementor-element elementor-element-d40565b elementor-section-stretched elementor-section-boxed elementor-section-height-default elementor-section-height-default\" data-id=\"d40565b\" data-element_type=\"section\" data-settings=\"{&quot;stretch_section&quot;:&quot;section-stretched&quot;,&quot;background_background&quot;:&quot;classic&quot;}\">\n\t\t\t\t\t\t<div class=\"elementor-container elementor-column-gap-default\">\n\t\t\t\t\t\t\t<div class=\"elementor-row\">\n\t\t\t\t\t<div class=\"elementor-column elementor-col-25 elementor-top-column elementor-element elementor-element-f132500\" data-id=\"f132500\" data-element_type=\"column\">\n\t\t\t<div class=\"elementor-column-wrap elementor-element-populated\">\n\t\t\t\t\t\t\t<div class=\"elementor-widget-wrap\">\n\t\t\t\t\t\t<div class=\"elementor-element elementor-element-0f98365 elementor-align-center elementor-widget elementor-widget-button\" data-id=\"0f98365\" data-element_type=\"widget\" data-widget_type=\"button.default\">\n\t\t\t\t<div class=\"elementor-widget-container\">\n\t\t\t\t\t<div class=\"elementor-button-wrapper\">\n\t\t\t<a href=\"https:\/\/open.spotify.com\/track\/4VWhqXjmEONAb5LUnvVM21?si=rEo_FGBPTU-vzZ1mBZvDsg%20\" class=\"elementor-button-link elementor-button elementor-size-sm\" role=\"button\">\n\t\t\t\t\t\t<span class=\"elementor-button-content-wrapper\">\n\t\t\t\t\t\t<span class=\"elementor-button-text\">SPOTIFY<\/span>\n\t\t<\/span>\n\t\t\t\t\t<\/a>\n\t\t<\/div>\n\t\t\t\t<\/div>\n\t\t\t\t<\/div>\n\t\t\t\t\t\t<\/div>\n\t\t\t\t\t<\/div>\n\t\t<\/div>\n\t\t\t\t<div class=\"elementor-column elementor-col-25 elementor-top-column elementor-element elementor-element-0802c1e\" data-id=\"0802c1e\" data-element_type=\"column\">\n\t\t\t<div class=\"elementor-column-wrap elementor-element-populated\">\n\t\t\t\t\t\t\t<div class=\"elementor-widget-wrap\">\n\t\t\t\t\t\t<div class=\"elementor-element elementor-element-1cfcb83 elementor-align-center elementor-widget elementor-widget-button\" data-id=\"1cfcb83\" data-element_type=\"widget\" data-widget_type=\"button.default\">\n\t\t\t\t<div class=\"elementor-widget-container\">\n\t\t\t\t\t<div class=\"elementor-button-wrapper\">\n\t\t\t<a href=\"https:\/\/music.apple.com\/us\/album\/snapchat\/1341843487?i=1341843845\" class=\"elementor-button-link elementor-button elementor-size-sm\" role=\"button\">\n\t\t\t\t\t\t<span class=\"elementor-button-content-wrapper\">\n\t\t\t\t\t\t<span class=\"elementor-button-text\">APPLE MUSIC<\/span>\n\t\t<\/span>\n\t\t\t\t\t<\/a>\n\t\t<\/div>\n\t\t\t\t<\/div>\n\t\t\t\t<\/div>\n\t\t\t\t\t\t<\/div>\n\t\t\t\t\t<\/div>\n\t\t<\/div>\n\t\t\t\t<div class=\"elementor-column elementor-col-25 elementor-top-column elementor-element elementor-element-656298e\" data-id=\"656298e\" data-element_type=\"column\">\n\t\t\t<div class=\"elementor-column-wrap elementor-element-populated\">\n\t\t\t\t\t\t\t<div class=\"elementor-widget-wrap\">\n\t\t\t\t\t\t<div class=\"elementor-element elementor-element-028ca8f elementor-align-center elementor-widget elementor-widget-button\" data-id=\"028ca8f\" data-element_type=\"widget\" data-widget_type=\"button.default\">\n\t\t\t\t<div class=\"elementor-widget-container\">\n\t\t\t\t\t<div class=\"elementor-button-wrapper\">\n\t\t\t<a href=\"https:\/\/deezer.page.link\/kGBzQ3UB5Nh3XkBu8%20\" class=\"elementor-button-link elementor-button elementor-size-sm\" role=\"button\">\n\t\t\t\t\t\t<span class=\"elementor-button-content-wrapper\">\n\t\t\t\t\t\t<span class=\"elementor-button-text\">DEEZER<\/span>\n\t\t<\/span>\n\t\t\t\t\t<\/a>\n\t\t<\/div>\n\t\t\t\t<\/div>\n\t\t\t\t<\/div>\n\t\t\t\t\t\t<\/div>\n\t\t\t\t\t<\/div>\n\t\t<\/div>\n\t\t\t\t<div class=\"elementor-column elementor-col-25 elementor-top-column elementor-element elementor-element-948db1e\" data-id=\"948db1e\" data-element_type=\"column\">\n\t\t\t<div class=\"elementor-column-wrap elementor-element-populated\">\n\t\t\t\t\t\t\t<div class=\"elementor-widget-wrap\">\n\t\t\t\t\t\t<div class=\"elementor-element elementor-element-4729afa elementor-align-center elementor-widget elementor-widget-button\" data-id=\"4729afa\" data-element_type=\"widget\" data-widget_type=\"button.default\">\n\t\t\t\t<div class=\"elementor-widget-container\">\n\t\t\t\t\t<div class=\"elementor-button-wrapper\">\n\t\t\t<a href=\"https:\/\/music.amazon.com\/albums\/B07TCHVT6Z?trackAsin=B07T9FL4XB&#038;ref=dm_sh_2ff2-29cf-dmcp-f3dd-b4ad1&#038;musicTerritory=US&#038;marketplaceId=ATVPDKIKX0DER%20\" class=\"elementor-button-link elementor-button elementor-size-sm\" role=\"button\">\n\t\t\t\t\t\t<span class=\"elementor-button-content-wrapper\">\n\t\t\t\t\t\t<span class=\"elementor-button-text\">AMAZON MUSIC<\/span>\n\t\t<\/span>\n\t\t\t\t\t<\/a>\n\t\t<\/div>\n\t\t\t\t<\/div>\n\t\t\t\t<\/div>\n\t\t\t\t\t\t<\/div>\n\t\t\t\t\t<\/div>\n\t\t<\/div>\n\t\t\t\t\t\t\t\t<\/div>\n\t\t\t\t\t<\/div>\n\t\t<\/section>\n\t\t\t\t<section class=\"elementor-section elementor-top-section elementor-element elementor-element-41adcd9 elementor-section-stretched elementor-section-boxed elementor-section-height-default elementor-section-height-default\" data-id=\"41adcd9\" data-element_type=\"section\" data-settings=\"{&quot;stretch_section&quot;:&quot;section-stretched&quot;,&quot;background_background&quot;:&quot;classic&quot;}\">\n\t\t\t\t\t\t<div class=\"elementor-container elementor-column-gap-default\">\n\t\t\t\t\t\t\t<div class=\"elementor-row\">\n\t\t\t\t\t<div class=\"elementor-column elementor-col-100 elementor-top-column elementor-element elementor-element-3278bb7\" data-id=\"3278bb7\" data-element_type=\"column\">\n\t\t\t<div class=\"elementor-column-wrap elementor-element-populated\">\n\t\t\t\t\t\t\t<div class=\"elementor-widget-wrap\">\n\t\t\t\t\t\t<div class=\"elementor-element elementor-element-0c368cf elementor-widget elementor-widget-text-editor\" data-id=\"0c368cf\" data-element_type=\"widget\" data-widget_type=\"text-editor.default\">\n\t\t\t\t<div class=\"elementor-widget-container\">\n\t\t\t\t\t\t\t\t<div class=\"elementor-text-editor elementor-clearfix\">\n\t\t\t\t<div><p style=\"text-align: center;\"><span style=\"color: #ffffff;\">&#8230;.m\u00e1ndame un video para yo mirarte<\/span><\/p><p style=\"text-align: center;\"><span style=\"color: #ffffff;\">a ver si te conservas como antes<\/span><\/p><p style=\"text-align: center;\"><span style=\"color: #ffffff;\">porque yo no paro de pensarte<\/span><\/p><p style=\"text-align: center;\"><span style=\"color: #ffffff;\">coro: m\u00e1ndame un video por snapchat<\/span><\/p><p style=\"text-align: center;\"><span style=\"color: #ffffff;\">o desnudate y prende la webcam<\/span><\/p><p style=\"text-align: center;\"><span style=\"color: #ffffff;\">hazlo cuando tu mam\u00e1 se duerma<\/span><\/p><p style=\"text-align: center;\"><span style=\"color: #ffffff;\">ella no sabe que en las noches<\/span><\/p><p style=\"text-align: center;\"><span style=\"color: #ffffff;\">me calientas t\u00fa, m\u00e1ndame un video por snapchat<\/span><\/p><p style=\"text-align: center;\"><span style=\"color: #ffffff;\">o desnudate y prende la webcam<\/span><\/p><p style=\"text-align: center;\"><span style=\"color: #ffffff;\">hazlo cuando tu mam\u00e1 se duerma<\/span><\/p><p style=\"text-align: center;\"><span style=\"color: #ffffff;\">ella no sabe que en las noches<\/span><\/p><p style=\"text-align: center;\"><span style=\"color: #ffffff;\">me calientas t\u00fa uh<\/span><\/p><p style=\"text-align: center;\"><span style=\"color: #ffffff;\">dale ponte creativa y encima de la cama<\/span><\/p><p style=\"text-align: center;\"><span style=\"color: #ffffff;\">ens\u00e9\u00f1ame tus partes tu sabes que quisiera<\/span><\/p><p style=\"text-align: center;\"><span style=\"color: #ffffff;\">besarte pero tengo que conformarme con verte<\/span><\/p><p style=\"text-align: center;\"><span style=\"color: #ffffff;\">gimiendo o imaginarme la cara que pones cada<\/span><\/p><p style=\"text-align: center;\"><span style=\"color: #ffffff;\">vez que la tienes dentro que rico el momento<\/span><\/p><p style=\"text-align: center;\"><span style=\"color: #ffffff;\">cuando te estas viniendo<\/span><\/p><p style=\"text-align: center;\"><span style=\"color: #ffffff;\">yo vivo extra\u00f1andote<\/span><\/p><p style=\"text-align: center;\"><span style=\"color: #ffffff;\">yo vivo pensandote<\/span><\/p><p style=\"text-align: center;\"><span style=\"color: #ffffff;\">porque no te veo<\/span><\/p><p style=\"text-align: center;\"><span style=\"color: #ffffff;\">mami hace ya casi un mes<\/span><\/p><p style=\"text-align: center;\"><span style=\"color: #ffffff;\">eso no me hace bien<\/span><\/p><p style=\"text-align: center;\"><span style=\"color: #ffffff;\">las ganas de ti ya son<\/span><\/p><p style=\"text-align: center;\"><span style=\"color: #ffffff;\">tantas,yo se que tu tampoco<\/span><\/p><p style=\"text-align: center;\"><span style=\"color: #ffffff;\">aguantas<\/span><\/p><p style=\"text-align: center;\"><span style=\"color: #ffffff;\">coro:m\u00e1ndame un video por snapchat<\/span><\/p><p style=\"text-align: center;\"><span style=\"color: #ffffff;\">o desnudate y prende la webcam<\/span><\/p><p style=\"text-align: center;\"><span style=\"color: #ffffff;\">hazlo cuando tu mam\u00e1 se duerma<\/span><\/p><p style=\"text-align: center;\"><span style=\"color: #ffffff;\">ella no sabe que en las noches<\/span><\/p><p style=\"text-align: center;\"><span style=\"color: #ffffff;\">me calientas t\u00fa,m\u00e1ndame un video por snapchat<\/span><\/p><p style=\"text-align: center;\"><span style=\"color: #ffffff;\">o desnudate y prende la webcam<\/span><\/p><p style=\"text-align: center;\"><span style=\"color: #ffffff;\">hazlo cuando tu mam\u00e1 se duerma<\/span><\/p><p style=\"text-align: center;\"><span style=\"color: #ffffff;\">ella no sabe que en las noches<\/span><\/p><p style=\"text-align: center;\"><span style=\"color: #ffffff;\">me calientas tu uh<\/span><\/p><p style=\"text-align: center;\"><span style=\"color: #ffffff;\">que te necesito es obvio<\/span><\/p><p style=\"text-align: center;\"><span style=\"color: #ffffff;\">he hablado de ti hasta con<\/span><\/p><p style=\"text-align: center;\"><span style=\"color: #ffffff;\">vittorio me dice que no me<\/span><\/p><p style=\"text-align: center;\"><span style=\"color: #ffffff;\">preocupe,que lo de nosotros<\/span><\/p><p style=\"text-align: center;\"><span style=\"color: #ffffff;\">es obvio,pero yo te extra\u00f1o<\/span><\/p><p style=\"text-align: center;\"><span style=\"color: #ffffff;\">no te veo hace un mes<\/span><\/p><p style=\"text-align: center;\"><span style=\"color: #ffffff;\">quiero explorar tu cuerpo<\/span><\/p><p style=\"text-align: center;\"><span style=\"color: #ffffff;\">y penetrar tu piel<\/span><\/p><p style=\"text-align: center;\"><span style=\"color: #ffffff;\">quiero hacerte el amor<\/span><\/p><p style=\"text-align: center;\"><span style=\"color: #ffffff;\">pero tu no estas aqu\u00ed<\/span><\/p><p style=\"text-align: center;\"><span style=\"color: #ffffff;\">extra\u00f1o todas las peleas<\/span><\/p><p style=\"text-align: center;\"><span style=\"color: #ffffff;\">porque terminaban as\u00ed<\/span><\/p><p style=\"text-align: center;\"><span style=\"color: #ffffff;\">teniendo mucho sexo sexo<\/span><\/p><p style=\"text-align: center;\"><span style=\"color: #ffffff;\">yo se que tu me a\u00f1oras tambi\u00e9n<\/span><\/p><p style=\"text-align: center;\"><span style=\"color: #ffffff;\">m\u00e1ndame un video para yo mirarte<\/span><\/p><p style=\"text-align: center;\"><span style=\"color: #ffffff;\">a ver si te conservas como antes<\/span><\/p><p style=\"text-align: center;\"><span style=\"color: #ffffff;\">porque yo no paro de pensarte<\/span><\/p><p style=\"text-align: center;\"><span style=\"color: #ffffff;\">coro:m\u00e1ndame un video por snapchat<\/span><\/p><p style=\"text-align: center;\"><span style=\"color: #ffffff;\">o desnudate y prende la webcam<\/span><\/p><p style=\"text-align: center;\"><span style=\"color: #ffffff;\">hazlo cuando tu mam\u00e1 se duerma<\/span><\/p><p style=\"text-align: center;\"><span style=\"color: #ffffff;\">ella no sabe que en las noches<\/span><\/p><p style=\"text-align: center;\"><span style=\"color: #ffffff;\">me calientas t\u00fa, m\u00e1ndame un video por snapchat<\/span><\/p><p style=\"text-align: center;\"><span style=\"color: #ffffff;\">o desnudate y prende la webcam<\/span><\/p><p style=\"text-align: center;\"><span style=\"color: #ffffff;\">hazlo cuando tu mam\u00e1 se duerma<\/span><\/p><p style=\"text-align: center;\"><span style=\"color: #ffffff;\">ella no sabe que en las noches<\/span><\/p><p style=\"text-align: center;\"><span style=\"color: #ffffff;\">me calientas t\u00fa uh<\/span><\/p><\/div>\t\t\t\t\t<\/div>\n\t\t\t\t\t\t<\/div>\n\t\t\t\t<\/div>\n\t\t\t\t\t\t<\/div>\n\t\t\t\t\t<\/div>\n\t\t<\/div>\n\t\t\t\t\t\t\t\t<\/div>\n\t\t\t\t\t<\/div>\n\t\t<\/section>\n\t\t\t\t\t\t<\/div>\n\t\t\t\t\t\t<\/div>\n\t\t\t\t\t<\/div>\n\t\t","protected":false},"excerpt":{"rendered":"<p>SPOTIFY APPLE MUSIC DEEZER AMAZON MUSIC &#8230;.m\u00e1ndame un video para yo mirarte a ver si te conservas como antes porque yo no paro de pensarte coro: m\u00e1ndame un video por snapchat o desnudate y prende la webcam hazlo cuando tu mam\u00e1 se duerma ella no sabe que en las noches me calientas t\u00fa, m\u00e1ndame un.<\/p>\n","protected":false},"author":1,"featured_media":0,"parent":0,"menu_order":0,"comment_status":"closed","ping_status":"closed","template":"","meta":{"footnotes":""},"categories":[42],"tags":[],"class_list":["post-4042","page","type-page","status-publish","hentry","category-testi"],"yoast_head":"<!-- This site is optimized with the Yoast SEO plugin v19.6.1 - https:\/\/yoast.com\/wordpress\/plugins\/seo\/ -->\n<title>Snapchat - Di Benedetto Productions<\/title>\n<meta name=\"robots\" content=\"index, follow, max-snippet:-1, max-image-preview:large, max-video-preview:-1\" \/>\n<link rel=\"canonical\" href=\"https:\/\/dibenedettoproductions.com\/?page_id=4042\" \/>\n<meta property=\"og:locale\" content=\"it_IT\" \/>\n<meta property=\"og:type\" content=\"article\" \/>\n<meta property=\"og:title\" content=\"Snapchat - Di Benedetto Productions\" \/>\n<meta property=\"og:description\" content=\"SPOTIFY APPLE MUSIC DEEZER AMAZON MUSIC &#8230;.m\u00e1ndame un video para yo mirarte a ver si te conservas como antes porque yo no paro de pensarte coro: m\u00e1ndame un video por snapchat o desnudate y prende la webcam hazlo cuando tu mam\u00e1 se duerma ella no sabe que en las noches me calientas t\u00fa, m\u00e1ndame un.\" \/>\n<meta property=\"og:url\" content=\"https:\/\/dibenedettoproductions.com\/?page_id=4042\" \/>\n<meta property=\"og:site_name\" content=\"Di Benedetto Productions\" \/>\n<meta property=\"article:modified_time\" content=\"2021-08-06T07:07:33+00:00\" \/>\n<meta name=\"twitter:card\" content=\"summary_large_image\" \/>\n<meta name=\"twitter:label1\" content=\"Tempo di lettura stimato\" \/>\n\t<meta name=\"twitter:data1\" content=\"2 minuti\" \/>\n<script type=\"application\/ld+json\" class=\"yoast-schema-graph\">{\"@context\":\"https:\/\/schema.org\",\"@graph\":[{\"@type\":\"WebPage\",\"@id\":\"https:\/\/dibenedettoproductions.com\/?page_id=4042\",\"url\":\"https:\/\/dibenedettoproductions.com\/?page_id=4042\",\"name\":\"Snapchat - Di Benedetto Productions\",\"isPartOf\":{\"@id\":\"https:\/\/dibenedettoproductions.com\/#website\"},\"datePublished\":\"2021-02-24T16:22:22+00:00\",\"dateModified\":\"2021-08-06T07:07:33+00:00\",\"breadcrumb\":{\"@id\":\"https:\/\/dibenedettoproductions.com\/?page_id=4042#breadcrumb\"},\"inLanguage\":\"it-IT\",\"potentialAction\":[{\"@type\":\"ReadAction\",\"target\":[\"https:\/\/dibenedettoproductions.com\/?page_id=4042\"]}]},{\"@type\":\"BreadcrumbList\",\"@id\":\"https:\/\/dibenedettoproductions.com\/?page_id=4042#breadcrumb\",\"itemListElement\":[{\"@type\":\"ListItem\",\"position\":1,\"name\":\"Home\",\"item\":\"https:\/\/dibenedettoproductions.com\/\"},{\"@type\":\"ListItem\",\"position\":2,\"name\":\"Snapchat\"}]},{\"@type\":\"WebSite\",\"@id\":\"https:\/\/dibenedettoproductions.com\/#website\",\"url\":\"https:\/\/dibenedettoproductions.com\/\",\"name\":\"Di Benedetto Productions\",\"description\":\"\",\"publisher\":{\"@id\":\"https:\/\/dibenedettoproductions.com\/#organization\"},\"potentialAction\":[{\"@type\":\"SearchAction\",\"target\":{\"@type\":\"EntryPoint\",\"urlTemplate\":\"https:\/\/dibenedettoproductions.com\/?s={search_term_string}\"},\"query-input\":\"required name=search_term_string\"}],\"inLanguage\":\"it-IT\"},{\"@type\":\"Organization\",\"@id\":\"https:\/\/dibenedettoproductions.com\/#organization\",\"name\":\"DI BENEDETTO PRODUCTIONS\",\"url\":\"https:\/\/dibenedettoproductions.com\/\",\"sameAs\":[],\"logo\":{\"@type\":\"ImageObject\",\"inLanguage\":\"it-IT\",\"@id\":\"https:\/\/dibenedettoproductions.com\/#\/schema\/logo\/image\/\",\"url\":\"https:\/\/dibenedettoproductions.com\/wp-content\/uploads\/2021\/09\/logo_di_benedetto_productions.jpg\",\"contentUrl\":\"https:\/\/dibenedettoproductions.com\/wp-content\/uploads\/2021\/09\/logo_di_benedetto_productions.jpg\",\"width\":225,\"height\":225,\"caption\":\"DI BENEDETTO PRODUCTIONS\"},\"image\":{\"@id\":\"https:\/\/dibenedettoproductions.com\/#\/schema\/logo\/image\/\"}}]}<\/script>\n<!-- \/ Yoast SEO plugin. -->","yoast_head_json":{"title":"Snapchat - Di Benedetto Productions","robots":{"index":"index","follow":"follow","max-snippet":"max-snippet:-1","max-image-preview":"max-image-preview:large","max-video-preview":"max-video-preview:-1"},"canonical":"https:\/\/dibenedettoproductions.com\/?page_id=4042","og_locale":"it_IT","og_type":"article","og_title":"Snapchat - Di Benedetto Productions","og_description":"SPOTIFY APPLE MUSIC DEEZER AMAZON MUSIC &#8230;.m\u00e1ndame un video para yo mirarte a ver si te conservas como antes porque yo no paro de pensarte coro: m\u00e1ndame un video por snapchat o desnudate y prende la webcam hazlo cuando tu mam\u00e1 se duerma ella no sabe que en las noches me calientas t\u00fa, m\u00e1ndame un.","og_url":"https:\/\/dibenedettoproductions.com\/?page_id=4042","og_site_name":"Di Benedetto Productions","article_modified_time":"2021-08-06T07:07:33+00:00","twitter_card":"summary_large_image","twitter_misc":{"Tempo di lettura stimato":"2 minuti"},"schema":{"@context":"https:\/\/schema.org","@graph":[{"@type":"WebPage","@id":"https:\/\/dibenedettoproductions.com\/?page_id=4042","url":"https:\/\/dibenedettoproductions.com\/?page_id=4042","name":"Snapchat - Di Benedetto Productions","isPartOf":{"@id":"https:\/\/dibenedettoproductions.com\/#website"},"datePublished":"2021-02-24T16:22:22+00:00","dateModified":"2021-08-06T07:07:33+00:00","breadcrumb":{"@id":"https:\/\/dibenedettoproductions.com\/?page_id=4042#breadcrumb"},"inLanguage":"it-IT","potentialAction":[{"@type":"ReadAction","target":["https:\/\/dibenedettoproductions.com\/?page_id=4042"]}]},{"@type":"BreadcrumbList","@id":"https:\/\/dibenedettoproductions.com\/?page_id=4042#breadcrumb","itemListElement":[{"@type":"ListItem","position":1,"name":"Home","item":"https:\/\/dibenedettoproductions.com\/"},{"@type":"ListItem","position":2,"name":"Snapchat"}]},{"@type":"WebSite","@id":"https:\/\/dibenedettoproductions.com\/#website","url":"https:\/\/dibenedettoproductions.com\/","name":"Di Benedetto Productions","description":"","publisher":{"@id":"https:\/\/dibenedettoproductions.com\/#organization"},"potentialAction":[{"@type":"SearchAction","target":{"@type":"EntryPoint","urlTemplate":"https:\/\/dibenedettoproductions.com\/?s={search_term_string}"},"query-input":"required name=search_term_string"}],"inLanguage":"it-IT"},{"@type":"Organization","@id":"https:\/\/dibenedettoproductions.com\/#organization","name":"DI BENEDETTO PRODUCTIONS","url":"https:\/\/dibenedettoproductions.com\/","sameAs":[],"logo":{"@type":"ImageObject","inLanguage":"it-IT","@id":"https:\/\/dibenedettoproductions.com\/#\/schema\/logo\/image\/","url":"https:\/\/dibenedettoproductions.com\/wp-content\/uploads\/2021\/09\/logo_di_benedetto_productions.jpg","contentUrl":"https:\/\/dibenedettoproductions.com\/wp-content\/uploads\/2021\/09\/logo_di_benedetto_productions.jpg","width":225,"height":225,"caption":"DI BENEDETTO PRODUCTIONS"},"image":{"@id":"https:\/\/dibenedettoproductions.com\/#\/schema\/logo\/image\/"}}]}},"_links":{"self":[{"href":"https:\/\/dibenedettoproductions.com\/index.php?rest_route=\/wp\/v2\/pages\/4042","targetHints":{"allow":["GET"]}}],"collection":[{"href":"https:\/\/dibenedettoproductions.com\/index.php?rest_route=\/wp\/v2\/pages"}],"about":[{"href":"https:\/\/dibenedettoproductions.com\/index.php?rest_route=\/wp\/v2\/types\/page"}],"author":[{"embeddable":true,"href":"https:\/\/dibenedettoproductions.com\/index.php?rest_route=\/wp\/v2\/users\/1"}],"replies":[{"embeddable":true,"href":"https:\/\/dibenedettoproductions.com\/index.php?rest_route=%2Fwp%2Fv2%2Fcomments&post=4042"}],"version-history":[{"count":7,"href":"https:\/\/dibenedettoproductions.com\/index.php?rest_route=\/wp\/v2\/pages\/4042\/revisions"}],"predecessor-version":[{"id":5926,"href":"https:\/\/dibenedettoproductions.com\/index.php?rest_route=\/wp\/v2\/pages\/4042\/revisions\/5926"}],"wp:attachment":[{"href":"https:\/\/dibenedettoproductions.com\/index.php?rest_route=%2Fwp%2Fv2%2Fmedia&parent=4042"}],"wp:term":[{"taxonomy":"category","embeddable":true,"href":"https:\/\/dibenedettoproductions.com\/index.php?rest_route=%2Fwp%2Fv2%2Fcategories&post=4042"},{"taxonomy":"post_tag","embeddable":true,"href":"https:\/\/dibenedettoproductions.com\/index.php?rest_route=%2Fwp%2Fv2%2Ftags&post=4042"}],"curies":[{"name":"wp","href":"https:\/\/api.w.org\/{rel}","templated":true}]}}