{"id":4025,"date":"2021-02-24T16:14:56","date_gmt":"2021-02-24T16:14:56","guid":{"rendered":"https:\/\/dibenedettoproductions.com\/?page_id=4025"},"modified":"2021-08-06T07:07:18","modified_gmt":"2021-08-06T07:07:18","slug":"sin-ti-acustic-version","status":"publish","type":"page","link":"https:\/\/dibenedettoproductions.com\/?page_id=4025","title":{"rendered":"Sin Ti Acustic Version"},"content":{"rendered":"\t\t<div data-elementor-type=\"wp-page\" data-elementor-id=\"4025\" class=\"elementor elementor-4025\" data-elementor-settings=\"[]\">\n\t\t\t\t\t\t<div class=\"elementor-inner\">\n\t\t\t\t\t\t\t<div class=\"elementor-section-wrap\">\n\t\t\t\t\t\t\t<section class=\"elementor-section elementor-top-section elementor-element elementor-element-0fa2535 elementor-section-stretched elementor-section-boxed elementor-section-height-default elementor-section-height-default\" data-id=\"0fa2535\" data-element_type=\"section\" data-settings=\"{&quot;stretch_section&quot;:&quot;section-stretched&quot;,&quot;background_background&quot;:&quot;classic&quot;}\">\n\t\t\t\t\t\t<div class=\"elementor-container elementor-column-gap-default\">\n\t\t\t\t\t\t\t<div class=\"elementor-row\">\n\t\t\t\t\t<div class=\"elementor-column elementor-col-25 elementor-top-column elementor-element elementor-element-b38b597\" data-id=\"b38b597\" data-element_type=\"column\">\n\t\t\t<div class=\"elementor-column-wrap elementor-element-populated\">\n\t\t\t\t\t\t\t<div class=\"elementor-widget-wrap\">\n\t\t\t\t\t\t<div class=\"elementor-element elementor-element-47db19f elementor-align-center elementor-widget elementor-widget-button\" data-id=\"47db19f\" data-element_type=\"widget\" data-widget_type=\"button.default\">\n\t\t\t\t<div class=\"elementor-widget-container\">\n\t\t\t\t\t<div class=\"elementor-button-wrapper\">\n\t\t\t<a href=\"https:\/\/open.spotify.com\/track\/1ERmsf1EYb5sMcwcl2U7dC?si=PHHNW7MKSpiPEseR6r8zQg%20\" class=\"elementor-button-link elementor-button elementor-size-sm\" role=\"button\">\n\t\t\t\t\t\t<span class=\"elementor-button-content-wrapper\">\n\t\t\t\t\t\t<span class=\"elementor-button-text\">SPOTIFY<\/span>\n\t\t<\/span>\n\t\t\t\t\t<\/a>\n\t\t<\/div>\n\t\t\t\t<\/div>\n\t\t\t\t<\/div>\n\t\t\t\t\t\t<\/div>\n\t\t\t\t\t<\/div>\n\t\t<\/div>\n\t\t\t\t<div class=\"elementor-column elementor-col-25 elementor-top-column elementor-element elementor-element-5456354\" data-id=\"5456354\" data-element_type=\"column\">\n\t\t\t<div class=\"elementor-column-wrap elementor-element-populated\">\n\t\t\t\t\t\t\t<div class=\"elementor-widget-wrap\">\n\t\t\t\t\t\t<div class=\"elementor-element elementor-element-75c9b8c elementor-align-center elementor-widget elementor-widget-button\" data-id=\"75c9b8c\" data-element_type=\"widget\" data-widget_type=\"button.default\">\n\t\t\t\t<div class=\"elementor-widget-container\">\n\t\t\t\t\t<div class=\"elementor-button-wrapper\">\n\t\t\t<a href=\"https:\/\/music.apple.com\/us\/album\/sin-ti-version-acustica\/1474433680?i=1474433683%20\" class=\"elementor-button-link elementor-button elementor-size-sm\" role=\"button\">\n\t\t\t\t\t\t<span class=\"elementor-button-content-wrapper\">\n\t\t\t\t\t\t<span class=\"elementor-button-text\">APPLE MUSIC<\/span>\n\t\t<\/span>\n\t\t\t\t\t<\/a>\n\t\t<\/div>\n\t\t\t\t<\/div>\n\t\t\t\t<\/div>\n\t\t\t\t\t\t<\/div>\n\t\t\t\t\t<\/div>\n\t\t<\/div>\n\t\t\t\t<div class=\"elementor-column elementor-col-25 elementor-top-column elementor-element elementor-element-ea5aef9\" data-id=\"ea5aef9\" data-element_type=\"column\">\n\t\t\t<div class=\"elementor-column-wrap elementor-element-populated\">\n\t\t\t\t\t\t\t<div class=\"elementor-widget-wrap\">\n\t\t\t\t\t\t<div class=\"elementor-element elementor-element-816bc03 elementor-align-center elementor-widget elementor-widget-button\" data-id=\"816bc03\" data-element_type=\"widget\" data-widget_type=\"button.default\">\n\t\t\t\t<div class=\"elementor-widget-container\">\n\t\t\t\t\t<div class=\"elementor-button-wrapper\">\n\t\t\t<a href=\"https:\/\/deezer.page.link\/GYmuuUdSNkSmvrJz5%20\" class=\"elementor-button-link elementor-button elementor-size-sm\" role=\"button\">\n\t\t\t\t\t\t<span class=\"elementor-button-content-wrapper\">\n\t\t\t\t\t\t<span class=\"elementor-button-text\">DEEZER<\/span>\n\t\t<\/span>\n\t\t\t\t\t<\/a>\n\t\t<\/div>\n\t\t\t\t<\/div>\n\t\t\t\t<\/div>\n\t\t\t\t\t\t<\/div>\n\t\t\t\t\t<\/div>\n\t\t<\/div>\n\t\t\t\t<div class=\"elementor-column elementor-col-25 elementor-top-column elementor-element elementor-element-1a000ce\" data-id=\"1a000ce\" data-element_type=\"column\">\n\t\t\t<div class=\"elementor-column-wrap elementor-element-populated\">\n\t\t\t\t\t\t\t<div class=\"elementor-widget-wrap\">\n\t\t\t\t\t\t<div class=\"elementor-element elementor-element-4bd215a elementor-align-center elementor-widget elementor-widget-button\" data-id=\"4bd215a\" data-element_type=\"widget\" data-widget_type=\"button.default\">\n\t\t\t\t<div class=\"elementor-widget-container\">\n\t\t\t\t\t<div class=\"elementor-button-wrapper\">\n\t\t\t<a href=\"https:\/\/music.amazon.com\/albums\/B07VMS26Q4?trackAsin=B07VNRXG6S&#038;ref=dm_sh_0343-637b-dmcp-c1ee-fb1de&#038;musicTerritory=US&#038;marketplaceId=ATVPDKIKX0DER%20\" class=\"elementor-button-link elementor-button elementor-size-sm\" role=\"button\">\n\t\t\t\t\t\t<span class=\"elementor-button-content-wrapper\">\n\t\t\t\t\t\t<span class=\"elementor-button-text\">AMAZON MUSIC<\/span>\n\t\t<\/span>\n\t\t\t\t\t<\/a>\n\t\t<\/div>\n\t\t\t\t<\/div>\n\t\t\t\t<\/div>\n\t\t\t\t\t\t<\/div>\n\t\t\t\t\t<\/div>\n\t\t<\/div>\n\t\t\t\t\t\t\t\t<\/div>\n\t\t\t\t\t<\/div>\n\t\t<\/section>\n\t\t\t\t<section class=\"elementor-section elementor-top-section elementor-element elementor-element-445e98d elementor-section-stretched elementor-section-boxed elementor-section-height-default elementor-section-height-default\" data-id=\"445e98d\" data-element_type=\"section\" data-settings=\"{&quot;stretch_section&quot;:&quot;section-stretched&quot;,&quot;background_background&quot;:&quot;classic&quot;}\">\n\t\t\t\t\t\t<div class=\"elementor-container elementor-column-gap-default\">\n\t\t\t\t\t\t\t<div class=\"elementor-row\">\n\t\t\t\t\t<div class=\"elementor-column elementor-col-100 elementor-top-column elementor-element elementor-element-fed5472\" data-id=\"fed5472\" data-element_type=\"column\">\n\t\t\t<div class=\"elementor-column-wrap elementor-element-populated\">\n\t\t\t\t\t\t\t<div class=\"elementor-widget-wrap\">\n\t\t\t\t\t\t<div class=\"elementor-element elementor-element-2b135f2 elementor-widget elementor-widget-text-editor\" data-id=\"2b135f2\" data-element_type=\"widget\" data-widget_type=\"text-editor.default\">\n\t\t\t\t<div class=\"elementor-widget-container\">\n\t\t\t\t\t\t\t\t<div class=\"elementor-text-editor elementor-clearfix\">\n\t\t\t\t<div><p style=\"text-align: center;\"><span style=\"color: #ffffff;\">Enzo Denver<\/span><\/p><p style=\"text-align: center;\"><span style=\"color: #ffffff;\">Como olvidar tus besos mojados<\/span><\/p><p style=\"text-align: center;\"><span style=\"color: #ffffff;\">Que me tienen enamorado<\/span><\/p><p style=\"text-align: center;\"><span style=\"color: #ffffff;\">Pienso en ti y en lo mucho que te he da\u00f1ado<\/span><\/p><p style=\"text-align: center;\"><span style=\"color: #ffffff;\">Y por eso ya no est\u00e1s aqu\u00ed<\/span><\/p><p style=\"text-align: center;\"><span style=\"color: #ffffff;\">Sin ti no soy nada contigo te lo llevaste todo<\/span><\/p><p style=\"text-align: center;\"><span style=\"color: #ffffff;\">Se siente vac\u00eda la casa y de olvidarte yo no encuentro el modo<\/span><\/p><p style=\"text-align: center;\"><span style=\"color: #ffffff;\">Sin ti no soy nada contigo te lo llevaste todo<\/span><\/p><p style=\"text-align: center;\"><span style=\"color: #ffffff;\">No respondes ni las llamadas<\/span><\/p><p style=\"text-align: center;\"><span style=\"color: #ffffff;\">Dime si me quieres solo un poco<\/span><\/p><p style=\"text-align: center;\"><span style=\"color: #ffffff;\">Quererme es un error pero t\u00fa me amas<\/span><\/p><p style=\"text-align: center;\"><span style=\"color: #ffffff;\">Eso d\u00edselo a todos los programas que la fama me tiene de cama en cama<\/span><\/p><p style=\"text-align: center;\"><span style=\"color: #ffffff;\">Y yo lo dejo todo si t\u00fa me llamas<\/span><\/p><p style=\"text-align: center;\"><span style=\"color: #ffffff;\">Te he da\u00f1ado a veces siempre me arrepiento<\/span><\/p><p style=\"text-align: center;\"><span style=\"color: #ffffff;\">Deja que te bese sabes que no miento<\/span><\/p><p style=\"text-align: center;\"><span style=\"color: #ffffff;\">Lo que siento yo s\u00e9 que t\u00fa lo conoces<\/span><\/p><p style=\"text-align: center;\"><span style=\"color: #ffffff;\">Lo que siento yo que t\u00fa me dices entonces<\/span><\/p><p style=\"text-align: center;\"><span style=\"color: #ffffff;\">Sin ti no soy nada contigo te lo llevaste todo<\/span><\/p><p style=\"text-align: center;\"><span style=\"color: #ffffff;\">Se siente vac\u00eda la casa y de olvidarte yo no encuentro el modo<\/span><\/p><p style=\"text-align: center;\"><span style=\"color: #ffffff;\">Sin ti no soy nada contigo te lo llevaste todo<\/span><\/p><p style=\"text-align: center;\"><span style=\"color: #ffffff;\">No me respondes ni las llamadas<\/span><\/p><p style=\"text-align: center;\"><span style=\"color: #ffffff;\">Dime si me quieres solo un poco<\/span><\/p><p style=\"text-align: center;\"><span style=\"color: #ffffff;\">Te busqu\u00e9 en Instagram pero no me apareces<\/span><\/p><p style=\"text-align: center;\"><span style=\"color: #ffffff;\">me bloqueaste por lo menos eso parece<\/span><\/p><p style=\"text-align: center;\"><span style=\"color: #ffffff;\">bebecita d\u00e9jate de estupideces eso que tuviste ah\u00ed no es lo que parece<\/span><\/p><p style=\"text-align: center;\"><span style=\"color: #ffffff;\">Y yo s\u00e9 que no te merezco Baby yo s\u00e9 que no soy perfecto<\/span><\/p><p style=\"text-align: center;\"><span style=\"color: #ffffff;\">Pero en el imperfecto yo te amo pero en el imperfecto yo te quiero<\/span><\/p><p style=\"text-align: center;\"><span style=\"color: #ffffff;\">Sin ti no soy nada contigo te lo llevaste todo<\/span><\/p><p style=\"text-align: center;\"><span style=\"color: #ffffff;\">Se siente vac\u00eda la casa y de olvidarte yo no encuentro el modo<\/span><\/p><p style=\"text-align: center;\"><span style=\"color: #ffffff;\">Sin ti no soy nada contigo te lo llevaste todo<\/span><\/p><p style=\"text-align: center;\"><span style=\"color: #ffffff;\">No me respondes ni las llamadas<\/span><\/p><p style=\"text-align: center;\"><span style=\"color: #ffffff;\">Dime si me quieres solo un poco<\/span><\/p><p style=\"text-align: center;\"><span style=\"color: #ffffff;\">Como olvidar tus besos mojados<\/span><\/p><p style=\"text-align: center;\"><span style=\"color: #ffffff;\">que me tienen enamorado<\/span><\/p><p style=\"text-align: center;\"><span style=\"color: #ffffff;\">pienso en ti y en lo mucho que te he da\u00f1ado<\/span><\/p><p style=\"text-align: center;\"><span style=\"color: #ffffff;\">y por eso ya no est\u00e1s aqu\u00ed<\/span><\/p><p style=\"text-align: center;\"><span style=\"color: #ffffff;\">sin ti no soy nada contigo te lo llevaste todo<\/span><\/p><p style=\"text-align: center;\"><span style=\"color: #ffffff;\">se siente vac\u00eda la casa y de olvidarte yo no encuentro el modo<\/span><\/p><p style=\"text-align: center;\"><span style=\"color: #ffffff;\">sin ti no soy nada contigo te lo llevaste todo<\/span><\/p><p style=\"text-align: center;\"><span style=\"color: #ffffff;\">no me respondes ni las llamadas<\/span><\/p><p style=\"text-align: center;\"><span style=\"color: #ffffff;\">Dime si me quieres solo un poco<\/span><\/p><p style=\"text-align: center;\"><span style=\"color: #ffffff;\">este tema lo hice con la intenci\u00f3n de que cuando te acuestes en la almohada<\/span><\/p><p style=\"text-align: center;\"><span style=\"color: #ffffff;\">pienses en m\u00ed<\/span><\/p><p style=\"text-align: center;\"><span style=\"color: #ffffff;\">y me perdones el error que comet\u00ed te amo hoy ma\u00f1ana y siempre<\/span><\/p><p style=\"text-align: center;\"><span style=\"color: #ffffff;\">de parte de Enzo la melod\u00eda secreta y Denver Di Benedetto production<\/span><\/p><p style=\"text-align: center;\"><span style=\"color: #ffffff;\">la creaci\u00f3n produce la creaci\u00f3n produce m\u00fasica para el coraz\u00f3n<\/span><\/p><p style=\"text-align: center;\"><span style=\"color: #ffffff;\">los mejores de la sangre nueva m\u00fasica para el coraz\u00f3n<\/span><\/p><\/div>\t\t\t\t\t<\/div>\n\t\t\t\t\t\t<\/div>\n\t\t\t\t<\/div>\n\t\t\t\t\t\t<\/div>\n\t\t\t\t\t<\/div>\n\t\t<\/div>\n\t\t\t\t\t\t\t\t<\/div>\n\t\t\t\t\t<\/div>\n\t\t<\/section>\n\t\t\t\t\t\t<\/div>\n\t\t\t\t\t\t<\/div>\n\t\t\t\t\t<\/div>\n\t\t","protected":false},"excerpt":{"rendered":"<p>SPOTIFY APPLE MUSIC DEEZER AMAZON MUSIC Enzo Denver Como olvidar tus besos mojados Que me tienen enamorado Pienso en ti y en lo mucho que te he da\u00f1ado Y por eso ya no est\u00e1s aqu\u00ed Sin ti no soy nada contigo te lo llevaste todo Se siente vac\u00eda la casa y de olvidarte yo no.<\/p>\n","protected":false},"author":1,"featured_media":0,"parent":0,"menu_order":0,"comment_status":"closed","ping_status":"closed","template":"","meta":{"footnotes":""},"categories":[42],"tags":[],"class_list":["post-4025","page","type-page","status-publish","hentry","category-testi"],"yoast_head":"<!-- This site is optimized with the Yoast SEO plugin v19.6.1 - https:\/\/yoast.com\/wordpress\/plugins\/seo\/ -->\n<title>Sin Ti Acustic Version - Di Benedetto Productions<\/title>\n<meta name=\"robots\" content=\"index, follow, max-snippet:-1, max-image-preview:large, max-video-preview:-1\" \/>\n<link rel=\"canonical\" href=\"https:\/\/dibenedettoproductions.com\/?page_id=4025\" \/>\n<meta property=\"og:locale\" content=\"it_IT\" \/>\n<meta property=\"og:type\" content=\"article\" \/>\n<meta property=\"og:title\" content=\"Sin Ti Acustic Version - Di Benedetto Productions\" \/>\n<meta property=\"og:description\" content=\"SPOTIFY APPLE MUSIC DEEZER AMAZON MUSIC Enzo Denver Como olvidar tus besos mojados Que me tienen enamorado Pienso en ti y en lo mucho que te he da\u00f1ado Y por eso ya no est\u00e1s aqu\u00ed Sin ti no soy nada contigo te lo llevaste todo Se siente vac\u00eda la casa y de olvidarte yo no.\" \/>\n<meta property=\"og:url\" content=\"https:\/\/dibenedettoproductions.com\/?page_id=4025\" \/>\n<meta property=\"og:site_name\" content=\"Di Benedetto Productions\" \/>\n<meta property=\"article:modified_time\" content=\"2021-08-06T07:07:18+00:00\" \/>\n<meta name=\"twitter:card\" content=\"summary_large_image\" \/>\n<meta name=\"twitter:label1\" content=\"Tempo di lettura stimato\" \/>\n\t<meta name=\"twitter:data1\" content=\"2 minuti\" \/>\n<script type=\"application\/ld+json\" class=\"yoast-schema-graph\">{\"@context\":\"https:\/\/schema.org\",\"@graph\":[{\"@type\":\"WebPage\",\"@id\":\"https:\/\/dibenedettoproductions.com\/?page_id=4025\",\"url\":\"https:\/\/dibenedettoproductions.com\/?page_id=4025\",\"name\":\"Sin Ti Acustic Version - Di Benedetto Productions\",\"isPartOf\":{\"@id\":\"https:\/\/dibenedettoproductions.com\/#website\"},\"datePublished\":\"2021-02-24T16:14:56+00:00\",\"dateModified\":\"2021-08-06T07:07:18+00:00\",\"breadcrumb\":{\"@id\":\"https:\/\/dibenedettoproductions.com\/?page_id=4025#breadcrumb\"},\"inLanguage\":\"it-IT\",\"potentialAction\":[{\"@type\":\"ReadAction\",\"target\":[\"https:\/\/dibenedettoproductions.com\/?page_id=4025\"]}]},{\"@type\":\"BreadcrumbList\",\"@id\":\"https:\/\/dibenedettoproductions.com\/?page_id=4025#breadcrumb\",\"itemListElement\":[{\"@type\":\"ListItem\",\"position\":1,\"name\":\"Home\",\"item\":\"https:\/\/dibenedettoproductions.com\/\"},{\"@type\":\"ListItem\",\"position\":2,\"name\":\"Sin Ti Acustic Version\"}]},{\"@type\":\"WebSite\",\"@id\":\"https:\/\/dibenedettoproductions.com\/#website\",\"url\":\"https:\/\/dibenedettoproductions.com\/\",\"name\":\"Di Benedetto Productions\",\"description\":\"\",\"publisher\":{\"@id\":\"https:\/\/dibenedettoproductions.com\/#organization\"},\"potentialAction\":[{\"@type\":\"SearchAction\",\"target\":{\"@type\":\"EntryPoint\",\"urlTemplate\":\"https:\/\/dibenedettoproductions.com\/?s={search_term_string}\"},\"query-input\":\"required name=search_term_string\"}],\"inLanguage\":\"it-IT\"},{\"@type\":\"Organization\",\"@id\":\"https:\/\/dibenedettoproductions.com\/#organization\",\"name\":\"DI BENEDETTO PRODUCTIONS\",\"url\":\"https:\/\/dibenedettoproductions.com\/\",\"sameAs\":[],\"logo\":{\"@type\":\"ImageObject\",\"inLanguage\":\"it-IT\",\"@id\":\"https:\/\/dibenedettoproductions.com\/#\/schema\/logo\/image\/\",\"url\":\"https:\/\/dibenedettoproductions.com\/wp-content\/uploads\/2021\/09\/logo_di_benedetto_productions.jpg\",\"contentUrl\":\"https:\/\/dibenedettoproductions.com\/wp-content\/uploads\/2021\/09\/logo_di_benedetto_productions.jpg\",\"width\":225,\"height\":225,\"caption\":\"DI BENEDETTO PRODUCTIONS\"},\"image\":{\"@id\":\"https:\/\/dibenedettoproductions.com\/#\/schema\/logo\/image\/\"}}]}<\/script>\n<!-- \/ Yoast SEO plugin. -->","yoast_head_json":{"title":"Sin Ti Acustic Version - Di Benedetto Productions","robots":{"index":"index","follow":"follow","max-snippet":"max-snippet:-1","max-image-preview":"max-image-preview:large","max-video-preview":"max-video-preview:-1"},"canonical":"https:\/\/dibenedettoproductions.com\/?page_id=4025","og_locale":"it_IT","og_type":"article","og_title":"Sin Ti Acustic Version - Di Benedetto Productions","og_description":"SPOTIFY APPLE MUSIC DEEZER AMAZON MUSIC Enzo Denver Como olvidar tus besos mojados Que me tienen enamorado Pienso en ti y en lo mucho que te he da\u00f1ado Y por eso ya no est\u00e1s aqu\u00ed Sin ti no soy nada contigo te lo llevaste todo Se siente vac\u00eda la casa y de olvidarte yo no.","og_url":"https:\/\/dibenedettoproductions.com\/?page_id=4025","og_site_name":"Di Benedetto Productions","article_modified_time":"2021-08-06T07:07:18+00:00","twitter_card":"summary_large_image","twitter_misc":{"Tempo di lettura stimato":"2 minuti"},"schema":{"@context":"https:\/\/schema.org","@graph":[{"@type":"WebPage","@id":"https:\/\/dibenedettoproductions.com\/?page_id=4025","url":"https:\/\/dibenedettoproductions.com\/?page_id=4025","name":"Sin Ti Acustic Version - Di Benedetto Productions","isPartOf":{"@id":"https:\/\/dibenedettoproductions.com\/#website"},"datePublished":"2021-02-24T16:14:56+00:00","dateModified":"2021-08-06T07:07:18+00:00","breadcrumb":{"@id":"https:\/\/dibenedettoproductions.com\/?page_id=4025#breadcrumb"},"inLanguage":"it-IT","potentialAction":[{"@type":"ReadAction","target":["https:\/\/dibenedettoproductions.com\/?page_id=4025"]}]},{"@type":"BreadcrumbList","@id":"https:\/\/dibenedettoproductions.com\/?page_id=4025#breadcrumb","itemListElement":[{"@type":"ListItem","position":1,"name":"Home","item":"https:\/\/dibenedettoproductions.com\/"},{"@type":"ListItem","position":2,"name":"Sin Ti Acustic Version"}]},{"@type":"WebSite","@id":"https:\/\/dibenedettoproductions.com\/#website","url":"https:\/\/dibenedettoproductions.com\/","name":"Di Benedetto Productions","description":"","publisher":{"@id":"https:\/\/dibenedettoproductions.com\/#organization"},"potentialAction":[{"@type":"SearchAction","target":{"@type":"EntryPoint","urlTemplate":"https:\/\/dibenedettoproductions.com\/?s={search_term_string}"},"query-input":"required name=search_term_string"}],"inLanguage":"it-IT"},{"@type":"Organization","@id":"https:\/\/dibenedettoproductions.com\/#organization","name":"DI BENEDETTO PRODUCTIONS","url":"https:\/\/dibenedettoproductions.com\/","sameAs":[],"logo":{"@type":"ImageObject","inLanguage":"it-IT","@id":"https:\/\/dibenedettoproductions.com\/#\/schema\/logo\/image\/","url":"https:\/\/dibenedettoproductions.com\/wp-content\/uploads\/2021\/09\/logo_di_benedetto_productions.jpg","contentUrl":"https:\/\/dibenedettoproductions.com\/wp-content\/uploads\/2021\/09\/logo_di_benedetto_productions.jpg","width":225,"height":225,"caption":"DI BENEDETTO PRODUCTIONS"},"image":{"@id":"https:\/\/dibenedettoproductions.com\/#\/schema\/logo\/image\/"}}]}},"_links":{"self":[{"href":"https:\/\/dibenedettoproductions.com\/index.php?rest_route=\/wp\/v2\/pages\/4025","targetHints":{"allow":["GET"]}}],"collection":[{"href":"https:\/\/dibenedettoproductions.com\/index.php?rest_route=\/wp\/v2\/pages"}],"about":[{"href":"https:\/\/dibenedettoproductions.com\/index.php?rest_route=\/wp\/v2\/types\/page"}],"author":[{"embeddable":true,"href":"https:\/\/dibenedettoproductions.com\/index.php?rest_route=\/wp\/v2\/users\/1"}],"replies":[{"embeddable":true,"href":"https:\/\/dibenedettoproductions.com\/index.php?rest_route=%2Fwp%2Fv2%2Fcomments&post=4025"}],"version-history":[{"count":7,"href":"https:\/\/dibenedettoproductions.com\/index.php?rest_route=\/wp\/v2\/pages\/4025\/revisions"}],"predecessor-version":[{"id":5920,"href":"https:\/\/dibenedettoproductions.com\/index.php?rest_route=\/wp\/v2\/pages\/4025\/revisions\/5920"}],"wp:attachment":[{"href":"https:\/\/dibenedettoproductions.com\/index.php?rest_route=%2Fwp%2Fv2%2Fmedia&parent=4025"}],"wp:term":[{"taxonomy":"category","embeddable":true,"href":"https:\/\/dibenedettoproductions.com\/index.php?rest_route=%2Fwp%2Fv2%2Fcategories&post=4025"},{"taxonomy":"post_tag","embeddable":true,"href":"https:\/\/dibenedettoproductions.com\/index.php?rest_route=%2Fwp%2Fv2%2Ftags&post=4025"}],"curies":[{"name":"wp","href":"https:\/\/api.w.org\/{rel}","templated":true}]}}