{"id":3985,"date":"2021-02-24T11:31:25","date_gmt":"2021-02-24T11:31:25","guid":{"rendered":"https:\/\/dibenedettoproductions.com\/?page_id=3985"},"modified":"2021-08-06T07:06:03","modified_gmt":"2021-08-06T07:06:03","slug":"sexo","status":"publish","type":"page","link":"https:\/\/dibenedettoproductions.com\/?page_id=3985","title":{"rendered":"Sexo"},"content":{"rendered":"\t\t<div data-elementor-type=\"wp-page\" data-elementor-id=\"3985\" class=\"elementor elementor-3985\" data-elementor-settings=\"[]\">\n\t\t\t\t\t\t<div class=\"elementor-inner\">\n\t\t\t\t\t\t\t<div class=\"elementor-section-wrap\">\n\t\t\t\t\t\t\t<section class=\"elementor-section elementor-top-section elementor-element elementor-element-c42a800 elementor-section-stretched elementor-section-boxed elementor-section-height-default elementor-section-height-default\" data-id=\"c42a800\" data-element_type=\"section\" data-settings=\"{&quot;stretch_section&quot;:&quot;section-stretched&quot;,&quot;background_background&quot;:&quot;classic&quot;}\">\n\t\t\t\t\t\t<div class=\"elementor-container elementor-column-gap-default\">\n\t\t\t\t\t\t\t<div class=\"elementor-row\">\n\t\t\t\t\t<div class=\"elementor-column elementor-col-25 elementor-top-column elementor-element elementor-element-e300aee\" data-id=\"e300aee\" data-element_type=\"column\">\n\t\t\t<div class=\"elementor-column-wrap elementor-element-populated\">\n\t\t\t\t\t\t\t<div class=\"elementor-widget-wrap\">\n\t\t\t\t\t\t<div class=\"elementor-element elementor-element-ba40c73 elementor-align-center elementor-widget elementor-widget-button\" data-id=\"ba40c73\" data-element_type=\"widget\" data-widget_type=\"button.default\">\n\t\t\t\t<div class=\"elementor-widget-container\">\n\t\t\t\t\t<div class=\"elementor-button-wrapper\">\n\t\t\t<a href=\"https:\/\/open.spotify.com\/track\/7zm2TqBLxXtODConaVAF58?si=q3I_Ya0TRAyddGN4amltVA%20\" class=\"elementor-button-link elementor-button elementor-size-sm\" role=\"button\">\n\t\t\t\t\t\t<span class=\"elementor-button-content-wrapper\">\n\t\t\t\t\t\t<span class=\"elementor-button-text\">SPOTIFY<\/span>\n\t\t<\/span>\n\t\t\t\t\t<\/a>\n\t\t<\/div>\n\t\t\t\t<\/div>\n\t\t\t\t<\/div>\n\t\t\t\t\t\t<\/div>\n\t\t\t\t\t<\/div>\n\t\t<\/div>\n\t\t\t\t<div class=\"elementor-column elementor-col-25 elementor-top-column elementor-element elementor-element-e5ccad7\" data-id=\"e5ccad7\" data-element_type=\"column\">\n\t\t\t<div class=\"elementor-column-wrap elementor-element-populated\">\n\t\t\t\t\t\t\t<div class=\"elementor-widget-wrap\">\n\t\t\t\t\t\t<div class=\"elementor-element elementor-element-ec156d6 elementor-align-center elementor-widget elementor-widget-button\" data-id=\"ec156d6\" data-element_type=\"widget\" data-widget_type=\"button.default\">\n\t\t\t\t<div class=\"elementor-widget-container\">\n\t\t\t\t\t<div class=\"elementor-button-wrapper\">\n\t\t\t<a href=\"https:\/\/music.apple.com\/us\/album\/sexo\/1448909520?i=1448909523%20\" class=\"elementor-button-link elementor-button elementor-size-sm\" role=\"button\">\n\t\t\t\t\t\t<span class=\"elementor-button-content-wrapper\">\n\t\t\t\t\t\t<span class=\"elementor-button-text\">APPLE MUSIC<\/span>\n\t\t<\/span>\n\t\t\t\t\t<\/a>\n\t\t<\/div>\n\t\t\t\t<\/div>\n\t\t\t\t<\/div>\n\t\t\t\t\t\t<\/div>\n\t\t\t\t\t<\/div>\n\t\t<\/div>\n\t\t\t\t<div class=\"elementor-column elementor-col-25 elementor-top-column elementor-element elementor-element-fcc9dbe\" data-id=\"fcc9dbe\" data-element_type=\"column\">\n\t\t\t<div class=\"elementor-column-wrap elementor-element-populated\">\n\t\t\t\t\t\t\t<div class=\"elementor-widget-wrap\">\n\t\t\t\t\t\t<div class=\"elementor-element elementor-element-b38e454 elementor-align-center elementor-widget elementor-widget-button\" data-id=\"b38e454\" data-element_type=\"widget\" data-widget_type=\"button.default\">\n\t\t\t\t<div class=\"elementor-widget-container\">\n\t\t\t\t\t<div class=\"elementor-button-wrapper\">\n\t\t\t<a href=\"https:\/\/deezer.page.link\/KsdXLFSbW3oxwsXi6%20\" class=\"elementor-button-link elementor-button elementor-size-sm\" role=\"button\">\n\t\t\t\t\t\t<span class=\"elementor-button-content-wrapper\">\n\t\t\t\t\t\t<span class=\"elementor-button-text\">DEEZER<\/span>\n\t\t<\/span>\n\t\t\t\t\t<\/a>\n\t\t<\/div>\n\t\t\t\t<\/div>\n\t\t\t\t<\/div>\n\t\t\t\t\t\t<\/div>\n\t\t\t\t\t<\/div>\n\t\t<\/div>\n\t\t\t\t<div class=\"elementor-column elementor-col-25 elementor-top-column elementor-element elementor-element-a1329dd\" data-id=\"a1329dd\" data-element_type=\"column\">\n\t\t\t<div class=\"elementor-column-wrap elementor-element-populated\">\n\t\t\t\t\t\t\t<div class=\"elementor-widget-wrap\">\n\t\t\t\t\t\t<div class=\"elementor-element elementor-element-06ff662 elementor-align-center elementor-widget elementor-widget-button\" data-id=\"06ff662\" data-element_type=\"widget\" data-widget_type=\"button.default\">\n\t\t\t\t<div class=\"elementor-widget-container\">\n\t\t\t\t\t<div class=\"elementor-button-wrapper\">\n\t\t\t<a href=\"https:\/\/music.amazon.com\/albums\/B07PN4HZQ1?trackAsin=B07PN3GNK1&#038;ref=dm_sh_521f-9e5a-dmcp-d68f-84df3&#038;musicTerritory=US&#038;marketplaceId=ATVPDKIKX0DER%20\" class=\"elementor-button-link elementor-button elementor-size-sm\" role=\"button\">\n\t\t\t\t\t\t<span class=\"elementor-button-content-wrapper\">\n\t\t\t\t\t\t<span class=\"elementor-button-text\">AMAZON MUSIC<\/span>\n\t\t<\/span>\n\t\t\t\t\t<\/a>\n\t\t<\/div>\n\t\t\t\t<\/div>\n\t\t\t\t<\/div>\n\t\t\t\t\t\t<\/div>\n\t\t\t\t\t<\/div>\n\t\t<\/div>\n\t\t\t\t\t\t\t\t<\/div>\n\t\t\t\t\t<\/div>\n\t\t<\/section>\n\t\t\t\t<section class=\"elementor-section elementor-top-section elementor-element elementor-element-bcf54d1 elementor-section-stretched elementor-section-boxed elementor-section-height-default elementor-section-height-default\" data-id=\"bcf54d1\" data-element_type=\"section\" data-settings=\"{&quot;stretch_section&quot;:&quot;section-stretched&quot;,&quot;background_background&quot;:&quot;classic&quot;}\">\n\t\t\t\t\t\t<div class=\"elementor-container elementor-column-gap-default\">\n\t\t\t\t\t\t\t<div class=\"elementor-row\">\n\t\t\t\t\t<div class=\"elementor-column elementor-col-100 elementor-top-column elementor-element elementor-element-e77e8ad\" data-id=\"e77e8ad\" data-element_type=\"column\">\n\t\t\t<div class=\"elementor-column-wrap elementor-element-populated\">\n\t\t\t\t\t\t\t<div class=\"elementor-widget-wrap\">\n\t\t\t\t\t\t<div class=\"elementor-element elementor-element-e158c57 elementor-widget elementor-widget-text-editor\" data-id=\"e158c57\" data-element_type=\"widget\" data-widget_type=\"text-editor.default\">\n\t\t\t\t<div class=\"elementor-widget-container\">\n\t\t\t\t\t\t\t\t<div class=\"elementor-text-editor elementor-clearfix\">\n\t\t\t\t<div><p style=\"text-align: center;\"><span style=\"color: #ffffff;\">Oye Enzo, la galaxia<\/span><\/p><p style=\"text-align: center;\"><span style=\"color: #ffffff;\">Oye puro sexo, puro sexo<\/span><\/p><p style=\"text-align: center;\"><span style=\"color: #ffffff;\">Ya descubr\u00ed la forma de hac\u00e9rtelo sin maldad<\/span><\/p><p style=\"text-align: center;\"><span style=\"color: #ffffff;\">De sacarte del mundo y llevarte al m\u00e1s all\u00e1<\/span><\/p><p style=\"text-align: center;\"><span style=\"color: #ffffff;\">Atr\u00e9vete ven que te voy a dar la f\u00f3rmula<\/span><\/p><p style=\"text-align: center;\"><span style=\"color: #ffffff;\">A a a a a a<\/span><\/p><p style=\"text-align: center;\"><span style=\"color: #ffffff;\">Una cinturita rica<\/span><\/p><p style=\"text-align: center;\"><span style=\"color: #ffffff;\">Te hablo al o\u00eddo<\/span><\/p><p style=\"text-align: center;\"><span style=\"color: #ffffff;\">Un movimiento<\/span><\/p><p style=\"text-align: center;\"><span style=\"color: #ffffff;\">Que pide calle<\/span><\/p><p style=\"text-align: center;\"><span style=\"color: #ffffff;\">Cuando te fuiste en ese momento<\/span><\/p><p style=\"text-align: center;\"><span style=\"color: #ffffff;\">Pero me vengo y sigo adentro<\/span><\/p><p style=\"text-align: center;\"><span style=\"color: #ffffff;\">Muchacha t\u00fa la m\u00eda<\/span><\/p><p style=\"text-align: center;\"><span style=\"color: #ffffff;\">Yo estoy en sexo<\/span><\/p><p style=\"text-align: center;\"><span style=\"color: #ffffff;\">En movimiento<\/span><\/p><p style=\"text-align: center;\"><span style=\"color: #ffffff;\">Camina adentro<\/span><\/p><p style=\"text-align: center;\"><span style=\"color: #ffffff;\">Oye cuando te fuiste en ese momento<\/span><\/p><p style=\"text-align: center;\"><span style=\"color: #ffffff;\">Pero me vengo y sigo adentro<\/span><\/p><p style=\"text-align: center;\"><span style=\"color: #ffffff;\">Lubrica<\/span><\/p><p style=\"text-align: center;\"><span style=\"color: #ffffff;\">Pa hac\u00e9rtelo atra<\/span><\/p><p style=\"text-align: center;\"><span style=\"color: #ffffff;\">Con mucha cinturita te la derret\u00ed<\/span><\/p><p style=\"text-align: center;\"><span style=\"color: #ffffff;\">Te la derret\u00ed<\/span><\/p><p style=\"text-align: center;\"><span style=\"color: #ffffff;\">Ojala te saque del pa\u00eds<\/span><\/p><p style=\"text-align: center;\"><span style=\"color: #ffffff;\">Yo te dije al o\u00eddo<\/span><\/p><p style=\"text-align: center;\"><span style=\"color: #ffffff;\">A m\u00ed me gusta hacerlo as\u00ed<\/span><\/p><p style=\"text-align: center;\"><span style=\"color: #ffffff;\">Una cinturita rica<\/span><\/p><p style=\"text-align: center;\"><span style=\"color: #ffffff;\">Un movimiento<\/span><\/p><p style=\"text-align: center;\"><span style=\"color: #ffffff;\">Monta si yo te la part\u00ed<\/span><\/p><p style=\"text-align: center;\"><span style=\"color: #ffffff;\">T\u00fa que te enganchaste<\/span><\/p><p style=\"text-align: center;\"><span style=\"color: #ffffff;\">Hay mismo te quedaste<\/span><\/p><p style=\"text-align: center;\"><span style=\"color: #ffffff;\">Y te dijimos pues te la repet\u00ed<\/span><\/p><p style=\"text-align: center;\"><span style=\"color: #ffffff;\">Una cinturita rica<\/span><\/p><p style=\"text-align: center;\"><span style=\"color: #ffffff;\">Te hablo al o\u00eddo<\/span><\/p><p style=\"text-align: center;\"><span style=\"color: #ffffff;\">Un movimiento<\/span><\/p><p style=\"text-align: center;\"><span style=\"color: #ffffff;\">Que pide calle<\/span><\/p><p style=\"text-align: center;\"><span style=\"color: #ffffff;\">Cuando te fuiste en ese momento<\/span><\/p><p style=\"text-align: center;\"><span style=\"color: #ffffff;\">Pero me vengo y sigo adentro<\/span><\/p><p style=\"text-align: center;\"><span style=\"color: #ffffff;\">Muchacha t\u00fa la m\u00eda<\/span><\/p><p style=\"text-align: center;\"><span style=\"color: #ffffff;\">Yo estoy en sexo<\/span><\/p><p style=\"text-align: center;\"><span style=\"color: #ffffff;\">En movimiento<\/span><\/p><p style=\"text-align: center;\"><span style=\"color: #ffffff;\">Camina adentro<\/span><\/p><p style=\"text-align: center;\"><span style=\"color: #ffffff;\">Oye cuando te fuiste en ese momento<\/span><\/p><p style=\"text-align: center;\"><span style=\"color: #ffffff;\">Pero me vengo y sigo adentro<\/span><\/p><p style=\"text-align: center;\"><span style=\"color: #ffffff;\">Dale despacito pa que no te duela tita<\/span><\/p><p style=\"text-align: center;\"><span style=\"color: #ffffff;\">Dale despacito pa que no te duela tata<\/span><\/p><p style=\"text-align: center;\"><span style=\"color: #ffffff;\">T\u00fa sabe que yo soy el que te mata<\/span><\/p><p style=\"text-align: center;\"><span style=\"color: #ffffff;\">Por eso por el doble te le escapas<\/span><\/p><p style=\"text-align: center;\"><span style=\"color: #ffffff;\">Y es que tu<\/span><\/p><p style=\"text-align: center;\"><span style=\"color: #ffffff;\">Tu no aprende tu eres bajitica<\/span><\/p><p style=\"text-align: center;\"><span style=\"color: #ffffff;\">Tu no aprende tu eres bajitica<\/span><\/p><p style=\"text-align: center;\"><span style=\"color: #ffffff;\">Yo soy el que te la explica<\/span><\/p><p style=\"text-align: center;\"><span style=\"color: #ffffff;\">Qu\u00e9 cosa e<\/span><\/p><p style=\"text-align: center;\"><span style=\"color: #ffffff;\">Una cinturita rica<\/span><\/p><p style=\"text-align: center;\"><span style=\"color: #ffffff;\">Te hablo al o\u00eddo<\/span><\/p><p style=\"text-align: center;\"><span style=\"color: #ffffff;\">Un movimiento<\/span><\/p><p style=\"text-align: center;\"><span style=\"color: #ffffff;\">Que pide calle<\/span><\/p><p style=\"text-align: center;\"><span style=\"color: #ffffff;\">Cuando te fuiste en ese momento<\/span><\/p><p style=\"text-align: center;\"><span style=\"color: #ffffff;\">Pero me vengo y sigo adentro<\/span><\/p><p style=\"text-align: center;\"><span style=\"color: #ffffff;\">Muchacha t\u00fa la m\u00eda<\/span><\/p><p style=\"text-align: center;\"><span style=\"color: #ffffff;\">Yo estoy en sexo<\/span><\/p><p style=\"text-align: center;\"><span style=\"color: #ffffff;\">En movimiento<\/span><\/p><p style=\"text-align: center;\"><span style=\"color: #ffffff;\">Camina adentro<\/span><\/p><p style=\"text-align: center;\"><span style=\"color: #ffffff;\">Oye cuando te fuiste en ese momento<\/span><\/p><p style=\"text-align: center;\"><span style=\"color: #ffffff;\">Pero me vengo y sigo adentro<\/span><\/p><p style=\"text-align: center;\"><span style=\"color: #ffffff;\">Oye mira mira<\/span><\/p><p style=\"text-align: center;\"><span style=\"color: #ffffff;\">Oye pocha<\/span><\/p><p style=\"text-align: center;\"><span style=\"color: #ffffff;\">Ca\u00edste<\/span><\/p><p style=\"text-align: center;\"><span style=\"color: #ffffff;\">Oye ca\u00edste<\/span><\/p><p style=\"text-align: center;\"><span style=\"color: #ffffff;\">Con maldad te la di<\/span><\/p><p style=\"text-align: center;\"><span style=\"color: #ffffff;\">Oye con maldad te viniste<\/span><\/p><p style=\"text-align: center;\"><span style=\"color: #ffffff;\">Oye mira mira mira<\/span><\/p><p style=\"text-align: center;\"><span style=\"color: #ffffff;\">El ok el ok el ok con Enzo<\/span><\/p><p style=\"text-align: center;\"><span style=\"color: #ffffff;\">Enzo con el ok<\/span><\/p><p style=\"text-align: center;\"><span style=\"color: #ffffff;\">El ok con el vallo<\/span><\/p><p style=\"text-align: center;\"><span style=\"color: #ffffff;\">Fuego con to el mundo que llegaron los gallo<\/span><\/p><p style=\"text-align: center;\"><span style=\"color: #ffffff;\">Una cinturita rica<\/span><\/p><p style=\"text-align: center;\"><span style=\"color: #ffffff;\">Te hablo al o\u00eddo<\/span><\/p><p style=\"text-align: center;\"><span style=\"color: #ffffff;\">Un movimiento<\/span><\/p><p style=\"text-align: center;\"><span style=\"color: #ffffff;\">Que pide calle<\/span><\/p><p style=\"text-align: center;\"><span style=\"color: #ffffff;\">Cuando te fuiste en ese momento<\/span><\/p><p style=\"text-align: center;\"><span style=\"color: #ffffff;\">Pero me vengo y sigo adentro<\/span><\/p><p style=\"text-align: center;\"><span style=\"color: #ffffff;\">Muchacha t\u00fa la m\u00eda<\/span><\/p><p style=\"text-align: center;\"><span style=\"color: #ffffff;\">Yo estoy en sexo<\/span><\/p><p style=\"text-align: center;\"><span style=\"color: #ffffff;\">En movimiento<\/span><\/p><p style=\"text-align: center;\"><span style=\"color: #ffffff;\">Camina adentro<\/span><\/p><p style=\"text-align: center;\"><span style=\"color: #ffffff;\">Oye cuando te fuiste en ese momento<\/span><\/p><p style=\"text-align: center;\"><span style=\"color: #ffffff;\">Pero me vengo y sigo adentro<\/span><\/p><p style=\"text-align: center;\"><span style=\"color: #ffffff;\">Andamos con la bendici\u00f3n de orula<\/span><\/p><p style=\"text-align: center;\"><span style=\"color: #ffffff;\">Eso me lo dijo mi padrino<\/span><\/p><p style=\"text-align: center;\"><span style=\"color: #ffffff;\">En esta talla somos unos samur\u00e1i<\/span><\/p><p style=\"text-align: center;\"><span style=\"color: #ffffff;\">Nos hemos vuelto uno asesinos<\/span><\/p><p style=\"text-align: center;\"><span style=\"color: #ffffff;\">Una cinturita rica<\/span><\/p><p style=\"text-align: center;\"><span style=\"color: #ffffff;\">Te hablo al o\u00eddo<\/span><\/p><p style=\"text-align: center;\"><span style=\"color: #ffffff;\">Un movimiento<\/span><\/p><p style=\"text-align: center;\"><span style=\"color: #ffffff;\">Que pide calle<\/span><\/p><p style=\"text-align: center;\"><span style=\"color: #ffffff;\">Cuando te fuiste en ese momento<\/span><\/p><p style=\"text-align: center;\"><span style=\"color: #ffffff;\">Pero me vengo y sigo adentro<\/span><\/p><p style=\"text-align: center;\"><span style=\"color: #ffffff;\">Muchacha t\u00fa la m\u00eda<\/span><\/p><p style=\"text-align: center;\"><span style=\"color: #ffffff;\">Yo estoy en sexo<\/span><\/p><p style=\"text-align: center;\"><span style=\"color: #ffffff;\">En movimiento<\/span><\/p><p style=\"text-align: center;\"><span style=\"color: #ffffff;\">Camina adentro<\/span><\/p><p style=\"text-align: center;\"><span style=\"color: #ffffff;\">Oye cuando te fuiste en ese momento<\/span><\/p><p style=\"text-align: center;\"><span style=\"color: #ffffff;\">Pero me vengo y sigo adentro<\/span><\/p><p style=\"text-align: center;\"><span style=\"color: #ffffff;\">El wili wili wili<\/span><\/p><p style=\"text-align: center;\"><span style=\"color: #ffffff;\">bom bom el callej\u00f3n<\/span><\/p><p style=\"text-align: center;\"><span style=\"color: #ffffff;\">el jonky el segurity que te hace popopopopopo<\/span><\/p><p style=\"text-align: center;\"><span style=\"color: #ffffff;\">la loca se boto se boto<\/span><\/p><p style=\"text-align: center;\"><span style=\"color: #ffffff;\">oye merce merce Brown merce el mago<\/span><\/p><p style=\"text-align: center;\"><span style=\"color: #ffffff;\">merce la melod\u00eda galaxia Music<\/span><\/p><p style=\"text-align: center;\"><span style=\"color: #ffffff;\">oye mira<\/span><\/p><p style=\"text-align: center;\"><span style=\"color: #ffffff;\">Di Benedetto Production<\/span><\/p><p style=\"text-align: center;\"><span style=\"color: #ffffff;\">bienvenido a otro cap\u00edtulo<\/span><\/p><p style=\"text-align: center;\"><span style=\"color: #ffffff;\">nosotros estamos haciendo m\u00fasica<\/span><\/p><p style=\"text-align: center;\"><span style=\"color: #ffffff;\">ustedes el rid\u00edculo<\/span><\/p><p style=\"text-align: center;\"><span style=\"color: #ffffff;\">Enzo<\/span><\/p><p style=\"text-align: center;\"><span style=\"color: #ffffff;\">vallito ok ok<\/span><\/p><p style=\"text-align: center;\"><span style=\"color: #ffffff;\">t\u00fa no entiendes<\/span><\/p><p style=\"text-align: center;\"><span style=\"color: #ffffff;\">con nosotros hay que picar el key<\/span><\/p><p style=\"text-align: center;\"><span style=\"color: #ffffff;\">osmel pro<\/span><\/p><p style=\"text-align: center;\"><span style=\"color: #ffffff;\">oye Adri\u00e1n Fern\u00e1ndez comparte<\/span><\/p><\/div>\t\t\t\t\t<\/div>\n\t\t\t\t\t\t<\/div>\n\t\t\t\t<\/div>\n\t\t\t\t\t\t<\/div>\n\t\t\t\t\t<\/div>\n\t\t<\/div>\n\t\t\t\t\t\t\t\t<\/div>\n\t\t\t\t\t<\/div>\n\t\t<\/section>\n\t\t\t\t\t\t<\/div>\n\t\t\t\t\t\t<\/div>\n\t\t\t\t\t<\/div>\n\t\t","protected":false},"excerpt":{"rendered":"<p>SPOTIFY APPLE MUSIC DEEZER AMAZON MUSIC Oye Enzo, la galaxia Oye puro sexo, puro sexo Ya descubr\u00ed la forma de hac\u00e9rtelo sin maldad De sacarte del mundo y llevarte al m\u00e1s all\u00e1 Atr\u00e9vete ven que te voy a dar la f\u00f3rmula A a a a a a Una cinturita rica Te hablo al o\u00eddo Un.<\/p>\n","protected":false},"author":1,"featured_media":0,"parent":0,"menu_order":0,"comment_status":"closed","ping_status":"closed","template":"","meta":{"footnotes":""},"categories":[42],"tags":[],"class_list":["post-3985","page","type-page","status-publish","hentry","category-testi"],"yoast_head":"<!-- This site is optimized with the Yoast SEO plugin v19.6.1 - https:\/\/yoast.com\/wordpress\/plugins\/seo\/ -->\n<title>Sexo - Di Benedetto Productions<\/title>\n<meta name=\"robots\" content=\"index, follow, max-snippet:-1, max-image-preview:large, max-video-preview:-1\" \/>\n<link rel=\"canonical\" href=\"https:\/\/dibenedettoproductions.com\/?page_id=3985\" \/>\n<meta property=\"og:locale\" content=\"it_IT\" \/>\n<meta property=\"og:type\" content=\"article\" \/>\n<meta property=\"og:title\" content=\"Sexo - Di Benedetto Productions\" \/>\n<meta property=\"og:description\" content=\"SPOTIFY APPLE MUSIC DEEZER AMAZON MUSIC Oye Enzo, la galaxia Oye puro sexo, puro sexo Ya descubr\u00ed la forma de hac\u00e9rtelo sin maldad De sacarte del mundo y llevarte al m\u00e1s all\u00e1 Atr\u00e9vete ven que te voy a dar la f\u00f3rmula A a a a a a Una cinturita rica Te hablo al o\u00eddo Un.\" \/>\n<meta property=\"og:url\" content=\"https:\/\/dibenedettoproductions.com\/?page_id=3985\" \/>\n<meta property=\"og:site_name\" content=\"Di Benedetto Productions\" \/>\n<meta property=\"article:modified_time\" content=\"2021-08-06T07:06:03+00:00\" \/>\n<meta name=\"twitter:card\" content=\"summary_large_image\" \/>\n<meta name=\"twitter:label1\" content=\"Tempo di lettura stimato\" \/>\n\t<meta name=\"twitter:data1\" content=\"2 minuti\" \/>\n<script type=\"application\/ld+json\" class=\"yoast-schema-graph\">{\"@context\":\"https:\/\/schema.org\",\"@graph\":[{\"@type\":\"WebPage\",\"@id\":\"https:\/\/dibenedettoproductions.com\/?page_id=3985\",\"url\":\"https:\/\/dibenedettoproductions.com\/?page_id=3985\",\"name\":\"Sexo - Di Benedetto Productions\",\"isPartOf\":{\"@id\":\"https:\/\/dibenedettoproductions.com\/#website\"},\"datePublished\":\"2021-02-24T11:31:25+00:00\",\"dateModified\":\"2021-08-06T07:06:03+00:00\",\"breadcrumb\":{\"@id\":\"https:\/\/dibenedettoproductions.com\/?page_id=3985#breadcrumb\"},\"inLanguage\":\"it-IT\",\"potentialAction\":[{\"@type\":\"ReadAction\",\"target\":[\"https:\/\/dibenedettoproductions.com\/?page_id=3985\"]}]},{\"@type\":\"BreadcrumbList\",\"@id\":\"https:\/\/dibenedettoproductions.com\/?page_id=3985#breadcrumb\",\"itemListElement\":[{\"@type\":\"ListItem\",\"position\":1,\"name\":\"Home\",\"item\":\"https:\/\/dibenedettoproductions.com\/\"},{\"@type\":\"ListItem\",\"position\":2,\"name\":\"Sexo\"}]},{\"@type\":\"WebSite\",\"@id\":\"https:\/\/dibenedettoproductions.com\/#website\",\"url\":\"https:\/\/dibenedettoproductions.com\/\",\"name\":\"Di Benedetto Productions\",\"description\":\"\",\"publisher\":{\"@id\":\"https:\/\/dibenedettoproductions.com\/#organization\"},\"potentialAction\":[{\"@type\":\"SearchAction\",\"target\":{\"@type\":\"EntryPoint\",\"urlTemplate\":\"https:\/\/dibenedettoproductions.com\/?s={search_term_string}\"},\"query-input\":\"required name=search_term_string\"}],\"inLanguage\":\"it-IT\"},{\"@type\":\"Organization\",\"@id\":\"https:\/\/dibenedettoproductions.com\/#organization\",\"name\":\"DI BENEDETTO PRODUCTIONS\",\"url\":\"https:\/\/dibenedettoproductions.com\/\",\"sameAs\":[],\"logo\":{\"@type\":\"ImageObject\",\"inLanguage\":\"it-IT\",\"@id\":\"https:\/\/dibenedettoproductions.com\/#\/schema\/logo\/image\/\",\"url\":\"https:\/\/dibenedettoproductions.com\/wp-content\/uploads\/2021\/09\/logo_di_benedetto_productions.jpg\",\"contentUrl\":\"https:\/\/dibenedettoproductions.com\/wp-content\/uploads\/2021\/09\/logo_di_benedetto_productions.jpg\",\"width\":225,\"height\":225,\"caption\":\"DI BENEDETTO PRODUCTIONS\"},\"image\":{\"@id\":\"https:\/\/dibenedettoproductions.com\/#\/schema\/logo\/image\/\"}}]}<\/script>\n<!-- \/ Yoast SEO plugin. -->","yoast_head_json":{"title":"Sexo - Di Benedetto Productions","robots":{"index":"index","follow":"follow","max-snippet":"max-snippet:-1","max-image-preview":"max-image-preview:large","max-video-preview":"max-video-preview:-1"},"canonical":"https:\/\/dibenedettoproductions.com\/?page_id=3985","og_locale":"it_IT","og_type":"article","og_title":"Sexo - Di Benedetto Productions","og_description":"SPOTIFY APPLE MUSIC DEEZER AMAZON MUSIC Oye Enzo, la galaxia Oye puro sexo, puro sexo Ya descubr\u00ed la forma de hac\u00e9rtelo sin maldad De sacarte del mundo y llevarte al m\u00e1s all\u00e1 Atr\u00e9vete ven que te voy a dar la f\u00f3rmula A a a a a a Una cinturita rica Te hablo al o\u00eddo Un.","og_url":"https:\/\/dibenedettoproductions.com\/?page_id=3985","og_site_name":"Di Benedetto Productions","article_modified_time":"2021-08-06T07:06:03+00:00","twitter_card":"summary_large_image","twitter_misc":{"Tempo di lettura stimato":"2 minuti"},"schema":{"@context":"https:\/\/schema.org","@graph":[{"@type":"WebPage","@id":"https:\/\/dibenedettoproductions.com\/?page_id=3985","url":"https:\/\/dibenedettoproductions.com\/?page_id=3985","name":"Sexo - Di Benedetto Productions","isPartOf":{"@id":"https:\/\/dibenedettoproductions.com\/#website"},"datePublished":"2021-02-24T11:31:25+00:00","dateModified":"2021-08-06T07:06:03+00:00","breadcrumb":{"@id":"https:\/\/dibenedettoproductions.com\/?page_id=3985#breadcrumb"},"inLanguage":"it-IT","potentialAction":[{"@type":"ReadAction","target":["https:\/\/dibenedettoproductions.com\/?page_id=3985"]}]},{"@type":"BreadcrumbList","@id":"https:\/\/dibenedettoproductions.com\/?page_id=3985#breadcrumb","itemListElement":[{"@type":"ListItem","position":1,"name":"Home","item":"https:\/\/dibenedettoproductions.com\/"},{"@type":"ListItem","position":2,"name":"Sexo"}]},{"@type":"WebSite","@id":"https:\/\/dibenedettoproductions.com\/#website","url":"https:\/\/dibenedettoproductions.com\/","name":"Di Benedetto Productions","description":"","publisher":{"@id":"https:\/\/dibenedettoproductions.com\/#organization"},"potentialAction":[{"@type":"SearchAction","target":{"@type":"EntryPoint","urlTemplate":"https:\/\/dibenedettoproductions.com\/?s={search_term_string}"},"query-input":"required name=search_term_string"}],"inLanguage":"it-IT"},{"@type":"Organization","@id":"https:\/\/dibenedettoproductions.com\/#organization","name":"DI BENEDETTO PRODUCTIONS","url":"https:\/\/dibenedettoproductions.com\/","sameAs":[],"logo":{"@type":"ImageObject","inLanguage":"it-IT","@id":"https:\/\/dibenedettoproductions.com\/#\/schema\/logo\/image\/","url":"https:\/\/dibenedettoproductions.com\/wp-content\/uploads\/2021\/09\/logo_di_benedetto_productions.jpg","contentUrl":"https:\/\/dibenedettoproductions.com\/wp-content\/uploads\/2021\/09\/logo_di_benedetto_productions.jpg","width":225,"height":225,"caption":"DI BENEDETTO PRODUCTIONS"},"image":{"@id":"https:\/\/dibenedettoproductions.com\/#\/schema\/logo\/image\/"}}]}},"_links":{"self":[{"href":"https:\/\/dibenedettoproductions.com\/index.php?rest_route=\/wp\/v2\/pages\/3985","targetHints":{"allow":["GET"]}}],"collection":[{"href":"https:\/\/dibenedettoproductions.com\/index.php?rest_route=\/wp\/v2\/pages"}],"about":[{"href":"https:\/\/dibenedettoproductions.com\/index.php?rest_route=\/wp\/v2\/types\/page"}],"author":[{"embeddable":true,"href":"https:\/\/dibenedettoproductions.com\/index.php?rest_route=\/wp\/v2\/users\/1"}],"replies":[{"embeddable":true,"href":"https:\/\/dibenedettoproductions.com\/index.php?rest_route=%2Fwp%2Fv2%2Fcomments&post=3985"}],"version-history":[{"count":7,"href":"https:\/\/dibenedettoproductions.com\/index.php?rest_route=\/wp\/v2\/pages\/3985\/revisions"}],"predecessor-version":[{"id":5905,"href":"https:\/\/dibenedettoproductions.com\/index.php?rest_route=\/wp\/v2\/pages\/3985\/revisions\/5905"}],"wp:attachment":[{"href":"https:\/\/dibenedettoproductions.com\/index.php?rest_route=%2Fwp%2Fv2%2Fmedia&parent=3985"}],"wp:term":[{"taxonomy":"category","embeddable":true,"href":"https:\/\/dibenedettoproductions.com\/index.php?rest_route=%2Fwp%2Fv2%2Fcategories&post=3985"},{"taxonomy":"post_tag","embeddable":true,"href":"https:\/\/dibenedettoproductions.com\/index.php?rest_route=%2Fwp%2Fv2%2Ftags&post=3985"}],"curies":[{"name":"wp","href":"https:\/\/api.w.org\/{rel}","templated":true}]}}