{"id":3977,"date":"2021-02-24T11:29:00","date_gmt":"2021-02-24T11:29:00","guid":{"rendered":"https:\/\/dibenedettoproductions.com\/?page_id=3977"},"modified":"2021-08-06T07:05:55","modified_gmt":"2021-08-06T07:05:55","slug":"se-transforma","status":"publish","type":"page","link":"https:\/\/dibenedettoproductions.com\/?page_id=3977","title":{"rendered":"Se Transforma"},"content":{"rendered":"\t\t<div data-elementor-type=\"wp-page\" data-elementor-id=\"3977\" class=\"elementor elementor-3977\" data-elementor-settings=\"[]\">\n\t\t\t\t\t\t<div class=\"elementor-inner\">\n\t\t\t\t\t\t\t<div class=\"elementor-section-wrap\">\n\t\t\t\t\t\t\t<section class=\"elementor-section elementor-top-section elementor-element elementor-element-75daf4c elementor-section-stretched elementor-section-boxed elementor-section-height-default elementor-section-height-default\" data-id=\"75daf4c\" data-element_type=\"section\" data-settings=\"{&quot;stretch_section&quot;:&quot;section-stretched&quot;,&quot;background_background&quot;:&quot;classic&quot;}\">\n\t\t\t\t\t\t<div class=\"elementor-container elementor-column-gap-default\">\n\t\t\t\t\t\t\t<div class=\"elementor-row\">\n\t\t\t\t\t<div class=\"elementor-column elementor-col-25 elementor-top-column elementor-element elementor-element-8faee7e\" data-id=\"8faee7e\" data-element_type=\"column\">\n\t\t\t<div class=\"elementor-column-wrap elementor-element-populated\">\n\t\t\t\t\t\t\t<div class=\"elementor-widget-wrap\">\n\t\t\t\t\t\t<div class=\"elementor-element elementor-element-da2c824 elementor-align-center elementor-widget elementor-widget-button\" data-id=\"da2c824\" data-element_type=\"widget\" data-widget_type=\"button.default\">\n\t\t\t\t<div class=\"elementor-widget-container\">\n\t\t\t\t\t<div class=\"elementor-button-wrapper\">\n\t\t\t<a href=\"https:\/\/open.spotify.com\/track\/4fExOJ8zc9ULmnfjt0VUFs?si=F80LAxQjRzmn67bi4QFDeA%20\" class=\"elementor-button-link elementor-button elementor-size-sm\" role=\"button\">\n\t\t\t\t\t\t<span class=\"elementor-button-content-wrapper\">\n\t\t\t\t\t\t<span class=\"elementor-button-text\">SPOTIFY<\/span>\n\t\t<\/span>\n\t\t\t\t\t<\/a>\n\t\t<\/div>\n\t\t\t\t<\/div>\n\t\t\t\t<\/div>\n\t\t\t\t\t\t<\/div>\n\t\t\t\t\t<\/div>\n\t\t<\/div>\n\t\t\t\t<div class=\"elementor-column elementor-col-25 elementor-top-column elementor-element elementor-element-f6cd8d4\" data-id=\"f6cd8d4\" data-element_type=\"column\">\n\t\t\t<div class=\"elementor-column-wrap elementor-element-populated\">\n\t\t\t\t\t\t\t<div class=\"elementor-widget-wrap\">\n\t\t\t\t\t\t<div class=\"elementor-element elementor-element-0d2d944 elementor-align-center elementor-widget elementor-widget-button\" data-id=\"0d2d944\" data-element_type=\"widget\" data-widget_type=\"button.default\">\n\t\t\t\t<div class=\"elementor-widget-container\">\n\t\t\t\t\t<div class=\"elementor-button-wrapper\">\n\t\t\t<a href=\"https:\/\/music.apple.com\/us\/album\/se-transforma\/1345961300?i=1345961302\" class=\"elementor-button-link elementor-button elementor-size-sm\" role=\"button\">\n\t\t\t\t\t\t<span class=\"elementor-button-content-wrapper\">\n\t\t\t\t\t\t<span class=\"elementor-button-text\">APPLE MUSIC<\/span>\n\t\t<\/span>\n\t\t\t\t\t<\/a>\n\t\t<\/div>\n\t\t\t\t<\/div>\n\t\t\t\t<\/div>\n\t\t\t\t\t\t<\/div>\n\t\t\t\t\t<\/div>\n\t\t<\/div>\n\t\t\t\t<div class=\"elementor-column elementor-col-25 elementor-top-column elementor-element elementor-element-816164f\" data-id=\"816164f\" data-element_type=\"column\">\n\t\t\t<div class=\"elementor-column-wrap elementor-element-populated\">\n\t\t\t\t\t\t\t<div class=\"elementor-widget-wrap\">\n\t\t\t\t\t\t<div class=\"elementor-element elementor-element-0da97b0 elementor-align-center elementor-widget elementor-widget-button\" data-id=\"0da97b0\" data-element_type=\"widget\" data-widget_type=\"button.default\">\n\t\t\t\t<div class=\"elementor-widget-container\">\n\t\t\t\t\t<div class=\"elementor-button-wrapper\">\n\t\t\t<a href=\"https:\/\/deezer.page.link\/z8qi6CDTkDjk4EvL9\" class=\"elementor-button-link elementor-button elementor-size-sm\" role=\"button\">\n\t\t\t\t\t\t<span class=\"elementor-button-content-wrapper\">\n\t\t\t\t\t\t<span class=\"elementor-button-text\">DEEZER<\/span>\n\t\t<\/span>\n\t\t\t\t\t<\/a>\n\t\t<\/div>\n\t\t\t\t<\/div>\n\t\t\t\t<\/div>\n\t\t\t\t\t\t<\/div>\n\t\t\t\t\t<\/div>\n\t\t<\/div>\n\t\t\t\t<div class=\"elementor-column elementor-col-25 elementor-top-column elementor-element elementor-element-1dc5df2\" data-id=\"1dc5df2\" data-element_type=\"column\">\n\t\t\t<div class=\"elementor-column-wrap elementor-element-populated\">\n\t\t\t\t\t\t\t<div class=\"elementor-widget-wrap\">\n\t\t\t\t\t\t<div class=\"elementor-element elementor-element-74a818c elementor-align-center elementor-widget elementor-widget-button\" data-id=\"74a818c\" data-element_type=\"widget\" data-widget_type=\"button.default\">\n\t\t\t\t<div class=\"elementor-widget-container\">\n\t\t\t\t\t<div class=\"elementor-button-wrapper\">\n\t\t\t<a href=\"https:\/\/music.amazon.com\/albums\/B07T8B6C8Z?trackAsin=B07T8B6SXN&#038;ref=dm_sh_a0c0-efaf-dmcp-eb67-02506&#038;musicTerritory=US&#038;marketplaceId=ATVPDKIKX0DER%20\" class=\"elementor-button-link elementor-button elementor-size-sm\" role=\"button\">\n\t\t\t\t\t\t<span class=\"elementor-button-content-wrapper\">\n\t\t\t\t\t\t<span class=\"elementor-button-text\">AMAZON MUSIC<\/span>\n\t\t<\/span>\n\t\t\t\t\t<\/a>\n\t\t<\/div>\n\t\t\t\t<\/div>\n\t\t\t\t<\/div>\n\t\t\t\t\t\t<\/div>\n\t\t\t\t\t<\/div>\n\t\t<\/div>\n\t\t\t\t\t\t\t\t<\/div>\n\t\t\t\t\t<\/div>\n\t\t<\/section>\n\t\t\t\t<section class=\"elementor-section elementor-top-section elementor-element elementor-element-051a301 elementor-section-stretched elementor-section-boxed elementor-section-height-default elementor-section-height-default\" data-id=\"051a301\" data-element_type=\"section\" data-settings=\"{&quot;stretch_section&quot;:&quot;section-stretched&quot;,&quot;background_background&quot;:&quot;classic&quot;}\">\n\t\t\t\t\t\t<div class=\"elementor-container elementor-column-gap-default\">\n\t\t\t\t\t\t\t<div class=\"elementor-row\">\n\t\t\t\t\t<div class=\"elementor-column elementor-col-100 elementor-top-column elementor-element elementor-element-fc6b7b0\" data-id=\"fc6b7b0\" data-element_type=\"column\">\n\t\t\t<div class=\"elementor-column-wrap elementor-element-populated\">\n\t\t\t\t\t\t\t<div class=\"elementor-widget-wrap\">\n\t\t\t\t\t\t<div class=\"elementor-element elementor-element-c4a2a67 elementor-widget elementor-widget-text-editor\" data-id=\"c4a2a67\" data-element_type=\"widget\" data-widget_type=\"text-editor.default\">\n\t\t\t\t<div class=\"elementor-widget-container\">\n\t\t\t\t\t\t\t\t<div class=\"elementor-text-editor elementor-clearfix\">\n\t\t\t\t<div><p style=\"text-align: center;\"><span style=\"color: #ffffff;\">Ella es otra en la intimidad<\/span><\/p><p style=\"text-align: center;\"><span style=\"color: #ffffff;\">Pero cuando lo hace conmigo se transforma<\/span><\/p><p style=\"text-align: center;\"><span style=\"color: #ffffff;\">Muchos se la han chingado y creen que saben, saben<\/span><\/p><p style=\"text-align: center;\"><span style=\"color: #ffffff;\">Pero de su coraz\u00f3n tengo la llave, llave<\/span><\/p><p style=\"text-align: center;\"><span style=\"color: #ffffff;\">Ella es otra en la intimidad<\/span><\/p><p style=\"text-align: center;\"><span style=\"color: #ffffff;\">Muchos la han tocado y no hace na\u00b4<\/span><\/p><p style=\"text-align: center;\"><span style=\"color: #ffffff;\">Porque ellos creen que saben, saben<\/span><\/p><p style=\"text-align: center;\"><span style=\"color: #ffffff;\">Desde su coraz\u00f3n tengo la llave, llave<\/span><\/p><p style=\"text-align: center;\">\u00a0<\/p><p style=\"text-align: center;\"><span style=\"color: #ffffff;\">La conozco desde los trece, le doy desde los diecis\u00e9is<\/span><\/p><p style=\"text-align: center;\"><span style=\"color: #ffffff;\">Tengo su foto privada guardada en mi iPhone seis<\/span><\/p><p style=\"text-align: center;\"><span style=\"color: #ffffff;\">Ella siempre me llama en el carro le contesto<\/span><\/p><p style=\"text-align: center;\"><span style=\"color: #ffffff;\">Me dice que quiere m\u00e1s por mensaje de texto<\/span><\/p><p style=\"text-align: center;\"><span style=\"color: #ffffff;\">Me dice que fuck me, grita cuando se lo meto<\/span><\/p><p style=\"text-align: center;\"><span style=\"color: #ffffff;\">Ella lo quiere en privado y se encojona sino le contesto<\/span><\/p><p style=\"text-align: center;\"><span style=\"color: #ffffff;\">Ella quiere m\u00e1s de m\u00ed y yo m\u00e1s de ella<\/span><\/p><p style=\"text-align: center;\"><span style=\"color: #ffffff;\">Yo soy su cantante y ella es mi doncella<\/span><\/p><p style=\"text-align: center;\"><span style=\"color: #ffffff;\">Ella es como estrella de porno en la cama<\/span><\/p><p style=\"text-align: center;\"><span style=\"color: #ffffff;\">Me gusta ver como tu mueves esa chapa<\/span><\/p><p style=\"text-align: center;\"><span style=\"color: #ffffff;\">Tiene la curva que mata, esa fragancia que mata<\/span><\/p><p style=\"text-align: center;\"><span style=\"color: #ffffff;\">Tu pelo a m\u00ed me envuelve, Es algo diferente<\/span><\/p><p style=\"text-align: center;\"><span style=\"color: #ffffff;\">Me gusta porque no se coge y ve delante de la gente<\/span><\/p><p style=\"text-align: center;\"><span style=\"color: #ffffff;\">Ella siempre me llama por whatsapp<\/span><\/p><p style=\"text-align: center;\"><span style=\"color: #ffffff;\">Y me dice que quiere que la derrite<\/span><\/p><p style=\"text-align: center;\"><span style=\"color: #ffffff;\">Que cuando me valla a venir socio y r\u00e1pido avise<\/span><\/p><p style=\"text-align: center;\"><span style=\"color: #ffffff;\">Porque ella quiere tragarse<\/span><\/p><p style=\"text-align: center;\"><span style=\"color: #ffffff;\">Todo lo que yo estoy para darle<\/span><\/p><p style=\"text-align: center;\">\u00a0<\/p><p style=\"text-align: center;\"><span style=\"color: #ffffff;\">Ella es otra en la intimidad<\/span><\/p><p style=\"text-align: center;\"><span style=\"color: #ffffff;\">Pero cuando lo hace conmigo se transforma<\/span><\/p><p style=\"text-align: center;\"><span style=\"color: #ffffff;\">Muchos se la han chingado y creen que saben, saben<\/span><\/p><p style=\"text-align: center;\"><span style=\"color: #ffffff;\">Pero de su coraz\u00f3n tengo la llave, llave<\/span><\/p><p style=\"text-align: center;\"><span style=\"color: #ffffff;\">Ella es otra en la intimidad<\/span><\/p><p style=\"text-align: center;\"><span style=\"color: #ffffff;\">Muchos la han tocado y no hace na\u00b4<\/span><\/p><p style=\"text-align: center;\"><span style=\"color: #ffffff;\">Porque ellos creen que saben, saben<\/span><\/p><p style=\"text-align: center;\"><span style=\"color: #ffffff;\">Desde su coraz\u00f3n tengo la llave, llave<\/span><\/p><p style=\"text-align: center;\">\u00a0<\/p><p style=\"text-align: center;\"><span style=\"color: #ffffff;\">\u00c8 come una droga e ti controlla<\/span><\/p><p style=\"text-align: center;\"><span style=\"color: #ffffff;\">Credi poter lasciarla ma ti innamora<\/span><\/p><p style=\"text-align: center;\"><span style=\"color: #ffffff;\">Cuore e cervello poi tutto il resto ti divora<\/span><\/p><p style=\"text-align: center;\"><span style=\"color: #ffffff;\">Mi sta bene Come alla Spagna il Barcellona<\/span><\/p><p style=\"text-align: center;\"><span style=\"color: #ffffff;\">Ella cuando estamos a solas me dice ven papi<\/span><\/p><p style=\"text-align: center;\"><span style=\"color: #ffffff;\">Que t\u00fa haces venirme con fuerza de tsunami<\/span><\/p><p style=\"text-align: center;\"><span style=\"color: #ffffff;\">Iniciamos ayer finiamo domani<\/span><\/p><p style=\"text-align: center;\"><span style=\"color: #ffffff;\">Desova la cama del ba\u00f1o al piso<\/span><\/p><p style=\"text-align: center;\"><span style=\"color: #ffffff;\">Este a\u00f1o lo quiso el otro tambi\u00e9n<\/span><\/p><p style=\"text-align: center;\"><span style=\"color: #ffffff;\">Su primer amor, la llevo al Ed\u00e9n<\/span><\/p><p style=\"text-align: center;\"><span style=\"color: #ffffff;\">Me como su fruta prohibida porque<\/span><\/p><p style=\"text-align: center;\"><span style=\"color: #ffffff;\">Nadie como yo se lo hace<\/span><\/p><p style=\"text-align: center;\"><span style=\"color: #ffffff;\">Nadie como yo se la mete, nadie<\/span><\/p><p style=\"text-align: center;\"><span style=\"color: #ffffff;\">Come lei nessuna<\/span><\/p><p style=\"text-align: center;\"><span style=\"color: #ffffff;\">Come lei nessuna<\/span><\/p><p style=\"text-align: center;\"><span style=\"color: #ffffff;\">Me encanta como ella calienta<\/span><\/p><p style=\"text-align: center;\"><span style=\"color: #ffffff;\">Cuando vamos a cenar a fuera<\/span><\/p><p style=\"text-align: center;\"><span style=\"color: #ffffff;\">Me pone su pie bajo de la mesa con mucha malicia<\/span><\/p><p style=\"text-align: center;\"><span style=\"color: #ffffff;\">Me mira y provoca le gusta la vida<\/span><\/p><p style=\"text-align: center;\"><span style=\"color: #ffffff;\">Enciende su plan lleno de guida<\/span><\/p><p style=\"text-align: center;\"><span style=\"color: #ffffff;\">El crimen la excita, la ni\u00f1a le pica<\/span><\/p><p style=\"text-align: center;\"><span style=\"color: #ffffff;\">Requiere mi ayuda, que rico se desnuda<\/span><\/p><\/div>\t\t\t\t\t<\/div>\n\t\t\t\t\t\t<\/div>\n\t\t\t\t<\/div>\n\t\t\t\t\t\t<\/div>\n\t\t\t\t\t<\/div>\n\t\t<\/div>\n\t\t\t\t\t\t\t\t<\/div>\n\t\t\t\t\t<\/div>\n\t\t<\/section>\n\t\t\t\t\t\t<\/div>\n\t\t\t\t\t\t<\/div>\n\t\t\t\t\t<\/div>\n\t\t","protected":false},"excerpt":{"rendered":"<p>SPOTIFY APPLE MUSIC DEEZER AMAZON MUSIC Ella es otra en la intimidad Pero cuando lo hace conmigo se transforma Muchos se la han chingado y creen que saben, saben Pero de su coraz\u00f3n tengo la llave, llave Ella es otra en la intimidad Muchos la han tocado y no hace na\u00b4 Porque ellos creen que.<\/p>\n","protected":false},"author":1,"featured_media":0,"parent":0,"menu_order":0,"comment_status":"closed","ping_status":"closed","template":"","meta":{"footnotes":""},"categories":[42],"tags":[],"class_list":["post-3977","page","type-page","status-publish","hentry","category-testi"],"yoast_head":"<!-- This site is optimized with the Yoast SEO plugin v19.6.1 - https:\/\/yoast.com\/wordpress\/plugins\/seo\/ -->\n<title>Se Transforma - Di Benedetto Productions<\/title>\n<meta name=\"robots\" content=\"index, follow, max-snippet:-1, max-image-preview:large, max-video-preview:-1\" \/>\n<link rel=\"canonical\" href=\"https:\/\/dibenedettoproductions.com\/?page_id=3977\" \/>\n<meta property=\"og:locale\" content=\"it_IT\" \/>\n<meta property=\"og:type\" content=\"article\" \/>\n<meta property=\"og:title\" content=\"Se Transforma - Di Benedetto Productions\" \/>\n<meta property=\"og:description\" content=\"SPOTIFY APPLE MUSIC DEEZER AMAZON MUSIC Ella es otra en la intimidad Pero cuando lo hace conmigo se transforma Muchos se la han chingado y creen que saben, saben Pero de su coraz\u00f3n tengo la llave, llave Ella es otra en la intimidad Muchos la han tocado y no hace na\u00b4 Porque ellos creen que.\" \/>\n<meta property=\"og:url\" content=\"https:\/\/dibenedettoproductions.com\/?page_id=3977\" \/>\n<meta property=\"og:site_name\" content=\"Di Benedetto Productions\" \/>\n<meta property=\"article:modified_time\" content=\"2021-08-06T07:05:55+00:00\" \/>\n<meta name=\"twitter:card\" content=\"summary_large_image\" \/>\n<meta name=\"twitter:label1\" content=\"Tempo di lettura stimato\" \/>\n\t<meta name=\"twitter:data1\" content=\"2 minuti\" \/>\n<script type=\"application\/ld+json\" class=\"yoast-schema-graph\">{\"@context\":\"https:\/\/schema.org\",\"@graph\":[{\"@type\":\"WebPage\",\"@id\":\"https:\/\/dibenedettoproductions.com\/?page_id=3977\",\"url\":\"https:\/\/dibenedettoproductions.com\/?page_id=3977\",\"name\":\"Se Transforma - Di Benedetto Productions\",\"isPartOf\":{\"@id\":\"https:\/\/dibenedettoproductions.com\/#website\"},\"datePublished\":\"2021-02-24T11:29:00+00:00\",\"dateModified\":\"2021-08-06T07:05:55+00:00\",\"breadcrumb\":{\"@id\":\"https:\/\/dibenedettoproductions.com\/?page_id=3977#breadcrumb\"},\"inLanguage\":\"it-IT\",\"potentialAction\":[{\"@type\":\"ReadAction\",\"target\":[\"https:\/\/dibenedettoproductions.com\/?page_id=3977\"]}]},{\"@type\":\"BreadcrumbList\",\"@id\":\"https:\/\/dibenedettoproductions.com\/?page_id=3977#breadcrumb\",\"itemListElement\":[{\"@type\":\"ListItem\",\"position\":1,\"name\":\"Home\",\"item\":\"https:\/\/dibenedettoproductions.com\/\"},{\"@type\":\"ListItem\",\"position\":2,\"name\":\"Se Transforma\"}]},{\"@type\":\"WebSite\",\"@id\":\"https:\/\/dibenedettoproductions.com\/#website\",\"url\":\"https:\/\/dibenedettoproductions.com\/\",\"name\":\"Di Benedetto Productions\",\"description\":\"\",\"publisher\":{\"@id\":\"https:\/\/dibenedettoproductions.com\/#organization\"},\"potentialAction\":[{\"@type\":\"SearchAction\",\"target\":{\"@type\":\"EntryPoint\",\"urlTemplate\":\"https:\/\/dibenedettoproductions.com\/?s={search_term_string}\"},\"query-input\":\"required name=search_term_string\"}],\"inLanguage\":\"it-IT\"},{\"@type\":\"Organization\",\"@id\":\"https:\/\/dibenedettoproductions.com\/#organization\",\"name\":\"DI BENEDETTO PRODUCTIONS\",\"url\":\"https:\/\/dibenedettoproductions.com\/\",\"sameAs\":[],\"logo\":{\"@type\":\"ImageObject\",\"inLanguage\":\"it-IT\",\"@id\":\"https:\/\/dibenedettoproductions.com\/#\/schema\/logo\/image\/\",\"url\":\"https:\/\/dibenedettoproductions.com\/wp-content\/uploads\/2021\/09\/logo_di_benedetto_productions.jpg\",\"contentUrl\":\"https:\/\/dibenedettoproductions.com\/wp-content\/uploads\/2021\/09\/logo_di_benedetto_productions.jpg\",\"width\":225,\"height\":225,\"caption\":\"DI BENEDETTO PRODUCTIONS\"},\"image\":{\"@id\":\"https:\/\/dibenedettoproductions.com\/#\/schema\/logo\/image\/\"}}]}<\/script>\n<!-- \/ Yoast SEO plugin. -->","yoast_head_json":{"title":"Se Transforma - Di Benedetto Productions","robots":{"index":"index","follow":"follow","max-snippet":"max-snippet:-1","max-image-preview":"max-image-preview:large","max-video-preview":"max-video-preview:-1"},"canonical":"https:\/\/dibenedettoproductions.com\/?page_id=3977","og_locale":"it_IT","og_type":"article","og_title":"Se Transforma - Di Benedetto Productions","og_description":"SPOTIFY APPLE MUSIC DEEZER AMAZON MUSIC Ella es otra en la intimidad Pero cuando lo hace conmigo se transforma Muchos se la han chingado y creen que saben, saben Pero de su coraz\u00f3n tengo la llave, llave Ella es otra en la intimidad Muchos la han tocado y no hace na\u00b4 Porque ellos creen que.","og_url":"https:\/\/dibenedettoproductions.com\/?page_id=3977","og_site_name":"Di Benedetto Productions","article_modified_time":"2021-08-06T07:05:55+00:00","twitter_card":"summary_large_image","twitter_misc":{"Tempo di lettura stimato":"2 minuti"},"schema":{"@context":"https:\/\/schema.org","@graph":[{"@type":"WebPage","@id":"https:\/\/dibenedettoproductions.com\/?page_id=3977","url":"https:\/\/dibenedettoproductions.com\/?page_id=3977","name":"Se Transforma - Di Benedetto Productions","isPartOf":{"@id":"https:\/\/dibenedettoproductions.com\/#website"},"datePublished":"2021-02-24T11:29:00+00:00","dateModified":"2021-08-06T07:05:55+00:00","breadcrumb":{"@id":"https:\/\/dibenedettoproductions.com\/?page_id=3977#breadcrumb"},"inLanguage":"it-IT","potentialAction":[{"@type":"ReadAction","target":["https:\/\/dibenedettoproductions.com\/?page_id=3977"]}]},{"@type":"BreadcrumbList","@id":"https:\/\/dibenedettoproductions.com\/?page_id=3977#breadcrumb","itemListElement":[{"@type":"ListItem","position":1,"name":"Home","item":"https:\/\/dibenedettoproductions.com\/"},{"@type":"ListItem","position":2,"name":"Se Transforma"}]},{"@type":"WebSite","@id":"https:\/\/dibenedettoproductions.com\/#website","url":"https:\/\/dibenedettoproductions.com\/","name":"Di Benedetto Productions","description":"","publisher":{"@id":"https:\/\/dibenedettoproductions.com\/#organization"},"potentialAction":[{"@type":"SearchAction","target":{"@type":"EntryPoint","urlTemplate":"https:\/\/dibenedettoproductions.com\/?s={search_term_string}"},"query-input":"required name=search_term_string"}],"inLanguage":"it-IT"},{"@type":"Organization","@id":"https:\/\/dibenedettoproductions.com\/#organization","name":"DI BENEDETTO PRODUCTIONS","url":"https:\/\/dibenedettoproductions.com\/","sameAs":[],"logo":{"@type":"ImageObject","inLanguage":"it-IT","@id":"https:\/\/dibenedettoproductions.com\/#\/schema\/logo\/image\/","url":"https:\/\/dibenedettoproductions.com\/wp-content\/uploads\/2021\/09\/logo_di_benedetto_productions.jpg","contentUrl":"https:\/\/dibenedettoproductions.com\/wp-content\/uploads\/2021\/09\/logo_di_benedetto_productions.jpg","width":225,"height":225,"caption":"DI BENEDETTO PRODUCTIONS"},"image":{"@id":"https:\/\/dibenedettoproductions.com\/#\/schema\/logo\/image\/"}}]}},"_links":{"self":[{"href":"https:\/\/dibenedettoproductions.com\/index.php?rest_route=\/wp\/v2\/pages\/3977","targetHints":{"allow":["GET"]}}],"collection":[{"href":"https:\/\/dibenedettoproductions.com\/index.php?rest_route=\/wp\/v2\/pages"}],"about":[{"href":"https:\/\/dibenedettoproductions.com\/index.php?rest_route=\/wp\/v2\/types\/page"}],"author":[{"embeddable":true,"href":"https:\/\/dibenedettoproductions.com\/index.php?rest_route=\/wp\/v2\/users\/1"}],"replies":[{"embeddable":true,"href":"https:\/\/dibenedettoproductions.com\/index.php?rest_route=%2Fwp%2Fv2%2Fcomments&post=3977"}],"version-history":[{"count":7,"href":"https:\/\/dibenedettoproductions.com\/index.php?rest_route=\/wp\/v2\/pages\/3977\/revisions"}],"predecessor-version":[{"id":5902,"href":"https:\/\/dibenedettoproductions.com\/index.php?rest_route=\/wp\/v2\/pages\/3977\/revisions\/5902"}],"wp:attachment":[{"href":"https:\/\/dibenedettoproductions.com\/index.php?rest_route=%2Fwp%2Fv2%2Fmedia&parent=3977"}],"wp:term":[{"taxonomy":"category","embeddable":true,"href":"https:\/\/dibenedettoproductions.com\/index.php?rest_route=%2Fwp%2Fv2%2Fcategories&post=3977"},{"taxonomy":"post_tag","embeddable":true,"href":"https:\/\/dibenedettoproductions.com\/index.php?rest_route=%2Fwp%2Fv2%2Ftags&post=3977"}],"curies":[{"name":"wp","href":"https:\/\/api.w.org\/{rel}","templated":true}]}}