{"id":3968,"date":"2021-02-24T11:26:19","date_gmt":"2021-02-24T11:26:19","guid":{"rendered":"https:\/\/dibenedettoproductions.com\/?page_id=3968"},"modified":"2021-08-06T07:04:21","modified_gmt":"2021-08-06T07:04:21","slug":"prohibido","status":"publish","type":"page","link":"https:\/\/dibenedettoproductions.com\/?page_id=3968","title":{"rendered":"Prohibido"},"content":{"rendered":"\t\t<div data-elementor-type=\"wp-page\" data-elementor-id=\"3968\" class=\"elementor elementor-3968\" data-elementor-settings=\"[]\">\n\t\t\t\t\t\t<div class=\"elementor-inner\">\n\t\t\t\t\t\t\t<div class=\"elementor-section-wrap\">\n\t\t\t\t\t\t\t<section class=\"elementor-section elementor-top-section elementor-element elementor-element-0d8472c elementor-section-stretched elementor-section-boxed elementor-section-height-default elementor-section-height-default\" data-id=\"0d8472c\" data-element_type=\"section\" data-settings=\"{&quot;stretch_section&quot;:&quot;section-stretched&quot;,&quot;background_background&quot;:&quot;classic&quot;}\">\n\t\t\t\t\t\t<div class=\"elementor-container elementor-column-gap-default\">\n\t\t\t\t\t\t\t<div class=\"elementor-row\">\n\t\t\t\t\t<div class=\"elementor-column elementor-col-25 elementor-top-column elementor-element elementor-element-a338d13\" data-id=\"a338d13\" data-element_type=\"column\">\n\t\t\t<div class=\"elementor-column-wrap elementor-element-populated\">\n\t\t\t\t\t\t\t<div class=\"elementor-widget-wrap\">\n\t\t\t\t\t\t<div class=\"elementor-element elementor-element-2c49730 elementor-align-center elementor-widget elementor-widget-button\" data-id=\"2c49730\" data-element_type=\"widget\" data-widget_type=\"button.default\">\n\t\t\t\t<div class=\"elementor-widget-container\">\n\t\t\t\t\t<div class=\"elementor-button-wrapper\">\n\t\t\t<a href=\"https:\/\/open.spotify.com\/track\/0G18Ylt4JS0HyTUCJoymrc?si=Gvh65ubiSZm5Wbm1L41rgQ\" class=\"elementor-button-link elementor-button elementor-size-sm\" role=\"button\">\n\t\t\t\t\t\t<span class=\"elementor-button-content-wrapper\">\n\t\t\t\t\t\t<span class=\"elementor-button-text\">SPOTIFY<\/span>\n\t\t<\/span>\n\t\t\t\t\t<\/a>\n\t\t<\/div>\n\t\t\t\t<\/div>\n\t\t\t\t<\/div>\n\t\t\t\t\t\t<\/div>\n\t\t\t\t\t<\/div>\n\t\t<\/div>\n\t\t\t\t<div class=\"elementor-column elementor-col-25 elementor-top-column elementor-element elementor-element-84116a1\" data-id=\"84116a1\" data-element_type=\"column\">\n\t\t\t<div class=\"elementor-column-wrap elementor-element-populated\">\n\t\t\t\t\t\t\t<div class=\"elementor-widget-wrap\">\n\t\t\t\t\t\t<div class=\"elementor-element elementor-element-4a8e6fc elementor-align-center elementor-widget elementor-widget-button\" data-id=\"4a8e6fc\" data-element_type=\"widget\" data-widget_type=\"button.default\">\n\t\t\t\t<div class=\"elementor-widget-container\">\n\t\t\t\t\t<div class=\"elementor-button-wrapper\">\n\t\t\t<a href=\"https:\/\/music.apple.com\/us\/album\/prohibido-single\/1345368889%20\" class=\"elementor-button-link elementor-button elementor-size-sm\" role=\"button\">\n\t\t\t\t\t\t<span class=\"elementor-button-content-wrapper\">\n\t\t\t\t\t\t<span class=\"elementor-button-text\">APPLE MUSIC<\/span>\n\t\t<\/span>\n\t\t\t\t\t<\/a>\n\t\t<\/div>\n\t\t\t\t<\/div>\n\t\t\t\t<\/div>\n\t\t\t\t\t\t<\/div>\n\t\t\t\t\t<\/div>\n\t\t<\/div>\n\t\t\t\t<div class=\"elementor-column elementor-col-25 elementor-top-column elementor-element elementor-element-1f87a1a\" data-id=\"1f87a1a\" data-element_type=\"column\">\n\t\t\t<div class=\"elementor-column-wrap elementor-element-populated\">\n\t\t\t\t\t\t\t<div class=\"elementor-widget-wrap\">\n\t\t\t\t\t\t<div class=\"elementor-element elementor-element-5753880 elementor-align-center elementor-widget elementor-widget-button\" data-id=\"5753880\" data-element_type=\"widget\" data-widget_type=\"button.default\">\n\t\t\t\t<div class=\"elementor-widget-container\">\n\t\t\t\t\t<div class=\"elementor-button-wrapper\">\n\t\t\t<a href=\"https:\/\/deezer.page.link\/6iZ8of2LXvkvH3Sx5%20\" class=\"elementor-button-link elementor-button elementor-size-sm\" role=\"button\">\n\t\t\t\t\t\t<span class=\"elementor-button-content-wrapper\">\n\t\t\t\t\t\t<span class=\"elementor-button-text\">DEEZER<\/span>\n\t\t<\/span>\n\t\t\t\t\t<\/a>\n\t\t<\/div>\n\t\t\t\t<\/div>\n\t\t\t\t<\/div>\n\t\t\t\t\t\t<\/div>\n\t\t\t\t\t<\/div>\n\t\t<\/div>\n\t\t\t\t<div class=\"elementor-column elementor-col-25 elementor-top-column elementor-element elementor-element-e8e4a54\" data-id=\"e8e4a54\" data-element_type=\"column\">\n\t\t\t<div class=\"elementor-column-wrap elementor-element-populated\">\n\t\t\t\t\t\t\t<div class=\"elementor-widget-wrap\">\n\t\t\t\t\t\t<div class=\"elementor-element elementor-element-2f238b2 elementor-align-center elementor-widget elementor-widget-button\" data-id=\"2f238b2\" data-element_type=\"widget\" data-widget_type=\"button.default\">\n\t\t\t\t<div class=\"elementor-widget-container\">\n\t\t\t\t\t<div class=\"elementor-button-wrapper\">\n\t\t\t<a href=\"https:\/\/music.amazon.com\/albums\/B07T9FHDLG?trackAsin=B07TBGJ88Y&#038;ref=dm_sh_8879-922c-dmcp-d7ca-01fb6&#038;musicTerritory=US&#038;marketplaceId=ATVPDKIKX0DER%20\" class=\"elementor-button-link elementor-button elementor-size-sm\" role=\"button\">\n\t\t\t\t\t\t<span class=\"elementor-button-content-wrapper\">\n\t\t\t\t\t\t<span class=\"elementor-button-text\">AMAZON MUSIC<\/span>\n\t\t<\/span>\n\t\t\t\t\t<\/a>\n\t\t<\/div>\n\t\t\t\t<\/div>\n\t\t\t\t<\/div>\n\t\t\t\t\t\t<\/div>\n\t\t\t\t\t<\/div>\n\t\t<\/div>\n\t\t\t\t\t\t\t\t<\/div>\n\t\t\t\t\t<\/div>\n\t\t<\/section>\n\t\t\t\t<section class=\"elementor-section elementor-top-section elementor-element elementor-element-96a9a14 elementor-section-stretched elementor-section-boxed elementor-section-height-default elementor-section-height-default\" data-id=\"96a9a14\" data-element_type=\"section\" data-settings=\"{&quot;stretch_section&quot;:&quot;section-stretched&quot;,&quot;background_background&quot;:&quot;classic&quot;}\">\n\t\t\t\t\t\t<div class=\"elementor-container elementor-column-gap-default\">\n\t\t\t\t\t\t\t<div class=\"elementor-row\">\n\t\t\t\t\t<div class=\"elementor-column elementor-col-100 elementor-top-column elementor-element elementor-element-ea83e4c\" data-id=\"ea83e4c\" data-element_type=\"column\">\n\t\t\t<div class=\"elementor-column-wrap elementor-element-populated\">\n\t\t\t\t\t\t\t<div class=\"elementor-widget-wrap\">\n\t\t\t\t\t\t<div class=\"elementor-element elementor-element-fdad5d0 elementor-widget elementor-widget-text-editor\" data-id=\"fdad5d0\" data-element_type=\"widget\" data-widget_type=\"text-editor.default\">\n\t\t\t\t<div class=\"elementor-widget-container\">\n\t\t\t\t\t\t\t\t<div class=\"elementor-text-editor elementor-clearfix\">\n\t\t\t\t<div><p style=\"text-align: center;\"><span style=\"color: #ffffff;\">&#8230;eh eh eh ohohoh<\/span><\/p><p style=\"text-align: center;\"><span style=\"color: #ffffff;\">tu padre no quiere que este contigo<\/span><\/p><p style=\"text-align: center;\"><span style=\"color: #ffffff;\">dice que no nos quiere ni de amigos<\/span><\/p><p style=\"text-align: center;\"><span style=\"color: #ffffff;\">ser\u00e1 por la forma en que yo vivo oh oh<\/span><\/p><p style=\"text-align: center;\"><span style=\"color: #ffffff;\">y s\u00e9 que \u00e9l no sabe que en las noches t\u00fa me llamas<\/span><\/p><p style=\"text-align: center;\"><span style=\"color: #ffffff;\">y duermo todos los d\u00edas en tu cama, \u00e9l no sabe que yo soy<\/span><\/p><p style=\"text-align: center;\"><span style=\"color: #ffffff;\">tu necesidad ah ah<\/span><\/p><p style=\"text-align: center;\"><span style=\"color: #ffffff;\">que todos los d\u00edas invente placer y me pides m\u00e1s ah ah<\/span><\/p><p style=\"text-align: center;\"><span style=\"color: #ffffff;\">aeh aeh aeh la noche se hizo para los dos no me digas que no<\/span><\/p><p style=\"text-align: center;\"><span style=\"color: #ffffff;\">aeh aeh aeh aaeh aeh<\/span><\/p><p style=\"text-align: center;\"><span style=\"color: #ffffff;\">en un cuarto solos t\u00fa y yo devor\u00e1ndonos<\/span><\/p><p style=\"text-align: center;\"><span style=\"color: #ffffff;\">aeh aeh aeh la noche se hizo para los dos no digas que no<\/span><\/p><p style=\"text-align: center;\"><span style=\"color: #ffffff;\">aeh aeh aeh aeh en un cuarto solo t\u00fa y yo no importa<\/span><\/p><p style=\"text-align: center;\"><span style=\"color: #ffffff;\">que \u00e9l diga que no\u2026<\/span><\/p><p style=\"text-align: center;\"><span style=\"color: #ffffff;\">act\u00faa en silencio que tu pai no sabe<\/span><\/p><p style=\"text-align: center;\"><span style=\"color: #ffffff;\">que de ti tengo la llave, dale en silencio pal cuarto<\/span><\/p><p style=\"text-align: center;\"><span style=\"color: #ffffff;\">pru\u00e9bate el traje Versace<\/span><\/p><p style=\"text-align: center;\"><span style=\"color: #ffffff;\">si ese que te traje pa\u2019 que me modeles<\/span><\/p><p style=\"text-align: center;\"><span style=\"color: #ffffff;\">tu cuerpecito desnudo hace que me eleve<\/span><\/p><p style=\"text-align: center;\"><span style=\"color: #ffffff;\">termina el primero, despu\u00e9s vamos pal segundo<\/span><\/p><p style=\"text-align: center;\"><span style=\"color: #ffffff;\">termina el tercero el cuarto se pone pal cuarto<\/span><\/p><p style=\"text-align: center;\"><span style=\"color: #ffffff;\">y comenzamos de nuevo, as\u00ed es la historia de esta relaci\u00f3n<\/span><\/p><p style=\"text-align: center;\"><span style=\"color: #ffffff;\">una ilusi\u00f3n prohibida en tu coraz\u00f3n, aeh aeh aeh<\/span><\/p><p style=\"text-align: center;\"><span style=\"color: #ffffff;\">la noche se hizo para los dos<\/span><\/p><p style=\"text-align: center;\"><span style=\"color: #ffffff;\">y no digas que no, ah eh ah eh<\/span><\/p><p style=\"text-align: center;\"><span style=\"color: #ffffff;\">en cuarto solos t\u00fa y yo devor\u00e1ndonos<\/span><\/p><p style=\"text-align: center;\"><span style=\"color: #ffffff;\">ah eh ah eh ah eh<\/span><\/p><p style=\"text-align: center;\"><span style=\"color: #ffffff;\">la noche se hizo para los dos no digas que no<\/span><\/p><p style=\"text-align: center;\"><span style=\"color: #ffffff;\">ah eh ah eh ah eh<\/span><\/p><p style=\"text-align: center;\"><span style=\"color: #ffffff;\">en cuarto solos t\u00fa y yo<\/span><\/p><p style=\"text-align: center;\"><span style=\"color: #ffffff;\">no importa que \u00e9l diga que no<\/span><\/p><p style=\"text-align: center;\"><span style=\"color: #ffffff;\">qu\u00e9 tal si nos escapamos que tal si nos vamos lejos<\/span><\/p><p style=\"text-align: center;\"><span style=\"color: #ffffff;\">qu\u00e9 tal si nos vamos a otra parte donde yo pueda besarte<\/span><\/p><p style=\"text-align: center;\"><span style=\"color: #ffffff;\">y hacer el amor sin restricciones<\/span><\/p><p style=\"text-align: center;\"><span style=\"color: #ffffff;\">muchas emociones que tendr\u00e1s conmigo<\/span><\/p><p style=\"text-align: center;\"><span style=\"color: #ffffff;\">dale s\u00edgueme que yo te sigo<\/span><\/p><p style=\"text-align: center;\"><span style=\"color: #ffffff;\">am\u00e1ndonos, que se nos valla el tiempo en cualquier posici\u00f3n<\/span><\/p><p style=\"text-align: center;\"><span style=\"color: #ffffff;\">que no importe el momento, diles a ellos que no eres nada sin mi<\/span><\/p><p style=\"text-align: center;\"><span style=\"color: #ffffff;\">y diles que tu naciste pa\u2019 mi<\/span><\/p><p style=\"text-align: center;\"><span style=\"color: #ffffff;\">tu padre no quiere que este contigo<\/span><\/p><p style=\"text-align: center;\"><span style=\"color: #ffffff;\">dice que no nos quiere ni de amigos<\/span><\/p><p style=\"text-align: center;\"><span style=\"color: #ffffff;\">ser\u00e1 por la forma en que yo vivo oh oh<\/span><\/p><p style=\"text-align: center;\"><span style=\"color: #ffffff;\">y s\u00e9 que \u00e9l no sabe que en las noches t\u00fa me llamas<\/span><\/p><p style=\"text-align: center;\"><span style=\"color: #ffffff;\">y duermo todos los d\u00edas en tu cama, \u00e9l no sabe que yo soy<\/span><\/p><p style=\"text-align: center;\"><span style=\"color: #ffffff;\">tu necesidad ah ah<\/span><\/p><p style=\"text-align: center;\"><span style=\"color: #ffffff;\">que todos los d\u00edas invente placer y me pides m\u00e1s ah ah<\/span><\/p><p style=\"text-align: center;\"><span style=\"color: #ffffff;\">aeh aeh aeh la noche se hizo para los dos no me digas que no<\/span><\/p><p style=\"text-align: center;\"><span style=\"color: #ffffff;\">aeh aeh aeh aaeh aeh<\/span><\/p><p style=\"text-align: center;\"><span style=\"color: #ffffff;\">en un cuarto solos t\u00fa y yo devor\u00e1ndonos<\/span><\/p><p style=\"text-align: center;\"><span style=\"color: #ffffff;\">aeh aeh aeh la noche se hizo para los dos no digas que no<\/span><\/p><p style=\"text-align: center;\"><span style=\"color: #ffffff;\">&#8230;&#8230;&#8230;&#8230;&#8230;.<\/span><\/p><\/div>\t\t\t\t\t<\/div>\n\t\t\t\t\t\t<\/div>\n\t\t\t\t<\/div>\n\t\t\t\t\t\t<\/div>\n\t\t\t\t\t<\/div>\n\t\t<\/div>\n\t\t\t\t\t\t\t\t<\/div>\n\t\t\t\t\t<\/div>\n\t\t<\/section>\n\t\t\t\t\t\t<\/div>\n\t\t\t\t\t\t<\/div>\n\t\t\t\t\t<\/div>\n\t\t","protected":false},"excerpt":{"rendered":"<p>SPOTIFY APPLE MUSIC DEEZER AMAZON MUSIC &#8230;eh eh eh ohohoh tu padre no quiere que este contigo dice que no nos quiere ni de amigos ser\u00e1 por la forma en que yo vivo oh oh y s\u00e9 que \u00e9l no sabe que en las noches t\u00fa me llamas y duermo todos los d\u00edas en tu.<\/p>\n","protected":false},"author":1,"featured_media":0,"parent":0,"menu_order":0,"comment_status":"closed","ping_status":"closed","template":"","meta":{"footnotes":""},"categories":[42],"tags":[],"class_list":["post-3968","page","type-page","status-publish","hentry","category-testi"],"yoast_head":"<!-- This site is optimized with the Yoast SEO plugin v19.6.1 - https:\/\/yoast.com\/wordpress\/plugins\/seo\/ -->\n<title>Prohibido - Di Benedetto Productions<\/title>\n<meta name=\"robots\" content=\"index, follow, max-snippet:-1, max-image-preview:large, max-video-preview:-1\" \/>\n<link rel=\"canonical\" href=\"https:\/\/dibenedettoproductions.com\/?page_id=3968\" \/>\n<meta property=\"og:locale\" content=\"it_IT\" \/>\n<meta property=\"og:type\" content=\"article\" \/>\n<meta property=\"og:title\" content=\"Prohibido - Di Benedetto Productions\" \/>\n<meta property=\"og:description\" content=\"SPOTIFY APPLE MUSIC DEEZER AMAZON MUSIC &#8230;eh eh eh ohohoh tu padre no quiere que este contigo dice que no nos quiere ni de amigos ser\u00e1 por la forma en que yo vivo oh oh y s\u00e9 que \u00e9l no sabe que en las noches t\u00fa me llamas y duermo todos los d\u00edas en tu.\" \/>\n<meta property=\"og:url\" content=\"https:\/\/dibenedettoproductions.com\/?page_id=3968\" \/>\n<meta property=\"og:site_name\" content=\"Di Benedetto Productions\" \/>\n<meta property=\"article:modified_time\" content=\"2021-08-06T07:04:21+00:00\" \/>\n<meta name=\"twitter:card\" content=\"summary_large_image\" \/>\n<meta name=\"twitter:label1\" content=\"Tempo di lettura stimato\" \/>\n\t<meta name=\"twitter:data1\" content=\"2 minuti\" \/>\n<script type=\"application\/ld+json\" class=\"yoast-schema-graph\">{\"@context\":\"https:\/\/schema.org\",\"@graph\":[{\"@type\":\"WebPage\",\"@id\":\"https:\/\/dibenedettoproductions.com\/?page_id=3968\",\"url\":\"https:\/\/dibenedettoproductions.com\/?page_id=3968\",\"name\":\"Prohibido - Di Benedetto Productions\",\"isPartOf\":{\"@id\":\"https:\/\/dibenedettoproductions.com\/#website\"},\"datePublished\":\"2021-02-24T11:26:19+00:00\",\"dateModified\":\"2021-08-06T07:04:21+00:00\",\"breadcrumb\":{\"@id\":\"https:\/\/dibenedettoproductions.com\/?page_id=3968#breadcrumb\"},\"inLanguage\":\"it-IT\",\"potentialAction\":[{\"@type\":\"ReadAction\",\"target\":[\"https:\/\/dibenedettoproductions.com\/?page_id=3968\"]}]},{\"@type\":\"BreadcrumbList\",\"@id\":\"https:\/\/dibenedettoproductions.com\/?page_id=3968#breadcrumb\",\"itemListElement\":[{\"@type\":\"ListItem\",\"position\":1,\"name\":\"Home\",\"item\":\"https:\/\/dibenedettoproductions.com\/\"},{\"@type\":\"ListItem\",\"position\":2,\"name\":\"Prohibido\"}]},{\"@type\":\"WebSite\",\"@id\":\"https:\/\/dibenedettoproductions.com\/#website\",\"url\":\"https:\/\/dibenedettoproductions.com\/\",\"name\":\"Di Benedetto Productions\",\"description\":\"\",\"publisher\":{\"@id\":\"https:\/\/dibenedettoproductions.com\/#organization\"},\"potentialAction\":[{\"@type\":\"SearchAction\",\"target\":{\"@type\":\"EntryPoint\",\"urlTemplate\":\"https:\/\/dibenedettoproductions.com\/?s={search_term_string}\"},\"query-input\":\"required name=search_term_string\"}],\"inLanguage\":\"it-IT\"},{\"@type\":\"Organization\",\"@id\":\"https:\/\/dibenedettoproductions.com\/#organization\",\"name\":\"DI BENEDETTO PRODUCTIONS\",\"url\":\"https:\/\/dibenedettoproductions.com\/\",\"sameAs\":[],\"logo\":{\"@type\":\"ImageObject\",\"inLanguage\":\"it-IT\",\"@id\":\"https:\/\/dibenedettoproductions.com\/#\/schema\/logo\/image\/\",\"url\":\"https:\/\/dibenedettoproductions.com\/wp-content\/uploads\/2021\/09\/logo_di_benedetto_productions.jpg\",\"contentUrl\":\"https:\/\/dibenedettoproductions.com\/wp-content\/uploads\/2021\/09\/logo_di_benedetto_productions.jpg\",\"width\":225,\"height\":225,\"caption\":\"DI BENEDETTO PRODUCTIONS\"},\"image\":{\"@id\":\"https:\/\/dibenedettoproductions.com\/#\/schema\/logo\/image\/\"}}]}<\/script>\n<!-- \/ Yoast SEO plugin. -->","yoast_head_json":{"title":"Prohibido - Di Benedetto Productions","robots":{"index":"index","follow":"follow","max-snippet":"max-snippet:-1","max-image-preview":"max-image-preview:large","max-video-preview":"max-video-preview:-1"},"canonical":"https:\/\/dibenedettoproductions.com\/?page_id=3968","og_locale":"it_IT","og_type":"article","og_title":"Prohibido - Di Benedetto Productions","og_description":"SPOTIFY APPLE MUSIC DEEZER AMAZON MUSIC &#8230;eh eh eh ohohoh tu padre no quiere que este contigo dice que no nos quiere ni de amigos ser\u00e1 por la forma en que yo vivo oh oh y s\u00e9 que \u00e9l no sabe que en las noches t\u00fa me llamas y duermo todos los d\u00edas en tu.","og_url":"https:\/\/dibenedettoproductions.com\/?page_id=3968","og_site_name":"Di Benedetto Productions","article_modified_time":"2021-08-06T07:04:21+00:00","twitter_card":"summary_large_image","twitter_misc":{"Tempo di lettura stimato":"2 minuti"},"schema":{"@context":"https:\/\/schema.org","@graph":[{"@type":"WebPage","@id":"https:\/\/dibenedettoproductions.com\/?page_id=3968","url":"https:\/\/dibenedettoproductions.com\/?page_id=3968","name":"Prohibido - Di Benedetto Productions","isPartOf":{"@id":"https:\/\/dibenedettoproductions.com\/#website"},"datePublished":"2021-02-24T11:26:19+00:00","dateModified":"2021-08-06T07:04:21+00:00","breadcrumb":{"@id":"https:\/\/dibenedettoproductions.com\/?page_id=3968#breadcrumb"},"inLanguage":"it-IT","potentialAction":[{"@type":"ReadAction","target":["https:\/\/dibenedettoproductions.com\/?page_id=3968"]}]},{"@type":"BreadcrumbList","@id":"https:\/\/dibenedettoproductions.com\/?page_id=3968#breadcrumb","itemListElement":[{"@type":"ListItem","position":1,"name":"Home","item":"https:\/\/dibenedettoproductions.com\/"},{"@type":"ListItem","position":2,"name":"Prohibido"}]},{"@type":"WebSite","@id":"https:\/\/dibenedettoproductions.com\/#website","url":"https:\/\/dibenedettoproductions.com\/","name":"Di Benedetto Productions","description":"","publisher":{"@id":"https:\/\/dibenedettoproductions.com\/#organization"},"potentialAction":[{"@type":"SearchAction","target":{"@type":"EntryPoint","urlTemplate":"https:\/\/dibenedettoproductions.com\/?s={search_term_string}"},"query-input":"required name=search_term_string"}],"inLanguage":"it-IT"},{"@type":"Organization","@id":"https:\/\/dibenedettoproductions.com\/#organization","name":"DI BENEDETTO PRODUCTIONS","url":"https:\/\/dibenedettoproductions.com\/","sameAs":[],"logo":{"@type":"ImageObject","inLanguage":"it-IT","@id":"https:\/\/dibenedettoproductions.com\/#\/schema\/logo\/image\/","url":"https:\/\/dibenedettoproductions.com\/wp-content\/uploads\/2021\/09\/logo_di_benedetto_productions.jpg","contentUrl":"https:\/\/dibenedettoproductions.com\/wp-content\/uploads\/2021\/09\/logo_di_benedetto_productions.jpg","width":225,"height":225,"caption":"DI BENEDETTO PRODUCTIONS"},"image":{"@id":"https:\/\/dibenedettoproductions.com\/#\/schema\/logo\/image\/"}}]}},"_links":{"self":[{"href":"https:\/\/dibenedettoproductions.com\/index.php?rest_route=\/wp\/v2\/pages\/3968","targetHints":{"allow":["GET"]}}],"collection":[{"href":"https:\/\/dibenedettoproductions.com\/index.php?rest_route=\/wp\/v2\/pages"}],"about":[{"href":"https:\/\/dibenedettoproductions.com\/index.php?rest_route=\/wp\/v2\/types\/page"}],"author":[{"embeddable":true,"href":"https:\/\/dibenedettoproductions.com\/index.php?rest_route=\/wp\/v2\/users\/1"}],"replies":[{"embeddable":true,"href":"https:\/\/dibenedettoproductions.com\/index.php?rest_route=%2Fwp%2Fv2%2Fcomments&post=3968"}],"version-history":[{"count":7,"href":"https:\/\/dibenedettoproductions.com\/index.php?rest_route=\/wp\/v2\/pages\/3968\/revisions"}],"predecessor-version":[{"id":5863,"href":"https:\/\/dibenedettoproductions.com\/index.php?rest_route=\/wp\/v2\/pages\/3968\/revisions\/5863"}],"wp:attachment":[{"href":"https:\/\/dibenedettoproductions.com\/index.php?rest_route=%2Fwp%2Fv2%2Fmedia&parent=3968"}],"wp:term":[{"taxonomy":"category","embeddable":true,"href":"https:\/\/dibenedettoproductions.com\/index.php?rest_route=%2Fwp%2Fv2%2Fcategories&post=3968"},{"taxonomy":"post_tag","embeddable":true,"href":"https:\/\/dibenedettoproductions.com\/index.php?rest_route=%2Fwp%2Fv2%2Ftags&post=3968"}],"curies":[{"name":"wp","href":"https:\/\/api.w.org\/{rel}","templated":true}]}}