{"id":3943,"date":"2021-02-24T11:18:00","date_gmt":"2021-02-24T11:18:00","guid":{"rendered":"https:\/\/dibenedettoproductions.com\/?page_id=3943"},"modified":"2021-08-06T07:03:00","modified_gmt":"2021-08-06T07:03:00","slug":"por-tu-life","status":"publish","type":"page","link":"https:\/\/dibenedettoproductions.com\/?page_id=3943","title":{"rendered":"Por Tu Life"},"content":{"rendered":"\t\t<div data-elementor-type=\"wp-page\" data-elementor-id=\"3943\" class=\"elementor elementor-3943\" data-elementor-settings=\"[]\">\n\t\t\t\t\t\t<div class=\"elementor-inner\">\n\t\t\t\t\t\t\t<div class=\"elementor-section-wrap\">\n\t\t\t\t\t\t\t<section class=\"elementor-section elementor-top-section elementor-element elementor-element-824a7d2 elementor-section-stretched elementor-section-boxed elementor-section-height-default elementor-section-height-default\" data-id=\"824a7d2\" data-element_type=\"section\" data-settings=\"{&quot;stretch_section&quot;:&quot;section-stretched&quot;,&quot;background_background&quot;:&quot;classic&quot;}\">\n\t\t\t\t\t\t<div class=\"elementor-container elementor-column-gap-default\">\n\t\t\t\t\t\t\t<div class=\"elementor-row\">\n\t\t\t\t\t<div class=\"elementor-column elementor-col-25 elementor-top-column elementor-element elementor-element-2c88f60\" data-id=\"2c88f60\" data-element_type=\"column\">\n\t\t\t<div class=\"elementor-column-wrap elementor-element-populated\">\n\t\t\t\t\t\t\t<div class=\"elementor-widget-wrap\">\n\t\t\t\t\t\t<div class=\"elementor-element elementor-element-8de78a4 elementor-align-center elementor-widget elementor-widget-button\" data-id=\"8de78a4\" data-element_type=\"widget\" data-widget_type=\"button.default\">\n\t\t\t\t<div class=\"elementor-widget-container\">\n\t\t\t\t\t<div class=\"elementor-button-wrapper\">\n\t\t\t<a href=\"https:\/\/open.spotify.com\/track\/2EeMm76EColijKvH8Defpe?si=ouc5OQHERX-a4JhhqEs2FA\" class=\"elementor-button-link elementor-button elementor-size-sm\" role=\"button\">\n\t\t\t\t\t\t<span class=\"elementor-button-content-wrapper\">\n\t\t\t\t\t\t<span class=\"elementor-button-text\">SPOTIFY<\/span>\n\t\t<\/span>\n\t\t\t\t\t<\/a>\n\t\t<\/div>\n\t\t\t\t<\/div>\n\t\t\t\t<\/div>\n\t\t\t\t\t\t<\/div>\n\t\t\t\t\t<\/div>\n\t\t<\/div>\n\t\t\t\t<div class=\"elementor-column elementor-col-25 elementor-top-column elementor-element elementor-element-e9ebac9\" data-id=\"e9ebac9\" data-element_type=\"column\">\n\t\t\t<div class=\"elementor-column-wrap elementor-element-populated\">\n\t\t\t\t\t\t\t<div class=\"elementor-widget-wrap\">\n\t\t\t\t\t\t<div class=\"elementor-element elementor-element-99394df elementor-align-center elementor-widget elementor-widget-button\" data-id=\"99394df\" data-element_type=\"widget\" data-widget_type=\"button.default\">\n\t\t\t\t<div class=\"elementor-widget-container\">\n\t\t\t\t\t<div class=\"elementor-button-wrapper\">\n\t\t\t<a href=\"https:\/\/music.apple.com\/us\/album\/por-tu-life\/1348827642?i=1348827648\" class=\"elementor-button-link elementor-button elementor-size-sm\" role=\"button\">\n\t\t\t\t\t\t<span class=\"elementor-button-content-wrapper\">\n\t\t\t\t\t\t<span class=\"elementor-button-text\">APPLE MUSIC<\/span>\n\t\t<\/span>\n\t\t\t\t\t<\/a>\n\t\t<\/div>\n\t\t\t\t<\/div>\n\t\t\t\t<\/div>\n\t\t\t\t\t\t<\/div>\n\t\t\t\t\t<\/div>\n\t\t<\/div>\n\t\t\t\t<div class=\"elementor-column elementor-col-25 elementor-top-column elementor-element elementor-element-1d9fe0d\" data-id=\"1d9fe0d\" data-element_type=\"column\">\n\t\t\t<div class=\"elementor-column-wrap elementor-element-populated\">\n\t\t\t\t\t\t\t<div class=\"elementor-widget-wrap\">\n\t\t\t\t\t\t<div class=\"elementor-element elementor-element-d8ae2eb elementor-align-center elementor-widget elementor-widget-button\" data-id=\"d8ae2eb\" data-element_type=\"widget\" data-widget_type=\"button.default\">\n\t\t\t\t<div class=\"elementor-widget-container\">\n\t\t\t\t\t<div class=\"elementor-button-wrapper\">\n\t\t\t<a href=\"https:\/\/deezer.page.link\/X3uHadrCEF6iea5x5%20\" class=\"elementor-button-link elementor-button elementor-size-sm\" role=\"button\">\n\t\t\t\t\t\t<span class=\"elementor-button-content-wrapper\">\n\t\t\t\t\t\t<span class=\"elementor-button-text\">DEEZER<\/span>\n\t\t<\/span>\n\t\t\t\t\t<\/a>\n\t\t<\/div>\n\t\t\t\t<\/div>\n\t\t\t\t<\/div>\n\t\t\t\t\t\t<\/div>\n\t\t\t\t\t<\/div>\n\t\t<\/div>\n\t\t\t\t<div class=\"elementor-column elementor-col-25 elementor-top-column elementor-element elementor-element-df5d223\" data-id=\"df5d223\" data-element_type=\"column\">\n\t\t\t<div class=\"elementor-column-wrap elementor-element-populated\">\n\t\t\t\t\t\t\t<div class=\"elementor-widget-wrap\">\n\t\t\t\t\t\t<div class=\"elementor-element elementor-element-4cd3749 elementor-align-center elementor-widget elementor-widget-button\" data-id=\"4cd3749\" data-element_type=\"widget\" data-widget_type=\"button.default\">\n\t\t\t\t<div class=\"elementor-widget-container\">\n\t\t\t\t\t<div class=\"elementor-button-wrapper\">\n\t\t\t<a href=\"https:\/\/music.amazon.com\/albums\/B07T8B6NJN?trackAsin=B07TDM9YJ6&#038;ref=dm_sh_b8a0-0796-dmcp-6837-844e0&#038;musicTerritory=US&#038;marketplaceId=ATVPDKIKX0DER\" class=\"elementor-button-link elementor-button elementor-size-sm\" role=\"button\">\n\t\t\t\t\t\t<span class=\"elementor-button-content-wrapper\">\n\t\t\t\t\t\t<span class=\"elementor-button-text\">AMAZON MUSIC<\/span>\n\t\t<\/span>\n\t\t\t\t\t<\/a>\n\t\t<\/div>\n\t\t\t\t<\/div>\n\t\t\t\t<\/div>\n\t\t\t\t\t\t<\/div>\n\t\t\t\t\t<\/div>\n\t\t<\/div>\n\t\t\t\t\t\t\t\t<\/div>\n\t\t\t\t\t<\/div>\n\t\t<\/section>\n\t\t\t\t<section class=\"elementor-section elementor-top-section elementor-element elementor-element-c3081b5 elementor-section-stretched elementor-section-boxed elementor-section-height-default elementor-section-height-default\" data-id=\"c3081b5\" data-element_type=\"section\" data-settings=\"{&quot;stretch_section&quot;:&quot;section-stretched&quot;,&quot;background_background&quot;:&quot;classic&quot;}\">\n\t\t\t\t\t\t<div class=\"elementor-container elementor-column-gap-default\">\n\t\t\t\t\t\t\t<div class=\"elementor-row\">\n\t\t\t\t\t<div class=\"elementor-column elementor-col-100 elementor-top-column elementor-element elementor-element-65906f0\" data-id=\"65906f0\" data-element_type=\"column\">\n\t\t\t<div class=\"elementor-column-wrap elementor-element-populated\">\n\t\t\t\t\t\t\t<div class=\"elementor-widget-wrap\">\n\t\t\t\t\t\t<div class=\"elementor-element elementor-element-0f55f75 elementor-widget elementor-widget-text-editor\" data-id=\"0f55f75\" data-element_type=\"widget\" data-widget_type=\"text-editor.default\">\n\t\t\t\t<div class=\"elementor-widget-container\">\n\t\t\t\t\t\t\t\t<div class=\"elementor-text-editor elementor-clearfix\">\n\t\t\t\t<p style=\"text-align: center;\"><span style=\"color: #ffffff;\">Ella est\u00e1 en la disco bailando suave<\/span><\/p><p style=\"text-align: center;\"><span style=\"color: #ffffff;\">Ella sabe que me pone grave<\/span><\/p><p style=\"text-align: center;\"><span style=\"color: #ffffff;\">Que tiene la llave, ella sabe<\/span><\/p><p style=\"text-align: center;\"><span style=\"color: #ffffff;\">Que no aguanto cuando me mira as\u00ed<\/span><\/p><p style=\"text-align: center;\"><span style=\"color: #ffffff;\">Cuando baja hasta al piso<\/span><\/p><p style=\"text-align: center;\"><span style=\"color: #ffffff;\">Y lo mueve as\u00ed<\/span><\/p><p style=\"text-align: center;\">\u00a0<\/p><p style=\"text-align: center;\"><span style=\"color: #ffffff;\">Mamacita por tu life<\/span><\/p><p style=\"text-align: center;\"><span style=\"color: #ffffff;\">Chalalalalalala chalalalalalalay<\/span><\/p><p style=\"text-align: center;\"><span style=\"color: #ffffff;\">Verdad que t\u00fa est\u00e1s rica mami yo te doy like<\/span><\/p><p style=\"text-align: center;\"><span style=\"color: #ffffff;\">Y te gusta emborracharte toda la tonight<\/span><\/p><p style=\"text-align: center;\"><span style=\"color: #ffffff;\">Mamacita por tu life<\/span><\/p><p style=\"text-align: center;\"><span style=\"color: #ffffff;\">Chalalalalalala chalalalalalalay<\/span><\/p><p style=\"text-align: center;\"><span style=\"color: #ffffff;\">Verdad que t\u00fa est\u00e1s rica mami yo te doy like<\/span><\/p><p style=\"text-align: center;\"><span style=\"color: #ffffff;\">Y te gusta emborracharte toda la tonight<\/span><\/p><p style=\"text-align: center;\">\u00a0<\/p><p style=\"text-align: center;\"><span style=\"color: #ffffff;\">Oye p\u00e1rtete toda, pr\u00e9ndete toda<\/span><\/p><p style=\"text-align: center;\"><span style=\"color: #ffffff;\">Dale arreb\u00e1tate toda<\/span><\/p><p style=\"text-align: center;\"><span style=\"color: #ffffff;\">Vu\u00e9lvete loca baja hasta al piso<\/span><\/p><p style=\"text-align: center;\"><span style=\"color: #ffffff;\">Para que veas c\u00f3mo me desquicio<\/span><\/p><p style=\"text-align: center;\"><span style=\"color: #ffffff;\">T\u00fa eres mi tata y yo soy tu titi<\/span><\/p><p style=\"text-align: center;\"><span style=\"color: #ffffff;\">T\u00fa eres mi repa y yo soy tu miqui<\/span><\/p><p style=\"text-align: center;\"><span style=\"color: #ffffff;\">Tu estas riqui riqui riqui riqui riqui<\/span><\/p><p style=\"text-align: center;\"><span style=\"color: #ffffff;\">Dale vamos lejos para ponernos chini loco<\/span><\/p><p style=\"text-align: center;\"><span style=\"color: #ffffff;\">Mamacita por tu life<\/span><\/p><p style=\"text-align: center;\"><span style=\"color: #ffffff;\">Chalalalalalala chalalalalalalay<\/span><\/p><p style=\"text-align: center;\"><span style=\"color: #ffffff;\">Verdad que tu estas rica mami yo te doy like<\/span><\/p><p style=\"text-align: center;\"><span style=\"color: #ffffff;\">Y te gusta emborracharte toda la tonight<\/span><\/p><p style=\"text-align: center;\"><span style=\"color: #ffffff;\">Mamacita por tu life<\/span><\/p><p style=\"text-align: center;\"><span style=\"color: #ffffff;\">Chalalalalalala chalalalalalalay<\/span><\/p><p style=\"text-align: center;\"><span style=\"color: #ffffff;\">Verdad que tu estas rica mami yo te doy like<\/span><\/p><p style=\"text-align: center;\"><span style=\"color: #ffffff;\">Y te gusta emborracharte toda la tonight<\/span><\/p><p style=\"text-align: center;\"><span style=\"color: #ffffff;\">Dale mami, no te midas<\/span><\/p><p style=\"text-align: center;\"><span style=\"color: #ffffff;\">Que yo s\u00e9 que t\u00fa, est\u00e1s para salir por un canal<\/span><\/p><p style=\"text-align: center;\"><span style=\"color: #ffffff;\">Dale mami, no te midas<\/span><\/p><p style=\"text-align: center;\"><span style=\"color: #ffffff;\">Que nos vamos, t\u00fa eres m\u00eda<\/span><\/p><p style=\"text-align: center;\"><span style=\"color: #ffffff;\">Ella est\u00e1 en la disco bailando suave<\/span><\/p><p style=\"text-align: center;\"><span style=\"color: #ffffff;\">Ella sabe que me pone grave<\/span><\/p><p style=\"text-align: center;\"><span style=\"color: #ffffff;\">Que tiene la llave, Ella ya sabe<\/span><\/p><p style=\"text-align: center;\"><span style=\"color: #ffffff;\">Que no aguanto cuando me miras as\u00ed<\/span><\/p><p style=\"text-align: center;\"><span style=\"color: #ffffff;\">Cuando baja hasta al piso<\/span><\/p><p style=\"text-align: center;\"><span style=\"color: #ffffff;\">Y lo mueve as\u00ed<\/span><\/p><p style=\"text-align: center;\">\u00a0<\/p><p style=\"text-align: center;\">\u00a0<\/p><p style=\"text-align: center;\">\u00a0<\/p><p style=\"text-align: center;\"><span style=\"color: #ffffff;\">Mamacita por tu life<\/span><\/p><p style=\"text-align: center;\"><span style=\"color: #ffffff;\">Chalalalalalala chalalalalalalay<\/span><\/p><p style=\"text-align: center;\"><span style=\"color: #ffffff;\">Verdad que t\u00fa est\u00e1s rica mami yo te doy like<\/span><\/p><p style=\"text-align: center;\"><span style=\"color: #ffffff;\">Y te gusta emborracharte toda la tonight<\/span><\/p><p style=\"text-align: center;\"><span style=\"color: #ffffff;\">Mamacita por tu life<\/span><\/p><p style=\"text-align: center;\"><span style=\"color: #ffffff;\">Chalalalalalala chalalalalalalay<\/span><\/p><p style=\"text-align: center;\"><span style=\"color: #ffffff;\">Verdad que t\u00fa est\u00e1 rica mami yo te doy like<\/span><\/p><p style=\"text-align: center;\"><span style=\"color: #ffffff;\">Y te gusta emborracharte toda la tonight<\/span><\/p><p style=\"text-align: center;\">\u00a0<\/p><p style=\"text-align: center;\"><span style=\"color: #ffffff;\">Dale mami no te midas<\/span><\/p><p style=\"text-align: center;\"><span style=\"color: #ffffff;\">Que yo s\u00e9 que t\u00fa, est\u00e1s para salir por un canal<\/span><\/p><p style=\"text-align: center;\"><span style=\"color: #ffffff;\">Dale mami, no te midas<\/span><\/p><p style=\"text-align: center;\"><span style=\"color: #ffffff;\">Que nos vamos, t\u00fa eres m\u00eda<\/span><\/p><p style=\"text-align: center;\"><span style=\"color: #ffffff;\">Dale mami, no te midas<\/span><\/p><p style=\"text-align: center;\"><span style=\"color: #ffffff;\">Que yo s\u00e9 que tu estas, para salir por un canal<\/span><\/p><p style=\"text-align: center;\"><span style=\"color: #ffffff;\">Dale mami, no te midas, que nos vamos tu eres m\u00eda<\/span><\/p>\t\t\t\t\t<\/div>\n\t\t\t\t\t\t<\/div>\n\t\t\t\t<\/div>\n\t\t\t\t\t\t<\/div>\n\t\t\t\t\t<\/div>\n\t\t<\/div>\n\t\t\t\t\t\t\t\t<\/div>\n\t\t\t\t\t<\/div>\n\t\t<\/section>\n\t\t\t\t\t\t<\/div>\n\t\t\t\t\t\t<\/div>\n\t\t\t\t\t<\/div>\n\t\t","protected":false},"excerpt":{"rendered":"<p>SPOTIFY APPLE MUSIC DEEZER AMAZON MUSIC Ella est\u00e1 en la disco bailando suave Ella sabe que me pone grave Que tiene la llave, ella sabe Que no aguanto cuando me mira as\u00ed Cuando baja hasta al piso Y lo mueve as\u00ed \u00a0 Mamacita por tu life Chalalalalalala chalalalalalalay Verdad que t\u00fa est\u00e1s rica mami yo.<\/p>\n","protected":false},"author":1,"featured_media":0,"parent":0,"menu_order":0,"comment_status":"closed","ping_status":"closed","template":"","meta":{"footnotes":""},"categories":[42],"tags":[],"class_list":["post-3943","page","type-page","status-publish","hentry","category-testi"],"yoast_head":"<!-- This site is optimized with the Yoast SEO plugin v19.6.1 - https:\/\/yoast.com\/wordpress\/plugins\/seo\/ -->\n<title>Por Tu Life - Di Benedetto Productions<\/title>\n<meta name=\"robots\" content=\"index, follow, max-snippet:-1, max-image-preview:large, max-video-preview:-1\" \/>\n<link rel=\"canonical\" href=\"https:\/\/dibenedettoproductions.com\/?page_id=3943\" \/>\n<meta property=\"og:locale\" content=\"it_IT\" \/>\n<meta property=\"og:type\" content=\"article\" \/>\n<meta property=\"og:title\" content=\"Por Tu Life - Di Benedetto Productions\" \/>\n<meta property=\"og:description\" content=\"SPOTIFY APPLE MUSIC DEEZER AMAZON MUSIC Ella est\u00e1 en la disco bailando suave Ella sabe que me pone grave Que tiene la llave, ella sabe Que no aguanto cuando me mira as\u00ed Cuando baja hasta al piso Y lo mueve as\u00ed \u00a0 Mamacita por tu life Chalalalalalala chalalalalalalay Verdad que t\u00fa est\u00e1s rica mami yo.\" \/>\n<meta property=\"og:url\" content=\"https:\/\/dibenedettoproductions.com\/?page_id=3943\" \/>\n<meta property=\"og:site_name\" content=\"Di Benedetto Productions\" \/>\n<meta property=\"article:modified_time\" content=\"2021-08-06T07:03:00+00:00\" \/>\n<meta name=\"twitter:card\" content=\"summary_large_image\" \/>\n<meta name=\"twitter:label1\" content=\"Tempo di lettura stimato\" \/>\n\t<meta name=\"twitter:data1\" content=\"2 minuti\" \/>\n<script type=\"application\/ld+json\" class=\"yoast-schema-graph\">{\"@context\":\"https:\/\/schema.org\",\"@graph\":[{\"@type\":\"WebPage\",\"@id\":\"https:\/\/dibenedettoproductions.com\/?page_id=3943\",\"url\":\"https:\/\/dibenedettoproductions.com\/?page_id=3943\",\"name\":\"Por Tu Life - Di Benedetto Productions\",\"isPartOf\":{\"@id\":\"https:\/\/dibenedettoproductions.com\/#website\"},\"datePublished\":\"2021-02-24T11:18:00+00:00\",\"dateModified\":\"2021-08-06T07:03:00+00:00\",\"breadcrumb\":{\"@id\":\"https:\/\/dibenedettoproductions.com\/?page_id=3943#breadcrumb\"},\"inLanguage\":\"it-IT\",\"potentialAction\":[{\"@type\":\"ReadAction\",\"target\":[\"https:\/\/dibenedettoproductions.com\/?page_id=3943\"]}]},{\"@type\":\"BreadcrumbList\",\"@id\":\"https:\/\/dibenedettoproductions.com\/?page_id=3943#breadcrumb\",\"itemListElement\":[{\"@type\":\"ListItem\",\"position\":1,\"name\":\"Home\",\"item\":\"https:\/\/dibenedettoproductions.com\/\"},{\"@type\":\"ListItem\",\"position\":2,\"name\":\"Por Tu Life\"}]},{\"@type\":\"WebSite\",\"@id\":\"https:\/\/dibenedettoproductions.com\/#website\",\"url\":\"https:\/\/dibenedettoproductions.com\/\",\"name\":\"Di Benedetto Productions\",\"description\":\"\",\"publisher\":{\"@id\":\"https:\/\/dibenedettoproductions.com\/#organization\"},\"potentialAction\":[{\"@type\":\"SearchAction\",\"target\":{\"@type\":\"EntryPoint\",\"urlTemplate\":\"https:\/\/dibenedettoproductions.com\/?s={search_term_string}\"},\"query-input\":\"required name=search_term_string\"}],\"inLanguage\":\"it-IT\"},{\"@type\":\"Organization\",\"@id\":\"https:\/\/dibenedettoproductions.com\/#organization\",\"name\":\"DI BENEDETTO PRODUCTIONS\",\"url\":\"https:\/\/dibenedettoproductions.com\/\",\"sameAs\":[],\"logo\":{\"@type\":\"ImageObject\",\"inLanguage\":\"it-IT\",\"@id\":\"https:\/\/dibenedettoproductions.com\/#\/schema\/logo\/image\/\",\"url\":\"https:\/\/dibenedettoproductions.com\/wp-content\/uploads\/2021\/09\/logo_di_benedetto_productions.jpg\",\"contentUrl\":\"https:\/\/dibenedettoproductions.com\/wp-content\/uploads\/2021\/09\/logo_di_benedetto_productions.jpg\",\"width\":225,\"height\":225,\"caption\":\"DI BENEDETTO PRODUCTIONS\"},\"image\":{\"@id\":\"https:\/\/dibenedettoproductions.com\/#\/schema\/logo\/image\/\"}}]}<\/script>\n<!-- \/ Yoast SEO plugin. -->","yoast_head_json":{"title":"Por Tu Life - Di Benedetto Productions","robots":{"index":"index","follow":"follow","max-snippet":"max-snippet:-1","max-image-preview":"max-image-preview:large","max-video-preview":"max-video-preview:-1"},"canonical":"https:\/\/dibenedettoproductions.com\/?page_id=3943","og_locale":"it_IT","og_type":"article","og_title":"Por Tu Life - Di Benedetto Productions","og_description":"SPOTIFY APPLE MUSIC DEEZER AMAZON MUSIC Ella est\u00e1 en la disco bailando suave Ella sabe que me pone grave Que tiene la llave, ella sabe Que no aguanto cuando me mira as\u00ed Cuando baja hasta al piso Y lo mueve as\u00ed \u00a0 Mamacita por tu life Chalalalalalala chalalalalalalay Verdad que t\u00fa est\u00e1s rica mami yo.","og_url":"https:\/\/dibenedettoproductions.com\/?page_id=3943","og_site_name":"Di Benedetto Productions","article_modified_time":"2021-08-06T07:03:00+00:00","twitter_card":"summary_large_image","twitter_misc":{"Tempo di lettura stimato":"2 minuti"},"schema":{"@context":"https:\/\/schema.org","@graph":[{"@type":"WebPage","@id":"https:\/\/dibenedettoproductions.com\/?page_id=3943","url":"https:\/\/dibenedettoproductions.com\/?page_id=3943","name":"Por Tu Life - Di Benedetto Productions","isPartOf":{"@id":"https:\/\/dibenedettoproductions.com\/#website"},"datePublished":"2021-02-24T11:18:00+00:00","dateModified":"2021-08-06T07:03:00+00:00","breadcrumb":{"@id":"https:\/\/dibenedettoproductions.com\/?page_id=3943#breadcrumb"},"inLanguage":"it-IT","potentialAction":[{"@type":"ReadAction","target":["https:\/\/dibenedettoproductions.com\/?page_id=3943"]}]},{"@type":"BreadcrumbList","@id":"https:\/\/dibenedettoproductions.com\/?page_id=3943#breadcrumb","itemListElement":[{"@type":"ListItem","position":1,"name":"Home","item":"https:\/\/dibenedettoproductions.com\/"},{"@type":"ListItem","position":2,"name":"Por Tu Life"}]},{"@type":"WebSite","@id":"https:\/\/dibenedettoproductions.com\/#website","url":"https:\/\/dibenedettoproductions.com\/","name":"Di Benedetto Productions","description":"","publisher":{"@id":"https:\/\/dibenedettoproductions.com\/#organization"},"potentialAction":[{"@type":"SearchAction","target":{"@type":"EntryPoint","urlTemplate":"https:\/\/dibenedettoproductions.com\/?s={search_term_string}"},"query-input":"required name=search_term_string"}],"inLanguage":"it-IT"},{"@type":"Organization","@id":"https:\/\/dibenedettoproductions.com\/#organization","name":"DI BENEDETTO PRODUCTIONS","url":"https:\/\/dibenedettoproductions.com\/","sameAs":[],"logo":{"@type":"ImageObject","inLanguage":"it-IT","@id":"https:\/\/dibenedettoproductions.com\/#\/schema\/logo\/image\/","url":"https:\/\/dibenedettoproductions.com\/wp-content\/uploads\/2021\/09\/logo_di_benedetto_productions.jpg","contentUrl":"https:\/\/dibenedettoproductions.com\/wp-content\/uploads\/2021\/09\/logo_di_benedetto_productions.jpg","width":225,"height":225,"caption":"DI BENEDETTO PRODUCTIONS"},"image":{"@id":"https:\/\/dibenedettoproductions.com\/#\/schema\/logo\/image\/"}}]}},"_links":{"self":[{"href":"https:\/\/dibenedettoproductions.com\/index.php?rest_route=\/wp\/v2\/pages\/3943","targetHints":{"allow":["GET"]}}],"collection":[{"href":"https:\/\/dibenedettoproductions.com\/index.php?rest_route=\/wp\/v2\/pages"}],"about":[{"href":"https:\/\/dibenedettoproductions.com\/index.php?rest_route=\/wp\/v2\/types\/page"}],"author":[{"embeddable":true,"href":"https:\/\/dibenedettoproductions.com\/index.php?rest_route=\/wp\/v2\/users\/1"}],"replies":[{"embeddable":true,"href":"https:\/\/dibenedettoproductions.com\/index.php?rest_route=%2Fwp%2Fv2%2Fcomments&post=3943"}],"version-history":[{"count":7,"href":"https:\/\/dibenedettoproductions.com\/index.php?rest_route=\/wp\/v2\/pages\/3943\/revisions"}],"predecessor-version":[{"id":5854,"href":"https:\/\/dibenedettoproductions.com\/index.php?rest_route=\/wp\/v2\/pages\/3943\/revisions\/5854"}],"wp:attachment":[{"href":"https:\/\/dibenedettoproductions.com\/index.php?rest_route=%2Fwp%2Fv2%2Fmedia&parent=3943"}],"wp:term":[{"taxonomy":"category","embeddable":true,"href":"https:\/\/dibenedettoproductions.com\/index.php?rest_route=%2Fwp%2Fv2%2Fcategories&post=3943"},{"taxonomy":"post_tag","embeddable":true,"href":"https:\/\/dibenedettoproductions.com\/index.php?rest_route=%2Fwp%2Fv2%2Ftags&post=3943"}],"curies":[{"name":"wp","href":"https:\/\/api.w.org\/{rel}","templated":true}]}}