{"id":3934,"date":"2021-02-24T11:12:29","date_gmt":"2021-02-24T11:12:29","guid":{"rendered":"https:\/\/dibenedettoproductions.com\/?page_id=3934"},"modified":"2021-08-06T07:02:44","modified_gmt":"2021-08-06T07:02:44","slug":"para-ti","status":"publish","type":"page","link":"https:\/\/dibenedettoproductions.com\/?page_id=3934","title":{"rendered":"Para Ti"},"content":{"rendered":"\t\t<div data-elementor-type=\"wp-page\" data-elementor-id=\"3934\" class=\"elementor elementor-3934\" data-elementor-settings=\"[]\">\n\t\t\t\t\t\t<div class=\"elementor-inner\">\n\t\t\t\t\t\t\t<div class=\"elementor-section-wrap\">\n\t\t\t\t\t\t\t<section class=\"elementor-section elementor-top-section elementor-element elementor-element-0558a7f elementor-section-stretched elementor-section-boxed elementor-section-height-default elementor-section-height-default\" data-id=\"0558a7f\" data-element_type=\"section\" data-settings=\"{&quot;stretch_section&quot;:&quot;section-stretched&quot;,&quot;background_background&quot;:&quot;classic&quot;}\">\n\t\t\t\t\t\t<div class=\"elementor-container elementor-column-gap-default\">\n\t\t\t\t\t\t\t<div class=\"elementor-row\">\n\t\t\t\t\t<div class=\"elementor-column elementor-col-25 elementor-top-column elementor-element elementor-element-00f943f\" data-id=\"00f943f\" data-element_type=\"column\">\n\t\t\t<div class=\"elementor-column-wrap elementor-element-populated\">\n\t\t\t\t\t\t\t<div class=\"elementor-widget-wrap\">\n\t\t\t\t\t\t<div class=\"elementor-element elementor-element-bf41437 elementor-align-center elementor-widget elementor-widget-button\" data-id=\"bf41437\" data-element_type=\"widget\" data-widget_type=\"button.default\">\n\t\t\t\t<div class=\"elementor-widget-container\">\n\t\t\t\t\t<div class=\"elementor-button-wrapper\">\n\t\t\t<a href=\"https:\/\/open.spotify.com\/track\/6LPKaS7NyRxxvYUlU797SI?si=LRDbgPmyRMyyzVBYsdJUYA\" class=\"elementor-button-link elementor-button elementor-size-sm\" role=\"button\">\n\t\t\t\t\t\t<span class=\"elementor-button-content-wrapper\">\n\t\t\t\t\t\t<span class=\"elementor-button-text\">SPOTIFY<\/span>\n\t\t<\/span>\n\t\t\t\t\t<\/a>\n\t\t<\/div>\n\t\t\t\t<\/div>\n\t\t\t\t<\/div>\n\t\t\t\t\t\t<\/div>\n\t\t\t\t\t<\/div>\n\t\t<\/div>\n\t\t\t\t<div class=\"elementor-column elementor-col-25 elementor-top-column elementor-element elementor-element-21ac213\" data-id=\"21ac213\" data-element_type=\"column\">\n\t\t\t<div class=\"elementor-column-wrap elementor-element-populated\">\n\t\t\t\t\t\t\t<div class=\"elementor-widget-wrap\">\n\t\t\t\t\t\t<div class=\"elementor-element elementor-element-0797ff3 elementor-align-center elementor-widget elementor-widget-button\" data-id=\"0797ff3\" data-element_type=\"widget\" data-widget_type=\"button.default\">\n\t\t\t\t<div class=\"elementor-widget-container\">\n\t\t\t\t\t<div class=\"elementor-button-wrapper\">\n\t\t\t<a href=\"https:\/\/music.apple.com\/us\/album\/para-ti\/1473688250?i=1473688251%20\" class=\"elementor-button-link elementor-button elementor-size-sm\" role=\"button\">\n\t\t\t\t\t\t<span class=\"elementor-button-content-wrapper\">\n\t\t\t\t\t\t<span class=\"elementor-button-text\">APPLE MUSIC<\/span>\n\t\t<\/span>\n\t\t\t\t\t<\/a>\n\t\t<\/div>\n\t\t\t\t<\/div>\n\t\t\t\t<\/div>\n\t\t\t\t\t\t<\/div>\n\t\t\t\t\t<\/div>\n\t\t<\/div>\n\t\t\t\t<div class=\"elementor-column elementor-col-25 elementor-top-column elementor-element elementor-element-20245a0\" data-id=\"20245a0\" data-element_type=\"column\">\n\t\t\t<div class=\"elementor-column-wrap elementor-element-populated\">\n\t\t\t\t\t\t\t<div class=\"elementor-widget-wrap\">\n\t\t\t\t\t\t<div class=\"elementor-element elementor-element-9e61037 elementor-align-center elementor-widget elementor-widget-button\" data-id=\"9e61037\" data-element_type=\"widget\" data-widget_type=\"button.default\">\n\t\t\t\t<div class=\"elementor-widget-container\">\n\t\t\t\t\t<div class=\"elementor-button-wrapper\">\n\t\t\t<a href=\"https:\/\/deezer.page.link\/k4umkS264mi3yNBx6%20\" class=\"elementor-button-link elementor-button elementor-size-sm\" role=\"button\">\n\t\t\t\t\t\t<span class=\"elementor-button-content-wrapper\">\n\t\t\t\t\t\t<span class=\"elementor-button-text\">DEEZER<\/span>\n\t\t<\/span>\n\t\t\t\t\t<\/a>\n\t\t<\/div>\n\t\t\t\t<\/div>\n\t\t\t\t<\/div>\n\t\t\t\t\t\t<\/div>\n\t\t\t\t\t<\/div>\n\t\t<\/div>\n\t\t\t\t<div class=\"elementor-column elementor-col-25 elementor-top-column elementor-element elementor-element-a5369a3\" data-id=\"a5369a3\" data-element_type=\"column\">\n\t\t\t<div class=\"elementor-column-wrap elementor-element-populated\">\n\t\t\t\t\t\t\t<div class=\"elementor-widget-wrap\">\n\t\t\t\t\t\t<div class=\"elementor-element elementor-element-ea000fa elementor-align-center elementor-widget elementor-widget-button\" data-id=\"ea000fa\" data-element_type=\"widget\" data-widget_type=\"button.default\">\n\t\t\t\t<div class=\"elementor-widget-container\">\n\t\t\t\t\t<div class=\"elementor-button-wrapper\">\n\t\t\t<a href=\"https:\/\/music.amazon.com\/albums\/B07VH36466?trackAsin=B07VJ36PXT&#038;ref=dm_sh_1ff1-338b-dmcp-f297-bccfb&#038;musicTerritory=US&#038;marketplaceId=ATVPDKIKX0DER%20\" class=\"elementor-button-link elementor-button elementor-size-sm\" role=\"button\">\n\t\t\t\t\t\t<span class=\"elementor-button-content-wrapper\">\n\t\t\t\t\t\t<span class=\"elementor-button-text\">AMAZON MUSIC<\/span>\n\t\t<\/span>\n\t\t\t\t\t<\/a>\n\t\t<\/div>\n\t\t\t\t<\/div>\n\t\t\t\t<\/div>\n\t\t\t\t\t\t<\/div>\n\t\t\t\t\t<\/div>\n\t\t<\/div>\n\t\t\t\t\t\t\t\t<\/div>\n\t\t\t\t\t<\/div>\n\t\t<\/section>\n\t\t\t\t<section class=\"elementor-section elementor-top-section elementor-element elementor-element-c501274 elementor-section-stretched elementor-section-boxed elementor-section-height-default elementor-section-height-default\" data-id=\"c501274\" data-element_type=\"section\" data-settings=\"{&quot;stretch_section&quot;:&quot;section-stretched&quot;,&quot;background_background&quot;:&quot;classic&quot;}\">\n\t\t\t\t\t\t<div class=\"elementor-container elementor-column-gap-default\">\n\t\t\t\t\t\t\t<div class=\"elementor-row\">\n\t\t\t\t\t<div class=\"elementor-column elementor-col-100 elementor-top-column elementor-element elementor-element-cfc8150\" data-id=\"cfc8150\" data-element_type=\"column\">\n\t\t\t<div class=\"elementor-column-wrap elementor-element-populated\">\n\t\t\t\t\t\t\t<div class=\"elementor-widget-wrap\">\n\t\t\t\t\t\t<div class=\"elementor-element elementor-element-d0dfffb elementor-widget elementor-widget-text-editor\" data-id=\"d0dfffb\" data-element_type=\"widget\" data-widget_type=\"text-editor.default\">\n\t\t\t\t<div class=\"elementor-widget-container\">\n\t\t\t\t\t\t\t\t<div class=\"elementor-text-editor elementor-clearfix\">\n\t\t\t\t<div><p style=\"text-align: center;\"><span style=\"color: #ffffff;\">Esta canci\u00f3n es un poco dif\u00edcil de hacer pero es necesaria<\/span><\/p><p style=\"text-align: center;\"><span style=\"color: #ffffff;\">Bien dif\u00edcil pero bueno esto dice as\u00ed<\/span><\/p><p style=\"text-align: center;\"><span style=\"color: #ffffff;\">Es dif\u00edcil hacer esta canci\u00f3n pero en cada rengl\u00f3n<\/span><\/p><p style=\"text-align: center;\"><span style=\"color: #ffffff;\">Dejo que mi mente vuele y hable el coraz\u00f3n<\/span><\/p><p style=\"text-align: center;\"><span style=\"color: #ffffff;\">Mi \u00fanica raz\u00f3n en esta redacci\u00f3n es que veas que te quiero y es de coraz\u00f3n<\/span><\/p><p style=\"text-align: center;\"><span style=\"color: #ffffff;\">M\u00e1s que un hermano eres la luz que hoy me impulsa<\/span><\/p><p style=\"text-align: center;\"><span style=\"color: #ffffff;\">M\u00e1s que un hermano eres la mano que se extiende<\/span><\/p><p style=\"text-align: center;\"><span style=\"color: #ffffff;\">M\u00e1s que un amigo eres todo lo que tengo<\/span><\/p><p style=\"text-align: center;\"><span style=\"color: #ffffff;\">La persona que aunque yo falle me comprende<\/span><\/p><p style=\"text-align: center;\"><span style=\"color: #ffffff;\">Contigo aprend\u00ed 1000 maneras de pensar<\/span><\/p><p style=\"text-align: center;\"><span style=\"color: #ffffff;\">Contigo aprend\u00ed que si se puede so\u00f1ar<\/span><\/p><p style=\"text-align: center;\"><span style=\"color: #ffffff;\">Contigo aprend\u00ed que si podemos llegar<\/span><\/p><p style=\"text-align: center;\"><span style=\"color: #ffffff;\">Y en esta fecha yo te quiero felicitar<\/span><\/p><p style=\"text-align: center;\"><span style=\"color: #ffffff;\">Ojal\u00e1 que se den todos tus deseos<\/span><\/p><p style=\"text-align: center;\"><span style=\"color: #ffffff;\">Ojal\u00e1 se vayan los problemas y se despeje el cielo<\/span><\/p><p style=\"text-align: center;\"><span style=\"color: #ffffff;\">No veo la hora que aterrices para decirte cuanto yo te quiero<\/span><\/p><p style=\"text-align: center;\"><span style=\"color: #ffffff;\">Y darte ese abrazo sincero<\/span><\/p><p style=\"text-align: center;\"><span style=\"color: #ffffff;\">Que te mereces t\u00fa por haber cumplido todas mis fantas\u00edas<\/span><\/p><p style=\"text-align: center;\"><span style=\"color: #ffffff;\">Esa que yo de Ni\u00f1o ten\u00eda<\/span><\/p><p style=\"text-align: center;\"><span style=\"color: #ffffff;\">Hoy gracias a ti canto y hago lo que yo quer\u00eda<\/span><\/p><p style=\"text-align: center;\"><span style=\"color: #ffffff;\">Se diferenciar lo malo lo bueno y la hipocres\u00eda<\/span><\/p><p style=\"text-align: center;\"><span style=\"color: #ffffff;\">Desde caer en la redundancia<\/span><\/p><p style=\"text-align: center;\"><span style=\"color: #ffffff;\">Yo no soy rapero pero quise dedicarte estas barras<\/span><\/p><p style=\"text-align: center;\"><span style=\"color: #ffffff;\">Que sin querer nuestra amistad la distancia amarra<\/span><\/p><p style=\"text-align: center;\"><span style=\"color: #ffffff;\">Pero nunca se cierra una puerta sin que otra se abra<\/span><\/p><p style=\"text-align: center;\"><span style=\"color: #ffffff;\">Y yo s\u00e9 que todo lo que nos propusimos en la vida en lo profesional va a suceder<\/span><\/p><p style=\"text-align: center;\"><span style=\"color: #ffffff;\">Y yo s\u00e9 que vamos a hacernos millonarios con m\u00fasica de barrio esta es la compa\u00f1\u00eda m\u00e1s cabrona que es la que es<\/span><\/p><p style=\"text-align: center;\"><span style=\"color: #ffffff;\">Contigo aprend\u00ed que si se puede so\u00f1ar y en esta fecha yo te quiero felicitar<\/span><\/p><\/div>\t\t\t\t\t<\/div>\n\t\t\t\t\t\t<\/div>\n\t\t\t\t<\/div>\n\t\t\t\t\t\t<\/div>\n\t\t\t\t\t<\/div>\n\t\t<\/div>\n\t\t\t\t\t\t\t\t<\/div>\n\t\t\t\t\t<\/div>\n\t\t<\/section>\n\t\t\t\t\t\t<\/div>\n\t\t\t\t\t\t<\/div>\n\t\t\t\t\t<\/div>\n\t\t","protected":false},"excerpt":{"rendered":"<p>SPOTIFY APPLE MUSIC DEEZER AMAZON MUSIC Esta canci\u00f3n es un poco dif\u00edcil de hacer pero es necesaria Bien dif\u00edcil pero bueno esto dice as\u00ed Es dif\u00edcil hacer esta canci\u00f3n pero en cada rengl\u00f3n Dejo que mi mente vuele y hable el coraz\u00f3n Mi \u00fanica raz\u00f3n en esta redacci\u00f3n es que veas que te quiero y.<\/p>\n","protected":false},"author":1,"featured_media":0,"parent":0,"menu_order":0,"comment_status":"closed","ping_status":"closed","template":"","meta":{"footnotes":""},"categories":[42],"tags":[],"class_list":["post-3934","page","type-page","status-publish","hentry","category-testi"],"yoast_head":"<!-- This site is optimized with the Yoast SEO plugin v19.6.1 - https:\/\/yoast.com\/wordpress\/plugins\/seo\/ -->\n<title>Para Ti - Di Benedetto Productions<\/title>\n<meta name=\"robots\" content=\"index, follow, max-snippet:-1, max-image-preview:large, max-video-preview:-1\" \/>\n<link rel=\"canonical\" href=\"https:\/\/dibenedettoproductions.com\/?page_id=3934\" \/>\n<meta property=\"og:locale\" content=\"it_IT\" \/>\n<meta property=\"og:type\" content=\"article\" \/>\n<meta property=\"og:title\" content=\"Para Ti - Di Benedetto Productions\" \/>\n<meta property=\"og:description\" content=\"SPOTIFY APPLE MUSIC DEEZER AMAZON MUSIC Esta canci\u00f3n es un poco dif\u00edcil de hacer pero es necesaria Bien dif\u00edcil pero bueno esto dice as\u00ed Es dif\u00edcil hacer esta canci\u00f3n pero en cada rengl\u00f3n Dejo que mi mente vuele y hable el coraz\u00f3n Mi \u00fanica raz\u00f3n en esta redacci\u00f3n es que veas que te quiero y.\" \/>\n<meta property=\"og:url\" content=\"https:\/\/dibenedettoproductions.com\/?page_id=3934\" \/>\n<meta property=\"og:site_name\" content=\"Di Benedetto Productions\" \/>\n<meta property=\"article:modified_time\" content=\"2021-08-06T07:02:44+00:00\" \/>\n<meta name=\"twitter:card\" content=\"summary_large_image\" \/>\n<meta name=\"twitter:label1\" content=\"Tempo di lettura stimato\" \/>\n\t<meta name=\"twitter:data1\" content=\"1 minuto\" \/>\n<script type=\"application\/ld+json\" class=\"yoast-schema-graph\">{\"@context\":\"https:\/\/schema.org\",\"@graph\":[{\"@type\":\"WebPage\",\"@id\":\"https:\/\/dibenedettoproductions.com\/?page_id=3934\",\"url\":\"https:\/\/dibenedettoproductions.com\/?page_id=3934\",\"name\":\"Para Ti - Di Benedetto Productions\",\"isPartOf\":{\"@id\":\"https:\/\/dibenedettoproductions.com\/#website\"},\"datePublished\":\"2021-02-24T11:12:29+00:00\",\"dateModified\":\"2021-08-06T07:02:44+00:00\",\"breadcrumb\":{\"@id\":\"https:\/\/dibenedettoproductions.com\/?page_id=3934#breadcrumb\"},\"inLanguage\":\"it-IT\",\"potentialAction\":[{\"@type\":\"ReadAction\",\"target\":[\"https:\/\/dibenedettoproductions.com\/?page_id=3934\"]}]},{\"@type\":\"BreadcrumbList\",\"@id\":\"https:\/\/dibenedettoproductions.com\/?page_id=3934#breadcrumb\",\"itemListElement\":[{\"@type\":\"ListItem\",\"position\":1,\"name\":\"Home\",\"item\":\"https:\/\/dibenedettoproductions.com\/\"},{\"@type\":\"ListItem\",\"position\":2,\"name\":\"Para Ti\"}]},{\"@type\":\"WebSite\",\"@id\":\"https:\/\/dibenedettoproductions.com\/#website\",\"url\":\"https:\/\/dibenedettoproductions.com\/\",\"name\":\"Di Benedetto Productions\",\"description\":\"\",\"publisher\":{\"@id\":\"https:\/\/dibenedettoproductions.com\/#organization\"},\"potentialAction\":[{\"@type\":\"SearchAction\",\"target\":{\"@type\":\"EntryPoint\",\"urlTemplate\":\"https:\/\/dibenedettoproductions.com\/?s={search_term_string}\"},\"query-input\":\"required name=search_term_string\"}],\"inLanguage\":\"it-IT\"},{\"@type\":\"Organization\",\"@id\":\"https:\/\/dibenedettoproductions.com\/#organization\",\"name\":\"DI BENEDETTO PRODUCTIONS\",\"url\":\"https:\/\/dibenedettoproductions.com\/\",\"sameAs\":[],\"logo\":{\"@type\":\"ImageObject\",\"inLanguage\":\"it-IT\",\"@id\":\"https:\/\/dibenedettoproductions.com\/#\/schema\/logo\/image\/\",\"url\":\"https:\/\/dibenedettoproductions.com\/wp-content\/uploads\/2021\/09\/logo_di_benedetto_productions.jpg\",\"contentUrl\":\"https:\/\/dibenedettoproductions.com\/wp-content\/uploads\/2021\/09\/logo_di_benedetto_productions.jpg\",\"width\":225,\"height\":225,\"caption\":\"DI BENEDETTO PRODUCTIONS\"},\"image\":{\"@id\":\"https:\/\/dibenedettoproductions.com\/#\/schema\/logo\/image\/\"}}]}<\/script>\n<!-- \/ Yoast SEO plugin. -->","yoast_head_json":{"title":"Para Ti - Di Benedetto Productions","robots":{"index":"index","follow":"follow","max-snippet":"max-snippet:-1","max-image-preview":"max-image-preview:large","max-video-preview":"max-video-preview:-1"},"canonical":"https:\/\/dibenedettoproductions.com\/?page_id=3934","og_locale":"it_IT","og_type":"article","og_title":"Para Ti - Di Benedetto Productions","og_description":"SPOTIFY APPLE MUSIC DEEZER AMAZON MUSIC Esta canci\u00f3n es un poco dif\u00edcil de hacer pero es necesaria Bien dif\u00edcil pero bueno esto dice as\u00ed Es dif\u00edcil hacer esta canci\u00f3n pero en cada rengl\u00f3n Dejo que mi mente vuele y hable el coraz\u00f3n Mi \u00fanica raz\u00f3n en esta redacci\u00f3n es que veas que te quiero y.","og_url":"https:\/\/dibenedettoproductions.com\/?page_id=3934","og_site_name":"Di Benedetto Productions","article_modified_time":"2021-08-06T07:02:44+00:00","twitter_card":"summary_large_image","twitter_misc":{"Tempo di lettura stimato":"1 minuto"},"schema":{"@context":"https:\/\/schema.org","@graph":[{"@type":"WebPage","@id":"https:\/\/dibenedettoproductions.com\/?page_id=3934","url":"https:\/\/dibenedettoproductions.com\/?page_id=3934","name":"Para Ti - Di Benedetto Productions","isPartOf":{"@id":"https:\/\/dibenedettoproductions.com\/#website"},"datePublished":"2021-02-24T11:12:29+00:00","dateModified":"2021-08-06T07:02:44+00:00","breadcrumb":{"@id":"https:\/\/dibenedettoproductions.com\/?page_id=3934#breadcrumb"},"inLanguage":"it-IT","potentialAction":[{"@type":"ReadAction","target":["https:\/\/dibenedettoproductions.com\/?page_id=3934"]}]},{"@type":"BreadcrumbList","@id":"https:\/\/dibenedettoproductions.com\/?page_id=3934#breadcrumb","itemListElement":[{"@type":"ListItem","position":1,"name":"Home","item":"https:\/\/dibenedettoproductions.com\/"},{"@type":"ListItem","position":2,"name":"Para Ti"}]},{"@type":"WebSite","@id":"https:\/\/dibenedettoproductions.com\/#website","url":"https:\/\/dibenedettoproductions.com\/","name":"Di Benedetto Productions","description":"","publisher":{"@id":"https:\/\/dibenedettoproductions.com\/#organization"},"potentialAction":[{"@type":"SearchAction","target":{"@type":"EntryPoint","urlTemplate":"https:\/\/dibenedettoproductions.com\/?s={search_term_string}"},"query-input":"required name=search_term_string"}],"inLanguage":"it-IT"},{"@type":"Organization","@id":"https:\/\/dibenedettoproductions.com\/#organization","name":"DI BENEDETTO PRODUCTIONS","url":"https:\/\/dibenedettoproductions.com\/","sameAs":[],"logo":{"@type":"ImageObject","inLanguage":"it-IT","@id":"https:\/\/dibenedettoproductions.com\/#\/schema\/logo\/image\/","url":"https:\/\/dibenedettoproductions.com\/wp-content\/uploads\/2021\/09\/logo_di_benedetto_productions.jpg","contentUrl":"https:\/\/dibenedettoproductions.com\/wp-content\/uploads\/2021\/09\/logo_di_benedetto_productions.jpg","width":225,"height":225,"caption":"DI BENEDETTO PRODUCTIONS"},"image":{"@id":"https:\/\/dibenedettoproductions.com\/#\/schema\/logo\/image\/"}}]}},"_links":{"self":[{"href":"https:\/\/dibenedettoproductions.com\/index.php?rest_route=\/wp\/v2\/pages\/3934","targetHints":{"allow":["GET"]}}],"collection":[{"href":"https:\/\/dibenedettoproductions.com\/index.php?rest_route=\/wp\/v2\/pages"}],"about":[{"href":"https:\/\/dibenedettoproductions.com\/index.php?rest_route=\/wp\/v2\/types\/page"}],"author":[{"embeddable":true,"href":"https:\/\/dibenedettoproductions.com\/index.php?rest_route=\/wp\/v2\/users\/1"}],"replies":[{"embeddable":true,"href":"https:\/\/dibenedettoproductions.com\/index.php?rest_route=%2Fwp%2Fv2%2Fcomments&post=3934"}],"version-history":[{"count":7,"href":"https:\/\/dibenedettoproductions.com\/index.php?rest_route=\/wp\/v2\/pages\/3934\/revisions"}],"predecessor-version":[{"id":5848,"href":"https:\/\/dibenedettoproductions.com\/index.php?rest_route=\/wp\/v2\/pages\/3934\/revisions\/5848"}],"wp:attachment":[{"href":"https:\/\/dibenedettoproductions.com\/index.php?rest_route=%2Fwp%2Fv2%2Fmedia&parent=3934"}],"wp:term":[{"taxonomy":"category","embeddable":true,"href":"https:\/\/dibenedettoproductions.com\/index.php?rest_route=%2Fwp%2Fv2%2Fcategories&post=3934"},{"taxonomy":"post_tag","embeddable":true,"href":"https:\/\/dibenedettoproductions.com\/index.php?rest_route=%2Fwp%2Fv2%2Ftags&post=3934"}],"curies":[{"name":"wp","href":"https:\/\/api.w.org\/{rel}","templated":true}]}}